{"id":48685,"date":"2020-08-26T13:05:50","date_gmt":"2020-08-26T11:05:50","guid":{"rendered":""},"modified":"2025-06-03T12:51:58","modified_gmt":"2025-06-03T10:51:58","slug":"oilmac","status":"publish","type":"page","link":"https:\/\/obera.fr\/bg\/produits\/filtres-brouillard-huile\/oilmac\/","title":{"rendered":"\u0424\u0438\u043b\u0442\u044a\u0440 \u0437\u0430 \u043c\u0430\u0441\u043b\u0435\u043d\u0430 \u043c\u044a\u0433\u043b\u0430 OILMAC"},"content":{"rendered":"\n<div class=\"wp-block-columns is-layout-flex wp-container-core-columns-is-layout-28f84493 wp-block-columns-is-layout-flex\">\n<div class=\"wp-block-column is-layout-flow wp-block-column-is-layout-flow\" style=\"flex-basis:33.33%\">\n<figure class=\"wp-block-image aligncenter size-large\"><img decoding=\"async\" width=\"1024\" height=\"768\" src=\"https:\/\/obera.fr\/wp-content\/uploads\/2020\/11\/OILMAC-series-1024x768.jpg\" alt=\"\u0421\u0435\u0440\u0438\u044f Oilmac\" class=\"wp-image-2031\" srcset=\"https:\/\/obera.fr\/wp-content\/uploads\/2020\/11\/OILMAC-series-1024x768.jpg 1024w, https:\/\/obera.fr\/wp-content\/uploads\/2020\/11\/OILMAC-series-300x225.jpg 300w, https:\/\/obera.fr\/wp-content\/uploads\/2020\/11\/OILMAC-series-768x576.jpg 768w, https:\/\/obera.fr\/wp-content\/uploads\/2020\/11\/OILMAC-series.jpg 1280w\" sizes=\"(max-width: 1024px) 100vw, 1024px\" \/><figcaption class=\"wp-element-caption\">\u0421\u0435\u0440\u0438\u044f OILMAC<\/figcaption><\/figure>\n<\/div>\n\n\n\n<div class=\"wp-block-column is-layout-flow wp-block-column-is-layout-flow\" style=\"flex-basis:66.66%\">\n<p>\u041e\u0431\u0438\u043a\u043d\u043e\u0432\u0435\u043d\u043e <strong>OILMAC<\/strong> \u0441\u0435 \u043c\u043e\u043d\u0442\u0438\u0440\u0430 \u0434\u0438\u0440\u0435\u043a\u0442\u043d\u043e \u043d\u0430 \u043f\u0440\u043e\u0438\u0437\u0432\u043e\u0434\u0441\u0442\u0432\u0435\u043d\u0430\u0442\u0430 \u043c\u0430\u0448\u0438\u043d\u0430 \u0438 \u0441\u0435 \u0441\u0432\u044a\u0440\u0437\u0432\u0430 \u0447\u0440\u0435\u0437 \u0433\u044a\u0432\u043a\u0430\u0432\u0430 \u043e\u0431\u0432\u0438\u0432\u043a\u0430.<\/p>\n\n\n\n<p>\u0422\u043e\u0432\u0430 \u0443\u0441\u0442\u0440\u043e\u0439\u0441\u0442\u0432\u043e \u0438\u043c\u0430 <strong>4 \u0441\u0442\u0435\u043f\u0435\u043d\u0438 \u043d\u0430 \u0444\u0438\u043b\u0442\u0440\u0438\u0440\u0430\u043d\u0435<\/strong> \u0437\u0430 \u043f\u0440\u0435\u0447\u0438\u0441\u0442\u0432\u0430\u043d\u0435 \u043d\u0430 \u0432\u044a\u0437\u0434\u0443\u0445\u0430, \u043d\u0430\u0442\u043e\u0432\u0430\u0440\u0435\u043d \u0441 \u043c\u0430\u0441\u043b\u0435\u043d\u0430 \u043c\u044a\u0433\u043b\u0430 \u0438 \u0438\u0437\u043f\u0430\u0440\u0435\u043d\u0438\u044f, \u043e\u0431\u0440\u0430\u0437\u0443\u0432\u0430\u043d\u0438 \u043f\u043e \u0432\u0440\u0435\u043c\u0435 \u043d\u0430 \u043e\u0431\u0440\u0430\u0431\u043e\u0442\u043a\u0430\u0442\u0430. \u0424\u0438\u043b\u0442\u0440\u0438\u0440\u0430\u043d\u0438\u0442\u0435 \u0447\u0430\u0441\u0442\u0438\u0446\u0438 \u043c\u043e\u0433\u0430\u0442 \u0434\u0430 \u0441\u0435 \u0432\u043a\u0430\u0440\u0432\u0430\u0442 \u043e\u0442\u043d\u043e\u0432\u043e \u0434\u0438\u0440\u0435\u043a\u0442\u043d\u043e \u0432 \u043f\u0440\u043e\u0438\u0437\u0432\u043e\u0434\u0441\u0442\u0432\u0435\u043d\u0430\u0442\u0430 \u043c\u0430\u0448\u0438\u043d\u0430. <\/p>\n\n\n\n<p>\u0411\u043b\u0430\u0433\u043e\u0434\u0430\u0440\u0435\u043d\u0438\u0435 \u043d\u0430 \u0443\u043b\u0442\u0440\u0430\u0435\u0444\u0435\u043a\u0442\u0438\u0432\u043d\u0430\u0442\u0430 \u0444\u0438\u043b\u0442\u0440\u0430\u0446\u0438\u044f \u043e\u0442 \u043d\u0430\u0434 99,95% \u0441 \u0442\u0435\u0440\u043c\u0438\u043d\u0430\u043b\u0435\u043d \u0444\u0438\u043b\u0442\u044a\u0440 HEPA 13 \u043e\u0431\u0440\u0430\u0431\u043e\u0442\u0435\u043d\u0438\u044f\u0442 \u0432\u044a\u0437\u0434\u0443\u0445 \u043c\u043e\u0436\u0435 \u0434\u0430 \u0431\u044a\u0434\u0435 \u0434\u0438\u0440\u0435\u043a\u0442\u043d\u043e \u0432\u044a\u0432\u0435\u0434\u0435\u043d \u043e\u0442\u043d\u043e\u0432\u043e \u0432 \u0440\u0430\u0431\u043e\u0442\u043d\u043e\u0442\u043e \u043f\u0440\u043e\u0441\u0442\u0440\u0430\u043d\u0441\u0442\u0432\u043e.<\/p>\n\n\n\n<hr class=\"wp-block-separator has-text-color has-black-color has-css-opacity has-black-background-color has-background is-style-dots\"\/>\n\n\n\n<div class=\"wp-block-columns is-layout-flex wp-container-core-columns-is-layout-28f84493 wp-block-columns-is-layout-flex\">\n<div class=\"wp-block-column is-layout-flow wp-block-column-is-layout-flow\" style=\"flex-basis:33.33%\">\n<div class=\"wp-block-buttons is-layout-flex wp-block-buttons-is-layout-flex\">\n<div class=\"wp-block-button\"><a class=\"wp-block-button__link wp-element-button\" href=\"https:\/\/obera.fr\/wp-content\/uploads\/2025\/06\/brochure-oilmac-en.pdf\">\u0418\u0417\u0422\u0415\u0413\u041b\u042f\u041d\u0415 \u041d\u0410 \u0411\u0420\u041e\u0428\u0423\u0420\u0410\u0422\u0410<\/a><\/div>\n<\/div>\n<\/div>\n\n\n\n<div class=\"wp-block-column is-layout-flow wp-block-column-is-layout-flow\" style=\"flex-basis:33.34%\">\n<div class=\"wp-block-buttons is-horizontal is-content-justification-center is-layout-flex wp-container-core-buttons-is-layout-03627597 wp-block-buttons-is-layout-flex\">\n<div class=\"wp-block-button has-custom-width wp-block-button__width-100\"><a class=\"wp-block-button__link wp-element-button\" href=\"https:\/\/obera.fr\/bg\/%D1%81%D0%B2%D1%8A%D1%80%D0%B6%D0%B5%D1%82%D0%B5-%D1%81%D0%B5-%D1%81-%D0%BD%D0%B0%D1%81\/\">\u041d\u0430\u0443\u0447\u0435\u0442\u0435 \u043f\u043e\u0432\u0435\u0447\u0435<\/a><\/div>\n<\/div>\n<\/div>\n\n\n\n<div class=\"wp-block-column is-layout-flow wp-block-column-is-layout-flow\" style=\"flex-basis:33.34%\">\n<div class=\"wp-block-buttons is-content-justification-center is-layout-flex wp-container-core-buttons-is-layout-a89b3969 wp-block-buttons-is-layout-flex\">\n<div class=\"wp-block-button btn-devis-source\"><a class=\"wp-block-button__link wp-element-button\" href=\"https:\/\/obera.fr\/bg\/devis\/\">\u0417\u0430\u044f\u0432\u043a\u0430 \u0437\u0430 \u043e\u0444\u0435\u0440\u0442\u0430<\/a><\/div>\n<\/div>\n\n\n<script>\r\ndocument.addEventListener('DOMContentLoaded', function() {\r\n    \/\/ 1. On cherche le titre H1 de la page\r\n    var h1 = document.querySelector('h1');\r\n    var productTitle = h1 ? h1.innerText.trim() : \"\";\r\n\r\n    \/\/ 2. On cherche les boutons via la classe CSS .btn-devis-source\r\n    var buttons = document.querySelectorAll('.btn-devis-source a');\r\n\r\n    \/\/ 3. Si on a le titre et les boutons, on ajoute le param\u00e8tre\r\n    if (buttons.length > 0 && productTitle !== \"\") {\r\n        var encodedTitle = encodeURIComponent(productTitle);\r\n\r\n        buttons.forEach(function(btn) {\r\n            var currentHref = btn.getAttribute('href');\r\n            \r\n            \/\/ S\u00e9curit\u00e9 pour ne pas ajouter le param\u00e8tre 2 fois\r\n            if (currentHref.indexOf('sujet=') === -1) {\r\n                var separator = currentHref.indexOf('?') !== -1 ? '&' : '?';\r\n                var newLink = currentHref + separator + 'sujet=' + encodedTitle;\r\n                \r\n                btn.setAttribute('href', newLink);\r\n            }\r\n        });\r\n    }\r\n});\r\n<\/script><\/div>\n<\/div>\n\n\n\n<p><\/p>\n<\/div>\n<\/div>\n\n\n\n<figure class=\"wp-block-gallery has-nested-images columns-default is-cropped wp-block-gallery-1 is-layout-flex wp-block-gallery-is-layout-flex\">\n<figure class=\"wp-block-image size-large\"><img decoding=\"async\" width=\"1024\" height=\"768\" data-id=\"2030\" src=\"https:\/\/obera.fr\/wp-content\/uploads\/2020\/11\/OILMAC-ouvert-4-1024x768.jpg\" alt=\"Oilmac Open 4\" class=\"wp-image-2030\" srcset=\"https:\/\/obera.fr\/wp-content\/uploads\/2020\/11\/OILMAC-ouvert-4-1024x768.jpg 1024w, https:\/\/obera.fr\/wp-content\/uploads\/2020\/11\/OILMAC-ouvert-4-300x225.jpg 300w, https:\/\/obera.fr\/wp-content\/uploads\/2020\/11\/OILMAC-ouvert-4-768x576.jpg 768w, https:\/\/obera.fr\/wp-content\/uploads\/2020\/11\/OILMAC-ouvert-4.jpg 1280w\" sizes=\"(max-width: 1024px) 100vw, 1024px\" \/><figcaption class=\"wp-element-caption\">OILMAC open<\/figcaption><\/figure>\n\n\n\n<figure class=\"wp-block-image size-large\"><img decoding=\"async\" width=\"1024\" height=\"768\" data-id=\"2029\" src=\"https:\/\/obera.fr\/wp-content\/uploads\/2020\/11\/OILMAC-ouvert-3-1024x768.jpg\" alt=\"Oilmac Open 3\" class=\"wp-image-2029\" srcset=\"https:\/\/obera.fr\/wp-content\/uploads\/2020\/11\/OILMAC-ouvert-3-1024x768.jpg 1024w, https:\/\/obera.fr\/wp-content\/uploads\/2020\/11\/OILMAC-ouvert-3-300x225.jpg 300w, https:\/\/obera.fr\/wp-content\/uploads\/2020\/11\/OILMAC-ouvert-3-768x576.jpg 768w, https:\/\/obera.fr\/wp-content\/uploads\/2020\/11\/OILMAC-ouvert-3.jpg 1280w\" sizes=\"(max-width: 1024px) 100vw, 1024px\" \/><figcaption class=\"wp-element-caption\">OILMAC open<\/figcaption><\/figure>\n\n\n\n<figure class=\"wp-block-image size-large\"><img decoding=\"async\" width=\"1024\" height=\"768\" data-id=\"2028\" src=\"https:\/\/obera.fr\/wp-content\/uploads\/2020\/11\/OILMAC-ouvert-2-1024x768.jpg\" alt=\"Oilmac Ouvert 2\" class=\"wp-image-2028\" srcset=\"https:\/\/obera.fr\/wp-content\/uploads\/2020\/11\/OILMAC-ouvert-2-1024x768.jpg 1024w, https:\/\/obera.fr\/wp-content\/uploads\/2020\/11\/OILMAC-ouvert-2-300x225.jpg 300w, https:\/\/obera.fr\/wp-content\/uploads\/2020\/11\/OILMAC-ouvert-2-768x576.jpg 768w, https:\/\/obera.fr\/wp-content\/uploads\/2020\/11\/OILMAC-ouvert-2.jpg 1280w\" sizes=\"(max-width: 1024px) 100vw, 1024px\" \/><figcaption class=\"wp-element-caption\">OILMAC open<\/figcaption><\/figure>\n<\/figure>\n\n\n\n<h2 class=\"wp-block-heading\">\u041f\u0440\u0435\u0434\u0438\u043c\u0441\u0442\u0432\u0430 \u043d\u0430 \u0444\u0438\u043b\u0442\u044a\u0440\u0430 \u0437\u0430 \u043c\u0430\u0441\u043b\u0435\u043d\u0438 \u043c\u044a\u0433\u043b\u0438, \u0435\u043c\u0443\u043b\u0441\u0438\u0438, \u0438\u0437\u043f\u0430\u0440\u0435\u043d\u0438\u044f \u0438 \u0430\u0435\u0440\u043e\u0437\u043e\u043b\u0438<\/h2>\n\n\n\n<div class=\"wp-block-columns is-layout-flex wp-container-core-columns-is-layout-28f84493 wp-block-columns-is-layout-flex\">\n<div class=\"wp-block-column is-layout-flow wp-block-column-is-layout-flow\">\n<h3 class=\"wp-block-heading has-text-align-center\"><strong>\u041f\u043e\u043b\u0437\u0438<\/strong><\/h3>\n\n\n\n<ul class=\"wp-block-list\">\n<li>\u041b\u0435\u0441\u043d\u043e \u0441\u0432\u044a\u0440\u0437\u0432\u0430\u043d\u0435 \u043a\u044a\u043c \u043f\u0440\u043e\u0438\u0437\u0432\u043e\u0434\u0441\u0442\u0432\u0435\u043d\u0430\u0442\u0430 \u043c\u0430\u0448\u0438\u043d\u0430<\/li>\n\n\n\n<li>\u041f\u0440\u0435\u0434\u043b\u0430\u0433\u0430\u0442 \u0441\u0435 4 \u043d\u0438\u0432\u0430 \u043d\u0430 \u043c\u043e\u0449\u043d\u043e\u0441\u0442 \u043e\u0442 420 \u0434\u043e 3300 m3\/h<\/li>\n\n\n\n<li>\u041a\u043e\u043c\u043f\u0430\u043a\u0442\u043d\u0430 \u0441\u0438\u0441\u0442\u0435\u043c\u0430<\/li>\n\n\n\n<li>4 \u0441\u0442\u0435\u043f\u0435\u043d\u0438 \u043d\u0430 \u0444\u0438\u043b\u0442\u0440\u0438\u0440\u0430\u043d\u0435 \u0437\u0430 \u0435\u0444\u0435\u043a\u0442\u0438\u0432\u043d\u043e \u043f\u0440\u0435\u0447\u0438\u0441\u0442\u0432\u0430\u043d\u0435 \u043d\u0430 \u0432\u044a\u0437\u0434\u0443\u0445\u0430<\/li>\n\n\n\n<li>\u041f\u043e\u0434\u043c\u044f\u043d\u0430 \u0438 \u043f\u043e\u0434\u0434\u0440\u044a\u0436\u043a\u0430 \u043d\u0430 \u0444\u0438\u043b\u0442\u044a\u0440\u0430 \u0431\u0435\u0437 \u0438\u043d\u0441\u0442\u0440\u0443\u043c\u0435\u043d\u0442\u0438<\/li>\n<\/ul>\n<\/div>\n\n\n\n<div class=\"wp-block-column is-layout-flow wp-block-column-is-layout-flow\">\n<h3 class=\"wp-block-heading has-text-align-center\"><strong>\u0421\u043f\u0435\u0446\u0438\u0430\u043b\u043d\u0438 \u0444\u0443\u043d\u043a\u0446\u0438\u0438<\/strong><\/h3>\n\n\n\n<ul class=\"wp-block-list\">\n<li>\u041f\u0430\u0442\u0435\u043d\u0442\u043e\u0432\u0430\u043d\u0430 \u0441\u0438\u0441\u0442\u0435\u043c\u0430 \u0437\u0430 \u0441\u043c\u044f\u043d\u0430 \u043d\u0430 \u0444\u0438\u043b\u0442\u044a\u0440\u0430 \u0431\u0435\u0437 \u0438\u043d\u0441\u0442\u0440\u0443\u043c\u0435\u043d\u0442\u0438<\/li>\n\n\n\n<li>\u0420\u044a\u0447\u043d\u043e \u043f\u043e\u0447\u0438\u0441\u0442\u0432\u0430\u043d\u0435 \u043d\u0430 \u0443\u0440\u0435\u0434\u0430<\/li>\n\n\n\n<li>\u041c\u0435\u0445\u0430\u043d\u0438\u0447\u043d\u0430 \u0444\u0438\u043b\u0442\u0440\u0430\u0446\u0438\u044f<\/li>\n\n\n\n<li>\u041c\u043e\u0436\u0435 \u0434\u0430 \u0441\u0435 \u0438\u0437\u043f\u043e\u043b\u0437\u0432\u0430 \u0438 \u043a\u0430\u0442\u043e \u0441\u0442\u0430\u0446\u0438\u043e\u043d\u0430\u0440\u043d\u043e \u0444\u0438\u043b\u0442\u0440\u0438\u0440\u0430\u0449\u043e \u0443\u0441\u0442\u0440\u043e\u0439\u0441\u0442\u0432\u043e<\/li>\n<\/ul>\n<\/div>\n\n\n\n<div class=\"wp-block-column is-layout-flow wp-block-column-is-layout-flow\">\n<h3 class=\"wp-block-heading has-text-align-center\"><strong>\u0425\u0430\u0440\u0430\u043a\u0442\u0435\u0440\u0438\u0441\u0442\u0438\u043a\u0438<\/strong><\/h3>\n\n\n\n<ul class=\"wp-block-list\">\n<li>\u0418\u0437\u0432\u043b\u0438\u0447\u0430\u043d\u0435 \u043d\u0430 \u043c\u0430\u0441\u043b\u0435\u043d\u0438 \u043c\u044a\u0433\u043b\u0438 \u0438 \u0435\u043c\u0443\u043b\u0441\u0438\u0438, \u0438\u0437\u043f\u0430\u0440\u0435\u043d\u0438\u044f \u0438 \u0430\u0435\u0440\u043e\u0437\u043e\u043b\u0438<\/li>\n\n\n\n<li>\u0418\u043d\u0441\u0442\u0430\u043b\u0438\u0440\u0430\u043d\u0435 \u0434\u0438\u0440\u0435\u043a\u0442\u043d\u043e \u043d\u0430 NC \u043e\u0431\u0440\u0430\u0431\u043e\u0442\u0432\u0430\u0449 \u0446\u0435\u043d\u0442\u044a\u0440<\/li>\n<\/ul>\n<\/div>\n<\/div>\n\n\n\n<h2 class=\"wp-block-heading\">\u041f\u0440\u0438\u043b\u043e\u0436\u0435\u043d\u0438\u044f<\/h2>\n\n\n\n<div class=\"wp-block-columns is-layout-flex wp-container-core-columns-is-layout-28f84493 wp-block-columns-is-layout-flex\">\n<div class=\"wp-block-column is-layout-flow wp-block-column-is-layout-flow\">\n<h3 class=\"wp-block-heading has-text-align-center\">\u0417\u0430\u043c\u044a\u0440\u0441\u0438\u0442\u0435\u043b\u0438<\/h3>\n\n\n\n<hr class=\"wp-block-separator has-css-opacity is-style-wide\"\/>\n\n\n\n<div class=\"wp-block-columns is-layout-flex wp-container-core-columns-is-layout-28f84493 wp-block-columns-is-layout-flex\">\n<div class=\"wp-block-column is-layout-flow wp-block-column-is-layout-flow\">\n<figure class=\"wp-block-image aligncenter size-large\"><img decoding=\"async\" width=\"70\" height=\"70\" src=\"https:\/\/obera.fr\/wp-content\/uploads\/2020\/08\/industrie-brouillard-huile.jpg\" alt=\"\u041c\u0430\u0441\u043b\u043e \u0437\u0430 \u0438\u043d\u0434\u0443\u0441\u0442\u0440\u0438\u0430\u043b\u043d\u0430 \u043c\u044a\u0433\u043b\u0430\" class=\"wp-image-721\"\/><figcaption class=\"wp-element-caption\">\u041c\u0430\u0441\u043b\u0435\u043d\u0430 \u043c\u044a\u0433\u043b\u0430<\/figcaption><\/figure>\n<\/div>\n\n\n\n<div class=\"wp-block-column is-layout-flow wp-block-column-is-layout-flow\">\n<figure class=\"wp-block-image aligncenter size-large\"><img decoding=\"async\" width=\"70\" height=\"70\" src=\"https:\/\/obera.fr\/wp-content\/uploads\/2020\/08\/industrie-fumees.jpg\" alt=\"\u0418\u043d\u0434\u0443\u0441\u0442\u0440\u0438\u0430\u043b\u0435\u043d \u0434\u0438\u043c\" class=\"wp-image-722\"\/><figcaption class=\"wp-element-caption\">\u0418\u0437\u043f\u0430\u0440\u0435\u043d\u0438\u044f<\/figcaption><\/figure>\n\n\n\n<figure class=\"wp-block-image aligncenter size-large\"><img decoding=\"async\" width=\"70\" height=\"70\" src=\"https:\/\/obera.fr\/wp-content\/uploads\/2020\/09\/cov.png\" alt=\"Cov\" class=\"wp-image-959\"\/><figcaption class=\"wp-element-caption\">VOCS<\/figcaption><\/figure>\n<\/div>\n<\/div>\n<\/div>\n\n\n\n<div class=\"wp-block-column is-layout-flow wp-block-column-is-layout-flow\">\n<h3 class=\"wp-block-heading has-text-align-center\">\u0418\u043d\u0434\u0443\u0441\u0442\u0440\u0438\u0438<\/h3>\n\n\n\n<hr class=\"wp-block-separator has-css-opacity is-style-wide\"\/>\n\n\n\n<div class=\"wp-block-columns is-layout-flex wp-container-core-columns-is-layout-28f84493 wp-block-columns-is-layout-flex\">\n<div class=\"wp-block-column is-layout-flow wp-block-column-is-layout-flow\">\n<figure class=\"wp-block-image aligncenter size-large\"><img decoding=\"async\" width=\"70\" height=\"70\" src=\"https:\/\/obera.fr\/wp-content\/uploads\/2020\/08\/industrie-metallurgie.jpg\" alt=\"\u041c\u0435\u0442\u0430\u043b\u0443\u0440\u0433\u0438\u0447\u043d\u0430 \u043f\u0440\u043e\u043c\u0438\u0448\u043b\u0435\u043d\u043e\u0441\u0442\" class=\"wp-image-673\"\/><figcaption class=\"wp-element-caption\">\u041c\u0435\u0442\u0430\u043b\u0443\u0440\u0433\u0438\u044f<\/figcaption><\/figure>\n<\/div>\n\n\n\n<div class=\"wp-block-column is-layout-flow wp-block-column-is-layout-flow\"><\/div>\n<\/div>\n<\/div>\n<\/div>\n\n\n\n<div class=\"wp-block-buttons is-horizontal is-content-justification-center is-layout-flex wp-container-core-buttons-is-layout-03627597 wp-block-buttons-is-layout-flex\">\n<div class=\"wp-block-button has-custom-width wp-block-button__width-100\"><a class=\"wp-block-button__link wp-element-button\" href=\"https:\/\/obera.fr\/bg\/%D1%81%D0%B2%D1%8A%D1%80%D0%B6%D0%B5%D1%82%D0%B5-%D1%81%D0%B5-%D1%81-%D0%BD%D0%B0%D1%81\/\">\u041d\u0430\u0443\u0447\u0435\u0442\u0435 \u043f\u043e\u0432\u0435\u0447\u0435<\/a><\/div>\n<\/div>\n\n\n\n<h2 class=\"wp-block-heading\">\u0422\u0435\u0445\u043d\u0438\u0447\u0435\u0441\u043a\u0438 \u0441\u043f\u0435\u0446\u0438\u0444\u0438\u043a\u0430\u0446\u0438\u0438<\/h2>\n\n\n\n<figure class=\"wp-block-table\"><table class=\"has-fixed-layout\"><thead><tr><th>\u0423\u0441\u0442\u0440\u043e\u0439\u0441\u0442\u0432\u043e<\/th><th><\/th><th>OILMAC 400<\/th><th>OILMAC 800<\/th><th>OILMAC 1600<\/th><th>OILMAC 3000<\/th><\/tr><\/thead><tbody><tr><td>\u041f\u043e\u0442\u043e\u043a<\/td><td>m3\/h<\/td><td>420<\/td><td>840<\/td><td>1 800<\/td><td>3 300<\/td><\/tr><tr><td>\u0414\u0438\u0430\u043c\u0435\u0442\u044a\u0440 \u043d\u0430 \u0432\u0445\u043e\u0434\u0430<\/td><td>mm<\/td><td>150<\/td><td>200<\/td><td>250<\/td><td>300<\/td><\/tr><tr><td>\u0417\u0430\u0445\u0440\u0430\u043d\u0432\u0430\u0449\u043e \u043d\u0430\u043f\u0440\u0435\u0436\u0435\u043d\u0438\u0435<\/td><td>V<\/td><td>230<\/td><td>400<\/td><td>400<\/td><td>400<\/td><\/tr><tr><td>\u0417\u0430\u0445\u0440\u0430\u043d\u0432\u0430\u043d\u0435<\/td><td>kW<\/td><td>0.24<\/td><td>0.55<\/td><td>1.1<\/td><td>2.2<\/td><\/tr><tr><td>\u0420\u0430\u0437\u043c\u0435\u0440\u0438<\/td><td>l\/L\/h (mm)<\/td><td>640x650x510<\/td><td>1140x685x475<\/td><td>1270x685x805<\/td><td>1790x650x1265<\/td><\/tr><tr><td>\u0422\u0435\u0433\u043b\u043e<\/td><td>kg<\/td><td>50<\/td><td>80<\/td><td>130<\/td><td>220<\/td><\/tr><tr><td>\u041d\u0438\u0432\u043e \u043d\u0430 \u0448\u0443\u043c\u0430<\/td><td>dB(A)<\/td><td>66<\/td><td>69<\/td><td>71<\/td><td>74<\/td><\/tr><\/tbody><\/table><\/figure>\n\n\n\n<div class=\"wp-block-buttons is-content-justification-center is-layout-flex wp-container-core-buttons-is-layout-a89b3969 wp-block-buttons-is-layout-flex\">\n<div class=\"wp-block-button is-style-outline is-style-outline--2\"><a class=\"wp-block-button__link wp-element-button\" href=\"https:\/\/obera.fr\/wp-content\/uploads\/2024\/02\/brochure-oilmac.pdf\">\u0418\u0437\u0442\u0435\u0433\u043b\u0435\u0442\u0435 \u043f\u0440\u043e\u0434\u0443\u043a\u0442\u043e\u0432\u0438\u044f \u043b\u0438\u0441\u0442<\/a><\/div>\n<\/div>\n\n\n\n<hr class=\"wp-block-separator has-css-opacity is-style-dots\"\/>\n\n\n\n<h2 class=\"wp-block-heading\">\u0414\u0440\u0443\u0433\u0438 \u0444\u0438\u043b\u0442\u0440\u0438 \u0437\u0430 \u043c\u0430\u0441\u043b\u0435\u043d\u0430 \u043c\u044a\u0433\u043b\u0430 \u043e\u0442 \u043c\u0430\u0440\u043a\u0430\u0442\u0430 OberA<\/h2>\n\n\n\n<div class=\"wp-block-columns is-layout-flex wp-container-core-columns-is-layout-28f84493 wp-block-columns-is-layout-flex\">\n<div class=\"wp-block-column is-layout-flow wp-block-column-is-layout-flow\">\n<figure class=\"wp-block-image aligncenter size-medium\"><a href=\"https:\/\/obera.fr\/produits\/filtres-brouillard-huile\/afs\/\"><img decoding=\"async\" width=\"300\" height=\"300\" src=\"https:\/\/obera.fr\/wp-content\/uploads\/2020\/08\/AFS-installation-centralisee-brouillards-huiles-300x300.png\" alt=\"Afs \u0418\u043d\u0441\u0442\u0430\u043b\u0430\u0446\u0438\u044f Centralisee Brouillards Huiles\" class=\"wp-image-643\" srcset=\"https:\/\/obera.fr\/wp-content\/uploads\/2020\/08\/AFS-installation-centralisee-brouillards-huiles-300x300.png 300w, https:\/\/obera.fr\/wp-content\/uploads\/2020\/08\/AFS-installation-centralisee-brouillards-huiles-150x150.png 150w, https:\/\/obera.fr\/wp-content\/uploads\/2020\/08\/AFS-installation-centralisee-brouillards-huiles.png 433w\" sizes=\"(max-width: 300px) 100vw, 300px\" \/><\/a><figcaption class=\"wp-element-caption\">AFS<\/figcaption><\/figure>\n<\/div>\n\n\n\n<div class=\"wp-block-column is-layout-flow wp-block-column-is-layout-flow\"><\/div>\n<\/div>\n\n\n\n<p><\/p>\n","protected":false},"excerpt":{"rendered":"<p>\u041e\u0431\u0438\u043a\u043d\u043e\u0432\u0435\u043d\u043e OILMAC \u0441\u0435 \u043c\u043e\u043d\u0442\u0438\u0440\u0430 \u0434\u0438\u0440\u0435\u043a\u0442\u043d\u043e \u043d\u0430 \u043f\u0440\u043e\u0438\u0437\u0432\u043e\u0434\u0441\u0442\u0432\u0435\u043d\u0430\u0442\u0430 \u043c\u0430\u0448\u0438\u043d\u0430 \u0438 \u0441\u0435 \u0441\u0432\u044a\u0440\u0437\u0432\u0430 \u0447\u0440\u0435\u0437 \u0433\u044a\u0432\u043a\u0430\u0432\u0430 \u043e\u0431\u0432\u0438\u0432\u043a\u0430. \u0422\u043e\u0432\u0430 \u0443\u0441\u0442\u0440\u043e\u0439\u0441\u0442\u0432\u043e \u0438\u043c\u0430 4 \u0441\u0442\u0435\u043f\u0435\u043d\u0438 \u043d\u0430 \u0444\u0438\u043b\u0442\u0440\u0438\u0440\u0430\u043d\u0435 \u0437\u0430 \u043f\u0440\u0435\u0447\u0438\u0441\u0442\u0432\u0430\u043d\u0435 \u043d\u0430 \u0432\u044a\u0437\u0434\u0443\u0445\u0430, \u043d\u0430\u0442\u043e\u0432\u0430\u0440\u0435\u043d \u0441 \u043c\u0430\u0441\u043b\u0435\u043d\u0430 \u043c\u044a\u0433\u043b\u0430 \u0438 \u0438\u0437\u043f\u0430\u0440\u0435\u043d\u0438\u044f, \u043e\u0431\u0440\u0430\u0437\u0443\u0432\u0430\u043d\u0438 \u043f\u043e \u0432\u0440\u0435\u043c\u0435 \u043d\u0430 \u043e\u0431\u0440\u0430\u0431\u043e\u0442\u043a\u0430\u0442\u0430. \u0424\u0438\u043b\u0442\u0440\u0438\u0440\u0430\u043d\u0438\u0442\u0435 \u0447\u0430\u0441\u0442\u0438\u0446\u0438 \u043c\u043e\u0433\u0430\u0442 \u0434\u0430 \u0441\u0435 \u0432\u043a\u0430\u0440\u0432\u0430\u0442 \u043e\u0442\u043d\u043e\u0432\u043e \u0434\u0438\u0440\u0435\u043a\u0442\u043d\u043e \u0432 \u043f\u0440\u043e\u0438\u0437\u0432\u043e\u0434\u0441\u0442\u0432\u0435\u043d\u0430\u0442\u0430 \u043c\u0430\u0448\u0438\u043d\u0430. \u0411\u043b\u0430\u0433\u043e\u0434\u0430\u0440\u0435\u043d\u0438\u0435 \u043d\u0430 \u0443\u043b\u0442\u0440\u0430\u0435\u0444\u0435\u043a\u0442\u0438\u0432\u043d\u0430\u0442\u0430 \u0444\u0438\u043b\u0442\u0440\u0430\u0446\u0438\u044f \u043e\u0442 \u043d\u0430\u0434 99,95% \u0441 \u0442\u0435\u0440\u043c\u0438\u043d\u0430\u043b\u0435\u043d \u0444\u0438\u043b\u0442\u044a\u0440 HEPA 13 \u043e\u0431\u0440\u0430\u0431\u043e\u0442\u0435\u043d\u0438\u044f\u0442 \u0432\u044a\u0437\u0434\u0443\u0445 \u043c\u043e\u0436\u0435 \u0434\u0430 \u0431\u044a\u0434\u0435 \u0434\u0438\u0440\u0435\u043a\u0442\u043d\u043e \u0432\u044a\u0432\u0435\u0434\u0435\u043d \u043e\u0442\u043d\u043e\u0432\u043e \u0432 \u0440\u0430\u0431\u043e\u0442\u043d\u043e\u0442\u043e \u043f\u0440\u043e\u0441\u0442\u0440\u0430\u043d\u0441\u0442\u0432\u043e. \u041f\u0440\u0435\u0434\u0438\u043c\u0441\u0442\u0432\u0430 \u043d\u0430 \u0444\u0438\u043b\u0442\u044a\u0440\u0430 \u0437\u0430 \u043c\u0430\u0441\u043b\u0435\u043d\u0438 \u043c\u044a\u0433\u043b\u0438, \u0435\u043c\u0443\u043b\u0441\u0438\u0438, \u0438\u0437\u043f\u0430\u0440\u0435\u043d\u0438\u044f \u0438 \u0430\u0435\u0440\u043e\u0437\u043e\u043b\u0438 \u041f\u043e\u043b\u0437\u0438 \u0421\u043f\u0435\u0446\u0438\u0430\u043b\u043d\u0438 \u0444\u0443\u043d\u043a\u0446\u0438\u0438 \u0425\u0430\u0440\u0430\u043a\u0442\u0435\u0440\u0438\u0441\u0442\u0438\u043a\u0438 \u041f\u0440\u0438\u043b\u043e\u0436\u0435\u043d\u0438\u044f \u0417\u0430\u043c\u044a\u0440\u0441\u0438\u0442\u0435\u043b\u0438 \u0418\u043d\u0434\u0443\u0441\u0442\u0440\u0438\u0438 \u0422\u0435\u0445\u043d\u0438\u0447\u0435\u0441\u043a\u0438 \u0441\u043f\u0435\u0446\u0438\u0444\u0438\u043a\u0430\u0446\u0438\u0438 \u0423\u0441\u0442\u0440\u043e\u0439\u0441\u0442\u0432\u043e OILMAC 400 OILMAC 800 OILMAC 1600 OILMAC 3000 \u041f\u043e\u0442\u043e\u043a m3\/h &#8230; <\/p>\n<p class=\"read-more-container\"><a title=\"\u0424\u0438\u043b\u0442\u044a\u0440 \u0437\u0430 \u043c\u0430\u0441\u043b\u0435\u043d\u0430 \u043c\u044a\u0433\u043b\u0430 OILMAC\" class=\"read-more button\" href=\"https:\/\/obera.fr\/bg\/produits\/filtres-brouillard-huile\/oilmac\/#more-48685\" aria-label=\"Read more about \u0424\u0438\u043b\u0442\u044a\u0440 \u0437\u0430 \u043c\u0430\u0441\u043b\u0435\u043d\u0430 \u043c\u044a\u0433\u043b\u0430 OILMAC\">Lire la suite<\/a><\/p>\n","protected":false},"author":4,"featured_media":83733,"parent":48602,"menu_order":0,"comment_status":"closed","ping_status":"closed","template":"","meta":{"_acf_changed":false,"_seopress_robots_primary_cat":"","_seopress_titles_title":"\u0424\u0438\u043b\u0442\u044a\u0440 \u0437\u0430 \u043c\u0430\u0441\u043b\u0435\u043d\u0430 \u043c\u044a\u0433\u043b\u0430 OILMAC \u0437\u0430 \u0434\u0438\u043c \u0438 \u0430\u0435\u0440\u043e\u0437\u043e\u043b\u0438","_seopress_titles_desc":"OILMAC \u0438\u043c\u0430 4 \u0441\u0442\u0435\u043f\u0435\u043d\u0438 \u043d\u0430 \u0444\u0438\u043b\u0442\u0440\u0438\u0440\u0430\u043d\u0435 \u0437\u0430 \u043f\u0440\u0435\u0447\u0438\u0441\u0442\u0432\u0430\u043d\u0435 \u043d\u0430 \u0432\u044a\u0437\u0434\u0443\u0445\u0430, \u043d\u0430\u0442\u043e\u0432\u0430\u0440\u0435\u043d \u0441 \u043c\u0430\u0441\u043b\u0435\u043d\u0430 \u043c\u044a\u0433\u043b\u0430 \u0438 \u0438\u0437\u043f\u0430\u0440\u0435\u043d\u0438\u044f, \u043e\u0431\u0440\u0430\u0437\u0443\u0432\u0430\u043d\u0438 \u043f\u043e \u0432\u0440\u0435\u043c\u0435 \u043d\u0430 \u043f\u0440\u043e\u0446\u0435\u0441\u0430 \u043d\u0430 \u043e\u0431\u0440\u0430\u0431\u043e\u0442\u043a\u0430.","_seopress_robots_index":"","footnotes":""},"class_list":{"0":"post-48685","1":"page","2":"type-page","3":"status-publish","4":"has-post-thumbnail","6":"no-featured-image-padding","7":"resize-featured-image"},"acf":[],"_links":{"self":[{"href":"https:\/\/obera.fr\/bg\/wp-json\/wp\/v2\/pages\/48685","targetHints":{"allow":["GET"]}}],"collection":[{"href":"https:\/\/obera.fr\/bg\/wp-json\/wp\/v2\/pages"}],"about":[{"href":"https:\/\/obera.fr\/bg\/wp-json\/wp\/v2\/types\/page"}],"author":[{"embeddable":true,"href":"https:\/\/obera.fr\/bg\/wp-json\/wp\/v2\/users\/4"}],"replies":[{"embeddable":true,"href":"https:\/\/obera.fr\/bg\/wp-json\/wp\/v2\/comments?post=48685"}],"version-history":[{"count":6,"href":"https:\/\/obera.fr\/bg\/wp-json\/wp\/v2\/pages\/48685\/revisions"}],"predecessor-version":[{"id":107772,"href":"https:\/\/obera.fr\/bg\/wp-json\/wp\/v2\/pages\/48685\/revisions\/107772"}],"up":[{"embeddable":true,"href":"https:\/\/obera.fr\/bg\/wp-json\/wp\/v2\/pages\/48602"}],"wp:featuredmedia":[{"embeddable":true,"href":"https:\/\/obera.fr\/bg\/wp-json\/wp\/v2\/media\/83733"}],"wp:attachment":[{"href":"https:\/\/obera.fr\/bg\/wp-json\/wp\/v2\/media?parent=48685"}],"curies":[{"name":"wp","href":"https:\/\/api.w.org\/{rel}","templated":true}]}}