{"id":63745,"date":"2020-05-01T17:18:39","date_gmt":"2020-05-01T15:18:39","guid":{"rendered":"https:\/\/obera.fr\/produits\/aspirateurs-industriels\/"},"modified":"2025-04-22T09:37:16","modified_gmt":"2025-04-22T07:37:16","slug":"aspirateurs-industriels","status":"publish","type":"page","link":"https:\/\/obera.fr\/bg\/produits\/aspirateurs-industriels\/","title":{"rendered":"\u0418\u043d\u0434\u0443\u0441\u0442\u0440\u0438\u0430\u043b\u043d\u0438 \u043f\u0440\u0430\u0445\u043e\u0441\u043c\u0443\u043a\u0430\u0447\u043a\u0438"},"content":{"rendered":"\n<p>\u0412\u0438\u0441\u043e\u043a\u043e\u0435\u0444\u0435\u043a\u0442\u0438\u0432\u043d\u0438 <strong>\u0438\u043d\u0434\u0443\u0441\u0442\u0440\u0438\u0430\u043b\u043d\u0438 \u043f\u0440\u0430\u0445\u043e\u0441\u043c\u0443\u043a\u0430\u0447\u043a\u0438 \u0437\u0430<\/strong> \u043f\u043e\u0447\u0438\u0441\u0442\u0432\u0430\u043d\u0435 \u043d\u0430 \u0432\u0441\u0438\u0447\u043a\u0438 \u0432\u0438\u0434\u043e\u0432\u0435 \u0441\u0443\u0445 \u043f\u0440\u0430\u0445 \u043e\u0442 \u043f\u043e\u0434\u043e\u0432\u0435 \u0438 \u0440\u0430\u0431\u043e\u0442\u043d\u0438 \u043f\u043e\u043c\u0435\u0449\u0435\u043d\u0438\u044f.<\/p>\n\n<div class=\"wp-block-buttons is-horizontal is-content-justification-center is-layout-flex wp-container-core-buttons-is-layout-03627597 wp-block-buttons-is-layout-flex\">\n<div class=\"wp-block-button has-custom-width wp-block-button__width-100\"><a class=\"wp-block-button__link wp-element-button\" href=\"https:\/\/obera.fr\/bg\/%D1%81%D0%B2%D1%8A%D1%80%D0%B6%D0%B5%D1%82%D0%B5-%D1%81%D0%B5-%D1%81-%D0%BD%D0%B0%D1%81\/\">\u041d\u0430\u0443\u0447\u0435\u0442\u0435 \u043f\u043e\u0432\u0435\u0447\u0435<\/a><\/div>\n<\/div>\n\n<p><\/p>\n\n<h2 class=\"wp-block-heading\">\u041d\u0430\u0448\u0438\u0442\u0435 \u0438\u043d\u0434\u0443\u0441\u0442\u0440\u0438\u0430\u043b\u043d\u0438 \u043f\u0440\u0430\u0445\u043e\u0441\u043c\u0443\u043a\u0430\u0447\u043a\u0438 \u0437\u0430 \u043c\u043e\u043a\u0440\u043e \u0438 \u0441\u0443\u0445\u043e \u043f\u043e\u0447\u0438\u0441\u0442\u0432\u0430\u043d\u0435<\/h2>\n\n<div class=\"wp-block-columns is-layout-flex wp-container-core-columns-is-layout-28f84493 wp-block-columns-is-layout-flex\">\n<div class=\"wp-block-column is-layout-flow wp-block-column-is-layout-flow\">\n<h3 class=\"wp-block-heading has-text-align-center\"><a href=\"https:\/\/obera.fr\/bg\/produits\/aspirateurs-industriels\/w2-xr-atex-22\/\" data-type=\"page\" data-id=\"29423\">W2 XR<\/a><\/h3>\n\n\n\n<figure class=\"wp-block-image aligncenter size-full is-resized\"><a href=\"https:\/\/obera.fr\/produits\/aspirateurs-industriels\/w2-xr-atex-22\/\"><img decoding=\"async\" width=\"566\" height=\"671\" src=\"https:\/\/obera.fr\/wp-content\/uploads\/2024\/10\/w2-xr-2.png\" alt=\"&#x418;&#x43D;&#x434;&#x443;&#x441;&#x442;&#x440;&#x438;&#x430;&#x43B;&#x43D;&#x438; &#x43F;&#x440;&#x430;&#x445;&#x43E;&#x441;&#x43C;&#x443;&#x43A;&#x430;&#x447;&#x43A;&#x438;  \" class=\"wp-image-35431\" style=\"width:250px\" srcset=\"https:\/\/obera.fr\/wp-content\/uploads\/2024\/10\/w2-xr-2.png 566w, https:\/\/obera.fr\/wp-content\/uploads\/2024\/10\/w2-xr-2-253x300.png 253w\" sizes=\"(max-width: 566px) 100vw, 566px\" \/><\/a><\/figure>\n<\/div>\n\n\n\n<div class=\"wp-block-column is-layout-flow wp-block-column-is-layout-flow\">\n<h3 class=\"wp-block-heading has-text-align-center\"><a href=\"https:\/\/obera.fr\/bg\/produits\/aspirateurs-industriels\/w2-haute-filtration-polyvalence\/\" data-type=\"page\" data-id=\"29386\">W2<\/a><\/h3>\n\n\n\n<figure class=\"wp-block-image aligncenter size-full is-resized\"><a href=\"https:\/\/obera.fr\/produits\/aspirateurs-industriels\/w2-haute-filtration-polyvalence\/\"><img decoding=\"async\" width=\"711\" height=\"622\" src=\"https:\/\/obera.fr\/wp-content\/uploads\/2024\/10\/w2.png\" alt=\"&#x418;&#x43D;&#x434;&#x443;&#x441;&#x442;&#x440;&#x438;&#x430;&#x43B;&#x43D;&#x438; &#x43F;&#x440;&#x430;&#x445;&#x43E;&#x441;&#x43C;&#x443;&#x43A;&#x430;&#x447;&#x43A;&#x438;  \" class=\"wp-image-35424\" style=\"object-fit:cover;width:250px;height:280px\" srcset=\"https:\/\/obera.fr\/wp-content\/uploads\/2024\/10\/w2.png 711w, https:\/\/obera.fr\/wp-content\/uploads\/2024\/10\/w2-300x262.png 300w\" sizes=\"(max-width: 711px) 100vw, 711px\" \/><\/a><\/figure>\n<\/div>\n\n\n\n<div class=\"wp-block-column is-layout-flow wp-block-column-is-layout-flow\">\n<h3 class=\"wp-block-heading has-text-align-center\"><a href=\"https:\/\/obera.fr\/bg\/produits\/aspirateurs-industriels\/w3-pour-nettoyage-general\/\">W3<\/a><\/h3>\n\n\n\n<figure class=\"wp-block-image aligncenter size-full is-resized\"><a href=\"https:\/\/obera.fr\/produits\/aspirateurs-industriels\/w3-pour-nettoyage-general\/\"><img decoding=\"async\" width=\"658\" height=\"652\" src=\"https:\/\/obera.fr\/wp-content\/uploads\/2024\/10\/w3.png\" alt=\"&#x418;&#x43D;&#x434;&#x443;&#x441;&#x442;&#x440;&#x438;&#x430;&#x43B;&#x43D;&#x438; &#x43F;&#x440;&#x430;&#x445;&#x43E;&#x441;&#x43C;&#x443;&#x43A;&#x430;&#x447;&#x43A;&#x438;\" class=\"wp-image-35427\" style=\"object-fit:cover;width:250px;height:280px\" srcset=\"https:\/\/obera.fr\/wp-content\/uploads\/2024\/10\/w3.png 658w, https:\/\/obera.fr\/wp-content\/uploads\/2024\/10\/w3-300x297.png 300w, https:\/\/obera.fr\/wp-content\/uploads\/2024\/10\/w3-150x150.png 150w, https:\/\/obera.fr\/wp-content\/uploads\/2024\/10\/w3-24x24.png 24w, https:\/\/obera.fr\/wp-content\/uploads\/2024\/10\/w3-48x48.png 48w, https:\/\/obera.fr\/wp-content\/uploads\/2024\/10\/w3-96x96.png 96w\" sizes=\"(max-width: 658px) 100vw, 658px\" \/><\/a><\/figure>\n<\/div>\n<\/div>\n\n<div class=\"wp-block-columns is-layout-flex wp-container-core-columns-is-layout-28f84493 wp-block-columns-is-layout-flex\">\n<div class=\"wp-block-column is-layout-flow wp-block-column-is-layout-flow\"><\/div>\n\n\n\n<div class=\"wp-block-column is-layout-flow wp-block-column-is-layout-flow\"><\/div>\n<\/div>\n\n<h2 class=\"wp-block-heading\">\u0412\u0435\u043d\u0442\u0438\u043b\u0430\u0442\u043e\u0440\u0438 \u0437\u0430 \u0432\u0441\u043c\u0443\u043a\u0432\u0430\u043d\u0435<\/h2>\n\n<h4 class=\"wp-block-heading\"><a href=\"https:\/\/obera.fr\/bg\/produits\/aspirateurs-industriels\/ventilateurs-aspiration-gamme-eurosog-rg-100-800\/\" data-type=\"page\" data-id=\"29434\">RG 100-800<\/a><\/h4>\n\n<div class=\"wp-block-columns is-layout-flex wp-container-core-columns-is-layout-28f84493 wp-block-columns-is-layout-flex\">\n<div class=\"wp-block-column is-layout-flow wp-block-column-is-layout-flow\">\n<figure class=\"wp-block-image aligncenter size-full is-resized\"><a href=\"https:\/\/obera.fr\/produits\/aspirateurs-industriels\/ventilateurs-aspiration-gamme-eurosog-rg-100-800\/\"><img decoding=\"async\" width=\"320\" height=\"321\" src=\"https:\/\/obera.fr\/wp-content\/uploads\/2024\/05\/rg-serie.jpg\" alt=\"&#x421;&#x435;&#x440;&#x438;&#x44F; rg\" class=\"wp-image-31125\" style=\"width:263px\" srcset=\"https:\/\/obera.fr\/wp-content\/uploads\/2024\/05\/rg-serie.jpg 320w, https:\/\/obera.fr\/wp-content\/uploads\/2024\/05\/rg-serie-300x300.jpg 300w, https:\/\/obera.fr\/wp-content\/uploads\/2024\/05\/rg-serie-150x150.jpg 150w\" sizes=\"(max-width: 320px) 100vw, 320px\" \/><\/a><figcaption class=\"wp-element-caption\">RG 300<\/figcaption><\/figure>\n<\/div>\n\n\n\n<div class=\"wp-block-column is-layout-flow wp-block-column-is-layout-flow\">\n<p class=\"has-text-align-center\"><\/p>\n\n\n\n<figure class=\"wp-block-image aligncenter size-full is-resized\"><a href=\"https:\/\/obera.fr\/produits\/aspirateurs-industriels\/ventilateurs-aspiration-gamme-eurosog-rg-100-800\/\"><img decoding=\"async\" width=\"1280\" height=\"1280\" src=\"https:\/\/obera.fr\/wp-content\/uploads\/2024\/06\/rg-400.png\" alt=\"rg 400\" class=\"wp-image-31502\" style=\"width:248px\" srcset=\"https:\/\/obera.fr\/wp-content\/uploads\/2024\/06\/rg-400.png 1280w, https:\/\/obera.fr\/wp-content\/uploads\/2024\/06\/rg-400-300x300.png 300w, https:\/\/obera.fr\/wp-content\/uploads\/2024\/06\/rg-400-1024x1024.png 1024w, https:\/\/obera.fr\/wp-content\/uploads\/2024\/06\/rg-400-150x150.png 150w, https:\/\/obera.fr\/wp-content\/uploads\/2024\/06\/rg-400-768x768.png 768w\" sizes=\"(max-width: 1280px) 100vw, 1280px\" \/><\/a><\/figure>\n\n\n\n<p class=\"has-text-align-center\">RG 400<\/p>\n<\/div>\n<\/div>\n","protected":false},"excerpt":{"rendered":"<p>\u0412\u0438\u0441\u043e\u043a\u043e\u0435\u0444\u0435\u043a\u0442\u0438\u0432\u043d\u0438 \u0438\u043d\u0434\u0443\u0441\u0442\u0440\u0438\u0430\u043b\u043d\u0438 \u043f\u0440\u0430\u0445\u043e\u0441\u043c\u0443\u043a\u0430\u0447\u043a\u0438 \u0437\u0430 \u043f\u043e\u0447\u0438\u0441\u0442\u0432\u0430\u043d\u0435 \u043d\u0430 \u0432\u0441\u0438\u0447\u043a\u0438 \u0432\u0438\u0434\u043e\u0432\u0435 \u0441\u0443\u0445 \u043f\u0440\u0430\u0445 \u043e\u0442 \u043f\u043e\u0434\u043e\u0432\u0435 \u0438 \u0440\u0430\u0431\u043e\u0442\u043d\u0438 \u043f\u043e\u043c\u0435\u0449\u0435\u043d\u0438\u044f. \u041d\u0430\u0448\u0438\u0442\u0435 \u0438\u043d\u0434\u0443\u0441\u0442\u0440\u0438\u0430\u043b\u043d\u0438 \u043f\u0440\u0430\u0445\u043e\u0441\u043c\u0443\u043a\u0430\u0447\u043a\u0438 \u0437\u0430 \u043c\u043e\u043a\u0440\u043e \u0438 \u0441\u0443\u0445\u043e \u043f\u043e\u0447\u0438\u0441\u0442\u0432\u0430\u043d\u0435 W2 XR W2 W3 \u0412\u0435\u043d\u0442\u0438\u043b\u0430\u0442\u043e\u0440\u0438 \u0437\u0430 \u0432\u0441\u043c\u0443\u043a\u0432\u0430\u043d\u0435 RG 100-800 RG 400<\/p>\n","protected":false},"author":4,"featured_media":83733,"parent":38128,"menu_order":9,"comment_status":"closed","ping_status":"closed","template":"","meta":{"_acf_changed":false,"_seopress_robots_primary_cat":"","_seopress_titles_title":"Aspirateurs industriels et ventilateurs d'aspiration OberA","_seopress_titles_desc":"Nettoyeurs industriels haute performance pour aspirer tous types de poussi\u00e8res s\u00e8ches et humides accumul\u00e9es sur les sols et les espaces de travail.","_seopress_robots_index":"","footnotes":""},"class_list":{"0":"post-63745","1":"page","2":"type-page","3":"status-publish","4":"has-post-thumbnail","6":"no-featured-image-padding","7":"resize-featured-image"},"acf":[],"_links":{"self":[{"href":"https:\/\/obera.fr\/bg\/wp-json\/wp\/v2\/pages\/63745","targetHints":{"allow":["GET"]}}],"collection":[{"href":"https:\/\/obera.fr\/bg\/wp-json\/wp\/v2\/pages"}],"about":[{"href":"https:\/\/obera.fr\/bg\/wp-json\/wp\/v2\/types\/page"}],"author":[{"embeddable":true,"href":"https:\/\/obera.fr\/bg\/wp-json\/wp\/v2\/users\/4"}],"replies":[{"embeddable":true,"href":"https:\/\/obera.fr\/bg\/wp-json\/wp\/v2\/comments?post=63745"}],"version-history":[{"count":3,"href":"https:\/\/obera.fr\/bg\/wp-json\/wp\/v2\/pages\/63745\/revisions"}],"predecessor-version":[{"id":69772,"href":"https:\/\/obera.fr\/bg\/wp-json\/wp\/v2\/pages\/63745\/revisions\/69772"}],"up":[{"embeddable":true,"href":"https:\/\/obera.fr\/bg\/wp-json\/wp\/v2\/pages\/38128"}],"wp:featuredmedia":[{"embeddable":true,"href":"https:\/\/obera.fr\/bg\/wp-json\/wp\/v2\/media\/83733"}],"wp:attachment":[{"href":"https:\/\/obera.fr\/bg\/wp-json\/wp\/v2\/media?parent=63745"}],"curies":[{"name":"wp","href":"https:\/\/api.w.org\/{rel}","templated":true}]}}