{"id":64902,"date":"2024-05-07T09:40:24","date_gmt":"2024-05-07T07:40:24","guid":{"rendered":"https:\/\/obera.fr\/produits\/%d0%bc%d0%be%d0%b1%d0%b8%d0%bb%d0%bd%d0%b8-%d1%81%d0%bc%d1%83%d0%ba%d0%b0%d1%82%d0%b5%d0%bb%d0%bd%d0%b8-%d0%b5%d0%b4%d0%b8%d0%bd%d0%b8%d1%86%d0%b8\/epurbox-brs\/"},"modified":"2025-06-30T13:59:33","modified_gmt":"2025-06-30T11:59:33","slug":"epurbox-brs","status":"publish","type":"page","link":"https:\/\/obera.fr\/bg\/produits\/caissons-mobiles-aspiration\/epurbox-brs\/","title":{"rendered":"\u041c\u043e\u0431\u0438\u043b\u043d\u0430 \u0441\u043c\u0443\u043a\u0430\u0442\u0435\u043b\u043d\u0430 \u043a\u0443\u0442\u0438\u044f ePURbox BRS"},"content":{"rendered":"\n<div class=\"wp-block-columns is-layout-flex wp-container-core-columns-is-layout-28f84493 wp-block-columns-is-layout-flex\">\n<div class=\"wp-block-column is-layout-flow wp-block-column-is-layout-flow\" style=\"flex-basis:33.33%\">\n<figure class=\"wp-block-image aligncenter size-medium\"><img decoding=\"async\" width=\"300\" height=\"300\" src=\"https:\/\/obera.fr\/wp-content\/uploads\/2024\/05\/epurbox-brs-300x300.png\" alt=\"epurbox brs\" class=\"wp-image-30328\" srcset=\"https:\/\/obera.fr\/wp-content\/uploads\/2024\/05\/epurbox-brs-300x300.png 300w, https:\/\/obera.fr\/wp-content\/uploads\/2024\/05\/epurbox-brs-1024x1024.png 1024w, https:\/\/obera.fr\/wp-content\/uploads\/2024\/05\/epurbox-brs-150x150.png 150w, https:\/\/obera.fr\/wp-content\/uploads\/2024\/05\/epurbox-brs-768x768.png 768w, https:\/\/obera.fr\/wp-content\/uploads\/2024\/05\/epurbox-brs.png 1200w\" sizes=\"(max-width: 300px) 100vw, 300px\" \/><figcaption class=\"wp-element-caption\">ePURbox BRS<\/figcaption><\/figure>\n<\/div>\n\n\n\n<div class=\"wp-block-column is-layout-flow wp-block-column-is-layout-flow\" style=\"flex-basis:66.66%\">\n<p class=\"has-drop-cap\"><\/p>\n\n\n\n<hr class=\"wp-block-separator has-text-color has-black-color has-css-opacity has-black-background-color has-background is-style-dots\"\/>\n\n\n\n<div class=\"wp-block-columns is-layout-flex wp-container-core-columns-is-layout-28f84493 wp-block-columns-is-layout-flex\">\n<div class=\"wp-block-column is-layout-flow wp-block-column-is-layout-flow\" style=\"flex-basis:33.33%\">\n<div class=\"wp-block-buttons is-layout-flex wp-block-buttons-is-layout-flex\">\n<div class=\"wp-block-button\"><a class=\"wp-block-button__link wp-element-button\" href=\"https:\/\/obera.fr\/wp-content\/uploads\/2025\/04\/brochure-epurbox-atex-brs-fr.pdf\">\u0418\u0417\u0422\u0415\u0413\u041b\u042f\u041d\u0415 \u041d\u0410 \u0411\u0420\u041e\u0428\u0423\u0420\u0410\u0422\u0410<\/a><\/div>\n<\/div>\n<\/div>\n\n\n\n<div class=\"wp-block-column is-layout-flow wp-block-column-is-layout-flow\" style=\"flex-basis:33.34%\">\n<div class=\"wp-block-buttons is-horizontal is-content-justification-center is-layout-flex wp-container-core-buttons-is-layout-03627597 wp-block-buttons-is-layout-flex\">\n<div class=\"wp-block-button has-custom-width wp-block-button__width-100\"><a class=\"wp-block-button__link wp-element-button\" href=\"https:\/\/obera.fr\/bg\/%D1%81%D0%B2%D1%8A%D1%80%D0%B6%D0%B5%D1%82%D0%B5-%D1%81%D0%B5-%D1%81-%D0%BD%D0%B0%D1%81\/\">\u041d\u0430\u0443\u0447\u0435\u0442\u0435 \u043f\u043e\u0432\u0435\u0447\u0435<\/a><\/div>\n<\/div>\n<\/div>\n\n\n\n<div class=\"wp-block-column is-layout-flow wp-block-column-is-layout-flow\" style=\"flex-basis:33.34%\">\n<div class=\"wp-block-buttons is-content-justification-center is-layout-flex wp-container-core-buttons-is-layout-a89b3969 wp-block-buttons-is-layout-flex\">\n<div class=\"wp-block-button btn-devis-source\"><a class=\"wp-block-button__link wp-element-button\" href=\"https:\/\/obera.fr\/bg\/devis\/\">\u0417\u0430\u044f\u0432\u043a\u0430 \u0437\u0430 \u043e\u0444\u0435\u0440\u0442\u0430<\/a><\/div>\n<\/div>\n\n\n<script>\r\ndocument.addEventListener('DOMContentLoaded', function() {\r\n    \/\/ 1. On cherche le titre H1 de la page\r\n    var h1 = document.querySelector('h1');\r\n    var productTitle = h1 ? h1.innerText.trim() : \"\";\r\n\r\n    \/\/ 2. On cherche les boutons via la classe CSS .btn-devis-source\r\n    var buttons = document.querySelectorAll('.btn-devis-source a');\r\n\r\n    \/\/ 3. Si on a le titre et les boutons, on ajoute le param\u00e8tre\r\n    if (buttons.length > 0 && productTitle !== \"\") {\r\n        var encodedTitle = encodeURIComponent(productTitle);\r\n\r\n        buttons.forEach(function(btn) {\r\n            var currentHref = btn.getAttribute('href');\r\n            \r\n            \/\/ S\u00e9curit\u00e9 pour ne pas ajouter le param\u00e8tre 2 fois\r\n            if (currentHref.indexOf('sujet=') === -1) {\r\n                var separator = currentHref.indexOf('?') !== -1 ? '&' : '?';\r\n                var newLink = currentHref + separator + 'sujet=' + encodedTitle;\r\n                \r\n                btn.setAttribute('href', newLink);\r\n            }\r\n        });\r\n    }\r\n});\r\n<\/script><\/div>\n<\/div>\n\n\n\n<p><\/p>\n<\/div>\n<\/div>\n\n<div class=\"wp-block-columns is-layout-flex wp-container-core-columns-is-layout-28f84493 wp-block-columns-is-layout-flex\">\n<div class=\"wp-block-column is-layout-flow wp-block-column-is-layout-flow\">\n<h2 class=\"wp-block-heading has-text-align-center\"><strong>\u041f\u043e\u043b\u0437\u0438<\/strong><\/h2>\n\n\n\n<ul class=\"wp-block-list\">\n<li>\u0412\u0435\u043d\u0442\u0438\u043b\u0430\u0442\u043e\u0440 \u0441 \u043c\u043d\u043e\u0433\u043e \u0432\u0438\u0441\u043e\u043a\u0430 \u0435\u0444\u0435\u043a\u0442\u0438\u0432\u043d\u043e\u0441\u0442<\/li>\n\n\n\n<li>\u0417\u0430\u0433\u043b\u0443\u0448\u0438\u0442\u0435\u043b<\/li>\n\n\n\n<li>\u041c\u043e\u0431\u0438\u043b\u0435\u043d, \u043b\u0435\u043a, \u043b\u0435\u0441\u0435\u043d \u0437\u0430 \u0443\u043f\u043e\u0442\u0440\u0435\u0431\u0430<\/li>\n\n\n\n<li>\u041c\u0430\u043b\u044a\u043a \u043e\u0442\u043f\u0435\u0447\u0430\u0442\u044a\u043a<\/li>\n\n\n\n<li>\u041b\u0435\u0441\u043d\u0430 \u043f\u043e\u0434\u0434\u0440\u044a\u0436\u043a\u0430 \u043d\u0430 \u0444\u0438\u043b\u0442\u044a\u0440\u0430<\/li>\n\n\n\n<li>\u0414\u0435\u0431\u0438\u0442\u044a\u0442 \u0441\u0435 \u0440\u0435\u0433\u0443\u043b\u0438\u0440\u0430 \u043e\u0442 0 \u0434\u043e 100%.<\/li>\n\n\n\n<li>\u0421\u0438\u0441\u0442\u0435\u043c\u0430 Plug &amp; Play<\/li>\n<\/ul>\n\n\n\n<p><\/p>\n<\/div>\n\n\n\n<div class=\"wp-block-column is-layout-flow wp-block-column-is-layout-flow\">\n<h2 class=\"wp-block-heading has-text-align-center\"><strong>\u0421\u043f\u0435\u0446\u0438\u0430\u043b\u043d\u0438 \u0444\u0443\u043d\u043a\u0446\u0438\u0438<\/strong><\/h2>\n\n\n\n<ul class=\"wp-block-list\">\n<li>\u041b\u0435\u0441\u043d\u0430 \u043f\u043e\u0434\u043c\u044f\u043d\u0430 \u043d\u0430 \u0444\u0438\u043b\u0442\u044a\u0440\u043d\u0430\u0442\u0430 \u0441\u0440\u0435\u0434\u0430<\/li>\n\n\n\n<li>\u0412\u044a\u0437\u043c\u043e\u0436\u043d\u043e\u0441\u0442 \u0437\u0430 \u043d\u0430\u0434\u0433\u0440\u0430\u0436\u0434\u0430\u043d\u0435 \u0438 \u043a\u043e\u043d\u0444\u0438\u0433\u0443\u0440\u0438\u0440\u0430\u043d\u0435<\/li>\n\n\n\n<li>Atex 2 \u0433\u0430\u0437 \/ Atex 22 \u043f\u0440\u0430\u0445<\/li>\n\n\n\n<li>\u0412\u0438\u0441\u043e\u043a \u043a\u0430\u043f\u0430\u0446\u0438\u0442\u0435\u0442 \u043d\u0430 \u0430\u0434\u0441\u043e\u0440\u0431\u0446\u0438\u044f<\/li>\n\n\n\n<li>\u0427\u0430\u0441\u043e\u0432\u043d\u0438\u043a<\/li>\n\n\n\n<li>\u0418\u043d\u0434\u0438\u043a\u0430\u0442\u043e\u0440 \u0437\u0430 \u0437\u0430\u043c\u044a\u0440\u0441\u0435\u043d \u0444\u0438\u043b\u0442\u044a\u0440<\/li>\n\n\n\n<li>220V<\/li>\n<\/ul>\n\n\n\n<p><\/p>\n<\/div>\n\n\n\n<div class=\"wp-block-column is-layout-flow wp-block-column-is-layout-flow\">\n<h2 class=\"wp-block-heading has-text-align-center\"><strong>\u0425\u0430\u0440\u0430\u043a\u0442\u0435\u0440\u0438\u0441\u0442\u0438\u043a\u0438<\/strong><\/h2>\n\n\n\n<ul class=\"wp-block-list\">\n<li>\u041c\u0430\u043a\u0441\u0438\u043c\u0430\u043b\u0435\u043d \u0434\u0435\u0431\u0438\u0442 1200 m3\/h<\/li>\n\n\n\n<li>\u0434\u0438\u0430\u043c\u0435\u0442\u044a\u0440 \u043d\u0430 \u0432\u0445\u043e\u0434\u0430 140 mm<\/li>\n\n\n\n<li>\u041c\u0430\u043a\u0441\u0438\u043c\u0430\u043b\u0435\u043d \u0432\u0430\u043a\u0443\u0443\u043c 1350 Pa<\/li>\n\n\n\n<li>\u041d\u043e\u043c\u0438\u043d\u0430\u043b\u043d\u0430 \u043c\u043e\u0449\u043d\u043e\u0441\u0442 0,75 kW<\/li>\n\n\n\n<li>15 \u043a\u0433 \u0444\u0438\u043b\u0442\u044a\u0440 \u0441 \u0430\u043a\u0442\u0438\u0432\u0435\u043d \u0432\u044a\u0433\u043b\u0435\u043d<\/li>\n\n\n\n<li>\u0420\u0430\u0437\u043c\u0435\u0440\u0438: 700 x 710 x 1060 \u043c\u043c<\/li>\n\n\n\n<li>\u0422\u0435\u0433\u043b\u043e 90 \u043a\u0433<\/li>\n\n\n\n<li>\u041d\u0438\u0432\u043e \u043d\u0430 \u0448\u0443\u043c\u0430 68 db<\/li>\n<\/ul>\n\n\n\n<figure class=\"wp-block-image aligncenter size-large is-resized\"><img decoding=\"async\" width=\"1024\" height=\"549\" src=\"https:\/\/obera.fr\/wp-content\/uploads\/2025\/03\/charbon-actif-mix-1024x549.jpg\" alt=\"&#x441;&#x43C;&#x435;&#x441; &#x43E;&#x442; &#x430;&#x43A;&#x442;&#x438;&#x432;&#x435;&#x43D; &#x432;&#x44A;&#x433;&#x43B;&#x435;&#x43D;\" class=\"wp-image-76515\" style=\"width:207px;height:auto\" srcset=\"https:\/\/obera.fr\/wp-content\/uploads\/2025\/03\/charbon-actif-mix-1024x549.jpg 1024w, https:\/\/obera.fr\/wp-content\/uploads\/2025\/03\/charbon-actif-mix-300x161.jpg 300w, https:\/\/obera.fr\/wp-content\/uploads\/2025\/03\/charbon-actif-mix-768x412.jpg 768w, https:\/\/obera.fr\/wp-content\/uploads\/2025\/03\/charbon-actif-mix.jpg 1200w\" sizes=\"(max-width: 1024px) 100vw, 1024px\" \/><\/figure>\n<\/div>\n<\/div>\n\n<div class=\"wp-block-columns is-layout-flex wp-container-core-columns-is-layout-28f84493 wp-block-columns-is-layout-flex\">\n<div class=\"wp-block-column is-layout-flow wp-block-column-is-layout-flow\" style=\"flex-basis:25%\"><\/div>\n\n\n\n<div class=\"wp-block-column is-layout-flow wp-block-column-is-layout-flow\" style=\"flex-basis:50%\">\n<figure class=\"wp-block-embed is-type-video is-provider-youtube wp-block-embed-youtube wp-embed-aspect-16-9 wp-has-aspect-ratio\"><div class=\"wp-block-embed__wrapper\">\n<iframe title=\"Caisson mobile d&#039;aspiration - ePURbox Atex - OberA\" width=\"1200\" height=\"675\" src=\"https:\/\/www.youtube.com\/embed\/vpDttbOwJGQ?feature=oembed&#038;enablejsapi=1&#038;origin=https:\/\/obera.fr\" frameborder=\"0\" allow=\"accelerometer; autoplay; clipboard-write; encrypted-media; gyroscope; picture-in-picture; web-share\" referrerpolicy=\"strict-origin-when-cross-origin\" allowfullscreen><\/iframe>\n<\/div><\/figure>\n\n\n\n<p><\/p>\n<\/div>\n<\/div>\n\n<h2 class=\"wp-block-heading\">\u0412 \u043a\u043e\u0438 \u043f\u0440\u043e\u043c\u0438\u0448\u043b\u0435\u043d\u0438 \u0441\u0435\u043a\u0442\u043e\u0440\u0438 \u0441\u0435 \u0438\u0437\u043f\u043e\u043b\u0437\u0432\u0430?<\/h2>\n\n<div class=\"wp-block-columns is-layout-flex wp-container-core-columns-is-layout-28f84493 wp-block-columns-is-layout-flex\">\n<div class=\"wp-block-column is-layout-flow wp-block-column-is-layout-flow\">\n<h3 class=\"wp-block-heading has-text-align-center\">\u0417\u0430\u043c\u044a\u0440\u0441\u0438\u0442\u0435\u043b\u0438<\/h3>\n\n\n\n<hr class=\"wp-block-separator has-css-opacity is-style-wide\"\/>\n\n\n\n<div class=\"wp-block-columns is-layout-flex wp-container-core-columns-is-layout-28f84493 wp-block-columns-is-layout-flex\">\n<div class=\"wp-block-column is-layout-flow wp-block-column-is-layout-flow\">\n<figure class=\"wp-block-image aligncenter size-large\"><img decoding=\"async\" width=\"70\" height=\"70\" src=\"https:\/\/obera.fr\/wp-content\/uploads\/2020\/08\/industrie-fumees.jpg\" alt=\"&#x418;&#x43D;&#x434;&#x443;&#x441;&#x442;&#x440;&#x438;&#x430;&#x43B;&#x435;&#x43D; &#x434;&#x438;&#x43C;\" class=\"wp-image-722\"\/><figcaption class=\"wp-element-caption\">\u0418\u0437\u043f\u0430\u0440\u0435\u043d\u0438\u044f<\/figcaption><\/figure>\n<\/div>\n\n\n\n<div class=\"wp-block-column is-layout-flow wp-block-column-is-layout-flow\"><\/div>\n<\/div>\n\n\n\n<p><\/p>\n<\/div>\n\n\n\n<div class=\"wp-block-column is-layout-flow wp-block-column-is-layout-flow\">\n<h3 class=\"wp-block-heading has-text-align-center\">\u0418\u043d\u0434\u0443\u0441\u0442\u0440\u0438\u0438<\/h3>\n\n\n\n<hr class=\"wp-block-separator has-css-opacity is-style-wide\"\/>\n\n\n\n<div class=\"wp-block-columns is-layout-flex wp-container-core-columns-is-layout-28f84493 wp-block-columns-is-layout-flex\">\n<div class=\"wp-block-column is-layout-flow wp-block-column-is-layout-flow\">\n<figure class=\"wp-block-image aligncenter size-large\"><img decoding=\"async\" width=\"70\" height=\"70\" src=\"https:\/\/obera.fr\/wp-content\/uploads\/2020\/08\/industrie-metallurgie.jpg\" alt=\"&#x41C;&#x435;&#x442;&#x430;&#x43B;&#x443;&#x440;&#x433;&#x438;&#x447;&#x43D;&#x430; &#x43F;&#x440;&#x43E;&#x43C;&#x438;&#x448;&#x43B;&#x435;&#x43D;&#x43E;&#x441;&#x442;\" class=\"wp-image-673\"\/><figcaption class=\"wp-element-caption\">\u041c\u0435\u0442\u0430\u043b\u0443\u0440\u0433\u0438\u044f<\/figcaption><\/figure>\n<\/div>\n\n\n\n<div class=\"wp-block-column is-layout-flow wp-block-column-is-layout-flow\"><\/div>\n<\/div>\n<\/div>\n<\/div>\n\n<div class=\"wp-block-buttons is-horizontal is-content-justification-center is-layout-flex wp-container-core-buttons-is-layout-03627597 wp-block-buttons-is-layout-flex\">\n<div class=\"wp-block-button has-custom-width wp-block-button__width-100\"><a class=\"wp-block-button__link wp-element-button\" href=\"https:\/\/obera.fr\/bg\/%D1%81%D0%B2%D1%8A%D1%80%D0%B6%D0%B5%D1%82%D0%B5-%D1%81%D0%B5-%D1%81-%D0%BD%D0%B0%D1%81\/\">\u041d\u0430\u0443\u0447\u0435\u0442\u0435 \u043f\u043e\u0432\u0435\u0447\u0435<\/a><\/div>\n<\/div>\n\n<h2 class=\"wp-block-heading\">\u0422\u0435\u0445\u043d\u0438\u0447\u0435\u0441\u043a\u0438 \u0441\u043f\u0435\u0446\u0438\u0444\u0438\u043a\u0430\u0446\u0438\u0438<\/h2>\n\n<figure class=\"wp-block-table\"><table class=\"has-fixed-layout\"><thead><tr><th>\u0423\u0441\u0442\u0440\u043e\u0439\u0441\u0442\u0432\u043e<\/th><th><\/th><th>ePURBOX<\/th><\/tr><\/thead><tbody><tr><td>\u041f\u043e\u0442\u043e\u043a<\/td><td>m3\/h<\/td><td>1 200<\/td><\/tr><tr><td>\u0414\u0438\u0430\u043c\u0435\u0442\u044a\u0440 \u043d\u0430 \u0432\u0445\u043e\u0434\u0430<\/td><td>mm<\/td><td>140<\/td><\/tr><tr><td>\u041c\u0430\u043a\u0441\u0438\u043c\u0430\u043b\u0435\u043d \u0432\u0430\u043a\u0443\u0443\u043c<\/td><td>\u041f\u0430<\/td><td>1 350<\/td><\/tr><tr><td>\u0417\u0430\u0445\u0440\u0430\u043d\u0432\u0430\u0449\u043e \u043d\u0430\u043f\u0440\u0435\u0436\u0435\u043d\u0438\u0435<\/td><td>V<\/td><td>230<\/td><\/tr><tr><td>\u0417\u0430\u0445\u0440\u0430\u043d\u0432\u0430\u043d\u0435<\/td><td>kW<\/td><td>0.75<\/td><\/tr><tr><td>\u0420\u0430\u0437\u043c\u0435\u0440\u0438<\/td><td>l\/L\/h (mm)<\/td><td>700 x 710 x 1060 \u043c\u043c<\/td><\/tr><tr><td>\u0422\u0435\u0433\u043b\u043e<\/td><td>kg<\/td><td>90<\/td><\/tr><tr><td>\u041d\u0438\u0432\u043e \u043d\u0430 \u0448\u0443\u043c\u0430<\/td><td>dB(A)<\/td><td>68<\/td><\/tr><\/tbody><\/table><\/figure>\n\n<div class=\"wp-block-buttons is-content-justification-center is-layout-flex wp-container-core-buttons-is-layout-a89b3969 wp-block-buttons-is-layout-flex\">\n<div class=\"wp-block-button is-style-fill\"><a class=\"wp-block-button__link wp-element-button\" href=\"https:\/\/obera.fr\/wp-content\/uploads\/2025\/04\/brochure-epurbox-atex-brs-fr.pdf\">\u0418\u0437\u0442\u0435\u0433\u043b\u0435\u0442\u0435 \u043f\u0440\u043e\u0434\u0443\u043a\u0442\u043e\u0432\u0438\u044f \u043b\u0438\u0441\u0442<\/a><\/div>\n<\/div>\n\n<hr class=\"wp-block-separator has-css-opacity is-style-dots\"\/>\n","protected":false},"excerpt":{"rendered":"<p>\u041f\u043e\u043b\u0437\u0438 \u0421\u043f\u0435\u0446\u0438\u0430\u043b\u043d\u0438 \u0444\u0443\u043d\u043a\u0446\u0438\u0438 \u0425\u0430\u0440\u0430\u043a\u0442\u0435\u0440\u0438\u0441\u0442\u0438\u043a\u0438 \u0412 \u043a\u043e\u0438 \u043f\u0440\u043e\u043c\u0438\u0448\u043b\u0435\u043d\u0438 \u0441\u0435\u043a\u0442\u043e\u0440\u0438 \u0441\u0435 \u0438\u0437\u043f\u043e\u043b\u0437\u0432\u0430? \u0417\u0430\u043c\u044a\u0440\u0441\u0438\u0442\u0435\u043b\u0438 \u0418\u043d\u0434\u0443\u0441\u0442\u0440\u0438\u0438 \u0422\u0435\u0445\u043d\u0438\u0447\u0435\u0441\u043a\u0438 \u0441\u043f\u0435\u0446\u0438\u0444\u0438\u043a\u0430\u0446\u0438\u0438 \u0423\u0441\u0442\u0440\u043e\u0439\u0441\u0442\u0432\u043e ePURBOX \u041f\u043e\u0442\u043e\u043a m3\/h 1 200 \u0414\u0438\u0430\u043c\u0435\u0442\u044a\u0440 \u043d\u0430 \u0432\u0445\u043e\u0434\u0430 mm 140 \u041c\u0430\u043a\u0441\u0438\u043c\u0430\u043b\u0435\u043d \u0432\u0430\u043a\u0443\u0443\u043c \u041f\u0430 1 350 \u0417\u0430\u0445\u0440\u0430\u043d\u0432\u0430\u0449\u043e \u043d\u0430\u043f\u0440\u0435\u0436\u0435\u043d\u0438\u0435 V 230 \u0417\u0430\u0445\u0440\u0430\u043d\u0432\u0430\u043d\u0435 kW 0.75 \u0420\u0430\u0437\u043c\u0435\u0440\u0438 l\/L\/h (mm) 700 x 710 x 1060 \u043c\u043c \u0422\u0435\u0433\u043b\u043e kg 90 \u041d\u0438\u0432\u043e \u043d\u0430 \u0448\u0443\u043c\u0430 dB(A) 68<\/p>\n","protected":false},"author":4,"featured_media":83733,"parent":39631,"menu_order":0,"comment_status":"closed","ping_status":"closed","template":"","meta":{"_acf_changed":false,"_seopress_robots_primary_cat":"","_seopress_titles_title":"Caisson mobile d'aspiration ePURBOX BRS - oberA","_seopress_titles_desc":"Un caisson mobile d\u2019aspiration, aussi appel\u00e9 caisson mobile de filtration ou unit\u00e9 mobile d\u2019aspiration ou encore unit\u00e9 mobile de filtration, est g\u00e9n\u00e9ralement un petit appareil mobile permettant d\u2019aspirer les polluants \u00e0 la source et de les filtrer.","_seopress_robots_index":"","footnotes":""},"class_list":{"0":"post-64902","1":"page","2":"type-page","3":"status-publish","4":"has-post-thumbnail","6":"no-featured-image-padding","7":"resize-featured-image"},"acf":[],"_links":{"self":[{"href":"https:\/\/obera.fr\/bg\/wp-json\/wp\/v2\/pages\/64902","targetHints":{"allow":["GET"]}}],"collection":[{"href":"https:\/\/obera.fr\/bg\/wp-json\/wp\/v2\/pages"}],"about":[{"href":"https:\/\/obera.fr\/bg\/wp-json\/wp\/v2\/types\/page"}],"author":[{"embeddable":true,"href":"https:\/\/obera.fr\/bg\/wp-json\/wp\/v2\/users\/4"}],"replies":[{"embeddable":true,"href":"https:\/\/obera.fr\/bg\/wp-json\/wp\/v2\/comments?post=64902"}],"version-history":[{"count":18,"href":"https:\/\/obera.fr\/bg\/wp-json\/wp\/v2\/pages\/64902\/revisions"}],"predecessor-version":[{"id":116655,"href":"https:\/\/obera.fr\/bg\/wp-json\/wp\/v2\/pages\/64902\/revisions\/116655"}],"up":[{"embeddable":true,"href":"https:\/\/obera.fr\/bg\/wp-json\/wp\/v2\/pages\/39631"}],"wp:featuredmedia":[{"embeddable":true,"href":"https:\/\/obera.fr\/bg\/wp-json\/wp\/v2\/media\/83733"}],"wp:attachment":[{"href":"https:\/\/obera.fr\/bg\/wp-json\/wp\/v2\/media?parent=64902"}],"curies":[{"name":"wp","href":"https:\/\/api.w.org\/{rel}","templated":true}]}}