{"id":115332,"date":"2025-06-26T12:05:10","date_gmt":"2025-06-26T10:05:10","guid":{"rendered":"https:\/\/obera.fr\/clearbox\/"},"modified":"2025-06-26T12:08:00","modified_gmt":"2025-06-26T10:08:00","slug":"clearbox","status":"publish","type":"page","link":"https:\/\/obera.fr\/cs\/clearbox\/","title":{"rendered":"Clearbox"},"content":{"rendered":"\n<div class=\"wp-block-columns is-layout-flex wp-container-core-columns-is-layout-28f84493 wp-block-columns-is-layout-flex\">\n<div class=\"wp-block-column is-layout-flow wp-block-column-is-layout-flow\" style=\"flex-basis:33.33%\">\n<figure class=\"wp-block-image aligncenter size-medium\"><img decoding=\"async\" width=\"300\" height=\"267\" src=\"https:\/\/obera.fr\/wp-content\/uploads\/2025\/06\/clearbox-300x267.png\" alt=\"clearbox\" class=\"wp-image-109012\" srcset=\"https:\/\/obera.fr\/wp-content\/uploads\/2025\/06\/clearbox-300x267.png 300w, https:\/\/obera.fr\/wp-content\/uploads\/2025\/06\/clearbox.png 534w\" sizes=\"(max-width: 300px) 100vw, 300px\" \/><figcaption class=\"wp-element-caption\">Clearbox<\/figcaption><\/figure>\n<\/div>\n\n\n\n<div class=\"wp-block-column is-layout-flow wp-block-column-is-layout-flow\" style=\"flex-basis:66.66%\">\n<p class=\"has-drop-cap\"><\/p>\n\n\n\n<hr class=\"wp-block-separator has-text-color has-black-color has-css-opacity has-black-background-color has-background is-style-dots\"\/>\n\n\n\n<div class=\"wp-block-columns is-layout-flex wp-container-core-columns-is-layout-28f84493 wp-block-columns-is-layout-flex\">\n<div class=\"wp-block-column is-layout-flow wp-block-column-is-layout-flow\" style=\"flex-basis:33.33%\">\n<div class=\"wp-block-buttons is-layout-flex wp-block-buttons-is-layout-flex\">\n<div class=\"wp-block-button\"><a class=\"wp-block-button__link wp-element-button\" href=\"https:\/\/obera.fr\/wp-content\/uploads\/2025\/06\/fr-caisson-mobile-daspiration-clearbox-1.pdf\">ST\u00c1HNOUT BRO\u017dURU<\/a><\/div>\n<\/div>\n<\/div>\n\n\n\n<div class=\"wp-block-column is-layout-flow wp-block-column-is-layout-flow\" style=\"flex-basis:33.34%\">\n<div class=\"wp-block-buttons is-horizontal is-content-justification-center is-layout-flex wp-container-core-buttons-is-layout-03627597 wp-block-buttons-is-layout-flex\">\n<div class=\"wp-block-button has-custom-width wp-block-button__width-100\"><a class=\"wp-block-button__link wp-element-button\" href=\"https:\/\/obera.fr\/cs\/kontaktujte-nas\/\">Zjist\u011bte v\u00edce<\/a><\/div>\n<\/div>\n<\/div>\n\n\n\n<div class=\"wp-block-column is-layout-flow wp-block-column-is-layout-flow\" style=\"flex-basis:33.34%\">\n<div class=\"wp-block-buttons is-content-justification-center is-layout-flex wp-container-core-buttons-is-layout-a89b3969 wp-block-buttons-is-layout-flex\">\n<div class=\"wp-block-button btn-devis-source\"><a class=\"wp-block-button__link wp-element-button\" href=\"https:\/\/obera.fr\/cs\/devis\/\">Po\u017e\u00e1dat o cenovou nab\u00eddku<\/a><\/div>\n<\/div>\n\n\n<script>\r\ndocument.addEventListener('DOMContentLoaded', function() {\r\n    \/\/ 1. On cherche le titre H1 de la page\r\n    var h1 = document.querySelector('h1');\r\n    var productTitle = h1 ? h1.innerText.trim() : \"\";\r\n\r\n    \/\/ 2. On cherche les boutons via la classe CSS .btn-devis-source\r\n    var buttons = document.querySelectorAll('.btn-devis-source a');\r\n\r\n    \/\/ 3. Si on a le titre et les boutons, on ajoute le param\u00e8tre\r\n    if (buttons.length > 0 && productTitle !== \"\") {\r\n        var encodedTitle = encodeURIComponent(productTitle);\r\n\r\n        buttons.forEach(function(btn) {\r\n            var currentHref = btn.getAttribute('href');\r\n            \r\n            \/\/ S\u00e9curit\u00e9 pour ne pas ajouter le param\u00e8tre 2 fois\r\n            if (currentHref.indexOf('sujet=') === -1) {\r\n                var separator = currentHref.indexOf('?') !== -1 ? '&' : '?';\r\n                var newLink = currentHref + separator + 'sujet=' + encodedTitle;\r\n                \r\n                btn.setAttribute('href', newLink);\r\n            }\r\n        });\r\n    }\r\n});\r\n<\/script><\/div>\n<\/div>\n\n\n\n<p><\/p>\n<\/div>\n<\/div>\n\n<p>Clearbox je <strong>mobiln\u00ed ods\u00e1vac\u00ed jednotka<\/strong> vyroben\u00e1 ve Francii s p\u011btiletou z\u00e1rukou a vysok\u00fdm pr\u016ftokem. Je speci\u00e1ln\u011b navr\u017eena pro zpracov\u00e1n\u00ed t\u011bkav\u00fdch organick\u00fdch l\u00e1tek (VOC), plyn\u016f, pach\u016f, rozpou\u0161t\u011bdel, prachu a v\u00fdpar\u016f.   <\/p>\n\n<p><\/p>\n\n<p>Tato jednotka nab\u00edz\u00ed r\u016fzn\u00e9 \u00farovn\u011b filtrace, od 2 do 3 stup\u0148\u016f, a lze ji nakonfigurovat podle konkr\u00e9tn\u00edch pot\u0159eb, co\u017e zaru\u010duje optim\u00e1ln\u00ed \u00fa\u010dinnost p\u0159i<strong>odstra\u0148ov\u00e1n\u00ed zne\u010di\u0161\u0165uj\u00edc\u00edch l\u00e1tek<\/strong>. Je vybavena p\u0159edfiltrem G4, nasycovac\u00edmi filtry F9 a\u017e H14 pro prach a v\u00fdpary a m\u016f\u017ee obsahovat aktivn\u00ed uhl\u00ed pro <strong>\u00fapravu plyn\u016f a t\u011bkav\u00fdch organick\u00fdch l\u00e1tek<\/strong>.   <\/p>\n\n<p><\/p>\n\n<p>Nav\u00edc je k dispozici ve t\u0159ech verz\u00edch: se sac\u00edm ramenem, s trubkov\u00fdm p\u0159\u00edvodem nebo ve <strong>form\u011b sac\u00edho stolu<\/strong>. K dispozici je tak\u00e9 verze pro prach ATEX. <\/p>\n\n<div class=\"wp-block-columns is-layout-flex wp-container-core-columns-is-layout-28f84493 wp-block-columns-is-layout-flex\">\n<div class=\"wp-block-column is-layout-flow wp-block-column-is-layout-flow\">\n<h2 class=\"wp-block-heading has-text-align-center\"><strong>V\u00fdhody<\/strong><\/h2>\n\n\n\n<ul class=\"wp-block-list\">\n<li>Velmi vysok\u00fd ventil\u00e1tor<\/li>\n\n\n\n<li>v\u00fdkon<\/li>\n\n\n\n<li>Tlumi\u010d hluku<\/li>\n\n\n\n<li>Mobiln\u00ed, lehk\u00e9 a snadno ovladateln\u00e9<br\/><\/li>\n\n\n\n<li>Mal\u00e1 plocha<br\/><\/li>\n\n\n\n<li>Snadn\u00e1 \u00fadr\u017eba<br\/>filtr\u016f<\/li>\n\n\n\n<li>Pr\u016ftok nastaviteln\u00fd od 0 do<br\/>100 %.<\/li>\n\n\n\n<li>Nap\u00e1jen\u00ed pomoc\u00ed<br\/>standardn\u00ed 230V z\u00e1suvky<\/li>\n<\/ul>\n<\/div>\n\n\n\n<div class=\"wp-block-column is-layout-flow wp-block-column-is-layout-flow\">\n<h2 class=\"wp-block-heading has-text-align-center\"><strong>Speci\u00e1ln\u00ed funkce<\/strong><\/h2>\n\n\n\n<ul class=\"wp-block-list\">\n<li>V\u00fdm\u011bna<\/li>\n\n\n\n<li>vysoce v\u00fdkonn\u00e1 filtra\u010dn\u00ed m\u00e9dia<\/li>\n\n\n\n<li>snadno<\/li>\n\n\n\n<li>Mo\u017enost aktualizace a konfigurace<br\/><\/li>\n\n\n\n<li>Vysok\u00e1 adsorp\u010dn\u00ed kapacita<br\/><\/li>\n\n\n\n<li>Hodinov\u00fd m\u011b\u0159i\u010d<\/li>\n\n\n\n<li>M\u011b\u0159en\u00ed<br\/>ne\u010distot na filtrech<br\/><\/li>\n\n\n\n<li>Nastaven\u00ed pr\u016ftoku od<br\/>0 do 100 %.<\/li>\n\n\n\n<li>Syst\u00e9m Plug &amp; Play<\/li>\n\n\n\n<li>Mo\u017enost ATEX<br\/>prach<\/li>\n<\/ul>\n<\/div>\n\n\n\n<div class=\"wp-block-column is-layout-flow wp-block-column-is-layout-flow\">\n<h2 class=\"wp-block-heading has-text-align-center\"><strong>Funkce<\/strong><\/h2>\n\n\n\n<ul class=\"wp-block-list\">\n<li>Maxim\u00e1ln\u00ed pr\u016ftok :<\/li>\n\n\n\n<li>2000m3\/h<\/li>\n\n\n\n<li>Instalovan\u00fd v\u00fdkon:<br\/>750W<\/li>\n\n\n\n<li>Nap\u00e1jen\u00ed: 230V<\/li>\n\n\n\n<li>Rozm\u011bry: 710 x<br\/>710 x 2050<\/li>\n\n\n\n<li>Hmotnost: 70 kg<\/li>\n\n\n\n<li>Hladina hluku:<br\/>72 dB<\/li>\n<\/ul>\n<\/div>\n<\/div>\n\n<h2 class=\"wp-block-heading\">Pro jak\u00e9 \u00fa\u010dely?<\/h2>\n\n<p><strong>Clearbox je praktick\u00e9 <\/strong>, kompaktn\u00ed <strong>za\u0159\u00edzen\u00ed <\/strong>ur\u010den\u00e9 k \u00fa\u010dinn\u00e9mu zachycov\u00e1n\u00ed a zpracov\u00e1n\u00ed plynn\u00fdch zne\u010di\u0161\u0165uj\u00edc\u00edch l\u00e1tek, z\u00e1pachu, prachu a v\u00fdpar\u016f. Je vybaven kole\u010dky, tak\u017ee <strong>se snadno vejde do jak\u00e9hokoli pracovn\u00edho prostoru<\/strong> a m\u016f\u017ee o\u0161et\u0159ovat pevn\u00e1 i mobiln\u00ed pracovi\u0161t\u011b. <\/p>\n\n<p><br\/>Clearbox je vybaven <strong>p\u0159edfiltrem G4, nasycovac\u00edmi filtry F9 a\u017e H14 <\/strong>a v p\u0159\u00edpad\u011b pot\u0159eby aktivn\u00edm uhl\u00edm. Je k dispozici tak\u00e9 v prachov\u00e9 verzi ATEX. Pro spr\u00e1vnou funkci jednotky je nezbytn\u00e1 pravideln\u00e1 \u00fadr\u017eba filtr\u016f.  <\/p>\n\n<div class=\"wp-block-columns is-layout-flex wp-container-core-columns-is-layout-28f84493 wp-block-columns-is-layout-flex\">\n<div class=\"wp-block-column is-layout-flow wp-block-column-is-layout-flow\">\n<h3 class=\"wp-block-heading has-text-align-center\">Zne\u010di\u0161\u0165uj\u00edc\u00ed l\u00e1tky<\/h3>\n\n\n\n<hr class=\"wp-block-separator has-css-opacity is-style-wide\"\/>\n\n\n\n<div class=\"wp-block-columns is-layout-flex wp-container-core-columns-is-layout-28f84493 wp-block-columns-is-layout-flex\">\n<div class=\"wp-block-column is-layout-flow wp-block-column-is-layout-flow\">\n<figure class=\"wp-block-image aligncenter size-large\"><img decoding=\"async\" width=\"70\" height=\"70\" src=\"https:\/\/obera.fr\/wp-content\/uploads\/2020\/08\/industrie-fumees.jpg\" alt=\"Pr&#x16F;myslov&#xFD; kou&#x159;\" class=\"wp-image-722\"\/><figcaption class=\"wp-element-caption\">V\u00fdpary<\/figcaption><\/figure>\n<\/div>\n\n\n\n<div class=\"wp-block-column is-layout-flow wp-block-column-is-layout-flow\">\n<figure class=\"wp-block-image aligncenter size-large\"><img decoding=\"async\" width=\"70\" height=\"70\" src=\"https:\/\/obera.fr\/wp-content\/uploads\/2020\/08\/polluants-poussieres.jpg\" alt=\"Zne&#x10D;i&#x161;&#x165;uj&#xED;c&#xED; l&#xE1;tky Prach\" class=\"wp-image-675\"\/><figcaption class=\"wp-element-caption\">Prach<\/figcaption><\/figure>\n<\/div>\n<\/div>\n\n\n\n<div class=\"wp-block-columns is-layout-flex wp-container-core-columns-is-layout-28f84493 wp-block-columns-is-layout-flex\">\n<div class=\"wp-block-column is-layout-flow wp-block-column-is-layout-flow\">\n<figure class=\"wp-block-image aligncenter size-large\"><img decoding=\"async\" width=\"70\" height=\"70\" src=\"https:\/\/obera.fr\/wp-content\/uploads\/2020\/08\/industrie-odeur.jpg\" alt=\"Z&#xE1;pach z pr&#x16F;myslu\" class=\"wp-image-723\"\/><figcaption class=\"wp-element-caption\">Z\u00e1pachy<\/figcaption><\/figure>\n<\/div>\n\n\n\n<div class=\"wp-block-column is-layout-flow wp-block-column-is-layout-flow\">\n<figure class=\"wp-block-image aligncenter size-large is-resized\"><img decoding=\"async\" width=\"70\" height=\"70\" src=\"https:\/\/obera.fr\/wp-content\/uploads\/2020\/10\/industrie-aerosols.jpg\" alt=\"Pr&#x16F;myslov&#xE9; aerosoly\" class=\"wp-image-1201\" style=\"width:70px;height:auto\"\/><figcaption class=\"wp-element-caption\">VOCS<\/figcaption><\/figure>\n<\/div>\n<\/div>\n<\/div>\n\n\n\n<div class=\"wp-block-column is-layout-flow wp-block-column-is-layout-flow\">\n<h3 class=\"wp-block-heading has-text-align-center\">Odv\u011btv\u00ed<\/h3>\n\n\n\n<hr class=\"wp-block-separator has-css-opacity is-style-wide\"\/>\n\n\n\n<div class=\"wp-block-columns is-layout-flex wp-container-core-columns-is-layout-28f84493 wp-block-columns-is-layout-flex\">\n<div class=\"wp-block-column is-layout-flow wp-block-column-is-layout-flow\" style=\"flex-basis:100%\">\n<div style=\"height:47px\" aria-hidden=\"true\" class=\"wp-block-spacer\"><\/div>\n\n\n\n<p class=\"has-text-align-center\">Vhodn\u00e9 pro v\u0161echny typy pr\u016fmyslu<\/p>\n<\/div>\n\n\n\n<div class=\"wp-block-column is-layout-flow wp-block-column-is-layout-flow\"><\/div>\n<\/div>\n<\/div>\n<\/div>\n\n<div class=\"wp-block-buttons is-horizontal is-content-justification-center is-layout-flex wp-container-core-buttons-is-layout-03627597 wp-block-buttons-is-layout-flex\">\n<div class=\"wp-block-button has-custom-width wp-block-button__width-100\"><a class=\"wp-block-button__link wp-element-button\" href=\"https:\/\/obera.fr\/cs\/kontaktujte-nas\/\">Zjist\u011bte v\u00edce<\/a><\/div>\n<\/div>\n\n<h2 class=\"wp-block-heading\">Jak\u00e9 jsou funkce za\u0159\u00edzen\u00ed Clearbox?<\/h2>\n\n<p>Clearbox je <strong>mobiln\u00ed sac\u00ed jednotka<\/strong> vyroben\u00e1 ve Francii s p\u011btiletou z\u00e1rukou a vysoce v\u00fdkonn\u00fdm pr\u016ftokem 2000 m\u00b3\/h. Je vybavena 3 \u00farovn\u011bmi vysoce v\u00fdkonn\u00e9 filtrace, kter\u00e9 lze nakonfigurovat podle va\u0161ich pot\u0159eb. Je k dispozici ve 2 \u00farovn\u00edch <strong>filtrace s p\u0159edfiltrem G4 <\/strong>a nasycovac\u00edm filtrem F9 a\u017e H14 nebo ve 3 \u00farovn\u00edch s aktivn\u00edm uhl\u00edm.    <\/p>\n\n<p><\/p>\n\n<p>Nav\u00edc se dod\u00e1v\u00e1 ve t\u0159ech verz\u00edch: s ods\u00e1vac\u00edm ramenem, s trubkov\u00fdm p\u0159\u00edvodem nebo ve <strong>form\u011b ods\u00e1vac\u00edho stolu<\/strong> a lze jej upravit i na prachovou verzi ATEX. D\u00edky sv\u00e9 vysok\u00e9 adsorp\u010dn\u00ed kapacit\u011b eliminuje maxim\u00e1ln\u00ed mno\u017estv\u00ed \u0161kodlivin.   <\/p>\n\n<p><\/p>\n\n<p>Pravideln\u00e1 v\u00fdm\u011bna filtr\u016f je nezbytn\u00e1 pro bezprobl\u00e9mov\u00fd provoz spot\u0159ebi\u010de. Vestav\u011bn\u00fd <strong>syst\u00e9m m\u011b\u0159en\u00ed zanesen\u00ed filtru<\/strong> indikuje, kdy je \u010das na v\u00fdm\u011bnu filtr\u016f, a v\u00fdm\u011bna filtra\u010dn\u00edch m\u00e9di\u00ed je jednoduch\u00e1. <\/p>\n\n<p><\/p>\n\n<p>Je to Plug and Play, tak\u017ee se snadno instaluje. Je vybaven kole\u010dky a <strong>mimo\u0159\u00e1dn\u011b kompaktn\u00edm designem<\/strong>, tak\u017ee se s n\u00edm snadno man\u00e9vruje a p\u0159izp\u016fsob\u00ed se jak\u00e9mukoli pracovn\u00edmu prost\u0159ed\u00ed. <\/p>\n\n<p><\/p>\n\n<figure class=\"wp-block-table\"><table class=\"has-fixed-layout\"><tbody><tr><td><strong>Za\u0159\u00edzen\u00ed  <\/strong><\/td><td><\/td><td><strong>S ramenem  <\/strong><\/td><td><strong>Trubkov\u00fd vstup  <\/strong><\/td><td><strong>Tabulka<\/strong><\/td><\/tr><tr><td>Maxim\u00e1ln\u00ed pr\u016ftok  <\/td><td>m3\/h  <\/td><td>2000  <\/td><td>2500  <\/td><td>5000<\/td><\/tr><tr><td>Regulace pr\u016ftoku<\/td><td>%\u00a0<\/td><td>0-100  <\/td><td>0-100  <\/td><td>0-100<\/td><\/tr><tr><td>Instalovan\u00e1 kapacita<\/td><td>W  <\/td><td>750  <\/td><td>750  <\/td><td>750<\/td><\/tr><tr><td>Nap\u00e1jen\u00ed  <\/td><td>V  <\/td><td>230  <\/td><td>230  <\/td><td>230<\/td><\/tr><tr><td>Celkov\u00e9 rozm\u011bry (\u0160xDxV)<\/td><td>mm  <\/td><td>710x710x2050  <\/td><td>710x710x2050  <\/td><td>710x710x2050<\/td><\/tr><tr><td>Hmotnost  <\/td><td>kg  <\/td><td>70  <\/td><td>75  <\/td><td>75<\/td><\/tr><tr><td>Hladina hluku  <\/td><td>dB  <\/td><td>72  <\/td><td>72  <\/td><td>72<\/td><\/tr><\/tbody><\/table><\/figure>\n","protected":false},"excerpt":{"rendered":"<p>Clearbox je mobiln\u00ed ods\u00e1vac\u00ed jednotka vyroben\u00e1 ve Francii s p\u011btiletou z\u00e1rukou a vysok\u00fdm pr\u016ftokem. Je speci\u00e1ln\u011b navr\u017eena pro zpracov\u00e1n\u00ed t\u011bkav\u00fdch organick\u00fdch l\u00e1tek (VOC), plyn\u016f, pach\u016f, rozpou\u0161t\u011bdel, prachu a v\u00fdpar\u016f. Tato jednotka nab\u00edz\u00ed r\u016fzn\u00e9 \u00farovn\u011b filtrace, od 2 do 3 stup\u0148\u016f, a lze ji nakonfigurovat podle konkr\u00e9tn\u00edch pot\u0159eb, co\u017e zaru\u010duje optim\u00e1ln\u00ed \u00fa\u010dinnost p\u0159iodstra\u0148ov\u00e1n\u00ed zne\u010di\u0161\u0165uj\u00edc\u00edch l\u00e1tek. Je vybavena p\u0159edfiltrem G4, nasycovac\u00edmi filtry F9 a\u017e H14 pro prach a v\u00fdpary a m\u016f\u017ee obsahovat aktivn\u00ed uhl\u00ed pro \u00fapravu plyn\u016f a t\u011bkav\u00fdch organick\u00fdch l\u00e1tek. Nav\u00edc je k dispozici ve t\u0159ech verz\u00edch: se sac\u00edm ramenem, s trubkov\u00fdm p\u0159\u00edvodem nebo ve form\u011b sac\u00edho stolu. K dispozici je &#8230; <\/p>\n<p class=\"read-more-container\"><a title=\"Clearbox\" class=\"read-more button\" href=\"https:\/\/obera.fr\/cs\/clearbox\/#more-115332\" aria-label=\"\u010c\u00edst v\u00edce o Clearbox\">Lire la suite<\/a><\/p>\n","protected":false},"author":4,"featured_media":0,"parent":0,"menu_order":0,"comment_status":"closed","ping_status":"closed","template":"","meta":{"_acf_changed":false,"_seopress_robots_primary_cat":"","_seopress_titles_title":"Clearbox: Vysoce v\u00fdkonn\u00e1 mobiln\u00ed ods\u00e1vac\u00ed jednotka","_seopress_titles_desc":"Objevte Clearbox, vysoce v\u00fdkonn\u00e9 mobiln\u00ed ods\u00e1vac\u00ed za\u0159\u00edzen\u00ed pro t\u011bkav\u00e9 organick\u00e9 l\u00e1tky, plyny, kou\u0159 a prach. Je vyrobena ve Francii, m\u00e1 p\u011btiletou z\u00e1ruku, je konfigurovateln\u00e1 a kompaktn\u00ed. ","_seopress_robots_index":"","footnotes":""},"class_list":{"0":"post-115332","1":"page","2":"type-page","3":"status-publish","5":"no-featured-image-padding"},"acf":[],"_links":{"self":[{"href":"https:\/\/obera.fr\/cs\/wp-json\/wp\/v2\/pages\/115332","targetHints":{"allow":["GET"]}}],"collection":[{"href":"https:\/\/obera.fr\/cs\/wp-json\/wp\/v2\/pages"}],"about":[{"href":"https:\/\/obera.fr\/cs\/wp-json\/wp\/v2\/types\/page"}],"author":[{"embeddable":true,"href":"https:\/\/obera.fr\/cs\/wp-json\/wp\/v2\/users\/4"}],"replies":[{"embeddable":true,"href":"https:\/\/obera.fr\/cs\/wp-json\/wp\/v2\/comments?post=115332"}],"version-history":[{"count":1,"href":"https:\/\/obera.fr\/cs\/wp-json\/wp\/v2\/pages\/115332\/revisions"}],"predecessor-version":[{"id":115333,"href":"https:\/\/obera.fr\/cs\/wp-json\/wp\/v2\/pages\/115332\/revisions\/115333"}],"wp:attachment":[{"href":"https:\/\/obera.fr\/cs\/wp-json\/wp\/v2\/media?parent=115332"}],"curies":[{"name":"wp","href":"https:\/\/api.w.org\/{rel}","templated":true}]}}