{"id":115426,"date":"2025-06-26T12:11:21","date_gmt":"2025-06-26T10:11:21","guid":{"rendered":"https:\/\/obera.fr\/produits\/caissons-mobiles-aspiration\/clearbox\/"},"modified":"2025-07-08T12:07:15","modified_gmt":"2025-07-08T10:07:15","slug":"clearbox","status":"publish","type":"page","link":"https:\/\/obera.fr\/cs\/produits\/caissons-mobiles-aspiration\/clearbox\/","title":{"rendered":"Clearbox"},"content":{"rendered":"\n<p>Clearbox je <strong>mobiln\u00ed ods\u00e1vac\u00ed jednotka vyroben\u00e1 ve Francii<\/strong> s p\u011btiletou z\u00e1rukou a vysok\u00fdm pr\u016ftokem. Je speci\u00e1ln\u011b navr\u017eena pro zpracov\u00e1n\u00ed t\u011bkav\u00fdch organick\u00fdch l\u00e1tek (VOC), plyn\u016f, pach\u016f, rozpou\u0161t\u011bdel, prachu a v\u00fdpar\u016f. <\/p>\n\n\n<div class=\"wp-block-columns is-layout-flex wp-container-core-columns-is-layout-28f84493 wp-block-columns-is-layout-flex\">\n<div class=\"wp-block-column is-layout-flow wp-block-column-is-layout-flow\">\n<p>Tato jednotka <strong>nab\u00edz\u00ed r\u016fzn\u00e9 \u00farovn\u011b filtrace<\/strong>, od 2 do 3 stup\u0148\u016f, a lze ji nakonfigurovat podle konkr\u00e9tn\u00edch pot\u0159eb, co\u017e zaru\u010duje optim\u00e1ln\u00ed \u00fa\u010dinnost p\u0159i odstra\u0148ov\u00e1n\u00ed zne\u010di\u0161\u0165uj\u00edc\u00edch l\u00e1tek. Je vybavena p\u0159edfiltrem G4, nasycovac\u00edmi filtry F9 a\u017e H14 pro prach a v\u00fdpary a m\u016f\u017ee obsahovat aktivn\u00ed uhl\u00ed pro <strong>\u00fapravu plyn\u016f a t\u011bkav\u00fdch organick\u00fdch l\u00e1tek<\/strong>. <\/p>\n\n\n\n<p><br\/>Nav\u00edc je k dispozici ve t\u0159ech verz\u00edch: se sac\u00edm ramenem, s trubkov\u00fdm p\u0159\u00edvodem nebo ve form\u011b sac\u00edho stolu. K dispozici je tak\u00e9 <strong>verze pro prach ATEX<\/strong>. <\/p>\n\n\n\n<div class=\"wp-block-columns is-layout-flex wp-container-core-columns-is-layout-28f84493 wp-block-columns-is-layout-flex\">\n<div class=\"wp-block-column is-layout-flow wp-block-column-is-layout-flow\">\n<figure class=\"wp-block-image aligncenter size-large\"><img decoding=\"async\" width=\"1024\" height=\"1024\" src=\"https:\/\/obera.fr\/wp-content\/uploads\/2025\/07\/clearbox-bras-1024x1024.png\" alt=\"rameno clearboxu\" class=\"wp-image-120328\" srcset=\"https:\/\/obera.fr\/wp-content\/uploads\/2025\/07\/clearbox-bras-1024x1024.png 1024w, https:\/\/obera.fr\/wp-content\/uploads\/2025\/07\/clearbox-bras-300x300.png 300w, https:\/\/obera.fr\/wp-content\/uploads\/2025\/07\/clearbox-bras-150x150.png 150w, https:\/\/obera.fr\/wp-content\/uploads\/2025\/07\/clearbox-bras-768x768.png 768w, https:\/\/obera.fr\/wp-content\/uploads\/2025\/07\/clearbox-bras.png 1200w\" sizes=\"(max-width: 1024px) 100vw, 1024px\" \/><figcaption class=\"wp-element-caption\">CLEARBOX BRS<\/figcaption><\/figure>\n<\/div>\n\n\n\n<div class=\"wp-block-column is-layout-flow wp-block-column-is-layout-flow\">\n<figure class=\"wp-block-image aligncenter size-large\"><img decoding=\"async\" width=\"1024\" height=\"1024\" src=\"https:\/\/obera.fr\/wp-content\/uploads\/2025\/07\/clearbox-entree-tubee-82-1-1024x1024.png\" alt=\"p&#x159;&#xED;vodn&#xED; trubice clearbox 82\" class=\"wp-image-120351\" srcset=\"https:\/\/obera.fr\/wp-content\/uploads\/2025\/07\/clearbox-entree-tubee-82-1-1024x1024.png 1024w, https:\/\/obera.fr\/wp-content\/uploads\/2025\/07\/clearbox-entree-tubee-82-1-300x300.png 300w, https:\/\/obera.fr\/wp-content\/uploads\/2025\/07\/clearbox-entree-tubee-82-1-150x150.png 150w, https:\/\/obera.fr\/wp-content\/uploads\/2025\/07\/clearbox-entree-tubee-82-1-768x768.png 768w, https:\/\/obera.fr\/wp-content\/uploads\/2025\/07\/clearbox-entree-tubee-82-1.png 1200w\" sizes=\"(max-width: 1024px) 100vw, 1024px\" \/><figcaption class=\"wp-element-caption\">CLEARBOX TB<\/figcaption><\/figure>\n<\/div>\n\n\n\n<div class=\"wp-block-column is-layout-flow wp-block-column-is-layout-flow\">\n<figure class=\"wp-block-image aligncenter size-large\"><img decoding=\"async\" width=\"1024\" height=\"1024\" src=\"https:\/\/obera.fr\/wp-content\/uploads\/2025\/07\/clearbox-table-1024x1024.png\" alt=\"tabulka clearbox\" class=\"wp-image-120374\" srcset=\"https:\/\/obera.fr\/wp-content\/uploads\/2025\/07\/clearbox-table-1024x1024.png 1024w, https:\/\/obera.fr\/wp-content\/uploads\/2025\/07\/clearbox-table-300x300.png 300w, https:\/\/obera.fr\/wp-content\/uploads\/2025\/07\/clearbox-table-150x150.png 150w, https:\/\/obera.fr\/wp-content\/uploads\/2025\/07\/clearbox-table-768x768.png 768w, https:\/\/obera.fr\/wp-content\/uploads\/2025\/07\/clearbox-table.png 1200w\" sizes=\"(max-width: 1024px) 100vw, 1024px\" \/><figcaption class=\"wp-element-caption\">CLEARBOX TSP<\/figcaption><\/figure>\n<\/div>\n<\/div>\n\n\n\n<p><\/p>\n\n\n\n<hr class=\"wp-block-separator has-css-opacity is-style-dots\"\/>\n\n\n\n<div class=\"wp-block-columns is-layout-flex wp-container-core-columns-is-layout-28f84493 wp-block-columns-is-layout-flex\">\n<div class=\"wp-block-column is-layout-flow wp-block-column-is-layout-flow\" style=\"flex-basis:33.33%\">\n<div class=\"wp-block-buttons is-layout-flex wp-block-buttons-is-layout-flex\">\n<div class=\"wp-block-button\"><a class=\"wp-block-button__link wp-element-button\" href=\"https:\/\/obera.fr\/wp-content\/uploads\/2025\/06\/fr-caisson-mobile-daspiration-clearbox.pdf\">ST\u00c1HNOUT BRO\u017dURU<\/a><\/div>\n<\/div>\n<\/div>\n\n\n\n<div class=\"wp-block-column is-layout-flow wp-block-column-is-layout-flow\" style=\"flex-basis:33.34%\">\n<div class=\"wp-block-buttons is-horizontal is-content-justification-center is-layout-flex wp-container-core-buttons-is-layout-03627597 wp-block-buttons-is-layout-flex\">\n<div class=\"wp-block-button has-custom-width wp-block-button__width-100\"><a class=\"wp-block-button__link wp-element-button\" href=\"https:\/\/obera.fr\/cs\/kontaktujte-nas\/\">Zjist\u011bte v\u00edce<\/a><\/div>\n<\/div>\n<\/div>\n\n\n\n<div class=\"wp-block-column is-layout-flow wp-block-column-is-layout-flow\" style=\"flex-basis:33.34%\">\n<div class=\"wp-block-buttons is-content-justification-center is-layout-flex wp-container-core-buttons-is-layout-a89b3969 wp-block-buttons-is-layout-flex\">\n<div class=\"wp-block-button btn-devis-source\"><a class=\"wp-block-button__link wp-element-button\" href=\"https:\/\/obera.fr\/cs\/devis\/\">Po\u017e\u00e1dat o cenovou nab\u00eddku<\/a><\/div>\n<\/div>\n\n\n<script>\r\ndocument.addEventListener('DOMContentLoaded', function() {\r\n    \/\/ 1. On cherche le titre H1 de la page\r\n    var h1 = document.querySelector('h1');\r\n    var productTitle = h1 ? h1.innerText.trim() : \"\";\r\n\r\n    \/\/ 2. On cherche les boutons via la classe CSS .btn-devis-source\r\n    var buttons = document.querySelectorAll('.btn-devis-source a');\r\n\r\n    \/\/ 3. Si on a le titre et les boutons, on ajoute le param\u00e8tre\r\n    if (buttons.length > 0 && productTitle !== \"\") {\r\n        var encodedTitle = encodeURIComponent(productTitle);\r\n\r\n        buttons.forEach(function(btn) {\r\n            var currentHref = btn.getAttribute('href');\r\n            \r\n            \/\/ S\u00e9curit\u00e9 pour ne pas ajouter le param\u00e8tre 2 fois\r\n            if (currentHref.indexOf('sujet=') === -1) {\r\n                var separator = currentHref.indexOf('?') !== -1 ? '&' : '?';\r\n                var newLink = currentHref + separator + 'sujet=' + encodedTitle;\r\n                \r\n                btn.setAttribute('href', newLink);\r\n            }\r\n        });\r\n    }\r\n});\r\n<\/script><\/div>\n<\/div>\n<\/div>\n<\/div>\n\n<div class=\"wp-block-columns is-layout-flex wp-container-core-columns-is-layout-28f84493 wp-block-columns-is-layout-flex\">\n<div class=\"wp-block-column is-layout-flow wp-block-column-is-layout-flow\" style=\"flex-basis:33.34%\">\n<p><\/p>\n\n\n\n<h3 class=\"wp-block-heading\">V\u00fdhody<\/h3>\n\n\n\n<ul class=\"wp-block-list\">\n<li>Ventil\u00e1tor s velmi vysokou \u00fa\u010dinnost\u00ed<\/li>\n\n\n\n<li>Tlumi\u010d hluku<\/li>\n\n\n\n<li>Mobiln\u00ed, lehk\u00e9 a snadno ovladateln\u00e9<\/li>\n\n\n\n<li>Mal\u00e1 plocha<\/li>\n\n\n\n<li>Snadn\u00e1 \u00fadr\u017eba filtru<\/li>\n\n\n\n<li>Pr\u016ftok nastaviteln\u00fd od 0 do 100 %.<\/li>\n\n\n\n<li>Nap\u00e1jen\u00ed pomoc\u00ed standardn\u00ed z\u00e1suvky 230 V<\/li>\n<\/ul>\n<\/div>\n\n\n\n<div class=\"wp-block-column is-layout-flow wp-block-column-is-layout-flow\" style=\"flex-basis:33.34%\">\n<p><\/p>\n\n\n\n<h3 class=\"wp-block-heading\">Speci\u00e1ln\u00ed funkce<\/h3>\n\n\n\n<ul class=\"wp-block-list\">\n<li>Snadn\u00e1 v\u00fdm\u011bna filtra\u010dn\u00edch m\u00e9di\u00ed<\/li>\n\n\n\n<li>Mo\u017enost aktualizace a konfigurace<\/li>\n\n\n\n<li>Vysok\u00e1 adsorp\u010dn\u00ed kapacita<\/li>\n\n\n\n<li>Hodinov\u00fd m\u011b\u0159i\u010d<\/li>\n\n\n\n<li>M\u011b\u0159en\u00ed zanesen\u00ed filtru<\/li>\n\n\n\n<li>Nastaven\u00ed pr\u016ftoku od 0 do 100 %.<\/li>\n\n\n\n<li>Syst\u00e9m Plug &amp; Play<\/li>\n\n\n\n<li>Mo\u017enost prachu ATEX<\/li>\n<\/ul>\n<\/div>\n\n\n\n<div class=\"wp-block-column is-layout-flow wp-block-column-is-layout-flow\" style=\"flex-basis:33.33%\">\n<p><\/p>\n\n\n\n<h3 class=\"wp-block-heading\">Funkce<\/h3>\n\n\n\n<ul class=\"wp-block-list\">\n<li>Maxim\u00e1ln\u00ed pr\u016ftok : 2000m3\/h<\/li>\n\n\n\n<li>Instalovan\u00fd v\u00fdkon: 750 W<\/li>\n\n\n\n<li>Nap\u00e1jen\u00ed: 230V<\/li>\n\n\n\n<li>Rozm\u011bry: 710 x710 x 2050<\/li>\n\n\n\n<li>Hmotnost: 70 kg<\/li>\n\n\n\n<li>Hladina hluku: 72 dB<\/li>\n<\/ul>\n<\/div>\n<\/div>\n\n<h2 class=\"wp-block-heading\">Pro jak\u00e9 \u00fa\u010dely?<\/h2>\n\n<p><strong>Clearbox je praktick\u00e9, kompaktn\u00ed za\u0159\u00edzen\u00ed<\/strong> ur\u010den\u00e9 k \u00fa\u010dinn\u00e9mu zachycov\u00e1n\u00ed a zpracov\u00e1n\u00ed plynn\u00fdch zne\u010di\u0161\u0165uj\u00edc\u00edch l\u00e1tek, z\u00e1pachu, prachu a v\u00fdpar\u016f. Je vybaven kole\u010dky, tak\u017ee se snadno vejde do jak\u00e9hokoli pracovn\u00edho prostoru a m\u016f\u017ee <strong>o\u0161et\u0159ovat pevn\u00e1 i mobiln\u00ed pracovi\u0161t\u011b<\/strong>. <\/p>\n\n<p><br\/><strong>Clearbox je vybaven p\u0159edfiltrem G4<\/strong>, nasycovac\u00edmi filtry F9 a\u017e H14 a v p\u0159\u00edpad\u011b pot\u0159eby aktivn\u00edm uhl\u00edm. Je k dispozici tak\u00e9 v prachov\u00e9 verzi ATEX. Pro spr\u00e1vnou funkci jednotky je nezbytn\u00e1 pravideln\u00e1 \u00fadr\u017eba filtr\u016f.  <\/p>\n\n<div class=\"wp-block-columns is-layout-flex wp-container-core-columns-is-layout-28f84493 wp-block-columns-is-layout-flex\">\n<div class=\"wp-block-column is-layout-flow wp-block-column-is-layout-flow\">\n<h3 class=\"wp-block-heading has-text-align-center\">Zne\u010di\u0161\u0165uj\u00edc\u00ed l\u00e1tky<\/h3>\n\n\n\n<div class=\"wp-block-columns is-layout-flex wp-container-core-columns-is-layout-28f84493 wp-block-columns-is-layout-flex\">\n<div class=\"wp-block-column is-layout-flow wp-block-column-is-layout-flow\">\n<figure class=\"wp-block-image aligncenter size-large\"><img decoding=\"async\" width=\"70\" height=\"70\" src=\"https:\/\/obera.fr\/wp-content\/uploads\/2021\/03\/industrie-fumees.jpg\" alt=\"pr&#x16F;myslov&#xE9; v&#xFD;pary\" class=\"wp-image-4971\"\/><figcaption class=\"wp-element-caption\">V\u00fdpary<\/figcaption><\/figure>\n\n\n\n<figure class=\"wp-block-image aligncenter size-large\"><img decoding=\"async\" width=\"70\" height=\"70\" src=\"https:\/\/obera.fr\/wp-content\/uploads\/2020\/09\/cov.png\" alt=\"Cov\" class=\"wp-image-959\"\/><figcaption class=\"wp-element-caption\">VOCS<\/figcaption><\/figure>\n<\/div>\n\n\n\n<div class=\"wp-block-column is-layout-flow wp-block-column-is-layout-flow\">\n<figure class=\"wp-block-image aligncenter size-large\"><img decoding=\"async\" width=\"70\" height=\"70\" src=\"https:\/\/obera.fr\/wp-content\/uploads\/2021\/03\/polluants-poussieres-1.jpg\" alt=\"prachov&#xE9; zne&#x10D;i&#x161;&#x165;uj&#xED;c&#xED; l&#xE1;tky 1\" class=\"wp-image-4969\"\/><figcaption class=\"wp-element-caption\">Prach<\/figcaption><\/figure>\n\n\n\n<figure class=\"wp-block-image aligncenter size-full is-resized\"><img decoding=\"async\" width=\"512\" height=\"512\" src=\"https:\/\/obera.fr\/wp-content\/uploads\/2025\/06\/gaz-naturel.png\" alt=\"zemn&#xED; plyn\" class=\"wp-image-108886\" style=\"width:75px;height:auto\" srcset=\"https:\/\/obera.fr\/wp-content\/uploads\/2025\/06\/gaz-naturel.png 512w, https:\/\/obera.fr\/wp-content\/uploads\/2025\/06\/gaz-naturel-300x300.png 300w, https:\/\/obera.fr\/wp-content\/uploads\/2025\/06\/gaz-naturel-150x150.png 150w\" sizes=\"(max-width: 512px) 100vw, 512px\" \/><figcaption class=\"wp-element-caption\">Plyn<\/figcaption><\/figure>\n<\/div>\n<\/div>\n<\/div>\n\n\n\n<div class=\"wp-block-column is-layout-flow wp-block-column-is-layout-flow\">\n<h3 class=\"wp-block-heading has-text-align-center\">pr\u016fmyslov\u00e1 odv\u011btv\u00ed<\/h3>\n\n\n\n<div class=\"wp-block-columns is-layout-flex wp-container-core-columns-is-layout-28f84493 wp-block-columns-is-layout-flex\">\n<div class=\"wp-block-column is-layout-flow wp-block-column-is-layout-flow\">\n<figure class=\"wp-block-image aligncenter size-large\"><img decoding=\"async\" width=\"70\" height=\"70\" src=\"https:\/\/obera.fr\/wp-content\/uploads\/2020\/08\/industrie-metallurgie.jpg\" alt=\"Hutnick&#xFD; pr&#x16F;mysl\" class=\"wp-image-673\"\/><figcaption class=\"wp-element-caption\">Hutnictv\u00ed<\/figcaption><\/figure>\n\n\n\n<figure class=\"wp-block-image aligncenter size-large\"><img decoding=\"async\" width=\"70\" height=\"70\" src=\"https:\/\/obera.fr\/wp-content\/uploads\/2020\/08\/industrie-plastique.jpg\" alt=\"Plastik&#xE1;&#x159;sk&#xFD; pr&#x16F;mysl\" class=\"wp-image-669\"\/><figcaption class=\"wp-element-caption\">Plasty<\/figcaption><\/figure>\n\n\n\n<figure class=\"wp-block-image aligncenter size-large\"><img decoding=\"async\" width=\"70\" height=\"70\" src=\"https:\/\/obera.fr\/wp-content\/uploads\/2020\/08\/industrie-minerai.jpg\" alt=\"Rudn&#xFD; pr&#x16F;mysl\" class=\"wp-image-724\"\/><figcaption class=\"wp-element-caption\">Miner\u00e1ly<\/figcaption><\/figure>\n\n\n\n<figure class=\"wp-block-image aligncenter size-large\"><img decoding=\"async\" width=\"70\" height=\"70\" src=\"https:\/\/obera.fr\/wp-content\/uploads\/2020\/08\/industrie-papier-carton.jpg\" alt=\"Pap&#xED;rensk&#xFD; a karton&#xE1;&#x17E;n&#xED; pr&#x16F;mysl\" class=\"wp-image-670\"\/><figcaption class=\"wp-element-caption\">Pap\u00edr\/karton<\/figcaption><\/figure>\n<\/div>\n\n\n\n<div class=\"wp-block-column is-layout-flow wp-block-column-is-layout-flow\">\n<figure class=\"wp-block-image aligncenter size-large\"><img decoding=\"async\" width=\"70\" height=\"70\" src=\"https:\/\/obera.fr\/wp-content\/uploads\/2020\/08\/industrie-bois.jpg\" alt=\"D&#x159;evozpracuj&#xED;c&#xED; pr&#x16F;mysl\" class=\"wp-image-672\"\/><figcaption class=\"wp-element-caption\">Obr\u00e1b\u011bn\u00ed d\u0159eva<\/figcaption><\/figure>\n\n\n\n<figure class=\"wp-block-image aligncenter size-large\"><img decoding=\"async\" width=\"70\" height=\"70\" src=\"https:\/\/obera.fr\/wp-content\/uploads\/2020\/08\/industrie-textile.jpg\" alt=\"Textiln&#xED; pr&#x16F;mysl\" class=\"wp-image-671\"\/><figcaption class=\"wp-element-caption\">Textil<\/figcaption><\/figure>\n\n\n\n<figure class=\"wp-block-image aligncenter size-large\"><img decoding=\"async\" width=\"70\" height=\"70\" src=\"https:\/\/obera.fr\/wp-content\/uploads\/2020\/08\/industrie-chimie.jpg\" alt=\"Chemick&#xFD; pr&#x16F;mysl\" class=\"wp-image-725\"\/><figcaption class=\"wp-element-caption\">Chemik\u00e1lie\/Petrochemik\u00e1lie<\/figcaption><\/figure>\n\n\n\n<figure class=\"wp-block-image aligncenter size-large\"><img decoding=\"async\" width=\"70\" height=\"70\" src=\"https:\/\/obera.fr\/wp-content\/uploads\/2020\/08\/industrie-dechets.jpg\" alt=\"Odpady z pr&#x16F;myslu\" class=\"wp-image-726\"\/><figcaption class=\"wp-element-caption\">Sb\u011br a t\u0159\u00edd\u011bn\u00ed odpadu<\/figcaption><\/figure>\n<\/div>\n<\/div>\n<\/div>\n<\/div>\n\n<h2 class=\"wp-block-heading\">Jak\u00e9 jsou funkce za\u0159\u00edzen\u00ed Clearbox?<\/h2>\n\n<p><br\/><strong>Clearbox je mobiln\u00ed sac\u00ed jednotka<\/strong> vyroben\u00e1 ve Francii s p\u011btiletou z\u00e1rukou a vysoce v\u00fdkonn\u00fdm pr\u016ftokem 2000 m3\/h. Je vybavena 3 \u00farovn\u011bmi vysoce v\u00fdkonn\u00e9 filtrace, kter\u00e9 lze nakonfigurovat podle va\u0161ich pot\u0159eb. Je k dispozici ve <strong>2 \u00farovn\u00edch filtrace s p\u0159edfiltrem G4<\/strong> a nasycovac\u00edm filtrem F9 a\u017e H14 nebo ve 3 \u00farovn\u00edch s aktivn\u00edm uhl\u00edm.  <\/p>\n\n<p><br\/>Nav\u00edc se dod\u00e1v\u00e1 ve t\u0159ech verz\u00edch: s<strong> ods\u00e1vac\u00edm ramenem<\/strong>, s trubkov\u00fdm p\u0159\u00edvodem nebo ve form\u011b <strong>ods\u00e1vac\u00edho stolu<\/strong> a lze jej upravit i na prachovou verzi ATEX. D\u00edky sv\u00e9 vysok\u00e9 adsorp\u010dn\u00ed kapacit\u011b eliminuje maxim\u00e1ln\u00ed mno\u017estv\u00ed \u0161kodlivin. <\/p>\n\n<p><br\/><strong> Pravideln\u00e1 v\u00fdm\u011bna filtr\u016f<\/strong> je nezbytn\u00e1 pro bezprobl\u00e9mov\u00fd provoz spot\u0159ebi\u010de. Vestav\u011bn\u00fd syst\u00e9m m\u011b\u0159en\u00ed zanesen\u00ed filtru indikuje, kdy je \u010das na v\u00fdm\u011bnu filtr\u016f, a v\u00fdm\u011bna filtra\u010dn\u00edch m\u00e9di\u00ed je jednoduch\u00e1. <\/p>\n\n<p><\/p>\n\n<p>Toto za\u0159\u00edzen\u00ed je typu <strong>Plug and Play<\/strong>, tak\u017ee se snadno instaluje. Je vybaveno kole\u010dky a m\u00e1 mimo\u0159\u00e1dn\u011b kompaktn\u00ed design, tak\u017ee se s n\u00edm snadno man\u00e9vruje a p\u0159izp\u016fsob\u00ed se jak\u00e9mukoli pracovn\u00edmu prost\u0159ed\u00ed. <\/p>\n\n<figure class=\"wp-block-table\"><table class=\"has-fixed-layout\"><thead><tr><th class=\"has-text-align-center\" data-align=\"center\">Za\u0159\u00edzen\u00ed<\/th><th class=\"has-text-align-center\" data-align=\"center\"><\/th><th class=\"has-text-align-center\" data-align=\"center\">S ramenem<\/th><th class=\"has-text-align-center\" data-align=\"center\">Trubkov\u00fd vstup<\/th><th class=\"has-text-align-center\" data-align=\"center\">Tabulka<\/th><\/tr><\/thead><tbody><tr><td class=\"has-text-align-center\" data-align=\"center\">Maxim\u00e1ln\u00ed pr\u016ftok<\/td><td class=\"has-text-align-center\" data-align=\"center\">m3\/h<\/td><td class=\"has-text-align-center\" data-align=\"center\">2000<\/td><td class=\"has-text-align-center\" data-align=\"center\">2500<\/td><td class=\"has-text-align-center\" data-align=\"center\">5000<\/td><\/tr><tr><td class=\"has-text-align-center\" data-align=\"center\">Regulace pr\u016ftoku<\/td><td class=\"has-text-align-center\" data-align=\"center\">%<\/td><td class=\"has-text-align-center\" data-align=\"center\">0-100<\/td><td class=\"has-text-align-center\" data-align=\"center\">0-100<\/td><td class=\"has-text-align-center\" data-align=\"center\">0-100<\/td><\/tr><tr><td class=\"has-text-align-center\" data-align=\"center\">Instalovan\u00e1 kapacita<\/td><td class=\"has-text-align-center\" data-align=\"center\">W<\/td><td class=\"has-text-align-center\" data-align=\"center\">750<\/td><td class=\"has-text-align-center\" data-align=\"center\">750<\/td><td class=\"has-text-align-center\" data-align=\"center\">750<\/td><\/tr><tr><td class=\"has-text-align-center\" data-align=\"center\">Nap\u00e1jen\u00ed<\/td><td class=\"has-text-align-center\" data-align=\"center\">V<\/td><td class=\"has-text-align-center\" data-align=\"center\">230<\/td><td class=\"has-text-align-center\" data-align=\"center\">230<\/td><td class=\"has-text-align-center\" data-align=\"center\">230<\/td><\/tr><tr><td class=\"has-text-align-center\" data-align=\"center\">Celkov\u00e9 rozm\u011bry (\u0160xDxV)<\/td><td class=\"has-text-align-center\" data-align=\"center\">Mm<\/td><td class=\"has-text-align-center\" data-align=\"center\">710x710x2050<\/td><td class=\"has-text-align-center\" data-align=\"center\">710x710x2050<\/td><td class=\"has-text-align-center\" data-align=\"center\">710x710x2050<\/td><\/tr><tr><td class=\"has-text-align-center\" data-align=\"center\">Hmotnost<\/td><td class=\"has-text-align-center\" data-align=\"center\">kg<\/td><td class=\"has-text-align-center\" data-align=\"center\">70<\/td><td class=\"has-text-align-center\" data-align=\"center\">75<\/td><td class=\"has-text-align-center\" data-align=\"center\">75<\/td><\/tr><tr><td class=\"has-text-align-center\" data-align=\"center\">Hladina hluku<\/td><td class=\"has-text-align-center\" data-align=\"center\">dB<\/td><td class=\"has-text-align-center\" data-align=\"center\">72<\/td><td class=\"has-text-align-center\" data-align=\"center\">72<\/td><td class=\"has-text-align-center\" data-align=\"center\">72<\/td><\/tr><\/tbody><\/table><\/figure>\n\n<p><\/p>\n","protected":false},"excerpt":{"rendered":"<p>Clearbox je mobiln\u00ed ods\u00e1vac\u00ed jednotka vyroben\u00e1 ve Francii s p\u011btiletou z\u00e1rukou a vysok\u00fdm pr\u016ftokem. Je speci\u00e1ln\u011b navr\u017eena pro zpracov\u00e1n\u00ed t\u011bkav\u00fdch organick\u00fdch l\u00e1tek (VOC), plyn\u016f, pach\u016f, rozpou\u0161t\u011bdel, prachu a v\u00fdpar\u016f. Tato jednotka nab\u00edz\u00ed r\u016fzn\u00e9 \u00farovn\u011b filtrace, od 2 do 3 stup\u0148\u016f, a lze ji nakonfigurovat podle konkr\u00e9tn\u00edch pot\u0159eb, co\u017e zaru\u010duje optim\u00e1ln\u00ed \u00fa\u010dinnost p\u0159i odstra\u0148ov\u00e1n\u00ed zne\u010di\u0161\u0165uj\u00edc\u00edch l\u00e1tek. Je vybavena p\u0159edfiltrem G4, nasycovac\u00edmi filtry F9 a\u017e H14 pro prach a v\u00fdpary a m\u016f\u017ee obsahovat aktivn\u00ed uhl\u00ed pro \u00fapravu plyn\u016f a t\u011bkav\u00fdch organick\u00fdch l\u00e1tek. Nav\u00edc je k dispozici ve t\u0159ech verz\u00edch: se sac\u00edm ramenem, s trubkov\u00fdm p\u0159\u00edvodem nebo ve form\u011b sac\u00edho stolu. K dispozici &#8230; <\/p>\n<p class=\"read-more-container\"><a title=\"Clearbox\" class=\"read-more button\" href=\"https:\/\/obera.fr\/cs\/produits\/caissons-mobiles-aspiration\/clearbox\/#more-115426\" aria-label=\"\u010c\u00edst v\u00edce o Clearbox\">Lire la suite<\/a><\/p>\n","protected":false},"author":4,"featured_media":103613,"parent":39635,"menu_order":0,"comment_status":"closed","ping_status":"closed","template":"","meta":{"_acf_changed":false,"_seopress_robots_primary_cat":"","_seopress_titles_title":"Clearbox: mobiln\u00ed jednotka pro ods\u00e1v\u00e1n\u00ed VOC","_seopress_titles_desc":"Mobiln\u00ed ods\u00e1vac\u00ed jednotka Clearbox: vysoce \u00fa\u010dinn\u00e1 filtrace t\u011bkav\u00fdch organick\u00fdch l\u00e1tek, v\u00fdpar\u016f a pach\u016f. Kompaktn\u00ed, tich\u00e1, konfigurovateln\u00e1 a se z\u00e1rukou 5 let. ","_seopress_robots_index":"","footnotes":""},"class_list":{"0":"post-115426","1":"page","2":"type-page","3":"status-publish","4":"has-post-thumbnail","6":"no-featured-image-padding","7":"resize-featured-image"},"acf":[],"_links":{"self":[{"href":"https:\/\/obera.fr\/cs\/wp-json\/wp\/v2\/pages\/115426","targetHints":{"allow":["GET"]}}],"collection":[{"href":"https:\/\/obera.fr\/cs\/wp-json\/wp\/v2\/pages"}],"about":[{"href":"https:\/\/obera.fr\/cs\/wp-json\/wp\/v2\/types\/page"}],"author":[{"embeddable":true,"href":"https:\/\/obera.fr\/cs\/wp-json\/wp\/v2\/users\/4"}],"replies":[{"embeddable":true,"href":"https:\/\/obera.fr\/cs\/wp-json\/wp\/v2\/comments?post=115426"}],"version-history":[{"count":2,"href":"https:\/\/obera.fr\/cs\/wp-json\/wp\/v2\/pages\/115426\/revisions"}],"predecessor-version":[{"id":120469,"href":"https:\/\/obera.fr\/cs\/wp-json\/wp\/v2\/pages\/115426\/revisions\/120469"}],"up":[{"embeddable":true,"href":"https:\/\/obera.fr\/cs\/wp-json\/wp\/v2\/pages\/39635"}],"wp:featuredmedia":[{"embeddable":true,"href":"https:\/\/obera.fr\/cs\/wp-json\/wp\/v2\/media\/103613"}],"wp:attachment":[{"href":"https:\/\/obera.fr\/cs\/wp-json\/wp\/v2\/media?parent=115426"}],"curies":[{"name":"wp","href":"https:\/\/api.w.org\/{rel}","templated":true}]}}