{"id":37341,"date":"2024-04-01T13:32:19","date_gmt":"2024-04-01T11:32:19","guid":{"rendered":"https:\/\/obera.fr\/chladic-vzduchu-s-odparovacim-filtrem-ic22\/"},"modified":"2025-04-24T12:18:25","modified_gmt":"2025-04-24T10:18:25","slug":"ic22-filtrant-par-evaporation","status":"publish","type":"page","link":"https:\/\/obera.fr\/cs\/produits\/rafraichisseurs-air\/rafraichisseurs-par-evaporation-ic\/ic22-filtrant-par-evaporation\/","title":{"rendered":"Chladi\u010d vzduchu s odpa\u0159ovac\u00edm filtrem IC22"},"content":{"rendered":"\n<p>Ekologick\u00fd a \u00fasporn\u00fd <strong>osv\u011b\u017eova\u010d vzduchu s odpa\u0159ovac\u00edm filtrem<\/strong> je ide\u00e1ln\u00ed pro vytv\u00e1\u0159en\u00ed chladn\u011bj\u0161\u00edho vzduchu o 10 a\u017e 20 \u00b0C ve va\u0161ich pracovn\u00edch prostor\u00e1ch.<\/p>\n\n\n\n<h2 class=\"wp-block-heading\">Chladi\u010d vzduchu s odpa\u0159ovac\u00edm filtrem OberA: jak funguje?<\/h2>\n\n\n\n<div class=\"wp-block-columns is-layout-flex wp-container-core-columns-is-layout-28f84493 wp-block-columns-is-layout-flex\">\n<div class=\"wp-block-column is-vertically-aligned-top is-layout-flow wp-block-column-is-layout-flow\" style=\"flex-basis:50%\">\n<figure class=\"wp-block-image aligncenter size-full is-resized\"><img decoding=\"async\" width=\"600\" height=\"600\" src=\"https:\/\/obera.fr\/wp-content\/uploads\/2024\/02\/ic22-carre.jpg\" alt=\"Chladi\u010d vzduchu s odpa\u0159ovac\u00edm filtrem IC22\" class=\"wp-image-28148\" style=\"width:370px;height:auto\" srcset=\"https:\/\/obera.fr\/wp-content\/uploads\/2024\/02\/ic22-carre.jpg 600w, https:\/\/obera.fr\/wp-content\/uploads\/2024\/02\/ic22-carre-300x300.jpg 300w, https:\/\/obera.fr\/wp-content\/uploads\/2024\/02\/ic22-carre-150x150.jpg 150w\" sizes=\"(max-width: 600px) 100vw, 600px\" \/><figcaption class=\"wp-element-caption\">IC 22<\/figcaption><\/figure>\n<\/div>\n\n\n\n<div class=\"wp-block-column is-vertically-aligned-center is-layout-flow wp-block-column-is-layout-flow\" style=\"flex-basis:66.66%\">\n<p>\u0158ada odpa\u0159ovac\u00edch chladi\u010d\u016f vzduchu IC22 je vybavena vo\u0161tinov\u00fdmi panely, kter\u00e9 jsou neust\u00e1le nas\u00e1kl\u00e9 vodou. Axi\u00e1ln\u00ed spir\u00e1lov\u00fd ventil\u00e1tor v zadn\u00ed \u010d\u00e1sti jednotky nas\u00e1v\u00e1 hork\u00fd vzduch a propou\u0161t\u00ed jej p\u0159es chladic\u00ed panely. Hork\u00fd vzduch se p\u0159i kontaktu s vodou odpa\u0159uje a ochlazuje. Tento jev je zn\u00e1m\u00fd jako <strong>&#8222;chladic\u00ed efekt&#8220;<\/strong> a sni\u017euje teplotu nas\u00e1van\u00e9ho vzduchu a\u017e o 20 \u00b0C. Chladn\u011bj\u0161\u00ed, filtrovan\u00fd vzduch je pak protla\u010dov\u00e1n jednotkou a cirkuluje po pracovn\u00edm prostoru. P\u0159esto je nezbytn\u00e9, aby byla m\u00edstnost v\u011btr\u00e1na, aby vzduch mohl \u0159\u00e1dn\u011b cirkulovat, odv\u00e1d\u011bt vlhkost a dod\u00e1vat nov\u00fd tepl\u00fd vzduch, kter\u00fd bude filtrov\u00e1n <strong>mobiln\u00edm chladi\u010dem<\/strong>. Stru\u010dn\u011b \u0159e\u010deno, \u010d\u00edm teplej\u0161\u00ed vzduch, t\u00edm lep\u0161\u00ed chlazen\u00ed.      <\/p>\n\n\n\n<p><a href=\"https:\/\/obera.fr\/cs\/produits\/rafraichisseurs-air\/rafraichisseurs-par-evaporation-ic\/\" data-type=\"page\" data-id=\"18698\">Adiabatick\u00fd chladi\u010d vzduchu IC je ur\u010den pro<\/a> pou\u017eit\u00ed ve <strong>v\u0161ech odv\u011btv\u00edch<\/strong> pr\u016fmyslu, logistick\u00fdch skladech a zem\u011bd\u011blstv\u00ed. Lze jej pou\u017e\u00edt k chlazen\u00ed pracovi\u0161\u0165 nebo prostor zam\u011bstnanc\u016f. Obzvl\u00e1\u0161t\u011b obl\u00edben\u00fd je v tov\u00e1rn\u00e1ch, gar\u00e1\u017e\u00edch, skladovac\u00edch hal\u00e1ch, d\u00edln\u00e1ch, sklen\u00edc\u00edch a skladech.  <\/p>\n\n\n\n<div class=\"wp-block-columns is-layout-flex wp-container-core-columns-is-layout-28f84493 wp-block-columns-is-layout-flex\">\n<div class=\"wp-block-column is-layout-flow wp-block-column-is-layout-flow\" style=\"flex-basis:33.33%\">\n<div class=\"wp-block-buttons is-layout-flex wp-block-buttons-is-layout-flex\">\n<div class=\"wp-block-button\"><a class=\"wp-block-button__link wp-element-button\" href=\"https:\/\/obera.fr\/wp-content\/uploads\/2025\/04\/brochure-ic-22-en.pdf\">ST\u00c1HNOUT BRO\u017dURU<\/a><\/div>\n<\/div>\n<\/div>\n\n\n\n<div class=\"wp-block-column is-layout-flow wp-block-column-is-layout-flow\" style=\"flex-basis:33.34%\">\n<div class=\"wp-block-buttons is-horizontal is-content-justification-center is-layout-flex wp-container-core-buttons-is-layout-03627597 wp-block-buttons-is-layout-flex\">\n<div class=\"wp-block-button has-custom-width wp-block-button__width-100\"><a class=\"wp-block-button__link wp-element-button\" href=\"https:\/\/obera.fr\/cs\/kontaktujte-nas\/\">Zjist\u011bte v\u00edce<\/a><\/div>\n<\/div>\n\n\n\n<p><\/p>\n<\/div>\n\n\n\n<div class=\"wp-block-column is-layout-flow wp-block-column-is-layout-flow\" style=\"flex-basis:33.34%\">\n<div class=\"wp-block-buttons is-content-justification-center is-layout-flex wp-container-core-buttons-is-layout-a89b3969 wp-block-buttons-is-layout-flex\">\n<div class=\"wp-block-button btn-devis-source\"><a class=\"wp-block-button__link wp-element-button\" href=\"https:\/\/obera.fr\/cs\/devis\/\">Po\u017e\u00e1dat o cenovou nab\u00eddku<\/a><\/div>\n<\/div>\n\n\n<script>\r\ndocument.addEventListener('DOMContentLoaded', function() {\r\n    \/\/ 1. On cherche le titre H1 de la page\r\n    var h1 = document.querySelector('h1');\r\n    var productTitle = h1 ? h1.innerText.trim() : \"\";\r\n\r\n    \/\/ 2. On cherche les boutons via la classe CSS .btn-devis-source\r\n    var buttons = document.querySelectorAll('.btn-devis-source a');\r\n\r\n    \/\/ 3. Si on a le titre et les boutons, on ajoute le param\u00e8tre\r\n    if (buttons.length > 0 && productTitle !== \"\") {\r\n        var encodedTitle = encodeURIComponent(productTitle);\r\n\r\n        buttons.forEach(function(btn) {\r\n            var currentHref = btn.getAttribute('href');\r\n            \r\n            \/\/ S\u00e9curit\u00e9 pour ne pas ajouter le param\u00e8tre 2 fois\r\n            if (currentHref.indexOf('sujet=') === -1) {\r\n                var separator = currentHref.indexOf('?') !== -1 ? '&' : '?';\r\n                var newLink = currentHref + separator + 'sujet=' + encodedTitle;\r\n                \r\n                btn.setAttribute('href', newLink);\r\n            }\r\n        });\r\n    }\r\n});\r\n<\/script><\/div>\n<\/div>\n<\/div>\n<\/div>\n\n\n\n<div class=\"wp-block-columns is-layout-flex wp-container-core-columns-is-layout-28f84493 wp-block-columns-is-layout-flex\">\n<div class=\"wp-block-column is-layout-flow wp-block-column-is-layout-flow\" style=\"flex-basis:25%\"><\/div>\n\n\n\n<div class=\"wp-block-column is-layout-flow wp-block-column-is-layout-flow\" style=\"flex-basis:50%\">\n<figure class=\"wp-block-embed is-type-video is-provider-youtube wp-block-embed-youtube wp-embed-aspect-16-9 wp-has-aspect-ratio\"><div class=\"wp-block-embed__wrapper\">\n<iframe title=\"Rafraichisseur d&#039;air - Gamme IC - OberA\" width=\"1200\" height=\"675\" src=\"https:\/\/www.youtube.com\/embed\/NG-Ssy2oM70?feature=oembed\" frameborder=\"0\" allow=\"accelerometer; autoplay; clipboard-write; encrypted-media; gyroscope; picture-in-picture; web-share\" referrerpolicy=\"strict-origin-when-cross-origin\" allowfullscreen><\/iframe>\n<\/div><\/figure>\n\n\n\n<p><\/p>\n<\/div>\n\n\n\n<div class=\"wp-block-column is-layout-flow wp-block-column-is-layout-flow\" style=\"flex-basis:25%\"><\/div>\n<\/div>\n\n\n\n<h2 class=\"wp-block-heading\">Jak\u00e9 jsou vlastnosti chladi\u010de vzduchu IC22?<\/h2>\n\n\n\n<p>Mobiln\u00ed odpa\u0159ovac\u00ed osv\u011b\u017eova\u010d vzduchu IC22 m\u00e1 3 rychlosti, abyste m\u011bli kontrolu nad v\u00fdkonem a mohli se p\u0159izp\u016fsobit pot\u0159eb\u00e1m t\u00fdm\u016f. Na ovl\u00e1dac\u00edm panelu lze nastavit sm\u011br proud\u011bn\u00ed vzduchu v jednotce, \u00fapravu vody pomoc\u00ed ioniz\u00e1toru a aktivaci proud\u011bn\u00ed vody p\u0159es filtra\u010dn\u00ed m\u00e9dia. <\/p>\n\n\n\n<p>Tato v\u00fdkonn\u00e1 jednotka m\u00e1 pr\u016ftok 22 000 m3\/h, co\u017e sta\u010d\u00ed k ochlazen\u00ed plochy a\u017e 250 m2. N\u00e1dr\u017e na vodu pojme a\u017e 130 litr\u016f vody, co\u017e zaru\u010duje nep\u0159etr\u017eit\u00fd provoz na velk\u00e9 plo\u0161e. <\/p>\n\n\n\n<p>Dal\u0161\u00ed technickou v\u00fdhodou, a ne posledn\u00ed, je, \u017ee <strong>vzduchov\u00fd chladi\u010d vy\u017eaduje velmi m\u00e1lo vody a elekt\u0159iny<\/strong>. Spot\u0159eba vody se pohybuje mezi 10 a 15 litry za hodinu. Daleko efektivn\u011bj\u0161\u00ed ne\u017e zvlh\u010dova\u010d vzduchu nebo ventila\u010dn\u00ed syst\u00e9m pro chlazen\u00ed velk\u00fdch prostor.  <\/p>\n\n\n\n<p>Chladi\u010d vzduchu IC22 je mobiln\u00ed a stabiln\u00ed. V\u00e1\u017e\u00ed <strong>50 kg<\/strong> a je vybaven m\u011bkk\u00fdmi kole\u010dky, tak\u017ee jej m\u016f\u017eete libovoln\u011b p\u0159emis\u0165ovat. Sou\u010d\u00e1st\u00ed balen\u00ed je d\u00e1lkov\u00fd ovlada\u010d pro snadn\u00e9 ovl\u00e1d\u00e1n\u00ed na d\u00e1lku.  <\/p>\n\n\n\n<blockquote class=\"wp-block-quote is-layout-flow wp-block-quote-is-layout-flow\">\n<figure class=\"wp-block-image aligncenter size-full\"><img decoding=\"async\" width=\"290\" height=\"98\" src=\"https:\/\/obera.fr\/wp-content\/uploads\/2025\/02\/green-modern-marketing-logo.png\" alt=\"zelen\u00e9 modern\u00ed marketingov\u00e9 logo\" class=\"wp-image-61494\"\/><\/figure>\n\n\n\n<p>Filtr G4: Odpa\u0159ovac\u00ed chladi\u010d vzduchu IC22 je vybaven vzduchov\u00fdm filtrem G4, kter\u00fd zlep\u0161uje kvalitu vzduchu. To je nespornou v\u00fdhodou pro zdrav\u00ed zam\u011bstnanc\u016f a pro zaji\u0161t\u011bn\u00ed v\u00fdkonu stroje. Prodlu\u017euje tak\u00e9 \u017eivotnost chladi\u010de, proto\u017ee je m\u00e9n\u011b zanesen ne\u010distotami a prachem.  <\/p>\n<\/blockquote>\n\n\n\n<div class=\"wp-block-columns is-layout-flex wp-container-core-columns-is-layout-28f84493 wp-block-columns-is-layout-flex\">\n<div class=\"wp-block-column is-layout-flow wp-block-column-is-layout-flow\"><\/div>\n\n\n\n<div class=\"wp-block-column is-layout-flow wp-block-column-is-layout-flow\"><\/div>\n\n\n\n<div class=\"wp-block-column is-layout-flow wp-block-column-is-layout-flow\"><\/div>\n<\/div>\n\n\n\n<h3 class=\"wp-block-heading has-text-align-center\">PR\u016eMYSLOV\u00c1 ODV\u011aTV\u00cd<\/h3>\n\n\n\n<div class=\"wp-block-columns is-layout-flex wp-container-core-columns-is-layout-28f84493 wp-block-columns-is-layout-flex\">\n<div class=\"wp-block-column is-layout-flow wp-block-column-is-layout-flow\">\n<hr class=\"wp-block-separator has-alpha-channel-opacity\"\/>\n\n\n\n<div class=\"wp-block-columns is-layout-flex wp-container-core-columns-is-layout-28f84493 wp-block-columns-is-layout-flex\">\n<div class=\"wp-block-column is-layout-flow wp-block-column-is-layout-flow\">\n<figure class=\"wp-block-image aligncenter size-thumbnail is-resized\"><img decoding=\"async\" width=\"150\" height=\"150\" src=\"https:\/\/obera.fr\/wp-content\/uploads\/2022\/02\/Textile-150x150.png\" alt=\"textil\" class=\"wp-image-8855\"\/><figcaption class=\"wp-element-caption\">Textil<\/figcaption><\/figure>\n\n\n\n<figure class=\"wp-block-image aligncenter size-thumbnail is-resized\"><img decoding=\"async\" width=\"150\" height=\"150\" src=\"https:\/\/obera.fr\/wp-content\/uploads\/2022\/02\/Plastique-150x150.png\" alt=\"plast\" class=\"wp-image-8854\"\/><figcaption class=\"wp-element-caption\">Plastov\u00e9<\/figcaption><\/figure>\n\n\n\n<figure class=\"wp-block-image aligncenter size-thumbnail is-resized\"><img decoding=\"async\" width=\"150\" height=\"150\" src=\"https:\/\/obera.fr\/wp-content\/uploads\/2023\/02\/sans-titre-2023-02-14t104609.147-150x150.png\" alt=\"Logistika\" class=\"wp-image-18825\"\/><figcaption class=\"wp-element-caption\">Logistika<\/figcaption><\/figure>\n<\/div>\n\n\n\n<div class=\"wp-block-column is-layout-flow wp-block-column-is-layout-flow\">\n<figure class=\"wp-block-image aligncenter size-thumbnail is-resized\"><img decoding=\"async\" width=\"150\" height=\"150\" src=\"https:\/\/obera.fr\/wp-content\/uploads\/2022\/02\/MINERAIS-150x150.png\" alt=\"rudy\" class=\"wp-image-8847\"\/><figcaption class=\"wp-element-caption\">Miner\u00e1ly<\/figcaption><\/figure>\n\n\n\n<figure class=\"wp-block-image aligncenter size-thumbnail is-resized\"><img decoding=\"async\" width=\"150\" height=\"150\" src=\"https:\/\/obera.fr\/wp-content\/uploads\/2022\/02\/Metalurgie-150x150.png\" alt=\"metalurgie\" class=\"wp-image-8857\"\/><figcaption class=\"wp-element-caption\">Hutnictv\u00ed<\/figcaption><\/figure>\n\n\n\n<figure class=\"wp-block-image aligncenter size-thumbnail is-resized\"><img decoding=\"async\" width=\"150\" height=\"150\" src=\"https:\/\/obera.fr\/wp-content\/uploads\/2023\/02\/sans-titre-2023-02-14t102211.641-150x150.png\" alt=\"Zem\u011bd\u011blstv\u00ed\" class=\"wp-image-18828\"\/><figcaption class=\"wp-element-caption\">Zem\u011bd\u011blstv\u00ed<\/figcaption><\/figure>\n<\/div>\n<\/div>\n<\/div>\n\n\n\n<div class=\"wp-block-column is-layout-flow wp-block-column-is-layout-flow\">\n<hr class=\"wp-block-separator has-alpha-channel-opacity\"\/>\n\n\n\n<div class=\"wp-block-columns is-layout-flex wp-container-core-columns-is-layout-28f84493 wp-block-columns-is-layout-flex\">\n<div class=\"wp-block-column is-layout-flow wp-block-column-is-layout-flow\">\n<figure class=\"wp-block-image aligncenter size-thumbnail is-resized\"><img decoding=\"async\" width=\"150\" height=\"150\" src=\"https:\/\/obera.fr\/wp-content\/uploads\/2022\/02\/Chimie-150x150.png\" alt=\"chemie\" class=\"wp-image-8846\"\/><figcaption class=\"wp-element-caption\">Chemie<\/figcaption><\/figure>\n\n\n\n<figure class=\"wp-block-image aligncenter size-thumbnail is-resized\"><img decoding=\"async\" width=\"150\" height=\"150\" src=\"https:\/\/obera.fr\/wp-content\/uploads\/2022\/02\/Travail-du-bois-150x150.png\" alt=\"obr\u00e1b\u011bn\u00ed d\u0159eva\" class=\"wp-image-8856\"\/><figcaption class=\"wp-element-caption\">Obr\u00e1b\u011bn\u00ed d\u0159eva<\/figcaption><\/figure>\n\n\n\n<figure class=\"wp-block-image aligncenter size-thumbnail is-resized\"><img decoding=\"async\" width=\"150\" height=\"150\" src=\"https:\/\/obera.fr\/wp-content\/uploads\/2023\/02\/sans-titre-2023-02-14t101920.185-150x150.png\" alt=\"Letectv\u00ed\" class=\"wp-image-18831\"\/><figcaption class=\"wp-element-caption\">Letectv\u00ed<\/figcaption><\/figure>\n<\/div>\n\n\n\n<div class=\"wp-block-column is-layout-flow wp-block-column-is-layout-flow\">\n<figure class=\"wp-block-image aligncenter size-thumbnail is-resized\"><img decoding=\"async\" width=\"150\" height=\"150\" src=\"https:\/\/obera.fr\/wp-content\/uploads\/2022\/02\/AGROALIMENTAIRE-150x150.png\" alt=\"zem\u011bd\u011blsko-potravin\u00e1\u0159sk\u00fd\" class=\"wp-image-8844\"\/><figcaption class=\"wp-element-caption\">Potravin\u00e1\u0159sk\u00fd pr\u016fmysl<\/figcaption><\/figure>\n\n\n\n<figure class=\"wp-block-image aligncenter size-thumbnail is-resized\"><img decoding=\"async\" width=\"150\" height=\"150\" src=\"https:\/\/obera.fr\/wp-content\/uploads\/2022\/02\/Papier-carton-150x150.png\" alt=\"pap\u00edr a lepenka\" class=\"wp-image-8853\"\/><figcaption class=\"wp-element-caption\">Pap\u00edr\/karton<\/figcaption><\/figure>\n\n\n\n<figure class=\"wp-block-image aligncenter size-thumbnail is-resized\"><img decoding=\"async\" width=\"150\" height=\"150\" src=\"https:\/\/obera.fr\/wp-content\/uploads\/2023\/02\/sans-titre-2023-02-14t101712.416-150x150.png\" alt=\"Automobilov\u00fd pr\u016fmysl\" class=\"wp-image-18834\"\/><figcaption class=\"wp-element-caption\">Automobilov\u00fd pr\u016fmysl<\/figcaption><\/figure>\n<\/div>\n<\/div>\n<\/div>\n<\/div>\n\n\n\n<figure class=\"wp-block-table\"><table class=\"has-fixed-layout\"><tbody><tr><td>Pr\u016ftok<\/td><td>m3\/h<\/td><td>22 000<\/td><\/tr><tr><td>Po\u010det rychlost\u00ed<\/td><td><\/td><td>3<\/td><\/tr><tr><td>Nap\u011bt\u00ed<\/td><td>V<\/td><td>230<\/td><\/tr><tr><td>Jmenovit\u00fd proud<\/td><td>A<\/td><td>2.8<\/td><\/tr><tr><td>Power<\/td><td>W<\/td><td>640<\/td><\/tr><tr><td>Rozm\u011bry<\/td><td>l\/L\/h (mm)<\/td><td>1120 x 640 x 1600<\/td><\/tr><tr><td>Hmotnost<\/td><td>kg<\/td><td>50<\/td><\/tr><tr><td>Hladina hluku<\/td><td>dB(A)<\/td><td>58\/64\/68<\/td><\/tr><tr><td>Povrchov\u00e1 \u00faprava<\/td><td>m\u00b2<\/td><td>150 \u00e0 250<\/td><\/tr><tr><td>Objem n\u00e1dr\u017ee<\/td><td>L<\/td><td>130<\/td><\/tr><tr><td>Spot\u0159eba vody<\/td><td>L\/h<\/td><td>10 \u00e0 15<\/td><\/tr><\/tbody><\/table><\/figure>\n\n\n\n<div class=\"wp-block-columns is-layout-flex wp-container-core-columns-is-layout-28f84493 wp-block-columns-is-layout-flex\">\n<div class=\"wp-block-column is-layout-flow wp-block-column-is-layout-flow\">\n<div class=\"wp-block-buttons is-content-justification-center is-layout-flex wp-container-core-buttons-is-layout-a89b3969 wp-block-buttons-is-layout-flex\">\n<div class=\"wp-block-button\"><a class=\"wp-block-button__link wp-element-button\" href=\"https:\/\/obera.fr\/wp-content\/uploads\/2025\/04\/brochure-ic-22-en.pdf\">ST\u00c1HNOUT BRO\u017dURU<\/a><\/div>\n<\/div>\n<\/div>\n\n\n\n<div class=\"wp-block-column is-layout-flow wp-block-column-is-layout-flow\">\n<div class=\"wp-block-buttons is-horizontal is-content-justification-center is-layout-flex wp-container-core-buttons-is-layout-03627597 wp-block-buttons-is-layout-flex\">\n<div class=\"wp-block-button has-custom-width wp-block-button__width-100\"><a class=\"wp-block-button__link wp-element-button\" href=\"https:\/\/obera.fr\/cs\/kontaktujte-nas\/\">Zjist\u011bte v\u00edce<\/a><\/div>\n<\/div>\n<\/div>\n<\/div>\n\n\n\n<blockquote class=\"wp-block-quote is-layout-flow wp-block-quote-is-layout-flow\">\n<p>Dobr\u00e9 v\u011bd\u011bt: <strong>OberA nab\u00edz\u00ed k prodeji nov\u00e9 i pou\u017eit\u00e9 spot\u0159ebi\u010de<\/strong>. Pou\u017eit\u00e9 v\u00fdrobky jsou opraven\u00e9, repasovan\u00e9 a renovovan\u00e9 a vztahuje se na n\u011b ro\u010dn\u00ed z\u00e1ruka. Ka\u017ed\u00fd pou\u017eit\u00fd v\u00fdrobek m\u00e1 klasifikaci: t\u0159\u00edda A (t\u00e9m\u011b\u0159 nov\u00fd), t\u0159\u00edda B (st\u0159edn\u00ed stav s m\u00edrn\u00fdmi zn\u00e1mkami opot\u0159eben\u00ed) a t\u0159\u00edda C (zhor\u0161en\u00fd stav, ale pouze kosmetick\u00fd). N\u00e1\u0161 internetov\u00fd obchod zaru\u010duje bezpe\u010dnou platbu a rychl\u00e9 dod\u00e1n\u00ed v\u00fdrobk\u016f.   <\/p>\n<\/blockquote>\n\n\n\n<h2 class=\"wp-block-heading\">Odpa\u0159ovac\u00ed chladi\u010de: v\u00fdhody modelu IC22<\/h2>\n\n\n\n<p>Konstrukce chladi\u010de vzduchu IC22 je pro <strong>va\u0161e zam\u011bstnance<\/strong> mimo\u0159\u00e1dn\u011b <strong>pohodln\u00e1<\/strong>. V\u00fdznamn\u011b p\u0159isp\u00edv\u00e1 k jejich pohod\u011b t\u00edm, \u017ee \u0161\u00ed\u0159\u00ed \u010derstv\u00fd vzduch bez chladiv\u00e9ho efektu. S hladinou hluku 66 dB(A) je jednotka tich\u00e1, ani\u017e by to bylo na \u00fakor v\u00fdkonu. A proto\u017ee se s n\u00ed snadno manipuluje, mohou ji va\u0161i zam\u011bstnanci p\u0159em\u00edstit, kamkoli se jim zl\u00edb\u00ed, a u\u017e\u00edvat si p\u0159\u00edjemn\u00e9ho vzduchu v m\u00edstnosti.   <\/p>\n\n\n\n<p>K ochran\u011b za\u0159\u00edzen\u00ed p\u0159isp\u00edv\u00e1 tak\u00e9 vlhkost vzduchu (5 a\u017e 10 %). Tato funkce je <strong>vhodn\u00e1<\/strong> zejm\u00e9na <strong>pro sklen\u00edky nebo zem\u011bd\u011blsk\u00e9 prostory se<\/strong> za\u0159\u00edzen\u00edm a v\u00fdrobky, kter\u00e9 jsou citliv\u00e9 na teplo a such\u00fd vzduch. <\/p>\n\n\n\n<p>Z hlediska investic spot\u0159ebuje tento <a href=\"https:\/\/obera.fr\/cs\/produits\/rafraichisseurs-air\/\" data-type=\"page\" data-id=\"368\">adiabatick\u00fd chladi\u010d vzduchu<\/a> a\u017e o 80 % m\u00e9n\u011b energie ne\u017e b\u011b\u017en\u00e1 klimatizace. Krom\u011b spot\u0159eby elektrick\u00e9 energie <strong>pou\u017e\u00edv\u00e1 chladic\u00ed za\u0159\u00edzen\u00ed k ochlazov\u00e1n\u00ed okoln\u00edho vzduchu kompresor a chladivo,<\/strong> co\u017e je tak\u00e9 m\u00e9n\u011b ekologick\u00e1 slo\u017eka. <\/p>\n\n\n\n<div class=\"wp-block-columns is-layout-flex wp-container-core-columns-is-layout-28f84493 wp-block-columns-is-layout-flex\">\n<div class=\"wp-block-column is-layout-flow wp-block-column-is-layout-flow\">\n<h3 class=\"wp-block-heading\">V\u00fdhody :<\/h3>\n\n\n\n<ul class=\"wp-block-list\">\n<li>\u0160etrn\u00e9 k \u017eivotn\u00edmu prost\u0159ed\u00ed;<\/li>\n\n\n\n<li>Snadno ovladateln\u00e9 mobiln\u00ed za\u0159\u00edzen\u00ed;<\/li>\n\n\n\n<li>Pr\u016ftok, kter\u00fd dok\u00e1\u017ee ochladit prostory o rozloze 250 m2 ;<\/li>\n\n\n\n<li>Plug &amp; play.<\/li>\n<\/ul>\n<\/div>\n\n\n\n<div class=\"wp-block-column is-layout-flow wp-block-column-is-layout-flow\">\n<h3 class=\"wp-block-heading\">Speci\u00e1ln\u00ed funkce:<\/h3>\n\n\n\n<ul class=\"wp-block-list\">\n<li>Energeticky \u00fasporn\u00e9 (voda a elekt\u0159ina) ;<\/li>\n\n\n\n<li>Filtrace prachu (filtr G4) ;<\/li>\n\n\n\n<li>Funkce \u010dasova\u010de pro automatick\u00e9 spu\u0161t\u011bn\u00ed a zastaven\u00ed<\/li>\n\n\n\n<li>\u017d\u00e1dn\u00e1 instalace potrub\u00ed nebo ods\u00e1vac\u00edch kan\u00e1l\u016f;<\/li>\n\n\n\n<li>\u017d\u00e1dn\u00e9 n\u00e1klady na instalaci.<\/li>\n<\/ul>\n<\/div>\n\n\n\n<div class=\"wp-block-column is-layout-flow wp-block-column-is-layout-flow\">\n<h3 class=\"wp-block-heading\">Vlastnosti :<\/h3>\n\n\n\n<ul class=\"wp-block-list\">\n<li>\u017d\u00e1dn\u00fd &#8222;cold snap&#8220; efekt;<\/li>\n\n\n\n<li>Re\u017eim oscilace proud\u011bn\u00ed vzduchu ;<\/li>\n\n\n\n<li>Udr\u017euje optim\u00e1ln\u00ed \u00farove\u0148 vlhkosti.<\/li>\n<\/ul>\n<\/div>\n<\/div>\n\n\n\n<h2 class=\"wp-block-heading\">Otestujte n\u00e1\u0161 chladi\u010d vzduchu IC22<\/h2>\n\n\n\n<p>Nab\u00edz\u00edme<strong> mo\u017enost zap\u016fj\u010den\u00ed\/vyzkou\u0161en\u00ed tohoto za\u0159\u00edzen\u00ed v pr\u016fm\u011bru na jeden m\u011bs\u00edc<\/strong> s rychl\u00fdm dod\u00e1n\u00edm pro t\u00e9m\u011b\u0159 okam\u017eit\u00e9 vyzkou\u0161en\u00ed ve va\u0161\u00ed d\u00edln\u011b. Pokud se rozhodnete \u0159e\u0161en\u00ed ov\u011b\u0159it, nebudete platit \u017e\u00e1dn\u00fd rozd\u00edl! Pokud ne, posoud\u00edme v\u00fdkonnost za\u0159\u00edzen\u00ed a navrhneme chladi\u010d, kter\u00fd bude l\u00e9pe vyhovovat va\u0161im pot\u0159eb\u00e1m a specifikac\u00edm.  <\/p>\n\n\n\n<div class=\"wp-block-buttons is-content-justification-center is-layout-flex wp-container-core-buttons-is-layout-a89b3969 wp-block-buttons-is-layout-flex\">\n<div class=\"wp-block-button\"><a class=\"wp-block-button__link wp-element-button\" href=\"https:\/\/obera.fr\/cs\/contact\/\">KONTAKTUJTE N\u00c1S<\/a><\/div>\n<\/div>\n","protected":false},"excerpt":{"rendered":"<p>Ekologick\u00fd a \u00fasporn\u00fd osv\u011b\u017eova\u010d vzduchu s odpa\u0159ovac\u00edm filtrem je ide\u00e1ln\u00ed pro vytv\u00e1\u0159en\u00ed chladn\u011bj\u0161\u00edho vzduchu o 10 a\u017e 20 \u00b0C ve va\u0161ich pracovn\u00edch prostor\u00e1ch. Chladi\u010d vzduchu s odpa\u0159ovac\u00edm filtrem OberA: jak funguje? \u0158ada odpa\u0159ovac\u00edch chladi\u010d\u016f vzduchu IC22 je vybavena vo\u0161tinov\u00fdmi panely, kter\u00e9 jsou neust\u00e1le nas\u00e1kl\u00e9 vodou. Axi\u00e1ln\u00ed spir\u00e1lov\u00fd ventil\u00e1tor v zadn\u00ed \u010d\u00e1sti jednotky nas\u00e1v\u00e1 hork\u00fd vzduch a propou\u0161t\u00ed jej p\u0159es chladic\u00ed panely. Hork\u00fd vzduch se p\u0159i kontaktu s vodou odpa\u0159uje a ochlazuje. Tento jev je zn\u00e1m\u00fd jako &#8222;chladic\u00ed efekt&#8220; a sni\u017euje teplotu nas\u00e1van\u00e9ho vzduchu a\u017e o 20 \u00b0C. Chladn\u011bj\u0161\u00ed, filtrovan\u00fd vzduch je pak protla\u010dov\u00e1n jednotkou a cirkuluje po pracovn\u00edm prostoru. P\u0159esto &#8230; <\/p>\n<p class=\"read-more-container\"><a title=\"Chladi\u010d vzduchu s odpa\u0159ovac\u00edm filtrem IC22\" class=\"read-more button\" href=\"https:\/\/obera.fr\/cs\/produits\/rafraichisseurs-air\/rafraichisseurs-par-evaporation-ic\/ic22-filtrant-par-evaporation\/#more-37341\" aria-label=\"\u010c\u00edst v\u00edce o Chladi\u010d vzduchu s odpa\u0159ovac\u00edm filtrem IC22\">Lire la suite<\/a><\/p>\n","protected":false},"author":4,"featured_media":83734,"parent":37395,"menu_order":0,"comment_status":"closed","ping_status":"closed","template":"","meta":{"_acf_changed":false,"_seopress_robots_primary_cat":"","_seopress_titles_title":"IC22, pr\u016fmyslov\u00fd odpa\u0159ovac\u00ed chladi\u010d","_seopress_titles_desc":"Ekologick\u00fd a \u00fasporn\u00fd osv\u011b\u017eova\u010d vzduchu s odpa\u0159ovac\u00edm filtrem IC22 je ide\u00e1ln\u00ed pro vytv\u00e1\u0159en\u00ed chladn\u011bj\u0161\u00edho vzduchu o 10 a\u017e 20 \u00b0C ve va\u0161ich pracovn\u00edch prostor\u00e1ch.","_seopress_robots_index":"","footnotes":""},"class_list":{"0":"post-37341","1":"page","2":"type-page","3":"status-publish","4":"has-post-thumbnail","6":"no-featured-image-padding","7":"resize-featured-image"},"acf":[],"_links":{"self":[{"href":"https:\/\/obera.fr\/cs\/wp-json\/wp\/v2\/pages\/37341","targetHints":{"allow":["GET"]}}],"collection":[{"href":"https:\/\/obera.fr\/cs\/wp-json\/wp\/v2\/pages"}],"about":[{"href":"https:\/\/obera.fr\/cs\/wp-json\/wp\/v2\/types\/page"}],"author":[{"embeddable":true,"href":"https:\/\/obera.fr\/cs\/wp-json\/wp\/v2\/users\/4"}],"replies":[{"embeddable":true,"href":"https:\/\/obera.fr\/cs\/wp-json\/wp\/v2\/comments?post=37341"}],"version-history":[{"count":9,"href":"https:\/\/obera.fr\/cs\/wp-json\/wp\/v2\/pages\/37341\/revisions"}],"predecessor-version":[{"id":88695,"href":"https:\/\/obera.fr\/cs\/wp-json\/wp\/v2\/pages\/37341\/revisions\/88695"}],"up":[{"embeddable":true,"href":"https:\/\/obera.fr\/cs\/wp-json\/wp\/v2\/pages\/37395"}],"wp:featuredmedia":[{"embeddable":true,"href":"https:\/\/obera.fr\/cs\/wp-json\/wp\/v2\/media\/83734"}],"wp:attachment":[{"href":"https:\/\/obera.fr\/cs\/wp-json\/wp\/v2\/media?parent=37341"}],"curies":[{"name":"wp","href":"https:\/\/api.w.org\/{rel}","templated":true}]}}