{"id":37765,"date":"2024-05-07T09:40:58","date_gmt":"2024-05-07T07:40:58","guid":{"rendered":"https:\/\/obera.fr\/mobilni-stul-epurbox-tsp\/"},"modified":"2025-06-26T15:56:42","modified_gmt":"2025-06-26T13:56:42","slug":"epurbox-tsp","status":"publish","type":"page","link":"https:\/\/obera.fr\/cs\/produits\/caissons-mobiles-aspiration\/epurbox-tsp\/","title":{"rendered":"Ods\u00e1vac\u00ed st\u016fl Atex: na\u0161e rady"},"content":{"rendered":"\n<div class=\"wp-block-columns is-layout-flex wp-container-core-columns-is-layout-28f84493 wp-block-columns-is-layout-flex\">\n<div class=\"wp-block-column is-vertically-aligned-top is-layout-flow wp-block-column-is-layout-flow\" style=\"flex-basis:33.33%\">\n<figure class=\"wp-block-image aligncenter size-full is-resized\"><img decoding=\"async\" width=\"1200\" height=\"1200\" src=\"https:\/\/obera.fr\/wp-content\/uploads\/2024\/05\/epurbox-tsp.png\" alt=\"epurbox tsp sac&#xED; st&#x16F;l\" class=\"wp-image-30348\" style=\"width:296px;height:346px\" srcset=\"https:\/\/obera.fr\/wp-content\/uploads\/2024\/05\/epurbox-tsp.png 1200w, https:\/\/obera.fr\/wp-content\/uploads\/2024\/05\/epurbox-tsp-300x300.png 300w, https:\/\/obera.fr\/wp-content\/uploads\/2024\/05\/epurbox-tsp-1024x1024.png 1024w, https:\/\/obera.fr\/wp-content\/uploads\/2024\/05\/epurbox-tsp-150x150.png 150w, https:\/\/obera.fr\/wp-content\/uploads\/2024\/05\/epurbox-tsp-768x768.png 768w\" sizes=\"(max-width: 1200px) 100vw, 1200px\" \/><figcaption class=\"wp-element-caption\">ePURbox TSP<\/figcaption><\/figure>\n<\/div>\n\n\n\n<div class=\"wp-block-column is-layout-flow wp-block-column-is-layout-flow\" style=\"flex-basis:66.66%\">\n<p><strong>Ods\u00e1vac\u00ed stolek ePURBOX<\/strong> je p\u0159\u00edmo integrov\u00e1n do p\u0159\u00edstroje ePURBOX. M\u00e1 vlastn\u00ed filtra\u010dn\u00ed syst\u00e9m a ventil\u00e1tor pro \u00fapravu pach\u016f a t\u011bkav\u00fdch organick\u00fdch l\u00e1tek. Oblo\u017een\u00ed zadn\u00ed st\u011bny zaji\u0161\u0165uje vysoce \u00fa\u010dinn\u00e9 ods\u00e1v\u00e1n\u00ed a zachycov\u00e1n\u00ed \u0161kodlivin po cel\u00e9 plo\u0161e ods\u00e1vac\u00edho stolu.  <\/p>\n\n\n\n<p>Hrub\u00e9 \u010d\u00e1stice jsou filtrov\u00e1ny integrovan\u00fdm p\u0159edfiltrem (G4), kter\u00fd prodlu\u017euje \u017eivotnost kazet s aktivn\u00edm uhl\u00edm.<\/p>\n\n\n\n<p>Oblo\u017een\u00ed bo\u010dn\u00edch st\u011bn zaji\u0161\u0165uje velmi vysokou \u00farove\u0148 zachycen\u00ed pach\u016f na povrchu stolu. Nakonec je procesn\u00ed vzduch filtrov\u00e1n aktivn\u00edm uhl\u00edm (typ A) a m\u016f\u017ee b\u00fdt znovu p\u0159iv\u00e1d\u011bn do pracovn\u00edho prostoru. <\/p>\n\n\n\n<hr class=\"wp-block-separator has-css-opacity is-style-dots\"\/>\n\n\n\n<div class=\"wp-block-columns is-layout-flex wp-container-core-columns-is-layout-28f84493 wp-block-columns-is-layout-flex\">\n<div class=\"wp-block-column is-layout-flow wp-block-column-is-layout-flow\" style=\"flex-basis:33.33%\">\n<div class=\"wp-block-buttons is-layout-flex wp-block-buttons-is-layout-flex\">\n<div class=\"wp-block-button\"><a class=\"wp-block-button__link wp-element-button\" href=\"https:\/\/obera.fr\/wp-content\/uploads\/2025\/04\/brochure-epurbox-tsp-atex-fr.pdf\">ST\u00c1HNOUT BRO\u017dURU<\/a><\/div>\n<\/div>\n<\/div>\n\n\n\n<div class=\"wp-block-column is-layout-flow wp-block-column-is-layout-flow\" style=\"flex-basis:33.34%\">\n<div class=\"wp-block-buttons is-horizontal is-content-justification-center is-layout-flex wp-container-core-buttons-is-layout-03627597 wp-block-buttons-is-layout-flex\">\n<div class=\"wp-block-button has-custom-width wp-block-button__width-100\"><a class=\"wp-block-button__link wp-element-button\" href=\"https:\/\/obera.fr\/cs\/kontaktujte-nas\/\">Zjist\u011bte v\u00edce<\/a><\/div>\n<\/div>\n<\/div>\n\n\n\n<div class=\"wp-block-column is-layout-flow wp-block-column-is-layout-flow\" style=\"flex-basis:33.34%\">\n<div class=\"wp-block-buttons is-content-justification-center is-layout-flex wp-container-core-buttons-is-layout-a89b3969 wp-block-buttons-is-layout-flex\">\n<div class=\"wp-block-button btn-devis-source\"><a class=\"wp-block-button__link wp-element-button\" href=\"https:\/\/obera.fr\/cs\/devis\/\">Po\u017e\u00e1dat o cenovou nab\u00eddku<\/a><\/div>\n<\/div>\n\n\n<script>\r\ndocument.addEventListener('DOMContentLoaded', function() {\r\n    \/\/ 1. On cherche le titre H1 de la page\r\n    var h1 = document.querySelector('h1');\r\n    var productTitle = h1 ? h1.innerText.trim() : \"\";\r\n\r\n    \/\/ 2. On cherche les boutons via la classe CSS .btn-devis-source\r\n    var buttons = document.querySelectorAll('.btn-devis-source a');\r\n\r\n    \/\/ 3. Si on a le titre et les boutons, on ajoute le param\u00e8tre\r\n    if (buttons.length > 0 && productTitle !== \"\") {\r\n        var encodedTitle = encodeURIComponent(productTitle);\r\n\r\n        buttons.forEach(function(btn) {\r\n            var currentHref = btn.getAttribute('href');\r\n            \r\n            \/\/ S\u00e9curit\u00e9 pour ne pas ajouter le param\u00e8tre 2 fois\r\n            if (currentHref.indexOf('sujet=') === -1) {\r\n                var separator = currentHref.indexOf('?') !== -1 ? '&' : '?';\r\n                var newLink = currentHref + separator + 'sujet=' + encodedTitle;\r\n                \r\n                btn.setAttribute('href', newLink);\r\n            }\r\n        });\r\n    }\r\n});\r\n<\/script><\/div>\n<\/div>\n\n\n\n<div style=\"height:45px\" aria-hidden=\"true\" class=\"wp-block-spacer\"><\/div>\n<\/div>\n<\/div>\n\n<div class=\"wp-block-columns is-layout-flex wp-container-core-columns-is-layout-28f84493 wp-block-columns-is-layout-flex\">\n<div class=\"wp-block-column is-layout-flow wp-block-column-is-layout-flow\" style=\"flex-basis:33.34%\">\n<h3 class=\"wp-block-heading\">V\u00fdhody<\/h3>\n\n\n\n<ul class=\"wp-block-list\">\n<li>Ventil\u00e1tor s velmi vysokou \u00fa\u010dinnost\u00ed<\/li>\n\n\n\n<li>Tlumi\u010d hluku<\/li>\n\n\n\n<li>Mobiln\u00ed, lehk\u00e9, snadno ovladateln\u00e9<\/li>\n\n\n\n<li>Mal\u00e1 plocha<\/li>\n\n\n\n<li>Snadn\u00e1 \u00fadr\u017eba filtru<\/li>\n\n\n\n<li>Pr\u016ftok nastaviteln\u00fd od 0 do 100 %.<\/li>\n\n\n\n<li>Syst\u00e9m Plug &amp; Play<\/li>\n<\/ul>\n<\/div>\n\n\n\n<div class=\"wp-block-column is-layout-flow wp-block-column-is-layout-flow\" style=\"flex-basis:33.34%\">\n<h3 class=\"wp-block-heading\">Speci\u00e1ln\u00ed funkce<\/h3>\n\n\n\n<ul class=\"wp-block-list\">\n<li>Snadn\u00e1 v\u00fdm\u011bna filtra\u010dn\u00edch m\u00e9di\u00ed<\/li>\n\n\n\n<li>Mo\u017enost aktualizace a konfigurace<\/li>\n\n\n\n<li>Atex 2 plyn \/ Atex 22 prach<\/li>\n\n\n\n<li>Vysok\u00e1 adsorp\u010dn\u00ed kapacita<\/li>\n\n\n\n<li>Hodinov\u00fd m\u011b\u0159i\u010d<\/li>\n\n\n\n<li>Indik\u00e1tor zne\u010di\u0161t\u011bn\u00e9ho filtru<\/li>\n\n\n\n<li>220V<\/li>\n<\/ul>\n<\/div>\n\n\n\n<div class=\"wp-block-column is-layout-flow wp-block-column-is-layout-flow\" style=\"flex-basis:33.33%\">\n<h3 class=\"wp-block-heading\">Funkce<\/h3>\n\n\n\n<ul class=\"wp-block-list\">\n<li>Maxim\u00e1ln\u00ed pr\u016ftok 1200 m3\/h<\/li>\n\n\n\n<li>pr\u016fm\u011br vstupu 140 mm<\/li>\n\n\n\n<li>Maxim\u00e1ln\u00ed podtlak 1350 Pa<\/li>\n\n\n\n<li>Jmenovit\u00fd v\u00fdkon 0,75 kW<\/li>\n\n\n\n<li>15 kg filtr s aktivn\u00edm uhl\u00edm<\/li>\n\n\n\n<li>Rozm\u011bry: 700 x 710 x 1060 mm<\/li>\n\n\n\n<li>Hmotnost 90 kg<\/li>\n\n\n\n<li>Hladina hluku 68 db<\/li>\n<\/ul>\n<\/div>\n<\/div>\n\n<h3 class=\"wp-block-heading\">V\u00fdhody<\/h3>\n\n<p>Ods\u00e1vac\u00ed st\u016fl ePURBOX byl navr\u017een pro <strong>mobiln\u00ed pou\u017eit\u00ed a je vhodn\u00fd pro nep\u0159etr\u017eit\u00fd provoz<\/strong>. D\u00edky robustn\u00ed konstrukci je ods\u00e1vac\u00ed st\u016fl kompaktn\u00ed a snadno se s n\u00edm manipuluje. Pod ro\u0161tem je um\u00edst\u011bna z\u00e1suvka pro jednoduchou a \u010distou likvidaci odpadu shrom\u00e1\u017ed\u011bn\u00e9ho b\u011bhem procesu. Technologie EC zaji\u0161\u0165uje<strong> tich\u00fd <\/strong>a \u00fasporn\u00fd<strong> provoz <\/strong>.   <\/p>\n\n<h3 class=\"wp-block-heading\">Speci\u00e1ln\u00ed funkce<\/h3>\n\n<p>Ods\u00e1vac\u00ed st\u016fl ePURBOX m\u00e1 knofl\u00edk pro plynul\u00e9 nastaven\u00ed pr\u016ftoku vzduchu. Pomoc\u00ed <strong>oto\u010dn\u00e9ho knofl\u00edku m\u016f\u017eete ru\u010dn\u011b nastavit pr\u016ftok vzduchu <\/strong>podle pot\u0159eby. K dispozici je tak\u00e9 po\u010d\u00edtadlo provozn\u00edch hodin, tak\u017ee v\u00edte, jak dlouho jsou uvnit\u0159 nap\u0159\u00edklad filtry, tak\u017ee v\u00edte, kdy je t\u0159eba je vym\u011bnit.  <\/p>\n\n<h3 class=\"wp-block-heading\">Funkce<\/h3>\n\n<p>D\u00edky materi\u00e1l\u016fm pou\u017eit\u00fdm p\u0159i konstrukci<strong> sac\u00edho stolu ePURBOX<\/strong> je robustn\u00ed a snadno se s n\u00edm manipuluje. D\u00edky sv\u00e9 mobilit\u011b a rozm\u011br\u016fm je tento st\u016fl efektivn\u00edm pracovn\u00edm m\u00edstem. <\/p>\n\n<h3 class=\"wp-block-heading\">Kter\u00e9 zne\u010di\u0161\u0165uj\u00edc\u00ed l\u00e1tky lze zpracov\u00e1vat pomoc\u00ed tabulky ePURBOX?<\/h3>\n\n<p>Sac\u00ed st\u016fl ePURBOX TSP je \u00fa\u010dinn\u00fd proti .<\/p>\n\n<ul class=\"wp-block-list\">\n<li>\u010c\u00e1stice vznikaj\u00edc\u00ed p\u0159i brou\u0161en\u00ed a brou\u0161en\u00ed.<\/li>\n\n\n\n<li>Jemn\u00fd a ultrajemn\u00fd prach ;<\/li>\n\n\n\n<li>Kovov\u00e9 v\u00fdpary ;<\/li>\n\n\n\n<li>\u0160kodliv\u00e9 plyny a p\u00e1ry ;<\/li>\n<\/ul>\n\n<p><\/p>\n\n<div class=\"wp-block-columns is-layout-flex wp-container-core-columns-is-layout-28f84493 wp-block-columns-is-layout-flex\">\n<div class=\"wp-block-column is-layout-flow wp-block-column-is-layout-flow\" style=\"flex-basis:25%\"><\/div>\n\n\n\n<div class=\"wp-block-column is-layout-flow wp-block-column-is-layout-flow\" style=\"flex-basis:50%\">\n<figure class=\"wp-block-embed is-type-video is-provider-youtube wp-block-embed-youtube wp-embed-aspect-16-9 wp-has-aspect-ratio\"><div class=\"wp-block-embed__wrapper\">\n<iframe title=\"Caisson mobile d&#039;aspiration - ePURbox Atex - OberA\" width=\"1200\" height=\"675\" src=\"https:\/\/www.youtube.com\/embed\/vpDttbOwJGQ?start=1&#038;feature=oembed\" frameborder=\"0\" allow=\"accelerometer; autoplay; clipboard-write; encrypted-media; gyroscope; picture-in-picture; web-share\" referrerpolicy=\"strict-origin-when-cross-origin\" allowfullscreen><\/iframe>\n<\/div><\/figure>\n\n\n\n<p><\/p>\n<\/div>\n\n\n\n<div class=\"wp-block-column is-layout-flow wp-block-column-is-layout-flow\" style=\"flex-basis:25%\"><\/div>\n<\/div>\n\n<h2 class=\"wp-block-heading\">Pr\u016fmyslov\u00e9 aplikace sac\u00edch stol\u016f ATEX<\/h2>\n\n<div class=\"wp-block-columns is-layout-flex wp-container-core-columns-is-layout-28f84493 wp-block-columns-is-layout-flex\">\n<div class=\"wp-block-column is-layout-flow wp-block-column-is-layout-flow\">\n<h3 class=\"wp-block-heading has-text-align-center\">Zne\u010di\u0161\u0165uj\u00edc\u00ed l\u00e1tky<\/h3>\n\n\n\n<div class=\"wp-block-columns is-layout-flex wp-container-core-columns-is-layout-28f84493 wp-block-columns-is-layout-flex\">\n<div class=\"wp-block-column is-layout-flow wp-block-column-is-layout-flow\">\n<figure class=\"wp-block-image aligncenter size-large\"><img decoding=\"async\" width=\"70\" height=\"70\" src=\"https:\/\/obera.fr\/wp-content\/uploads\/2021\/03\/industrie-fumees.jpg\" alt=\"pr&#x16F;myslov&#xE9; v&#xFD;pary\" class=\"wp-image-4971\"\/><figcaption class=\"wp-element-caption\">V\u00fdpary<\/figcaption><\/figure>\n\n\n\n<figure class=\"wp-block-image aligncenter size-large\"><img decoding=\"async\" width=\"70\" height=\"70\" src=\"https:\/\/obera.fr\/wp-content\/uploads\/2021\/03\/industrie-odeur-2.jpg\" alt=\"pr&#x16F;mysl z&#xE1;pachu 2\" class=\"wp-image-4972\"\/><figcaption class=\"wp-element-caption\">Z\u00e1pachy<\/figcaption><\/figure>\n<\/div>\n\n\n\n<div class=\"wp-block-column is-layout-flow wp-block-column-is-layout-flow\">\n<figure class=\"wp-block-image aligncenter size-large\"><img decoding=\"async\" width=\"70\" height=\"70\" src=\"https:\/\/obera.fr\/wp-content\/uploads\/2021\/03\/polluants-poussieres-1.jpg\" alt=\"prachov&#xE9; zne&#x10D;i&#x161;&#x165;uj&#xED;c&#xED; l&#xE1;tky 1\" class=\"wp-image-4969\"\/><figcaption class=\"wp-element-caption\">Prach<\/figcaption><\/figure>\n<\/div>\n<\/div>\n\n\n\n<p><\/p>\n<\/div>\n\n\n\n<div class=\"wp-block-column is-layout-flow wp-block-column-is-layout-flow\">\n<h3 class=\"wp-block-heading has-text-align-center\">pr\u016fmyslov\u00e1 odv\u011btv\u00ed<\/h3>\n\n\n\n<div class=\"wp-block-columns is-layout-flex wp-container-core-columns-is-layout-28f84493 wp-block-columns-is-layout-flex\">\n<div class=\"wp-block-column is-layout-flow wp-block-column-is-layout-flow\">\n<figure class=\"wp-block-image aligncenter size-large\"><img decoding=\"async\" width=\"70\" height=\"70\" src=\"https:\/\/obera.fr\/wp-content\/uploads\/2021\/03\/industrie-metallurgie-1.jpg\" alt=\"hutnick&#xFD; pr&#x16F;mysl 1\" class=\"wp-image-4975\"\/><figcaption class=\"wp-element-caption\">Hutnictv\u00ed<\/figcaption><\/figure>\n\n\n\n<figure class=\"wp-block-image aligncenter size-large\"><img decoding=\"async\" width=\"70\" height=\"70\" src=\"https:\/\/obera.fr\/wp-content\/uploads\/2021\/03\/industrie-textile.jpg\" alt=\"textiln&#xED; pr&#x16F;mysl\" class=\"wp-image-4980\"\/><figcaption class=\"wp-element-caption\">Textil<\/figcaption><\/figure>\n\n\n\n<figure class=\"wp-block-image aligncenter size-large\"><img decoding=\"async\" width=\"70\" height=\"70\" src=\"https:\/\/obera.fr\/wp-content\/uploads\/2021\/03\/industrie-chimie-1.jpg\" alt=\"chemick&#xFD; pr&#x16F;mysl 1\" class=\"wp-image-4981\"\/><figcaption class=\"wp-element-caption\">Chemie<\/figcaption><\/figure>\n\n\n\n<figure class=\"wp-block-image aligncenter size-large\"><img decoding=\"async\" width=\"70\" height=\"70\" src=\"https:\/\/obera.fr\/wp-content\/uploads\/2021\/03\/industrie-minerai.jpg\" alt=\"nerostn&#xFD; pr&#x16F;mysl\" class=\"wp-image-4977\"\/><figcaption class=\"wp-element-caption\">Miner\u00e1ly<\/figcaption><\/figure>\n<\/div>\n\n\n\n<div class=\"wp-block-column is-layout-flow wp-block-column-is-layout-flow\">\n<figure class=\"wp-block-image aligncenter size-large\"><img decoding=\"async\" width=\"70\" height=\"70\" src=\"https:\/\/obera.fr\/wp-content\/uploads\/2020\/08\/industrie-bois.jpg\" alt=\"INSTITUT PARAMEDICAL SCIENCE AND MANAGEMENT - Management\" class=\"wp-image-672\"\/><figcaption class=\"wp-element-caption\">Obr\u00e1b\u011bn\u00ed d\u0159eva<\/figcaption><\/figure>\n\n\n\n<figure class=\"wp-block-image aligncenter size-large\"><img decoding=\"async\" width=\"70\" height=\"70\" src=\"https:\/\/obera.fr\/wp-content\/uploads\/2021\/03\/industrie-plastique.jpg\" alt=\"plastik&#xE1;&#x159;sk&#xFD; pr&#x16F;mysl\" class=\"wp-image-4976\"\/><figcaption class=\"wp-element-caption\">Plasty<\/figcaption><\/figure>\n\n\n\n<figure class=\"wp-block-image aligncenter size-large\"><img decoding=\"async\" width=\"70\" height=\"70\" src=\"https:\/\/obera.fr\/wp-content\/uploads\/2021\/03\/industrie-papier-carton.jpg\" alt=\"pap&#xED;rensk&#xFD; a karton&#xE1;&#x17E;n&#xED; pr&#x16F;mysl\" class=\"wp-image-4982\"\/><figcaption class=\"wp-element-caption\">Pap\u00edr\/karton<\/figcaption><\/figure>\n\n\n\n<figure class=\"wp-block-image aligncenter size-large\"><img decoding=\"async\" width=\"70\" height=\"70\" src=\"https:\/\/obera.fr\/wp-content\/uploads\/2020\/08\/industrie-dechets.jpg\" alt=\"V&#xFD;robek - Zna&#x10D;ka\" class=\"wp-image-726\"\/><figcaption class=\"wp-element-caption\">Sb\u011br a t\u0159\u00edd\u011bn\u00ed odpadu<\/figcaption><\/figure>\n<\/div>\n<\/div>\n<\/div>\n<\/div>\n\n<p>V leteck\u00e9m pr\u016fmyslu se <strong>mobiln\u00ed ods\u00e1vac\u00ed jednotka ePURbox TSP<\/strong> pou\u017e\u00edv\u00e1 k brou\u0161en\u00ed hlin\u00edkov\u00fdch d\u00edl\u016f, p\u0159i kter\u00e9m vznik\u00e1 jemn\u00fd prach. Tyto hlin\u00edkov\u00e9 prachy p\u0159edstavuj\u00ed zdravotn\u00ed rizika pro obsluhu a tak\u00e9 <strong>rizika ATEX<\/strong>. Volbou modelu ePURbox ATEX TSP v\u00fdrobce v\u00fdrazn\u011b sn\u00ed\u017eil rizika spojen\u00e1 s ho\u0159lav\u00fdmi prachy a splnil svou pot\u0159ebu flexibility volbou mobiln\u00edho za\u0159\u00edzen\u00ed.  <\/p>\n\n<div class=\"wp-block-buttons is-horizontal is-content-justification-center is-layout-flex wp-container-core-buttons-is-layout-03627597 wp-block-buttons-is-layout-flex\">\n<div class=\"wp-block-button has-custom-width wp-block-button__width-100\"><a class=\"wp-block-button__link wp-element-button\" href=\"https:\/\/obera.fr\/cs\/kontaktujte-nas\/\">Zjist\u011bte v\u00edce<\/a><\/div>\n<\/div>\n\n<figure class=\"wp-block-table\"><table class=\"has-fixed-layout\"><thead><tr><th>Produkt<\/th><th><\/th><th>ePURbox<\/th><\/tr><\/thead><tbody><tr><td>Maxim\u00e1ln\u00ed pr\u016ftok vzduchu<\/td><td>m3\/h<\/td><td>1200<\/td><\/tr><tr><td>Nap\u00e1jec\u00ed nap\u011bt\u00ed<\/td><td>V<\/td><td>220<\/td><\/tr><tr><td>Power<\/td><td>kW<\/td><td>0.75<\/td><\/tr><tr><td>Sac\u00ed plocha<\/td><td>mm<\/td><td>570 x 460<\/td><\/tr><tr><td>Filtr s aktivn\u00edm uhl\u00edm<\/td><td>kg<\/td><td>15<\/td><\/tr><tr><td>Rozm\u011bry<\/td><td>mm (D x \u0160 x V)<\/td><td>700 x 710 x 1060 mm<\/td><\/tr><tr><td>Hmotnost<\/td><td>kg<\/td><td>90<\/td><\/tr><tr><td>Hladina hluku<\/td><td>dB(A)<\/td><td>68<\/td><\/tr><\/tbody><\/table><\/figure>\n","protected":false},"excerpt":{"rendered":"<p>Ods\u00e1vac\u00ed stolek ePURBOX je p\u0159\u00edmo integrov\u00e1n do p\u0159\u00edstroje ePURBOX. M\u00e1 vlastn\u00ed filtra\u010dn\u00ed syst\u00e9m a ventil\u00e1tor pro \u00fapravu pach\u016f a t\u011bkav\u00fdch organick\u00fdch l\u00e1tek. Oblo\u017een\u00ed zadn\u00ed st\u011bny zaji\u0161\u0165uje vysoce \u00fa\u010dinn\u00e9 ods\u00e1v\u00e1n\u00ed a zachycov\u00e1n\u00ed \u0161kodlivin po cel\u00e9 plo\u0161e ods\u00e1vac\u00edho stolu. Hrub\u00e9 \u010d\u00e1stice jsou filtrov\u00e1ny integrovan\u00fdm p\u0159edfiltrem (G4), kter\u00fd prodlu\u017euje \u017eivotnost kazet s aktivn\u00edm uhl\u00edm. Oblo\u017een\u00ed bo\u010dn\u00edch st\u011bn zaji\u0161\u0165uje velmi vysokou \u00farove\u0148 zachycen\u00ed pach\u016f na povrchu stolu. Nakonec je procesn\u00ed vzduch filtrov\u00e1n aktivn\u00edm uhl\u00edm (typ A) a m\u016f\u017ee b\u00fdt znovu p\u0159iv\u00e1d\u011bn do pracovn\u00edho prostoru. V\u00fdhody Speci\u00e1ln\u00ed funkce Funkce V\u00fdhody Ods\u00e1vac\u00ed st\u016fl ePURBOX byl navr\u017een pro mobiln\u00ed pou\u017eit\u00ed a je vhodn\u00fd pro nep\u0159etr\u017eit\u00fd provoz. D\u00edky &#8230; <\/p>\n<p class=\"read-more-container\"><a title=\"Ods\u00e1vac\u00ed st\u016fl Atex: na\u0161e rady\" class=\"read-more button\" href=\"https:\/\/obera.fr\/cs\/produits\/caissons-mobiles-aspiration\/epurbox-tsp\/#more-37765\" aria-label=\"\u010c\u00edst v\u00edce o Ods\u00e1vac\u00ed st\u016fl Atex: na\u0161e rady\">Lire la suite<\/a><\/p>\n","protected":false},"author":4,"featured_media":83734,"parent":39635,"menu_order":0,"comment_status":"closed","ping_status":"closed","template":"","meta":{"_acf_changed":false,"_seopress_robots_primary_cat":"","_seopress_titles_title":"Mobiln\u00ed st\u016fl ePURBOX TSP - oberA","_seopress_titles_desc":"Ods\u00e1vac\u00ed st\u016fl ePURBOX je vybaven knofl\u00edkem pro plynul\u00e9 nastaven\u00ed pr\u016ftoku vzduchu. Oto\u010dn\u00fd knofl\u00edk umo\u017e\u0148uje manu\u00e1ln\u00ed nastaven\u00ed pr\u016ftoku vzduchu podle pot\u0159eby.","_seopress_robots_index":"","footnotes":""},"class_list":{"0":"post-37765","1":"page","2":"type-page","3":"status-publish","4":"has-post-thumbnail","6":"no-featured-image-padding","7":"resize-featured-image"},"acf":[],"_links":{"self":[{"href":"https:\/\/obera.fr\/cs\/wp-json\/wp\/v2\/pages\/37765","targetHints":{"allow":["GET"]}}],"collection":[{"href":"https:\/\/obera.fr\/cs\/wp-json\/wp\/v2\/pages"}],"about":[{"href":"https:\/\/obera.fr\/cs\/wp-json\/wp\/v2\/types\/page"}],"author":[{"embeddable":true,"href":"https:\/\/obera.fr\/cs\/wp-json\/wp\/v2\/users\/4"}],"replies":[{"embeddable":true,"href":"https:\/\/obera.fr\/cs\/wp-json\/wp\/v2\/comments?post=37765"}],"version-history":[{"count":20,"href":"https:\/\/obera.fr\/cs\/wp-json\/wp\/v2\/pages\/37765\/revisions"}],"predecessor-version":[{"id":116190,"href":"https:\/\/obera.fr\/cs\/wp-json\/wp\/v2\/pages\/37765\/revisions\/116190"}],"up":[{"embeddable":true,"href":"https:\/\/obera.fr\/cs\/wp-json\/wp\/v2\/pages\/39635"}],"wp:featuredmedia":[{"embeddable":true,"href":"https:\/\/obera.fr\/cs\/wp-json\/wp\/v2\/media\/83734"}],"wp:attachment":[{"href":"https:\/\/obera.fr\/cs\/wp-json\/wp\/v2\/media?parent=37765"}],"curies":[{"name":"wp","href":"https:\/\/api.w.org\/{rel}","templated":true}]}}