{"id":37784,"date":"2020-08-26T12:58:52","date_gmt":"2020-08-26T10:58:52","guid":{"rendered":"https:\/\/obera.fr\/materialy-a-zarizeni-atex\/zpetny-ventil-atex\/"},"modified":"2025-06-02T10:34:02","modified_gmt":"2025-06-02T08:34:02","slug":"clapet-anti-retour","status":"publish","type":"page","link":"https:\/\/obera.fr\/cs\/produits\/atex\/clapet-anti-retour\/","title":{"rendered":"Zp\u011btn\u00fd ventil ATEX"},"content":{"rendered":"\n<div class=\"wp-block-columns is-layout-flex wp-container-core-columns-is-layout-28f84493 wp-block-columns-is-layout-flex\">\n<div class=\"wp-block-column is-layout-flow wp-block-column-is-layout-flow\" style=\"flex-basis:33.33%\">\n<figure class=\"wp-block-image aligncenter size-full\"><img decoding=\"async\" width=\"175\" height=\"175\" src=\"https:\/\/obera.fr\/wp-content\/uploads\/2020\/09\/Clapet-anti-retour-ATEX-1-175x175-1.png\" alt=\"Zp\u011btn\u00fd ventil Atex 1 175x175 1\" class=\"wp-image-990\" srcset=\"https:\/\/obera.fr\/wp-content\/uploads\/2020\/09\/Clapet-anti-retour-ATEX-1-175x175-1.png 175w, https:\/\/obera.fr\/wp-content\/uploads\/2020\/09\/Clapet-anti-retour-ATEX-1-175x175-1-150x150.png 150w\" sizes=\"(max-width: 175px) 100vw, 175px\" \/><figcaption class=\"wp-element-caption\">Zp\u011btn\u00fd ventil ATEX<\/figcaption><\/figure>\n<\/div>\n\n\n\n<div class=\"wp-block-column is-layout-flow wp-block-column-is-layout-flow\" style=\"flex-basis:66.66%\">\n<p><strong>Zp\u011btn\u00e9 ventily ATEX<\/strong> jsou bezpe\u010dnostn\u00ed za\u0159\u00edzen\u00ed, kter\u00e1 se pou\u017e\u00edvaj\u00ed v pr\u016fmyslu k zabr\u00e1n\u011bn\u00ed zp\u011btn\u00e9ho toku plyn\u016f nebo kapalin do potrub\u00ed a kan\u00e1l\u016f. Jsou ur\u010deny pro pou\u017eit\u00ed v prost\u0159ed\u00ed s nebezpe\u010d\u00edm v\u00fdbuchu, kde p\u0159\u00edtomnost ho\u0159lav\u00fdch plyn\u016f nebo prachu m\u016f\u017ee zp\u016fsobit v\u00fdbuch a ohrozit bezpe\u010dnost pracovn\u00edk\u016f. Term\u00edn ATEX odkazuje na evropskou sm\u011brnici 2014\/34\/EU, kter\u00e1 stanov\u00ed po\u017eadavky na za\u0159\u00edzen\u00ed pou\u017e\u00edvan\u00e1 ve v\u00fdbu\u0161n\u00e9m prost\u0159ed\u00ed.  <\/p>\n\n\n\n<p>Zp\u011btn\u00e9 klapky ATEX jsou v souladu s touto sm\u011brnic\u00ed a jsou navr\u017eeny tak, aby spl\u0148ovaly nejvy\u0161\u0161\u00ed bezpe\u010dnostn\u00ed normy pro ochranu proti v\u00fdbuchu.<\/p>\n\n\n\n<div class=\"wp-block-columns is-layout-flex wp-container-core-columns-is-layout-28f84493 wp-block-columns-is-layout-flex\">\n<div class=\"wp-block-column is-layout-flow wp-block-column-is-layout-flow\" style=\"flex-basis:33.34%\">\n<div class=\"wp-block-buttons is-content-justification-center is-layout-flex wp-container-core-buttons-is-layout-a89b3969 wp-block-buttons-is-layout-flex\">\n<div class=\"wp-block-button\"><a class=\"wp-block-button__link wp-element-button\" href=\"https:\/\/obera.fr\/wp-content\/uploads\/2025\/06\/clapet-anti-retour-atex-en.pdf\" target=\"_blank\" rel=\"noreferrer noopener\">St\u00e1hn\u011bte si bro\u017euru<\/a><\/div>\n<\/div>\n<\/div>\n\n\n\n<div class=\"wp-block-column is-layout-flow wp-block-column-is-layout-flow\" style=\"flex-basis:33.34%\">\n<div class=\"wp-block-buttons is-horizontal is-content-justification-center is-layout-flex wp-container-core-buttons-is-layout-03627597 wp-block-buttons-is-layout-flex\">\n<div class=\"wp-block-button has-custom-width wp-block-button__width-100\"><a class=\"wp-block-button__link wp-element-button\" href=\"https:\/\/obera.fr\/cs\/kontaktujte-nas\/\">Zjist\u011bte v\u00edce<\/a><\/div>\n<\/div>\n<\/div>\n\n\n\n<div class=\"wp-block-column is-layout-flow wp-block-column-is-layout-flow\" style=\"flex-basis:33.33%\">\n<div class=\"wp-block-buttons is-content-justification-center is-layout-flex wp-container-core-buttons-is-layout-a89b3969 wp-block-buttons-is-layout-flex\">\n<div class=\"wp-block-button btn-devis-source\"><a class=\"wp-block-button__link wp-element-button\" href=\"https:\/\/obera.fr\/cs\/devis\/\">Po\u017e\u00e1dat o cenovou nab\u00eddku<\/a><\/div>\n<\/div>\n\n\n<script>\r\ndocument.addEventListener('DOMContentLoaded', function() {\r\n    \/\/ 1. On cherche le titre H1 de la page\r\n    var h1 = document.querySelector('h1');\r\n    var productTitle = h1 ? h1.innerText.trim() : \"\";\r\n\r\n    \/\/ 2. On cherche les boutons via la classe CSS .btn-devis-source\r\n    var buttons = document.querySelectorAll('.btn-devis-source a');\r\n\r\n    \/\/ 3. Si on a le titre et les boutons, on ajoute le param\u00e8tre\r\n    if (buttons.length > 0 && productTitle !== \"\") {\r\n        var encodedTitle = encodeURIComponent(productTitle);\r\n\r\n        buttons.forEach(function(btn) {\r\n            var currentHref = btn.getAttribute('href');\r\n            \r\n            \/\/ S\u00e9curit\u00e9 pour ne pas ajouter le param\u00e8tre 2 fois\r\n            if (currentHref.indexOf('sujet=') === -1) {\r\n                var separator = currentHref.indexOf('?') !== -1 ? '&' : '?';\r\n                var newLink = currentHref + separator + 'sujet=' + encodedTitle;\r\n                \r\n                btn.setAttribute('href', newLink);\r\n            }\r\n        });\r\n    }\r\n});\r\n<\/script><\/div>\n<\/div>\n<\/div>\n<\/div>\n\n\n\n<h2 class=\"wp-block-heading\">Jak funguje zp\u011btn\u00fd ventil ATEX<\/h2>\n\n\n\n<p>Obsluha zp\u011btn\u00fdch ventil\u016f ATEX je pom\u011brn\u011b jednoduch\u00e1. Instaluj\u00ed se do potrub\u00ed a kan\u00e1l\u016f, aby se zabr\u00e1nilo zp\u011btn\u00e9mu toku kapalin v opa\u010dn\u00e9m sm\u011bru.<\/p>\n\n\n\n<p>Obsluha zp\u011btn\u00fdch ventil\u016f ATEX je pom\u011brn\u011b jednoduch\u00e1. Skl\u00e1daj\u00ed se z pouzdra, kotou\u010de a pru\u017einy. Kryt se instaluje do potrub\u00ed nebo p\u0159epravn\u00ed trubky a disk se um\u00edst\u00ed do krytu. Pru\u017eina je um\u00edst\u011bna na disku a slou\u017e\u00ed k udr\u017eov\u00e1n\u00ed konstantn\u00edho tlaku na ventilu. Kdy\u017e kapalina proud\u00ed spr\u00e1vn\u00fdm sm\u011brem, disk se zvedne a umo\u017en\u00ed kapalin\u011b proj\u00edt ventilem. Kdy\u017e se kapalina pokus\u00ed vr\u00e1tit zp\u011bt, disk se automaticky uzav\u0159e a zabr\u00e1n\u00ed zp\u011btn\u00e9mu toku kapaliny.<\/p>\n\n\n\n<h2 class=\"wp-block-heading\">Pou\u017eit\u00ed zp\u011btn\u00fdch ventil\u016f ATEX<\/h2>\n\n\n\n<p>Zp\u011btn\u00e9 ventily ATEX se pou\u017e\u00edvaj\u00ed v \u0161irok\u00e9 \u0161k\u00e1le pr\u016fmyslov\u00fdch aplikac\u00ed, v\u010detn\u011b ropn\u00e9ho a plyn\u00e1rensk\u00e9ho pr\u016fmyslu, chemick\u00e9ho pr\u016fmyslu, farmaceutick\u00e9ho pr\u016fmyslu, potravin\u00e1\u0159stv\u00ed a v\u00fdroby energie. \u010casto se pou\u017e\u00edvaj\u00ed v potrubn\u00edch syst\u00e9mech, aby se zabr\u00e1nilo v\u00fdbuch\u016fm a po\u017e\u00e1r\u016fm, ale lze je pou\u017e\u00edt i v jednotliv\u00fdch za\u0159\u00edzen\u00edch, jako jsou ventily nebo \u010derpadla.<\/p>\n\n\n\n<p>Zp\u011btn\u00e9 ventily ATEX jsou d\u016fle\u017eit\u00e9 zejm\u00e9na v pr\u016fmyslov\u00fdch odv\u011btv\u00edch, kde hroz\u00ed nebezpe\u010d\u00ed v\u00fdbuchu nebo po\u017e\u00e1ru. Pokud zp\u011btn\u00fd ventil sel\u017ee nebo dojde k jeho poru\u0161e, mohou ho\u0159lav\u00e9 plyny nebo kapaliny proudit zp\u011bt do syst\u00e9mu, co\u017e m\u016f\u017ee v\u00e9st k n\u00e1r\u016fstu tlaku a mo\u017en\u00e9mu v\u00fdbuchu nebo po\u017e\u00e1ru. Zp\u011btn\u00e9 klapky ATEX jsou proto nezbytn\u00e9 pro zaji\u0161t\u011bn\u00ed bezpe\u010dnosti pracovn\u00edk\u016f, za\u0159\u00edzen\u00ed a \u017eivotn\u00edho prost\u0159ed\u00ed v t\u011bchto odv\u011btv\u00edch.<\/p>\n\n\n\n<p>Krom\u011b toho, \u017ee jsou u\u017eite\u010dn\u00e9 p\u0159i prevenci v\u00fdbuch\u016f a po\u017e\u00e1r\u016f, maj\u00ed zp\u011btn\u00e9 ventily ATEX pro podniky i dal\u0161\u00ed v\u00fdhody. Mohou nap\u0159\u00edklad sn\u00ed\u017eit n\u00e1klady na \u00fadr\u017ebu t\u00edm, \u017ee prodlou\u017e\u00ed \u017eivotnost za\u0159\u00edzen\u00ed, zkr\u00e1t\u00ed prostoje a zabr\u00e1n\u00ed n\u00e1kladn\u00fdm oprav\u00e1m. Mohou tak\u00e9 pomoci zlep\u0161it energetickou \u00fa\u010dinnost sn\u00ed\u017een\u00edm tlakov\u00fdch ztr\u00e1t a minimalizac\u00ed \u00fanik\u016f nebezpe\u010dn\u00fdch produkt\u016f.<\/p>\n\n\n\n<p>Vzhledem k potenci\u00e1ln\u011b nebezpe\u010dn\u00e9mu prost\u0159ed\u00ed, ve kter\u00e9m se pou\u017e\u00edvaj\u00ed, podl\u00e9haj\u00ed zp\u011btn\u00e9 klapky ATEX p\u0159\u00edsn\u00fdm p\u0159edpis\u016fm, kter\u00e9 zaru\u010duj\u00ed jejich spolehlivost a bezpe\u010dnost. Konstruk\u010dn\u00ed a v\u00fdkonnostn\u00ed normy stanovuj\u00ed org\u00e1ny, jako je Evropsk\u00e1 agentura pro bezpe\u010dnost a ochranu zdrav\u00ed p\u0159i pr\u00e1ci (EU-OSHA).<\/p>\n\n\n\n<h2 class=\"wp-block-heading\">Technick\u00e9 specifikace<\/h2>\n\n\n\n<figure class=\"wp-block-table\"><table class=\"has-fixed-layout\"><tbody><tr><td>Zp\u011btn\u00fd ventil<\/td><td>Funkce<\/td><\/tr><tr><td>Rozsah provozn\u00edch teplot<\/td><td>-20 \u00b0C max. +40 \u00b0C<\/td><\/tr><tr><td>Kst max<\/td><td>200 bar\u016f m\/s<\/td><\/tr><tr><td>Maxim\u00e1ln\u00ed rychlost vzduchu<\/td><td>30 m\/s<\/td><\/tr><tr><td>Pred max<\/td><td>0,5 baru<\/td><\/tr><tr><td>Pracovn\u00ed tlak<\/td><td>50 000 Pa<\/td><\/tr><tr><td>\u00darove\u0148 ochrany<\/td><td>St1 (organick\u00e9 a nekovov\u00e9)<\/td><\/tr><tr><td>Oblast pou\u017eit\u00ed<\/td><td>20 &#8211; 21 &#8211; 22 (uvnit\u0159)<br>21 &#8211; 22 (venku)<\/td><\/tr><\/tbody><\/table><\/figure>\n\n\n\n<div class=\"wp-block-columns is-layout-flex wp-container-core-columns-is-layout-28f84493 wp-block-columns-is-layout-flex\">\n<div class=\"wp-block-column is-vertically-aligned-center is-layout-flow wp-block-column-is-layout-flow\">\n<div class=\"wp-block-buttons is-content-justification-center is-layout-flex wp-container-core-buttons-is-layout-a89b3969 wp-block-buttons-is-layout-flex\">\n<div class=\"wp-block-button\"><a class=\"wp-block-button__link wp-element-button\" href=\"https:\/\/obera.fr\/contact\/\">Pot\u0159ebujete individu\u00e1ln\u00ed poradenstv\u00ed?<\/a><\/div>\n<\/div>\n<\/div>\n<\/div>\n\n\n\n<h2 class=\"wp-block-heading\">V\u00fdhody<\/h2>\n\n\n\n<div class=\"wp-block-columns is-layout-flex wp-container-core-columns-is-layout-28f84493 wp-block-columns-is-layout-flex\">\n<div class=\"wp-block-column is-layout-flow wp-block-column-is-layout-flow\">\n<h3 class=\"wp-block-heading has-text-align-center\"><strong>V\u00fdhody<\/strong><\/h3>\n\n\n\n<ul class=\"wp-block-list\">\n<li>Eliminuje riziko \u0161\u00ed\u0159en\u00ed v\u00fdbuchu.<\/li>\n\n\n\n<li>Zabra\u0148uje zp\u011btn\u00e9mu vyfukov\u00e1n\u00ed prachu p\u0159i vypnut\u00ed syst\u00e9mu.<\/li>\n\n\n\n<li>Vysok\u00e1 odolnost proti tlaku<\/li>\n\n\n\n<li>\u017d\u00e1dn\u00e1 spot\u0159eba energie<\/li>\n\n\n\n<li>Zcela mechanick\u00e9, nevy\u017eaduj\u00edc\u00ed \u017e\u00e1dnou \u00fadr\u017ebu.<\/li>\n<\/ul>\n<\/div>\n\n\n\n<div class=\"wp-block-column is-layout-flow wp-block-column-is-layout-flow\">\n<h3 class=\"wp-block-heading has-text-align-center\"><strong>Speci\u00e1ln\u00ed funkce<\/strong><\/h3>\n\n\n\n<ul class=\"wp-block-list\">\n<li>Certifikovan\u00fd ochrann\u00fd syst\u00e9m<\/li>\n\n\n\n<li>Normy ATEX<\/li>\n<\/ul>\n<\/div>\n\n\n\n<div class=\"wp-block-column is-layout-flow wp-block-column-is-layout-flow\">\n<h3 class=\"wp-block-heading has-text-align-center\"><strong>Funkce<\/strong><\/h3>\n\n\n\n<ul class=\"wp-block-list\">\n<li>Za\u0159\u00edzen\u00ed vyroben\u00e1 v r\u00e1mci zaji\u0161t\u011bn\u00ed kvality v\u00fdroby<\/li>\n\n\n\n<li>K dispozici ve verzi se svorkou nebo p\u0159\u00edrubou.<\/li>\n\n\n\n<li>Vhodn\u00e9 pro p\u0159epravu v\u00fdbu\u0161n\u00fdch prach\u016f t\u0159\u00eddy St1.<\/li>\n<\/ul>\n<\/div>\n<\/div>\n\n\n\n<h2 class=\"wp-block-heading\">Aplikace<\/h2>\n\n\n\n<div class=\"wp-block-columns is-layout-flex wp-container-core-columns-is-layout-28f84493 wp-block-columns-is-layout-flex\">\n<div class=\"wp-block-column is-layout-flow wp-block-column-is-layout-flow\">\n<h3 class=\"wp-block-heading has-text-align-center\">Odv\u011btv\u00ed<\/h3>\n\n\n\n<hr class=\"wp-block-separator has-css-opacity is-style-wide\"\/>\n\n\n\n<div class=\"wp-block-columns is-layout-flex wp-container-core-columns-is-layout-28f84493 wp-block-columns-is-layout-flex\">\n<div class=\"wp-block-column is-layout-flow wp-block-column-is-layout-flow\">\n<figure class=\"wp-block-image aligncenter size-large\"><img decoding=\"async\" width=\"70\" height=\"70\" src=\"https:\/\/obera.fr\/wp-content\/uploads\/2020\/08\/industrie-metallurgie.jpg\" alt=\"Hutnick\u00fd pr\u016fmysl\" class=\"wp-image-673\"\/><figcaption class=\"wp-element-caption\">Hutnictv\u00ed<\/figcaption><\/figure>\n<\/div>\n\n\n\n<div class=\"wp-block-column is-layout-flow wp-block-column-is-layout-flow\">\n<figure class=\"wp-block-image aligncenter size-large\"><img decoding=\"async\" width=\"70\" height=\"70\" src=\"https:\/\/obera.fr\/wp-content\/uploads\/2020\/08\/industrie-agroalimentaire.jpg\" alt=\"Potravin\u00e1\u0159sk\u00fd pr\u016fmysl\" class=\"wp-image-727\"\/><figcaption class=\"wp-element-caption\">Potravin\u00e1\u0159sk\u00fd pr\u016fmysl<\/figcaption><\/figure>\n<\/div>\n\n\n\n<div class=\"wp-block-column is-layout-flow wp-block-column-is-layout-flow\">\n<figure class=\"wp-block-image aligncenter size-large\"><img decoding=\"async\" width=\"70\" height=\"70\" src=\"https:\/\/obera.fr\/wp-content\/uploads\/2020\/08\/industrie-minerai.jpg\" alt=\"Rudn\u00fd pr\u016fmysl\" class=\"wp-image-724\"\/><figcaption class=\"wp-element-caption\">Miner\u00e1ly<\/figcaption><\/figure>\n<\/div>\n\n\n\n<div class=\"wp-block-column is-layout-flow wp-block-column-is-layout-flow\">\n<figure class=\"wp-block-image aligncenter size-large\"><img decoding=\"async\" width=\"70\" height=\"70\" src=\"https:\/\/obera.fr\/wp-content\/uploads\/2020\/08\/industrie-bois.jpg\" alt=\"D\u0159evozpracuj\u00edc\u00ed pr\u016fmysl\" class=\"wp-image-672\"\/><figcaption class=\"wp-element-caption\">Obr\u00e1b\u011bn\u00ed d\u0159eva<\/figcaption><\/figure>\n<\/div>\n\n\n\n<div class=\"wp-block-column is-layout-flow wp-block-column-is-layout-flow\">\n<figure class=\"wp-block-image aligncenter size-large\"><img decoding=\"async\" width=\"70\" height=\"70\" src=\"https:\/\/obera.fr\/wp-content\/uploads\/2020\/08\/industrie-papier-carton.jpg\" alt=\"Pap\u00edrensk\u00fd a karton\u00e1\u017en\u00ed pr\u016fmysl\" class=\"wp-image-670\"\/><figcaption class=\"wp-element-caption\">Pap\u00edr\/karton<\/figcaption><\/figure>\n<\/div>\n\n\n\n<div class=\"wp-block-column is-layout-flow wp-block-column-is-layout-flow\">\n<figure class=\"wp-block-image aligncenter size-large\"><img decoding=\"async\" width=\"70\" height=\"70\" src=\"https:\/\/obera.fr\/wp-content\/uploads\/2020\/08\/industrie-textile.jpg\" alt=\"Textiln\u00ed pr\u016fmysl\" class=\"wp-image-671\"\/><figcaption class=\"wp-element-caption\">Textil<\/figcaption><\/figure>\n<\/div>\n<\/div>\n\n\n\n<p><\/p>\n<\/div>\n<\/div>\n","protected":false},"excerpt":{"rendered":"<p>Zp\u011btn\u00e9 ventily ATEX jsou bezpe\u010dnostn\u00ed za\u0159\u00edzen\u00ed, kter\u00e1 se pou\u017e\u00edvaj\u00ed v pr\u016fmyslu k zabr\u00e1n\u011bn\u00ed zp\u011btn\u00e9ho toku plyn\u016f nebo kapalin do potrub\u00ed a kan\u00e1l\u016f. Jsou ur\u010deny pro pou\u017eit\u00ed v prost\u0159ed\u00ed s nebezpe\u010d\u00edm v\u00fdbuchu, kde p\u0159\u00edtomnost ho\u0159lav\u00fdch plyn\u016f nebo prachu m\u016f\u017ee zp\u016fsobit v\u00fdbuch a ohrozit bezpe\u010dnost pracovn\u00edk\u016f. Term\u00edn ATEX odkazuje na evropskou sm\u011brnici 2014\/34\/EU, kter\u00e1 stanov\u00ed po\u017eadavky na za\u0159\u00edzen\u00ed pou\u017e\u00edvan\u00e1 ve v\u00fdbu\u0161n\u00e9m prost\u0159ed\u00ed. Zp\u011btn\u00e9 klapky ATEX jsou v souladu s touto sm\u011brnic\u00ed a jsou navr\u017eeny tak, aby spl\u0148ovaly nejvy\u0161\u0161\u00ed bezpe\u010dnostn\u00ed normy pro ochranu proti v\u00fdbuchu. Jak funguje zp\u011btn\u00fd ventil ATEX Obsluha zp\u011btn\u00fdch ventil\u016f ATEX je pom\u011brn\u011b jednoduch\u00e1. Instaluj\u00ed se do potrub\u00ed a kan\u00e1l\u016f, &#8230; <\/p>\n<p class=\"read-more-container\"><a title=\"Zp\u011btn\u00fd ventil ATEX\" class=\"read-more button\" href=\"https:\/\/obera.fr\/cs\/produits\/atex\/clapet-anti-retour\/#more-37784\" aria-label=\"\u010c\u00edst v\u00edce o Zp\u011btn\u00fd ventil ATEX\">Lire la suite<\/a><\/p>\n","protected":false},"author":4,"featured_media":83734,"parent":37737,"menu_order":0,"comment_status":"closed","ping_status":"closed","template":"","meta":{"_acf_changed":false,"_seopress_robots_primary_cat":"","_seopress_titles_title":"Zp\u011btn\u00fd ventil ATEX navr\u017een\u00fd tak, aby odolal v\u00fdbuchu","_seopress_titles_desc":"Mohou zabr\u00e1nit p\u0159enosu nebezpe\u010dn\u00fdch \u00fa\u010dink\u016f v\u00fdbuchu a izolovat prostory s potenci\u00e1ln\u011b v\u00fdbu\u0161nou prachovou atmosf\u00e9rou.","_seopress_robots_index":"","footnotes":""},"class_list":{"0":"post-37784","1":"page","2":"type-page","3":"status-publish","4":"has-post-thumbnail","6":"no-featured-image-padding","7":"resize-featured-image"},"acf":[],"_links":{"self":[{"href":"https:\/\/obera.fr\/cs\/wp-json\/wp\/v2\/pages\/37784","targetHints":{"allow":["GET"]}}],"collection":[{"href":"https:\/\/obera.fr\/cs\/wp-json\/wp\/v2\/pages"}],"about":[{"href":"https:\/\/obera.fr\/cs\/wp-json\/wp\/v2\/types\/page"}],"author":[{"embeddable":true,"href":"https:\/\/obera.fr\/cs\/wp-json\/wp\/v2\/users\/4"}],"replies":[{"embeddable":true,"href":"https:\/\/obera.fr\/cs\/wp-json\/wp\/v2\/comments?post=37784"}],"version-history":[{"count":6,"href":"https:\/\/obera.fr\/cs\/wp-json\/wp\/v2\/pages\/37784\/revisions"}],"predecessor-version":[{"id":105730,"href":"https:\/\/obera.fr\/cs\/wp-json\/wp\/v2\/pages\/37784\/revisions\/105730"}],"up":[{"embeddable":true,"href":"https:\/\/obera.fr\/cs\/wp-json\/wp\/v2\/pages\/37737"}],"wp:featuredmedia":[{"embeddable":true,"href":"https:\/\/obera.fr\/cs\/wp-json\/wp\/v2\/media\/83734"}],"wp:attachment":[{"href":"https:\/\/obera.fr\/cs\/wp-json\/wp\/v2\/media?parent=37784"}],"curies":[{"name":"wp","href":"https:\/\/api.w.org\/{rel}","templated":true}]}}