{"id":38694,"date":"2022-09-13T10:52:39","date_gmt":"2022-09-13T08:52:39","guid":{"rendered":"https:\/\/obera.fr\/nase-produkty\/ramena-a-sberaci-zarizeni\/pouyesovy-prsteny\/"},"modified":"2025-08-29T09:27:22","modified_gmt":"2025-08-29T07:27:22","slug":"anneaux-de-pouyes","status":"publish","type":"page","link":"https:\/\/obera.fr\/cs\/produits\/bras-dispositifs-captation\/anneaux-de-pouyes\/","title":{"rendered":"Pouy\u00e8sovy prsteny"},"content":{"rendered":"\n<h2 class=\"wp-block-heading\">Sac\u00ed a kruhov\u00e9 senzory<\/h2>\n\n<p>Aby bylo pracovn\u00ed prost\u0159ed\u00ed \u010dist\u00e9 a zdrav\u00e9, a t\u00edm bylo chr\u00e1n\u011bno zdrav\u00ed obsluhy, mus\u00ed b\u00fdt zne\u010di\u0161\u0165uj\u00edc\u00ed l\u00e1tky zachyceny ihned po jejich vzniku, co nejbl\u00ed\u017ee zdroji emis\u00ed a co nej\u00fa\u010dinn\u011bji. Zohled\u0148uje se p\u0159itom povaha, vlastnosti a koncentrace samotn\u00e9 zne\u010di\u0161\u0165uj\u00edc\u00ed l\u00e1tky. V z\u00e1vislosti na po\u017eadavc\u00edch z\u00e1kazn\u00edka navrhuje spole\u010dnost OberA r\u016fzn\u00e9 krou\u017eky Pouyes a sac\u00ed senzory podle pl\u00e1nu.<\/p>\n\n<p><\/p>\n\n<div class=\"wp-block-columns is-layout-flex wp-container-core-columns-is-layout-28f84493 wp-block-columns-is-layout-flex\">\n<div class=\"wp-block-column is-vertically-aligned-top is-layout-flow wp-block-column-is-layout-flow\" style=\"flex-basis:33.33%\">\n<p><\/p>\n\n\n\n<figure class=\"wp-block-image aligncenter size-large\"><img decoding=\"async\" width=\"1024\" height=\"768\" src=\"https:\/\/obera.fr\/wp-content\/uploads\/2025\/08\/img_20250827_130840-1024x768.jpg\" alt=\"img 20250827 130840\" class=\"wp-image-127390\" srcset=\"https:\/\/obera.fr\/wp-content\/uploads\/2025\/08\/img_20250827_130840-1024x768.jpg 1024w, https:\/\/obera.fr\/wp-content\/uploads\/2025\/08\/img_20250827_130840-300x225.jpg 300w, https:\/\/obera.fr\/wp-content\/uploads\/2025\/08\/img_20250827_130840-768x576.jpg 768w, https:\/\/obera.fr\/wp-content\/uploads\/2025\/08\/img_20250827_130840-1536x1152.jpg 1536w, https:\/\/obera.fr\/wp-content\/uploads\/2025\/08\/img_20250827_130840-2048x1536.jpg 2048w\" sizes=\"(max-width: 1024px) 100vw, 1024px\" \/><\/figure>\n<\/div>\n\n\n\n<div class=\"wp-block-column is-vertically-aligned-center is-layout-flow wp-block-column-is-layout-flow\" style=\"flex-basis:66.66%\">\n<h3 class=\"wp-block-heading\">SENZORY KROU\u017dK\u016e<\/h3>\n\n\n\n<p>Pouy\u00e8sovy prstence nebo prstencov\u00e9 kolektory jsou velmi \u00fa\u010dinn\u00fdm prost\u0159edkem k zachycen\u00ed energie u zdroje. Byly navr\u017eeny tak, aby zaru\u010dovaly optim\u00e1ln\u00ed rychlost ods\u00e1v\u00e1n\u00ed a rovnom\u011brn\u00e9 proud\u011bn\u00ed vzduchu a z\u00e1rove\u0148 ponech\u00e1valy voln\u00fd prostor nad pracovn\u00ed plochou.<\/p>\n\n\n\n<h3 class=\"wp-block-heading\">jak funguje prsten pouy\u00e8s<\/h3>\n\n\n\n<p>D\u00edky podtlaku vytv\u00e1\u0159en\u00e9mu ventil\u00e1torem jsou t\u011bkav\u00e9 zne\u010di\u0161\u0165uj\u00edc\u00ed l\u00e1tky zachycov\u00e1ny co nejbl\u00ed\u017ee zdroji emis\u00ed, odkud jsou sac\u00edmi \u0161t\u011brbinami dopravov\u00e1ny do sb\u011bra\u010de p\u0159ipojen\u00e9ho k filtra\u010dn\u00edmu syst\u00e9mu.<\/p>\n\n\n\n<h3 class=\"wp-block-heading\">BENEFITY<\/h3>\n\n\n\n<p class=\"has-contrast-color has-text-color\">Krou\u017eky Pouy\u00e8s nejen chr\u00e1n\u00ed zdrav\u00ed obsluhy a jej\u00ed pracovn\u00ed prost\u0159ed\u00ed, ale tak\u00e9<span class=\"JsGRdQ\" style=\"color: rgb(33, 45, 87); font-weight: 400; font-style: normal; text-decoration: none;\"> optimalizuj\u00ed sac\u00ed v\u00fdkony a p\u0159in\u00e1\u0161ej\u00ed skute\u010dn\u00e9 \u00faspory energie<\/span>. Z ergonomick\u00e9ho hlediska krou\u017eky Pouy\u00e8s zabra\u0148uj\u00ed jak\u00e9mukoli nepohodl\u00ed obsluhy. V konfiguraci s op\u011brn\u00fdm vakem m\u016f\u017ee krou\u017eek Pouy\u00e8s u\u017eivateli usnadnit a zp\u0159\u00edjemnit ka\u017edodenn\u00ed pr\u00e1ci. Jejich konstrukce rovn\u011b\u017e umo\u017e\u0148uje rychlou a snadnou \u00fadr\u017ebu.   <\/p>\n\n\n\n<div class=\"wp-block-columns is-layout-flex wp-container-core-columns-is-layout-28f84493 wp-block-columns-is-layout-flex\">\n<div class=\"wp-block-column is-vertically-aligned-top is-layout-flow wp-block-column-is-layout-flow\">\n<div class=\"wp-block-buttons is-content-justification-center is-layout-flex wp-container-core-buttons-is-layout-a89b3969 wp-block-buttons-is-layout-flex\">\n<div class=\"wp-block-button is-style-fill\"><a class=\"wp-block-button__link wp-element-button\" href=\"https:\/\/obera.fr\/wp-content\/uploads\/2025\/06\/brochure-anneaux-de-pouyes.pdf\">St\u00e1hn\u011bte si bro\u017euru<\/a><\/div>\n<\/div>\n<\/div>\n\n\n\n<div class=\"wp-block-column is-vertically-aligned-top is-layout-flow wp-block-column-is-layout-flow\">\n<div class=\"wp-block-buttons is-horizontal is-content-justification-center is-layout-flex wp-container-core-buttons-is-layout-03627597 wp-block-buttons-is-layout-flex\">\n<div class=\"wp-block-button has-custom-width wp-block-button__width-100\"><a class=\"wp-block-button__link wp-element-button\" href=\"https:\/\/obera.fr\/cs\/kontaktujte-nas\/\">Zjist\u011bte v\u00edce<\/a><\/div>\n<\/div>\n<\/div>\n\n\n\n<div class=\"wp-block-column is-layout-flow wp-block-column-is-layout-flow\">\n<div class=\"wp-block-buttons is-content-justification-center is-layout-flex wp-container-core-buttons-is-layout-a89b3969 wp-block-buttons-is-layout-flex\">\n<div class=\"wp-block-button btn-devis-source\"><a class=\"wp-block-button__link wp-element-button\" href=\"https:\/\/obera.fr\/cs\/devis\/\">Po\u017e\u00e1dat o cenovou nab\u00eddku<\/a><\/div>\n<\/div>\n\n\n<script>\r\ndocument.addEventListener('DOMContentLoaded', function() {\r\n    \/\/ 1. On cherche le titre H1 de la page\r\n    var h1 = document.querySelector('h1');\r\n    var productTitle = h1 ? h1.innerText.trim() : \"\";\r\n\r\n    \/\/ 2. On cherche les boutons via la classe CSS .btn-devis-source\r\n    var buttons = document.querySelectorAll('.btn-devis-source a');\r\n\r\n    \/\/ 3. Si on a le titre et les boutons, on ajoute le param\u00e8tre\r\n    if (buttons.length > 0 && productTitle !== \"\") {\r\n        var encodedTitle = encodeURIComponent(productTitle);\r\n\r\n        buttons.forEach(function(btn) {\r\n            var currentHref = btn.getAttribute('href');\r\n            \r\n            \/\/ S\u00e9curit\u00e9 pour ne pas ajouter le param\u00e8tre 2 fois\r\n            if (currentHref.indexOf('sujet=') === -1) {\r\n                var separator = currentHref.indexOf('?') !== -1 ? '&' : '?';\r\n                var newLink = currentHref + separator + 'sujet=' + encodedTitle;\r\n                \r\n                btn.setAttribute('href', newLink);\r\n            }\r\n        });\r\n    }\r\n});\r\n<\/script><\/div>\n<\/div>\n<\/div>\n<\/div>\n\n<h2 class=\"wp-block-heading\">Jak\u00e9 zne\u010di\u0161\u0165uj\u00edc\u00ed l\u00e1tky lze o\u0161et\u0159it krou\u017eky Pouy\u00e8s?<\/h2>\n\n<p><\/p>\n\n<div class=\"wp-block-columns is-layout-flex wp-container-core-columns-is-layout-28f84493 wp-block-columns-is-layout-flex\">\n<div class=\"wp-block-column is-layout-flow wp-block-column-is-layout-flow\" style=\"flex-basis:33.33%\">\n<figure class=\"wp-block-image aligncenter size-full is-resized\"><img decoding=\"async\" width=\"500\" height=\"500\" src=\"https:\/\/obera.fr\/wp-content\/uploads\/2024\/05\/anneau-de-pouyes-2-1.jpg\" alt=\"anneau de pouyes 2 1\" class=\"wp-image-31088\" style=\"width:169px;height:auto\" srcset=\"https:\/\/obera.fr\/wp-content\/uploads\/2024\/05\/anneau-de-pouyes-2-1.jpg 500w, https:\/\/obera.fr\/wp-content\/uploads\/2024\/05\/anneau-de-pouyes-2-1-300x300.jpg 300w, https:\/\/obera.fr\/wp-content\/uploads\/2024\/05\/anneau-de-pouyes-2-1-150x150.jpg 150w\" sizes=\"(max-width: 500px) 100vw, 500px\" \/><\/figure>\n<\/div>\n\n\n\n<div class=\"wp-block-column is-layout-flow wp-block-column-is-layout-flow\" style=\"flex-basis:66.66%\">\n<div class=\"wp-block-columns is-layout-flex wp-container-core-columns-is-layout-28f84493 wp-block-columns-is-layout-flex\">\n<div class=\"wp-block-column is-layout-flow wp-block-column-is-layout-flow\"><\/div>\n<\/div>\n\n\n\n<div class=\"wp-block-columns is-layout-flex wp-container-core-columns-is-layout-28f84493 wp-block-columns-is-layout-flex\">\n<div class=\"wp-block-column is-layout-flow wp-block-column-is-layout-flow\"><\/div>\n<\/div>\n\n\n\n<p>Prstencov\u00e9 sn\u00edma\u010de lze pou\u017e\u00edt v r\u016fzn\u00fdch pr\u016fmyslov\u00fdch odv\u011btv\u00edch a doporu\u010duj\u00ed se zejm\u00e9na pro m\u00edch\u00e1n\u00ed a odb\u011br vzork\u016f, balen\u00ed do pytl\u016f, pln\u011bn\u00ed, balen\u00ed, vyprazd\u0148ov\u00e1n\u00ed, mlet\u00ed a pros\u00e9v\u00e1n\u00ed, pln\u011bn\u00ed reaktor\u016f a v\u00e1\u017een\u00ed.<\/p>\n\n\n\n<div class=\"wp-block-columns is-layout-flex wp-container-core-columns-is-layout-28f84493 wp-block-columns-is-layout-flex\">\n<div class=\"wp-block-column is-layout-flow wp-block-column-is-layout-flow\"><\/div>\n<\/div>\n<\/div>\n<\/div>\n\n<div class=\"wp-block-columns is-layout-flex wp-container-core-columns-is-layout-28f84493 wp-block-columns-is-layout-flex\">\n<div class=\"wp-block-column is-layout-flow wp-block-column-is-layout-flow\"><\/div>\n<\/div>\n\n<div class=\"wp-block-columns is-layout-flex wp-container-core-columns-is-layout-28f84493 wp-block-columns-is-layout-flex\">\n<div class=\"wp-block-column is-layout-flow wp-block-column-is-layout-flow\"><\/div>\n\n\n\n<div class=\"wp-block-column is-layout-flow wp-block-column-is-layout-flow\"><\/div>\n<\/div>\n\n<h3 class=\"wp-block-heading\">Odv\u011btv\u00ed \u010dinnosti<\/h3>\n\n<div class=\"wp-block-columns is-layout-flex wp-container-core-columns-is-layout-28f84493 wp-block-columns-is-layout-flex\">\n<div class=\"wp-block-column is-layout-flow wp-block-column-is-layout-flow\">\n<figure class=\"wp-block-image aligncenter size-full\"><img decoding=\"async\" width=\"150\" height=\"150\" src=\"https:\/\/obera.fr\/wp-content\/uploads\/2022\/02\/Chimie.png\" alt=\"chemie\" class=\"wp-image-8846\"\/><figcaption class=\"wp-element-caption\">Chemie<\/figcaption><\/figure>\n<\/div>\n\n\n\n<div class=\"wp-block-column is-layout-flow wp-block-column-is-layout-flow\">\n<figure class=\"wp-block-image aligncenter size-full\"><img decoding=\"async\" width=\"150\" height=\"150\" src=\"https:\/\/obera.fr\/wp-content\/uploads\/2022\/09\/Sans-titre-2022-09-13T095047.797.jpg\" alt=\"Kosmetika\" class=\"wp-image-14491\"\/><figcaption class=\"wp-element-caption\">Kosmetika<\/figcaption><\/figure>\n<\/div>\n\n\n\n<div class=\"wp-block-column is-layout-flow wp-block-column-is-layout-flow\">\n<figure class=\"wp-block-image aligncenter size-full\"><img decoding=\"async\" width=\"150\" height=\"150\" src=\"https:\/\/obera.fr\/wp-content\/uploads\/2022\/02\/AGROALIMENTAIRE.png\" alt=\"zem&#x11B;d&#x11B;lsko-potravin&#xE1;&#x159;sk&#xFD;\" class=\"wp-image-8844\"\/><figcaption class=\"wp-element-caption\">Potravin\u00e1\u0159sk\u00fd pr\u016fmysl<\/figcaption><\/figure>\n<\/div>\n\n\n\n<div class=\"wp-block-column is-layout-flow wp-block-column-is-layout-flow\">\n<figure class=\"wp-block-image aligncenter size-full\"><img decoding=\"async\" width=\"150\" height=\"150\" src=\"https:\/\/obera.fr\/wp-content\/uploads\/2022\/09\/Sans-titre-2022-09-13T095545.356.jpg\" alt=\"Farmaceutick&#xE9; produkty\" class=\"wp-image-14497\"\/><figcaption class=\"wp-element-caption\">Farmaceutick\u00e9 produkty<\/figcaption><\/figure>\n<\/div>\n\n\n\n<div class=\"wp-block-column is-layout-flow wp-block-column-is-layout-flow\">\n<figure class=\"wp-block-image aligncenter size-full\"><img decoding=\"async\" width=\"150\" height=\"150\" src=\"https:\/\/obera.fr\/wp-content\/uploads\/2022\/09\/Sans-titre-2022-09-13T095819.046.jpg\" alt=\"Stroj&#xED;renstv&#xED;\" class=\"wp-image-14500\"\/><figcaption class=\"wp-element-caption\">Stroj\u00edrenstv\u00ed<\/figcaption><\/figure>\n<\/div>\n<\/div>\n\n<h2 class=\"wp-block-heading\">Jak\u00e9 jsou jejich charakteristiky?<\/h2>\n\n<p>Krou\u017ekov\u00e9 sb\u011bra\u010de lze vyrobit na m\u00edru z pozinkovan\u00e9 oceli, lakovan\u00e9 oceli, nerezov\u00e9 oceli 304L a nerezov\u00e9 oceli 316L. V z\u00e1vislosti na aplikaci a specifick\u00fdch po\u017eadavc\u00edch jsou k dispozici v pr\u016fmyslov\u00e9m nebo farmaceutick\u00e9m proveden\u00ed a v jednod\u00edln\u00e9m nebo rozeb\u00edrateln\u00e9m proveden\u00ed.<\/p>\n\n<figure class=\"wp-block-image aligncenter size-large is-resized\"><img decoding=\"async\" width=\"1024\" height=\"342\" src=\"https:\/\/obera.fr\/wp-content\/uploads\/2022\/09\/Sans-titre-2022-09-13T102420.496-1024x342.jpg\" alt=\"Vlastnosti krou&#x17E;k&#x16F; Pouy&#xE8;s OberA\" class=\"wp-image-14505\" style=\"width:768px;height:257px\" srcset=\"https:\/\/obera.fr\/wp-content\/uploads\/2022\/09\/Sans-titre-2022-09-13T102420.496-1024x342.jpg 1024w, https:\/\/obera.fr\/wp-content\/uploads\/2022\/09\/Sans-titre-2022-09-13T102420.496-300x100.jpg 300w, https:\/\/obera.fr\/wp-content\/uploads\/2022\/09\/Sans-titre-2022-09-13T102420.496-768x256.jpg 768w, https:\/\/obera.fr\/wp-content\/uploads\/2022\/09\/Sans-titre-2022-09-13T102420.496-1536x512.jpg 1536w, https:\/\/obera.fr\/wp-content\/uploads\/2022\/09\/Sans-titre-2022-09-13T102420.496.jpg 2000w\" sizes=\"(max-width: 1024px) 100vw, 1024px\" \/><\/figure>\n\n<h2 class=\"wp-block-heading\">Ostatn\u00ed sac\u00ed a sb\u011brn\u00e9 za\u0159\u00edzen\u00ed OberA<\/h2>\n\n<div class=\"wp-block-columns is-layout-flex wp-container-core-columns-is-layout-28f84493 wp-block-columns-is-layout-flex\">\n<div class=\"wp-block-column is-layout-flow wp-block-column-is-layout-flow\">\n<figure class=\"wp-block-image aligncenter size-full is-resized\"><a href=\"https:\/\/obera.fr\/?page_id=489\"><img decoding=\"async\" width=\"433\" height=\"433\" src=\"https:\/\/obera.fr\/wp-content\/uploads\/2020\/10\/table-SF.png\" alt=\"Sva&#x159;ov&#xE1;n&#xED; - kou&#x159;\" class=\"wp-image-1179\" style=\"object-fit:cover;width:120px;height:120px\" srcset=\"https:\/\/obera.fr\/wp-content\/uploads\/2020\/10\/table-SF.png 433w, https:\/\/obera.fr\/wp-content\/uploads\/2020\/10\/table-SF-300x300.png 300w, https:\/\/obera.fr\/wp-content\/uploads\/2020\/10\/table-SF-150x150.png 150w\" sizes=\"(max-width: 433px) 100vw, 433px\" \/><\/a><figcaption class=\"wp-element-caption\">Sac\u00ed st\u016fl<\/figcaption><\/figure>\n<\/div>\n\n\n\n<div class=\"wp-block-column is-layout-flow wp-block-column-is-layout-flow\">\n<figure class=\"wp-block-image aligncenter size-large is-resized\"><a href=\"https:\/\/obera.fr\/produits\/bras-dispositifs-captation\/bras-de-laboratoire\/\"><img decoding=\"async\" width=\"1024\" height=\"1024\" src=\"https:\/\/obera.fr\/wp-content\/uploads\/2020\/11\/22-bras-de-labo-1024x1024.jpg\" alt=\"Fumex - Laborato&#x159;\" class=\"wp-image-1662\" style=\"object-fit:cover;width:120px;height:120px\" srcset=\"https:\/\/obera.fr\/wp-content\/uploads\/2020\/11\/22-bras-de-labo-1024x1024.jpg 1024w, https:\/\/obera.fr\/wp-content\/uploads\/2020\/11\/22-bras-de-labo-300x300.jpg 300w, https:\/\/obera.fr\/wp-content\/uploads\/2020\/11\/22-bras-de-labo-150x150.jpg 150w, https:\/\/obera.fr\/wp-content\/uploads\/2020\/11\/22-bras-de-labo-768x768.jpg 768w, https:\/\/obera.fr\/wp-content\/uploads\/2020\/11\/22-bras-de-labo.jpg 1500w\" sizes=\"(max-width: 1024px) 100vw, 1024px\" \/><\/a><figcaption class=\"wp-element-caption\">Laboratorn\u00ed ramena<\/figcaption><\/figure>\n<\/div>\n\n\n\n<div class=\"wp-block-column is-layout-flow wp-block-column-is-layout-flow\">\n<figure class=\"wp-block-image aligncenter size-thumbnail is-resized\"><a href=\"https:\/\/obera.fr\/produits\/bras-dispositifs-captation\/dosserets-aspirants\/\"><img decoding=\"async\" width=\"150\" height=\"150\" src=\"https:\/\/obera.fr\/wp-content\/uploads\/2020\/10\/Dosserets-oberA-150x150.png\" alt=\"Produkt - Design produktu\" class=\"wp-image-1174\" style=\"object-fit:cover;width:120px;height:120px\"\/><\/a><figcaption class=\"wp-element-caption\">P\u0159\u00edsavn\u00e9 backsplashe<\/figcaption><\/figure>\n<\/div>\n<\/div>\n\n<div class=\"wp-block-columns is-layout-flex wp-container-core-columns-is-layout-28f84493 wp-block-columns-is-layout-flex\">\n<div class=\"wp-block-column is-layout-flow wp-block-column-is-layout-flow\">\n<figure class=\"wp-block-image aligncenter size-thumbnail is-resized\"><img decoding=\"async\" width=\"150\" height=\"150\" src=\"https:\/\/obera.fr\/wp-content\/uploads\/2024\/06\/hotte-de-captation-rectangulaire-industrielle-600x600-1-1-150x150.png\" alt=\"Pr&#x16F;myslov&#xE1; obd&#xE9;ln&#xED;kov&#xE1; digesto&#x159; 600x600 1 1\" class=\"wp-image-31520\" style=\"object-fit:cover;width:120px;height:120px\" srcset=\"https:\/\/obera.fr\/wp-content\/uploads\/2024\/06\/hotte-de-captation-rectangulaire-industrielle-600x600-1-1-150x150.png 150w, https:\/\/obera.fr\/wp-content\/uploads\/2024\/06\/hotte-de-captation-rectangulaire-industrielle-600x600-1-1-300x300.png 300w, https:\/\/obera.fr\/wp-content\/uploads\/2024\/06\/hotte-de-captation-rectangulaire-industrielle-600x600-1-1-1024x1024.png 1024w, https:\/\/obera.fr\/wp-content\/uploads\/2024\/06\/hotte-de-captation-rectangulaire-industrielle-600x600-1-1-768x768.png 768w, https:\/\/obera.fr\/wp-content\/uploads\/2024\/06\/hotte-de-captation-rectangulaire-industrielle-600x600-1-1.png 1280w\" sizes=\"(max-width: 150px) 100vw, 150px\" \/><figcaption class=\"wp-element-caption\">Pr\u016fmyslov\u00fd obd\u00e9ln\u00edkov\u00fd odsava\u010d par<\/figcaption><\/figure>\n<\/div>\n\n\n\n<div class=\"wp-block-column is-layout-flow wp-block-column-is-layout-flow\">\n<figure class=\"wp-block-image aligncenter size-thumbnail is-resized\"><img decoding=\"async\" width=\"150\" height=\"150\" src=\"https:\/\/obera.fr\/wp-content\/uploads\/2024\/06\/hotte-de-captation-modulaire-600x600-1-150x150.png\" alt=\"modul&#xE1;rn&#xED; digesto&#x159; 600x600 1\" class=\"wp-image-31479\" style=\"object-fit:cover;width:120px;height:120px\" srcset=\"https:\/\/obera.fr\/wp-content\/uploads\/2024\/06\/hotte-de-captation-modulaire-600x600-1-150x150.png 150w, https:\/\/obera.fr\/wp-content\/uploads\/2024\/06\/hotte-de-captation-modulaire-600x600-1-300x300.png 300w, https:\/\/obera.fr\/wp-content\/uploads\/2024\/06\/hotte-de-captation-modulaire-600x600-1-1024x1024.png 1024w, https:\/\/obera.fr\/wp-content\/uploads\/2024\/06\/hotte-de-captation-modulaire-600x600-1-768x768.png 768w, https:\/\/obera.fr\/wp-content\/uploads\/2024\/06\/hotte-de-captation-modulaire-600x600-1.png 1280w\" sizes=\"(max-width: 150px) 100vw, 150px\" \/><figcaption class=\"wp-element-caption\">Modul\u00e1rn\u00ed digesto\u0159e<\/figcaption><\/figure>\n<\/div>\n\n\n\n<div class=\"wp-block-column is-layout-flow wp-block-column-is-layout-flow\">\n<figure class=\"wp-block-image aligncenter size-full is-resized\"><a href=\"https:\/\/obera.fr\/produits\/bras-dispositifs-captation\/capot-industriel\/\"><img decoding=\"async\" width=\"150\" height=\"150\" src=\"https:\/\/obera.fr\/wp-content\/uploads\/2020\/10\/capots.png\" alt=\"Barevn&#xE1; norma RAL - Lak\" class=\"wp-image-1173\" style=\"object-fit:cover;width:120px;height:120px\"\/><\/a><figcaption class=\"wp-element-caption\">Sac\u00ed a sb\u011brn\u00e1 kapota<\/figcaption><\/figure>\n<\/div>\n<\/div>\n","protected":false},"excerpt":{"rendered":"<p>Sac\u00ed a kruhov\u00e9 senzory Aby bylo pracovn\u00ed prost\u0159ed\u00ed \u010dist\u00e9 a zdrav\u00e9, a t\u00edm bylo chr\u00e1n\u011bno zdrav\u00ed obsluhy, mus\u00ed b\u00fdt zne\u010di\u0161\u0165uj\u00edc\u00ed l\u00e1tky zachyceny ihned po jejich vzniku, co nejbl\u00ed\u017ee zdroji emis\u00ed a co nej\u00fa\u010dinn\u011bji. Zohled\u0148uje se p\u0159itom povaha, vlastnosti a koncentrace samotn\u00e9 zne\u010di\u0161\u0165uj\u00edc\u00ed l\u00e1tky. V z\u00e1vislosti na po\u017eadavc\u00edch z\u00e1kazn\u00edka navrhuje spole\u010dnost OberA r\u016fzn\u00e9 krou\u017eky Pouyes a sac\u00ed senzory podle pl\u00e1nu. SENZORY KROU\u017dK\u016e Pouy\u00e8sovy prstence nebo prstencov\u00e9 kolektory jsou velmi \u00fa\u010dinn\u00fdm prost\u0159edkem k zachycen\u00ed energie u zdroje. Byly navr\u017eeny tak, aby zaru\u010dovaly optim\u00e1ln\u00ed rychlost ods\u00e1v\u00e1n\u00ed a rovnom\u011brn\u00e9 proud\u011bn\u00ed vzduchu a z\u00e1rove\u0148 ponech\u00e1valy voln\u00fd prostor nad pracovn\u00ed plochou. jak funguje prsten pouy\u00e8s D\u00edky &#8230; <\/p>\n<p class=\"read-more-container\"><a title=\"Pouy\u00e8sovy prsteny\" class=\"read-more button\" href=\"https:\/\/obera.fr\/cs\/produits\/bras-dispositifs-captation\/anneaux-de-pouyes\/#more-38694\" aria-label=\"\u010c\u00edst v\u00edce o Pouy\u00e8sovy prsteny\">Lire la suite<\/a><\/p>\n","protected":false},"author":4,"featured_media":83734,"parent":38186,"menu_order":0,"comment_status":"closed","ping_status":"closed","template":"","meta":{"_acf_changed":false,"_seopress_robots_primary_cat":"","_seopress_titles_title":"Objevte v\u00fdjime\u010dn\u00e9 v\u00fdhody krou\u017ek\u016f Pouy\u00e8s","_seopress_titles_desc":"Zjist\u011bte, pro\u010d jsou krou\u017eky Pouy\u00e8s z\u00e1kladn\u00edm kl\u00ed\u010dem k nej\u00fa\u010dinn\u011bj\u0161\u00edm \u010disti\u010dk\u00e1m vzduchu pro lep\u0161\u00ed kvalitu vzduchu v m\u00edstnosti.","_seopress_robots_index":"","footnotes":""},"class_list":{"0":"post-38694","1":"page","2":"type-page","3":"status-publish","4":"has-post-thumbnail","6":"no-featured-image-padding","7":"resize-featured-image"},"acf":[],"_links":{"self":[{"href":"https:\/\/obera.fr\/cs\/wp-json\/wp\/v2\/pages\/38694","targetHints":{"allow":["GET"]}}],"collection":[{"href":"https:\/\/obera.fr\/cs\/wp-json\/wp\/v2\/pages"}],"about":[{"href":"https:\/\/obera.fr\/cs\/wp-json\/wp\/v2\/types\/page"}],"author":[{"embeddable":true,"href":"https:\/\/obera.fr\/cs\/wp-json\/wp\/v2\/users\/4"}],"replies":[{"embeddable":true,"href":"https:\/\/obera.fr\/cs\/wp-json\/wp\/v2\/comments?post=38694"}],"version-history":[{"count":7,"href":"https:\/\/obera.fr\/cs\/wp-json\/wp\/v2\/pages\/38694\/revisions"}],"predecessor-version":[{"id":127544,"href":"https:\/\/obera.fr\/cs\/wp-json\/wp\/v2\/pages\/38694\/revisions\/127544"}],"up":[{"embeddable":true,"href":"https:\/\/obera.fr\/cs\/wp-json\/wp\/v2\/pages\/38186"}],"wp:featuredmedia":[{"embeddable":true,"href":"https:\/\/obera.fr\/cs\/wp-json\/wp\/v2\/media\/83734"}],"wp:attachment":[{"href":"https:\/\/obera.fr\/cs\/wp-json\/wp\/v2\/media?parent=38694"}],"curies":[{"name":"wp","href":"https:\/\/api.w.org\/{rel}","templated":true}]}}