{"id":39626,"date":"2020-10-19T23:22:37","date_gmt":"2020-10-19T21:22:37","guid":{"rendered":"https:\/\/obera.fr\/nase-produkty\/ramena-a-sberaci-zarizeni\/prumyslovy-obdelnikovy-odsavac-par\/"},"modified":"2025-11-15T17:19:16","modified_gmt":"2025-11-15T15:19:16","slug":"hotte-rectangulaire","status":"publish","type":"page","link":"https:\/\/obera.fr\/cs\/produits\/bras-dispositifs-captation\/hotte-rectangulaire\/","title":{"rendered":"Pr\u016fmyslov\u00fd obd\u00e9ln\u00edkov\u00fd odsava\u010d par"},"content":{"rendered":"\n<h2 class=\"wp-block-heading\">Na\u0161e \u0159ada obd\u00e9ln\u00edkov\u00fdch digesto\u0159\u00ed<\/h2>\n\n<div class=\"wp-block-columns is-layout-flex wp-container-core-columns-is-layout-28f84493 wp-block-columns-is-layout-flex\">\n<div class=\"wp-block-column is-layout-flow wp-block-column-is-layout-flow\" style=\"flex-basis:33.33%\">\n<figure class=\"wp-block-image aligncenter size-full\"><img decoding=\"async\" width=\"1200\" height=\"1200\" src=\"https:\/\/obera.fr\/wp-content\/uploads\/2024\/06\/image-hotte-captation.jpg\" alt=\"kryt pro sn&#xED;m&#xE1;n&#xED; obrazu\" class=\"wp-image-31878\" srcset=\"https:\/\/obera.fr\/wp-content\/uploads\/2024\/06\/image-hotte-captation.jpg 1200w, https:\/\/obera.fr\/wp-content\/uploads\/2024\/06\/image-hotte-captation-300x300.jpg 300w, https:\/\/obera.fr\/wp-content\/uploads\/2024\/06\/image-hotte-captation-1024x1024.jpg 1024w, https:\/\/obera.fr\/wp-content\/uploads\/2024\/06\/image-hotte-captation-150x150.jpg 150w, https:\/\/obera.fr\/wp-content\/uploads\/2024\/06\/image-hotte-captation-768x768.jpg 768w\" sizes=\"(max-width: 1200px) 100vw, 1200px\" \/><figcaption class=\"wp-element-caption\">Pr\u016fmyslov\u00fd obd\u00e9ln\u00edkov\u00fd odsava\u010d par<\/figcaption><\/figure>\n<\/div>\n\n\n\n<div class=\"wp-block-column is-layout-flow wp-block-column-is-layout-flow\" style=\"flex-basis:66.66%\">\n<p><strong>Obd\u00e9ln\u00edkov\u00e9 ods\u00e1vac\u00ed digesto\u0159e OBERA<\/strong> jsou ide\u00e1ln\u00ed pro zachycen\u00ed prachu, kou\u0159e a plynn\u00fdch zne\u010di\u0161\u0165uj\u00edc\u00edch l\u00e1tek p\u0159\u00edmo u zdroje. Pro tyto situace jsou k dispozici tak\u00e9 <a href=\"https:\/\/obera.fr\/cs\/produits\/bras-dispositifs-captation\/hotte-modulaire\/\">modul\u00e1rn\u00ed ods\u00e1vac\u00ed digesto\u0159e<\/a>. <\/p>\n\n\n\n<p>Pr\u016fmyslov\u00e9 ods\u00e1vac\u00ed digesto\u0159e OBERA je t\u0159eba p\u0159ipojit k ods\u00e1vac\u00edmu syst\u00e9mu nebo odpra\u0161ova\u010di. K dispozici jsou ve dvou r\u016fzn\u00fdch velikostech, co\u017e umo\u017e\u0148uje p\u0159izp\u016fsoben\u00ed v\u011bt\u0161in\u011b konfigurac\u00edm ods\u00e1v\u00e1n\u00ed.<\/p>\n\n\n\n<p>Pou\u017eit\u00ed kloubov\u00fdch <a href=\"https:\/\/obera.fr\/cs\/produits\/bras-dispositifs-captation\/\">ods\u00e1vac\u00edch ramen<\/a> zlep\u0161uje flexibilitu a \u00fa\u010dinnost zachycov\u00e1n\u00ed zne\u010di\u0161\u0165uj\u00edc\u00edch l\u00e1tek i v t\u011b\u017eko p\u0159\u00edstupn\u00fdch m\u00edstech. <a href=\"https:\/\/obera.fr\/cs\/produits\/bras-dispositifs-captation\/capot-industriel\/\">Pr\u016fmyslov\u00fd kryt<\/a>, navr\u017een\u00fd pro odolnost v nejn\u00e1ro\u010dn\u011bj\u0161\u00edch prost\u0159ed\u00edch, zaji\u0161\u0165uje zv\u00fd\u0161enou ochranu a trvanlivost za\u0159\u00edzen\u00ed. Tyto vlastnosti \u010din\u00ed z digesto\u0159\u00ed OBERA komplexn\u00ed a spolehliv\u00e9 \u0159e\u0161en\u00ed pro \u0159\u00edzen\u00ed kvality vzduchu v pr\u016fmyslov\u00e9m prost\u0159ed\u00ed.<\/p>\n\n\n\n<hr class=\"wp-block-separator has-text-color has-black-color has-css-opacity has-black-background-color has-background is-style-dots\"\/>\n\n\n\n<div class=\"wp-block-columns is-layout-flex wp-container-core-columns-is-layout-28f84493 wp-block-columns-is-layout-flex\">\n<div class=\"wp-block-column is-layout-flow wp-block-column-is-layout-flow\" style=\"flex-basis:50%\">\n<div class=\"wp-block-buttons is-horizontal is-content-justification-center is-layout-flex wp-container-core-buttons-is-layout-03627597 wp-block-buttons-is-layout-flex\">\n<div class=\"wp-block-button has-custom-width wp-block-button__width-100\"><a class=\"wp-block-button__link wp-element-button\" href=\"https:\/\/obera.fr\/cs\/kontaktujte-nas\/\">Zjist\u011bte v\u00edce<\/a><\/div>\n<\/div>\n<\/div>\n\n\n\n<div class=\"wp-block-column is-layout-flow wp-block-column-is-layout-flow\" style=\"flex-basis:50%\">\n<div class=\"wp-block-buttons is-content-justification-center is-layout-flex wp-container-core-buttons-is-layout-a89b3969 wp-block-buttons-is-layout-flex\">\n<div class=\"wp-block-button btn-devis-source\"><a class=\"wp-block-button__link wp-element-button\" href=\"https:\/\/obera.fr\/cs\/devis\/\">Po\u017e\u00e1dat o cenovou nab\u00eddku<\/a><\/div>\n<\/div>\n\n\n<script>\r\ndocument.addEventListener('DOMContentLoaded', function() {\r\n    \/\/ 1. On cherche le titre H1 de la page\r\n    var h1 = document.querySelector('h1');\r\n    var productTitle = h1 ? h1.innerText.trim() : \"\";\r\n\r\n    \/\/ 2. On cherche les boutons via la classe CSS .btn-devis-source\r\n    var buttons = document.querySelectorAll('.btn-devis-source a');\r\n\r\n    \/\/ 3. Si on a le titre et les boutons, on ajoute le param\u00e8tre\r\n    if (buttons.length > 0 && productTitle !== \"\") {\r\n        var encodedTitle = encodeURIComponent(productTitle);\r\n\r\n        buttons.forEach(function(btn) {\r\n            var currentHref = btn.getAttribute('href');\r\n            \r\n            \/\/ S\u00e9curit\u00e9 pour ne pas ajouter le param\u00e8tre 2 fois\r\n            if (currentHref.indexOf('sujet=') === -1) {\r\n                var separator = currentHref.indexOf('?') !== -1 ? '&' : '?';\r\n                var newLink = currentHref + separator + 'sujet=' + encodedTitle;\r\n                \r\n                btn.setAttribute('href', newLink);\r\n            }\r\n        });\r\n    }\r\n});\r\n<\/script><\/div>\n<\/div>\n<\/div>\n<\/div>\n\n<h2 class=\"wp-block-heading\">V\u00fdhody<\/h2>\n\n<div class=\"wp-block-columns is-layout-flex wp-container-core-columns-is-layout-28f84493 wp-block-columns-is-layout-flex\">\n<div class=\"wp-block-column is-layout-flow wp-block-column-is-layout-flow\">\n<h3 class=\"wp-block-heading has-text-align-center\"><strong>V\u00fdhody<\/strong><\/h3>\n\n\n\n<ul class=\"wp-block-list\">\n<li>Pro dokonal\u00e9 zachycen\u00ed v\u00fdpar\u016f, rozpou\u0161t\u011bdel a prachu u zdroje.<\/li>\n\n\n\n<li>Vys\u00e1v\u00e1n\u00ed jedn\u00e9 nebo v\u00edce pracovn\u00edch stanic<\/li>\n\n\n\n<li>P\u0159ipojen\u00ed ke sb\u011brn\u00e9 s\u00edti nebo k odlu\u010dova\u010di prachu<\/li>\n<\/ul>\n<\/div>\n\n\n\n<div class=\"wp-block-column is-layout-flow wp-block-column-is-layout-flow\">\n<h3 class=\"wp-block-heading has-text-align-center\"><strong>Speci\u00e1ln\u00ed funkce<\/strong><\/h3>\n\n\n\n<ul class=\"wp-block-list\">\n<li>Snadn\u00e9 navrhov\u00e1n\u00ed<\/li>\n\n\n\n<li>Snadn\u00e1 instalace<\/li>\n<\/ul>\n<\/div>\n\n\n\n<div class=\"wp-block-column is-layout-flow wp-block-column-is-layout-flow\">\n<h3 class=\"wp-block-heading has-text-align-center\"><strong>Funkce<\/strong><\/h3>\n\n\n\n<ul class=\"wp-block-list\">\n<li>Dv\u011b mo\u017enosti velikosti<\/li>\n\n\n\n<li>Snadn\u00e9 pou\u017e\u00edv\u00e1n\u00ed a p\u0159esouv\u00e1n\u00ed<\/li>\n\n\n\n<li>Ods\u00e1v\u00e1n\u00ed co nejbl\u00ed\u017ee ke zdroji<\/li>\n<\/ul>\n<\/div>\n<\/div>\n\n<h2 class=\"wp-block-heading\">Aplikace<\/h2>\n\n<div class=\"wp-block-columns is-layout-flex wp-container-core-columns-is-layout-28f84493 wp-block-columns-is-layout-flex\">\n<div class=\"wp-block-column is-layout-flow wp-block-column-is-layout-flow\">\n<h3 class=\"wp-block-heading has-text-align-center\">Zne\u010di\u0161\u0165uj\u00edc\u00ed l\u00e1tky<\/h3>\n\n\n\n<hr class=\"wp-block-separator has-css-opacity is-style-wide\"\/>\n\n\n\n<div class=\"wp-block-columns is-layout-flex wp-container-core-columns-is-layout-28f84493 wp-block-columns-is-layout-flex\">\n<div class=\"wp-block-column is-layout-flow wp-block-column-is-layout-flow\">\n<figure class=\"wp-block-image aligncenter size-large\"><img decoding=\"async\" width=\"70\" height=\"70\" src=\"https:\/\/obera.fr\/wp-content\/uploads\/2020\/08\/polluants-poussieres.jpg\" alt=\"Zne&#x10D;i&#x161;&#x165;uj&#xED;c&#xED; l&#xE1;tky Prach\" class=\"wp-image-675\"\/><figcaption class=\"wp-element-caption\">V\u00fdpary<\/figcaption><\/figure>\n\n\n\n<figure class=\"wp-block-image aligncenter size-large\"><img decoding=\"async\" width=\"70\" height=\"70\" src=\"https:\/\/obera.fr\/wp-content\/uploads\/2020\/08\/industrie-odeur.jpg\" alt=\"Z&#xE1;pach z pr&#x16F;myslu\" class=\"wp-image-723\"\/><figcaption class=\"wp-element-caption\">Z\u00e1pachy<\/figcaption><\/figure>\n\n\n\n<figure class=\"wp-block-image aligncenter size-large\"><img decoding=\"async\" width=\"70\" height=\"70\" src=\"https:\/\/obera.fr\/wp-content\/uploads\/2020\/08\/industrie-brouillard-huile.jpg\" alt=\"Pr&#x16F;myslov&#xE1; mlha Oil\" class=\"wp-image-721\"\/><figcaption class=\"wp-element-caption\">Olejov\u00e1 mlha<\/figcaption><\/figure>\n<\/div>\n\n\n\n<div class=\"wp-block-column is-layout-flow wp-block-column-is-layout-flow\">\n<figure class=\"wp-block-image aligncenter size-large\"><img decoding=\"async\" width=\"70\" height=\"70\" src=\"https:\/\/obera.fr\/wp-content\/uploads\/2020\/08\/industrie-fumees.jpg\" alt=\"Pr&#x16F;myslov&#xFD; kou&#x159;\" class=\"wp-image-722\"\/><figcaption class=\"wp-element-caption\">V\u00fdpary<\/figcaption><\/figure>\n\n\n\n<figure class=\"wp-block-image aligncenter size-large\"><img decoding=\"async\" width=\"70\" height=\"70\" src=\"https:\/\/obera.fr\/wp-content\/uploads\/2020\/09\/cov.png\" alt=\"Cov\" class=\"wp-image-959\"\/><figcaption class=\"wp-element-caption\">VOCS<\/figcaption><\/figure>\n<\/div>\n<\/div>\n\n\n\n<p><\/p>\n<\/div>\n\n\n\n<div class=\"wp-block-column is-layout-flow wp-block-column-is-layout-flow\">\n<h3 class=\"wp-block-heading has-text-align-center\">Odv\u011btv\u00ed<\/h3>\n\n\n\n<hr class=\"wp-block-separator has-css-opacity is-style-wide\"\/>\n\n\n\n<div class=\"wp-block-columns is-layout-flex wp-container-core-columns-is-layout-28f84493 wp-block-columns-is-layout-flex\">\n<div class=\"wp-block-column is-layout-flow wp-block-column-is-layout-flow\">\n<figure class=\"wp-block-image aligncenter size-large\"><img decoding=\"async\" width=\"70\" height=\"70\" src=\"https:\/\/obera.fr\/wp-content\/uploads\/2020\/08\/industrie-metallurgie.jpg\" alt=\"Hutnick&#xFD; pr&#x16F;mysl\" class=\"wp-image-673\"\/><figcaption class=\"wp-element-caption\">Hutnictv\u00ed<\/figcaption><\/figure>\n\n\n\n<figure class=\"wp-block-image aligncenter size-large\"><img decoding=\"async\" width=\"70\" height=\"70\" src=\"https:\/\/obera.fr\/wp-content\/uploads\/2020\/08\/industrie-chimie.jpg\" alt=\"Chemick&#xFD; pr&#x16F;mysl\" class=\"wp-image-725\"\/><figcaption class=\"wp-element-caption\">Chemik\u00e1lie\/Petrochemik\u00e1lie<\/figcaption><\/figure>\n\n\n\n<figure class=\"wp-block-image aligncenter size-large\"><img decoding=\"async\" width=\"70\" height=\"70\" src=\"https:\/\/obera.fr\/wp-content\/uploads\/2020\/08\/industrie-textile.jpg\" alt=\"Textiln&#xED; pr&#x16F;mysl\" class=\"wp-image-671\"\/><figcaption class=\"wp-element-caption\">Textil<\/figcaption><\/figure>\n\n\n\n<figure class=\"wp-block-image aligncenter size-large\"><img decoding=\"async\" width=\"70\" height=\"70\" src=\"https:\/\/obera.fr\/wp-content\/uploads\/2020\/08\/industrie-minerai.jpg\" alt=\"Rudn&#xFD; pr&#x16F;mysl\" class=\"wp-image-724\"\/><figcaption class=\"wp-element-caption\">Miner\u00e1ly<\/figcaption><\/figure>\n<\/div>\n\n\n\n<div class=\"wp-block-column is-layout-flow wp-block-column-is-layout-flow\">\n<figure class=\"wp-block-image aligncenter size-large\"><img decoding=\"async\" width=\"70\" height=\"70\" src=\"https:\/\/obera.fr\/wp-content\/uploads\/2020\/08\/industrie-plastique.jpg\" alt=\"Plastik&#xE1;&#x159;sk&#xFD; pr&#x16F;mysl\" class=\"wp-image-669\"\/><figcaption class=\"wp-element-caption\">Plasty<\/figcaption><\/figure>\n\n\n\n<figure class=\"wp-block-image aligncenter size-large\"><img decoding=\"async\" width=\"70\" height=\"70\" src=\"https:\/\/obera.fr\/wp-content\/uploads\/2020\/08\/industrie-bois.jpg\" alt=\"D&#x159;evozpracuj&#xED;c&#xED; pr&#x16F;mysl\" class=\"wp-image-672\"\/><figcaption class=\"wp-element-caption\">Obr\u00e1b\u011bn\u00ed d\u0159eva<\/figcaption><\/figure>\n\n\n\n<figure class=\"wp-block-image aligncenter size-large\"><img decoding=\"async\" width=\"70\" height=\"70\" src=\"https:\/\/obera.fr\/wp-content\/uploads\/2020\/08\/industrie-papier-carton.jpg\" alt=\"Pap&#xED;rensk&#xFD; a karton&#xE1;&#x17E;n&#xED; pr&#x16F;mysl\" class=\"wp-image-670\"\/><figcaption class=\"wp-element-caption\">Pap\u00edr\/karton<\/figcaption><\/figure>\n\n\n\n<figure class=\"wp-block-image aligncenter size-large\"><img decoding=\"async\" width=\"70\" height=\"70\" src=\"https:\/\/obera.fr\/wp-content\/uploads\/2020\/08\/industrie-dechets.jpg\" alt=\"Odpady z pr&#x16F;myslu\" class=\"wp-image-726\"\/><figcaption class=\"wp-element-caption\">Sb\u011br a t\u0159\u00edd\u011bn\u00ed odpadu<\/figcaption><\/figure>\n<\/div>\n<\/div>\n<\/div>\n<\/div>\n\n<h2 class=\"wp-block-heading\">Technick\u00e9 specifikace<\/h2>\n\n<figure class=\"wp-block-table\"><table class=\"has-fixed-layout\"><tbody><tr><td>Obd\u00e9ln\u00edkov\u00e9 digesto\u0159e<\/td><td>500&#215;500<\/td><td>600&#215;600<\/td><\/tr><tr><td>Materi\u00e1l<\/td><td>Hlin\u00edk<\/td><td>Hlin\u00edk<\/td><\/tr><tr><td>Hmotnost (Kg)<\/td><td>2,7<\/td><td>3<\/td><\/tr><tr><td>P\u0159ipojen\u00ed (mm)<\/td><td>\u00f8 150 standard (k dispozici i jin\u00e9 pr\u016fm\u011bry)<\/td><td>\u00f8 160 standard (k dispozici i jin\u00e9 pr\u016fm\u011bry)<\/td><\/tr><\/tbody><\/table><\/figure>\n\n<div class=\"wp-block-buttons is-horizontal is-content-justification-center is-layout-flex wp-container-core-buttons-is-layout-03627597 wp-block-buttons-is-layout-flex\">\n<div class=\"wp-block-button has-custom-width wp-block-button__width-100\"><a class=\"wp-block-button__link wp-element-button\" href=\"https:\/\/obera.fr\/cs\/kontaktujte-nas\/\">Zjist\u011bte v\u00edce<\/a><\/div>\n<\/div>\n\n<hr class=\"wp-block-separator has-css-opacity is-style-dots\"\/>\n\n<h2 class=\"wp-block-heading\">Dal\u0161\u00ed sac\u00ed a sb\u011brn\u00e9 produkty spole\u010dnosti OberA<\/h2>\n\n<div class=\"wp-block-columns is-layout-flex wp-container-core-columns-is-layout-28f84493 wp-block-columns-is-layout-flex\">\n<div class=\"wp-block-column is-layout-flow wp-block-column-is-layout-flow\">\n<figure class=\"wp-block-image aligncenter size-thumbnail is-resized\"><a href=\"https:\/\/obera.fr\/cs\/produits\/bras-dispositifs-captation\/bras-hotte-ovale-rectangulaire\/\"><img decoding=\"async\" width=\"150\" height=\"150\" src=\"https:\/\/obera.fr\/wp-content\/uploads\/2020\/09\/Bras-SF-150x150.jpg\" alt=\"Sac&#xED; rameno\" class=\"wp-image-969\" style=\"object-fit:cover;width:120px;height:120px\" srcset=\"https:\/\/obera.fr\/wp-content\/uploads\/2020\/09\/Bras-SF-150x150.jpg 150w, https:\/\/obera.fr\/wp-content\/uploads\/2020\/09\/Bras-SF-300x300.jpg 300w, https:\/\/obera.fr\/wp-content\/uploads\/2020\/09\/Bras-SF.jpg 433w\" sizes=\"(max-width: 150px) 100vw, 150px\" \/><\/a><figcaption class=\"wp-element-caption\">Sac\u00ed rameno<\/figcaption><\/figure>\n<\/div>\n\n\n\n<div class=\"wp-block-column is-layout-flow wp-block-column-is-layout-flow\">\n<figure class=\"wp-block-image aligncenter size-thumbnail is-resized\"><a href=\"https:\/\/obera.fr\/cs\/produits\/bras-dispositifs-captation\/bras-de-laboratoire\/\"><img decoding=\"async\" width=\"150\" height=\"150\" src=\"https:\/\/obera.fr\/wp-content\/uploads\/2020\/11\/22-bras-de-labo-150x150.jpg\" alt=\"Laboratorn&#xED; ramena\" class=\"wp-image-1662\" style=\"object-fit:cover;width:120px;height:120px\" srcset=\"https:\/\/obera.fr\/wp-content\/uploads\/2020\/11\/22-bras-de-labo-150x150.jpg 150w, https:\/\/obera.fr\/wp-content\/uploads\/2020\/11\/22-bras-de-labo-300x300.jpg 300w, https:\/\/obera.fr\/wp-content\/uploads\/2020\/11\/22-bras-de-labo-1024x1024.jpg 1024w, https:\/\/obera.fr\/wp-content\/uploads\/2020\/11\/22-bras-de-labo-768x768.jpg 768w, https:\/\/obera.fr\/wp-content\/uploads\/2020\/11\/22-bras-de-labo.jpg 1500w\" sizes=\"(max-width: 150px) 100vw, 150px\" \/><\/a><figcaption class=\"wp-element-caption\">Laboratorn\u00ed ramena<\/figcaption><\/figure>\n<\/div>\n\n\n\n<div class=\"wp-block-column is-layout-flow wp-block-column-is-layout-flow\">\n<figure class=\"wp-block-image aligncenter size-thumbnail is-resized\"><a href=\"https:\/\/obera.fr\/cs\/produits\/bras-dispositifs-captation\/dosserets-aspirants\/\"><img decoding=\"async\" width=\"150\" height=\"150\" src=\"https:\/\/obera.fr\/wp-content\/uploads\/2020\/10\/Dosserets-oberA-150x150.png\" alt=\"Splashbacks Obera\" class=\"wp-image-1174\" style=\"object-fit:cover;width:120px;height:120px\"\/><\/a><figcaption class=\"wp-element-caption\">P\u0159\u00edsavn\u00e9 backsplashe<\/figcaption><\/figure>\n<\/div>\n\n\n\n<div class=\"wp-block-column is-layout-flow wp-block-column-is-layout-flow\">\n<figure class=\"wp-block-image aligncenter size-thumbnail is-resized\"><a href=\"https:\/\/obera.fr\/cs\/produits\/bras-dispositifs-captation\/anneaux-de-pouyes\/\"><img decoding=\"async\" width=\"150\" height=\"150\" src=\"https:\/\/obera.fr\/wp-content\/uploads\/2022\/09\/Anneau-de-pouyes-2-150x150.jpg\" alt=\"Ku&#x159;ec&#xED; krou&#x17E;ky\" class=\"wp-image-14482\" style=\"object-fit:cover;width:120px;height:120px\" srcset=\"https:\/\/obera.fr\/wp-content\/uploads\/2022\/09\/Anneau-de-pouyes-2-150x150.jpg 150w, https:\/\/obera.fr\/wp-content\/uploads\/2022\/09\/Anneau-de-pouyes-2-300x300.jpg 300w, https:\/\/obera.fr\/wp-content\/uploads\/2022\/09\/Anneau-de-pouyes-2.jpg 500w\" sizes=\"(max-width: 150px) 100vw, 150px\" \/><\/a><figcaption class=\"wp-element-caption\">Ku\u0159ec\u00ed krou\u017eky<\/figcaption><\/figure>\n<\/div>\n<\/div>\n\n<div class=\"wp-block-columns is-layout-flex wp-container-core-columns-is-layout-28f84493 wp-block-columns-is-layout-flex\">\n<div class=\"wp-block-column is-layout-flow wp-block-column-is-layout-flow\">\n<figure class=\"wp-block-image aligncenter size-thumbnail is-resized\"><a href=\"https:\/\/obera.fr\/cs\/produits\/tables-aspirantes\/\"><img decoding=\"async\" width=\"150\" height=\"150\" src=\"https:\/\/obera.fr\/wp-content\/uploads\/2020\/10\/table-SF-150x150.png\" alt=\"Sac&#xED; stoly\" class=\"wp-image-1179\" style=\"object-fit:cover;width:120px;height:120px\" srcset=\"https:\/\/obera.fr\/wp-content\/uploads\/2020\/10\/table-SF-150x150.png 150w, https:\/\/obera.fr\/wp-content\/uploads\/2020\/10\/table-SF-300x300.png 300w, https:\/\/obera.fr\/wp-content\/uploads\/2020\/10\/table-SF.png 433w\" sizes=\"(max-width: 150px) 100vw, 150px\" \/><\/a><figcaption class=\"wp-element-caption\">Sac\u00ed stoly<\/figcaption><\/figure>\n<\/div>\n\n\n\n<div class=\"wp-block-column is-layout-flow wp-block-column-is-layout-flow\">\n<figure class=\"wp-block-image aligncenter size-thumbnail is-resized\"><img decoding=\"async\" width=\"150\" height=\"150\" src=\"https:\/\/obera.fr\/wp-content\/uploads\/2024\/06\/hotte-de-captation-modulaire-600x600-1-150x150.png\" alt=\"modul&#xE1;rn&#xED; digesto&#x159; 600x600 1\" class=\"wp-image-31479\" style=\"object-fit:cover;width:120px;height:120px\" srcset=\"https:\/\/obera.fr\/wp-content\/uploads\/2024\/06\/hotte-de-captation-modulaire-600x600-1-150x150.png 150w, https:\/\/obera.fr\/wp-content\/uploads\/2024\/06\/hotte-de-captation-modulaire-600x600-1-300x300.png 300w, https:\/\/obera.fr\/wp-content\/uploads\/2024\/06\/hotte-de-captation-modulaire-600x600-1-1024x1024.png 1024w, https:\/\/obera.fr\/wp-content\/uploads\/2024\/06\/hotte-de-captation-modulaire-600x600-1-768x768.png 768w, https:\/\/obera.fr\/wp-content\/uploads\/2024\/06\/hotte-de-captation-modulaire-600x600-1.png 1280w\" sizes=\"(max-width: 150px) 100vw, 150px\" \/><figcaption class=\"wp-element-caption\">Modul\u00e1rn\u00ed digesto\u0159e<\/figcaption><\/figure>\n<\/div>\n\n\n\n<div class=\"wp-block-column is-layout-flow wp-block-column-is-layout-flow\">\n<figure class=\"wp-block-image aligncenter size-full is-resized\"><a href=\"https:\/\/obera.fr\/cs\/produits\/bras-dispositifs-captation\/capot-industriel\/\"><img decoding=\"async\" width=\"150\" height=\"150\" src=\"https:\/\/obera.fr\/wp-content\/uploads\/2020\/10\/capots.png\" alt=\"Sac&#xED; kapoty\" class=\"wp-image-1173\" style=\"object-fit:cover;width:120px;height:120px\"\/><\/a><figcaption class=\"wp-element-caption\">Sac\u00ed a sb\u011brn\u00e1 kapota<\/figcaption><\/figure>\n<\/div>\n\n\n\n<div class=\"wp-block-column is-layout-flow wp-block-column-is-layout-flow\"><\/div>\n<\/div>\n","protected":false},"excerpt":{"rendered":"<p>Na\u0161e \u0159ada obd\u00e9ln\u00edkov\u00fdch digesto\u0159\u00ed Obd\u00e9ln\u00edkov\u00e9 ods\u00e1vac\u00ed digesto\u0159e OBERA jsou ide\u00e1ln\u00ed pro zachycen\u00ed prachu, kou\u0159e a plynn\u00fdch zne\u010di\u0161\u0165uj\u00edc\u00edch l\u00e1tek p\u0159\u00edmo u zdroje. Pro tyto situace jsou k dispozici tak\u00e9 modul\u00e1rn\u00ed ods\u00e1vac\u00ed digesto\u0159e. Pr\u016fmyslov\u00e9 ods\u00e1vac\u00ed digesto\u0159e OBERA je t\u0159eba p\u0159ipojit k ods\u00e1vac\u00edmu syst\u00e9mu nebo odpra\u0161ova\u010di. K dispozici jsou ve dvou r\u016fzn\u00fdch velikostech, co\u017e umo\u017e\u0148uje p\u0159izp\u016fsoben\u00ed v\u011bt\u0161in\u011b konfigurac\u00edm ods\u00e1v\u00e1n\u00ed. Pou\u017eit\u00ed kloubov\u00fdch ods\u00e1vac\u00edch ramen zlep\u0161uje flexibilitu a \u00fa\u010dinnost zachycov\u00e1n\u00ed zne\u010di\u0161\u0165uj\u00edc\u00edch l\u00e1tek i v t\u011b\u017eko p\u0159\u00edstupn\u00fdch m\u00edstech. Pr\u016fmyslov\u00fd kryt, navr\u017een\u00fd pro odolnost v nejn\u00e1ro\u010dn\u011bj\u0161\u00edch prost\u0159ed\u00edch, zaji\u0161\u0165uje zv\u00fd\u0161enou ochranu a trvanlivost za\u0159\u00edzen\u00ed. Tyto vlastnosti \u010din\u00ed z digesto\u0159\u00ed OBERA komplexn\u00ed a spolehliv\u00e9 \u0159e\u0161en\u00ed pro \u0159\u00edzen\u00ed kvality vzduchu &#8230; <\/p>\n<p class=\"read-more-container\"><a title=\"Pr\u016fmyslov\u00fd obd\u00e9ln\u00edkov\u00fd odsava\u010d par\" class=\"read-more button\" href=\"https:\/\/obera.fr\/cs\/produits\/bras-dispositifs-captation\/hotte-rectangulaire\/#more-39626\" aria-label=\"\u010c\u00edst v\u00edce o Pr\u016fmyslov\u00fd obd\u00e9ln\u00edkov\u00fd odsava\u010d par\">Lire la suite<\/a><\/p>\n","protected":false},"author":4,"featured_media":83734,"parent":38186,"menu_order":0,"comment_status":"closed","ping_status":"closed","template":"","meta":{"_acf_changed":false,"_seopress_robots_primary_cat":"","_seopress_titles_title":"oberA pr\u016fmyslov\u00fd obd\u00e9ln\u00edkov\u00fd odsava\u010d par","_seopress_titles_desc":"Obd\u00e9ln\u00edkov\u00e9 odsava\u010de oberA jsou ide\u00e1ln\u00ed pro zachycov\u00e1n\u00ed prachu, kou\u0159e a plynn\u00fdch zne\u010di\u0161\u0165uj\u00edc\u00edch l\u00e1tek u zdroje.","_seopress_robots_index":"","footnotes":""},"class_list":{"0":"post-39626","1":"page","2":"type-page","3":"status-publish","4":"has-post-thumbnail","6":"no-featured-image-padding","7":"resize-featured-image"},"acf":[],"_links":{"self":[{"href":"https:\/\/obera.fr\/cs\/wp-json\/wp\/v2\/pages\/39626","targetHints":{"allow":["GET"]}}],"collection":[{"href":"https:\/\/obera.fr\/cs\/wp-json\/wp\/v2\/pages"}],"about":[{"href":"https:\/\/obera.fr\/cs\/wp-json\/wp\/v2\/types\/page"}],"author":[{"embeddable":true,"href":"https:\/\/obera.fr\/cs\/wp-json\/wp\/v2\/users\/4"}],"replies":[{"embeddable":true,"href":"https:\/\/obera.fr\/cs\/wp-json\/wp\/v2\/comments?post=39626"}],"version-history":[{"count":5,"href":"https:\/\/obera.fr\/cs\/wp-json\/wp\/v2\/pages\/39626\/revisions"}],"predecessor-version":[{"id":132594,"href":"https:\/\/obera.fr\/cs\/wp-json\/wp\/v2\/pages\/39626\/revisions\/132594"}],"up":[{"embeddable":true,"href":"https:\/\/obera.fr\/cs\/wp-json\/wp\/v2\/pages\/38186"}],"wp:featuredmedia":[{"embeddable":true,"href":"https:\/\/obera.fr\/cs\/wp-json\/wp\/v2\/media\/83734"}],"wp:attachment":[{"href":"https:\/\/obera.fr\/cs\/wp-json\/wp\/v2\/media?parent=39626"}],"curies":[{"name":"wp","href":"https:\/\/api.w.org\/{rel}","templated":true}]}}