{"id":39635,"date":"2024-05-07T15:48:45","date_gmt":"2024-05-07T13:48:45","guid":{"rendered":"https:\/\/obera.fr\/nase-produkty\/mobilni-saci-jednotky\/"},"modified":"2025-11-15T17:25:52","modified_gmt":"2025-11-15T15:25:52","slug":"caissons-mobiles-aspiration","status":"publish","type":"page","link":"https:\/\/obera.fr\/cs\/produits\/caissons-mobiles-aspiration\/","title":{"rendered":"Mobiln\u00ed sac\u00ed jednotky"},"content":{"rendered":"\n\n<h2 class=\"wp-block-heading\">Co je mobiln\u00ed ods\u00e1vac\u00ed jednotka?<\/h2>\n\n<p>Mobiln\u00ed ods\u00e1vac\u00ed jednotka, zn\u00e1m\u00e1 tak\u00e9 jako mobiln\u00ed<strong> filtra\u010dn\u00ed jednotka, mobiln\u00ed ods\u00e1vac\u00ed<\/strong> jednotka nebo mobiln\u00ed filtra\u010dn\u00ed jednotka, je obecn\u011b mal\u00e9 mobiln\u00ed za\u0159\u00edzen\u00ed pro ods\u00e1v\u00e1n\u00ed zne\u010di\u0161\u0165uj\u00edc\u00edch l\u00e1tek u zdroje a jejich filtraci. Obvykle je vybavena <a href=\"https:\/\/obera.fr\/cs\/produits\/bras-dispositifs-captation\/capot-industriel\/\">sb\u011brn\u00fdm ramenem na p\u0159\u00edstroji<\/a> nebo trubkov\u00fdm p\u0159\u00edvodem umo\u017e\u0148uj\u00edc\u00edm p\u0159ipojen\u00ed jedn\u00e9 nebo v\u00edce sac\u00edch hadic ke stroji, digesto\u0159i, <strong>mal\u00e9mu sac\u00edmu stolu<\/strong> nebo vzd\u00e1len\u00fdm ramen\u016fm. <\/p>\n\n<p><\/p>\n\n<div class=\"wp-block-columns is-layout-flex wp-container-core-columns-is-layout-28f84493 wp-block-columns-is-layout-flex\">\n<div class=\"wp-block-column is-layout-flow wp-block-column-is-layout-flow\" style=\"flex-basis:66.66%\">\n<p>Mobiln\u00ed sac\u00ed jednotky se skl\u00e1daj\u00ed ze sb\u011brn\u00e9ho ramene nebo trubkov\u00e9ho p\u0159\u00edvodu, sk\u0159\u00edn\u011b s n\u011bkolika stupni, nasycovac\u00edch filtr\u016f a <strong>odst\u0159ediv\u00e9ho ventil\u00e1toru, obvykle jednof\u00e1zov\u00e9ho<\/strong>. Sk\u0159\u00edn\u011b jsou vybaveny kole\u010dky pro snadn\u00fd pohyb. Vzduch nas\u00e1van\u00fd sb\u011brn\u00fdm za\u0159\u00edzen\u00edm (ramenem, stolem atd.) vstupuje do sk\u0159\u00edn\u011b a proch\u00e1z\u00ed st\u00e1le jemn\u011bj\u0161\u00edmi stupni mechanick\u00e9 filtrace, jedn\u00edm nebo v\u00edce stupni molekul\u00e1rn\u00ed filtrace (aktivn\u00ed uhl\u00ed) a nakonec vysoce \u00fa\u010dinn\u00fdm stupn\u011bm filtrace HEPA, pokud <strong>je nas\u00e1van\u00fd produkt nebezpe\u010dn\u00fd a vy\u017eaduje filtraci HEPA pro <\/strong>uvoln\u011bn\u00ed \u010dist\u00e9ho vzduchu do budovy.  <\/p>\n\n\n\n<p><\/p>\n<\/div>\n\n\n\n<div class=\"wp-block-column is-layout-flow wp-block-column-is-layout-flow\" style=\"flex-basis:33.33%\">\n<figure class=\"wp-block-image aligncenter size-large is-resized\"><img decoding=\"async\" width=\"1024\" height=\"549\" src=\"https:\/\/obera.fr\/wp-content\/uploads\/2025\/03\/charbon-actif-purple-1024x549.png\" alt=\"aktivn&#xED; uhl&#xED; fialov&#xE9;\" class=\"wp-image-76468\" style=\"width:269px;height:auto\" srcset=\"https:\/\/obera.fr\/wp-content\/uploads\/2025\/03\/charbon-actif-purple-1024x549.png 1024w, https:\/\/obera.fr\/wp-content\/uploads\/2025\/03\/charbon-actif-purple-300x161.png 300w, https:\/\/obera.fr\/wp-content\/uploads\/2025\/03\/charbon-actif-purple-768x412.png 768w, https:\/\/obera.fr\/wp-content\/uploads\/2025\/03\/charbon-actif-purple.png 1200w\" sizes=\"(max-width: 1024px) 100vw, 1024px\" \/><\/figure>\n<\/div>\n<\/div>\n\n<p>K dispozici jsou ods\u00e1vac\u00ed jednotky s velmi mal\u00fdm pr\u016ftokem 80-300 m3\/h pro jemn\u00e9 ods\u00e1v\u00e1n\u00ed na pracovi\u0161ti (lepen\u00ed, p\u00e1jen\u00ed, sva\u0159ov\u00e1n\u00ed elektroniky, pe\u010dliv\u00e9 brou\u0161en\u00ed nebo brou\u0161en\u00ed atd.), a\u017e po pr\u016ftoky 3000 m3\/h pro ods\u00e1v\u00e1n\u00ed na n\u011bkolika pracovi\u0161t\u00edch s jednou jednotkou nebo pro v\u011bt\u0161\u00ed pracovn\u00ed plochy, kter\u00e9 je t\u0159eba ods\u00e1vat (ods\u00e1vac\u00ed backsplashe, v\u011bt\u0161\u00ed sb\u011brn\u00e1 ramena). <strong>Jednotky jsou zpravidla vybaveny potenciometrem <\/strong>pro nastaven\u00ed sac\u00edho pr\u016ftoku odst\u0159ediv\u00e9ho ventil\u00e1toru podle po\u017eadavk\u016f na ods\u00e1v\u00e1n\u00ed. <\/p>\n\n<p>Mobiln\u00ed ods\u00e1vac\u00ed jednotky se pou\u017e\u00edvaj\u00ed k ods\u00e1v\u00e1n\u00ed zne\u010di\u0161\u0165uj\u00edc\u00edch l\u00e1tek, jako je kou\u0159, prach, plynn\u00e9 zne\u010di\u0161\u0165uj\u00edc\u00ed l\u00e1tky, p\u00e1ry, rozpou\u0161t\u011bdla, t\u011bkav\u00e9 organick\u00e9 l\u00e1tky a pachy. Kesonov\u00fd princip umo\u017e\u0148uje <strong>navrstvit n\u011bkolik po sob\u011b jdouc\u00edch stup\u0148\u016f filtrace<\/strong>, aby se vy\u010distilo   <\/p>\n\n<h2 class=\"wp-block-heading\" id=\"a-quelles-utilisations-conviennent-elles\">N\u00e1\u0161 sortiment mobiln\u00edch ods\u00e1vac\u00edch jednotek  <\/h2>\n\n<div style=\"height:37px\" aria-hidden=\"true\" class=\"wp-block-spacer\"><\/div>\n\n<div class=\"wp-block-columns is-layout-flex wp-container-core-columns-is-layout-28f84493 wp-block-columns-is-layout-flex\">\n<div class=\"wp-block-column is-layout-flow wp-block-column-is-layout-flow\">\n<h3 class=\"wp-block-heading has-text-align-center\">ePURBox ATEX<\/h3>\n\n\n\n<p class=\"has-text-align-center\"><strong>Modularita a v\u0161estrannost<\/strong><\/p>\n\n\n\n<p class=\"has-text-align-center\">O\u0161et\u0159en\u00ed prachu, kou\u0159e, v\u00fdpar\u016f a rozpou\u0161t\u011bdel.<\/p>\n\n\n\n<figure class=\"wp-block-image aligncenter size-medium is-resized\"><a href=\"https:\/\/obera.fr\/cs\/produits\/caissons-mobiles-aspiration\/epurbox-atex\/#more-115628\"><img decoding=\"async\" width=\"300\" height=\"300\" src=\"https:\/\/obera.fr\/wp-content\/uploads\/2025\/10\/visuel-epurbox-brs-logo-atex-300x300.png\" alt=\"vizu&#xE1;l epurbox brs logo atex\" class=\"wp-image-130378\" style=\"width:315px;height:auto\" srcset=\"https:\/\/obera.fr\/wp-content\/uploads\/2025\/10\/visuel-epurbox-brs-logo-atex-300x300.png 300w, https:\/\/obera.fr\/wp-content\/uploads\/2025\/10\/visuel-epurbox-brs-logo-atex-1024x1024.png 1024w, https:\/\/obera.fr\/wp-content\/uploads\/2025\/10\/visuel-epurbox-brs-logo-atex-150x150.png 150w, https:\/\/obera.fr\/wp-content\/uploads\/2025\/10\/visuel-epurbox-brs-logo-atex-768x768.png 768w, https:\/\/obera.fr\/wp-content\/uploads\/2025\/10\/visuel-epurbox-brs-logo-atex.png 1200w\" sizes=\"(max-width: 300px) 100vw, 300px\" \/><\/a><\/figure>\n\n\n\n<p class=\"has-text-align-center\">Maxim\u00e1ln\u00ed pr\u016ftok 1200 m3\/h &#8211; Trubkov\u00fd nebo ramenov\u00fd v\u00fdvod<\/p>\n<\/div>\n\n\n\n<div class=\"wp-block-column is-layout-flow wp-block-column-is-layout-flow\">\n<h3 class=\"wp-block-heading has-text-align-center\">Clearbox<\/h3>\n\n\n\n<p class=\"has-text-align-center\">O\u0161et\u0159en\u00ed kou\u0159em, parami a rozpou\u0161t\u011bdly<\/p>\n\n\n\n<figure class=\"wp-block-image aligncenter size-medium is-resized\"><a href=\"https:\/\/obera.fr\/cs\/produits\/caissons-mobiles-aspiration\/clearbox\/\"><img decoding=\"async\" width=\"300\" height=\"300\" src=\"https:\/\/obera.fr\/wp-content\/uploads\/2025\/10\/visuel-clearbox-brs-300x300.png\" alt=\"vizu&#xE1;l clearbox brs\" class=\"wp-image-129934\" style=\"object-fit:cover;width:335px;height:auto\" srcset=\"https:\/\/obera.fr\/wp-content\/uploads\/2025\/10\/visuel-clearbox-brs-300x300.png 300w, https:\/\/obera.fr\/wp-content\/uploads\/2025\/10\/visuel-clearbox-brs-1024x1024.png 1024w, https:\/\/obera.fr\/wp-content\/uploads\/2025\/10\/visuel-clearbox-brs-150x150.png 150w, https:\/\/obera.fr\/wp-content\/uploads\/2025\/10\/visuel-clearbox-brs-768x768.png 768w, https:\/\/obera.fr\/wp-content\/uploads\/2025\/10\/visuel-clearbox-brs.png 1200w\" sizes=\"(max-width: 300px) 100vw, 300px\" \/><\/a><\/figure>\n\n\n\n<p class=\"has-text-align-center\">Maxim\u00e1ln\u00ed pr\u016ftok 2000 m3\/h<\/p>\n<\/div>\n<\/div>\n\n<div style=\"height:58px\" aria-hidden=\"true\" class=\"wp-block-spacer\"><\/div>\n\n<div style=\"height:58px\" aria-hidden=\"true\" class=\"wp-block-spacer\"><\/div>\n\n<div class=\"wp-block-columns is-layout-flex wp-container-core-columns-is-layout-28f84493 wp-block-columns-is-layout-flex\">\n<div class=\"wp-block-column is-layout-flow wp-block-column-is-layout-flow\">\n<h3 class=\"wp-block-heading has-text-align-center\">ePUR EX<\/h3>\n\n\n\n<p class=\"has-text-align-center\">O\u0161et\u0159en\u00ed kou\u0159em, parami a rozpou\u0161t\u011bdly<\/p>\n\n\n\n<figure class=\"wp-block-image aligncenter size-medium is-resized\"><a href=\"https:\/\/obera.fr\/cs\/produits\/depoussiereurs-industriels\/petits\/aspiration-fumees-soudage-laser-epur-b-ex\/\"><img decoding=\"async\" width=\"300\" height=\"300\" src=\"https:\/\/obera.fr\/wp-content\/uploads\/2023\/10\/epurb-ex-1000-3000-5000-300x300.png\" alt=\"oberA epur b ex 1000 3000 5000\" class=\"wp-image-25016\" style=\"object-fit:cover\" srcset=\"https:\/\/obera.fr\/wp-content\/uploads\/2023\/10\/epurb-ex-1000-3000-5000-300x300.png 300w, https:\/\/obera.fr\/wp-content\/uploads\/2023\/10\/epurb-ex-1000-3000-5000-150x150.png 150w, https:\/\/obera.fr\/wp-content\/uploads\/2023\/10\/epurb-ex-1000-3000-5000.png 600w\" sizes=\"(max-width: 300px) 100vw, 300px\" \/><\/a><\/figure>\n\n\n\n<p class=\"has-text-align-center\">Maxim\u00e1ln\u00ed pr\u016ftok 350 &#8211; 2800 m3\/h<\/p>\n<\/div>\n\n\n\n<div class=\"wp-block-column is-layout-flow wp-block-column-is-layout-flow\">\n<h3 class=\"wp-block-heading has-text-align-center\">Jumbo<\/h3>\n\n\n\n<p class=\"has-text-align-center\">O\u0161et\u0159en\u00ed kou\u0159em, parami a rozpou\u0161t\u011bdly<\/p>\n\n\n\n<figure class=\"wp-block-image aligncenter size-full is-resized\"><a href=\"https:\/\/obera.fr\/cs\/produits\/depoussiereurs-industriels\/petits\/jumbo\/\"><img decoding=\"async\" width=\"500\" height=\"500\" src=\"https:\/\/obera.fr\/wp-content\/uploads\/2020\/10\/jumbo.png\" alt=\"Jumbo\" class=\"wp-image-1171\" style=\"width:302px;height:auto\" srcset=\"https:\/\/obera.fr\/wp-content\/uploads\/2020\/10\/jumbo.png 500w, https:\/\/obera.fr\/wp-content\/uploads\/2020\/10\/jumbo-300x300.png 300w, https:\/\/obera.fr\/wp-content\/uploads\/2020\/10\/jumbo-150x150.png 150w\" sizes=\"(max-width: 500px) 100vw, 500px\" \/><\/a><\/figure>\n\n\n\n<p class=\"has-text-align-center\">Maxim\u00e1ln\u00ed pr\u016ftok 170 m3\/h<\/p>\n<\/div>\n<\/div>\n\n<div style=\"height:58px\" aria-hidden=\"true\" class=\"wp-block-spacer\"><\/div>\n\n<div class=\"wp-block-columns is-layout-flex wp-container-core-columns-is-layout-28f84493 wp-block-columns-is-layout-flex\">\n<div class=\"wp-block-column is-layout-flow wp-block-column-is-layout-flow\">\n<h3 class=\"wp-block-heading has-text-align-center\">ePUR010 CA<\/h3>\n\n\n\n<p class=\"has-text-align-center\">O\u0161et\u0159en\u00ed kou\u0159em, parami a rozpou\u0161t\u011bdly<\/p>\n\n\n\n<figure class=\"wp-block-image aligncenter size-medium is-resized\"><a href=\"https:\/\/obera.fr\/cs\/produits\/traitement-cov\/filtre-anti-poussiere-epur010-b-ca\/\"><img decoding=\"async\" width=\"221\" height=\"300\" src=\"https:\/\/obera.fr\/wp-content\/uploads\/2022\/02\/EPUR010-B-CA-221x300.png\" alt=\"epur010 b ca\" class=\"wp-image-8919\" style=\"object-fit:cover;width:239px;height:auto\" srcset=\"https:\/\/obera.fr\/wp-content\/uploads\/2022\/02\/EPUR010-B-CA-221x300.png 221w, https:\/\/obera.fr\/wp-content\/uploads\/2022\/02\/EPUR010-B-CA-753x1024.png 753w, https:\/\/obera.fr\/wp-content\/uploads\/2022\/02\/EPUR010-B-CA-768x1044.png 768w, https:\/\/obera.fr\/wp-content\/uploads\/2022\/02\/EPUR010-B-CA-1130x1536.png 1130w, https:\/\/obera.fr\/wp-content\/uploads\/2022\/02\/EPUR010-B-CA-1507x2048.png 1507w, https:\/\/obera.fr\/wp-content\/uploads\/2022\/02\/EPUR010-B-CA.png 1788w\" sizes=\"(max-width: 221px) 100vw, 221px\" \/><\/a><\/figure>\n\n\n\n<p class=\"has-text-align-center\">Maxim\u00e1ln\u00ed pr\u016ftok 150 m3\/h<\/p>\n<\/div>\n<\/div>\n\n<p class=\"has-text-align-center\"><\/p>\n\n<p><\/p>\n\n<div class=\"wp-block-buttons is-horizontal is-content-justification-center is-layout-flex wp-container-core-buttons-is-layout-03627597 wp-block-buttons-is-layout-flex\">\n<div class=\"wp-block-button has-custom-width wp-block-button__width-100\"><a class=\"wp-block-button__link wp-element-button\" href=\"https:\/\/obera.fr\/cs\/kontaktujte-nas\/\">Zjist\u011bte v\u00edce<\/a><\/div>\n<\/div>\n\n<h2 class=\"wp-block-heading\">Pro\u010d pou\u017e\u00edvat mobiln\u00ed ods\u00e1vac\u00ed jednotku?<\/h2>\n\n<p>K <strong>zachycen\u00ed zne\u010di\u0161\u0165uj\u00edc\u00edch l\u00e1tek na pracovi\u0161ti<\/strong> se obvykle pou\u017e\u00edv\u00e1 mobiln\u00ed ods\u00e1vac\u00ed box. Mobiln\u00ed filtra\u010dn\u00ed box lze snadno p\u0159em\u00edstit z jednoho pracovi\u0161t\u011b na druh\u00e9. Nav\u00edc pokud z\u00e1kazn\u00edk nem\u00e1 v bl\u00edzkosti ods\u00e1vac\u00ed s\u00ed\u0165, je jednodu\u0161\u0161\u00ed um\u00edstit mobiln\u00ed ods\u00e1vac\u00ed jednotku ne\u017e rozmis\u0165ovat s\u00ed\u0165 potrub\u00ed z centralizovan\u00e9ho ods\u00e1vac\u00edho syst\u00e9mu. Stejn\u011b tak je \u010dasto obt\u00ed\u017en\u00e9<strong>odv\u00e1d\u011bt zne\u010di\u0161\u0165uj\u00edc\u00ed l\u00e1tku ven<\/strong>, tak\u017ee mobiln\u00ed sk\u0159\u00ed\u0148 zachycuje produkt v m\u00edst\u011b jeho vzniku, filtruje jej a vy\u010di\u0161t\u011bn\u00fd vzduch vypou\u0161t\u00ed do vlastn\u00edho prostoru. Filtrace by m\u011bla b\u00fdt p\u0159izp\u016fsobena zne\u010di\u0161\u0165uj\u00edc\u00edm l\u00e1tk\u00e1m, a zejm\u00e9na je t\u0159eba zvolit vysoce \u00fa\u010dinnou filtraci HEPA H13 nebo H14, pokud je t\u0159eba filtrovat slou\u010deniny CMR. V\u011bt\u0161inu mobiln\u00edch filtra\u010dn\u00edch jednotek lze vybavit trubkov\u00fdm<strong> v\u00fdvodem<\/strong> \u010dist\u00e9ho<strong> vzduchu,<\/strong> pokud si z\u00e1kazn\u00edk p\u0159eje vypou\u0161t\u011bt \u010dist\u00fd vzduch ven.     <\/p>\n\n<h2 class=\"wp-block-heading\">Jak\u00e9 aplikace pokr\u00fdvaj\u00ed mobiln\u00ed filtra\u010dn\u00ed jednotky?<\/h2>\n\n<div class=\"wp-block-columns is-layout-flex wp-container-core-columns-is-layout-28f84493 wp-block-columns-is-layout-flex\">\n<div class=\"wp-block-column is-layout-flow wp-block-column-is-layout-flow\" style=\"flex-basis:33.33%\">\n<figure class=\"wp-block-image aligncenter size-large is-resized\"><img decoding=\"async\" width=\"1024\" height=\"1024\" src=\"https:\/\/obera.fr\/wp-content\/uploads\/2025\/03\/2-1024x1024.png\" alt=\"&#x158;e&#x161;en&#xED; OberA\" class=\"wp-image-77618\" style=\"width:271px;height:auto\" srcset=\"https:\/\/obera.fr\/wp-content\/uploads\/2025\/03\/2-1024x1024.png 1024w, https:\/\/obera.fr\/wp-content\/uploads\/2025\/03\/2-300x300.png 300w, https:\/\/obera.fr\/wp-content\/uploads\/2025\/03\/2-150x150.png 150w, https:\/\/obera.fr\/wp-content\/uploads\/2025\/03\/2-768x768.png 768w, https:\/\/obera.fr\/wp-content\/uploads\/2025\/03\/2.png 1200w\" sizes=\"(max-width: 1024px) 100vw, 1024px\" \/><\/figure>\n<\/div>\n\n\n\n<div class=\"wp-block-column is-layout-flow wp-block-column-is-layout-flow\" style=\"flex-basis:66.66%\">\n<ul class=\"wp-block-list\">\n<li><strong>Mobiln\u00ed ods\u00e1vac\u00ed jednotky <\/strong>se obvykle pou\u017e\u00edvaj\u00ed v n\u00e1sleduj\u00edc\u00edch aplikac\u00edch:<\/li>\n\n\n\n<li>P\u00e1jen\u00ed, p\u00e1jen\u00ed, elektronick\u00fd pr\u016fmysl<\/li>\n\n\n\n<li>Laborato\u0159e, manipulace, d\u00e1vkov\u00e1n\u00ed a dekantace kapaln\u00fdch, prysky\u0159i\u010dn\u00fdch nebo pr\u00e1\u0161kov\u00fdch chemik\u00e1li\u00ed<\/li>\n\n\n\n<li>\u0160perky<\/li>\n\n\n\n<li>Laserov\u00fd stroj (\u0159ez\u00e1n\u00ed kartonu, plast\u016f, &#8230;.)<\/li>\n\n\n\n<li>Aditivn\u00ed v\u00fdroba (3D stroj atd.)<\/li>\n\n\n\n<li><strong>Lepic\u00ed stanice<\/strong><\/li>\n\n\n\n<li>\u010ci\u0161t\u011bn\u00ed a odma\u0161\u0165ov\u00e1n\u00ed d\u00edl\u016f ;<\/li>\n\n\n\n<li>Restaurov\u00e1n\u00ed um\u011bleck\u00fdch d\u011bl, vernis\u00e1\u017e<\/li>\n\n\n\n<li><strong>brou\u0161en\u00ed, odizolov\u00e1n\u00ed, le\u0161t\u011bn\u00ed a<\/strong> odjehlov\u00e1n\u00ed mal\u00fdch d\u00edl\u016f z kovu, kompozitn\u00edch materi\u00e1l\u016f nebo plast\u016f.<\/li>\n<\/ul>\n<\/div>\n<\/div>\n\n<h2 class=\"wp-block-heading\">Jak si m\u00e1m vybrat mobiln\u00ed ods\u00e1va\u010dku?<\/h2>\n\n<p>Pro <strong>v\u00fdb\u011br spr\u00e1vn\u00e9 ods\u00e1vac\u00ed jednotky<\/strong> je t\u0159eba nejprve ov\u011b\u0159it typy zne\u010di\u0161\u0165uj\u00edc\u00edch l\u00e1tek, kter\u00e9 se maj\u00ed \u010distit. Pokud se jedn\u00e1 pouze o prach nebo v\u00fdpary, posta\u010d\u00ed mechanick\u00e9 filtra\u010dn\u00ed stupn\u011b. Pokud je t\u0159eba zpracov\u00e1vat v\u00fdpary, rozpou\u0161t\u011bdla nebo t\u011bkav\u00e9 organick\u00e9 l\u00e1tky, je t\u0159eba pou\u017e\u00edt filtry s aktivn\u00edm uhl\u00edm. P\u0159i procesech st\u00e1le \u010dast\u011bji vznikaj\u00ed oba typy l\u00e1tek, proto\u017ee p\u0159i zah\u0159\u00edv\u00e1n\u00ed <g id=\"gid_1\">materi\u00e1lu doch\u00e1z\u00ed k jejich odpa\u0159ov\u00e1n\u00ed a k uvol\u0148ov\u00e1n\u00ed zne\u010di\u0161\u0165uj\u00edc\u00edch l\u00e1tek<\/g> ve form\u011b v\u00fdpar\u016f (pevn\u00fdch l\u00e1tek) a plyn\u016f (obvykle t\u011bkav\u00fdch organick\u00fdch l\u00e1tek). V takov\u00fdch p\u0159\u00edpadech je nutn\u00e1 kombinace stup\u0148\u016f filtrace \u010d\u00e1stic (mechanick\u00e9 filtry) a stup\u0148\u016f molekul\u00e1rn\u00ed filtrace (aktivn\u00ed uhl\u00ed).    <\/p>\n\n<p>Pokud jsou nav\u00edc zne\u010di\u0161\u0165uj\u00edc\u00ed l\u00e1tky toxick\u00e9, je t\u0159eba zvolit vhodnou filtraci HEPA. Pokud m\u00e1 za\u0159\u00edzen\u00ed ods\u00e1vat v\u00fdbu\u0161n\u00e9 prachy nebo plyny, je t\u0159eba zvolit <strong>za\u0159\u00edzen\u00ed ATEX p\u0159izp\u016fsoben\u00e9 t\u011bmto rizik\u016fm<\/strong>. <\/p>\n\n<p>Rozhoduj\u00edc\u00edm faktorem p\u0159i v\u00fdb\u011bru spot\u0159ebi\u010de je samoz\u0159ejm\u011b sac\u00ed pr\u016ftok. Pom\u016f\u017eeme v\u00e1m ji ur\u010dit. <\/p>\n\n<h2 class=\"wp-block-heading\">N\u00e1klady na provoz a \u00fadr\u017ebu<\/h2>\n\n<p><strong>Mobiln\u00ed ods\u00e1vac\u00ed jednotky<\/strong> jsou vybaveny satura\u010dn\u00edmi filtry. V z\u00e1vislosti na velikosti \u010d\u00e1stic prachu a v\u00fdpar\u016f, kter\u00e9 maj\u00ed b\u00fdt o\u0161et\u0159eny, je t\u0159eba zvolit spr\u00e1vnou kombinaci filtr\u016f. <\/p>\n\n<p>\u010c\u00edm jsou filtry \u00fa\u010dinn\u011bj\u0161\u00ed, t\u00edm jsou dra\u017e\u0161\u00ed. C\u00edlem je proto co nejv\u00edce nasytit<strong> horn\u00ed stupn\u011b, aby byly zachov\u00e1ny<\/strong> co nejp\u0159esn\u011bj\u0161\u00ed<strong> filtry<\/strong>. Pokud je to mo\u017en\u00e9, m\u011bly by se zv\u00fd\u0161it stupn\u011b p\u0159edfiltrace (nap\u0159. stupn\u011b G4, M6, F9&#8230;, aby se ochr\u00e1nily vysoce \u00fa\u010dinn\u00e9 HEPA filtry H13 nebo H14). \u017divotnost filtr\u016f bude z\u00e1viset na mno\u017estv\u00ed zne\u010di\u0161\u0165uj\u00edc\u00edch l\u00e1tek, dob\u011b pou\u017e\u00edv\u00e1n\u00ed a distribuci velikosti \u010d\u00e1stic zne\u010di\u0161\u0165uj\u00edc\u00edch l\u00e1tek. V n\u011bkter\u00fdch p\u0159\u00edpadech je mo\u017en\u00e9 m\u011b\u0159en\u00edm zvolit vhodn\u00e9 stupn\u011b filtrace.    <\/p>\n","protected":false},"excerpt":{"rendered":"<p>Co je mobiln\u00ed ods\u00e1vac\u00ed jednotka? Mobiln\u00ed ods\u00e1vac\u00ed jednotka, zn\u00e1m\u00e1 tak\u00e9 jako mobiln\u00ed filtra\u010dn\u00ed jednotka, mobiln\u00ed ods\u00e1vac\u00ed jednotka nebo mobiln\u00ed filtra\u010dn\u00ed jednotka, je obecn\u011b mal\u00e9 mobiln\u00ed za\u0159\u00edzen\u00ed pro ods\u00e1v\u00e1n\u00ed zne\u010di\u0161\u0165uj\u00edc\u00edch l\u00e1tek u zdroje a jejich filtraci. Obvykle je vybavena sb\u011brn\u00fdm ramenem na p\u0159\u00edstroji nebo trubkov\u00fdm p\u0159\u00edvodem umo\u017e\u0148uj\u00edc\u00edm p\u0159ipojen\u00ed jedn\u00e9 nebo v\u00edce sac\u00edch hadic ke stroji, digesto\u0159i, mal\u00e9mu sac\u00edmu stolu nebo vzd\u00e1len\u00fdm ramen\u016fm. Mobiln\u00ed sac\u00ed jednotky se skl\u00e1daj\u00ed ze sb\u011brn\u00e9ho ramene nebo trubkov\u00e9ho p\u0159\u00edvodu, sk\u0159\u00edn\u011b s n\u011bkolika stupni, nasycovac\u00edch filtr\u016f a odst\u0159ediv\u00e9ho ventil\u00e1toru, obvykle jednof\u00e1zov\u00e9ho. Sk\u0159\u00edn\u011b jsou vybaveny kole\u010dky pro snadn\u00fd pohyb. Vzduch nas\u00e1van\u00fd sb\u011brn\u00fdm za\u0159\u00edzen\u00edm (ramenem, stolem atd.) vstupuje do sk\u0159\u00edn\u011b &#8230; <\/p>\n<p class=\"read-more-container\"><a title=\"Mobiln\u00ed sac\u00ed jednotky\" class=\"read-more button\" href=\"https:\/\/obera.fr\/cs\/produits\/caissons-mobiles-aspiration\/#more-39635\" aria-label=\"\u010c\u00edst v\u00edce o Mobiln\u00ed sac\u00ed jednotky\">Lire la suite<\/a><\/p>\n","protected":false},"author":4,"featured_media":83734,"parent":38112,"menu_order":0,"comment_status":"closed","ping_status":"closed","template":"","meta":{"_acf_changed":false,"_seopress_robots_primary_cat":"","_seopress_titles_title":"oberA mobiln\u00ed sac\u00ed jednotky","_seopress_titles_desc":"Na\u0161e \u0159ada mobiln\u00edch ods\u00e1vac\u00edch jednotek: ePURBox: Modularita a v\u0161estrannost, ePUR010 B CA, Jumbo a EPUR B EX.","_seopress_robots_index":"","footnotes":""},"class_list":{"0":"post-39635","1":"page","2":"type-page","3":"status-publish","4":"has-post-thumbnail","6":"no-featured-image-padding","7":"resize-featured-image"},"acf":[],"_links":{"self":[{"href":"https:\/\/obera.fr\/cs\/wp-json\/wp\/v2\/pages\/39635","targetHints":{"allow":["GET"]}}],"collection":[{"href":"https:\/\/obera.fr\/cs\/wp-json\/wp\/v2\/pages"}],"about":[{"href":"https:\/\/obera.fr\/cs\/wp-json\/wp\/v2\/types\/page"}],"author":[{"embeddable":true,"href":"https:\/\/obera.fr\/cs\/wp-json\/wp\/v2\/users\/4"}],"replies":[{"embeddable":true,"href":"https:\/\/obera.fr\/cs\/wp-json\/wp\/v2\/comments?post=39635"}],"version-history":[{"count":18,"href":"https:\/\/obera.fr\/cs\/wp-json\/wp\/v2\/pages\/39635\/revisions"}],"predecessor-version":[{"id":132946,"href":"https:\/\/obera.fr\/cs\/wp-json\/wp\/v2\/pages\/39635\/revisions\/132946"}],"up":[{"embeddable":true,"href":"https:\/\/obera.fr\/cs\/wp-json\/wp\/v2\/pages\/38112"}],"wp:featuredmedia":[{"embeddable":true,"href":"https:\/\/obera.fr\/cs\/wp-json\/wp\/v2\/media\/83734"}],"wp:attachment":[{"href":"https:\/\/obera.fr\/cs\/wp-json\/wp\/v2\/media?parent=39635"}],"curies":[{"name":"wp","href":"https:\/\/api.w.org\/{rel}","templated":true}]}}