{"id":42584,"date":"2020-08-26T16:20:18","date_gmt":"2020-08-26T14:20:18","guid":{"rendered":"https:\/\/obera.fr\/objevte-obera\/"},"modified":"2025-07-21T15:03:59","modified_gmt":"2025-07-21T13:03:59","slug":"decouvrir","status":"publish","type":"page","link":"https:\/\/obera.fr\/cs\/decouvrir\/","title":{"rendered":"Objevte OberA"},"content":{"rendered":"\n<h2 class=\"wp-block-heading\">N\u00e1\u0161 slogan: &#8222;OberA, z\u00e1ruka kvality ovzdu\u0161\u00ed ve <mark style=\"background-color:rgba(0, 0, 0, 0)\" class=\"has-inline-color has-global-color-8-color\">va\u0161\u00ed spole\u010dnosti <\/mark>!&#8220;<\/h2>\n\n<p><\/p>\n\n<p>Spole\u010dnost OberA se s\u00eddlem v Alsasku je odborn\u00edkem na pr\u016fmyslovou \u00fapravu vzduchu. Na\u0161e p\u016fsobnost sah\u00e1 po cel\u00e9 Francii a Evrop\u011b, od n\u00e1vrhu a\u017e po v\u00fdrobu a distribuci. D\u00edky na\u0161im ekologick\u00fdm a \u00fasporn\u00fdm \u0159e\u0161en\u00edm, kter\u00e1 jsou p\u0159izp\u016fsobena va\u0161im pot\u0159eb\u00e1m, m\u016f\u017eete vyu\u017e\u00edvat zdrav\u00e9 pracovn\u00ed prost\u0159ed\u00ed, kter\u00e9 zlep\u0161uje pracovn\u00ed podm\u00ednky a zvy\u0161uje produktivitu va\u0161\u00ed spole\u010dnosti.  <\/p>\n\n<div class=\"wp-block-columns is-layout-flex wp-container-core-columns-is-layout-28f84493 wp-block-columns-is-layout-flex\">\n<div class=\"wp-block-column is-layout-flow wp-block-column-is-layout-flow\" style=\"flex-basis:25%\"><\/div>\n\n\n\n<div class=\"wp-block-column is-layout-flow wp-block-column-is-layout-flow\" style=\"flex-basis:50%\">\n<p><\/p>\n\n\n\n<figure class=\"wp-block-video\"><video height=\"1080\" style=\"aspect-ratio: 1920 \/ 1080;\" width=\"1920\" autoplay=\"\" controls=\"\" loop=\"\" muted=\"\" poster=\"https:\/\/obera.fr\/wp-content\/uploads\/2025\/05\/capture-decran-2025-05-14-100342.png\" src=\"https:\/\/obera.fr\/wp-content\/uploads\/2025\/05\/made_in_france_obera_fr.mp4\"><\/video><\/figure>\n<\/div>\n\n\n\n<div class=\"wp-block-column is-layout-flow wp-block-column-is-layout-flow\" style=\"flex-basis:25%\"><\/div>\n<\/div>\n\n<p><\/p>\n\n<div class=\"wp-block-buttons is-content-justification-center is-layout-flex wp-container-core-buttons-is-layout-a89b3969 wp-block-buttons-is-layout-flex\">\n<div class=\"wp-block-button\"><a class=\"wp-block-button__link wp-element-button\" href=\"https:\/\/obera.fr\/cs\/ils-parlent-de-nous-presse-media\/\">Mluv\u00ed o n\u00e1s<\/a><\/div>\n\n\n\n<div class=\"wp-block-button\"><a class=\"wp-block-button__link wp-element-button\" href=\"https:\/\/obera.fr\/cs\/decouvrir\/salons\/\">Nadch\u00e1zej\u00edc\u00ed veletrhy<\/a><\/div>\n<\/div>\n\n<h2 class=\"wp-block-heading\">Na\u0161e posl\u00e1n\u00ed<\/h2>\n\n<div class=\"wp-block-columns is-layout-flex wp-container-core-columns-is-layout-28f84493 wp-block-columns-is-layout-flex\">\n<div class=\"wp-block-column is-layout-flow wp-block-column-is-layout-flow\" style=\"flex-basis:66.66%\">\n<p>Jako specialista na pr\u016fmyslovou \u00fapravu vzduchu v\u00e1m spole\u010dnost OberA zaru\u010duje zdrav\u00e9 pracovn\u00ed prost\u0159ed\u00ed, optim\u00e1ln\u00ed pracovn\u00ed podm\u00ednky a pom\u00e1h\u00e1 zvy\u0161ovat produktivitu va\u0161\u00ed spole\u010dnosti.<\/p>\n\n\n\n<blockquote class=\"wp-block-quote is-layout-flow wp-block-quote-is-layout-flow\">\n<p>V\u00e1\u0161 garant kvality ovzdu\u0161\u00ed  <\/p>\n<\/blockquote>\n<\/div>\n\n\n\n<div class=\"wp-block-column is-layout-flow wp-block-column-is-layout-flow\" style=\"flex-basis:33.33%\">\n<figure class=\"wp-block-image aligncenter size-large is-resized\"><img decoding=\"async\" width=\"1024\" height=\"1024\" src=\"https:\/\/obera.fr\/wp-content\/uploads\/2025\/05\/ic-30-entrepot-travail-1024x1024.png\" alt=\"ic 30 pr&#xE1;ce ve skladu\" class=\"wp-image-93435\" style=\"width:259px;height:auto\" srcset=\"https:\/\/obera.fr\/wp-content\/uploads\/2025\/05\/ic-30-entrepot-travail-1024x1024.png 1024w, https:\/\/obera.fr\/wp-content\/uploads\/2025\/05\/ic-30-entrepot-travail-300x300.png 300w, https:\/\/obera.fr\/wp-content\/uploads\/2025\/05\/ic-30-entrepot-travail-150x150.png 150w, https:\/\/obera.fr\/wp-content\/uploads\/2025\/05\/ic-30-entrepot-travail-768x768.png 768w, https:\/\/obera.fr\/wp-content\/uploads\/2025\/05\/ic-30-entrepot-travail.png 1200w\" sizes=\"(max-width: 1024px) 100vw, 1024px\" \/><\/figure>\n<\/div>\n<\/div>\n\n<h3 class=\"wp-block-heading\">Zlep\u0161en\u00ed kvality ovzdu\u0161\u00ed pro lep\u0161\u00ed zdrav\u00ed a produktivitu<\/h3>\n\n<p>Ve spole\u010dnosti OberA v\u00edme, jak d\u016fle\u017eit\u00e9 je pracovat ve zdrav\u00e9m prost\u0159ed\u00ed. Proto jsme vyvinuli \u00fa\u010dinn\u00e1 a inovativn\u00ed \u0159e\u0161en\u00ed, kter\u00e1 v\u00e1m zajist\u00ed \u010dist\u00fd vzduch, zlep\u0161\u00ed va\u0161e pracovn\u00ed podm\u00ednky a zv\u00fd\u0161\u00ed va\u0161i produktivitu. Na\u0161e \u0159e\u0161en\u00ed na m\u00edru, p\u0159izp\u016fsoben\u00e1 va\u0161im specifick\u00fdm pot\u0159eb\u00e1m, dokonale zapadnou do va\u0161eho prost\u0159ed\u00ed. Na\u0161e inovace jsou ekologick\u00e9 a \u00fasporn\u00e9 a zaru\u010duj\u00ed v\u00fdjime\u010dn\u00e9 v\u00fdsledky.   <\/p>\n\n<h3 class=\"wp-block-heading\">\u0158e\u0161en\u00ed na m\u00edru pro ka\u017edou situaci<\/h3>\n\n<p>Jsme odhodl\u00e1ni poskytovat \u0159e\u0161en\u00ed na m\u00edru jedine\u010dn\u00fdm v\u00fdzv\u00e1m, kter\u00fdm \u010del\u00edte. A\u0165 u\u017e po\u017eadujete mobiln\u00ed nebo stacion\u00e1rn\u00ed \u0159e\u0161en\u00ed, \u00fazce s v\u00e1mi spolupracujeme, abychom analyzovali va\u0161e pracovn\u00ed prost\u0159ed\u00ed, pochopili va\u0161e specifick\u00e9 pot\u0159eby a navrhli syst\u00e9my pro zlep\u0161en\u00ed kvality ovzdu\u0161\u00ed, kter\u00e9 dokonale odpov\u00eddaj\u00ed va\u0161im o\u010dek\u00e1v\u00e1n\u00edm. <\/p>\n\n<h2 class=\"wp-block-heading\">Obchodn\u00ed linie spole\u010dnosti OberA<\/h2>\n\n<p>Jsme hrd\u00ed na to, \u017ee m\u016f\u017eeme nab\u00edzet \u0161pi\u010dkov\u00e9 produkty a slu\u017eby, kter\u00e9 na\u0161im z\u00e1kazn\u00edk\u016fm pom\u00e1haj\u00ed \u0159e\u0161it probl\u00e9my spojen\u00e9 s <strong>prachem, z\u00e1pachem, t\u011bkav\u00fdmi organick\u00fdmi l\u00e1tkami a teplem<\/strong> a z\u00e1rove\u0148 vytv\u00e1\u0159et zdrav\u011bj\u0161\u00ed a produktivn\u011bj\u0161\u00ed pracovn\u00ed prost\u0159ed\u00ed.<\/p>\n\n<p><\/p>\n\n<div class=\"wp-block-columns is-layout-flex wp-container-core-columns-is-layout-28f84493 wp-block-columns-is-layout-flex\">\n<div class=\"wp-block-column is-layout-flow wp-block-column-is-layout-flow\" style=\"flex-basis:25%\"><\/div>\n\n\n\n<div class=\"wp-block-column is-layout-flow wp-block-column-is-layout-flow\" style=\"flex-basis:50%\">\n<figure class=\"wp-block-video\"><video height=\"1080\" style=\"aspect-ratio: 1920 \/ 1080;\" width=\"1920\" autoplay=\"\" controls=\"\" loop=\"\" poster=\"https:\/\/obera.fr\/wp-content\/uploads\/2025\/05\/capture-decran-2025-05-13-093745.png\" src=\"https:\/\/obera.fr\/wp-content\/uploads\/2025\/05\/le-depoussierage-des-espaces-de-travail-1.mp4\"><\/video><\/figure>\n<\/div>\n\n\n\n<div class=\"wp-block-column is-layout-flow wp-block-column-is-layout-flow\" style=\"flex-basis:25%\"><\/div>\n<\/div>\n\n<p><\/p>\n\n<h2 class=\"wp-block-heading\">P\u0159\u00edsn\u00e1 metodika pro spolehliv\u00e9 v\u00fdsledky<\/h2>\n\n<p>Ve spole\u010dnosti OberA se \u0159\u00edd\u00edme p\u0159\u00edsnou metodikou, abychom na\u0161im z\u00e1kazn\u00edk\u016fm zaru\u010dili optim\u00e1ln\u00ed v\u00fdsledky. P\u0159ed instalac\u00ed na\u0161ich za\u0159\u00edzen\u00ed nab\u00edz\u00edme proveden\u00ed <strong>diagnostiky<\/strong> <strong>pra\u0161nosti<\/strong>. Tento p\u0159\u00edstup n\u00e1m umo\u017e\u0148uje ur\u010dit \u00farove\u0148 a typ prachu p\u0159\u00edtomn\u00e9ho ve va\u0161em pracovn\u00edm prostoru. Po t\u00e9to anal\u00fdze <strong>doporu\u010d\u00edme \u0159e\u0161en\u00ed p\u0159izp\u016fsoben\u00e9<\/strong> situaci a <strong>o\u010dek\u00e1van\u00e9mu v\u00fdsledku<\/strong>. Jakmile se s v\u00e1mi na tomto \u0159e\u0161en\u00ed dohodneme, p\u0159ejdeme k jeho realizaci. Pro kontrolu \u00fa\u010dinnosti zaveden\u00e9ho \u0159e\u0161en\u00ed se pozd\u011bji provede <strong>druh\u00e9 m\u011b\u0159en\u00ed.<\/strong> Pokud v\u00fdsledky odpov\u00eddaj\u00ed o\u010dek\u00e1van\u00fdm, nic nem\u011bn\u00edme. Pokud \u0159e\u0161en\u00ed nen\u00ed dostate\u010dn\u011b \u00fa\u010dinn\u00e9, <strong>uprav\u00edme jej<\/strong>.      <\/p>\n\n<div class=\"wp-block-columns is-layout-flex wp-container-core-columns-is-layout-28f84493 wp-block-columns-is-layout-flex\">\n<div class=\"wp-block-column is-layout-flow wp-block-column-is-layout-flow\" style=\"flex-basis:25%\"><\/div>\n\n\n\n<div class=\"wp-block-column is-layout-flow wp-block-column-is-layout-flow\" style=\"flex-basis:50%\">\n<figure class=\"wp-block-video\"><video height=\"1080\" style=\"aspect-ratio: 1920 \/ 1080;\" width=\"1920\" autoplay=\"\" controls=\"\" loop=\"\" poster=\"https:\/\/obera.fr\/wp-content\/uploads\/2025\/05\/capture-decran-2025-05-13-161820.png\" src=\"https:\/\/obera.fr\/wp-content\/uploads\/2025\/05\/mesurer-disgnostiquer.mp4\"><\/video><\/figure>\n<\/div>\n\n\n\n<div class=\"wp-block-column is-layout-flow wp-block-column-is-layout-flow\" style=\"flex-basis:25%\"><\/div>\n<\/div>\n\n<p><\/p>\n\n<p>Spole\u010dnost OberA je jedin\u00e1, kter\u00e1 v\u00e1m tuto slu\u017ebu nab\u00edz\u00ed. Abychom v\u00e1m zaru\u010dili bezpe\u010dnou a efektivn\u00ed investici, je mo\u017en\u00e9 <strong>na\u0161e za\u0159\u00edzen\u00ed otestovat po dobu 1 a\u017e 3 m\u011bs\u00edc\u016f, kter\u00e1 se ode\u010d\u00edt\u00e1 od kupn\u00ed ceny<\/strong>. Pro pou\u017eit\u00ed po ur\u010ditou dobu nebo pro kr\u00e1tkodob\u00e9 pot\u0159eby <strong>si<\/strong> m\u016f\u017eete <strong>na\u0161e<\/strong> <strong>za\u0159\u00edzen\u00ed<\/strong> <strong>pronajmout na<\/strong> <strong>dobu 12 a\u017e 63 m\u011bs\u00edc\u016f s mo\u017enost\u00ed odkoupen\u00ed<\/strong>. <\/p>\n\n<p><\/p>\n\n<div class=\"wp-block-columns is-layout-flex wp-container-core-columns-is-layout-28f84493 wp-block-columns-is-layout-flex\">\n<div class=\"wp-block-column is-layout-flow wp-block-column-is-layout-flow\" style=\"flex-basis:25%\"><\/div>\n\n\n\n<div class=\"wp-block-column is-layout-flow wp-block-column-is-layout-flow\" style=\"flex-basis:50%\">\n<figure class=\"wp-block-video\"><video height=\"1080\" style=\"aspect-ratio: 1920 \/ 1080;\" width=\"1920\" autoplay=\"\" controls=\"\" loop=\"\" poster=\"https:\/\/obera.fr\/wp-content\/uploads\/2025\/05\/capture-decran-2025-05-13-093822.png\" src=\"https:\/\/obera.fr\/wp-content\/uploads\/2025\/05\/testez-de-1-a-3-mois-deductibles-du-prix-dacquisition.mp4\"><\/video><\/figure>\n<\/div>\n\n\n\n<div class=\"wp-block-column is-layout-flow wp-block-column-is-layout-flow\" style=\"flex-basis:25%\"><\/div>\n<\/div>\n\n<p><\/p>\n\n<h2 class=\"wp-block-heading\">N\u00e1\u0161 z\u00e1vazek ke spokojenosti z\u00e1kazn\u00edk\u016f<\/h2>\n\n<p>Spokojenost z\u00e1kazn\u00edk\u016f je na\u0161\u00ed nejvy\u0161\u0161\u00ed prioritou. Sna\u017e\u00edme se poskytovat v\u00fdjime\u010dn\u00fd z\u00e1kaznick\u00fd servis na ka\u017ed\u00e9m kroku. N\u00e1\u0161 vysoce kvalifikovan\u00fd technick\u00fd\/SAV t\u00fdm je v\u00e1m k dispozici, aby zodpov\u011bd\u011bl v\u0161echny va\u0161e dotazy, poradil v\u00e1m s v\u00fdb\u011brem \u0159e\u0161en\u00ed, kter\u00e9 nejl\u00e9pe vyhovuje va\u0161im pot\u0159eb\u00e1m, a poskytoval pr\u016fb\u011b\u017enou podporu, aby zajistil spr\u00e1vn\u00e9 fungov\u00e1n\u00ed na\u0161ich produkt\u016f.  <\/p>\n\n<p>A\u0165 u\u017e jste pr\u016fmyslov\u00fd podnik, kter\u00fd se star\u00e1 o zdrav\u00ed sv\u00fdch zam\u011bstnanc\u016f, nebo logistik, kter\u00fd chce optimalizovat sv\u00e9 pracovn\u00ed prost\u0159ed\u00ed, spole\u010dnost OberA je tu pro v\u00e1s. Objevte na\u0161e odborn\u00e9 znalosti, na\u0161e \u0161pi\u010dkov\u00e1 \u0159e\u0161en\u00ed a n\u00e1\u0161 z\u00e1vazek zlep\u0161ovat kvalitu ovzdu\u0161\u00ed. Spole\u010dn\u011b m\u016f\u017eeme vytvo\u0159it zdrav\u011bj\u0161\u00ed a produktivn\u011bj\u0161\u00ed pracovn\u00ed prost\u0159ed\u00ed.  <\/p>\n\n<p>Kontaktujte n\u00e1s je\u0161t\u011b dnes, abychom prodiskutovali va\u0161e konkr\u00e9tn\u00ed po\u017eadavky a zjistili, jak m\u016f\u017ee spole\u010dnost OberA zlep\u0161it kvalitu ovzdu\u0161\u00ed ve va\u0161\u00ed firm\u011b.<\/p>\n\n<div class=\"wp-block-buttons is-horizontal is-content-justification-center is-layout-flex wp-container-core-buttons-is-layout-03627597 wp-block-buttons-is-layout-flex\">\n<div class=\"wp-block-button has-custom-width wp-block-button__width-100\"><a class=\"wp-block-button__link wp-element-button\" href=\"https:\/\/obera.fr\/cs\/kontaktujte-nas\/\">Zjist\u011bte v\u00edce<\/a><\/div>\n<\/div>\n\n<div style=\"height:30px\" aria-hidden=\"true\" class=\"wp-block-spacer\"><\/div>\n\n<p>Objevte na\u0161e v\u011brn\u00e9 <a href=\"https:\/\/obera.fr\/cs\/decouvrir\/nasi-zakaznici\/\" data-type=\"page\" data-id=\"743\">z\u00e1kazn\u00edky<\/a>.<\/p>\n\n<p><\/p>\n","protected":false},"excerpt":{"rendered":"<p>N\u00e1\u0161 slogan: &#8222;OberA, z\u00e1ruka kvality ovzdu\u0161\u00ed ve va\u0161\u00ed spole\u010dnosti !&#8220; Spole\u010dnost OberA se s\u00eddlem v Alsasku je odborn\u00edkem na pr\u016fmyslovou \u00fapravu vzduchu. Na\u0161e p\u016fsobnost sah\u00e1 po cel\u00e9 Francii a Evrop\u011b, od n\u00e1vrhu a\u017e po v\u00fdrobu a distribuci. D\u00edky na\u0161im ekologick\u00fdm a \u00fasporn\u00fdm \u0159e\u0161en\u00edm, kter\u00e1 jsou p\u0159izp\u016fsobena va\u0161im pot\u0159eb\u00e1m, m\u016f\u017eete vyu\u017e\u00edvat zdrav\u00e9 pracovn\u00ed prost\u0159ed\u00ed, kter\u00e9 zlep\u0161uje pracovn\u00ed podm\u00ednky a zvy\u0161uje produktivitu va\u0161\u00ed spole\u010dnosti. Na\u0161e posl\u00e1n\u00ed Jako specialista na pr\u016fmyslovou \u00fapravu vzduchu v\u00e1m spole\u010dnost OberA zaru\u010duje zdrav\u00e9 pracovn\u00ed prost\u0159ed\u00ed, optim\u00e1ln\u00ed pracovn\u00ed podm\u00ednky a pom\u00e1h\u00e1 zvy\u0161ovat produktivitu va\u0161\u00ed spole\u010dnosti. V\u00e1\u0161 garant kvality ovzdu\u0161\u00ed Zlep\u0161en\u00ed kvality ovzdu\u0161\u00ed pro lep\u0161\u00ed zdrav\u00ed a produktivitu Ve spole\u010dnosti &#8230; <\/p>\n<p class=\"read-more-container\"><a title=\"Objevte OberA\" class=\"read-more button\" href=\"https:\/\/obera.fr\/cs\/decouvrir\/#more-42584\" aria-label=\"\u010c\u00edst v\u00edce o Objevte OberA\">Lire la suite<\/a><\/p>\n","protected":false},"author":4,"featured_media":84807,"parent":0,"menu_order":0,"comment_status":"closed","ping_status":"closed","template":"","meta":{"_acf_changed":false,"_seopress_robots_primary_cat":"","_seopress_titles_title":"D\u00e9couvrir oberA : La solution compl\u00e8te pour votre entreprise.","_seopress_titles_desc":"En savoir plus sur oberA, notre mission, nos m\u00e9tiers, notre m\u00e9thodologie et nos implantations g\u00e9ographiques.","_seopress_robots_index":"","footnotes":""},"class_list":{"0":"post-42584","1":"page","2":"type-page","3":"status-publish","4":"has-post-thumbnail","6":"no-featured-image-padding","7":"resize-featured-image"},"acf":[],"_links":{"self":[{"href":"https:\/\/obera.fr\/cs\/wp-json\/wp\/v2\/pages\/42584","targetHints":{"allow":["GET"]}}],"collection":[{"href":"https:\/\/obera.fr\/cs\/wp-json\/wp\/v2\/pages"}],"about":[{"href":"https:\/\/obera.fr\/cs\/wp-json\/wp\/v2\/types\/page"}],"author":[{"embeddable":true,"href":"https:\/\/obera.fr\/cs\/wp-json\/wp\/v2\/users\/4"}],"replies":[{"embeddable":true,"href":"https:\/\/obera.fr\/cs\/wp-json\/wp\/v2\/comments?post=42584"}],"version-history":[{"count":10,"href":"https:\/\/obera.fr\/cs\/wp-json\/wp\/v2\/pages\/42584\/revisions"}],"predecessor-version":[{"id":124548,"href":"https:\/\/obera.fr\/cs\/wp-json\/wp\/v2\/pages\/42584\/revisions\/124548"}],"wp:featuredmedia":[{"embeddable":true,"href":"https:\/\/obera.fr\/cs\/wp-json\/wp\/v2\/media\/84807"}],"wp:attachment":[{"href":"https:\/\/obera.fr\/cs\/wp-json\/wp\/v2\/media?parent=42584"}],"curies":[{"name":"wp","href":"https:\/\/api.w.org\/{rel}","templated":true}]}}