{"id":44426,"date":"2021-03-09T13:26:35","date_gmt":"2021-03-09T11:26:35","guid":{"rendered":"https:\/\/obera.fr\/360-saci-stul\/"},"modified":"2025-06-30T10:10:19","modified_gmt":"2025-06-30T08:10:19","slug":"table-rotative-360","status":"publish","type":"page","link":"https:\/\/obera.fr\/cs\/produits\/tables-aspirantes\/table-rotative-360\/","title":{"rendered":"360\u00b0 sac\u00ed st\u016fl"},"content":{"rendered":"\n\n<h2 class=\"wp-block-heading\" id=\"table-d-extraction-rotative\">Rota\u010dn\u00ed ods\u00e1vac\u00ed st\u016fl<\/h2>\n\n<div class=\"wp-block-columns is-layout-flex wp-container-core-columns-is-layout-28f84493 wp-block-columns-is-layout-flex\">\n<div class=\"wp-block-column is-layout-flow wp-block-column-is-layout-flow\" style=\"flex-basis:33.33%\">\n<figure class=\"wp-block-image aligncenter size-large\"><img decoding=\"async\" width=\"1024\" height=\"1024\" src=\"https:\/\/obera.fr\/wp-content\/uploads\/2025\/01\/image-table-aspirante-rotative-1024x1024.jpg\" alt=\"obr&#xE1;zek rota&#x10D;n&#xED; sac&#xED; st&#x16F;l\" class=\"wp-image-57698\" srcset=\"https:\/\/obera.fr\/wp-content\/uploads\/2025\/01\/image-table-aspirante-rotative-1024x1024.jpg 1024w, https:\/\/obera.fr\/wp-content\/uploads\/2025\/01\/image-table-aspirante-rotative-300x300.jpg 300w, https:\/\/obera.fr\/wp-content\/uploads\/2025\/01\/image-table-aspirante-rotative-150x150.jpg 150w, https:\/\/obera.fr\/wp-content\/uploads\/2025\/01\/image-table-aspirante-rotative-768x768.jpg 768w, https:\/\/obera.fr\/wp-content\/uploads\/2025\/01\/image-table-aspirante-rotative-400x400.jpg 400w, https:\/\/obera.fr\/wp-content\/uploads\/2025\/01\/image-table-aspirante-rotative-600x600.jpg 600w, https:\/\/obera.fr\/wp-content\/uploads\/2025\/01\/image-table-aspirante-rotative.jpg 1200w\" sizes=\"(max-width: 1024px) 100vw, 1024px\" \/><figcaption class=\"wp-element-caption\">\nObr\u00e1zek rota\u010dn\u00edho sac\u00edho stolu<\/figcaption><\/figure>\n<\/div>\n\n\n\n<div class=\"wp-block-column is-layout-flow wp-block-column-is-layout-flow\" style=\"flex-basis:66.66%\">\n<p>Extrak\u010dn\u00ed st\u016fl s \u00fahlem 360\u00b0 je obzvl\u00e1\u0161t\u011b vhodn\u00fd pro mechanick\u00e9 a tepeln\u00e9 separa\u010dn\u00ed procesy. Funkce ot\u00e1\u010den\u00ed stolu kolem vlastn\u00ed osy umo\u017e\u0148uje u\u017eivatel\u016fm \u00fapln\u00fd p\u0159\u00edstup k obrobku a omezuje zdlouhav\u00e9 up\u00edn\u00e1n\u00ed.  <\/p>\n\n\n\n<p>D\u00edky optimalizovan\u00e9mu proud\u011bn\u00ed vzduchu a flexibiln\u00edmu krytu nad pracovn\u00edm prostorem 360\u00b0 ods\u00e1vac\u00ed st\u016fl \u00fa\u010dinn\u011b chr\u00e1n\u00ed zam\u011bstnance p\u0159ed prachem a kou\u0159em.  <\/p>\n\n\n\n<p>Ergonomick\u00e1 konstrukce tohoto stolu umo\u017e\u0148uje v p\u0159\u00edpad\u011b pot\u0159eby nastavit jeho v\u00fd\u0161ku, co\u017e zaru\u010duje bezpe\u010dn\u00e9 a p\u0159\u00edjemn\u00e9 pracovn\u00ed podm\u00ednky.<\/p>\n\n\n\n<div style=\"height:30px\" aria-hidden=\"true\" class=\"wp-block-spacer\"><\/div>\n\n\n\n<div class=\"wp-block-columns is-layout-flex wp-container-core-columns-is-layout-28f84493 wp-block-columns-is-layout-flex\">\n<div class=\"wp-block-column is-layout-flow wp-block-column-is-layout-flow\" style=\"flex-basis:33.33%\">\n<div class=\"wp-block-buttons is-layout-flex wp-block-buttons-is-layout-flex\">\n<div class=\"wp-block-button\"><a class=\"wp-block-button__link wp-element-button\" href=\"https:\/\/obera.fr\/wp-content\/uploads\/2025\/04\/brochure-table-aspirante-rotative-.pdf\">ST\u00c1HNOUT BRO\u017dURU<\/a><\/div>\n<\/div>\n<\/div>\n\n\n\n<div class=\"wp-block-column is-layout-flow wp-block-column-is-layout-flow\" style=\"flex-basis:33.34%\">\n<div class=\"wp-block-buttons is-horizontal is-content-justification-center is-layout-flex wp-container-core-buttons-is-layout-03627597 wp-block-buttons-is-layout-flex\">\n<div class=\"wp-block-button has-custom-width wp-block-button__width-100\"><a class=\"wp-block-button__link wp-element-button\" href=\"https:\/\/obera.fr\/cs\/kontaktujte-nas\/\">Zjist\u011bte v\u00edce<\/a><\/div>\n<\/div>\n<\/div>\n\n\n\n<div class=\"wp-block-column is-layout-flow wp-block-column-is-layout-flow\" style=\"flex-basis:33.34%\">\n<div class=\"wp-block-buttons is-content-justification-center is-layout-flex wp-container-core-buttons-is-layout-a89b3969 wp-block-buttons-is-layout-flex\">\n<div class=\"wp-block-button btn-devis-source\"><a class=\"wp-block-button__link wp-element-button\" href=\"https:\/\/obera.fr\/cs\/devis\/\">Po\u017e\u00e1dat o cenovou nab\u00eddku<\/a><\/div>\n<\/div>\n\n\n<script>\r\ndocument.addEventListener('DOMContentLoaded', function() {\r\n    \/\/ 1. On cherche le titre H1 de la page\r\n    var h1 = document.querySelector('h1');\r\n    var productTitle = h1 ? h1.innerText.trim() : \"\";\r\n\r\n    \/\/ 2. On cherche les boutons via la classe CSS .btn-devis-source\r\n    var buttons = document.querySelectorAll('.btn-devis-source a');\r\n\r\n    \/\/ 3. Si on a le titre et les boutons, on ajoute le param\u00e8tre\r\n    if (buttons.length > 0 && productTitle !== \"\") {\r\n        var encodedTitle = encodeURIComponent(productTitle);\r\n\r\n        buttons.forEach(function(btn) {\r\n            var currentHref = btn.getAttribute('href');\r\n            \r\n            \/\/ S\u00e9curit\u00e9 pour ne pas ajouter le param\u00e8tre 2 fois\r\n            if (currentHref.indexOf('sujet=') === -1) {\r\n                var separator = currentHref.indexOf('?') !== -1 ? '&' : '?';\r\n                var newLink = currentHref + separator + 'sujet=' + encodedTitle;\r\n                \r\n                btn.setAttribute('href', newLink);\r\n            }\r\n        });\r\n    }\r\n});\r\n<\/script><\/div>\n<\/div>\n<\/div>\n<\/div>\n\n<p><\/p>\n\n<div class=\"wp-block-columns is-layout-flex wp-container-core-columns-is-layout-28f84493 wp-block-columns-is-layout-flex\">\n<div class=\"wp-block-column is-layout-flow wp-block-column-is-layout-flow\">\n<h3 class=\"wp-block-heading has-text-align-center\" id=\"avantages\">BENEFITY<\/h3>\n\n\n\n<ul class=\"wp-block-list\">\n<li>Vy\u0161\u0161\u00ed efektivita p\u0159i obr\u00e1b\u011bn\u00ed d\u00edl\u016f<\/li>\n\n\n\n<li>\u00daspora \u010dasu  <\/li>\n\n\n\n<li>Vysok\u00e1 ergonomie<\/li>\n\n\n\n<li>Sn\u00ed\u017een\u00ed zne\u010di\u0161t\u011bn\u00ed na pracovi\u0161ti<\/li>\n\n\n\n<li>Optimalizovan\u00e1 bezpe\u010dnost pr\u00e1ce<\/li>\n<\/ul>\n<\/div>\n\n\n\n<div class=\"wp-block-column is-layout-flow wp-block-column-is-layout-flow\">\n<h3 class=\"wp-block-heading has-text-align-center\" id=\"particularites\">Speci\u00e1ln\u00ed funkce<\/h3>\n\n\n\n<ul class=\"wp-block-list\">\n<li>Skl\u00e1dac\u00ed bo\u010dn\u00ed panel (bez krytu)<\/li>\n\n\n\n<li>M\u00edstnost p\u0159\u00edstupn\u00e1 ze v\u0161ech stran (a\u017e 360 stup\u0148\u016f)<\/li>\n\n\n\n<li>Maxim\u00e1ln\u00ed \u0161\u00ed\u0159ka m\u00edstnosti: 900 mm (s uzav\u0159en\u00fdmi st\u011bnami)<\/li>\n\n\n\n<li>Pot\u0159ebuje p\u0159ibli\u017en\u011b 2500 m3\/h vzduchu<\/li>\n\n\n\n<li>Sac\u00ed tryska v p\u0159edn\u00ed \u010d\u00e1sti<\/li>\n\n\n\n<li>Nastaviteln\u00fd doraz<\/li>\n<\/ul>\n<\/div>\n\n\n\n<div class=\"wp-block-column is-layout-flow wp-block-column-is-layout-flow\">\n<h3 class=\"wp-block-heading has-text-align-center\" id=\"caracteristiques\">funkce<\/h3>\n\n\n\n<ul class=\"wp-block-list\">\n<li>Plynul\u00e9 elektrick\u00e9 nastaven\u00ed v\u00fd\u0161ky (980 a\u017e 1800 mm)<\/li>\n\n\n\n<li>Kovov\u00e1 m\u0159\u00ed\u017eka nebo sv\u011br\u00e1k<\/li>\n\n\n\n<li>Magnetick\u00e9 ochrann\u00e9 \u010delisti<\/li>\n\n\n\n<li>Osv\u011btlen\u00ed<\/li>\n\n\n\n<li>Individu\u00e1ln\u00ed platforma<\/li>\n\n\n\n<li>V souladu s ATEX  <\/li>\n<\/ul>\n\n\n\n<p><\/p>\n<\/div>\n<\/div>\n\n<div class=\"wp-block-buttons is-content-justification-center is-layout-flex wp-container-core-buttons-is-layout-a89b3969 wp-block-buttons-is-layout-flex\">\n<div class=\"wp-block-button\"><a class=\"wp-block-button__link wp-element-button\" href=\"https:\/\/obera.fr\/wp-content\/uploads\/2024\/02\/brochure-table-aspirante-rotative-.pdf\">St\u00e1hn\u011bte si dokumentaci<\/a><\/div>\n<\/div>\n\n<h3 class=\"wp-block-heading\" id=\"quels-polluants-traiter-sur-notre-table-aspirante\">Jak\u00e9 zne\u010di\u0161\u0165uj\u00edc\u00ed l\u00e1tky by m\u011bly b\u00fdt zpracov\u00e1v\u00e1ny na na\u0161em ods\u00e1vac\u00edm stole?<\/h3>\n\n<p>N\u00e1\u0161 360\u00b0 <a href=\"https:\/\/obera.fr\/cs\/produits\/tables-aspirantes\/\">sac\u00ed st\u016fl<\/a> si porad\u00ed se \u0161irokou \u0161k\u00e1lou zne\u010di\u0161\u0165uj\u00edc\u00edch l\u00e1tek, ide\u00e1ln\u011b s t\u011b\u017ek\u00fdmi zne\u010di\u0161\u0165uj\u00edc\u00edmi l\u00e1tkami, kter\u00e9 maj\u00ed tendenci se usazovat.  <\/p>\n\n<p>P\u0159\u00edkladem jsou kovov\u00e9 prachy, sv\u00e1\u0159e\u010dsk\u00e9 v\u00fdpary, plastov\u00e9 t\u0159\u00edsky, miner\u00e1ln\u00ed prachy, betonov\u00e9 prachy, v\u00fdpary a kompozitn\u00ed materi\u00e1ly.<\/p>\n\n<h2 class=\"wp-block-heading\" id=\"a-quelles-utilisations-convient-elle\">Jak\u00e9 je jeho vyu\u017eit\u00ed?<\/h2>\n\n<p>Tyto zne\u010di\u0161\u0165uj\u00edc\u00ed l\u00e1tky vznikaj\u00ed p\u0159ev\u00e1\u017en\u011b p\u0159i procesech, jako je sva\u0159ov\u00e1n\u00ed, p\u00e1jen\u00ed, \u0159ez\u00e1n\u00ed, brou\u0161en\u00ed, le\u0161t\u011bn\u00ed, obr\u00e1b\u011bn\u00ed, fr\u00e9zov\u00e1n\u00ed a odd\u011blov\u00e1n\u00ed materi\u00e1lu. Tyto procesy prob\u00edhaj\u00ed v pr\u016fmyslov\u00fdch odv\u011btv\u00edch, jako je metalurgie, v\u00fdroba plast\u016f, d\u0159evozpracuj\u00edc\u00ed pr\u016fmysl, textiln\u00ed pr\u016fmysl, v\u00fdroba nerostn\u00fdch surovin, chemick\u00fd\/petrochemick\u00fd pr\u016fmysl a v\u00fdroba pap\u00edru a lepenky.<\/p>\n\n<div class=\"wp-block-columns is-layout-flex wp-container-core-columns-is-layout-28f84493 wp-block-columns-is-layout-flex\">\n<div class=\"wp-block-column is-layout-flow wp-block-column-is-layout-flow\">\n<h3 class=\"wp-block-heading has-text-align-center\" id=\"polluants\">POLUTANTY<\/h3>\n\n\n\n<div class=\"wp-block-columns is-layout-flex wp-container-core-columns-is-layout-28f84493 wp-block-columns-is-layout-flex\">\n<div class=\"wp-block-column is-layout-flow wp-block-column-is-layout-flow\">\n<figure class=\"wp-block-image aligncenter size-large\"><img decoding=\"async\" width=\"70\" height=\"70\" src=\"https:\/\/obera.fr\/wp-content\/uploads\/2021\/03\/polluants-poussieres-1.jpg\" alt=\"prachov&#xE9; zne&#x10D;i&#x161;&#x165;uj&#xED;c&#xED; l&#xE1;tky 1\" class=\"wp-image-4969\"\/><figcaption class=\"wp-element-caption\">Prach<\/figcaption><\/figure>\n\n\n\n<figure class=\"wp-block-image aligncenter size-large\"><img decoding=\"async\" width=\"70\" height=\"70\" src=\"https:\/\/obera.fr\/wp-content\/uploads\/2021\/03\/industrie-fumees.jpg\" alt=\"pr&#x16F;myslov&#xE9; v&#xFD;pary\" class=\"wp-image-4971\"\/><figcaption class=\"wp-element-caption\">V\u00fdpary<\/figcaption><\/figure>\n\n\n\n<figure class=\"wp-block-image aligncenter size-large\"><img decoding=\"async\" width=\"70\" height=\"70\" src=\"https:\/\/obera.fr\/wp-content\/uploads\/2021\/03\/industrie-brouillard-huile.jpg\" alt=\"pr&#x16F;mysl olejov&#xE9; mlhy\" class=\"wp-image-4973\"\/><figcaption class=\"wp-element-caption\">Olejov\u00e1 mlha<\/figcaption><\/figure>\n<\/div>\n\n\n\n<div class=\"wp-block-column is-layout-flow wp-block-column-is-layout-flow\">\n<figure class=\"wp-block-image aligncenter size-large\"><img decoding=\"async\" width=\"70\" height=\"70\" src=\"https:\/\/obera.fr\/wp-content\/uploads\/2021\/03\/polluants-copeaux-bois.jpg\" alt=\"zne&#x10D;i&#x161;&#x165;uj&#xED;c&#xED; l&#xE1;tky z d&#x159;evn&#xED; &#x161;t&#x11B;pky\" class=\"wp-image-4970\"\/><figcaption class=\"wp-element-caption\">Chipsy<\/figcaption><\/figure>\n\n\n\n<figure class=\"wp-block-image aligncenter size-large\"><img decoding=\"async\" width=\"70\" height=\"70\" src=\"https:\/\/obera.fr\/wp-content\/uploads\/2021\/03\/industrie-odeur-2.jpg\" alt=\"pr&#x16F;mysl z&#xE1;pachu 2\" class=\"wp-image-4972\"\/><figcaption class=\"wp-element-caption\">Z\u00e1pachy<\/figcaption><\/figure>\n\n\n\n<figure class=\"wp-block-image aligncenter size-large\"><img decoding=\"async\" width=\"70\" height=\"70\" src=\"https:\/\/obera.fr\/wp-content\/uploads\/2021\/03\/cov.jpg\" alt=\"cov\" class=\"wp-image-4974\"\/><figcaption class=\"wp-element-caption\">VOCS<\/figcaption><\/figure>\n<\/div>\n<\/div>\n<\/div>\n\n\n\n<div class=\"wp-block-column is-layout-flow wp-block-column-is-layout-flow\">\n<h3 class=\"wp-block-heading has-text-align-center\" id=\"industries\">pr\u016fmyslov\u00e1 odv\u011btv\u00ed<\/h3>\n\n\n\n<div class=\"wp-block-columns is-layout-flex wp-container-core-columns-is-layout-28f84493 wp-block-columns-is-layout-flex\">\n<div class=\"wp-block-column is-layout-flow wp-block-column-is-layout-flow\">\n<figure class=\"wp-block-image aligncenter size-large\"><img decoding=\"async\" width=\"70\" height=\"70\" src=\"https:\/\/obera.fr\/wp-content\/uploads\/2021\/03\/industrie-metallurgie-1.jpg\" alt=\"hutnick&#xFD; pr&#x16F;mysl 1\" class=\"wp-image-4975\"\/><figcaption class=\"wp-element-caption\">Hutnictv\u00ed<\/figcaption><\/figure>\n\n\n\n<figure class=\"wp-block-image aligncenter size-large\"><img decoding=\"async\" width=\"70\" height=\"70\" src=\"https:\/\/obera.fr\/wp-content\/uploads\/2021\/03\/industrie-plastique.jpg\" alt=\"plastik&#xE1;&#x159;sk&#xFD; pr&#x16F;mysl\" class=\"wp-image-4976\"\/><figcaption class=\"wp-element-caption\">Plasty<\/figcaption><\/figure>\n\n\n\n<figure class=\"wp-block-image aligncenter size-large\"><img decoding=\"async\" width=\"70\" height=\"70\" src=\"https:\/\/obera.fr\/wp-content\/uploads\/2021\/03\/industrie-minerai.jpg\" alt=\"nerostn&#xFD; pr&#x16F;mysl\" class=\"wp-image-4977\"\/><figcaption class=\"wp-element-caption\">Miner\u00e1ly<\/figcaption><\/figure>\n\n\n\n<figure class=\"wp-block-image aligncenter size-large\"><img decoding=\"async\" width=\"70\" height=\"70\" src=\"https:\/\/obera.fr\/wp-content\/uploads\/2021\/03\/industrie-dechets.jpg\" alt=\"odpadov&#xFD; pr&#x16F;mysl\" class=\"wp-image-4978\"\/><figcaption class=\"wp-element-caption\">Sb\u011br a t\u0159\u00edd\u011bn\u00ed odpadu<\/figcaption><\/figure>\n<\/div>\n\n\n\n<div class=\"wp-block-column is-layout-flow wp-block-column-is-layout-flow\">\n<figure class=\"wp-block-image aligncenter size-large\"><img decoding=\"async\" width=\"70\" height=\"70\" src=\"https:\/\/obera.fr\/wp-content\/uploads\/2021\/03\/industrie-bois.jpg\" alt=\"d&#x159;evozpracuj&#xED;c&#xED; pr&#x16F;mysl\" class=\"wp-image-4979\"\/><figcaption class=\"wp-element-caption\">Obr\u00e1b\u011bn\u00ed d\u0159eva<\/figcaption><\/figure>\n\n\n\n<figure class=\"wp-block-image aligncenter size-large\"><img decoding=\"async\" width=\"70\" height=\"70\" src=\"https:\/\/obera.fr\/wp-content\/uploads\/2021\/03\/industrie-textile.jpg\" alt=\"textiln&#xED; pr&#x16F;mysl\" class=\"wp-image-4980\"\/><figcaption class=\"wp-element-caption\">Textil<\/figcaption><\/figure>\n\n\n\n<figure class=\"wp-block-image aligncenter size-large\"><img decoding=\"async\" width=\"70\" height=\"70\" src=\"https:\/\/obera.fr\/wp-content\/uploads\/2021\/03\/industrie-chimie-1.jpg\" alt=\"chemick&#xFD; pr&#x16F;mysl 1\" class=\"wp-image-4981\"\/><figcaption class=\"wp-element-caption\">Chemik\u00e1lie\/Petrochemik\u00e1lie<\/figcaption><\/figure>\n\n\n\n<figure class=\"wp-block-image aligncenter size-large\"><img decoding=\"async\" width=\"70\" height=\"70\" src=\"https:\/\/obera.fr\/wp-content\/uploads\/2021\/03\/industrie-papier-carton.jpg\" alt=\"pap&#xED;rensk&#xFD; a karton&#xE1;&#x17E;n&#xED; pr&#x16F;mysl\" class=\"wp-image-4982\"\/><figcaption class=\"wp-element-caption\">Pap\u00edr\/karton<\/figcaption><\/figure>\n\n\n\n<p><\/p>\n<\/div>\n<\/div>\n\n\n\n<p><\/p>\n<\/div>\n<\/div>\n\n<h2 class=\"wp-block-heading\" id=\"les-autres-produits-de-captation-et-d-aspiration-obera\">Ostatn\u00ed sac\u00ed stoly OberA<\/h2>\n\n<div class=\"wp-block-columns is-layout-flex wp-container-core-columns-is-layout-28f84493 wp-block-columns-is-layout-flex\">\n<div class=\"wp-block-column is-layout-flow wp-block-column-is-layout-flow\">\n<figure class=\"wp-block-image aligncenter size-medium is-resized\"><a href=\"https:\/\/obera.fr\/produits\/tables-aspirantes\/table-aspirante-a-at\/\"><img decoding=\"async\" width=\"300\" height=\"300\" src=\"https:\/\/obera.fr\/wp-content\/uploads\/2020\/10\/table-SF-300x300.png\" alt=\"Sac&#xED; stoly\" class=\"wp-image-1179\" style=\"width:auto;height:150px\" srcset=\"https:\/\/obera.fr\/wp-content\/uploads\/2020\/10\/table-SF-300x300.png 300w, https:\/\/obera.fr\/wp-content\/uploads\/2020\/10\/table-SF-150x150.png 150w, https:\/\/obera.fr\/wp-content\/uploads\/2020\/10\/table-SF.png 433w\" sizes=\"(max-width: 300px) 100vw, 300px\" \/><\/a><figcaption class=\"wp-element-caption\">Sac\u00ed st\u016fl A &amp; AT<\/figcaption><\/figure>\n<\/div>\n\n\n\n<div class=\"wp-block-column is-layout-flow wp-block-column-is-layout-flow\">\n<figure class=\"wp-block-image aligncenter size-full\"><a href=\"https:\/\/obera.fr\/produits\/tables-aspirantes\/table-autonome\/\"><img decoding=\"async\" width=\"150\" height=\"150\" src=\"https:\/\/obera.fr\/wp-content\/uploads\/2022\/06\/Sans-titre-2022-06-07T101130.850.png\" alt=\"Samostatn&#xE9; sac&#xED; stoly\" class=\"wp-image-13083\"\/><\/a><figcaption class=\"wp-element-caption\">Samostatn\u00fd sac\u00ed st\u016fl<\/figcaption><\/figure>\n<\/div>\n\n\n\n<div class=\"wp-block-column is-layout-flow wp-block-column-is-layout-flow\">\n<figure class=\"wp-block-image aligncenter size-medium is-resized\"><img decoding=\"async\" width=\"300\" height=\"300\" src=\"https:\/\/obera.fr\/wp-content\/uploads\/2024\/05\/epurbox-tsp-300x300.png\" alt=\"epurbox tsp\" class=\"wp-image-30348\" style=\"width:auto;height:150px\" srcset=\"https:\/\/obera.fr\/wp-content\/uploads\/2024\/05\/epurbox-tsp-300x300.png 300w, https:\/\/obera.fr\/wp-content\/uploads\/2024\/05\/epurbox-tsp-1024x1024.png 1024w, https:\/\/obera.fr\/wp-content\/uploads\/2024\/05\/epurbox-tsp-150x150.png 150w, https:\/\/obera.fr\/wp-content\/uploads\/2024\/05\/epurbox-tsp-768x768.png 768w, https:\/\/obera.fr\/wp-content\/uploads\/2024\/05\/epurbox-tsp.png 1200w\" sizes=\"(max-width: 300px) 100vw, 300px\" \/><figcaption class=\"wp-element-caption\">ePURBOX Atex<\/figcaption><\/figure>\n<\/div>\n<\/div>\n","protected":false},"excerpt":{"rendered":"<p>Rota\u010dn\u00ed ods\u00e1vac\u00ed st\u016fl Extrak\u010dn\u00ed st\u016fl s \u00fahlem 360\u00b0 je obzvl\u00e1\u0161t\u011b vhodn\u00fd pro mechanick\u00e9 a tepeln\u00e9 separa\u010dn\u00ed procesy. Funkce ot\u00e1\u010den\u00ed stolu kolem vlastn\u00ed osy umo\u017e\u0148uje u\u017eivatel\u016fm \u00fapln\u00fd p\u0159\u00edstup k obrobku a omezuje zdlouhav\u00e9 up\u00edn\u00e1n\u00ed. D\u00edky optimalizovan\u00e9mu proud\u011bn\u00ed vzduchu a flexibiln\u00edmu krytu nad pracovn\u00edm prostorem 360\u00b0 ods\u00e1vac\u00ed st\u016fl \u00fa\u010dinn\u011b chr\u00e1n\u00ed zam\u011bstnance p\u0159ed prachem a kou\u0159em. Ergonomick\u00e1 konstrukce tohoto stolu umo\u017e\u0148uje v p\u0159\u00edpad\u011b pot\u0159eby nastavit jeho v\u00fd\u0161ku, co\u017e zaru\u010duje bezpe\u010dn\u00e9 a p\u0159\u00edjemn\u00e9 pracovn\u00ed podm\u00ednky. BENEFITY Speci\u00e1ln\u00ed funkce funkce Jak\u00e9 zne\u010di\u0161\u0165uj\u00edc\u00ed l\u00e1tky by m\u011bly b\u00fdt zpracov\u00e1v\u00e1ny na na\u0161em ods\u00e1vac\u00edm stole? N\u00e1\u0161 360\u00b0 sac\u00ed st\u016fl si porad\u00ed se \u0161irokou \u0161k\u00e1lou zne\u010di\u0161\u0165uj\u00edc\u00edch l\u00e1tek, ide\u00e1ln\u011b s t\u011b\u017ek\u00fdmi &#8230; <\/p>\n<p class=\"read-more-container\"><a title=\"360\u00b0 sac\u00ed st\u016fl\" class=\"read-more button\" href=\"https:\/\/obera.fr\/cs\/produits\/tables-aspirantes\/table-rotative-360\/#more-44426\" aria-label=\"\u010c\u00edst v\u00edce o 360\u00b0 sac\u00ed st\u016fl\">Lire la suite<\/a><\/p>\n","protected":false},"author":4,"featured_media":83734,"parent":44543,"menu_order":0,"comment_status":"closed","ping_status":"closed","template":"","meta":{"_acf_changed":false,"_seopress_robots_primary_cat":"","_seopress_titles_title":"oberA 360\u00b0 sac\u00ed st\u016fl nebo rota\u010dn\u00ed ods\u00e1vac\u00ed st\u016fl","_seopress_titles_desc":"Extrak\u010dn\u00ed st\u016fl s \u00fahlem 360\u00b0 je obzvl\u00e1\u0161t\u011b vhodn\u00fd pro mechanick\u00e9 a tepeln\u00e9 separa\u010dn\u00ed procesy. Poskytuje \u00fa\u010dinnou ochranu zam\u011bstnanc\u016f.","_seopress_robots_index":"","footnotes":""},"class_list":{"0":"post-44426","1":"page","2":"type-page","3":"status-publish","4":"has-post-thumbnail","6":"no-featured-image-padding","7":"resize-featured-image"},"acf":[],"_links":{"self":[{"href":"https:\/\/obera.fr\/cs\/wp-json\/wp\/v2\/pages\/44426","targetHints":{"allow":["GET"]}}],"collection":[{"href":"https:\/\/obera.fr\/cs\/wp-json\/wp\/v2\/pages"}],"about":[{"href":"https:\/\/obera.fr\/cs\/wp-json\/wp\/v2\/types\/page"}],"author":[{"embeddable":true,"href":"https:\/\/obera.fr\/cs\/wp-json\/wp\/v2\/users\/4"}],"replies":[{"embeddable":true,"href":"https:\/\/obera.fr\/cs\/wp-json\/wp\/v2\/comments?post=44426"}],"version-history":[{"count":10,"href":"https:\/\/obera.fr\/cs\/wp-json\/wp\/v2\/pages\/44426\/revisions"}],"predecessor-version":[{"id":117785,"href":"https:\/\/obera.fr\/cs\/wp-json\/wp\/v2\/pages\/44426\/revisions\/117785"}],"up":[{"embeddable":true,"href":"https:\/\/obera.fr\/cs\/wp-json\/wp\/v2\/pages\/44543"}],"wp:featuredmedia":[{"embeddable":true,"href":"https:\/\/obera.fr\/cs\/wp-json\/wp\/v2\/media\/83734"}],"wp:attachment":[{"href":"https:\/\/obera.fr\/cs\/wp-json\/wp\/v2\/media?parent=44426"}],"curies":[{"name":"wp","href":"https:\/\/api.w.org\/{rel}","templated":true}]}}