{"id":45165,"date":"2024-04-05T22:55:29","date_gmt":"2024-04-05T20:55:29","guid":{"rendered":"https:\/\/obera.fr\/prumyslovy-vysavac-w2-xr\/"},"modified":"2024-11-18T14:43:30","modified_gmt":"2024-11-18T12:43:30","slug":"prumyslovy-vysavac-w2-xr","status":"publish","type":"page","link":"https:\/\/obera.fr\/cs\/prumyslovy-vysavac-w2-xr\/","title":{"rendered":"Pr\u016fmyslov\u00fd vysava\u010d W2 XR"},"content":{"rendered":"","protected":false},"excerpt":{"rendered":"","protected":false},"author":4,"featured_media":37343,"parent":0,"menu_order":0,"comment_status":"closed","ping_status":"closed","template":"","meta":{"_acf_changed":false,"_seopress_robots_primary_cat":"","_seopress_titles_title":"Pr\u016fmyslov\u00fd vysava\u010d W2 XR ATEX 22 oberA","_seopress_titles_desc":"Objevte kompaktn\u00ed a vysoce v\u00fdkonnou \u0159adu W2 XR pro vys\u00e1v\u00e1n\u00ed pevn\u00fdch l\u00e1tek a kapalin v nev\u00fdbu\u0161n\u00e9m proveden\u00ed. Toto za\u0159\u00edzen\u00ed si m\u016f\u017eete vyzkou\u0161et s mo\u017enost\u00ed n\u00e1kupu d\u00edky spole\u010dnosti OberA.","_seopress_robots_index":"","footnotes":""},"class_list":{"0":"post-45165","1":"page","2":"type-page","3":"status-publish","4":"has-post-thumbnail","6":"no-featured-image-padding","7":"resize-featured-image"},"acf":[],"_links":{"self":[{"href":"https:\/\/obera.fr\/cs\/wp-json\/wp\/v2\/pages\/45165","targetHints":{"allow":["GET"]}}],"collection":[{"href":"https:\/\/obera.fr\/cs\/wp-json\/wp\/v2\/pages"}],"about":[{"href":"https:\/\/obera.fr\/cs\/wp-json\/wp\/v2\/types\/page"}],"author":[{"embeddable":true,"href":"https:\/\/obera.fr\/cs\/wp-json\/wp\/v2\/users\/4"}],"replies":[{"embeddable":true,"href":"https:\/\/obera.fr\/cs\/wp-json\/wp\/v2\/comments?post=45165"}],"version-history":[{"count":1,"href":"https:\/\/obera.fr\/cs\/wp-json\/wp\/v2\/pages\/45165\/revisions"}],"predecessor-version":[{"id":54256,"href":"https:\/\/obera.fr\/cs\/wp-json\/wp\/v2\/pages\/45165\/revisions\/54256"}],"wp:featuredmedia":[{"embeddable":true,"href":"https:\/\/obera.fr\/cs\/wp-json\/wp\/v2\/media\/37343"}],"wp:attachment":[{"href":"https:\/\/obera.fr\/cs\/wp-json\/wp\/v2\/media?parent=45165"}],"curies":[{"name":"wp","href":"https:\/\/api.w.org\/{rel}","templated":true}]}}