{"id":45170,"date":"2024-04-05T22:55:29","date_gmt":"2024-04-05T20:55:29","guid":{"rendered":"https:\/\/obera.fr\/prumyslovy-vysavac-w2-xr\/"},"modified":"2025-11-15T17:24:11","modified_gmt":"2025-11-15T15:24:11","slug":"w2-xr-atex-22","status":"publish","type":"page","link":"https:\/\/obera.fr\/cs\/produits\/aspirateurs-industriels\/w2-xr-atex-22\/","title":{"rendered":"Pr\u016fmyslov\u00fd vysava\u010d W2 XR"},"content":{"rendered":"\n<p>Objevte pr\u016fmyslov\u00fd vysava\u010d W2 XR pro nev\u00fdbu\u0161n\u00e9 vys\u00e1v\u00e1n\u00ed pevn\u00fdch l\u00e1tek a kapalin. Kompaktn\u00ed, mobiln\u00ed, vysoce v\u00fdkonn\u00e9 za\u0159\u00edzen\u00ed pro sn\u00ed\u017een\u00ed rizika vzn\u00edcen\u00ed a v\u00fdbuchu ve va\u0161ich v\u00fdrobn\u00edch jednotk\u00e1ch.<\/p>\n\n<h2 class=\"wp-block-heading\">Pr\u016fmyslov\u00fd vysava\u010d W2 XR s certifikac\u00ed ATEX z\u00f3na 22: princip a pou\u017eit\u00ed<\/h2>\n\n<div class=\"wp-block-columns is-layout-flex wp-container-core-columns-is-layout-28f84493 wp-block-columns-is-layout-flex\">\n<div class=\"wp-block-column is-layout-flow wp-block-column-is-layout-flow\" style=\"flex-basis:33.33%\">\n<figure class=\"wp-block-image size-full is-resized\"><img decoding=\"async\" width=\"566\" height=\"671\" src=\"https:\/\/obera.fr\/wp-content\/uploads\/2024\/10\/w2-xr-2.png\" alt=\"Pr&#x16F;myslov&#xE9; vysava&#x10D;e\" class=\"wp-image-35431\" style=\"object-fit:cover;width:300px;height:300px\" srcset=\"https:\/\/obera.fr\/wp-content\/uploads\/2024\/10\/w2-xr-2.png 566w, https:\/\/obera.fr\/wp-content\/uploads\/2024\/10\/w2-xr-2-253x300.png 253w\" sizes=\"(max-width: 566px) 100vw, 566px\" \/><\/figure>\n<\/div>\n\n\n\n<div class=\"wp-block-column is-layout-flow wp-block-column-is-layout-flow\" style=\"flex-basis:66.66%\">\n<p><strong>Pr\u016fmyslov\u00fd vysava\u010d W2 XR pro mokr\u00e9 a such\u00e9 vys\u00e1v\u00e1n\u00ed<\/strong> je ur\u010den k vys\u00e1v\u00e1n\u00ed pevn\u00fdch a kapaln\u00fdch materi\u00e1l\u016f v prost\u0159ed\u00ed s nebezpe\u010d\u00edm v\u00fdbuchu. Jeho konstrukce zabra\u0148uje hromad\u011bn\u00ed statick\u00e9 elekt\u0159iny d\u00edky antistatick\u00e9mu polyesterov\u00e9mu kapsov\u00e9mu filtru (ochrana filtra\u010dn\u00ed jednotky). Pro zabr\u00e1n\u011bn\u00ed p\u0159eh\u0159\u00e1t\u00ed je za\u0159\u00edzen\u00ed vybaveno jednof\u00e1zov\u00fdm bezkart\u00e1\u010dov\u00fdm motorem, kter\u00fd generuje m\u00e9n\u011b tepla a t\u0159en\u00ed ne\u017e kart\u00e1\u010dov\u00fd motor. Konstrukce, kter\u00e1 pln\u011b vyhovuje p\u0159edpis\u016fm ATEX v z\u00f3n\u00e1ch t\u0159\u00eddy 22.<\/p>\n\n\n\n<p>Pro jak\u00e9 \u00fa\u010dely? \u0158ada W2 XR je kalibrov\u00e1na tak, aby minimalizovala rizika ve v\u00fdbu\u0161n\u00e9m prost\u0159ed\u00ed: tov\u00e1rny na v\u00fdrobu chemick\u00fdch produkt\u016f, zpracov\u00e1n\u00ed potravin, v\u00fdrobu d\u0159eva, v\u00fdrobu kov\u016f, v\u00fdrobu energie\u2026 Pr\u016fmyslov\u00fd vysava\u010d W2 XR spl\u0148uje po\u017eadavky v\u0161ech typ\u016f pr\u016fmyslu, kter\u00e9 generuj\u00ed ho\u0159lav\u00fd prach, kter\u00fd je nav\u00edc \u0161kodliv\u00fd pro zdrav\u00ed obsluhy.<\/p>\n\n\n\n<div class=\"wp-block-columns is-layout-flex wp-container-core-columns-is-layout-28f84493 wp-block-columns-is-layout-flex\">\n<div class=\"wp-block-column is-layout-flow wp-block-column-is-layout-flow\">\n<div class=\"wp-block-buttons is-layout-flex wp-block-buttons-is-layout-flex\">\n<div class=\"wp-block-button\"><a class=\"wp-block-button__link wp-element-button\" href=\"https:\/\/obera.fr\/wp-content\/uploads\/2025\/06\/brochure-w2-xr-fr.pdf\">ST\u00c1HNOUT BRO\u017dURU<\/a><\/div>\n<\/div>\n<\/div>\n\n\n\n<div class=\"wp-block-column is-layout-flow wp-block-column-is-layout-flow\">\n<div class=\"wp-block-buttons is-layout-flex wp-block-buttons-is-layout-flex\">\n<div class=\"wp-block-button\"><a class=\"wp-block-button__link wp-element-button\" href=\"https:\/\/obera.fr\/cs\/contact\/\">POT\u0158EBUJETE INDIVIDU\u00c1LN\u00cd RADU?<\/a><\/div>\n<\/div>\n<\/div>\n\n\n\n<div class=\"wp-block-column is-layout-flow wp-block-column-is-layout-flow\">\n<div class=\"wp-block-buttons is-content-justification-center is-layout-flex wp-container-core-buttons-is-layout-a89b3969 wp-block-buttons-is-layout-flex\">\n<div class=\"wp-block-button btn-devis-source\"><a class=\"wp-block-button__link wp-element-button\" href=\"https:\/\/obera.fr\/cs\/devis\/\">Po\u017e\u00e1dat o cenovou nab\u00eddku<\/a><\/div>\n<\/div>\n\n\n<script>\r\ndocument.addEventListener('DOMContentLoaded', function() {\r\n    \/\/ 1. On cherche le titre H1 de la page\r\n    var h1 = document.querySelector('h1');\r\n    var productTitle = h1 ? h1.innerText.trim() : \"\";\r\n\r\n    \/\/ 2. On cherche les boutons via la classe CSS .btn-devis-source\r\n    var buttons = document.querySelectorAll('.btn-devis-source a');\r\n\r\n    \/\/ 3. Si on a le titre et les boutons, on ajoute le param\u00e8tre\r\n    if (buttons.length > 0 && productTitle !== \"\") {\r\n        var encodedTitle = encodeURIComponent(productTitle);\r\n\r\n        buttons.forEach(function(btn) {\r\n            var currentHref = btn.getAttribute('href');\r\n            \r\n            \/\/ S\u00e9curit\u00e9 pour ne pas ajouter le param\u00e8tre 2 fois\r\n            if (currentHref.indexOf('sujet=') === -1) {\r\n                var separator = currentHref.indexOf('?') !== -1 ? '&' : '?';\r\n                var newLink = currentHref + separator + 'sujet=' + encodedTitle;\r\n                \r\n                btn.setAttribute('href', newLink);\r\n            }\r\n        });\r\n    }\r\n});\r\n<\/script><\/div>\n<\/div>\n<\/div>\n<\/div>\n\n<h2 class=\"wp-block-heading\">Jak\u00e9 jsou technick\u00e9 parametry pr\u016fmyslov\u00e9ho vysava\u010de W2 XR?<\/h2>\n\n<p>Pr\u016fmyslov\u00fd vysava\u010d W2 XR produkuje pr\u016ftok vzduchu a\u017e 215 m3\/h a v\u00fdkon 1,1 kW, co\u017e mu d\u00e1v\u00e1 vysokou sac\u00ed kapacitu. Je vybaven syst\u00e9mem oklep\u00e1v\u00e1n\u00ed s vertik\u00e1ln\u00edm posunem pro snadn\u00e9 \u010di\u0161t\u011bn\u00ed a zaru\u010den\u00ed maxim\u00e1ln\u00ed \u017eivotnosti. <a href=\"https:\/\/obera.fr\/cs\/produits\/aspirateurs-industriels\/\" data-type=\"page\" data-id=\"41\">Vysava\u010d<\/a> m\u00e1 40litrovou n\u00e1dobu a je vybaven odn\u00edmateln\u00fdm vyprazd\u0148ovac\u00edm syst\u00e9mem pro p\u0159esun n\u00e1doby k m\u00edstu likvidace odpadu. Pro spln\u011bn\u00ed po\u017eadavk\u016f v\u0161ech pr\u016fmyslov\u00fdch odv\u011btv\u00ed jsou sac\u00ed, filtra\u010dn\u00ed a sb\u011brn\u00e9 jednotky vyrobeny z nerezov\u00e9 oceli.<\/p>\n\n<p>Uvnit\u0159 je sac\u00ed jednotka odhlu\u010dn\u011bna a filtra\u010dn\u00ed jednotka je chr\u00e1n\u011bna antistatick\u00fdm polyesterov\u00fdm s\u00e1\u010dkov\u00fdm filtrem. Sac\u00ed syst\u00e9m m\u00e1 vstupn\u00ed otvor o pr\u016fm\u011bru 50 mm um\u00edst\u011bn\u00fd pod filtrem, co\u017e mu umo\u017e\u0148uje nas\u00e1vat prach, pevn\u00e9 l\u00e1tky a kapaliny sou\u010dasn\u011b.<\/p>\n\n<p>Bonus pro profesion\u00e1ly: vysava\u010d se dod\u00e1v\u00e1 s p\u0159\u00edslu\u0161enstv\u00edm, jako je flexibiln\u00ed sac\u00ed hadice, teleskopick\u00e1 ty\u010d, kart\u00e1\u010de a \u0161t\u011brbinov\u00fd n\u00e1stroj.<\/p>\n\n<blockquote class=\"wp-block-quote is-layout-flow wp-block-quote-is-layout-flow\">\n<p>Jak\u00e9 jsou mo\u017enosti? Verze ATEX vysava\u010de W2 XR m\u00e1 \u0159adu mo\u017enost\u00ed, kter\u00e9 vyhovuj\u00ed va\u0161im pot\u0159eb\u00e1m: nomexov\u00fd filtr (\u017e\u00e1ruvzdorn\u00fd do 250 \u00b0C), absolutn\u00ed filtr Hepa H14, ko\u0161 na p\u0159\u00edslu\u0161enstv\u00ed, filtr t\u0159\u00eddy M, teflon M, vod\u011bodoln\u00fd teflon M, antistatick\u00fd filtr t\u0159\u00eddy L a M, n\u00e1doba a filtra\u010dn\u00ed komora z nerezov\u00e9 oceli, uzemn\u011bn\u00ed. Po\u017e\u00e1dejte na\u0161e t\u00fdmy o radu ohledn\u011b nejvhodn\u011bj\u0161\u00edch mo\u017enost\u00ed pro v\u00e1\u0161 obor.<\/p>\n<\/blockquote>\n\n<h3 class=\"wp-block-heading has-text-align-center\">PR\u016eMYSLOV\u00c1 ODV\u011aTV\u00cd<\/h3>\n\n<div class=\"wp-block-columns is-layout-flex wp-container-core-columns-is-layout-28f84493 wp-block-columns-is-layout-flex\">\n<div class=\"wp-block-column is-layout-flow wp-block-column-is-layout-flow\">\n<hr class=\"wp-block-separator has-alpha-channel-opacity\"\/>\n\n\n\n<div class=\"wp-block-columns is-layout-flex wp-container-core-columns-is-layout-28f84493 wp-block-columns-is-layout-flex\">\n<div class=\"wp-block-column is-layout-flow wp-block-column-is-layout-flow\">\n<figure class=\"wp-block-image aligncenter size-thumbnail is-resized\"><img decoding=\"async\" width=\"150\" height=\"150\" src=\"https:\/\/obera.fr\/wp-content\/uploads\/2022\/02\/Textile-150x150.png\" alt=\"textil\" class=\"wp-image-8855\"\/><figcaption class=\"wp-element-caption\">Textil<\/figcaption><\/figure>\n\n\n\n<figure class=\"wp-block-image aligncenter size-thumbnail is-resized\"><img decoding=\"async\" width=\"150\" height=\"150\" src=\"https:\/\/obera.fr\/wp-content\/uploads\/2022\/02\/Plastique-150x150.png\" alt=\"plast\" class=\"wp-image-8854\"\/><figcaption class=\"wp-element-caption\">Plastov\u00e9<\/figcaption><\/figure>\n<\/div>\n\n\n\n<div class=\"wp-block-column is-layout-flow wp-block-column-is-layout-flow\">\n<figure class=\"wp-block-image aligncenter size-thumbnail is-resized\"><img decoding=\"async\" width=\"150\" height=\"150\" src=\"https:\/\/obera.fr\/wp-content\/uploads\/2022\/02\/MINERAIS-150x150.png\" alt=\"rudy\" class=\"wp-image-8847\"\/><figcaption class=\"wp-element-caption\">Miner\u00e1ly<\/figcaption><\/figure>\n\n\n\n<figure class=\"wp-block-image aligncenter size-thumbnail is-resized\"><img decoding=\"async\" width=\"150\" height=\"150\" src=\"https:\/\/obera.fr\/wp-content\/uploads\/2022\/02\/Metalurgie-150x150.png\" alt=\"metalurgie\" class=\"wp-image-8857\"\/><figcaption class=\"wp-element-caption\">Hutnictv\u00ed<\/figcaption><\/figure>\n\n\n\n<figure class=\"wp-block-image aligncenter size-thumbnail is-resized\"><img decoding=\"async\" width=\"150\" height=\"150\" src=\"https:\/\/obera.fr\/wp-content\/uploads\/2023\/02\/sans-titre-2023-02-14t102211.641-150x150.png\" alt=\"Zem&#x11B;d&#x11B;lstv&#xED;\" class=\"wp-image-18828\"\/><figcaption class=\"wp-element-caption\">Zem\u011bd\u011blstv\u00ed<\/figcaption><\/figure>\n<\/div>\n<\/div>\n<\/div>\n\n\n\n<div class=\"wp-block-column is-layout-flow wp-block-column-is-layout-flow\">\n<hr class=\"wp-block-separator has-alpha-channel-opacity\"\/>\n\n\n\n<div class=\"wp-block-columns is-layout-flex wp-container-core-columns-is-layout-28f84493 wp-block-columns-is-layout-flex\">\n<div class=\"wp-block-column is-layout-flow wp-block-column-is-layout-flow\">\n<figure class=\"wp-block-image aligncenter size-thumbnail is-resized\"><img decoding=\"async\" width=\"150\" height=\"150\" src=\"https:\/\/obera.fr\/wp-content\/uploads\/2022\/02\/Chimie-150x150.png\" alt=\"chemie\" class=\"wp-image-8846\"\/><figcaption class=\"wp-element-caption\">Chemie<\/figcaption><\/figure>\n\n\n\n<figure class=\"wp-block-image aligncenter size-thumbnail is-resized\"><img decoding=\"async\" width=\"150\" height=\"150\" src=\"https:\/\/obera.fr\/wp-content\/uploads\/2022\/02\/Travail-du-bois-150x150.png\" alt=\"obr&#xE1;b&#x11B;n&#xED; d&#x159;eva\" class=\"wp-image-8856\"\/><figcaption class=\"wp-element-caption\">Obr\u00e1b\u011bn\u00ed d\u0159eva<\/figcaption><\/figure>\n\n\n\n<figure class=\"wp-block-image aligncenter size-thumbnail is-resized\"><img decoding=\"async\" width=\"150\" height=\"150\" src=\"https:\/\/obera.fr\/wp-content\/uploads\/2023\/02\/sans-titre-2023-02-14t101920.185-150x150.png\" alt=\"Letectv&#xED;\" class=\"wp-image-18831\"\/><figcaption class=\"wp-element-caption\">Letectv\u00ed<\/figcaption><\/figure>\n<\/div>\n\n\n\n<div class=\"wp-block-column is-layout-flow wp-block-column-is-layout-flow\">\n<figure class=\"wp-block-image aligncenter size-thumbnail is-resized\"><img decoding=\"async\" width=\"150\" height=\"150\" src=\"https:\/\/obera.fr\/wp-content\/uploads\/2022\/02\/AGROALIMENTAIRE-150x150.png\" alt=\"zem&#x11B;d&#x11B;lsko-potravin&#xE1;&#x159;sk&#xFD;\" class=\"wp-image-8844\"\/><figcaption class=\"wp-element-caption\">Potravin\u00e1\u0159sk\u00fd pr\u016fmysl<\/figcaption><\/figure>\n\n\n\n<figure class=\"wp-block-image aligncenter size-thumbnail is-resized\"><img decoding=\"async\" width=\"150\" height=\"150\" src=\"https:\/\/obera.fr\/wp-content\/uploads\/2022\/02\/Papier-carton-150x150.png\" alt=\"pap&#xED;r a lepenka\" class=\"wp-image-8853\"\/><figcaption class=\"wp-element-caption\">Pap\u00edr\/karton<\/figcaption><\/figure>\n\n\n\n<figure class=\"wp-block-image aligncenter size-thumbnail is-resized\"><img decoding=\"async\" width=\"150\" height=\"150\" src=\"https:\/\/obera.fr\/wp-content\/uploads\/2023\/02\/sans-titre-2023-02-14t101712.416-150x150.png\" alt=\"Automobilov&#xFD; pr&#x16F;mysl\" class=\"wp-image-18834\"\/><figcaption class=\"wp-element-caption\">Automobilov\u00fd pr\u016fmysl<\/figcaption><\/figure>\n<\/div>\n<\/div>\n<\/div>\n<\/div>\n\n<table id=\"tablepress-198\" class=\"tablepress tablepress-id-198\">\n<tbody class=\"row-striping row-hover\">\n<tr class=\"row-1\">\n\t<td class=\"column-1\">Zones ATEX<\/td><td class=\"column-2\"><\/td><td class=\"column-3\">22<\/td>\n<\/tr>\n<tr class=\"row-2\">\n\t<td class=\"column-1\">Marquage<\/td><td class=\"column-2\"><\/td><td class=\"column-3\">EX II 3D Ex tc IIIB T135\u00b0C X Dc<\/td>\n<\/tr>\n<tr class=\"row-3\">\n\t<td class=\"column-1\">Tension<\/td><td class=\"column-2\">V-HZ<\/td><td class=\"column-3\">230<\/td>\n<\/tr>\n<tr class=\"row-4\">\n\t<td class=\"column-1\">Puissance<\/td><td class=\"column-2\">kW<\/td><td class=\"column-3\">1.1<\/td>\n<\/tr>\n<tr class=\"row-5\">\n\t<td class=\"column-1\">Protection \u00e9lectrique<\/td><td class=\"column-2\">IP<\/td><td class=\"column-3\">55<\/td>\n<\/tr>\n<tr class=\"row-6\">\n\t<td class=\"column-1\">D\u00e9pression maximum<\/td><td class=\"column-2\">Pa<\/td><td class=\"column-3\">2.250 Pa<\/td>\n<\/tr>\n<tr class=\"row-7\">\n\t<td class=\"column-1\">D\u00e9bit d\u2019air max<\/td><td class=\"column-2\">m3\/h<\/td><td class=\"column-3\">215<\/td>\n<\/tr>\n<tr class=\"row-8\">\n\t<td class=\"column-1\">Diam\u00e8tre embouchure<\/td><td class=\"column-2\">mm<\/td><td class=\"column-3\">50<\/td>\n<\/tr>\n<tr class=\"row-9\">\n\t<td class=\"column-1\">Type de filtre<\/td><td class=\"column-2\"><\/td><td class=\"column-3\">\u00c0 poches en \u00e9toile<\/td>\n<\/tr>\n<tr class=\"row-10\">\n\t<td class=\"column-1\">Surface<\/td><td class=\"column-2\">cm2<\/td><td class=\"column-3\">20.000<\/td>\n<\/tr>\n<tr class=\"row-11\">\n\t<td class=\"column-1\">Syst\u00e8me de nettoyage<\/td><td class=\"column-2\"><\/td><td class=\"column-3\">Manuel<\/td>\n<\/tr>\n<tr class=\"row-12\">\n\t<td class=\"column-1\">Bac de r\u00e9colte<\/td><td class=\"column-2\"><\/td><td class=\"column-3\">Acier<\/td>\n<\/tr>\n<tr class=\"row-13\">\n\t<td class=\"column-1\">Syst\u00e8me de vidange<\/td><td class=\"column-2\"><\/td><td class=\"column-3\">Bac d\u00e9crochable<\/td>\n<\/tr>\n<tr class=\"row-14\">\n\t<td class=\"column-1\">Capacit\u00e9<\/td><td class=\"column-2\">litre<\/td><td class=\"column-3\">40<\/td>\n<\/tr>\n<tr class=\"row-15\">\n\t<td class=\"column-1\">Dimensions<\/td><td class=\"column-2\">cm<\/td><td class=\"column-3\">55x63x124<\/td>\n<\/tr>\n<\/tbody>\n<\/table>\n\n\n<div class=\"wp-block-buttons is-content-justification-center is-layout-flex wp-container-core-buttons-is-layout-a89b3969 wp-block-buttons-is-layout-flex\">\n<div class=\"wp-block-button\"><a class=\"wp-block-button__link wp-element-button\" href=\"https:\/\/obera.fr\/wp-content\/uploads\/2024\/04\/obera_brochure-w2-xr-fr.pdf\">ST\u00c1HNOUT PRODUKTOV\u00dd LIST<\/a><\/div>\n<\/div>\n\n<h2 class=\"wp-block-heading\">Vysava\u010d W2 XR: v\u00fdhody kompaktn\u00edho vysava\u010de s vysokou filtrac\u00ed<\/h2>\n\n<p>Pr\u016fmyslov\u00fd vysava\u010d W2 XR nab\u00edz\u00ed v\u0161echny v\u00fdhody \u0159ady W2, zejm\u00e9na vysokou mobilitu pro snadn\u00e9 a pohodln\u00e9 pou\u017e\u00edv\u00e1n\u00ed obsluhou. Zvuk pohlcuj\u00edc\u00ed oblo\u017een\u00ed kolem motoru, aby se co nejv\u00edce sn\u00ed\u017eil hluk a pos\u00e1dka nebyla ru\u0161ena.  <\/p>\n\n<p>Jeho v\u0161estrannost je samoz\u0159ejm\u011b pro pr\u016fmysln\u00edky kl\u00ed\u010dov\u00fdm krit\u00e9riem, proto\u017ee jeho mokro-such\u00e1 technologie v kombinaci se spln\u011bn\u00edm po\u017eadavk\u016f ATEX znamen\u00e1, \u017ee si porad\u00ed s prachem, pevn\u00fdmi l\u00e1tkami i kapalinami v nev\u00fdbu\u0161n\u00e9m proveden\u00ed. D\u00edky vestav\u011bn\u00e9mu oklep\u00e1va\u010di filtru, kter\u00fd usnad\u0148uje \u010di\u0161t\u011bn\u00ed, se tak\u00e9 snadno udr\u017euje. Pro okam\u017eit\u00e9 ru\u010dn\u00ed \u010di\u0161t\u011bn\u00ed sta\u010d\u00ed, aby obsluha aktivovala p\u00e1ku oklep\u00e1va\u010de.<\/p>\n\n<p>Hlavn\u00ed v\u00fdhodou \u0159ady W2 XR je certifikace ATEX z\u00f3na 22. S t\u00edmto pr\u016fmyslov\u00fdm vysava\u010dem spln\u00edte sv\u00e9 povinnosti t\u00fdkaj\u00edc\u00ed se dodr\u017eov\u00e1n\u00ed p\u0159edpis\u016f. Pou\u017eit\u00ed vysava\u010de s certifikac\u00ed ATEX v z\u00f3n\u011b 22 je nezbytn\u00e9 pro zaji\u0161t\u011bn\u00ed bezpe\u010dnosti va\u0161ich t\u00fdm\u016f a va\u0161eho majetku.<\/p>\n\n<div class=\"wp-block-columns is-layout-flex wp-container-core-columns-is-layout-28f84493 wp-block-columns-is-layout-flex\">\n<div class=\"wp-block-column is-layout-flow wp-block-column-is-layout-flow\" style=\"flex-basis:33.34%\">\n<h3 class=\"wp-block-heading\">V\u00fdhody :<\/h3>\n\n\n\n<ul class=\"wp-block-list\">\n<li>Kompaktn\u00ed a mobiln\u00ed vysava\u010d;<\/li>\n\n\n\n<li>Sn\u00ed\u017een\u00ed rizika alergi\u00ed a respira\u010dn\u00edch onemocn\u011bn\u00ed;<\/li>\n\n\n\n<li>Spl\u0148uje po\u017eadavky p\u0159edpis\u016f ATEX.<\/li>\n<\/ul>\n<\/div>\n\n\n\n<div class=\"wp-block-column is-layout-flow wp-block-column-is-layout-flow\" style=\"flex-basis:33.34%\">\n<h3 class=\"wp-block-heading\">Speci\u00e1ln\u00ed funkce:<\/h3>\n\n\n\n<ul class=\"wp-block-list\">\n<li>Ods\u00e1v\u00e1n\u00ed \u010d\u00e1stic, pevn\u00fdch l\u00e1tek a kapalin v nev\u00fdbu\u0161n\u00e9m proveden\u00ed podle ATEX z\u00f3na 22.<\/li>\n<\/ul>\n<\/div>\n\n\n\n<div class=\"wp-block-column is-layout-flow wp-block-column-is-layout-flow\" style=\"flex-basis:33.33%\">\n<h3 class=\"wp-block-heading\">Vlastnosti :<\/h3>\n\n\n\n<ul class=\"wp-block-list\">\n<li>Antistatick\u00fd polyesterov\u00fd s\u00e1\u010dkov\u00fd filtr;<\/li>\n\n\n\n<li>Jednof\u00e1zov\u00fd bezkart\u00e1\u010dov\u00fd motor ;<\/li>\n\n\n\n<li>Syst\u00e9m ucp\u00e1v\u00e1n\u00ed s kontrolkou.<\/li>\n<\/ul>\n<\/div>\n<\/div>\n\n<h2 class=\"wp-block-heading\">St\u00e1le pochybujete o \u00fa\u010dinnosti vysava\u010de W2 XR pro v\u00e1\u0161 obor?<\/h2>\n\n<p>Ve spole\u010dnosti OberA v\u00edme, \u017ee m\u00edra rizika v\u00fdbuchu v z\u00f3n\u011b 22 se li\u0161\u00ed podle \u0159ady faktor\u016f: typu prachu, mno\u017estv\u00ed, zdroj\u016f vzn\u00edcen\u00ed atd. Pro p\u0159ijet\u00ed spr\u00e1vn\u00e9ho \u0159e\u0161en\u00ed ods\u00e1v\u00e1n\u00ed provedeme diagnostiku ve va\u0161ich d\u00edln\u00e1ch a nab\u00eddneme v\u00e1m test za\u0159\u00edzen\u00ed s mo\u017enost\u00ed n\u00e1kupu.<\/p>\n\n<div class=\"wp-block-buttons is-content-justification-center is-layout-flex wp-container-core-buttons-is-layout-a89b3969 wp-block-buttons-is-layout-flex\">\n<div class=\"wp-block-button\"><a class=\"wp-block-button__link wp-element-button\" href=\"https:\/\/obera.fr\/cs\/contact\/\">TEST VYSAVA\u010cE W2 XR<\/a><\/div>\n<\/div>\n\n<h2 class=\"wp-block-heading\">Dal\u0161\u00ed pr\u016fmyslov\u00e9 vysava\u010de z t\u00e9to \u0159ady<\/h2>\n\n<div class=\"wp-block-columns is-layout-flex wp-container-core-columns-is-layout-28f84493 wp-block-columns-is-layout-flex\">\n<div class=\"wp-block-column is-layout-flow wp-block-column-is-layout-flow\">\n<figure class=\"wp-block-image aligncenter size-full is-resized\"><a href=\"https:\/\/obera.fr\/cs\/produits\/aspirateurs-industriels\/ventilateurs-aspiration-gamme-eurosog-rg-100-800\/\"><img decoding=\"async\" width=\"600\" height=\"600\" src=\"https:\/\/obera.fr\/wp-content\/uploads\/2024\/04\/obera-ventilateur-aspiration-rg-300-400.jpg\" alt=\"obera sac&#xED; ventil&#xE1;tor rg 300 400\" class=\"wp-image-29437\" style=\"width:349px;height:auto\" srcset=\"https:\/\/obera.fr\/wp-content\/uploads\/2024\/04\/obera-ventilateur-aspiration-rg-300-400.jpg 600w, https:\/\/obera.fr\/wp-content\/uploads\/2024\/04\/obera-ventilateur-aspiration-rg-300-400-300x300.jpg 300w, https:\/\/obera.fr\/wp-content\/uploads\/2024\/04\/obera-ventilateur-aspiration-rg-300-400-150x150.jpg 150w\" sizes=\"(max-width: 600px) 100vw, 600px\" \/><\/a><figcaption class=\"wp-element-caption\">RG 300\/400<\/figcaption><\/figure>\n<\/div>\n\n\n\n<div class=\"wp-block-column is-layout-flow wp-block-column-is-layout-flow\">\n<figure class=\"wp-block-image aligncenter size-full is-resized\"><a href=\"https:\/\/obera.fr\/cs\/produits\/aspirateurs-industriels\/w2-haute-filtration-polyvalence\/\"><img decoding=\"async\" width=\"711\" height=\"622\" src=\"https:\/\/obera.fr\/wp-content\/uploads\/2024\/10\/w2.png\" alt=\"Pr&#x16F;myslov&#xE9; vysava&#x10D;e\" class=\"wp-image-35424\" style=\"object-fit:cover;width:300px;height:300px\" srcset=\"https:\/\/obera.fr\/wp-content\/uploads\/2024\/10\/w2.png 711w, https:\/\/obera.fr\/wp-content\/uploads\/2024\/10\/w2-300x262.png 300w\" sizes=\"(max-width: 711px) 100vw, 711px\" \/><\/a><figcaption class=\"wp-element-caption\">W2<\/figcaption><\/figure>\n<\/div>\n\n\n\n<div class=\"wp-block-column is-layout-flow wp-block-column-is-layout-flow\">\n<figure class=\"wp-block-image aligncenter size-full is-resized\"><a href=\"https:\/\/obera.fr\/cs\/produits\/aspirateurs-industriels\/w3-pour-nettoyage-general\/\"><img decoding=\"async\" width=\"658\" height=\"652\" src=\"https:\/\/obera.fr\/wp-content\/uploads\/2024\/10\/w3.png\" alt=\"w3\" class=\"wp-image-35427\" style=\"object-fit:cover;width:300px;height:300px\" srcset=\"https:\/\/obera.fr\/wp-content\/uploads\/2024\/10\/w3.png 658w, https:\/\/obera.fr\/wp-content\/uploads\/2024\/10\/w3-300x297.png 300w, https:\/\/obera.fr\/wp-content\/uploads\/2024\/10\/w3-150x150.png 150w, https:\/\/obera.fr\/wp-content\/uploads\/2024\/10\/w3-24x24.png 24w, https:\/\/obera.fr\/wp-content\/uploads\/2024\/10\/w3-48x48.png 48w, https:\/\/obera.fr\/wp-content\/uploads\/2024\/10\/w3-96x96.png 96w\" sizes=\"(max-width: 658px) 100vw, 658px\" \/><\/a><figcaption class=\"wp-element-caption\">W3<\/figcaption><\/figure>\n<\/div>\n<\/div>\n","protected":false},"excerpt":{"rendered":"<p>Objevte pr\u016fmyslov\u00fd vysava\u010d W2 XR pro nev\u00fdbu\u0161n\u00e9 vys\u00e1v\u00e1n\u00ed pevn\u00fdch l\u00e1tek a kapalin. Kompaktn\u00ed, mobiln\u00ed, vysoce v\u00fdkonn\u00e9 za\u0159\u00edzen\u00ed pro sn\u00ed\u017een\u00ed rizika vzn\u00edcen\u00ed a v\u00fdbuchu ve va\u0161ich v\u00fdrobn\u00edch jednotk\u00e1ch. Pr\u016fmyslov\u00fd vysava\u010d W2 XR s certifikac\u00ed ATEX z\u00f3na 22: princip a pou\u017eit\u00ed Pr\u016fmyslov\u00fd vysava\u010d W2 XR pro mokr\u00e9 a such\u00e9 vys\u00e1v\u00e1n\u00ed je ur\u010den k vys\u00e1v\u00e1n\u00ed pevn\u00fdch a kapaln\u00fdch materi\u00e1l\u016f v prost\u0159ed\u00ed s nebezpe\u010d\u00edm v\u00fdbuchu. Jeho konstrukce zabra\u0148uje hromad\u011bn\u00ed statick\u00e9 elekt\u0159iny d\u00edky antistatick\u00e9mu polyesterov\u00e9mu kapsov\u00e9mu filtru (ochrana filtra\u010dn\u00ed jednotky). Pro zabr\u00e1n\u011bn\u00ed p\u0159eh\u0159\u00e1t\u00ed je za\u0159\u00edzen\u00ed vybaveno jednof\u00e1zov\u00fdm bezkart\u00e1\u010dov\u00fdm motorem, kter\u00fd generuje m\u00e9n\u011b tepla a t\u0159en\u00ed ne\u017e kart\u00e1\u010dov\u00fd motor. Konstrukce, kter\u00e1 pln\u011b vyhovuje p\u0159edpis\u016fm ATEX v &#8230; <\/p>\n<p class=\"read-more-container\"><a title=\"Pr\u016fmyslov\u00fd vysava\u010d W2 XR\" class=\"read-more button\" href=\"https:\/\/obera.fr\/cs\/produits\/aspirateurs-industriels\/w2-xr-atex-22\/#more-45170\" aria-label=\"\u010c\u00edst v\u00edce o Pr\u016fmyslov\u00fd vysava\u010d W2 XR\">Lire la suite<\/a><\/p>\n","protected":false},"author":4,"featured_media":83734,"parent":48505,"menu_order":0,"comment_status":"closed","ping_status":"closed","template":"","meta":{"_acf_changed":false,"_seopress_robots_primary_cat":"","_seopress_titles_title":"Pr\u016fmyslov\u00fd vysava\u010d W2 XR ATEX 22 oberA","_seopress_titles_desc":"Kompaktn\u00ed a vysoce v\u00fdkonn\u00e1 \u0159ada W2 XR pro vys\u00e1v\u00e1n\u00ed pevn\u00fdch l\u00e1tek a kapalin v nev\u00fdbu\u0161n\u00e9m proveden\u00ed. Vybaven\u00ed, kter\u00e9 si m\u016f\u017eete vyzkou\u0161et s mo\u017enost\u00ed n\u00e1kupu d\u00edky spole\u010dnosti OberA.","_seopress_robots_index":"","footnotes":""},"class_list":{"0":"post-45170","1":"page","2":"type-page","3":"status-publish","4":"has-post-thumbnail","6":"no-featured-image-padding","7":"resize-featured-image"},"acf":[],"_links":{"self":[{"href":"https:\/\/obera.fr\/cs\/wp-json\/wp\/v2\/pages\/45170","targetHints":{"allow":["GET"]}}],"collection":[{"href":"https:\/\/obera.fr\/cs\/wp-json\/wp\/v2\/pages"}],"about":[{"href":"https:\/\/obera.fr\/cs\/wp-json\/wp\/v2\/types\/page"}],"author":[{"embeddable":true,"href":"https:\/\/obera.fr\/cs\/wp-json\/wp\/v2\/users\/4"}],"replies":[{"embeddable":true,"href":"https:\/\/obera.fr\/cs\/wp-json\/wp\/v2\/comments?post=45170"}],"version-history":[{"count":10,"href":"https:\/\/obera.fr\/cs\/wp-json\/wp\/v2\/pages\/45170\/revisions"}],"predecessor-version":[{"id":132917,"href":"https:\/\/obera.fr\/cs\/wp-json\/wp\/v2\/pages\/45170\/revisions\/132917"}],"up":[{"embeddable":true,"href":"https:\/\/obera.fr\/cs\/wp-json\/wp\/v2\/pages\/48505"}],"wp:featuredmedia":[{"embeddable":true,"href":"https:\/\/obera.fr\/cs\/wp-json\/wp\/v2\/media\/83734"}],"wp:attachment":[{"href":"https:\/\/obera.fr\/cs\/wp-json\/wp\/v2\/media?parent=45170"}],"curies":[{"name":"wp","href":"https:\/\/api.w.org\/{rel}","templated":true}]}}