{"id":45391,"date":"2024-04-05T23:01:46","date_gmt":"2024-04-05T21:01:46","guid":{"rendered":"https:\/\/obera.fr\/prumyslovy-vysavac-w3\/"},"modified":"2025-11-15T17:23:12","modified_gmt":"2025-11-15T15:23:12","slug":"w3-pour-nettoyage-general","status":"publish","type":"page","link":"https:\/\/obera.fr\/cs\/produits\/aspirateurs-industriels\/w3-pour-nettoyage-general\/","title":{"rendered":"Pr\u016fmyslov\u00fd vysava\u010d W3"},"content":{"rendered":"\n<p>Vysoce v\u00fdkonn\u00fd a snadno pou\u017eiteln\u00fd pr\u016fmyslov\u00fd <a href=\"https:\/\/obera.fr\/cs\/produits\/aspirateurs-industriels\/\" data-type=\"page\" data-id=\"41\">vysava\u010d<\/a> W3 je z\u00e1kladem pro gener\u00e1ln\u00ed \u00faklid, kter\u00fd lze p\u0159izp\u016fsobit v\u0161em pot\u0159eb\u00e1m.<\/p>\n\n<h2 class=\"wp-block-heading\">Princip a pou\u017eit\u00ed pr\u016fmyslov\u00e9ho vysava\u010de W3<\/h2>\n\n<div class=\"wp-block-columns is-layout-flex wp-container-core-columns-is-layout-28f84493 wp-block-columns-is-layout-flex\">\n<div class=\"wp-block-column is-layout-flow wp-block-column-is-layout-flow\" style=\"flex-basis:33.33%\">\n<figure class=\"wp-block-image aligncenter size-full is-resized\"><img decoding=\"async\" width=\"658\" height=\"652\" src=\"https:\/\/obera.fr\/wp-content\/uploads\/2024\/10\/w3.png\" alt=\"Pr&#x16F;myslov&#xE9; vysava&#x10D;e\" class=\"wp-image-35427\" style=\"object-fit:cover;width:300px;height:300px\" srcset=\"https:\/\/obera.fr\/wp-content\/uploads\/2024\/10\/w3.png 658w, https:\/\/obera.fr\/wp-content\/uploads\/2024\/10\/w3-300x297.png 300w, https:\/\/obera.fr\/wp-content\/uploads\/2024\/10\/w3-150x150.png 150w, https:\/\/obera.fr\/wp-content\/uploads\/2024\/10\/w3-24x24.png 24w, https:\/\/obera.fr\/wp-content\/uploads\/2024\/10\/w3-48x48.png 48w, https:\/\/obera.fr\/wp-content\/uploads\/2024\/10\/w3-96x96.png 96w\" sizes=\"(max-width: 658px) 100vw, 658px\" \/><\/figure>\n<\/div>\n\n\n\n<div class=\"wp-block-column is-layout-flow wp-block-column-is-layout-flow\" style=\"flex-basis:66.66%\">\n<p>Pr\u016fmyslov\u00fd vysava\u010d <strong>W3<\/strong> je proslul\u00fd svou v\u0161estrannost\u00ed a tich\u00fdm provozem. Zaujme svou prakti\u010dnost\u00ed a integruje t\u0159i v\u00fdkonn\u00e9 by-pass motory, jejich\u017e princip spo\u010d\u00edv\u00e1 v nas\u00e1v\u00e1n\u00ed vzduchu a jeho rozd\u011blen\u00ed na dva proudy: jeden proud se pou\u017e\u00edv\u00e1 k chlazen\u00ed motoru, druh\u00fd k ods\u00e1v\u00e1n\u00ed prachu a pevn\u00fdch \u010d\u00e1stic. Syst\u00e9m ods\u00e1v\u00e1n\u00ed, kter\u00fd nejen zabra\u0148uje zne\u010di\u0161t\u011bn\u00ed motoru, ale tak\u00e9 zachycuje jemn\u00e9 \u010d\u00e1stice t\u00edm, \u017ee vede vzduchov\u00fd proud p\u0159es prachov\u00fd filtr. By-pass motory s\u00e9rie W3 tak nab\u00edzej\u00ed vysok\u00fd sac\u00ed v\u00fdkon, m\u00e9n\u011b \u00fadr\u017eby a prodlu\u017euj\u00ed \u017eivotnost za\u0159\u00edzen\u00ed (men\u0161\u00ed riziko p\u0159eh\u0159\u00e1t\u00ed a zne\u010di\u0161t\u011bn\u00ed).<\/p>\n\n\n\n<p>Pro jakou oblast pou\u017eit\u00ed? V\u0161estrann\u00fd, obratn\u00fd a praktick\u00fd jednof\u00e1zov\u00fd vysava\u010d W3 je ide\u00e1ln\u00ed pro obecn\u00e9 \u010di\u0161t\u011bn\u00ed: \u010di\u0161t\u011bn\u00ed podlah, st\u011bn, stavebn\u00edch pracovi\u0161\u0165, d\u00edlen, v\u00fdrobn\u00edch stroj\u016f\u2026 Je tak\u00e9 v\u00fdbornou volbou pro ods\u00e1v\u00e1n\u00ed jemn\u00e9ho prachu a alergenn\u00edch \u010d\u00e1stic. Jeho v\u00fdroba a \u010detn\u00e9 mo\u017enosti p\u0159izp\u016fsoben\u00ed z n\u011bj \u010din\u00ed za\u0159\u00edzen\u00ed, kter\u00e9 se snadno p\u0159izp\u016fsob\u00ed v\u0161em pr\u016fmyslov\u00fdm odv\u011btv\u00edm. Je obzvl\u00e1\u0161t\u011b \u00fa\u010dinn\u00fd pro ods\u00e1v\u00e1n\u00ed prachu a pevn\u00fdch \u010d\u00e1stic v mechanick\u00fdch d\u00edln\u00e1ch, potravin\u00e1\u0159sk\u00fdch podnic\u00edch, truhl\u00e1\u0159stv\u00edch, \u0159emesln\u00fdch d\u00edln\u00e1ch, p\u0159i p\u00edskov\u00e1n\u00ed, v cement\u00e1rn\u00e1ch a p\u0159i povrchov\u00fdch \u00faprav\u00e1ch.<\/p>\n\n\n\n<div class=\"wp-block-columns is-layout-flex wp-container-core-columns-is-layout-28f84493 wp-block-columns-is-layout-flex\">\n<div class=\"wp-block-column is-layout-flow wp-block-column-is-layout-flow\">\n<div class=\"wp-block-buttons is-layout-flex wp-block-buttons-is-layout-flex\">\n<div class=\"wp-block-button\"><a class=\"wp-block-button__link wp-element-button\" href=\"https:\/\/obera.fr\/wp-content\/uploads\/2025\/06\/brochure-w3-fr.pdf\">ST\u00c1HNOUT BRO\u017dURU<\/a><\/div>\n<\/div>\n<\/div>\n\n\n\n<div class=\"wp-block-column is-layout-flow wp-block-column-is-layout-flow\">\n<div class=\"wp-block-buttons is-layout-flex wp-block-buttons-is-layout-flex\">\n<div class=\"wp-block-button\"><a class=\"wp-block-button__link wp-element-button\" href=\"https:\/\/obera.fr\/cs\/contact\/\">POT\u0158EBUJETE INDIVIDU\u00c1LN\u00cd RADU?<\/a><\/div>\n<\/div>\n<\/div>\n\n\n\n<div class=\"wp-block-column is-layout-flow wp-block-column-is-layout-flow\">\n<div class=\"wp-block-buttons is-content-justification-center is-layout-flex wp-container-core-buttons-is-layout-a89b3969 wp-block-buttons-is-layout-flex\">\n<div class=\"wp-block-button btn-devis-source\"><a class=\"wp-block-button__link wp-element-button\" href=\"https:\/\/obera.fr\/cs\/devis\/\">Po\u017e\u00e1dat o cenovou nab\u00eddku<\/a><\/div>\n<\/div>\n\n\n<script>\r\ndocument.addEventListener('DOMContentLoaded', function() {\r\n    \/\/ 1. On cherche le titre H1 de la page\r\n    var h1 = document.querySelector('h1');\r\n    var productTitle = h1 ? h1.innerText.trim() : \"\";\r\n\r\n    \/\/ 2. On cherche les boutons via la classe CSS .btn-devis-source\r\n    var buttons = document.querySelectorAll('.btn-devis-source a');\r\n\r\n    \/\/ 3. Si on a le titre et les boutons, on ajoute le param\u00e8tre\r\n    if (buttons.length > 0 && productTitle !== \"\") {\r\n        var encodedTitle = encodeURIComponent(productTitle);\r\n\r\n        buttons.forEach(function(btn) {\r\n            var currentHref = btn.getAttribute('href');\r\n            \r\n            \/\/ S\u00e9curit\u00e9 pour ne pas ajouter le param\u00e8tre 2 fois\r\n            if (currentHref.indexOf('sujet=') === -1) {\r\n                var separator = currentHref.indexOf('?') !== -1 ? '&' : '?';\r\n                var newLink = currentHref + separator + 'sujet=' + encodedTitle;\r\n                \r\n                btn.setAttribute('href', newLink);\r\n            }\r\n        });\r\n    }\r\n});\r\n<\/script><\/div>\n<\/div>\n<\/div>\n<\/div>\n\n<h2 class=\"wp-block-heading\">Gener\u00e1ln\u00ed \u00faklid: funkce vysava\u010de W3<\/h2>\n\n<p>Pr\u016fmyslov\u00fd vysava\u010d W3 je k dispozici ve dvou verz\u00edch. Je vybaven t\u0159emi jednof\u00e1zov\u00fdmi motory o v\u00fdkonu 1,1 kW ve verzi 65 litr\u016f a 1,3 kW ve verzi 100 litr\u016f. D\u00edky t\u00e9to specifick\u00e9 technick\u00e9 vlastnosti je stroj obzvl\u00e1\u0161t\u011b \u00fa\u010dinn\u00fd p\u0159i vys\u00e1v\u00e1n\u00ed materi\u00e1l\u016f s vysokou specifickou hmotnost\u00ed (\u0161t\u011brk, p\u00edsek, h\u0159eb\u00edky, \u0161rouby, sklen\u011bn\u00e9 \u00falomky). Vysava\u010d nab\u00edz\u00ed maxim\u00e1ln\u00ed podtlak 2 400 a\u017e 3 600 Pa a maxim\u00e1ln\u00ed pr\u016ftok 540 a\u017e 450 m3\/h v z\u00e1vislosti na zvolen\u00e9 verzi.<\/p>\n\n<p>Navzdory t\u0159em obtokov\u00fdm motor\u016fm je pr\u016fmyslov\u00fd vysava\u010d W3 tich\u00fd. Sac\u00ed jednotka je odhlu\u010dn\u011bn\u00e1, aby se sn\u00ed\u017eila hlu\u010dnost na minimum.<\/p>\n\n<p>Robustn\u00ed sac\u00ed za\u0159\u00edzen\u00ed m\u00e1 pevnou ocelovou hlavu. Filtra\u010dn\u00ed jednotka je rovn\u011b\u017e vyrobena z nerezov\u00e9 oceli (filtra\u010dn\u00ed komora), stejn\u011b jako jej\u00ed z\u00e1sobn\u00edk na kole\u010dk\u00e1ch a podvozek.  <\/p>\n\n<p>Nakonec je filtra\u010dn\u00ed jednotka vybavena polyesterov\u00fdm s\u00e1\u010dkov\u00fdm filtrem, kter\u00fd zaji\u0161\u0165uje ochranu a vysokou m\u00edru zadr\u017eov\u00e1n\u00ed prachu. Velk\u00e1 plocha 2 m2 a vysok\u00e1 \u00fa\u010dinnost filtrace (3 mikrony) rovn\u011b\u017e zaru\u010duj\u00ed \u010distotu vych\u00e1zej\u00edc\u00edho vzduchu.<\/p>\n\n<p>Sou\u010d\u00e1st\u00ed vysava\u010de W3 je p\u0159\u00edslu\u0161enstv\u00ed ur\u010den\u00e9 pro profesion\u00e1ly: flexibiln\u00ed sac\u00ed hadice, kart\u00e1\u010de, \u0161t\u011brbinov\u00fd n\u00e1stroj atd.<\/p>\n\n<blockquote class=\"wp-block-quote is-layout-flow wp-block-quote-is-layout-flow\">\n<p>Dostupn\u00e9 verze: Pr\u016fmyslov\u00fd vysava\u010d W3 je k dispozici ve dvou verz\u00edch! Jedna o objemu 65 litr\u016f, druh\u00e1 o objemu 100 litr\u016f. K dispozici je tak\u00e9 se 3 jednof\u00e1zov\u00fdmi, 3stup\u0148ov\u00fdmi motory, kter\u00e9 zvl\u00e1dnou ods\u00e1v\u00e1n\u00ed materi\u00e1l\u016f s vysokou specifickou hmotnost\u00ed.<\/p>\n<\/blockquote>\n\n<h3 class=\"wp-block-heading has-text-align-center\">Voliteln\u011b<\/h3>\n\n<div class=\"wp-block-columns is-layout-flex wp-container-core-columns-is-layout-28f84493 wp-block-columns-is-layout-flex\">\n<div class=\"wp-block-column is-layout-flow wp-block-column-is-layout-flow\" style=\"flex-basis:50%\">\n<ul class=\"wp-block-list\">\n<li>Nomexov\u00fd filtr &#8211; \u017e\u00e1ruvzdorn\u00fd do 250\u00b0;<\/li>\n\n\n\n<li>Absolutn\u00ed filtr Hepa H14 ;<\/li>\n\n\n\n<li>PTFE filtr t\u0159\u00eddy M ;<\/li>\n\n\n\n<li>Vod\u011bodoln\u00fd teflonov\u00fd filtr t\u0159\u00eddy M ;  <\/li>\n\n\n\n<li>Antistatick\u00fd filtr t\u0159\u00eddy M ;<\/li>\n<\/ul>\n<\/div>\n\n\n\n<div class=\"wp-block-column is-layout-flow wp-block-column-is-layout-flow\" style=\"flex-basis:50%\">\n<ul class=\"wp-block-list\">\n<li>N\u00e1doba a filtra\u010dn\u00ed komora z nerezov\u00e9 oceli;<\/li>\n\n\n\n<li>Uzemn\u011bn\u00ed ;<\/li>\n\n\n\n<li>M\u0159\u00ed\u017ekov\u00fd ko\u0161 s vypou\u0161t\u011bc\u00edm ventilem a indik\u00e1torem hladiny ;<\/li>\n\n\n\n<li>Kontejner na pytle s dlouhou roho\u017e\u00ed 20mt ;<\/li>\n\n\n\n<li>Cykl\u00f3n pro ochranu filtru.<\/li>\n<\/ul>\n<\/div>\n<\/div>\n\n<h3 class=\"wp-block-heading has-text-align-center\">PR\u016eMYSLOV\u00c1 ODV\u011aTV\u00cd<\/h3>\n\n<div class=\"wp-block-columns is-layout-flex wp-container-core-columns-is-layout-28f84493 wp-block-columns-is-layout-flex\">\n<div class=\"wp-block-column is-layout-flow wp-block-column-is-layout-flow\">\n<hr class=\"wp-block-separator has-alpha-channel-opacity\"\/>\n\n\n\n<div class=\"wp-block-columns is-layout-flex wp-container-core-columns-is-layout-28f84493 wp-block-columns-is-layout-flex\">\n<div class=\"wp-block-column is-layout-flow wp-block-column-is-layout-flow\">\n<figure class=\"wp-block-image aligncenter size-thumbnail is-resized\"><img decoding=\"async\" width=\"150\" height=\"150\" src=\"https:\/\/obera.fr\/wp-content\/uploads\/2022\/02\/Textile-150x150.png\" alt=\"textil\" class=\"wp-image-8855\"\/><figcaption class=\"wp-element-caption\">Textil<\/figcaption><\/figure>\n\n\n\n<figure class=\"wp-block-image aligncenter size-thumbnail is-resized\"><img decoding=\"async\" width=\"150\" height=\"150\" src=\"https:\/\/obera.fr\/wp-content\/uploads\/2022\/02\/Plastique-150x150.png\" alt=\"plast\" class=\"wp-image-8854\"\/><figcaption class=\"wp-element-caption\">Plastov\u00e9<\/figcaption><\/figure>\n<\/div>\n\n\n\n<div class=\"wp-block-column is-layout-flow wp-block-column-is-layout-flow\">\n<figure class=\"wp-block-image aligncenter size-thumbnail is-resized\"><img decoding=\"async\" width=\"150\" height=\"150\" src=\"https:\/\/obera.fr\/wp-content\/uploads\/2022\/02\/MINERAIS-150x150.png\" alt=\"rudy\" class=\"wp-image-8847\"\/><figcaption class=\"wp-element-caption\">Miner\u00e1ly<\/figcaption><\/figure>\n\n\n\n<figure class=\"wp-block-image aligncenter size-thumbnail is-resized\"><img decoding=\"async\" width=\"150\" height=\"150\" src=\"https:\/\/obera.fr\/wp-content\/uploads\/2022\/02\/Metalurgie-150x150.png\" alt=\"metalurgie\" class=\"wp-image-8857\"\/><figcaption class=\"wp-element-caption\">Hutnictv\u00ed<\/figcaption><\/figure>\n\n\n\n<figure class=\"wp-block-image aligncenter size-thumbnail is-resized\"><img decoding=\"async\" width=\"150\" height=\"150\" src=\"https:\/\/obera.fr\/wp-content\/uploads\/2023\/02\/sans-titre-2023-02-14t102211.641-150x150.png\" alt=\"Zem&#x11B;d&#x11B;lstv&#xED;\" class=\"wp-image-18828\"\/><figcaption class=\"wp-element-caption\">Zem\u011bd\u011blstv\u00ed<\/figcaption><\/figure>\n<\/div>\n<\/div>\n<\/div>\n\n\n\n<div class=\"wp-block-column is-layout-flow wp-block-column-is-layout-flow\">\n<hr class=\"wp-block-separator has-alpha-channel-opacity\"\/>\n\n\n\n<div class=\"wp-block-columns is-layout-flex wp-container-core-columns-is-layout-28f84493 wp-block-columns-is-layout-flex\">\n<div class=\"wp-block-column is-layout-flow wp-block-column-is-layout-flow\">\n<figure class=\"wp-block-image aligncenter size-thumbnail is-resized\"><img decoding=\"async\" width=\"150\" height=\"150\" src=\"https:\/\/obera.fr\/wp-content\/uploads\/2022\/02\/Chimie-150x150.png\" alt=\"chemie\" class=\"wp-image-8846\"\/><figcaption class=\"wp-element-caption\">Chemie<\/figcaption><\/figure>\n\n\n\n<figure class=\"wp-block-image aligncenter size-thumbnail is-resized\"><img decoding=\"async\" width=\"150\" height=\"150\" src=\"https:\/\/obera.fr\/wp-content\/uploads\/2022\/02\/Travail-du-bois-150x150.png\" alt=\"obr&#xE1;b&#x11B;n&#xED; d&#x159;eva\" class=\"wp-image-8856\"\/><figcaption class=\"wp-element-caption\">Obr\u00e1b\u011bn\u00ed d\u0159eva<\/figcaption><\/figure>\n\n\n\n<figure class=\"wp-block-image aligncenter size-thumbnail is-resized\"><img decoding=\"async\" width=\"150\" height=\"150\" src=\"https:\/\/obera.fr\/wp-content\/uploads\/2023\/02\/sans-titre-2023-02-14t101920.185-150x150.png\" alt=\"Letectv&#xED;\" class=\"wp-image-18831\"\/><figcaption class=\"wp-element-caption\">Letectv\u00ed<\/figcaption><\/figure>\n<\/div>\n\n\n\n<div class=\"wp-block-column is-layout-flow wp-block-column-is-layout-flow\">\n<figure class=\"wp-block-image aligncenter size-thumbnail is-resized\"><img decoding=\"async\" width=\"150\" height=\"150\" src=\"https:\/\/obera.fr\/wp-content\/uploads\/2022\/02\/AGROALIMENTAIRE-150x150.png\" alt=\"zem&#x11B;d&#x11B;lsko-potravin&#xE1;&#x159;sk&#xFD;\" class=\"wp-image-8844\"\/><figcaption class=\"wp-element-caption\">Potravin\u00e1\u0159sk\u00fd pr\u016fmysl<\/figcaption><\/figure>\n\n\n\n<figure class=\"wp-block-image aligncenter size-thumbnail is-resized\"><img decoding=\"async\" width=\"150\" height=\"150\" src=\"https:\/\/obera.fr\/wp-content\/uploads\/2022\/02\/Papier-carton-150x150.png\" alt=\"pap&#xED;r a lepenka\" class=\"wp-image-8853\"\/><figcaption class=\"wp-element-caption\">Pap\u00edr\/karton<\/figcaption><\/figure>\n\n\n\n<figure class=\"wp-block-image aligncenter size-thumbnail is-resized\"><img decoding=\"async\" width=\"150\" height=\"150\" src=\"https:\/\/obera.fr\/wp-content\/uploads\/2023\/02\/sans-titre-2023-02-14t101712.416-150x150.png\" alt=\"Automobilov&#xFD; pr&#x16F;mysl\" class=\"wp-image-18834\"\/><figcaption class=\"wp-element-caption\">Automobilov\u00fd pr\u016fmysl<\/figcaption><\/figure>\n<\/div>\n<\/div>\n<\/div>\n<\/div>\n\n<figure class=\"wp-block-table\"><table class=\"has-fixed-layout\"><tbody><tr><td>Nap\u011bt\u00ed<\/td><td>V-HZ<\/td><td>230<\/td><td>230-50<\/td><\/tr><tr><td>Power<\/td><td>kW<\/td><td>3&#215;1.1<\/td><td>3&#215;1.3<\/td><\/tr><tr><td>Maxim\u00e1ln\u00ed deprese<\/td><td>Pa<\/td><td>2 400 Pa<\/td><td>3 600 Pa<\/td><\/tr><tr><td>Maxim\u00e1ln\u00ed pr\u016ftok vzduchu<\/td><td>m3\/h<\/td><td>540<\/td><td>450<\/td><\/tr><tr><td>Pr\u016fm\u011br n\u00e1ustku<\/td><td>mm<\/td><td>80<\/td><td>80<\/td><\/tr><tr><td>Typ filtru<\/td><td><\/td><td>S kapsami s hv\u011bzdi\u010dkami<\/td><td>S kapsami s hv\u011bzdi\u010dkami<\/td><\/tr><tr><td>Povrch<\/td><td>cm2<\/td><td>20.000<\/td><td>20.000<\/td><\/tr><tr><td>Syst\u00e9m \u010di\u0161t\u011bn\u00ed<\/td><td><\/td><td>Manuel<\/td><td>Manuel<\/td><\/tr><tr><td>Skliz\u0148ov\u00fd ko\u0161<\/td><td><\/td><td>Ocel<\/td><td>Ocel<\/td><\/tr><tr><td>Odvod\u0148ovac\u00ed syst\u00e9m<\/td><td><\/td><td>Vyj\u00edmateln\u00fd ko\u0161<\/td><td>Vyj\u00edmateln\u00fd ko\u0161<\/td><\/tr><tr><td>Kapacita<\/td><td>litr<\/td><td>65\/100<\/td><td>65\/100<\/td><\/tr><tr><td>Rozm\u011bry<\/td><td>cm<\/td><td>58x60x135cm<\/td><td>58x60x145cm<\/td><\/tr><tr><td>Filtra\u010dn\u00ed za\u0159\u00edzen\u00ed &#8211; t\u0159\u00edda<\/td><td><\/td><td><\/td><td>Polyester-L<\/td><\/tr><\/tbody><\/table><\/figure>\n\n<div class=\"wp-block-buttons is-content-justification-center is-layout-flex wp-container-core-buttons-is-layout-a89b3969 wp-block-buttons-is-layout-flex\">\n<div class=\"wp-block-button\"><a class=\"wp-block-button__link wp-element-button\" href=\"https:\/\/obera.fr\/wp-content\/uploads\/2024\/04\/obera_brochure-w3-fr.pdf\">ST\u00c1HNOUT PRODUKTOV\u00dd LIST<\/a><\/div>\n<\/div>\n\n<h2 class=\"wp-block-heading\">V\u00fdhody vysava\u010de W3<\/h2>\n\n<p>\u0158ada W3 je obl\u00edben\u00e1 zejm\u00e9na pro sv\u00e9 snadn\u00e9 pou\u017e\u00edv\u00e1n\u00ed. V\u0161e je navr\u017eeno tak, aby obsluze co nejv\u00edce zjednodu\u0161ilo gener\u00e1ln\u00ed \u00faklid. Je vybaven vakuometrem se sv\u011btelnou kontrolkou, kter\u00e1 detekuje p\u0159\u00edpadn\u00e9 nasycen\u00ed filtru. Na hlav\u011b motoru jsou dv\u011b rukojeti pro snadn\u00e9 zved\u00e1n\u00ed p\u0159i v\u00fdm\u011bn\u011b filtru. Jednof\u00e1zov\u00fd vysava\u010d je tak\u00e9 vybaven syst\u00e9mem pro ru\u010dn\u00ed odstra\u0148ov\u00e1n\u00ed ne\u010distot, kter\u00fd lze aktivovat pouh\u00fdm stisknut\u00edm sp\u00edna\u010de, tak\u017ee povrchov\u00ed technici mohou vyu\u017e\u00edvat maxim\u00e1ln\u00ed v\u00fdkon vys\u00e1v\u00e1n\u00ed.<\/p>\n\n<div class=\"wp-block-columns is-layout-flex wp-container-core-columns-is-layout-28f84493 wp-block-columns-is-layout-flex\">\n<div class=\"wp-block-column is-layout-flow wp-block-column-is-layout-flow\" style=\"flex-basis:33.34%\">\n<h3 class=\"wp-block-heading\">V\u00fdhody :<\/h3>\n\n\n\n<ul class=\"wp-block-list\">\n<li>Vakuometr s kontrolkou pro p\u0159edv\u00edd\u00e1n\u00ed nasycen\u00ed filtru;<\/li>\n\n\n\n<li>Vypou\u0161t\u011bn\u00ed vzduchu sm\u011brem dol\u016f ;<\/li>\n\n\n\n<li>Kompaktn\u00ed, mobiln\u00ed a snadno ovladateln\u00fd;<\/li>\n\n\n\n<li>V\u0161estrann\u00fd a tich\u00fd.<\/li>\n<\/ul>\n<\/div>\n\n\n\n<div class=\"wp-block-column is-layout-flow wp-block-column-is-layout-flow\" style=\"flex-basis:33.34%\">\n<h3 class=\"wp-block-heading\">Speci\u00e1ln\u00ed funkce:<\/h3>\n\n\n\n<ul class=\"wp-block-list\">\n<li>T\u0159i jednof\u00e1zov\u00e9 bo\u010dn\u00ed motory s nez\u00e1visl\u00fdmi sp\u00edna\u010di;<\/li>\n\n\n\n<li>Polyesterov\u00fd hv\u011bzdicov\u00fd filtr ;<\/li>\n\n\n\n<li>K dispozici je \u0161irok\u00e1 \u0161k\u00e1la filtr\u016f.<\/li>\n<\/ul>\n<\/div>\n\n\n\n<div class=\"wp-block-column is-layout-flow wp-block-column-is-layout-flow\" style=\"flex-basis:33.33%\">\n<h3 class=\"wp-block-heading\">Vlastnosti :<\/h3>\n\n\n\n<ul class=\"wp-block-list\">\n<li>K dispozici jsou verze o objemu 65 litr\u016f nebo 100 litr\u016f;<\/li>\n\n\n\n<li>K dispozici je t\u0159\u00edstup\u0148ov\u00e1 verze;<\/li>\n\n\n\n<li>Ochrana sac\u00ed jednotky s hv\u011bzdicov\u00fdm filtrem (polyester).<\/li>\n<\/ul>\n<\/div>\n<\/div>\n\n<h2 class=\"wp-block-heading\">Testov\u00e1n\u00ed jednof\u00e1zov\u00e9ho pr\u016fmyslov\u00e9ho vysava\u010de pro gener\u00e1ln\u00ed \u00faklid<\/h2>\n\n<p>Nab\u00edz\u00edme test v pln\u00e9m rozsahu ve va\u0161ich d\u00edln\u00e1ch s mo\u017enost\u00ed n\u00e1kupu v pr\u016fm\u011brn\u00e9 d\u00e9lce 1 m\u011bs\u00edce.<\/p>\n\n<div class=\"wp-block-buttons is-content-justification-center is-layout-flex wp-container-core-buttons-is-layout-a89b3969 wp-block-buttons-is-layout-flex\">\n<div class=\"wp-block-button\"><a class=\"wp-block-button__link wp-element-button\" href=\"https:\/\/obera.fr\/cs\/contact\/\">TEST VYSAVA\u010cE W2<\/a><\/div>\n<\/div>\n\n<h2 class=\"wp-block-heading\">Dal\u0161\u00ed pr\u016fmyslov\u00e9 vysava\u010de z t\u00e9to \u0159ady<\/h2>\n\n<div class=\"wp-block-columns is-layout-flex wp-container-core-columns-is-layout-28f84493 wp-block-columns-is-layout-flex\">\n<div class=\"wp-block-column is-layout-flow wp-block-column-is-layout-flow\">\n<figure class=\"wp-block-image aligncenter size-full is-resized\"><a href=\"https:\/\/obera.fr\/cs\/produits\/aspirateurs-industriels\/w2-xr-atex-22\/\"><img decoding=\"async\" width=\"566\" height=\"671\" src=\"https:\/\/obera.fr\/wp-content\/uploads\/2024\/10\/w2-xr-2.png\" alt=\"Pr&#x16F;myslov&#xE9; vysava&#x10D;e\" class=\"wp-image-35431\" style=\"object-fit:cover;width:300px;height:300px\" srcset=\"https:\/\/obera.fr\/wp-content\/uploads\/2024\/10\/w2-xr-2.png 566w, https:\/\/obera.fr\/wp-content\/uploads\/2024\/10\/w2-xr-2-253x300.png 253w\" sizes=\"(max-width: 566px) 100vw, 566px\" \/><\/a><figcaption class=\"wp-element-caption\">W2 XR<\/figcaption><\/figure>\n<\/div>\n\n\n\n<div class=\"wp-block-column is-layout-flow wp-block-column-is-layout-flow\">\n<figure class=\"wp-block-image aligncenter size-full is-resized\"><a href=\"https:\/\/obera.fr\/cs\/produits\/aspirateurs-industriels\/w2-haute-filtration-polyvalence\/\"><img decoding=\"async\" width=\"711\" height=\"622\" src=\"https:\/\/obera.fr\/wp-content\/uploads\/2024\/10\/w2.png\" alt=\"Pr&#x16F;myslov&#xE9; vysava&#x10D;e\" class=\"wp-image-35424\" style=\"width:343px;height:auto\" srcset=\"https:\/\/obera.fr\/wp-content\/uploads\/2024\/10\/w2.png 711w, https:\/\/obera.fr\/wp-content\/uploads\/2024\/10\/w2-300x262.png 300w\" sizes=\"(max-width: 711px) 100vw, 711px\" \/><\/a><figcaption class=\"wp-element-caption\">W2<\/figcaption><\/figure>\n<\/div>\n\n\n\n<div class=\"wp-block-column is-layout-flow wp-block-column-is-layout-flow\">\n<figure class=\"wp-block-image aligncenter size-full is-resized\"><a href=\"https:\/\/obera.fr\/cs\/produits\/aspirateurs-industriels\/ventilateurs-aspiration-gamme-eurosog-rg-100-800\/\"><img decoding=\"async\" width=\"600\" height=\"600\" src=\"https:\/\/obera.fr\/wp-content\/uploads\/2024\/04\/obera-ventilateur-aspiration-rg-300-400.jpg\" alt=\"obera sac&#xED; ventil&#xE1;tor rg 300 400\" class=\"wp-image-29437\" style=\"object-fit:cover;width:300px;height:300px\" srcset=\"https:\/\/obera.fr\/wp-content\/uploads\/2024\/04\/obera-ventilateur-aspiration-rg-300-400.jpg 600w, https:\/\/obera.fr\/wp-content\/uploads\/2024\/04\/obera-ventilateur-aspiration-rg-300-400-300x300.jpg 300w, https:\/\/obera.fr\/wp-content\/uploads\/2024\/04\/obera-ventilateur-aspiration-rg-300-400-150x150.jpg 150w\" sizes=\"(max-width: 600px) 100vw, 600px\" \/><\/a><figcaption class=\"wp-element-caption\">RG 300\/400<\/figcaption><\/figure>\n<\/div>\n<\/div>\n","protected":false},"excerpt":{"rendered":"<p>Vysoce v\u00fdkonn\u00fd a snadno pou\u017eiteln\u00fd pr\u016fmyslov\u00fd vysava\u010d W3 je z\u00e1kladem pro gener\u00e1ln\u00ed \u00faklid, kter\u00fd lze p\u0159izp\u016fsobit v\u0161em pot\u0159eb\u00e1m. Princip a pou\u017eit\u00ed pr\u016fmyslov\u00e9ho vysava\u010de W3 Pr\u016fmyslov\u00fd vysava\u010d W3 je proslul\u00fd svou v\u0161estrannost\u00ed a tich\u00fdm provozem. Zaujme svou prakti\u010dnost\u00ed a integruje t\u0159i v\u00fdkonn\u00e9 by-pass motory, jejich\u017e princip spo\u010d\u00edv\u00e1 v nas\u00e1v\u00e1n\u00ed vzduchu a jeho rozd\u011blen\u00ed na dva proudy: jeden proud se pou\u017e\u00edv\u00e1 k chlazen\u00ed motoru, druh\u00fd k ods\u00e1v\u00e1n\u00ed prachu a pevn\u00fdch \u010d\u00e1stic. Syst\u00e9m ods\u00e1v\u00e1n\u00ed, kter\u00fd nejen zabra\u0148uje zne\u010di\u0161t\u011bn\u00ed motoru, ale tak\u00e9 zachycuje jemn\u00e9 \u010d\u00e1stice t\u00edm, \u017ee vede vzduchov\u00fd proud p\u0159es prachov\u00fd filtr. By-pass motory s\u00e9rie W3 tak nab\u00edzej\u00ed vysok\u00fd sac\u00ed v\u00fdkon, m\u00e9n\u011b \u00fadr\u017eby &#8230; <\/p>\n<p class=\"read-more-container\"><a title=\"Pr\u016fmyslov\u00fd vysava\u010d W3\" class=\"read-more button\" href=\"https:\/\/obera.fr\/cs\/produits\/aspirateurs-industriels\/w3-pour-nettoyage-general\/#more-45391\" aria-label=\"\u010c\u00edst v\u00edce o Pr\u016fmyslov\u00fd vysava\u010d W3\">Lire la suite<\/a><\/p>\n","protected":false},"author":4,"featured_media":83734,"parent":48505,"menu_order":0,"comment_status":"closed","ping_status":"closed","template":"","meta":{"_acf_changed":false,"_seopress_robots_primary_cat":"","_seopress_titles_title":"Pr\u016fmyslov\u00fd vysava\u010d W3 pro gener\u00e1ln\u00ed \u00faklid OberA","_seopress_titles_desc":"\u0158ada W3, kter\u00e1 je nezbytn\u00e1 pro gener\u00e1ln\u00ed \u00faklid, m\u00e1 3 jednof\u00e1zov\u00e9 motory, kter\u00e9 kombinuj\u00ed v\u00fdkon a snadn\u00e9 pou\u017eit\u00ed.","_seopress_robots_index":"","footnotes":""},"class_list":{"0":"post-45391","1":"page","2":"type-page","3":"status-publish","4":"has-post-thumbnail","6":"no-featured-image-padding","7":"resize-featured-image"},"acf":[],"_links":{"self":[{"href":"https:\/\/obera.fr\/cs\/wp-json\/wp\/v2\/pages\/45391","targetHints":{"allow":["GET"]}}],"collection":[{"href":"https:\/\/obera.fr\/cs\/wp-json\/wp\/v2\/pages"}],"about":[{"href":"https:\/\/obera.fr\/cs\/wp-json\/wp\/v2\/types\/page"}],"author":[{"embeddable":true,"href":"https:\/\/obera.fr\/cs\/wp-json\/wp\/v2\/users\/4"}],"replies":[{"embeddable":true,"href":"https:\/\/obera.fr\/cs\/wp-json\/wp\/v2\/comments?post=45391"}],"version-history":[{"count":10,"href":"https:\/\/obera.fr\/cs\/wp-json\/wp\/v2\/pages\/45391\/revisions"}],"predecessor-version":[{"id":132894,"href":"https:\/\/obera.fr\/cs\/wp-json\/wp\/v2\/pages\/45391\/revisions\/132894"}],"up":[{"embeddable":true,"href":"https:\/\/obera.fr\/cs\/wp-json\/wp\/v2\/pages\/48505"}],"wp:featuredmedia":[{"embeddable":true,"href":"https:\/\/obera.fr\/cs\/wp-json\/wp\/v2\/media\/83734"}],"wp:attachment":[{"href":"https:\/\/obera.fr\/cs\/wp-json\/wp\/v2\/media?parent=45391"}],"curies":[{"name":"wp","href":"https:\/\/api.w.org\/{rel}","templated":true}]}}