{"id":45423,"date":"2022-10-10T09:41:03","date_gmt":"2022-10-10T07:41:03","guid":{"rendered":"https:\/\/obera.fr\/nase-produkty\/prumyslove-cisticky-vzduchu\/osvezujici-cisticka-vzduchu-epur150-fresh\/"},"modified":"2025-05-27T15:23:30","modified_gmt":"2025-05-27T13:23:30","slug":"purificateur-rafraichisseur-epur150-fresh","status":"publish","type":"page","link":"https:\/\/obera.fr\/cs\/produits\/purificateurs-air\/purificateur-rafraichisseur-epur150-fresh\/","title":{"rendered":"Osv\u011b\u017euj\u00edc\u00ed \u010disti\u010dka vzduchu ePUR150 FRESH"},"content":{"rendered":"\n<h2 class=\"wp-block-heading\">O\u010distit a osv\u011b\u017eit<\/h2>\n\n<p>Osv\u011b\u017euj\u00edc\u00ed pr\u016fmyslov\u00e1 \u010disti\u010dka vzduchu <strong>ePUR150 FRESH<\/strong> je ide\u00e1ln\u00ed pro \u010di\u0161t\u011bn\u00ed a chlazen\u00ed v\u0161ech typ\u016f pracovn\u00edch prostor, pr\u016fmyslov\u00fdch hal, hork\u00fdch m\u00edst atd. zcela p\u0159irozen\u00fdm zp\u016fsobem s n\u00edzkou spot\u0159ebou energie.<\/p>\n\n<h2 class=\"wp-block-heading\">Jak to funguje?<\/h2>\n\n<div class=\"wp-block-columns is-layout-flex wp-container-core-columns-is-layout-28f84493 wp-block-columns-is-layout-flex\">\n<div class=\"wp-block-column is-vertically-aligned-top is-layout-flow wp-block-column-is-layout-flow\" style=\"flex-basis:33.33%\">\n<figure class=\"wp-block-image aligncenter size-full is-resized\"><img decoding=\"async\" width=\"700\" height=\"700\" src=\"https:\/\/obera.fr\/wp-content\/uploads\/2023\/04\/epur150-fresh-3.png\" alt=\"epur150 fresh 3\" class=\"wp-image-22417\" style=\"width:350px\" srcset=\"https:\/\/obera.fr\/wp-content\/uploads\/2023\/04\/epur150-fresh-3.png 700w, https:\/\/obera.fr\/wp-content\/uploads\/2023\/04\/epur150-fresh-3-300x300.png 300w, https:\/\/obera.fr\/wp-content\/uploads\/2023\/04\/epur150-fresh-3-150x150.png 150w\" sizes=\"(max-width: 700px) 100vw, 700px\" \/><\/figure>\n\n\n\n<div class=\"wp-block-columns is-layout-flex wp-container-core-columns-is-layout-28f84493 wp-block-columns-is-layout-flex\">\n<div class=\"wp-block-column is-layout-flow wp-block-column-is-layout-flow\">\n<figure class=\"wp-block-image alignright size-thumbnail is-resized\"><img decoding=\"async\" width=\"150\" height=\"150\" src=\"https:\/\/obera.fr\/wp-content\/uploads\/2023\/10\/design-sans-titre-36-150x150.png\" alt=\"design bez n&#xE1;zvu 36\" class=\"wp-image-24781\" style=\"object-fit:cover;width:80px;height:80px\" srcset=\"https:\/\/obera.fr\/wp-content\/uploads\/2023\/10\/design-sans-titre-36-150x150.png 150w, https:\/\/obera.fr\/wp-content\/uploads\/2023\/10\/design-sans-titre-36.png 300w\" sizes=\"(max-width: 150px) 100vw, 150px\" \/><\/figure>\n<\/div>\n\n\n\n<div class=\"wp-block-column is-layout-flow wp-block-column-is-layout-flow\">\n<figure class=\"wp-block-image alignleft size-full is-resized\"><img decoding=\"async\" width=\"300\" height=\"300\" src=\"https:\/\/obera.fr\/wp-content\/uploads\/2023\/10\/design-sans-titre-37.png\" alt=\"design bez n&#xE1;zvu 37\" class=\"wp-image-24784\" style=\"object-fit:cover;width:80px;height:80px\" srcset=\"https:\/\/obera.fr\/wp-content\/uploads\/2023\/10\/design-sans-titre-37.png 300w, https:\/\/obera.fr\/wp-content\/uploads\/2023\/10\/design-sans-titre-37-150x150.png 150w\" sizes=\"(max-width: 300px) 100vw, 300px\" \/><\/figure>\n<\/div>\n<\/div>\n<\/div>\n\n\n\n<div class=\"wp-block-column is-vertically-aligned-center is-layout-flow wp-block-column-is-layout-flow\" style=\"flex-basis:66.66%\">\n<p>Jej\u00edm z\u00e1kladn\u00edm principem je nas\u00e1v\u00e1n\u00ed vzduchu, kter\u00fd proch\u00e1z\u00ed <strong>n\u011bkolika stupni filtrace (G4\/F8<\/strong>). V hork\u00e9m po\u010das\u00ed lze p\u0159\u00edtomn\u00e9 vo\u0161tinov\u00e9 panely zvlh\u010dovat a <strong>osv\u011b\u017eovat<\/strong> pracovn\u00ed prostor vy\u010di\u0161t\u011bn\u00fdm vzduchem. <\/p>\n\n\n\n<p><strong>Vy\u010di\u0161t\u011bn\u00fd a\/nebo ochlazen\u00fd <\/strong>vzduch je vh\u00e1n\u011bn do m\u00edstnosti a zaji\u0161\u0165uje optim\u00e1ln\u00ed kvalitu vzduchu a tepeln\u00fd komfort.<\/p>\n\n\n\n<p>Osv\u011b\u017euj\u00edc\u00ed pr\u016fmyslov\u00e1 \u010disti\u010dka vzduchu vyv\u00edj\u00ed pr\u016ftok vzduchu <strong>15 000 m3\/h<\/strong>, p\u0159i\u010dem\u017e p\u0159i maxim\u00e1ln\u00edm pr\u016ftoku je k dispozici tlak <strong>100 Pa<\/strong>. Jej\u00ed v\u00fdkon je vhodn\u00fd pro m\u00edstnosti od <strong>70 m\u00b2 do 400 m\u00b2<\/strong>. <\/p>\n\n\n\n<div class=\"wp-block-columns is-layout-flex wp-container-core-columns-is-layout-28f84493 wp-block-columns-is-layout-flex\">\n<div class=\"wp-block-column is-layout-flow wp-block-column-is-layout-flow\">\n<div class=\"wp-block-buttons is-horizontal is-content-justification-center is-layout-flex wp-container-core-buttons-is-layout-03627597 wp-block-buttons-is-layout-flex\">\n<div class=\"wp-block-button has-custom-width wp-block-button__width-100\"><a class=\"wp-block-button__link wp-element-button\" href=\"https:\/\/obera.fr\/cs\/kontaktujte-nas\/\">Zjist\u011bte v\u00edce<\/a><\/div>\n<\/div>\n<\/div>\n\n\n\n<div class=\"wp-block-column is-layout-flow wp-block-column-is-layout-flow\">\n<div class=\"wp-block-buttons is-layout-flex wp-block-buttons-is-layout-flex\">\n<div class=\"wp-block-button\"><a class=\"wp-block-button__link wp-element-button\" href=\"https:\/\/obera.fr\/wp-content\/uploads\/2025\/05\/catalogue-obera-2025-epur150.pdf\">st\u00e1hnout bro\u017euru<\/a><\/div>\n<\/div>\n<\/div>\n\n\n\n<div class=\"wp-block-column is-layout-flow wp-block-column-is-layout-flow\">\n<div class=\"wp-block-buttons is-content-justification-center is-layout-flex wp-container-core-buttons-is-layout-a89b3969 wp-block-buttons-is-layout-flex\">\n<div class=\"wp-block-button btn-devis-source\"><a class=\"wp-block-button__link wp-element-button\" href=\"https:\/\/obera.fr\/cs\/devis\/\">Po\u017e\u00e1dat o cenovou nab\u00eddku<\/a><\/div>\n<\/div>\n\n\n<script>\r\ndocument.addEventListener('DOMContentLoaded', function() {\r\n    \/\/ 1. On cherche le titre H1 de la page\r\n    var h1 = document.querySelector('h1');\r\n    var productTitle = h1 ? h1.innerText.trim() : \"\";\r\n\r\n    \/\/ 2. On cherche les boutons via la classe CSS .btn-devis-source\r\n    var buttons = document.querySelectorAll('.btn-devis-source a');\r\n\r\n    \/\/ 3. Si on a le titre et les boutons, on ajoute le param\u00e8tre\r\n    if (buttons.length > 0 && productTitle !== \"\") {\r\n        var encodedTitle = encodeURIComponent(productTitle);\r\n\r\n        buttons.forEach(function(btn) {\r\n            var currentHref = btn.getAttribute('href');\r\n            \r\n            \/\/ S\u00e9curit\u00e9 pour ne pas ajouter le param\u00e8tre 2 fois\r\n            if (currentHref.indexOf('sujet=') === -1) {\r\n                var separator = currentHref.indexOf('?') !== -1 ? '&' : '?';\r\n                var newLink = currentHref + separator + 'sujet=' + encodedTitle;\r\n                \r\n                btn.setAttribute('href', newLink);\r\n            }\r\n        });\r\n    }\r\n});\r\n<\/script><\/div>\n<\/div>\n<\/div>\n<\/div>\n\n<div style=\"height:20px\" aria-hidden=\"true\" class=\"wp-block-spacer\"><\/div>\n\n<h3 class=\"wp-block-heading\">Jak\u00e9 jsou jeho v\u00fdhody?<\/h3>\n\n<p>\u010cisti\u010dka <strong>ePUR150 FRESH<\/strong> nab\u00edz\u00ed mnoho v\u00fdhod v\u010detn\u011b lep\u0161\u00ed kvality vzduchu. Jej\u00edm hlavn\u00edm c\u00edlem je chr\u00e1nit zam\u011bstnance p\u0159ed jemn\u00fdmi \u010d\u00e1sticemi a hrub\u00fdm prachem, aby se zabr\u00e1nilo vzniku plicn\u00edch a srde\u010dn\u00edch onemocn\u011bn\u00ed. <\/p>\n\n<p>Krom\u011b zlep\u0161en\u00ed kvality vzduchu lze<strong>ePUR150 FRESH<\/strong> p\u0159em\u011bnit na chladi\u010d pro vysok\u00e9 teploty. D\u00edky proud\u011bn\u00ed vody p\u0159es vo\u0161tinov\u00e9 panely lze vy\u010di\u0161t\u011bn\u00fd vzduch osv\u011b\u017eovat, a t\u00edm ochlazovat vzduch v pracovn\u00edch prostor\u00e1ch. <\/p>\n\n<p>V \u00favahu je t\u0159eba vz\u00edt tak\u00e9 \u00faspory energie. Proud\u011bn\u00ed vzduchu generovan\u00e9 spot\u0159ebi\u010dem upravuje pracovn\u00ed prostor t\u00edm, \u017ee p\u0159iv\u00e1d\u00ed tepl\u00fd vzduch shora dol\u016f.<\/p>\n\n<h3 class=\"wp-block-heading\">ePUR150 FRESH ve zkratce  <\/h3>\n\n<div class=\"wp-block-columns is-layout-flex wp-container-core-columns-is-layout-28f84493 wp-block-columns-is-layout-flex\">\n<div class=\"wp-block-column is-layout-flow wp-block-column-is-layout-flow\">\n<ul class=\"wp-block-list\">\n<li>\u010cisti\u010dka konvertibiln\u00ed jako chladi\u010d<\/li>\n\n\n\n<li>Rychlootev\u00edrac\u00ed panely se z\u00e1padkov\u00fdmi uz\u00e1v\u011bry<\/li>\n\n\n\n<li>Chladi\u010d: s automatick\u00fdm p\u0159\u00edvodem vody nen\u00ed nutn\u00e1 \u017e\u00e1dn\u00e1 \u00fadr\u017eba<\/li>\n\n\n\n<li>V\u00fdkonn\u00fd a tich\u00fd<\/li>\n\n\n\n<li>Velmi n\u00edzk\u00e1 spot\u0159eba energie<\/li>\n<\/ul>\n<\/div>\n\n\n\n<div class=\"wp-block-column is-layout-flow wp-block-column-is-layout-flow\">\n<ul class=\"wp-block-list\">\n<li>P\u0159izp\u016fsoben\u00ed filtr\u016f (G4 \/ F8)<\/li>\n\n\n\n<li>Plug &amp; Play: rychl\u00e9 a snadn\u00e9 p\u0159ipojen\u00ed<\/li>\n\n\n\n<li>\u017d\u00e1dn\u00e1 mont\u00e1\u017e, \u017e\u00e1dn\u00e9 ods\u00e1vac\u00ed kan\u00e1ly<\/li>\n\n\n\n<li>Mobiln\u00ed a stabiln\u00ed d\u00edky nylonov\u00fdm kole\u010dk\u016fm s brzdami<\/li>\n\n\n\n<li>Syst\u00e9m ru\u010dn\u00edho vyprazd\u0148ov\u00e1n\u00ed<\/li>\n\n\n\n<li>Snadn\u00e9 \u010di\u0161t\u011bn\u00ed<\/li>\n<\/ul>\n<\/div>\n<\/div>\n\n<h2 class=\"wp-block-heading\">Sou\u010d\u00e1sti \u010disti\u010dky ePUR150 FRESH<\/h2>\n\n<div class=\"wp-block-columns is-layout-flex wp-container-core-columns-is-layout-28f84493 wp-block-columns-is-layout-flex\">\n<div class=\"wp-block-column is-layout-flow wp-block-column-is-layout-flow\">\n<ul class=\"wp-block-list\">\n<li>Siln\u00e1 polypropylenov\u00e1 vani\u010dka na vodu a st\u0159echa s UV ochranou.<\/li>\n\n\n\n<li>Rohov\u00e9 sloupky z nerezov\u00e9 oceli AISI-304.<\/li>\n\n\n\n<li>Chladic\u00ed panely typu 5090, tlou\u0161\u0165ka 100 mm.<\/li>\n\n\n\n<li>Sac\u00ed m\u0159\u00ed\u017eky lakovan\u00e9 v troub\u011b (\u0161ed\u00e1 polyesterov\u00e1 barva RAL 7035).<\/li>\n\n\n\n<li>Skupina odst\u0159ediv\u00fdch ventil\u00e1tor\u016f z pozinkovan\u00e9 oceli.<\/li>\n\n\n\n<li>Ochrann\u00fd kryt lo\u017eiska zabra\u0148uj\u00edc\u00ed oxidaci.<\/li>\n<\/ul>\n\n\n\n<p><\/p>\n<\/div>\n\n\n\n<div class=\"wp-block-column is-layout-flow wp-block-column-is-layout-flow\">\n<ul class=\"wp-block-list\">\n<li>Nylonov\u00e1 kole\u010dka s brzdami pro snadnou p\u0159epravu a instalaci.<\/li>\n\n\n\n<li>Ru\u010dn\u00ed vypou\u0161t\u011bn\u00ed s antikorozn\u00edm ventilem.<\/li>\n\n\n\n<li>10m hadice s rychlospojkou.<\/li>\n\n\n\n<li>Elektrick\u00fd panel 1 rychlost nebo prom\u011bnn\u00e1 rychlost.<\/li>\n\n\n\n<li>Hydraulick\u00fd a elektrick\u00fd syst\u00e9m p\u0159ipojen\u00fd z v\u00fdroby.<\/li>\n\n\n\n<li>Lze dodat panely z nerezov\u00e9 oceli.<\/li>\n<\/ul>\n<\/div>\n<\/div>\n\n<div class=\"wp-block-buttons is-content-justification-center is-layout-flex wp-container-core-buttons-is-layout-a89b3969 wp-block-buttons-is-layout-flex\">\n<div class=\"wp-block-button\"><a class=\"wp-block-button__link wp-element-button\" href=\"https:\/\/obera.fr\/wp-content\/uploads\/2025\/05\/catalogue-obera-2025-epur150.pdf\">St\u00e1hn\u011bte si bro\u017euru<\/a><\/div>\n<\/div>\n\n<h3 class=\"wp-block-heading\"><strong>Konstruk\u010dn\u00ed detaily<\/strong><\/h3>\n\n<div class=\"wp-block-columns is-layout-flex wp-container-core-columns-is-layout-28f84493 wp-block-columns-is-layout-flex\">\n<div class=\"wp-block-column is-layout-flow wp-block-column-is-layout-flow\">\n<figure class=\"wp-block-image aligncenter size-full is-resized\"><img decoding=\"async\" width=\"600\" height=\"600\" src=\"https:\/\/obera.fr\/wp-content\/uploads\/2022\/10\/Panneau-alevolaire.jpg\" alt=\"sol&#xE1;rn&#xED; panel\" class=\"wp-image-14984\" style=\"width:150px;height:150px\" srcset=\"https:\/\/obera.fr\/wp-content\/uploads\/2022\/10\/Panneau-alevolaire.jpg 600w, https:\/\/obera.fr\/wp-content\/uploads\/2022\/10\/Panneau-alevolaire-300x300.jpg 300w, https:\/\/obera.fr\/wp-content\/uploads\/2022\/10\/Panneau-alevolaire-150x150.jpg 150w\" sizes=\"(max-width: 600px) 100vw, 600px\" \/><figcaption class=\"wp-element-caption\">Vo\u0161tinov\u00fd panel<\/figcaption><\/figure>\n<\/div>\n\n\n\n<div class=\"wp-block-column is-layout-flow wp-block-column-is-layout-flow\">\n<figure class=\"wp-block-image aligncenter size-full is-resized\"><img decoding=\"async\" width=\"600\" height=\"600\" src=\"https:\/\/obera.fr\/wp-content\/uploads\/2022\/10\/Diffuseur-dair-1.jpg\" alt=\"difuzor vzduchu\" class=\"wp-image-14981\" style=\"width:150px;height:150px\" srcset=\"https:\/\/obera.fr\/wp-content\/uploads\/2022\/10\/Diffuseur-dair-1.jpg 600w, https:\/\/obera.fr\/wp-content\/uploads\/2022\/10\/Diffuseur-dair-1-300x300.jpg 300w, https:\/\/obera.fr\/wp-content\/uploads\/2022\/10\/Diffuseur-dair-1-150x150.jpg 150w\" sizes=\"(max-width: 600px) 100vw, 600px\" \/><figcaption class=\"wp-element-caption\">Difuzor vzduchu<\/figcaption><\/figure>\n<\/div>\n\n\n\n<div class=\"wp-block-column is-layout-flow wp-block-column-is-layout-flow\">\n<figure class=\"wp-block-image aligncenter size-full is-resized\"><img decoding=\"async\" width=\"600\" height=\"600\" src=\"https:\/\/obera.fr\/wp-content\/uploads\/2022\/10\/Tuyau-10m-avec-raccord.jpg\" alt=\"10m hadice s konektorem\" class=\"wp-image-14978\" style=\"width:150px;height:150px\" srcset=\"https:\/\/obera.fr\/wp-content\/uploads\/2022\/10\/Tuyau-10m-avec-raccord.jpg 600w, https:\/\/obera.fr\/wp-content\/uploads\/2022\/10\/Tuyau-10m-avec-raccord-300x300.jpg 300w, https:\/\/obera.fr\/wp-content\/uploads\/2022\/10\/Tuyau-10m-avec-raccord-150x150.jpg 150w\" sizes=\"(max-width: 600px) 100vw, 600px\" \/><figcaption class=\"wp-element-caption\">10m hadice s konektorem<\/figcaption><\/figure>\n<\/div>\n\n\n\n<div class=\"wp-block-column is-layout-flow wp-block-column-is-layout-flow\">\n<figure class=\"wp-block-image aligncenter size-full is-resized\"><img decoding=\"async\" width=\"600\" height=\"600\" src=\"https:\/\/obera.fr\/wp-content\/uploads\/2022\/10\/Pompe-a-eau.jpg\" alt=\"vodn&#xED; &#x10D;erpadlo\" class=\"wp-image-14975\" style=\"width:150px;height:150px\" srcset=\"https:\/\/obera.fr\/wp-content\/uploads\/2022\/10\/Pompe-a-eau.jpg 600w, https:\/\/obera.fr\/wp-content\/uploads\/2022\/10\/Pompe-a-eau-300x300.jpg 300w, https:\/\/obera.fr\/wp-content\/uploads\/2022\/10\/Pompe-a-eau-150x150.jpg 150w\" sizes=\"(max-width: 600px) 100vw, 600px\" \/><figcaption class=\"wp-element-caption\">Vodn\u00ed \u010derpadlo<\/figcaption><\/figure>\n<\/div>\n\n\n\n<div class=\"wp-block-column is-vertically-aligned-bottom is-layout-flow wp-block-column-is-layout-flow\">\n<figure class=\"wp-block-image aligncenter size-medium is-resized\"><img decoding=\"async\" width=\"300\" height=\"257\" src=\"https:\/\/obera.fr\/wp-content\/uploads\/2023\/01\/prefiltre-g4-3-300x257.png\" alt=\"p&#x159;edfiltr g4 3\" class=\"wp-image-18378\" style=\"width:150px;height:129px\" srcset=\"https:\/\/obera.fr\/wp-content\/uploads\/2023\/01\/prefiltre-g4-3-300x257.png 300w, https:\/\/obera.fr\/wp-content\/uploads\/2023\/01\/prefiltre-g4-3.png 350w\" sizes=\"(max-width: 300px) 100vw, 300px\" \/><figcaption class=\"wp-element-caption\">P\u0159edfiltr G4 a hlavn\u00ed filtr do F8<\/figcaption><\/figure>\n<\/div>\n<\/div>\n\n<h2 class=\"wp-block-heading\">Objevte pr\u016fmyslov\u00e9 \u010disti\u010dky vzduchu<\/h2>\n\n<div class=\"wp-block-columns is-layout-flex wp-container-core-columns-is-layout-28f84493 wp-block-columns-is-layout-flex\">\n<div class=\"wp-block-column is-layout-flow wp-block-column-is-layout-flow\">\n<figure class=\"wp-block-image aligncenter size-medium is-resized\"><a href=\"https:\/\/obera.fr\/produits\/purificateurs-air\/industriel-epur\/\"><img decoding=\"async\" width=\"300\" height=\"300\" src=\"https:\/\/obera.fr\/wp-content\/uploads\/2023\/05\/gamme-purificateur-dair-epur-300x300.png\" alt=\"&#x159;ada &#x10D;isti&#x10D;ek vzduchu epur\" class=\"wp-image-22605\" style=\"width:225px;height:225px\" srcset=\"https:\/\/obera.fr\/wp-content\/uploads\/2023\/05\/gamme-purificateur-dair-epur-300x300.png 300w, https:\/\/obera.fr\/wp-content\/uploads\/2023\/05\/gamme-purificateur-dair-epur-150x150.png 150w, https:\/\/obera.fr\/wp-content\/uploads\/2023\/05\/gamme-purificateur-dair-epur.png 600w\" sizes=\"(max-width: 300px) 100vw, 300px\" \/><\/a><figcaption class=\"wp-element-caption\">ePUR oberA range<\/figcaption><\/figure>\n<\/div>\n\n\n\n<div class=\"wp-block-column is-layout-flow wp-block-column-is-layout-flow\">\n<figure class=\"wp-block-image aligncenter size-medium is-resized\"><a href=\"https:\/\/obera.fr\/produits\/purificateurs-air\/poussieres-epur-b01-ecoprime\/\"><img decoding=\"async\" width=\"300\" height=\"300\" src=\"https:\/\/obera.fr\/wp-content\/uploads\/2023\/02\/ecoprime-300x300.png\" alt=\"ecoprime\" class=\"wp-image-19002\" style=\"width:225px;height:225px\" srcset=\"https:\/\/obera.fr\/wp-content\/uploads\/2023\/02\/ecoprime-300x300.png 300w, https:\/\/obera.fr\/wp-content\/uploads\/2023\/02\/ecoprime-150x150.png 150w, https:\/\/obera.fr\/wp-content\/uploads\/2023\/02\/ecoprime.png 500w\" sizes=\"(max-width: 300px) 100vw, 300px\" \/><\/a><figcaption class=\"wp-element-caption\">ePUR B01 ecoPRIME<\/figcaption><\/figure>\n<\/div>\n\n\n\n<div class=\"wp-block-column is-layout-flow wp-block-column-is-layout-flow\">\n<figure class=\"wp-block-image aligncenter size-medium is-resized\"><a href=\"https:\/\/obera.fr\/produits\/purificateurs-air\/filtower\/\"><img decoding=\"async\" width=\"300\" height=\"300\" src=\"https:\/\/obera.fr\/wp-content\/uploads\/2020\/09\/FILTOWER-SF-300x300.png\" alt=\"Syst&#xE9;m - Design v&#xFD;robku\" class=\"wp-image-1017\" style=\"width:225px;height:225px\" srcset=\"https:\/\/obera.fr\/wp-content\/uploads\/2020\/09\/FILTOWER-SF-300x300.png 300w, https:\/\/obera.fr\/wp-content\/uploads\/2020\/09\/FILTOWER-SF-150x150.png 150w, https:\/\/obera.fr\/wp-content\/uploads\/2020\/09\/FILTOWER-SF.png 600w\" sizes=\"(max-width: 300px) 100vw, 300px\" \/><\/a><figcaption class=\"wp-element-caption\">Filtra\u010dn\u00ed v\u011b\u017e<\/figcaption><\/figure>\n<\/div>\n\n\n\n<div class=\"wp-block-column is-layout-flow wp-block-column-is-layout-flow\">\n<figure class=\"wp-block-image aligncenter size-medium is-resized\"><a href=\"https:\/\/obera.fr\/produits\/purificateurs-air\/professionnel-epur-ca\/\"><img decoding=\"async\" width=\"300\" height=\"300\" src=\"https:\/\/obera.fr\/wp-content\/uploads\/2022\/02\/EPUR30-CA-300x300.png\" alt=\"epur30 ca\" class=\"wp-image-8923\" style=\"width:225px;height:225px\" srcset=\"https:\/\/obera.fr\/wp-content\/uploads\/2022\/02\/EPUR30-CA-300x300.png 300w, https:\/\/obera.fr\/wp-content\/uploads\/2022\/02\/EPUR30-CA-150x150.png 150w, https:\/\/obera.fr\/wp-content\/uploads\/2022\/02\/EPUR30-CA.png 500w\" sizes=\"(max-width: 300px) 100vw, 300px\" \/><\/a><figcaption class=\"wp-element-caption\">ePUR CA<\/figcaption><\/figure>\n<\/div>\n<\/div>\n","protected":false},"excerpt":{"rendered":"<p>O\u010distit a osv\u011b\u017eit Osv\u011b\u017euj\u00edc\u00ed pr\u016fmyslov\u00e1 \u010disti\u010dka vzduchu ePUR150 FRESH je ide\u00e1ln\u00ed pro \u010di\u0161t\u011bn\u00ed a chlazen\u00ed v\u0161ech typ\u016f pracovn\u00edch prostor, pr\u016fmyslov\u00fdch hal, hork\u00fdch m\u00edst atd. zcela p\u0159irozen\u00fdm zp\u016fsobem s n\u00edzkou spot\u0159ebou energie. Jak to funguje? Jej\u00edm z\u00e1kladn\u00edm principem je nas\u00e1v\u00e1n\u00ed vzduchu, kter\u00fd proch\u00e1z\u00ed n\u011bkolika stupni filtrace (G4\/F8). V hork\u00e9m po\u010das\u00ed lze p\u0159\u00edtomn\u00e9 vo\u0161tinov\u00e9 panely zvlh\u010dovat a osv\u011b\u017eovat pracovn\u00ed prostor vy\u010di\u0161t\u011bn\u00fdm vzduchem. Vy\u010di\u0161t\u011bn\u00fd a\/nebo ochlazen\u00fd vzduch je vh\u00e1n\u011bn do m\u00edstnosti a zaji\u0161\u0165uje optim\u00e1ln\u00ed kvalitu vzduchu a tepeln\u00fd komfort. Osv\u011b\u017euj\u00edc\u00ed pr\u016fmyslov\u00e1 \u010disti\u010dka vzduchu vyv\u00edj\u00ed pr\u016ftok vzduchu 15 000 m3\/h, p\u0159i\u010dem\u017e p\u0159i maxim\u00e1ln\u00edm pr\u016ftoku je k dispozici tlak 100 Pa. Jej\u00ed v\u00fdkon je vhodn\u00fd &#8230; <\/p>\n<p class=\"read-more-container\"><a title=\"Osv\u011b\u017euj\u00edc\u00ed \u010disti\u010dka vzduchu ePUR150 FRESH\" class=\"read-more button\" href=\"https:\/\/obera.fr\/cs\/produits\/purificateurs-air\/purificateur-rafraichisseur-epur150-fresh\/#more-45423\" aria-label=\"\u010c\u00edst v\u00edce o Osv\u011b\u017euj\u00edc\u00ed \u010disti\u010dka vzduchu ePUR150 FRESH\">Lire la suite<\/a><\/p>\n","protected":false},"author":4,"featured_media":83734,"parent":37682,"menu_order":0,"comment_status":"closed","ping_status":"closed","template":"","meta":{"_acf_changed":false,"_seopress_robots_primary_cat":"","_seopress_titles_title":"Osv\u011b\u017euj\u00edc\u00ed \u010disti\u010dka vzduchu ePUR150 FRESH","_seopress_titles_desc":"Pod\u00edvejte se na na\u0161i jedine\u010dnou jednotku na \u010di\u0161t\u011bn\u00ed vzduchu, kterou lze pou\u017e\u00edt i k osv\u011b\u017een\u00ed pracovn\u00edho m\u00edsta.","_seopress_robots_index":"ano","footnotes":""},"class_list":{"0":"post-45423","1":"page","2":"type-page","3":"status-publish","4":"has-post-thumbnail","6":"no-featured-image-padding","7":"resize-featured-image"},"acf":[],"_links":{"self":[{"href":"https:\/\/obera.fr\/cs\/wp-json\/wp\/v2\/pages\/45423","targetHints":{"allow":["GET"]}}],"collection":[{"href":"https:\/\/obera.fr\/cs\/wp-json\/wp\/v2\/pages"}],"about":[{"href":"https:\/\/obera.fr\/cs\/wp-json\/wp\/v2\/types\/page"}],"author":[{"embeddable":true,"href":"https:\/\/obera.fr\/cs\/wp-json\/wp\/v2\/users\/4"}],"replies":[{"embeddable":true,"href":"https:\/\/obera.fr\/cs\/wp-json\/wp\/v2\/comments?post=45423"}],"version-history":[{"count":6,"href":"https:\/\/obera.fr\/cs\/wp-json\/wp\/v2\/pages\/45423\/revisions"}],"predecessor-version":[{"id":105102,"href":"https:\/\/obera.fr\/cs\/wp-json\/wp\/v2\/pages\/45423\/revisions\/105102"}],"up":[{"embeddable":true,"href":"https:\/\/obera.fr\/cs\/wp-json\/wp\/v2\/pages\/37682"}],"wp:featuredmedia":[{"embeddable":true,"href":"https:\/\/obera.fr\/cs\/wp-json\/wp\/v2\/media\/83734"}],"wp:attachment":[{"href":"https:\/\/obera.fr\/cs\/wp-json\/wp\/v2\/media?parent=45423"}],"curies":[{"name":"wp","href":"https:\/\/api.w.org\/{rel}","templated":true}]}}