{"id":45476,"date":"2024-04-05T23:11:29","date_gmt":"2024-04-05T21:11:29","guid":{"rendered":"https:\/\/obera.fr\/odsavaci-ventilatory-rada-eurosog-rg-100-800\/"},"modified":"2025-11-15T17:25:24","modified_gmt":"2025-11-15T15:25:24","slug":"ventilateurs-aspiration-gamme-eurosog-rg-100-800","status":"publish","type":"page","link":"https:\/\/obera.fr\/cs\/produits\/aspirateurs-industriels\/ventilateurs-aspiration-gamme-eurosog-rg-100-800\/","title":{"rendered":"Ods\u00e1vac\u00ed ventil\u00e1tory: \u0159ada EUROSOG RG 100-800"},"content":{"rendered":"\n<p>Na\u0161e \u0159ada kompaktn\u00edch ventil\u00e1tor\u016f RG 100 a\u017e RG 800 zaji\u0161\u0165uje zdrav\u011bj\u0161\u00ed prost\u0159ed\u00ed t\u00edm, \u017ee ods\u00e1v\u00e1 a poh\u00e1n\u00ed zne\u010di\u0161t\u011bn\u00fd vzduch p\u0159\u00edtomn\u00fd ve va\u0161ich pracovn\u00edch prostor\u00e1ch.<\/p>\n\n<h2 class=\"wp-block-heading\">\u0158ada RG: provoz a pou\u017eit\u00ed ods\u00e1vac\u00edch ventil\u00e1tor\u016f<\/h2>\n\n<div class=\"wp-block-columns is-layout-flex wp-container-core-columns-is-layout-28f84493 wp-block-columns-is-layout-flex\">\n<div class=\"wp-block-column is-layout-flow wp-block-column-is-layout-flow\" style=\"flex-basis:33.33%\">\n<figure class=\"wp-block-image size-full\"><img decoding=\"async\" width=\"600\" height=\"600\" src=\"https:\/\/obera.fr\/wp-content\/uploads\/2024\/04\/obera-ventilateur-aspiration-rg-300-400.jpg\" alt=\"obera sac&#xED; ventil&#xE1;tor rg 300 400\" class=\"wp-image-29437\" srcset=\"https:\/\/obera.fr\/wp-content\/uploads\/2024\/04\/obera-ventilateur-aspiration-rg-300-400.jpg 600w, https:\/\/obera.fr\/wp-content\/uploads\/2024\/04\/obera-ventilateur-aspiration-rg-300-400-300x300.jpg 300w, https:\/\/obera.fr\/wp-content\/uploads\/2024\/04\/obera-ventilateur-aspiration-rg-300-400-150x150.jpg 150w\" sizes=\"(max-width: 600px) 100vw, 600px\" \/><\/figure>\n<\/div>\n\n\n\n<div class=\"wp-block-column is-layout-flow wp-block-column-is-layout-flow\" style=\"flex-basis:66.66%\">\n<p>Ventil\u00e1tory \u0159ady RG (100, 200, 300, 400, 500, 600, 700, 800) jsou \u0159e\u0161en\u00edm pro ods\u00e1v\u00e1n\u00ed prachu, pr\u016fmyslov\u00fdch v\u00fdpar\u016f a dal\u0161\u00edch \u0161kodlivin vznikaj\u00edc\u00edch ve va\u0161ich v\u00fdrobn\u00edch jednotk\u00e1ch. Umo\u017e\u0148uj\u00ed cirkulaci vy\u010di\u0161t\u011bn\u00e9ho vzduchu a sni\u017euj\u00ed tlak. V\u0161estrann\u00fd a kompaktn\u00ed syst\u00e9m nas\u00e1v\u00e1 vzduch vytvo\u0159en\u00edm podtlaku na vstupu ventil\u00e1toru (ot\u00e1\u010den\u00ed ob\u011b\u017en\u00e9ho kola) pomoc\u00ed elektromotoru uvnit\u0159 sk\u0159\u00edn\u011b. Sk\u0159\u00ed\u0148ka odv\u00e1d\u00ed nas\u00e1t\u00fd vzduch sm\u011brem k v\u00fdstupu (ven) a odv\u00e1d\u00ed jej z pracovn\u00edho prostoru. \u0158ada RG m\u016f\u017ee vys\u00e1vat jednu nebo v\u00edce pracovn\u00edch stanic\/stroj\u016f najednou.  <\/p>\n\n\n\n<p>Za jak\u00fdm \u00fa\u010delem? Toto za\u0159\u00edzen\u00ed je ide\u00e1ln\u00ed pro v\u0161echny typy pr\u016fmyslu a je schopn\u00e9 ods\u00e1vat prach, plyny, pachy a v\u00fdpary. Mohou b\u00fdt vybaveny filtry pro zachycen\u00ed jemn\u00fdch \u010d\u00e1stic.<\/p>\n\n\n\n<div class=\"wp-block-columns is-layout-flex wp-container-core-columns-is-layout-28f84493 wp-block-columns-is-layout-flex\">\n<div class=\"wp-block-column is-layout-flow wp-block-column-is-layout-flow\" style=\"flex-basis:30%\">\n<div class=\"wp-block-buttons is-layout-flex wp-block-buttons-is-layout-flex\">\n<div class=\"wp-block-button\"><a class=\"wp-block-button__link wp-element-button\" href=\"https:\/\/obera.fr\/wp-content\/uploads\/2025\/06\/brochure-rg-100-800-fr.pdf\">ST\u00c1HNOUT BRO\u017dURU<\/a><\/div>\n<\/div>\n<\/div>\n\n\n\n<div class=\"wp-block-column is-layout-flow wp-block-column-is-layout-flow\" style=\"flex-basis:30%\">\n<div class=\"wp-block-buttons is-layout-flex wp-block-buttons-is-layout-flex\">\n<div class=\"wp-block-button\"><a class=\"wp-block-button__link wp-element-button\" href=\"https:\/\/obera.fr\/cs\/contact\/\">POT\u0158EBUJETE INDIVIDU\u00c1LN\u00cd RADU?<\/a><\/div>\n<\/div>\n<\/div>\n\n\n\n<div class=\"wp-block-column is-layout-flow wp-block-column-is-layout-flow\" style=\"flex-basis:30%\">\n<div class=\"wp-block-buttons is-content-justification-center is-layout-flex wp-container-core-buttons-is-layout-a89b3969 wp-block-buttons-is-layout-flex\">\n<div class=\"wp-block-button btn-devis-source\"><a class=\"wp-block-button__link wp-element-button\" href=\"https:\/\/obera.fr\/cs\/devis\/\">Po\u017e\u00e1dat o cenovou nab\u00eddku<\/a><\/div>\n<\/div>\n\n\n<script>\r\ndocument.addEventListener('DOMContentLoaded', function() {\r\n    \/\/ 1. On cherche le titre H1 de la page\r\n    var h1 = document.querySelector('h1');\r\n    var productTitle = h1 ? h1.innerText.trim() : \"\";\r\n\r\n    \/\/ 2. On cherche les boutons via la classe CSS .btn-devis-source\r\n    var buttons = document.querySelectorAll('.btn-devis-source a');\r\n\r\n    \/\/ 3. Si on a le titre et les boutons, on ajoute le param\u00e8tre\r\n    if (buttons.length > 0 && productTitle !== \"\") {\r\n        var encodedTitle = encodeURIComponent(productTitle);\r\n\r\n        buttons.forEach(function(btn) {\r\n            var currentHref = btn.getAttribute('href');\r\n            \r\n            \/\/ S\u00e9curit\u00e9 pour ne pas ajouter le param\u00e8tre 2 fois\r\n            if (currentHref.indexOf('sujet=') === -1) {\r\n                var separator = currentHref.indexOf('?') !== -1 ? '&' : '?';\r\n                var newLink = currentHref + separator + 'sujet=' + encodedTitle;\r\n                \r\n                btn.setAttribute('href', newLink);\r\n            }\r\n        });\r\n    }\r\n});\r\n<\/script><\/div>\n<\/div>\n<\/div>\n<\/div>\n\n<h2 class=\"wp-block-heading\">Jak\u00e9 jsou technick\u00e9 vlastnosti sac\u00edch ventil\u00e1tor\u016f OberA?<\/h2>\n\n<p>\u0158ada RG nab\u00edz\u00ed v\u00fdb\u011br motor\u016f o v\u00fdkonu od 0,55 kW do 7,5 kW. D\u00edky tomu m\u016f\u017eete naj\u00edt model odtahov\u00e9ho ventil\u00e1toru, kter\u00fd je nejvhodn\u011bj\u0161\u00ed pro va\u0161i plochu.  <\/p>\n\n<p>Aby byly ventil\u00e1tory d\u00e1le odoln\u00e9 proti riziku koroze a po\u0161kozen\u00ed zp\u016fsoben\u00e9mu prachem, jsou vyrobeny z odoln\u00fdch materi\u00e1l\u016f a jsou k dispozici v proveden\u00ed z nerezov\u00e9 oceli pro potravin\u00e1\u0159sk\u00fd pr\u016fmysl (voliteln\u011b). Dal\u0161\u00ed mo\u017enost\u00ed je jiskruvzdorn\u00e1 verze pro \u010dinnosti, p\u0159i kter\u00fdch vznik\u00e1 ho\u0159lav\u00fd prach.<\/p>\n\n<blockquote class=\"wp-block-quote is-layout-flow wp-block-quote-is-layout-flow\">\n<p>Dobr\u00e9 v\u011bd\u011bt: Na\u0161e \u0159e\u0161en\u00ed ods\u00e1v\u00e1n\u00ed lze kombinovat s na\u0161imi syst\u00e9my evakuace. V z\u00e1vislosti na va\u0161ich pot\u0159eb\u00e1ch (typ zne\u010di\u0161\u0165uj\u00edc\u00ed l\u00e1tky, plocha, odv\u011btv\u00ed \u010dinnosti) v\u00e1m porad\u00edme nejlep\u0161\u00ed mo\u017enou kombinaci, kter\u00e1 zajist\u00ed nejlep\u0161\u00ed mo\u017en\u00e9 ods\u00e1v\u00e1n\u00ed a obnovu vzduchu.<\/p>\n<\/blockquote>\n\n<p>Z hlediska rozm\u011br\u016f vy\u017eaduj\u00ed ventil\u00e1tory RG 100 a\u017e RG 800 velmi m\u00e1lo m\u00edsta: od D535 x \u0160450 x V480 u nejkompaktn\u011bj\u0161\u00ed verze a\u017e po D820 x \u01601 000 x H1 198 u nejv\u011bt\u0161\u00edho modelu jsou st\u00e1le za\u0159\u00edzen\u00edm, kter\u00e9 vy\u017eaduje velmi m\u00e1lo m\u00edsta. Pro pohodl\u00ed pracovn\u00edk\u016f nab\u00edzej\u00ed tak\u00e9 n\u00edzkou hladinu hluku 83 dB(A) a\u017e 84 dB(A).<\/p>\n\n<h3 class=\"wp-block-heading has-text-align-center\">PR\u016eMYSLOV\u00c1 ODV\u011aTV\u00cd<\/h3>\n\n<div class=\"wp-block-columns is-layout-flex wp-container-core-columns-is-layout-28f84493 wp-block-columns-is-layout-flex\">\n<div class=\"wp-block-column is-layout-flow wp-block-column-is-layout-flow\">\n<hr class=\"wp-block-separator has-alpha-channel-opacity\"\/>\n\n\n\n<div class=\"wp-block-columns is-layout-flex wp-container-core-columns-is-layout-28f84493 wp-block-columns-is-layout-flex\">\n<div class=\"wp-block-column is-layout-flow wp-block-column-is-layout-flow\">\n<figure class=\"wp-block-image aligncenter size-thumbnail is-resized\"><img decoding=\"async\" width=\"150\" height=\"150\" src=\"https:\/\/obera.fr\/wp-content\/uploads\/2022\/02\/Textile-150x150.png\" alt=\"textil\" class=\"wp-image-8855\"\/><figcaption class=\"wp-element-caption\">Textil<\/figcaption><\/figure>\n\n\n\n<figure class=\"wp-block-image aligncenter size-thumbnail is-resized\"><img decoding=\"async\" width=\"150\" height=\"150\" src=\"https:\/\/obera.fr\/wp-content\/uploads\/2022\/02\/Plastique-150x150.png\" alt=\"plast\" class=\"wp-image-8854\"\/><figcaption class=\"wp-element-caption\">Plastov\u00e9<\/figcaption><\/figure>\n<\/div>\n\n\n\n<div class=\"wp-block-column is-layout-flow wp-block-column-is-layout-flow\">\n<figure class=\"wp-block-image aligncenter size-thumbnail is-resized\"><img decoding=\"async\" width=\"150\" height=\"150\" src=\"https:\/\/obera.fr\/wp-content\/uploads\/2022\/02\/MINERAIS-150x150.png\" alt=\"rudy\" class=\"wp-image-8847\"\/><figcaption class=\"wp-element-caption\">Miner\u00e1ly<\/figcaption><\/figure>\n\n\n\n<figure class=\"wp-block-image aligncenter size-thumbnail is-resized\"><img decoding=\"async\" width=\"150\" height=\"150\" src=\"https:\/\/obera.fr\/wp-content\/uploads\/2022\/02\/Metalurgie-150x150.png\" alt=\"metalurgie\" class=\"wp-image-8857\"\/><figcaption class=\"wp-element-caption\">Hutnictv\u00ed<\/figcaption><\/figure>\n\n\n\n<figure class=\"wp-block-image aligncenter size-thumbnail is-resized\"><img decoding=\"async\" width=\"150\" height=\"150\" src=\"https:\/\/obera.fr\/wp-content\/uploads\/2023\/02\/sans-titre-2023-02-14t102211.641-150x150.png\" alt=\"Zem&#x11B;d&#x11B;lstv&#xED;\" class=\"wp-image-18828\"\/><figcaption class=\"wp-element-caption\">Zem\u011bd\u011blstv\u00ed<\/figcaption><\/figure>\n<\/div>\n<\/div>\n<\/div>\n\n\n\n<div class=\"wp-block-column is-layout-flow wp-block-column-is-layout-flow\">\n<hr class=\"wp-block-separator has-alpha-channel-opacity\"\/>\n\n\n\n<div class=\"wp-block-columns is-layout-flex wp-container-core-columns-is-layout-28f84493 wp-block-columns-is-layout-flex\">\n<div class=\"wp-block-column is-layout-flow wp-block-column-is-layout-flow\">\n<figure class=\"wp-block-image aligncenter size-thumbnail is-resized\"><img decoding=\"async\" width=\"150\" height=\"150\" src=\"https:\/\/obera.fr\/wp-content\/uploads\/2022\/02\/Chimie-150x150.png\" alt=\"chemie\" class=\"wp-image-8846\"\/><figcaption class=\"wp-element-caption\">Chemie<\/figcaption><\/figure>\n\n\n\n<figure class=\"wp-block-image aligncenter size-thumbnail is-resized\"><img decoding=\"async\" width=\"150\" height=\"150\" src=\"https:\/\/obera.fr\/wp-content\/uploads\/2022\/02\/Travail-du-bois-150x150.png\" alt=\"obr&#xE1;b&#x11B;n&#xED; d&#x159;eva\" class=\"wp-image-8856\"\/><figcaption class=\"wp-element-caption\">Obr\u00e1b\u011bn\u00ed d\u0159eva<\/figcaption><\/figure>\n\n\n\n<figure class=\"wp-block-image aligncenter size-thumbnail is-resized\"><img decoding=\"async\" width=\"150\" height=\"150\" src=\"https:\/\/obera.fr\/wp-content\/uploads\/2023\/02\/sans-titre-2023-02-14t101920.185-150x150.png\" alt=\"Letectv&#xED;\" class=\"wp-image-18831\"\/><figcaption class=\"wp-element-caption\">Letectv\u00ed<\/figcaption><\/figure>\n<\/div>\n\n\n\n<div class=\"wp-block-column is-layout-flow wp-block-column-is-layout-flow\">\n<figure class=\"wp-block-image aligncenter size-thumbnail is-resized\"><img decoding=\"async\" width=\"150\" height=\"150\" src=\"https:\/\/obera.fr\/wp-content\/uploads\/2022\/02\/AGROALIMENTAIRE-150x150.png\" alt=\"zem&#x11B;d&#x11B;lsko-potravin&#xE1;&#x159;sk&#xFD;\" class=\"wp-image-8844\"\/><figcaption class=\"wp-element-caption\">Potravin\u00e1\u0159sk\u00fd pr\u016fmysl<\/figcaption><\/figure>\n\n\n\n<figure class=\"wp-block-image aligncenter size-thumbnail is-resized\"><img decoding=\"async\" width=\"150\" height=\"150\" src=\"https:\/\/obera.fr\/wp-content\/uploads\/2022\/02\/Papier-carton-150x150.png\" alt=\"pap&#xED;r a lepenka\" class=\"wp-image-8853\"\/><figcaption class=\"wp-element-caption\">Pap\u00edr\/karton<\/figcaption><\/figure>\n\n\n\n<figure class=\"wp-block-image aligncenter size-thumbnail is-resized\"><img decoding=\"async\" width=\"150\" height=\"150\" src=\"https:\/\/obera.fr\/wp-content\/uploads\/2023\/02\/sans-titre-2023-02-14t101712.416-150x150.png\" alt=\"Automobilov&#xFD; pr&#x16F;mysl\" class=\"wp-image-18834\"\/><figcaption class=\"wp-element-caption\">Automobilov\u00fd pr\u016fmysl<\/figcaption><\/figure>\n<\/div>\n<\/div>\n<\/div>\n<\/div>\n\n<figure class=\"wp-block-table\"><table class=\"has-fixed-layout\"><thead><tr><th><br\/>100<\/th><th>200<\/th><th>300<\/th><th>400<\/th><th>500<\/th><th>600<\/th><th>700<\/th><th>800<\/th><\/tr><\/thead><tbody><tr><td>Maxim\u00e1ln\u00ed pr\u016ftok m3\/h<\/td><td>1.000<\/td><td>2.000<\/td><td>3.000<\/td><td>3.200<\/td><td>4.000<\/td><td>5.5000<\/td><td>7.000<\/td><td>8.000<\/td><\/tr><tr><td>Pr\u016fm\u011br p\u0159\u00edpojky\/v\u00fdstupu mm<\/td><td>100<\/td><td>150<\/td><td>180<\/td><td>250\/315<\/td><td>250\/315<\/td><td>315\/355<\/td><td>315\/400<\/td><td>355\/400<\/td><\/tr><tr><td>Maxim\u00e1ln\u00ed podtlak Pa<\/td><td>1.400<\/td><td>1.600<\/td><td>2.300<\/td><td>3.150<\/td><td>3.400<\/td><td>3.400<\/td><td>3.400<\/td><td>3.950<\/td><\/tr><tr><td>Nap\u00e1jec\u00ed nap\u011bt\u00ed V<\/td><td>400<\/td><td>400<\/td><td>400<\/td><td>400<\/td><td>400<\/td><td>400<\/td><td>400<\/td><td>400<\/td><\/tr><tr><td>V\u00fdkon kW<\/td><td>0.5<\/td><td>1.1<\/td><td>2.2<\/td><td>3.0<\/td><td>4.0<\/td><td>5.5<\/td><td>5.5<\/td><td>7.5<\/td><\/tr><tr><td>Rozm\u011bry (D\/\u0160\/V)<\/td><td>535x450x480<\/td><td>595x520x555<\/td><td>640x535x610<\/td><td>711x700x1,012<\/td><td>711x700x1,012<\/td><td>737x700x1.062<\/td><td>762x700x1.062<\/td><td>820&#215;1,000&#215;1,198<\/td><\/tr><tr><td>Hladina hluku dB(A)<\/td><td>80<\/td><td>82<\/td><td>84<\/td><td>84<\/td><td>84<\/td><td>84<\/td><td>83<\/td><td>84<\/td><\/tr><\/tbody><\/table><\/figure>\n\n<div class=\"wp-block-buttons is-content-justification-center is-layout-flex wp-container-core-buttons-is-layout-a89b3969 wp-block-buttons-is-layout-flex\">\n<div class=\"wp-block-button\"><a class=\"wp-block-button__link wp-element-button\" href=\"https:\/\/obera.fr\/wp-content\/uploads\/2024\/04\/obera_brochure-rg-100-800-fr.pdf\">ST\u00c1HNOUT PRODUKTOV\u00dd LIST<\/a><\/div>\n<\/div>\n\n<h2 class=\"wp-block-heading\">Zam\u011b\u0159te se na v\u00fdhody ventil\u00e1tor\u016f RG 100 a\u017e RG 800<\/h2>\n\n<p>V\u00fdhody jsou p\u0159edev\u0161\u00edm lidsk\u00e9, proto\u017ee jde o \u0159e\u0161en\u00ed, kter\u00e9 v\u00fdrazn\u011b zlep\u0161uje kvalitu ovzdu\u0161\u00ed a bezpe\u010dnost va\u0161ich t\u00fdm\u016f. Hladina hluku z\u016fst\u00e1v\u00e1 op\u011bt pro pohodl\u00ed pracovn\u00edk\u016f n\u00edzk\u00e1, aby byla zaji\u0161t\u011bna jejich produktivita.  <\/p>\n\n<p>Dobr\u00e9 ods\u00e1v\u00e1n\u00ed prachu a d\u00fdmu tak\u00e9 sni\u017euje riziko po\u017e\u00e1ru a v\u00fdbuchu, kter\u00e9 mohou vzniknout, kdy\u017e se prach dostane do kontaktu s jiskrami nebo ucpe v\u00fdrobn\u00ed stroje.<\/p>\n\n<p>A kone\u010dn\u011b, v\u0161echny ods\u00e1vac\u00ed ventil\u00e1tory \u0159ady RG jsou navzdory sv\u00e9 kompaktn\u00ed konstrukci vysoce v\u00fdkonn\u00e9 a p\u0159edstavuj\u00ed n\u00edzkou investici, pokud jde o \u010dist\u00fd vzduch ve va\u0161ich d\u00edln\u00e1ch.<\/p>\n\n<div class=\"wp-block-columns is-layout-flex wp-container-core-columns-is-layout-28f84493 wp-block-columns-is-layout-flex\">\n<div class=\"wp-block-column is-layout-flow wp-block-column-is-layout-flow\" style=\"flex-basis:33.34%\">\n<h3 class=\"wp-block-heading\">V\u00fdhody :<\/h3>\n\n\n\n<ul class=\"wp-block-list\">\n<li>N\u00edzk\u00e9 provozn\u00ed n\u00e1klady ;<\/li>\n\n\n\n<li>Robustn\u00ed konstrukce.<\/li>\n<\/ul>\n<\/div>\n\n\n\n<div class=\"wp-block-column is-layout-flow wp-block-column-is-layout-flow\" style=\"flex-basis:33.34%\">\n<h3 class=\"wp-block-heading\">Speci\u00e1ln\u00ed funkce:<\/h3>\n\n\n\n<ul class=\"wp-block-list\">\n<li>Kompaktn\u00ed design ;<\/li>\n\n\n\n<li>Vys\u00e1v\u00e1n\u00ed jedn\u00e9 nebo v\u00edce pracovn\u00edch stanic nebo stroj\u016f;<\/li>\n\n\n\n<li>Lze kombinovat s odlu\u010dova\u010dem prachu nebo syst\u00e9mem pro ods\u00e1v\u00e1n\u00ed prachu.<\/li>\n<\/ul>\n<\/div>\n\n\n\n<div class=\"wp-block-column is-layout-flow wp-block-column-is-layout-flow\" style=\"flex-basis:33.33%\">\n<h3 class=\"wp-block-heading\">Vlastnosti :<\/h3>\n\n\n\n<ul class=\"wp-block-list\">\n<li>\u0160irok\u00e1 \u0161k\u00e1la v\u00fdkon\u016f motor\u016f pro pot\u0159eby pr\u016fmyslov\u00fdch z\u00e1kazn\u00edk\u016f;<\/li>\n\n\n\n<li>Voliteln\u00e9 dopl\u0148ky: potravin\u00e1\u0159sk\u00e1 nerezov\u00e1 ocel, st\u0159\u00eddav\u00fd proud (RG 100 a RG 200), lev\u00fd motor, variabiln\u00ed pr\u016fm\u011br v\u00fdstupu, odhlu\u010dn\u011bn\u00fd a ut\u011bsn\u011bn\u00fd kryt pro venkovn\u00ed instalaci.<\/li>\n<\/ul>\n<\/div>\n<\/div>\n\n<div class=\"wp-block-buttons is-horizontal is-content-justification-center is-layout-flex wp-container-core-buttons-is-layout-03627597 wp-block-buttons-is-layout-flex\">\n<div class=\"wp-block-button has-custom-width wp-block-button__width-100\"><a class=\"wp-block-button__link wp-element-button\" href=\"https:\/\/obera.fr\/cs\/kontaktujte-nas\/\">Zjist\u011bte v\u00edce<\/a><\/div>\n<\/div>\n\n<h2 class=\"wp-block-heading\">Dal\u0161\u00ed pr\u016fmyslov\u00e9 vysava\u010de z t\u00e9to \u0159ady<\/h2>\n\n<div class=\"wp-block-columns is-layout-flex wp-container-core-columns-is-layout-28f84493 wp-block-columns-is-layout-flex\">\n<div class=\"wp-block-column is-layout-flow wp-block-column-is-layout-flow\">\n<figure class=\"wp-block-image aligncenter size-full is-resized\"><img decoding=\"async\" width=\"566\" height=\"671\" src=\"https:\/\/obera.fr\/wp-content\/uploads\/2024\/10\/w2-xr-2.png\" alt=\"Pr&#x16F;myslov&#xE9; vysava&#x10D;e\" class=\"wp-image-35431\" style=\"aspect-ratio:1;object-fit:cover;width:282px;height:auto\" srcset=\"https:\/\/obera.fr\/wp-content\/uploads\/2024\/10\/w2-xr-2.png 566w, https:\/\/obera.fr\/wp-content\/uploads\/2024\/10\/w2-xr-2-253x300.png 253w\" sizes=\"(max-width: 566px) 100vw, 566px\" \/><figcaption class=\"wp-element-caption\">W2 XR<\/figcaption><\/figure>\n<\/div>\n\n\n\n<div class=\"wp-block-column is-layout-flow wp-block-column-is-layout-flow\">\n<figure class=\"wp-block-image aligncenter size-full is-resized\"><img decoding=\"async\" width=\"711\" height=\"622\" src=\"https:\/\/obera.fr\/wp-content\/uploads\/2024\/10\/w2.png\" alt=\"Pr&#x16F;myslov&#xE9; vysava&#x10D;e\" class=\"wp-image-35424\" style=\"object-fit:cover;width:300px;height:300px\" srcset=\"https:\/\/obera.fr\/wp-content\/uploads\/2024\/10\/w2.png 711w, https:\/\/obera.fr\/wp-content\/uploads\/2024\/10\/w2-300x262.png 300w\" sizes=\"(max-width: 711px) 100vw, 711px\" \/><figcaption class=\"wp-element-caption\">W2<\/figcaption><\/figure>\n<\/div>\n\n\n\n<div class=\"wp-block-column is-layout-flow wp-block-column-is-layout-flow\">\n<figure class=\"wp-block-image aligncenter size-full is-resized\"><img decoding=\"async\" width=\"658\" height=\"652\" src=\"https:\/\/obera.fr\/wp-content\/uploads\/2024\/10\/w3.png\" alt=\"w3\" class=\"wp-image-35427\" style=\"object-fit:cover;width:300px;height:300px\" srcset=\"https:\/\/obera.fr\/wp-content\/uploads\/2024\/10\/w3.png 658w, https:\/\/obera.fr\/wp-content\/uploads\/2024\/10\/w3-300x297.png 300w, https:\/\/obera.fr\/wp-content\/uploads\/2024\/10\/w3-150x150.png 150w, https:\/\/obera.fr\/wp-content\/uploads\/2024\/10\/w3-24x24.png 24w, https:\/\/obera.fr\/wp-content\/uploads\/2024\/10\/w3-48x48.png 48w, https:\/\/obera.fr\/wp-content\/uploads\/2024\/10\/w3-96x96.png 96w\" sizes=\"(max-width: 658px) 100vw, 658px\" \/><figcaption class=\"wp-element-caption\">W3<\/figcaption><\/figure>\n<\/div>\n<\/div>\n\n<p><\/p>\n","protected":false},"excerpt":{"rendered":"<p>Na\u0161e \u0159ada kompaktn\u00edch ventil\u00e1tor\u016f RG 100 a\u017e RG 800 zaji\u0161\u0165uje zdrav\u011bj\u0161\u00ed prost\u0159ed\u00ed t\u00edm, \u017ee ods\u00e1v\u00e1 a poh\u00e1n\u00ed zne\u010di\u0161t\u011bn\u00fd vzduch p\u0159\u00edtomn\u00fd ve va\u0161ich pracovn\u00edch prostor\u00e1ch. \u0158ada RG: provoz a pou\u017eit\u00ed ods\u00e1vac\u00edch ventil\u00e1tor\u016f Ventil\u00e1tory \u0159ady RG (100, 200, 300, 400, 500, 600, 700, 800) jsou \u0159e\u0161en\u00edm pro ods\u00e1v\u00e1n\u00ed prachu, pr\u016fmyslov\u00fdch v\u00fdpar\u016f a dal\u0161\u00edch \u0161kodlivin vznikaj\u00edc\u00edch ve va\u0161ich v\u00fdrobn\u00edch jednotk\u00e1ch. Umo\u017e\u0148uj\u00ed cirkulaci vy\u010di\u0161t\u011bn\u00e9ho vzduchu a sni\u017euj\u00ed tlak. V\u0161estrann\u00fd a kompaktn\u00ed syst\u00e9m nas\u00e1v\u00e1 vzduch vytvo\u0159en\u00edm podtlaku na vstupu ventil\u00e1toru (ot\u00e1\u010den\u00ed ob\u011b\u017en\u00e9ho kola) pomoc\u00ed elektromotoru uvnit\u0159 sk\u0159\u00edn\u011b. Sk\u0159\u00ed\u0148ka odv\u00e1d\u00ed nas\u00e1t\u00fd vzduch sm\u011brem k v\u00fdstupu (ven) a odv\u00e1d\u00ed jej z pracovn\u00edho prostoru. \u0158ada RG m\u016f\u017ee vys\u00e1vat &#8230; <\/p>\n<p class=\"read-more-container\"><a title=\"Ods\u00e1vac\u00ed ventil\u00e1tory: \u0159ada EUROSOG RG 100-800\" class=\"read-more button\" href=\"https:\/\/obera.fr\/cs\/produits\/aspirateurs-industriels\/ventilateurs-aspiration-gamme-eurosog-rg-100-800\/#more-45476\" aria-label=\"\u010c\u00edst v\u00edce o Ods\u00e1vac\u00ed ventil\u00e1tory: \u0159ada EUROSOG RG 100-800\">Lire la suite<\/a><\/p>\n","protected":false},"author":4,"featured_media":83734,"parent":48505,"menu_order":0,"comment_status":"closed","ping_status":"closed","template":"","meta":{"_acf_changed":false,"_seopress_robots_primary_cat":"","_seopress_titles_title":"Sac\u00ed ventil\u00e1tory EUROSOG RG - OberA","_seopress_titles_desc":"Objevte sac\u00ed jednotky RG 100 a\u017e RG 800. Jsou navr\u017eeny tak, aby v\u00fdrazn\u011b zlep\u0161ily kvalitu vzduchu t\u00edm, \u017ee ods\u00e1vaj\u00ed prach, pachy, v\u00fdpary a plyny.","_seopress_robots_index":"","footnotes":""},"class_list":{"0":"post-45476","1":"page","2":"type-page","3":"status-publish","4":"has-post-thumbnail","6":"no-featured-image-padding","7":"resize-featured-image"},"acf":[],"_links":{"self":[{"href":"https:\/\/obera.fr\/cs\/wp-json\/wp\/v2\/pages\/45476","targetHints":{"allow":["GET"]}}],"collection":[{"href":"https:\/\/obera.fr\/cs\/wp-json\/wp\/v2\/pages"}],"about":[{"href":"https:\/\/obera.fr\/cs\/wp-json\/wp\/v2\/types\/page"}],"author":[{"embeddable":true,"href":"https:\/\/obera.fr\/cs\/wp-json\/wp\/v2\/users\/4"}],"replies":[{"embeddable":true,"href":"https:\/\/obera.fr\/cs\/wp-json\/wp\/v2\/comments?post=45476"}],"version-history":[{"count":12,"href":"https:\/\/obera.fr\/cs\/wp-json\/wp\/v2\/pages\/45476\/revisions"}],"predecessor-version":[{"id":132930,"href":"https:\/\/obera.fr\/cs\/wp-json\/wp\/v2\/pages\/45476\/revisions\/132930"}],"up":[{"embeddable":true,"href":"https:\/\/obera.fr\/cs\/wp-json\/wp\/v2\/pages\/48505"}],"wp:featuredmedia":[{"embeddable":true,"href":"https:\/\/obera.fr\/cs\/wp-json\/wp\/v2\/media\/83734"}],"wp:attachment":[{"href":"https:\/\/obera.fr\/cs\/wp-json\/wp\/v2\/media?parent=45476"}],"curies":[{"name":"wp","href":"https:\/\/api.w.org\/{rel}","templated":true}]}}