{"id":45591,"date":"2021-10-01T20:14:13","date_gmt":"2021-10-01T18:14:13","guid":{"rendered":"https:\/\/obera.fr\/dekuji\/"},"modified":"2024-11-06T12:12:27","modified_gmt":"2024-11-06T10:12:27","slug":"dekuji","status":"publish","type":"page","link":"https:\/\/obera.fr\/cs\/contact\/dekuji\/","title":{"rendered":"D\u011bkuji"},"content":{"rendered":"\n<p>Zavol\u00e1me v\u00e1m co nejd\u0159\u00edve.<\/p>\n","protected":false},"excerpt":{"rendered":"<p>Zavol\u00e1me v\u00e1m co nejd\u0159\u00edve.<\/p>\n","protected":false},"author":4,"featured_media":0,"parent":48884,"menu_order":0,"comment_status":"closed","ping_status":"closed","template":"","meta":{"_acf_changed":false,"_seopress_robots_primary_cat":"","_seopress_titles_title":"","_seopress_titles_desc":"","_seopress_robots_index":"ano","footnotes":""},"class_list":{"0":"post-45591","1":"page","2":"type-page","3":"status-publish","5":"no-featured-image-padding"},"acf":[],"_links":{"self":[{"href":"https:\/\/obera.fr\/cs\/wp-json\/wp\/v2\/pages\/45591","targetHints":{"allow":["GET"]}}],"collection":[{"href":"https:\/\/obera.fr\/cs\/wp-json\/wp\/v2\/pages"}],"about":[{"href":"https:\/\/obera.fr\/cs\/wp-json\/wp\/v2\/types\/page"}],"author":[{"embeddable":true,"href":"https:\/\/obera.fr\/cs\/wp-json\/wp\/v2\/users\/4"}],"replies":[{"embeddable":true,"href":"https:\/\/obera.fr\/cs\/wp-json\/wp\/v2\/comments?post=45591"}],"version-history":[{"count":1,"href":"https:\/\/obera.fr\/cs\/wp-json\/wp\/v2\/pages\/45591\/revisions"}],"predecessor-version":[{"id":45597,"href":"https:\/\/obera.fr\/cs\/wp-json\/wp\/v2\/pages\/45591\/revisions\/45597"}],"up":[{"embeddable":true,"href":"https:\/\/obera.fr\/cs\/wp-json\/wp\/v2\/pages\/48884"}],"wp:attachment":[{"href":"https:\/\/obera.fr\/cs\/wp-json\/wp\/v2\/media?parent=45591"}],"curies":[{"name":"wp","href":"https:\/\/api.w.org\/{rel}","templated":true}]}}