{"id":46142,"date":"2022-11-23T11:48:48","date_gmt":"2022-11-23T09:48:48","guid":{"rendered":"https:\/\/obera.fr\/dustomat-hydro-stacionarni-mokry-odlucovac-prachu\/"},"modified":"2025-11-15T17:23:15","modified_gmt":"2025-11-15T15:23:15","slug":"depoussiereur-a-voie-humide-dustomat-hydro","status":"publish","type":"page","link":"https:\/\/obera.fr\/cs\/produits\/depoussiereurs-industriels\/fixes\/depoussiereur-a-voie-humide-dustomat-hydro\/","title":{"rendered":"DUSTOMAT HYDRO : stacion\u00e1rn\u00ed mokr\u00fd odlu\u010dova\u010d prachu"},"content":{"rendered":"\n<p>Objevte na\u0161i \u0159adu <strong>mokr\u00fdch odlu\u010dova\u010d\u016f prachu DUSTOMAT HYDRO<\/strong>, kter\u00e9 kombinuj\u00ed v\u00fdkon a \u00fa\u010dinnost pro ods\u00e1v\u00e1n\u00ed vysoce ho\u0159lav\u00fdch l\u00e1tek.<\/p>\n\n<h2 class=\"wp-block-heading\">Pr\u016fmyslov\u00fd vysava\u010d DUSTOMAT HYDRO : jak funguje a jak ho pou\u017e\u00edvat ?<\/h2>\n\n<div class=\"wp-block-columns is-layout-flex wp-container-core-columns-is-layout-28f84493 wp-block-columns-is-layout-flex\">\n<div class=\"wp-block-column is-layout-flow wp-block-column-is-layout-flow\" style=\"flex-basis:33.33%\">\n<figure class=\"wp-block-image aligncenter size-full is-resized\"><img decoding=\"async\" width=\"600\" height=\"600\" src=\"https:\/\/obera.fr\/wp-content\/uploads\/2022\/11\/dustomat-hydro-1.png\" alt=\"dustomat hydro 1\" class=\"wp-image-15989\" style=\"width:300px;height:300px\" srcset=\"https:\/\/obera.fr\/wp-content\/uploads\/2022\/11\/dustomat-hydro-1.png 600w, https:\/\/obera.fr\/wp-content\/uploads\/2022\/11\/dustomat-hydro-1-300x300.png 300w, https:\/\/obera.fr\/wp-content\/uploads\/2022\/11\/dustomat-hydro-1-150x150.png 150w\" sizes=\"(max-width: 600px) 100vw, 600px\" \/><\/figure>\n<\/div>\n\n\n\n<div class=\"wp-block-column is-vertically-aligned-center is-layout-flow wp-block-column-is-layout-flow\" style=\"flex-basis:66.66%\">\n<p>Hlavn\u00ed s\u00edla \u0159ady DUSTOMAT HYDRO spo\u010d\u00edv\u00e1 v <strong>inovativn\u00ed v\u00edcestup\u0148ov\u00e9 separa\u010dn\u00ed technologii pro zachycov\u00e1n\u00ed prachu a jisker<\/strong>. Zne\u010di\u0161t\u011bn\u00fd vzduch je nas\u00e1v\u00e1n ventil\u00e1torem integrovan\u00fdm v odlu\u010dova\u010di prachu. Rychlost vzduchu se sni\u017euje, co\u017e umo\u017e\u0148uje t\u011b\u017ek\u00fdm \u010d\u00e1stic\u00edm klesnout do sb\u011brn\u00e9 n\u00e1doby: jedn\u00e1 se o prvn\u00ed f\u00e1zi p\u0159edb\u011b\u017en\u00e9 separace \u010d\u00e1stic. Vzduch pot\u00e9 proch\u00e1z\u00ed do <strong>hydrocyklonu<\/strong>, kter\u00fd vyu\u017e\u00edv\u00e1 odst\u0159edivou s\u00edlu k odd\u011blen\u00ed jemn\u00fdch \u010d\u00e1stic od vody. Tyto \u010d\u00e1stice jsou zachyceny ve vod\u011b a jiskry jsou ochlazov\u00e1ny, aby se staly ne\u0161kodn\u00fdmi. Nakonec posledn\u00ed f\u00e1ze filtrace umo\u017e\u0148uje zachytit posledn\u00ed jemn\u00e9 \u010d\u00e1stice, aby byl vypu\u0161t\u011bn \u010dist\u00fd vzduch. Tato filtra\u010dn\u00ed technologie zaru\u010duje vysokou \u00fa\u010dinnost separace a\u017e 99,995%.<\/p>\n\n\n\n<p>Pro jak\u00e9 \u00fa\u010dely? <strong>Mokr\u00e9 odlu\u010dova\u010de<\/strong> \u0159ady DUSTOMAT HYDRO jsou navr\u017eeny pro ods\u00e1v\u00e1n\u00ed vysoce ho\u0159lav\u00fdch l\u00e1tek nebo pro pracovn\u00ed procesy s jiskrami. Jsou vhodn\u00e9 pro jedno- nebo v\u00edcestani\u010dn\u00ed ods\u00e1vac\u00ed syst\u00e9my pro kovov\u00fd prach, nap\u0159\u00edklad p\u0159i <strong>brou\u0161en\u00ed<\/strong>, <strong>kart\u00e1\u010dov\u00e1n\u00ed<\/strong> a <strong>le\u0161t\u011bn\u00ed<\/strong>. DUSTOMAT HYDRO je tak\u00e9 v souladu s normou ATEX pro efektivn\u00ed a bezpe\u010dn\u00e9 pou\u017eit\u00ed v explozivn\u00edm prost\u0159ed\u00ed. Ve skute\u010dnosti jsou tyto <a href=\"https:\/\/obera.fr\/cs\/produits\/depoussiereurs-industriels\/fixes\/\" data-type=\"page\" data-id=\"389\">pevn\u00e9 mokr\u00e9 odlu\u010dova\u010de prachu<\/a> obl\u00edben\u00e9 v <strong>hutn\u00edm<\/strong>, <strong>chemick\u00e9m<\/strong>, <strong>potravin\u00e1\u0159sk\u00e9m<\/strong> pr\u016fmyslu nebo v <strong>d\u0159evozpracuj\u00edc\u00edm a \u0159emesln\u00e9m pr\u016fmyslu<\/strong>.<\/p>\n\n\n\n<div class=\"wp-block-columns is-layout-flex wp-container-core-columns-is-layout-28f84493 wp-block-columns-is-layout-flex\">\n<div class=\"wp-block-column is-layout-flow wp-block-column-is-layout-flow\" style=\"flex-basis:33.33%\">\n<div class=\"wp-block-buttons is-layout-flex wp-block-buttons-is-layout-flex\">\n<div class=\"wp-block-button\"><a class=\"wp-block-button__link wp-element-button\" href=\"https:\/\/obera.fr\/wp-content\/uploads\/2025\/04\/brochure-dustomat-hydro-fr.pdf\">ST\u00c1HNOUT BRO\u017dURU<\/a><\/div>\n<\/div>\n<\/div>\n\n\n\n<div class=\"wp-block-column is-layout-flow wp-block-column-is-layout-flow\" style=\"flex-basis:33.34%\">\n<div class=\"wp-block-buttons is-horizontal is-content-justification-center is-layout-flex wp-container-core-buttons-is-layout-03627597 wp-block-buttons-is-layout-flex\">\n<div class=\"wp-block-button has-custom-width wp-block-button__width-100\"><a class=\"wp-block-button__link wp-element-button\" href=\"https:\/\/obera.fr\/cs\/kontaktujte-nas\/\">Zjist\u011bte v\u00edce<\/a><\/div>\n<\/div>\n<\/div>\n\n\n\n<div class=\"wp-block-column is-layout-flow wp-block-column-is-layout-flow\" style=\"flex-basis:33.34%\">\n<div class=\"wp-block-buttons is-content-justification-center is-layout-flex wp-container-core-buttons-is-layout-a89b3969 wp-block-buttons-is-layout-flex\">\n<div class=\"wp-block-button btn-devis-source\"><a class=\"wp-block-button__link wp-element-button\" href=\"https:\/\/obera.fr\/cs\/devis\/\">Po\u017e\u00e1dat o cenovou nab\u00eddku<\/a><\/div>\n<\/div>\n\n\n<script>\r\ndocument.addEventListener('DOMContentLoaded', function() {\r\n    \/\/ 1. On cherche le titre H1 de la page\r\n    var h1 = document.querySelector('h1');\r\n    var productTitle = h1 ? h1.innerText.trim() : \"\";\r\n\r\n    \/\/ 2. On cherche les boutons via la classe CSS .btn-devis-source\r\n    var buttons = document.querySelectorAll('.btn-devis-source a');\r\n\r\n    \/\/ 3. Si on a le titre et les boutons, on ajoute le param\u00e8tre\r\n    if (buttons.length > 0 && productTitle !== \"\") {\r\n        var encodedTitle = encodeURIComponent(productTitle);\r\n\r\n        buttons.forEach(function(btn) {\r\n            var currentHref = btn.getAttribute('href');\r\n            \r\n            \/\/ S\u00e9curit\u00e9 pour ne pas ajouter le param\u00e8tre 2 fois\r\n            if (currentHref.indexOf('sujet=') === -1) {\r\n                var separator = currentHref.indexOf('?') !== -1 ? '&' : '?';\r\n                var newLink = currentHref + separator + 'sujet=' + encodedTitle;\r\n                \r\n                btn.setAttribute('href', newLink);\r\n            }\r\n        });\r\n    }\r\n});\r\n<\/script><\/div>\n<\/div>\n<\/div>\n<\/div>\n\n<div style=\"height:30px\" aria-hidden=\"true\" class=\"wp-block-spacer\"><\/div>\n\n<h2 class=\"wp-block-heading\">Charakteristika mokr\u00fdch odlu\u010dova\u010d\u016f prachu DUSTOMAT HYDRO<\/h2>\n\n<p>\u0158ada DUSTOMAT HYDRO nab\u00edz\u00ed <strong>4 modely mokr\u00fdch odlu\u010dova\u010d\u016f prachu<\/strong> s v\u00fdkonem v rozsahu <strong>pr\u016ftoku od 2 300 do 10 000 m\u00b3\/h<\/strong>. V\u0161echny nab\u00edzej\u00ed \u0161irokou \u0161k\u00e1lu aplikac\u00ed pro ods\u00e1v\u00e1n\u00ed kovov\u00fdch t\u0159\u00edsek, sva\u0159ovac\u00edch d\u00fdm\u016f, hlin\u00edkov\u00e9ho, ocelov\u00e9ho, titanov\u00e9ho prachu, ods\u00e1v\u00e1n\u00ed v\u00fdbu\u0161n\u00fdch materi\u00e1l\u016f (voliteln\u011b v souladu s <a href=\"https:\/\/obera.fr\/cs\/nase-rady\/zone-atex-norme-atex-bases-protection-contre-risque-explosion\/\" data-type=\"post\" data-id=\"17925\">normou ATEX<\/a>) a kovov\u00e9ho prachu generuj\u00edc\u00edho jiskry. V\u0161estrannost, d\u00edky n\u00ed\u017e je tato \u0159ada obzvl\u00e1\u0161t\u011b \u00fa\u010dinn\u00e1 pro ods\u00e1v\u00e1n\u00ed \u010d\u00e1stic vznikaj\u00edc\u00edch p\u0159i procesech brou\u0161en\u00ed, le\u0161t\u011bn\u00ed, \u0159ez\u00e1n\u00ed, fr\u00e9zov\u00e1n\u00ed nebo sva\u0159ov\u00e1n\u00ed.<\/p>\n\n<p>Krom\u011b toho je DUSTOMAT HYDRO odlu\u010dova\u010d prachu, kter\u00fd se skute\u010dn\u011b dok\u00e1\u017ee p\u0159izp\u016fsobit pot\u0159eb\u00e1m pr\u016fmyslov\u00fdch podnik\u016f. Krom\u011b shody s ATEX lze voliteln\u011b p\u0159idat speci\u00e1ln\u00ed n\u00e1t\u011br a tak\u00e9 variabiln\u00ed polohu <strong>sac\u00edho hrdla<\/strong>. M\u00e1te tak\u00e9 na v\u00fdb\u011br z filtra\u010dn\u00edch m\u00e9di\u00ed (nap\u0159\u00edklad HEPA filtr H 14 pro karcinogenn\u00ed \u010d\u00e1stice). D\u00e1le <strong><a href=\"https:\/\/obera.fr\/cs\/produits\/depoussiereurs-industriels\/\" data-type=\"page\" data-id=\"31\">pr\u016fmyslov\u00e9 odlu\u010dova\u010de prachu<\/a><\/strong> t\u00e9to \u0159ady disponuj\u00ed dv\u011bma \u00farovn\u011bmi v\u00fdkonu, konfigurovateln\u00fdm filtra\u010dn\u00edm syst\u00e9mem (a\u017e 4 \u00farovn\u011b filtrace) a senzory, kter\u00e9 automaticky reguluj\u00ed dopl\u0148ov\u00e1n\u00ed vody.<\/p>\n\n<p>Dal\u0161\u00ed vlastnost\u00ed \u0159ady DUSTOMAT HYDRO jsou <strong>n\u00edzk\u00e9 n\u00e1klady na \u00fadr\u017ebu,<\/strong> proto\u017ee syst\u00e9m filtrace jemn\u00fdch \u010d\u00e1stic je um\u00edst\u011bn a\u017e za n\u00ed.<\/p>\n\n<blockquote class=\"wp-block-quote is-layout-flow wp-block-quote-is-layout-flow\">\n<p>Inovativn\u00ed technologie DUSTOMAT HYDRO: separa\u010dn\u00ed syst\u00e9m zalo\u017een\u00fd na hydrocyklonu \u010din\u00ed jiskry a ho\u0159lav\u00fd prach t\u00e9m\u011b\u0159 zcela ne\u0161kodn\u00fdmi, a to ji\u017e od prvn\u00ed \u00farovn\u011b filtrace (m\u00edra separace 98,7%). I ty nejmen\u0161\u00ed frakce \u010d\u00e1stic \u2265 15 \u00b5m jsou bezpe\u010dn\u011b v\u00e1z\u00e1ny ve vodn\u00ed turbulentn\u00ed komo\u0159e, co\u017e spole\u010dnosti OberA umo\u017e\u0148uje pozvednout kvalitu p\u0159edb\u011b\u017en\u00e9 separace na vy\u0161\u0161\u00ed \u00farove\u0148. U\u017eivatel\u00e9 profituj\u00ed z v\u00fdznamn\u00e9ho efektu: filtra\u010dn\u00ed m\u00e9dia n\u00e1sledn\u00e9ho such\u00e9ho separa\u010dn\u00edho syst\u00e9mu jsou \u0161et\u0159ena, co\u017e vede k del\u0161\u00ed \u017eivotnosti a sn\u00ed\u017een\u00ed n\u00e1sledn\u00fdch n\u00e1klad\u016f.<\/p>\n<\/blockquote>\n\n<div class=\"wp-block-columns is-layout-flex wp-container-core-columns-is-layout-28f84493 wp-block-columns-is-layout-flex\">\n<div class=\"wp-block-column is-layout-flow wp-block-column-is-layout-flow\">\n<h3 class=\"wp-block-heading has-text-align-center\" id=\"industries\">Odv\u011btv\u00ed<\/h3>\n\n\n\n<hr class=\"wp-block-separator has-css-opacity is-style-wide\"\/>\n\n\n\n<div class=\"wp-block-columns is-layout-flex wp-container-core-columns-is-layout-28f84493 wp-block-columns-is-layout-flex\">\n<div class=\"wp-block-column is-layout-flow wp-block-column-is-layout-flow\">\n<figure class=\"wp-block-image aligncenter size-full\"><img decoding=\"async\" width=\"150\" height=\"150\" src=\"https:\/\/obera.fr\/wp-content\/uploads\/2022\/02\/Metalurgie.png\" alt=\"obr&#xE1;b&#x11B;n&#xED; kov&#x16F;\" class=\"wp-image-8857\"\/><figcaption class=\"wp-element-caption\">Obr\u00e1b\u011bn\u00ed kov\u016f<\/figcaption><\/figure>\n\n\n\n<figure class=\"wp-block-image aligncenter size-full\"><img decoding=\"async\" width=\"150\" height=\"150\" src=\"https:\/\/obera.fr\/wp-content\/uploads\/2022\/02\/Textile.png\" alt=\"textil\" class=\"wp-image-8855\"\/><figcaption class=\"wp-element-caption\">Textil<\/figcaption><\/figure>\n<\/div>\n\n\n\n<div class=\"wp-block-column is-layout-flow wp-block-column-is-layout-flow\">\n<figure class=\"wp-block-image aligncenter size-full\"><img decoding=\"async\" width=\"150\" height=\"150\" src=\"https:\/\/obera.fr\/wp-content\/uploads\/2022\/02\/Chimie.png\" alt=\"chemie\" class=\"wp-image-8846\"\/><figcaption class=\"wp-element-caption\">Chemie<\/figcaption><\/figure>\n\n\n\n<figure class=\"wp-block-image aligncenter size-full\"><img decoding=\"async\" width=\"150\" height=\"150\" src=\"https:\/\/obera.fr\/wp-content\/uploads\/2022\/02\/Plastique.png\" alt=\"plast\" class=\"wp-image-8854\"\/><figcaption class=\"wp-element-caption\">Plastov\u00e9<\/figcaption><\/figure>\n<\/div>\n\n\n\n<div class=\"wp-block-column is-layout-flow wp-block-column-is-layout-flow\">\n<figure class=\"wp-block-image aligncenter size-full\"><img decoding=\"async\" width=\"150\" height=\"150\" src=\"https:\/\/obera.fr\/wp-content\/uploads\/2022\/02\/MINERAIS.png\" alt=\"rudy\" class=\"wp-image-8847\"\/><figcaption class=\"wp-element-caption\">Miner\u00e1ly<\/figcaption><\/figure>\n\n\n\n<figure class=\"wp-block-image aligncenter size-full\"><img decoding=\"async\" width=\"150\" height=\"150\" src=\"https:\/\/obera.fr\/wp-content\/uploads\/2022\/02\/Papier-carton.png\" alt=\"pap&#xED;r a lepenka\" class=\"wp-image-8853\"\/><figcaption class=\"wp-element-caption\">Pap\u00edr\/karton<\/figcaption><\/figure>\n<\/div>\n\n\n\n<div class=\"wp-block-column is-layout-flow wp-block-column-is-layout-flow\">\n<figure class=\"wp-block-image aligncenter size-full\"><img decoding=\"async\" width=\"150\" height=\"150\" src=\"https:\/\/obera.fr\/wp-content\/uploads\/2022\/02\/AGROALIMENTAIRE.png\" alt=\"zem&#x11B;d&#x11B;lsko-potravin&#xE1;&#x159;sk&#xFD;\" class=\"wp-image-8844\"\/><figcaption class=\"wp-element-caption\">Potravin\u00e1\u0159sk\u00fd pr\u016fmysl<\/figcaption><\/figure>\n<\/div>\n<\/div>\n<\/div>\n<\/div>\n\n<figure class=\"wp-block-table\"><table class=\"has-fixed-layout\"><tbody><tr><td><\/td><td><\/td><td><strong>DUSTOMAT HYDRO 2300<\/strong><\/td><td><strong>DUSTOMAT HYDRO 3500<\/strong><\/td><td><strong>DUSTOMAT HYDRO 6000<\/strong><\/td><td><strong>DUSTOMAT HYDRO 10000<\/strong><\/td><\/tr><tr><td>Pr\u016ftok<\/td><td>m3\/h<\/td><td>2 300<\/td><td>3 500<\/td><td>6 000<\/td><td>10 000<\/td><\/tr><tr><td>Maxim\u00e1ln\u00ed podtlak<\/td><td>Pa<\/td><td>2 500<\/td><td>3 400<\/td><td>3 950<\/td><td>4 800<\/td><\/tr><tr><td>Power<\/td><td>kW<\/td><td>3<\/td><td>5,5<\/td><td>7.5<\/td><td>15<\/td><\/tr><tr><td>Pr\u016fm\u011br vstupn\u00edho otvoru<\/td><td>mm<\/td><td>180<\/td><td>224<\/td><td>280<\/td><td>400<\/td><\/tr><tr><td>P\u0159ipojen\u00ed vody<\/td><td>Palce<\/td><td>3\/4<\/td><td>3\/4<\/td><td>3\/4<\/td><td>3\/4<\/td><\/tr><tr><td>Rozm\u011bry<\/td><td>l\/L\/h (mm)<\/td><td>850x850x2600<\/td><td>850x850x2600<\/td><td>1350 x 1550 x 3400<\/td><td>1350 x 1550 x 3400<\/td><\/tr><tr><td>Hladina hluku<\/td><td>dB(A)<\/td><td>70*<\/td><td>72*<\/td><td>73.4<\/td><td>76.1<\/td><\/tr><tr><td>Hmotnost<\/td><td>kg<\/td><td>340<\/td><td>380<\/td><td>750<\/td><td>870<\/td><\/tr><\/tbody><\/table><\/figure>\n\n<p>* bez zvukov\u00e9 izolace: 75 db(A)<\/p>\n\n<div class=\"wp-block-columns is-layout-flex wp-container-core-columns-is-layout-28f84493 wp-block-columns-is-layout-flex\">\n<div class=\"wp-block-column is-layout-flow wp-block-column-is-layout-flow\"><\/div>\n\n\n\n<div class=\"wp-block-column is-layout-flow wp-block-column-is-layout-flow\">\n<div class=\"wp-block-buttons is-content-justification-center is-layout-flex wp-container-core-buttons-is-layout-a89b3969 wp-block-buttons-is-layout-flex\">\n<div class=\"wp-block-button btn-devis-source\"><a class=\"wp-block-button__link wp-element-button\" href=\"https:\/\/obera.fr\/cs\/devis\/\">Po\u017e\u00e1dat o cenovou nab\u00eddku<\/a><\/div>\n<\/div>\n\n\n<script>\r\ndocument.addEventListener('DOMContentLoaded', function() {\r\n    \/\/ 1. On cherche le titre H1 de la page\r\n    var h1 = document.querySelector('h1');\r\n    var productTitle = h1 ? h1.innerText.trim() : \"\";\r\n\r\n    \/\/ 2. On cherche les boutons via la classe CSS .btn-devis-source\r\n    var buttons = document.querySelectorAll('.btn-devis-source a');\r\n\r\n    \/\/ 3. Si on a le titre et les boutons, on ajoute le param\u00e8tre\r\n    if (buttons.length > 0 && productTitle !== \"\") {\r\n        var encodedTitle = encodeURIComponent(productTitle);\r\n\r\n        buttons.forEach(function(btn) {\r\n            var currentHref = btn.getAttribute('href');\r\n            \r\n            \/\/ S\u00e9curit\u00e9 pour ne pas ajouter le param\u00e8tre 2 fois\r\n            if (currentHref.indexOf('sujet=') === -1) {\r\n                var separator = currentHref.indexOf('?') !== -1 ? '&' : '?';\r\n                var newLink = currentHref + separator + 'sujet=' + encodedTitle;\r\n                \r\n                btn.setAttribute('href', newLink);\r\n            }\r\n        });\r\n    }\r\n});\r\n<\/script><\/div>\n\n\n\n<div class=\"wp-block-column is-layout-flow wp-block-column-is-layout-flow\">\n<div class=\"wp-block-buttons is-content-justification-center is-layout-flex wp-container-core-buttons-is-layout-a89b3969 wp-block-buttons-is-layout-flex\">\n<div class=\"wp-block-button\"><a class=\"wp-block-button__link wp-element-button\" href=\"https:\/\/obera.fr\/wp-content\/uploads\/2025\/04\/brochure-dustomat-hydro-fr.pdf\">St\u00e1hn\u011bte si bro\u017euru<\/a><\/div>\n<\/div>\n<\/div>\n\n\n\n<div class=\"wp-block-column is-layout-flow wp-block-column-is-layout-flow\"><\/div>\n<\/div>\n\n<h2 class=\"wp-block-heading\">DUSTOMAT HYDRO: jak\u00e9 jsou jeho v\u00fdhody?  <\/h2>\n\n<p>Odlu\u010dova\u010de prachu \u0159ady DUSTOMAT HYDRO \u0159e\u0161\u00ed <strong>prim\u00e1rn\u00ed probl\u00e9m kvality ovzdu\u0161\u00ed v pr\u016fmyslu<\/strong>, zlep\u0161ov\u00e1n\u00edm zdrav\u00ed a bezpe\u010dnosti v\u00fdrobn\u00edch t\u00fdm\u016f. <strong>Sn\u00ed\u017een\u00ed expozice jemn\u00e9mu prachu<\/strong>, zne\u010di\u0161\u0165uj\u00edc\u00edm l\u00e1tk\u00e1m, zlep\u0161en\u00ed kvality ovzdu\u0161\u00ed v d\u00edln\u011b\u2026 Volba mokr\u00e9ho odlu\u010dova\u010de prachu znamen\u00e1 vytvo\u0159en\u00ed zdrav\u011bj\u0161\u00edho a p\u0159\u00edjemn\u011bj\u0161\u00edho pracovn\u00edho prost\u0159ed\u00ed, krom\u011b spln\u011bn\u00ed platn\u00fdch ekologick\u00fdch norem. Pro zlep\u0161en\u00ed u\u017eivatelsk\u00e9ho komfortu jsou modely t\u00e9to \u0159ady kompaktn\u00ed a tich\u00e9. Pro \u0159e\u0161en\u00ed prostorov\u00fdch probl\u00e9m\u016f lze za\u0159\u00edzen\u00ed instalovat uvnit\u0159 nebo venku.<\/p>\n\n<p>Pokud jde o bezpe\u010dnost, jej\u00ed inovativn\u00ed hydrocyklonov\u00e1 technologie <strong>zaji\u0161\u0165uje maxim\u00e1ln\u00ed bezpe\u010dnost pracovi\u0161\u0165<\/strong> dv\u011bma zp\u016fsoby: sni\u017euje riziko po\u017e\u00e1ru zp\u016fsoben\u00e9ho prachem a tak\u00e9 zabra\u0148uje hromad\u011bn\u00ed prachu na za\u0159\u00edzen\u00ed a po\u0161kozov\u00e1n\u00ed stroj\u016f.<\/p>\n\n<p>Co se t\u00fd\u010de investic vy\u017eadovan\u00fdch v\u00fdrobcem, <strong>syst\u00e9m je navr\u017een tak, aby spot\u0159ebov\u00e1val m\u00e1lo energie na oh\u0159ev vody,<\/strong> co\u017e znamen\u00e1 \u00fasporu na \u00fa\u010dtech za energie.<\/p>\n\n<div class=\"wp-block-columns is-layout-flex wp-container-core-columns-is-layout-28f84493 wp-block-columns-is-layout-flex\">\n<div class=\"wp-block-column is-layout-flow wp-block-column-is-layout-flow\">\n<h3 class=\"wp-block-heading\">V\u00fdhody :<\/h3>\n\n\n\n<ul class=\"wp-block-list\">\n<li>Zv\u00fd\u0161en\u00e1 bezpe\u010dnost i ve v\u00fdbu\u0161n\u00e9m prost\u0159ed\u00ed;<\/li>\n\n\n\n<li>N\u00edzk\u00e1 spot\u0159eba energie a vody d\u00edky regulaci vody;<\/li>\n\n\n\n<li>Snadno se pou\u017e\u00edv\u00e1 d\u00edky dotykov\u00e9mu displeji;<\/li>\n\n\n\n<li><strong> <\/strong>Snadn\u00e1 obsluha a \u00fadr\u017eba, n\u00edzk\u00e9 provozn\u00ed n\u00e1klady.<\/li>\n<\/ul>\n<\/div>\n\n\n\n<div class=\"wp-block-column is-layout-flow wp-block-column-is-layout-flow\">\n<h3 class=\"wp-block-heading\">Speci\u00e1ln\u00ed funkce:<\/h3>\n\n\n\n<ul class=\"wp-block-list\">\n<li>Vysoce v\u00fdkonn\u00fd v\u00edcestup\u0148ov\u00fd odlu\u010dovac\u00ed syst\u00e9m pro jemn\u00fd prach, ho\u0159lav\u00fd prach a jiskry;<\/li>\n\n\n\n<li>\u00da\u010dinnost separace a\u017e 99,995 % ;<\/li>\n\n\n\n<li>Ods\u00e1v\u00e1n\u00ed z jedn\u00e9 nebo v\u00edce stanic.<\/li>\n<\/ul>\n<\/div>\n\n\n\n<div class=\"wp-block-column is-layout-flow wp-block-column-is-layout-flow\">\n<h3 class=\"wp-block-heading\">Vlastnosti :<\/h3>\n\n\n\n<ul class=\"wp-block-list\">\n<li>Spl\u0148uje normu ATEX ;<\/li>\n\n\n\n<li>Tich\u00fd provoz ;<\/li>\n\n\n\n<li>Voliteln\u011b: recirkula\u010dn\u00ed provoz (sni\u017euje n\u00e1klady na vyt\u00e1p\u011bn\u00ed).<\/li>\n<\/ul>\n<\/div>\n<\/div>\n\n<div class=\"wp-block-columns is-layout-flex wp-container-core-columns-is-layout-28f84493 wp-block-columns-is-layout-flex\">\n<div class=\"wp-block-column is-layout-flow wp-block-column-is-layout-flow\">\n<figure class=\"wp-block-image size-full is-resized\"><img decoding=\"async\" width=\"600\" height=\"600\" src=\"https:\/\/obera.fr\/wp-content\/uploads\/2022\/11\/norme-atex.jpg\" alt=\"standard atex\" class=\"wp-image-15992\" style=\"width:300px;height:300px\" srcset=\"https:\/\/obera.fr\/wp-content\/uploads\/2022\/11\/norme-atex.jpg 600w, https:\/\/obera.fr\/wp-content\/uploads\/2022\/11\/norme-atex-300x300.jpg 300w, https:\/\/obera.fr\/wp-content\/uploads\/2022\/11\/norme-atex-150x150.jpg 150w\" sizes=\"(max-width: 600px) 100vw, 600px\" \/><\/figure>\n<\/div>\n\n\n\n<div class=\"wp-block-column is-layout-flow wp-block-column-is-layout-flow\">\n<figure class=\"wp-block-image size-full is-resized\"><img decoding=\"async\" width=\"600\" height=\"600\" src=\"https:\/\/obera.fr\/wp-content\/uploads\/2022\/11\/dustomat-hydro-2.jpg\" alt=\"dustomat hydro 2\" class=\"wp-image-15995\" style=\"width:300px;height:300px\" srcset=\"https:\/\/obera.fr\/wp-content\/uploads\/2022\/11\/dustomat-hydro-2.jpg 600w, https:\/\/obera.fr\/wp-content\/uploads\/2022\/11\/dustomat-hydro-2-300x300.jpg 300w, https:\/\/obera.fr\/wp-content\/uploads\/2022\/11\/dustomat-hydro-2-150x150.jpg 150w\" sizes=\"(max-width: 600px) 100vw, 600px\" \/><\/figure>\n<\/div>\n\n\n\n<div class=\"wp-block-column is-layout-flow wp-block-column-is-layout-flow\">\n<figure class=\"wp-block-image size-full is-resized\"><img decoding=\"async\" width=\"600\" height=\"600\" src=\"https:\/\/obera.fr\/wp-content\/uploads\/2022\/11\/vanne-de-vidange.jpg\" alt=\"vypou&#x161;t&#x11B;c&#xED; ventil\" class=\"wp-image-15998\" style=\"width:300px;height:300px\" srcset=\"https:\/\/obera.fr\/wp-content\/uploads\/2022\/11\/vanne-de-vidange.jpg 600w, https:\/\/obera.fr\/wp-content\/uploads\/2022\/11\/vanne-de-vidange-300x300.jpg 300w, https:\/\/obera.fr\/wp-content\/uploads\/2022\/11\/vanne-de-vidange-150x150.jpg 150w\" sizes=\"(max-width: 600px) 100vw, 600px\" \/><\/figure>\n<\/div>\n<\/div>\n\n<div class=\"wp-block-buttons is-content-justification-center is-layout-flex wp-container-core-buttons-is-layout-a89b3969 wp-block-buttons-is-layout-flex\">\n<div class=\"wp-block-button\"><a class=\"wp-block-button__link wp-element-button\" href=\"https:\/\/obera.fr\/cs\/contact\/\">Testov\u00e1n\u00ed za\u0159\u00edzen\u00ed DUSTOMAT HYDRO<\/a><\/div>\n<\/div>\n","protected":false},"excerpt":{"rendered":"<p>Objevte na\u0161i \u0159adu mokr\u00fdch odlu\u010dova\u010d\u016f prachu DUSTOMAT HYDRO, kter\u00e9 kombinuj\u00ed v\u00fdkon a \u00fa\u010dinnost pro ods\u00e1v\u00e1n\u00ed vysoce ho\u0159lav\u00fdch l\u00e1tek. Pr\u016fmyslov\u00fd vysava\u010d DUSTOMAT HYDRO : jak funguje a jak ho pou\u017e\u00edvat ? Hlavn\u00ed s\u00edla \u0159ady DUSTOMAT HYDRO spo\u010d\u00edv\u00e1 v inovativn\u00ed v\u00edcestup\u0148ov\u00e9 separa\u010dn\u00ed technologii pro zachycov\u00e1n\u00ed prachu a jisker. Zne\u010di\u0161t\u011bn\u00fd vzduch je nas\u00e1v\u00e1n ventil\u00e1torem integrovan\u00fdm v odlu\u010dova\u010di prachu. Rychlost vzduchu se sni\u017euje, co\u017e umo\u017e\u0148uje t\u011b\u017ek\u00fdm \u010d\u00e1stic\u00edm klesnout do sb\u011brn\u00e9 n\u00e1doby: jedn\u00e1 se o prvn\u00ed f\u00e1zi p\u0159edb\u011b\u017en\u00e9 separace \u010d\u00e1stic. Vzduch pot\u00e9 proch\u00e1z\u00ed do hydrocyklonu, kter\u00fd vyu\u017e\u00edv\u00e1 odst\u0159edivou s\u00edlu k odd\u011blen\u00ed jemn\u00fdch \u010d\u00e1stic od vody. Tyto \u010d\u00e1stice jsou zachyceny ve vod\u011b a jiskry jsou ochlazov\u00e1ny, &#8230; <\/p>\n<p class=\"read-more-container\"><a title=\"DUSTOMAT HYDRO : stacion\u00e1rn\u00ed mokr\u00fd odlu\u010dova\u010d prachu\" class=\"read-more button\" href=\"https:\/\/obera.fr\/cs\/produits\/depoussiereurs-industriels\/fixes\/depoussiereur-a-voie-humide-dustomat-hydro\/#more-46142\" aria-label=\"\u010c\u00edst v\u00edce o DUSTOMAT HYDRO : stacion\u00e1rn\u00ed mokr\u00fd odlu\u010dova\u010d prachu\">Lire la suite<\/a><\/p>\n","protected":false},"author":4,"featured_media":83734,"parent":47261,"menu_order":0,"comment_status":"closed","ping_status":"closed","template":"","meta":{"_acf_changed":false,"_seopress_robots_primary_cat":"","_seopress_titles_title":"Mokr\u00fd \u010disti\u010d DUSTOMAT HYDRO od spole\u010dnosti oberA","_seopress_titles_desc":"Objevte na\u0161i \u0159adu mokr\u00fdch odlu\u010dova\u010d\u016f prachu DUSTOMAT HYDRO, kter\u00e9 kombinuj\u00ed v\u00fdkon a \u00fa\u010dinnost pro ods\u00e1v\u00e1n\u00ed vysoce ho\u0159lav\u00fdch l\u00e1tek.","_seopress_robots_index":"","footnotes":""},"class_list":{"0":"post-46142","1":"page","2":"type-page","3":"status-publish","4":"has-post-thumbnail","6":"no-featured-image-padding","7":"resize-featured-image"},"acf":[],"_links":{"self":[{"href":"https:\/\/obera.fr\/cs\/wp-json\/wp\/v2\/pages\/46142","targetHints":{"allow":["GET"]}}],"collection":[{"href":"https:\/\/obera.fr\/cs\/wp-json\/wp\/v2\/pages"}],"about":[{"href":"https:\/\/obera.fr\/cs\/wp-json\/wp\/v2\/types\/page"}],"author":[{"embeddable":true,"href":"https:\/\/obera.fr\/cs\/wp-json\/wp\/v2\/users\/4"}],"replies":[{"embeddable":true,"href":"https:\/\/obera.fr\/cs\/wp-json\/wp\/v2\/comments?post=46142"}],"version-history":[{"count":14,"href":"https:\/\/obera.fr\/cs\/wp-json\/wp\/v2\/pages\/46142\/revisions"}],"predecessor-version":[{"id":132889,"href":"https:\/\/obera.fr\/cs\/wp-json\/wp\/v2\/pages\/46142\/revisions\/132889"}],"up":[{"embeddable":true,"href":"https:\/\/obera.fr\/cs\/wp-json\/wp\/v2\/pages\/47261"}],"wp:featuredmedia":[{"embeddable":true,"href":"https:\/\/obera.fr\/cs\/wp-json\/wp\/v2\/media\/83734"}],"wp:attachment":[{"href":"https:\/\/obera.fr\/cs\/wp-json\/wp\/v2\/media?parent=46142"}],"curies":[{"name":"wp","href":"https:\/\/api.w.org\/{rel}","templated":true}]}}