{"id":46939,"date":"2020-08-26T12:34:20","date_gmt":"2020-08-26T10:34:20","guid":{"rendered":"https:\/\/obera.fr\/nase-produkty\/prumyslove-odlucovace-prachu\/mobilni-odlucovace-prachu\/"},"modified":"2024-11-18T14:53:43","modified_gmt":"2024-11-18T12:53:43","slug":"mobilni-odlucovace-prachu-3","status":"publish","type":"page","link":"https:\/\/obera.fr\/cs\/produits\/depoussiereurs-industriels\/mobilni-odlucovace-prachu-3\/","title":{"rendered":"Mobiln\u00ed odlu\u010dova\u010de prachu"},"content":{"rendered":"","protected":false},"excerpt":{"rendered":"","protected":false},"author":4,"featured_media":46956,"parent":45655,"menu_order":0,"comment_status":"closed","ping_status":"closed","template":"","meta":{"_acf_changed":false,"_seopress_robots_primary_cat":"","_seopress_titles_title":"Mobiln\u00ed odlu\u010dova\u010de prachu DUSTOMAT, SRF-K a ePURBOX - oberA","_seopress_titles_desc":"Na\u0161e mobiln\u00ed pr\u016fmyslov\u00e9 odlu\u010dova\u010de prachu se dokonale p\u0159izp\u016fsob\u00ed va\u0161emu prost\u0159ed\u00ed pro optim\u00e1ln\u00ed pracovn\u00ed komfort a zaru\u010denou \u00fa\u010dinnost.","_seopress_robots_index":"","footnotes":""},"class_list":{"0":"post-46939","1":"page","2":"type-page","3":"status-publish","4":"has-post-thumbnail","6":"no-featured-image-padding","7":"resize-featured-image"},"acf":[],"_links":{"self":[{"href":"https:\/\/obera.fr\/cs\/wp-json\/wp\/v2\/pages\/46939","targetHints":{"allow":["GET"]}}],"collection":[{"href":"https:\/\/obera.fr\/cs\/wp-json\/wp\/v2\/pages"}],"about":[{"href":"https:\/\/obera.fr\/cs\/wp-json\/wp\/v2\/types\/page"}],"author":[{"embeddable":true,"href":"https:\/\/obera.fr\/cs\/wp-json\/wp\/v2\/users\/4"}],"replies":[{"embeddable":true,"href":"https:\/\/obera.fr\/cs\/wp-json\/wp\/v2\/comments?post=46939"}],"version-history":[{"count":1,"href":"https:\/\/obera.fr\/cs\/wp-json\/wp\/v2\/pages\/46939\/revisions"}],"predecessor-version":[{"id":54275,"href":"https:\/\/obera.fr\/cs\/wp-json\/wp\/v2\/pages\/46939\/revisions\/54275"}],"up":[{"embeddable":true,"href":"https:\/\/obera.fr\/cs\/wp-json\/wp\/v2\/pages\/45655"}],"wp:featuredmedia":[{"embeddable":true,"href":"https:\/\/obera.fr\/cs\/wp-json\/wp\/v2\/media\/46956"}],"wp:attachment":[{"href":"https:\/\/obera.fr\/cs\/wp-json\/wp\/v2\/media?parent=46939"}],"curies":[{"name":"wp","href":"https:\/\/api.w.org\/{rel}","templated":true}]}}