{"id":46943,"date":"2020-08-26T12:34:20","date_gmt":"2020-08-26T10:34:20","guid":{"rendered":"https:\/\/obera.fr\/nase-produkty\/prumyslove-odlucovace-prachu\/mobilni-odlucovace-prachu\/"},"modified":"2025-06-30T10:04:56","modified_gmt":"2025-06-30T08:04:56","slug":"mobiles","status":"publish","type":"page","link":"https:\/\/obera.fr\/cs\/produits\/depoussiereurs-industriels\/mobiles\/","title":{"rendered":"Mobiln\u00ed odlu\u010dova\u010de prachu"},"content":{"rendered":"\n<p>Na\u0161e <strong>mobiln\u00ed odlu\u010dova\u010de prachu<\/strong> p\u0159edstavuj\u00ed \u0159adu v\u00fdkonn\u00fdch <a href=\"https:\/\/obera.fr\/cs\/produits\/depoussiereurs-industriels\/\" data-type=\"page\" data-id=\"31\">pr\u016fmyslov\u00fdch odlu\u010dova\u010d\u016f prachu<\/a>, kter\u00e9 se snadno p\u0159emis\u0165uj\u00ed. Tyto jednotky se dokonale p\u0159izp\u016fsob\u00ed va\u0161emu prost\u0159ed\u00ed a zajist\u00ed optim\u00e1ln\u00ed pracovn\u00ed komfort a zaru\u010denou \u00fa\u010dinnost.   <\/p>\n\n<p>Tyto <strong>vzduchotechnick\u00e9<\/strong> syst\u00e9my jsou ur\u010deny k p\u0159\u00edm\u00e9mu p\u0159ipojen\u00ed k v\u00fdrobn\u00edm stroj\u016fm prost\u0159ednictv\u00edm s\u00edt\u011b potrub\u00ed nebo k ods\u00e1v\u00e1n\u00ed vzduchu z mobiln\u00edch pracovi\u0161\u0165 pomoc\u00ed <a href=\"https:\/\/obera.fr\/cs\/produits\/bras-dispositifs-captation\/capot-industriel\/\">sac\u00edho ramene<\/a> nebo ods\u00e1vac\u00edho odsava\u010de, aby bylo mo\u017en\u00e9 zachytit v\u0161echny druhy prachu a velk\u00e9 mno\u017estv\u00ed zne\u010di\u0161\u0165uj\u00edc\u00edch l\u00e1tek p\u0159\u00edmo u zdroje.<\/p>\n\n\n<h2 class=\"wp-block-heading\">N\u00e1\u0161 sortiment mobiln\u00edch odlu\u010dova\u010d\u016f prachu :<\/h2>\n\n<div class=\"wp-block-columns is-layout-flex wp-container-core-columns-is-layout-28f84493 wp-block-columns-is-layout-flex\">\n<div class=\"wp-block-column is-vertically-aligned-top is-layout-flow wp-block-column-is-layout-flow\">\n<h3 class=\"wp-block-heading has-text-align-center\"><a href=\"https:\/\/obera.fr\/cs\/produits\/depoussiereurs-industriels\/mobiles\/extracteur-de-poussiere-dustomat-dry\/\">DUSTOMAT DRY<\/a><\/h3>\n\n\n\n<figure class=\"wp-block-image aligncenter size-medium is-resized\"><a href=\"https:\/\/obera.fr\/produits\/depoussiereurs-industriels\/mobiles\/extracteur-de-poussiere-dustomat-dry\/\"><img decoding=\"async\" width=\"300\" height=\"300\" src=\"https:\/\/obera.fr\/wp-content\/uploads\/2023\/09\/dustomat-dry-300x300.png\" alt=\"dustomat dry\" class=\"wp-image-24355\" srcset=\"https:\/\/obera.fr\/wp-content\/uploads\/2023\/09\/dustomat-dry-300x300.png 300w, https:\/\/obera.fr\/wp-content\/uploads\/2023\/09\/dustomat-dry-150x150.png 150w, https:\/\/obera.fr\/wp-content\/uploads\/2023\/09\/dustomat-dry.png 320w\" sizes=\"(max-width: 300px) 100vw, 300px\" \/><\/a><figcaption class=\"wp-element-caption\">DUSTOMAT DRY<\/figcaption><\/figure>\n\n\n\n<p>DUSTOMAT DRY je syst\u00e9m pro <a href=\"https:\/\/obera.fr\/cs\/produits\/depoussiereurs-industriels\/mobiles\/extracteur-de-poussiere-dustomat-dry\/#more-24274\">ods\u00e1v\u00e1n\u00ed prachu<\/a>, kter\u00fd se ide\u00e1ln\u011b hod\u00ed pro celou \u0159adu pr\u016fmyslov\u00fdch odv\u011btv\u00ed. Nab\u00edz\u00ed mo\u017enost \u00fa\u010dinn\u00e9ho odstra\u0148ov\u00e1n\u00ed prachov\u00fdch \u010d\u00e1stic a t\u0159\u00edsek, a to bu\u010f p\u0159\u00edmo z v\u00fdrobn\u00edch stroj\u016f, nebo p\u0159ipojen\u00edm k ods\u00e1vac\u00ed digesto\u0159i, ods\u00e1vac\u00edmu rameni nebo potrubn\u00ed s\u00edti. Je k dispozici ve \u010dty\u0159ech \u00farovn\u00edch v\u00fdkonu a je vhodn\u00fd pro pr\u016fm\u011brn\u00fd pr\u016ftok od 2000 do 3500 metr\u016f krychlov\u00fdch za hodinu.  <\/p>\n\n\n\n<p>Navzdory zna\u010dn\u00e9mu sac\u00edmu v\u00fdkonu je vysava\u010d DUSTOMAT DRY pozoruhodn\u011b tich\u00fd a energeticky \u00fasporn\u00fd. M\u00e1 tak\u00e9 p\u0159edsepar\u00e1tor schopn\u00fd zachytit t\u011b\u017ek\u00e9 a hrub\u00e9 \u010d\u00e1stice. \u00dadr\u017eba tohoto syst\u00e9mu je zjednodu\u0161ena pou\u017eit\u00edm stla\u010den\u00e9ho vzduchu k \u010di\u0161t\u011bn\u00ed filtr\u016f, co\u017e nejen usnad\u0148uje \u00fadr\u017ebu, ale tak\u00e9 pom\u00e1h\u00e1 prodlou\u017eit \u017eivotnost filtr\u016f.<\/p>\n\n\n\n<p class=\"has-text-align-center\">K dispozici ve verzi <a href=\"https:\/\/obera.fr\/cs\/produits\/atex\/\">ATEX<\/a>.<\/p>\n<\/div>\n\n\n\n<div class=\"wp-block-column is-vertically-aligned-top is-layout-flow wp-block-column-is-layout-flow\">\n<h3 class=\"wp-block-heading has-text-align-center\"><strong><a href=\"https:\/\/obera.fr\/cs\/produits\/depoussiereurs-industriels\/mobiles\/aspiration-poussiere-dustomat-10\/\">DUSTOMAT 10<\/a><\/strong><\/h3>\n\n\n\n<figure class=\"wp-block-image aligncenter size-medium is-resized\"><a href=\"https:\/\/obera.fr\/produits\/depoussiereurs-industriels\/mobiles\/aspiration-poussiere-dustomat-10\/\"><img decoding=\"async\" width=\"300\" height=\"300\" src=\"https:\/\/obera.fr\/wp-content\/uploads\/2020\/10\/extracteur-poussiere-mobile-DUSTOMAT-10-300x300.png\" alt=\"Dustomat 10 Mobiln&#xED; odsava&#x10D; prachu\" class=\"wp-image-1306\" srcset=\"https:\/\/obera.fr\/wp-content\/uploads\/2020\/10\/extracteur-poussiere-mobile-DUSTOMAT-10-300x300.png 300w, https:\/\/obera.fr\/wp-content\/uploads\/2020\/10\/extracteur-poussiere-mobile-DUSTOMAT-10-150x150.png 150w, https:\/\/obera.fr\/wp-content\/uploads\/2020\/10\/extracteur-poussiere-mobile-DUSTOMAT-10.png 600w\" sizes=\"(max-width: 300px) 100vw, 300px\" \/><\/a><figcaption class=\"wp-element-caption\">DUSTOMAT 10<\/figcaption><\/figure>\n\n\n\n<p><a href=\"https:\/\/obera.fr\/cs\/produits\/depoussiereurs-industriels\/mobiles\/aspiration-poussiere-dustomat-10\/\" data-type=\"page\" data-id=\"445\">Vysava\u010d prachu DUSTOMAT 10<\/a> m\u00e1 vysok\u00fd sac\u00ed v\u00fdkon. Porad\u00ed si s prachem i d\u0159ev\u011bn\u00fdmi, plastov\u00fdmi a kovov\u00fdmi t\u0159\u00edskami. Lze jej p\u0159ipojit p\u0159\u00edmo k v\u00fdrobn\u00edmu stroji prost\u0159ednictv\u00edm potrubn\u00ed s\u00edt\u011b nebo p\u0159id\u00e1n\u00edm ods\u00e1vac\u00edho ramene \u010di odsava\u010de vzduchu.    <\/p>\n\n\n\n<p>Kartu\u0161ov\u00e9 filtry lze \u010distit ru\u010dn\u011b pomoc\u00ed rota\u010dn\u00edho kart\u00e1\u010dov\u00e9ho syst\u00e9mu nebo automaticky pomoc\u00ed proudu stla\u010den\u00e9ho vzduchu. Tato <strong>filtra\u010dn\u00ed jednotka<\/strong> je ide\u00e1ln\u00ed pro pou\u017eit\u00ed na jednotliv\u00fdch pracovi\u0161t\u00edch, na v\u00fdrobn\u00edm stroji nebo v bl\u00edzkosti ru\u010dn\u00ed pracovn\u00ed plochy. Nakl\u00e1p\u011bc\u00ed kryt a sb\u011brn\u00fd vak umo\u017e\u0148uj\u00ed rychlou a snadnou likvidaci nasb\u00edran\u00e9ho odpadu.  <\/p>\n<\/div>\n\n\n\n<div class=\"wp-block-column is-layout-flow wp-block-column-is-layout-flow\">\n<h3 class=\"wp-block-heading has-text-align-center\"><strong><a href=\"https:\/\/obera.fr\/cs\/produits\/depoussiereurs-industriels\/mobiles\/extracteur-poussiere-pulverulente-dustomat-16m\/\">DUSTOMAT 16<\/a><\/strong><\/h3>\n\n\n\n<figure class=\"wp-block-image aligncenter size-medium\"><a href=\"https:\/\/obera.fr\/produits\/depoussiereurs-industriels\/mobiles\/extracteur-poussiere-pulverulente-dustomat-16m\/\"><img decoding=\"async\" width=\"300\" height=\"300\" src=\"https:\/\/obera.fr\/wp-content\/uploads\/2020\/10\/extracteur-poussiere-pulverulente-DUSTOMAT-16-300x300.png\" alt=\"Odsava&#x10D; prachu Dustomat 16\" class=\"wp-image-1307\" srcset=\"https:\/\/obera.fr\/wp-content\/uploads\/2020\/10\/extracteur-poussiere-pulverulente-DUSTOMAT-16-300x300.png 300w, https:\/\/obera.fr\/wp-content\/uploads\/2020\/10\/extracteur-poussiere-pulverulente-DUSTOMAT-16-150x150.png 150w, https:\/\/obera.fr\/wp-content\/uploads\/2020\/10\/extracteur-poussiere-pulverulente-DUSTOMAT-16.png 600w\" sizes=\"(max-width: 300px) 100vw, 300px\" \/><\/a><figcaption class=\"wp-element-caption\">DUSTOMAT 16<\/figcaption><\/figure>\n\n\n\n<p><strong>DUSTOMAT 16<\/strong> byl vyvinut pro mobiln\u00ed pou\u017eit\u00ed, konkr\u00e9tn\u011b pro<a href=\"https:\/\/obera.fr\/cs\/produits\/depoussiereurs-industriels\/mobiles\/extracteur-poussiere-pulverulente-dustomat-16m\/\" data-type=\"page\" data-id=\"449\">ods\u00e1v\u00e1n\u00ed prachu v pr\u00e1\u0161kov\u00e9 form\u011b<\/a>. Jin\u00fdmi slovy, miner\u00e1ln\u00ed prach (k\u00e1men, grafit nebo beton), plastov\u00fd nebo kovov\u00fd prach, d\u0159ev\u011bn\u00e9 a kovov\u00e9 piliny.   <\/p>\n\n\n\n<p><strong>Prach se ods\u00e1v\u00e1<\/strong> pomoc\u00ed sac\u00edho ramene. Kazetov\u00e9 filtry lze \u010distit ru\u010dn\u011b nebo automaticky, aby byla zaji\u0161t\u011bna dlouh\u00e1 \u017eivotnost filtra\u010dn\u00edch kazet. Vak na prach je robustn\u00ed a opakovan\u011b pou\u017eiteln\u00fd, co\u017e zaji\u0161\u0165uje n\u00edzk\u00e9 n\u00e1klady na spot\u0159ebn\u00ed materi\u00e1l.  <\/p>\n<\/div>\n<\/div>\n\n<div class=\"wp-block-columns is-layout-flex wp-container-core-columns-is-layout-28f84493 wp-block-columns-is-layout-flex\">\n<div class=\"wp-block-column is-layout-flow wp-block-column-is-layout-flow\">\n<h3 class=\"wp-block-heading has-text-align-center\"><strong><strong><a href=\"https:\/\/obera.fr\/cs\/produits\/depoussiereurs-industriels\/mobiles\/srf-k\/\">SRF K<\/a><\/strong><\/strong><\/h3>\n\n\n\n<figure class=\"wp-block-image aligncenter size-medium\"><a href=\"https:\/\/obera.fr\/produits\/depoussiereurs-industriels\/mobiles\/srf-k\/\"><img decoding=\"async\" width=\"240\" height=\"300\" src=\"https:\/\/obera.fr\/wp-content\/uploads\/2025\/05\/srf-k-1-240x300.png\" alt=\"Mobiln&#xED; odlu&#x10D;ova&#x10D; prachu SRF-K\" class=\"wp-image-104035\" srcset=\"https:\/\/obera.fr\/wp-content\/uploads\/2025\/05\/srf-k-1-240x300.png 240w, https:\/\/obera.fr\/wp-content\/uploads\/2025\/05\/srf-k-1-819x1024.png 819w, https:\/\/obera.fr\/wp-content\/uploads\/2025\/05\/srf-k-1-768x960.png 768w, https:\/\/obera.fr\/wp-content\/uploads\/2025\/05\/srf-k-1.png 1080w\" sizes=\"(max-width: 240px) 100vw, 240px\" \/><\/a><figcaption class=\"wp-element-caption\">SRF-K<\/figcaption><\/figure>\n\n\n\n<p>SRF K je tak\u00e9 v\u00fdkonn\u011bj\u0161\u00ed <a href=\"https:\/\/obera.fr\/cs\/produits\/depoussiereurs-industriels\/mobiles\/srf-k\/\" data-type=\"page\" data-id=\"436\">odsava\u010d sv\u00e1\u0159e\u010dsk\u00fdch d\u00fdm\u016f<\/a> pro jednor\u00e1zov\u00e9 nebo kontinu\u00e1ln\u00ed ods\u00e1v\u00e1n\u00ed. V\u00fdpary jsou z 99,9 % odfiltrov\u00e1ny, co\u017e umo\u017e\u0148uje op\u011btovn\u00fd p\u0159\u00edvod filtrovan\u00e9ho vzduchu do pracovn\u00edho prostoru.   <\/p>\n\n\n\n<p>K dispozici jsou dv\u011b verze: <strong>SRF K-10<\/strong> pro p\u0159ipojen\u00ed ods\u00e1vac\u00edho ramene nebo ods\u00e1vac\u00ed kukly, ide\u00e1ln\u00ed pro jednu sva\u0159ovac\u00ed stanici, a <strong>SRF K-15<\/strong> pro p\u0159ipojen\u00ed a\u017e dvou ods\u00e1vac\u00edch ramen, co\u017e umo\u017e\u0148uje obsluhovat dv\u011b sva\u0159ovac\u00ed stanice sou\u010dasn\u011b.  <\/p>\n\n\n\n<p>V z\u00e1vislosti na pou\u017eit\u00ed m\u016f\u017ee b\u00fdt (jako voliteln\u00e9 p\u0159\u00edslu\u0161enstv\u00ed) vybaven filtry s aktivn\u00edm uhl\u00edm ur\u010den\u00fdmi k odv\u00e1d\u011bn\u00ed p\u00e1jec\u00edch v\u00fdpar\u016f nebo jin\u00fdch zne\u010di\u0161\u0165uj\u00edc\u00edch l\u00e1tek, kter\u00e9 mohou zp\u016fsobovat z\u00e1pach. Pro \u010di\u0161t\u011bn\u00ed filtra\u010dn\u00edch m\u00e9di\u00ed mohou b\u00fdt tyto jednotky vybaveny bu\u010f manu\u00e1ln\u00edm rota\u010dn\u00edm odkalovac\u00edm syst\u00e9mem, nebo automatick\u00fdm odkalovac\u00edm syst\u00e9mem.<\/p>\n\n\n\n<p><\/p>\n<\/div>\n\n\n\n<div class=\"wp-block-column is-vertically-aligned-top is-layout-flow wp-block-column-is-layout-flow\">\n<h3 class=\"wp-block-heading has-text-align-center\"><strong><a href=\"https:\/\/obera.fr\/cs\/produits\/depoussiereurs-industriels\/mobiles\/extracteur-poussiere-dustomat-4\/\">DUSTOMAT 4<\/a><\/strong><\/h3>\n\n\n\n<figure class=\"wp-block-image aligncenter size-medium\"><a href=\"https:\/\/obera.fr\/produits\/depoussiereurs-industriels\/mobiles\/extracteur-poussiere-dustomat-4\/\"><img decoding=\"async\" width=\"300\" height=\"300\" src=\"https:\/\/obera.fr\/wp-content\/uploads\/2020\/08\/extracteur-poussiere-Dustomat-4-ATEX-300x300.png\" alt=\"Odsava&#x10D; prachu Dustomat 4 Atex\" class=\"wp-image-677\" srcset=\"https:\/\/obera.fr\/wp-content\/uploads\/2020\/08\/extracteur-poussiere-Dustomat-4-ATEX-300x300.png 300w, https:\/\/obera.fr\/wp-content\/uploads\/2020\/08\/extracteur-poussiere-Dustomat-4-ATEX-150x150.png 150w, https:\/\/obera.fr\/wp-content\/uploads\/2020\/08\/extracteur-poussiere-Dustomat-4-ATEX.png 600w\" sizes=\"(max-width: 300px) 100vw, 300px\" \/><\/a><figcaption class=\"wp-element-caption\">Dustomat 4<\/figcaption><\/figure>\n\n\n\n<p>DUSTOMAT 4 je <a href=\"https:\/\/obera.fr\/cs\/produits\/depoussiereurs-industriels\/mobiles\/extracteur-poussiere-dustomat-4\/\" data-type=\"page\" data-id=\"440\">odlu\u010dova\u010d prachu vhodn\u00fd pro t\u00e9m\u011b\u0159 v\u0161echna pr\u016fmyslov\u00e1 odv\u011btv\u00ed<\/a>. M\u016f\u017ee ods\u00e1vat prach a t\u0159\u00edsky p\u0159\u00edmo z v\u00fdrobn\u00edho stroje, ale lze jej tak\u00e9 p\u0159ipojit k ods\u00e1vac\u00edmu odsava\u010di, ods\u00e1vac\u00edmu rameni nebo s\u00edti kan\u00e1l\u016f. Je vybaven dv\u011bma sac\u00edmi v\u00fdkony a byl navr\u017een tak, aby zajistil \u00fa\u010dinnou a vysoce v\u00fdkonnou cirkulaci vzduchu.   <\/p>\n\n\n\n<p>Navzdory vysok\u00e9mu sac\u00edmu v\u00fdkonu je <strong>tich\u00fd<\/strong> a spot\u0159ebov\u00e1v\u00e1 velmi m\u00e1lo energie. Je vybaven p\u0159edsepar\u00e1torem t\u011b\u017ek\u00fdch a hrub\u00fdch \u010d\u00e1stic. Filtry se \u010dist\u00ed (odcp\u00e1vaj\u00ed) stla\u010den\u00fdm vzduchem, co\u017e usnad\u0148uje jejich \u00fadr\u017ebu a zaru\u010duje dlouhou \u017eivotnost filtra\u010dn\u00edch kazet.  <\/p>\n\n\n\n<p>(K dispozici ve verzi <a href=\"https:\/\/obera.fr\/cs\/produits\/atex\/\" data-type=\"page\" data-id=\"372\">ATEX<\/a>)<\/p>\n<\/div>\n\n\n\n<div class=\"wp-block-column is-layout-flow wp-block-column-is-layout-flow\">\n<h3 class=\"wp-block-heading has-text-align-center\"><a href=\"https:\/\/obera.fr\/cs\/produits\/depoussiereurs-industriels\/mobiles\/na-2-2-depoussiereur-a-voie-humide\/\" data-type=\"page\" data-id=\"29480\">NA 2.2<\/a><\/h3>\n\n\n\n<figure class=\"wp-block-image aligncenter size-medium\"><a href=\"https:\/\/obera.fr\/produits\/depoussiereurs-industriels\/mobiles\/na-2-2-depoussiereur-a-voie-humide\/\"><img decoding=\"async\" width=\"300\" height=\"300\" src=\"https:\/\/obera.fr\/wp-content\/uploads\/2024\/04\/obera-na-2-2-depoussiereur-a-voie-humide-mobile-300x300.jpg\" alt=\"obera na 2 2 mobiln&#xED; mokr&#xFD; vysava&#x10D;\" class=\"wp-image-29475\" srcset=\"https:\/\/obera.fr\/wp-content\/uploads\/2024\/04\/obera-na-2-2-depoussiereur-a-voie-humide-mobile-300x300.jpg 300w, https:\/\/obera.fr\/wp-content\/uploads\/2024\/04\/obera-na-2-2-depoussiereur-a-voie-humide-mobile-150x150.jpg 150w, https:\/\/obera.fr\/wp-content\/uploads\/2024\/04\/obera-na-2-2-depoussiereur-a-voie-humide-mobile.jpg 600w\" sizes=\"(max-width: 300px) 100vw, 300px\" \/><\/a><figcaption class=\"wp-element-caption\">NA 2.2<\/figcaption><\/figure>\n<\/div>\n<\/div>\n\n<div class=\"wp-block-buttons is-horizontal is-content-justification-center is-layout-flex wp-container-core-buttons-is-layout-03627597 wp-block-buttons-is-layout-flex\">\n<div class=\"wp-block-button has-custom-width wp-block-button__width-100\"><a class=\"wp-block-button__link wp-element-button\" href=\"https:\/\/obera.fr\/cs\/kontaktujte-nas\/\">Zjist\u011bte v\u00edce<\/a><\/div>\n<\/div>\n\n<h2 class=\"wp-block-heading\">S jak\u00fdmi zne\u010di\u0161\u0165uj\u00edc\u00edmi l\u00e1tkami si na\u0161e mobiln\u00ed odpra\u0161ovac\u00ed syst\u00e9my porad\u00ed?<\/h2>\n\n<p>Na\u0161e <a href=\"https:\/\/obera.fr\/cs\/produits\/depoussiereurs-industriels\/petits\/\">mal\u00e9 mobiln\u00ed odlu\u010dova\u010de prachu<\/a> <strong>si<\/strong> porad\u00ed <strong>s jemn\u00fdm prachem a t\u0159\u00edskami<\/strong>, stejn\u011b jako s olejovou mlhou, v\u00fdpary a z\u00e1pachem v r\u016fzn\u00fdch pr\u016fmyslov\u00fdch odv\u011btv\u00edch, jako je kovov\u00fdroba, v\u00fdroba plast\u016f, d\u0159eva, miner\u00e1l\u016f, textilu a pap\u00edru\/kartonu.<\/p>\n\n<p>Prach a dal\u0161\u00ed zne\u010di\u0161\u0165uj\u00edc\u00ed l\u00e1tky je t\u0159eba o\u0161et\u0159it, proto\u017ee p\u0159edstavuj\u00ed riziko pro lidsk\u00fd organismus. D\u00fdch\u00e1n\u00ed zne\u010di\u0161t\u011bn\u00e9ho vzduchu m\u016f\u017ee zp\u016fsobit karcinogenn\u00ed, mutagenn\u00ed a reprotoxick\u00e9 choroby. O\u0161et\u0159en\u00ed zne\u010di\u0161t\u011bn\u00e9ho ovzdu\u0161\u00ed je nezbytn\u00e9 pro pracovn\u00edky, kvalitu v\u00fdroby a dodr\u017eov\u00e1n\u00ed pr\u00e1vn\u00edch p\u0159edpis\u016f.<\/p>\n\n<h2 class=\"wp-block-heading\">Jak vybrat spr\u00e1vn\u00fd syst\u00e9m pro zachyt\u00e1v\u00e1n\u00ed prachu?<\/h2>\n\n<p>Je d\u016fle\u017eit\u00e9 vybrat spr\u00e1vn\u00fd <a href=\"https:\/\/obera.fr\/cs\/produits\/depoussiereurs-industriels\/fixes\/\" data-type=\"link\" data-id=\"https:\/\/obera.fr\/produits\/depoussiereurs-industriels\/fixes\/\">stacion\u00e1rn\u00ed odlu\u010dova\u010d prachu<\/a>, proto\u017ee jednotka se m\u016f\u017ee opot\u0159ebovat a p\u0159estat fungovat. To bude z\u00e1viset na zne\u010di\u0161\u0165uj\u00edc\u00ed l\u00e1tce, jej\u00ed velikosti, stavu (pevn\u00e1 nebo plynn\u00e1) a jej\u00edm mno\u017estv\u00ed. To v\u00e1m umo\u017en\u00ed vybrat typ filtru, kter\u00fd by m\u011bl <a href=\"https:\/\/obera.fr\/cs\/produits\/depoussiereurs-industriels\/fixes\/depoussiereur-a-voie-humide-dustomat-hydro\/\" data-type=\"page\" data-id=\"15983\">mokr\u00fd pr\u016fmyslov\u00fd odlu\u010dova\u010d prachu<\/a> m\u00edt. Za druh\u00e9 je t\u0159eba zjistit v\u00fdkon jednotky, jin\u00fdmi slovy jej\u00ed pr\u016ftok. Pr\u016ftok jednotky bude op\u011bt z\u00e1viset na mno\u017estv\u00ed va\u0161\u00ed zne\u010di\u0161\u0165uj\u00edc\u00ed l\u00e1tky, ale tak\u00e9 na plo\u0161e m\u00edstnosti, kter\u00e1 se m\u00e1 \u010distit. \u010c\u00edm v\u011bt\u0161\u00ed je prostor, t\u00edm v\u011bt\u0161\u00ed je po\u017eadovan\u00fd pr\u016ftok.     <\/p>\n\n<p>D\u00e1le se mus\u00edte rozhodnout, jak\u00fdm p\u0159\u00edslu\u0161enstv\u00edm stroj vybav\u00edte: kan\u00e1lem pro p\u0159ipojen\u00ed k v\u00fdrobn\u00edmu stroji nebo ods\u00e1vac\u00edm ramenem pro pracovn\u00ed stanici.<\/p>\n\n<div class=\"wp-block-buttons is-horizontal is-content-justification-center is-layout-flex wp-container-core-buttons-is-layout-03627597 wp-block-buttons-is-layout-flex\">\n<div class=\"wp-block-button has-custom-width wp-block-button__width-100\"><a class=\"wp-block-button__link wp-element-button\" href=\"https:\/\/obera.fr\/cs\/kontaktujte-nas\/\">Zjist\u011bte v\u00edce<\/a><\/div>\n<\/div>\n\n<hr class=\"wp-block-separator has-css-opacity\"\/>\n\n<div class=\"wp-block-group is-layout-flow wp-block-group-is-layout-flow\">\n<h2 class=\"wp-block-heading\">Dal\u0161\u00ed produkty z \u0159ady pr\u016fmyslov\u00fdch odlu\u010dova\u010d\u016f prachu oberA<\/h2>\n\n\n\n<div class=\"wp-block-buttons is-content-justification-center is-layout-flex wp-container-core-buttons-is-layout-a89b3969 wp-block-buttons-is-layout-flex\">\n<div class=\"wp-block-button\"><a class=\"wp-block-button__link wp-element-button\" href=\"https:\/\/obera.fr\/produits\/depoussiereurs-industriels\/fixes\/\">Pevn\u00e9 sb\u011bra\u010de prachu  <\/a><\/div>\n\n\n\n<div class=\"wp-block-button\"><a class=\"wp-block-button__link wp-element-button\" href=\"https:\/\/obera.fr\/produits\/depoussiereurs-industriels\/petits\/\"> <strong>Mal\u00e9 odlu\u010dova\u010de prachu<\/strong><\/a><\/div>\n<\/div>\n<\/div>\n","protected":false},"excerpt":{"rendered":"<p>Na\u0161e mobiln\u00ed odlu\u010dova\u010de prachu p\u0159edstavuj\u00ed \u0159adu v\u00fdkonn\u00fdch pr\u016fmyslov\u00fdch odlu\u010dova\u010d\u016f prachu, kter\u00e9 se snadno p\u0159emis\u0165uj\u00ed. Tyto jednotky se dokonale p\u0159izp\u016fsob\u00ed va\u0161emu prost\u0159ed\u00ed a zajist\u00ed optim\u00e1ln\u00ed pracovn\u00ed komfort a zaru\u010denou \u00fa\u010dinnost. Tyto vzduchotechnick\u00e9 syst\u00e9my jsou ur\u010deny k p\u0159\u00edm\u00e9mu p\u0159ipojen\u00ed k v\u00fdrobn\u00edm stroj\u016fm prost\u0159ednictv\u00edm s\u00edt\u011b potrub\u00ed nebo k ods\u00e1v\u00e1n\u00ed vzduchu z mobiln\u00edch pracovi\u0161\u0165 pomoc\u00ed sac\u00edho ramene nebo ods\u00e1vac\u00edho odsava\u010de, aby bylo mo\u017en\u00e9 zachytit v\u0161echny druhy prachu a velk\u00e9 mno\u017estv\u00ed zne\u010di\u0161\u0165uj\u00edc\u00edch l\u00e1tek p\u0159\u00edmo u zdroje. N\u00e1\u0161 sortiment mobiln\u00edch odlu\u010dova\u010d\u016f prachu : DUSTOMAT DRY DUSTOMAT DRY je syst\u00e9m pro ods\u00e1v\u00e1n\u00ed prachu, kter\u00fd se ide\u00e1ln\u011b hod\u00ed pro celou \u0159adu pr\u016fmyslov\u00fdch odv\u011btv\u00ed. Nab\u00edz\u00ed mo\u017enost \u00fa\u010dinn\u00e9ho odstra\u0148ov\u00e1n\u00ed prachov\u00fdch &#8230; <\/p>\n<p class=\"read-more-container\"><a title=\"Mobiln\u00ed odlu\u010dova\u010de prachu\" class=\"read-more button\" href=\"https:\/\/obera.fr\/cs\/produits\/depoussiereurs-industriels\/mobiles\/#more-46943\" aria-label=\"\u010c\u00edst v\u00edce o Mobiln\u00ed odlu\u010dova\u010de prachu\">Lire la suite<\/a><\/p>\n","protected":false},"author":4,"featured_media":83734,"parent":45655,"menu_order":0,"comment_status":"closed","ping_status":"closed","template":"","meta":{"_acf_changed":false,"_seopress_robots_primary_cat":"","_seopress_titles_title":"Mobiln\u00ed odlu\u010dova\u010de prachu DUSTOMAT, SRF-K a ePURBOX - oberA","_seopress_titles_desc":"Na\u0161e mobiln\u00ed pr\u016fmyslov\u00e9 odlu\u010dova\u010de prachu se dokonale p\u0159izp\u016fsob\u00ed va\u0161emu prost\u0159ed\u00ed pro optim\u00e1ln\u00ed pracovn\u00ed komfort a zaru\u010denou \u00fa\u010dinnost.","_seopress_robots_index":"","footnotes":""},"class_list":{"0":"post-46943","1":"page","2":"type-page","3":"status-publish","4":"has-post-thumbnail","6":"no-featured-image-padding","7":"resize-featured-image"},"acf":[],"_links":{"self":[{"href":"https:\/\/obera.fr\/cs\/wp-json\/wp\/v2\/pages\/46943","targetHints":{"allow":["GET"]}}],"collection":[{"href":"https:\/\/obera.fr\/cs\/wp-json\/wp\/v2\/pages"}],"about":[{"href":"https:\/\/obera.fr\/cs\/wp-json\/wp\/v2\/types\/page"}],"author":[{"embeddable":true,"href":"https:\/\/obera.fr\/cs\/wp-json\/wp\/v2\/users\/4"}],"replies":[{"embeddable":true,"href":"https:\/\/obera.fr\/cs\/wp-json\/wp\/v2\/comments?post=46943"}],"version-history":[{"count":9,"href":"https:\/\/obera.fr\/cs\/wp-json\/wp\/v2\/pages\/46943\/revisions"}],"predecessor-version":[{"id":117725,"href":"https:\/\/obera.fr\/cs\/wp-json\/wp\/v2\/pages\/46943\/revisions\/117725"}],"up":[{"embeddable":true,"href":"https:\/\/obera.fr\/cs\/wp-json\/wp\/v2\/pages\/45655"}],"wp:featuredmedia":[{"embeddable":true,"href":"https:\/\/obera.fr\/cs\/wp-json\/wp\/v2\/media\/83734"}],"wp:attachment":[{"href":"https:\/\/obera.fr\/cs\/wp-json\/wp\/v2\/media?parent=46943"}],"curies":[{"name":"wp","href":"https:\/\/api.w.org\/{rel}","templated":true}]}}