{"id":47098,"date":"2020-11-11T20:40:03","date_gmt":"2020-11-11T18:40:03","guid":{"rendered":"https:\/\/obera.fr\/rada-tk\/"},"modified":"2025-06-27T15:52:48","modified_gmt":"2025-06-27T13:52:48","slug":"tk-serie","status":"publish","type":"page","link":"https:\/\/obera.fr\/cs\/produits\/depoussiereurs-industriels\/petits\/tk-serie\/","title":{"rendered":"\u0158ada TK"},"content":{"rendered":"\n<p><a href=\"https:\/\/obera.fr\/cs\/produits\/depoussiereurs-industriels\/male-prumyslove-odlucovace-prachu\/\" data-type=\"page\" data-id=\"393\">Mal\u00e9 odlu\u010dova\u010de prachu<\/a> pro p\u0159\u00edm\u00e9 ods\u00e1v\u00e1n\u00ed na obr\u00e1b\u011bc\u00edch centrech<\/p>\n\n<div class=\"wp-block-columns is-layout-flex wp-container-core-columns-is-layout-28f84493 wp-block-columns-is-layout-flex\">\n<div class=\"wp-block-column is-layout-flow wp-block-column-is-layout-flow\" style=\"flex-basis:33.33%\">\n<figure class=\"wp-block-image aligncenter size-full\"><img decoding=\"async\" width=\"600\" height=\"600\" src=\"https:\/\/obera.fr\/wp-content\/uploads\/2020\/11\/tk-series.jpg\" alt=\"&#x158;ada TK\" class=\"wp-image-1607\" srcset=\"https:\/\/obera.fr\/wp-content\/uploads\/2020\/11\/tk-series.jpg 600w, https:\/\/obera.fr\/wp-content\/uploads\/2020\/11\/tk-series-300x300.jpg 300w, https:\/\/obera.fr\/wp-content\/uploads\/2020\/11\/tk-series-150x150.jpg 150w\" sizes=\"(max-width: 600px) 100vw, 600px\" \/><\/figure>\n<\/div>\n\n\n\n<div class=\"wp-block-column is-layout-flow wp-block-column-is-layout-flow\" style=\"flex-basis:66.66%\">\n<p><strong>Mal\u00e9 ods\u00e1va\u010de prachu<\/strong> \u0159ady TK jsou ur\u010deny pro ob\u010dasn\u00e9 pou\u017eit\u00ed pro jednobodov\u00e9 ods\u00e1v\u00e1n\u00ed ve stroj\u00edrensk\u00fdch d\u00edln\u00e1ch a kovozpracuj\u00edc\u00edch podnic\u00edch. Zapr\u00e1\u0161en\u00fd vzduch se \u010dist\u00ed pomoc\u00ed \u010distiteln\u00e9ho textiln\u00edho filtru, kter\u00fd umo\u017e\u0148uje jeho n\u00e1vrat do pracovn\u00edho prostoru. D\u00edky mal\u00fdm rozm\u011br\u016fm lze ods\u00e1va\u010de prachu snadno a rychle namontovat pod stoly nebo na police.  <\/p>\n\n\n\n<p>Pro pos\u00edlen\u00ed t\u00e9to instalace lze zv\u00e1\u017eit integraci <a href=\"https:\/\/obera.fr\/cs\/produits\/bras-dispositifs-captation\/capot-industriel\/\">pr\u016fmyslov\u00e9 kapoty<\/a>. Tato kapota, <strong>speci\u00e1ln\u011b navr\u017een\u00e1 pro pr\u016fmyslov\u00e9 pou\u017eit\u00ed<\/strong>, zvy\u0161uje \u00fa\u010dinnost zachycov\u00e1n\u00ed prachu t\u00edm, \u017ee soust\u0159e\u010fuje proud nas\u00e1van\u00e9ho vzduchu a chr\u00e1n\u00ed bezprost\u0159edn\u00ed okol\u00ed. <\/p>\n\n\n\n<p>P\u0159i v\u00fdb\u011bru odlu\u010dova\u010de prachu je z\u00e1sadn\u00ed polo\u017eit si ot\u00e1zku:<a href=\"https:\/\/obera.fr\/cs\/nase-rady\/quel-depoussiereur-choisir-selon-type-poussiere\/\">&#8222;Jak\u00fd odlu\u010dova\u010d prachu m\u00e1m vybrat?<\/a> Pro zodpov\u011bzen\u00ed t\u00e9to ot\u00e1zky je t\u0159eba vz\u00edt v \u00favahu \u0159adu faktor\u016f, jako je objem produkovan\u00e9ho prachu, typ \u010d\u00e1stic a specifick\u00e9 podm\u00ednky d\u00edlny. <strong>Vhodn\u00fd pr\u016fmyslov\u00fd odlu\u010dova\u010d prachu <\/strong>mus\u00ed b\u00fdt schopen \u00fa\u010dinn\u011b se vypo\u0159\u00e1dat s vyskytuj\u00edc\u00edmi se typy prachu a z\u00e1rove\u0148 mus\u00ed b\u00fdt spr\u00e1vn\u011b dimenzov\u00e1n pro dostupn\u00fd prostor.  <\/p>\n\n\n\n<p>Dal\u0161\u00edm z\u00e1sadn\u00edm aspektem je bezpe\u010dnost, zejm\u00e9na <a href=\"https:\/\/obera.fr\/cs\/nase-rady\/procede-depoussierage-risque-explosion-incendie\/\">riziko v\u00fdbuchu<\/a>. V prost\u0159ed\u00ed, kde se vyskytuje kovov\u00fd prach nebo jin\u00e9 ho\u0159lav\u00e9 \u010d\u00e1stice, <strong>mus\u00ed b\u00fdt odlu\u010dova\u010d prachu vybaven syst\u00e9mem prevence<\/strong> a ochrany proti v\u00fdbuchu. To zahrnuje prvky, jako jsou zp\u011btn\u00e9 ventily, syst\u00e9my pro potla\u010den\u00ed v\u00fdbuchu a konstrukce, kter\u00e9 minimalizuj\u00ed riziko jisk\u0159en\u00ed.  <\/p>\n\n\n\n<p>Pro zaji\u0161t\u011bn\u00ed bezpe\u010dn\u00e9ho a \u010dist\u00e9ho pracovn\u00edho prost\u0159ed\u00ed je nezbytn\u00e9 zvolit spr\u00e1vn\u00fd <a href=\"https:\/\/obera.fr\/cs\/produits\/depoussiereurs-industriels\/\">pr\u016fmyslov\u00fd odlu\u010dova\u010d prachu<\/a>, v p\u0159\u00edpad\u011b pot\u0159eby doplnit syst\u00e9m pr\u016fmyslov\u00fdm krytem a zajistit, aby bylo ve\u0161ker\u00e9 za\u0159\u00edzen\u00ed <strong>p\u0159izp\u016fsobeno tak, aby se minimalizovala rizika,<\/strong> zejm\u00e9na v\u00fdbuchu, a z\u00e1rove\u0148 se maximalizovala \u00fa\u010dinnost odlu\u010dov\u00e1n\u00ed prachu.<\/p>\n\n\n\n<div class=\"wp-block-columns is-layout-flex wp-container-core-columns-is-layout-28f84493 wp-block-columns-is-layout-flex\">\n<div class=\"wp-block-column is-layout-flow wp-block-column-is-layout-flow\" style=\"flex-basis:33.34%\">\n<div class=\"wp-block-buttons is-content-justification-center is-layout-flex wp-container-core-buttons-is-layout-a89b3969 wp-block-buttons-is-layout-flex\">\n<div class=\"wp-block-button\"><a class=\"wp-block-button__link wp-element-button\" href=\"https:\/\/obera.fr\/wp-content\/uploads\/2025\/05\/brochure-tk-fr.pdf\">St\u00e1hn\u011bte si bro\u017euru<\/a><\/div>\n<\/div>\n<\/div>\n\n\n\n<div class=\"wp-block-column is-layout-flow wp-block-column-is-layout-flow\" style=\"flex-basis:33.34%\">\n<div class=\"wp-block-buttons is-horizontal is-content-justification-center is-layout-flex wp-container-core-buttons-is-layout-03627597 wp-block-buttons-is-layout-flex\">\n<div class=\"wp-block-button has-custom-width wp-block-button__width-100\"><a class=\"wp-block-button__link wp-element-button\" href=\"https:\/\/obera.fr\/cs\/kontaktujte-nas\/\">Zjist\u011bte v\u00edce<\/a><\/div>\n<\/div>\n<\/div>\n\n\n\n<div class=\"wp-block-column is-layout-flow wp-block-column-is-layout-flow\" style=\"flex-basis:33.33%\">\n<div class=\"wp-block-buttons is-content-justification-center is-layout-flex wp-container-core-buttons-is-layout-a89b3969 wp-block-buttons-is-layout-flex\">\n<div class=\"wp-block-button btn-devis-source\"><a class=\"wp-block-button__link wp-element-button\" href=\"https:\/\/obera.fr\/cs\/devis\/\">Po\u017e\u00e1dat o cenovou nab\u00eddku<\/a><\/div>\n<\/div>\n\n\n<script>\r\ndocument.addEventListener('DOMContentLoaded', function() {\r\n    \/\/ 1. On cherche le titre H1 de la page\r\n    var h1 = document.querySelector('h1');\r\n    var productTitle = h1 ? h1.innerText.trim() : \"\";\r\n\r\n    \/\/ 2. On cherche les boutons via la classe CSS .btn-devis-source\r\n    var buttons = document.querySelectorAll('.btn-devis-source a');\r\n\r\n    \/\/ 3. Si on a le titre et les boutons, on ajoute le param\u00e8tre\r\n    if (buttons.length > 0 && productTitle !== \"\") {\r\n        var encodedTitle = encodeURIComponent(productTitle);\r\n\r\n        buttons.forEach(function(btn) {\r\n            var currentHref = btn.getAttribute('href');\r\n            \r\n            \/\/ S\u00e9curit\u00e9 pour ne pas ajouter le param\u00e8tre 2 fois\r\n            if (currentHref.indexOf('sujet=') === -1) {\r\n                var separator = currentHref.indexOf('?') !== -1 ? '&' : '?';\r\n                var newLink = currentHref + separator + 'sujet=' + encodedTitle;\r\n                \r\n                btn.setAttribute('href', newLink);\r\n            }\r\n        });\r\n    }\r\n});\r\n<\/script><\/div>\n<\/div>\n<\/div>\n<\/div>\n\n<figure class=\"wp-block-gallery has-nested-images columns-default wp-block-gallery-1 is-layout-flex wp-block-gallery-is-layout-flex\">\n<figure class=\"wp-block-image size-large\"><img decoding=\"async\" width=\"1024\" height=\"576\" data-id=\"1791\" src=\"https:\/\/obera.fr\/wp-content\/uploads\/2020\/11\/TK-Filtration-1024x576.jpg\" alt=\"Tk Filtration\" class=\"wp-image-1791\" srcset=\"https:\/\/obera.fr\/wp-content\/uploads\/2020\/11\/TK-Filtration-1024x576.jpg 1024w, https:\/\/obera.fr\/wp-content\/uploads\/2020\/11\/TK-Filtration-300x169.jpg 300w, https:\/\/obera.fr\/wp-content\/uploads\/2020\/11\/TK-Filtration-768x432.jpg 768w, https:\/\/obera.fr\/wp-content\/uploads\/2020\/11\/TK-Filtration.jpg 1200w\" sizes=\"(max-width: 1024px) 100vw, 1024px\" \/><figcaption class=\"wp-element-caption\">Filtrace<\/figcaption><\/figure>\n\n\n\n<figure class=\"wp-block-image size-large\"><img decoding=\"async\" width=\"1024\" height=\"576\" data-id=\"1792\" src=\"https:\/\/obera.fr\/wp-content\/uploads\/2020\/11\/TK-tiroir-des-dechets-1024x576.jpg\" alt=\"Tk Tiroir Des Dechets\" class=\"wp-image-1792\" srcset=\"https:\/\/obera.fr\/wp-content\/uploads\/2020\/11\/TK-tiroir-des-dechets-1024x576.jpg 1024w, https:\/\/obera.fr\/wp-content\/uploads\/2020\/11\/TK-tiroir-des-dechets-300x169.jpg 300w, https:\/\/obera.fr\/wp-content\/uploads\/2020\/11\/TK-tiroir-des-dechets-768x432.jpg 768w, https:\/\/obera.fr\/wp-content\/uploads\/2020\/11\/TK-tiroir-des-dechets.jpg 1200w\" sizes=\"(max-width: 1024px) 100vw, 1024px\" \/><figcaption class=\"wp-element-caption\">Z\u00e1suvka na odpad<\/figcaption><\/figure>\n<\/figure>\n\n<div class=\"wp-block-columns is-layout-flex wp-container-core-columns-is-layout-28f84493 wp-block-columns-is-layout-flex\">\n<div class=\"wp-block-column is-layout-flow wp-block-column-is-layout-flow\">\n<h2 class=\"wp-block-heading has-text-align-center\">V\u00fdhody<\/h2>\n\n\n\n<ul class=\"wp-block-list\">\n<li>Mal\u00e1 plocha d\u00edky kompaktn\u00edmu designu<\/li>\n\n\n\n<li>Snadn\u00e9 pou\u017eit\u00ed<\/li>\n\n\n\n<li>N\u00edzk\u00e9 provozn\u00ed n\u00e1klady d\u00edky \u010distiteln\u00e9mu s\u00e1\u010dkov\u00e9mu filtru<\/li>\n\n\n\n<li>N\u00edzk\u00e9 n\u00e1roky na \u00fadr\u017ebu<\/li>\n\n\n\n<li>\u010cistiteln\u00fd s\u00e1\u010dkov\u00fd filtr s dlouhou \u017eivotnost\u00ed<\/li>\n\n\n\n<li>Robustn\u00ed z\u00e1suvka pro sb\u011br prachu<\/li>\n<\/ul>\n<\/div>\n\n\n\n<div class=\"wp-block-column is-layout-flow wp-block-column-is-layout-flow\">\n<h2 class=\"wp-block-heading has-text-align-center\">Speci\u00e1ln\u00ed funkce<\/h2>\n\n\n\n<ul class=\"wp-block-list\">\n<li>Ru\u010dn\u00ed \u010di\u0161t\u011bn\u00ed s\u00e1\u010dkov\u00e9ho filtru<\/li>\n\n\n\n<li>Stacion\u00e1rn\u00ed instalace<\/li>\n<\/ul>\n<\/div>\n\n\n\n<div class=\"wp-block-column is-layout-flow wp-block-column-is-layout-flow\">\n<h2 class=\"wp-block-heading has-text-align-center\">Funkce<\/h2>\n\n\n\n<ul class=\"wp-block-list\">\n<li>Pro p\u0159\u00edm\u00e9 ods\u00e1v\u00e1n\u00ed na brusk\u00e1ch, fr\u00e9zk\u00e1ch a odjehlovac\u00edch stroj\u00edch<\/li>\n\n\n\n<li>Pro ob\u010dasn\u00e9 pou\u017eit\u00ed s mal\u00fdm mno\u017estv\u00edm prachu<\/li>\n<\/ul>\n<\/div>\n<\/div>\n\n<h2 class=\"wp-block-heading\">Aplikace<\/h2>\n\n<div class=\"wp-block-columns is-layout-flex wp-container-core-columns-is-layout-28f84493 wp-block-columns-is-layout-flex\">\n<div class=\"wp-block-column is-layout-flow wp-block-column-is-layout-flow\">\n<h3 class=\"wp-block-heading has-text-align-center\">Zne\u010di\u0161\u0165uj\u00edc\u00ed l\u00e1tky<\/h3>\n\n\n\n<hr class=\"wp-block-separator has-css-opacity is-style-wide\"\/>\n\n\n\n<div class=\"wp-block-columns is-layout-flex wp-container-core-columns-is-layout-28f84493 wp-block-columns-is-layout-flex\">\n<div class=\"wp-block-column is-layout-flow wp-block-column-is-layout-flow\">\n<figure class=\"wp-block-image aligncenter size-large\"><img decoding=\"async\" width=\"70\" height=\"70\" src=\"https:\/\/obera.fr\/wp-content\/uploads\/2020\/08\/polluants-poussieres.jpg\" alt=\"Zne&#x10D;i&#x161;&#x165;uj&#xED;c&#xED; l&#xE1;tky Prach\" class=\"wp-image-675\"\/><figcaption class=\"wp-element-caption\">Prach<\/figcaption><\/figure>\n\n\n\n<figure class=\"wp-block-image aligncenter size-large\"><img decoding=\"async\" width=\"70\" height=\"70\" src=\"https:\/\/obera.fr\/wp-content\/uploads\/2020\/08\/polluants-copeaux-bois.jpg\" alt=\"Zne&#x10D;i&#x161;&#x165;uj&#xED;c&#xED; l&#xE1;tky D&#x159;evn&#xED; &#x161;t&#x11B;pka\" class=\"wp-image-674\"\/><figcaption class=\"wp-element-caption\">Chipsy<\/figcaption><\/figure>\n<\/div>\n\n\n\n<div class=\"wp-block-column is-layout-flow wp-block-column-is-layout-flow\">\n<figure class=\"wp-block-image aligncenter size-large\"><img decoding=\"async\" width=\"70\" height=\"70\" src=\"https:\/\/obera.fr\/wp-content\/uploads\/2020\/08\/industrie-fumees.jpg\" alt=\"Pr&#x16F;myslov&#xFD; kou&#x159;\" class=\"wp-image-722\"\/><figcaption class=\"wp-element-caption\">V\u00fdpary<\/figcaption><\/figure>\n<\/div>\n<\/div>\n\n\n\n<p><\/p>\n<\/div>\n\n\n\n<div class=\"wp-block-column is-layout-flow wp-block-column-is-layout-flow\">\n<h3 class=\"wp-block-heading has-text-align-center\">Odv\u011btv\u00ed<\/h3>\n\n\n\n<hr class=\"wp-block-separator has-css-opacity is-style-wide\"\/>\n\n\n\n<div class=\"wp-block-columns is-layout-flex wp-container-core-columns-is-layout-28f84493 wp-block-columns-is-layout-flex\">\n<div class=\"wp-block-column is-layout-flow wp-block-column-is-layout-flow\">\n<figure class=\"wp-block-image aligncenter size-large\"><img decoding=\"async\" width=\"70\" height=\"70\" src=\"https:\/\/obera.fr\/wp-content\/uploads\/2020\/08\/industrie-metallurgie.jpg\" alt=\"Hutnick&#xFD; pr&#x16F;mysl\" class=\"wp-image-673\"\/><figcaption class=\"wp-element-caption\">Hutnictv\u00ed<\/figcaption><\/figure>\n<\/div>\n\n\n\n<div class=\"wp-block-column is-layout-flow wp-block-column-is-layout-flow\">\n<figure class=\"wp-block-image aligncenter size-large\"><img decoding=\"async\" width=\"70\" height=\"70\" src=\"https:\/\/obera.fr\/wp-content\/uploads\/2020\/08\/industrie-plastique.jpg\" alt=\"Plastik&#xE1;&#x159;sk&#xFD; pr&#x16F;mysl\" class=\"wp-image-669\"\/><figcaption class=\"wp-element-caption\">Plasty<\/figcaption><\/figure>\n<\/div>\n<\/div>\n<\/div>\n<\/div>\n\n<div class=\"wp-block-buttons is-horizontal is-content-justification-center is-layout-flex wp-container-core-buttons-is-layout-03627597 wp-block-buttons-is-layout-flex\">\n<div class=\"wp-block-button has-custom-width wp-block-button__width-100\"><a class=\"wp-block-button__link wp-element-button\" href=\"https:\/\/obera.fr\/cs\/kontaktujte-nas\/\">Zjist\u011bte v\u00edce<\/a><\/div>\n<\/div>\n\n<h2 class=\"wp-block-heading\">Technick\u00e9 specifikace<\/h2>\n\n<table id=\"tablepress-154\" class=\"tablepress tablepress-id-154\">\n<thead>\n<tr class=\"row-1\">\n\t<th class=\"column-1\">Appareil<\/th><td class=\"column-2\"><\/td><th class=\"column-3\">4<\/th><th class=\"column-4\">6<\/th>\n<\/tr>\n<\/thead>\n<tbody class=\"row-striping row-hover\">\n<tr class=\"row-2\">\n\t<td class=\"column-1\">D\u00e9bit<\/td><td class=\"column-2\">m3\/h<\/td><td class=\"column-3\">300<\/td><td class=\"column-4\">450<\/td>\n<\/tr>\n<tr class=\"row-3\">\n\t<td class=\"column-1\">Diam\u00e8tre d'entr\u00e9e<\/td><td class=\"column-2\">mm<\/td><td class=\"column-3\">60<\/td><td class=\"column-4\">80<\/td>\n<\/tr>\n<tr class=\"row-4\">\n\t<td class=\"column-1\">pression n\u00e9gative max<\/td><td class=\"column-2\">Pa<\/td><td class=\"column-3\">1400<\/td><td class=\"column-4\">1400<\/td>\n<\/tr>\n<tr class=\"row-5\">\n\t<td class=\"column-1\">Tension d'alimentation<\/td><td class=\"column-2\">V<\/td><td class=\"column-3\">400<\/td><td class=\"column-4\">400<\/td>\n<\/tr>\n<tr class=\"row-6\">\n\t<td class=\"column-1\">Puissance<\/td><td class=\"column-2\">kW<\/td><td class=\"column-3\">0.55<\/td><td class=\"column-4\">0.55<\/td>\n<\/tr>\n<tr class=\"row-7\">\n\t<td class=\"column-1\">Dimensions<\/td><td class=\"column-2\">l\/L\/h (mm)<\/td><td class=\"column-3\">400 x 400 x 590<\/td><td class=\"column-4\">400 x 400 x 590<\/td>\n<\/tr>\n<tr class=\"row-8\">\n\t<td class=\"column-1\">Poids<\/td><td class=\"column-2\">kg<\/td><td class=\"column-3\">40<\/td><td class=\"column-4\">40<\/td>\n<\/tr>\n<tr class=\"row-9\">\n\t<td class=\"column-1\">Niveau de Bruyance<\/td><td class=\"column-2\">dB(A)<\/td><td class=\"column-3\">68<\/td><td class=\"column-4\">68<\/td>\n<\/tr>\n<\/tbody>\n<\/table>\n\n\n<hr class=\"wp-block-separator has-css-opacity is-style-dots\"\/>\n\n<h2 class=\"wp-block-heading\">Dal\u0161\u00ed mal\u00e9 prachovky od zna\u010dky oberA<\/h2>\n\n<div class=\"wp-block-columns is-layout-flex wp-container-core-columns-is-layout-28f84493 wp-block-columns-is-layout-flex\">\n<div class=\"wp-block-column is-layout-flow wp-block-column-is-layout-flow\">\n<figure class=\"wp-block-image aligncenter size-medium\"><a href=\"https:\/\/obera.fr\/produits\/depoussiereurs-industriels\/petits\/jumbo\/\"><img decoding=\"async\" width=\"300\" height=\"300\" src=\"https:\/\/obera.fr\/wp-content\/uploads\/2020\/10\/jumbo-300x300.png\" alt=\"Jumbo\" class=\"wp-image-1171\" srcset=\"https:\/\/obera.fr\/wp-content\/uploads\/2020\/10\/jumbo-300x300.png 300w, https:\/\/obera.fr\/wp-content\/uploads\/2020\/10\/jumbo-150x150.png 150w, https:\/\/obera.fr\/wp-content\/uploads\/2020\/10\/jumbo.png 500w\" sizes=\"(max-width: 300px) 100vw, 300px\" \/><\/a><figcaption class=\"wp-element-caption\">Jumbo<\/figcaption><\/figure>\n<\/div>\n\n\n\n<div class=\"wp-block-column is-layout-flow wp-block-column-is-layout-flow\">\n<figure class=\"wp-block-image aligncenter size-full is-resized\"><a href=\"https:\/\/obera.fr\/produits\/depoussiereurs-industriels\/petits\/srf-t\/\"><img decoding=\"async\" width=\"600\" height=\"600\" src=\"https:\/\/obera.fr\/wp-content\/uploads\/2020\/10\/SRF-T-SF.png\" alt=\"Kou&#x159; - Odlu&#x10D;ova&#x10D; prachu\" class=\"wp-image-1310\" style=\"width:300px;height:300px\" srcset=\"https:\/\/obera.fr\/wp-content\/uploads\/2020\/10\/SRF-T-SF.png 600w, https:\/\/obera.fr\/wp-content\/uploads\/2020\/10\/SRF-T-SF-300x300.png 300w, https:\/\/obera.fr\/wp-content\/uploads\/2020\/10\/SRF-T-SF-150x150.png 150w\" sizes=\"(max-width: 600px) 100vw, 600px\" \/><\/a><figcaption class=\"wp-element-caption\">SRF-T<\/figcaption><\/figure>\n<\/div>\n\n\n\n<div class=\"wp-block-column is-layout-flow wp-block-column-is-layout-flow\">\n<figure class=\"wp-block-image aligncenter size-medium\"><a href=\"https:\/\/obera.fr\/produits\/depoussiereurs-industriels\/petits\/aspiration-fumees-soudage-laser-epur-b-ex\/\"><img decoding=\"async\" width=\"300\" height=\"300\" src=\"https:\/\/obera.fr\/wp-content\/uploads\/2023\/10\/epurb-ex-1000-3000-5000-300x300.png\" alt=\"oberA epur b ex 1000 3000 5000\" class=\"wp-image-25016\" srcset=\"https:\/\/obera.fr\/wp-content\/uploads\/2023\/10\/epurb-ex-1000-3000-5000-300x300.png 300w, https:\/\/obera.fr\/wp-content\/uploads\/2023\/10\/epurb-ex-1000-3000-5000-150x150.png 150w, https:\/\/obera.fr\/wp-content\/uploads\/2023\/10\/epurb-ex-1000-3000-5000.png 600w\" sizes=\"(max-width: 300px) 100vw, 300px\" \/><\/a><figcaption class=\"wp-element-caption\">EPUR B EX 1000<\/figcaption><\/figure>\n<\/div>\n<\/div>\n\n<p><\/p>\n","protected":false},"excerpt":{"rendered":"<p>Mal\u00e9 odlu\u010dova\u010de prachu pro p\u0159\u00edm\u00e9 ods\u00e1v\u00e1n\u00ed na obr\u00e1b\u011bc\u00edch centrech Mal\u00e9 ods\u00e1va\u010de prachu \u0159ady TK jsou ur\u010deny pro ob\u010dasn\u00e9 pou\u017eit\u00ed pro jednobodov\u00e9 ods\u00e1v\u00e1n\u00ed ve stroj\u00edrensk\u00fdch d\u00edln\u00e1ch a kovozpracuj\u00edc\u00edch podnic\u00edch. Zapr\u00e1\u0161en\u00fd vzduch se \u010dist\u00ed pomoc\u00ed \u010distiteln\u00e9ho textiln\u00edho filtru, kter\u00fd umo\u017e\u0148uje jeho n\u00e1vrat do pracovn\u00edho prostoru. D\u00edky mal\u00fdm rozm\u011br\u016fm lze ods\u00e1va\u010de prachu snadno a rychle namontovat pod stoly nebo na police. Pro pos\u00edlen\u00ed t\u00e9to instalace lze zv\u00e1\u017eit integraci pr\u016fmyslov\u00e9 kapoty. Tato kapota, speci\u00e1ln\u011b navr\u017een\u00e1 pro pr\u016fmyslov\u00e9 pou\u017eit\u00ed, zvy\u0161uje \u00fa\u010dinnost zachycov\u00e1n\u00ed prachu t\u00edm, \u017ee soust\u0159e\u010fuje proud nas\u00e1van\u00e9ho vzduchu a chr\u00e1n\u00ed bezprost\u0159edn\u00ed okol\u00ed. P\u0159i v\u00fdb\u011bru odlu\u010dova\u010de prachu je z\u00e1sadn\u00ed polo\u017eit si ot\u00e1zku:&#8222;Jak\u00fd odlu\u010dova\u010d prachu m\u00e1m &#8230; <\/p>\n<p class=\"read-more-container\"><a title=\"\u0158ada TK\" class=\"read-more button\" href=\"https:\/\/obera.fr\/cs\/produits\/depoussiereurs-industriels\/petits\/tk-serie\/#more-47098\" aria-label=\"\u010c\u00edst v\u00edce o \u0158ada TK\">Lire la suite<\/a><\/p>\n","protected":false},"author":4,"featured_media":37343,"parent":48255,"menu_order":0,"comment_status":"closed","ping_status":"closed","template":"","meta":{"_acf_changed":false,"_seopress_robots_primary_cat":"","_seopress_titles_title":"\u0158ada TK : Mal\u00e9 odlu\u010dova\u010de prachu pro p\u0159\u00edm\u00e9 ods\u00e1v\u00e1n\u00ed","_seopress_titles_desc":"Mal\u00e9 ods\u00e1va\u010de prachu \u0159ady TK jsou ur\u010deny pro jednor\u00e1zov\u00e9 ods\u00e1v\u00e1n\u00ed ve stroj\u00edrensk\u00fdch d\u00edln\u00e1ch a kovozpracuj\u00edc\u00edch provozech.","_seopress_robots_index":"","footnotes":""},"class_list":{"0":"post-47098","1":"page","2":"type-page","3":"status-publish","4":"has-post-thumbnail","6":"no-featured-image-padding","7":"resize-featured-image"},"acf":[],"_links":{"self":[{"href":"https:\/\/obera.fr\/cs\/wp-json\/wp\/v2\/pages\/47098","targetHints":{"allow":["GET"]}}],"collection":[{"href":"https:\/\/obera.fr\/cs\/wp-json\/wp\/v2\/pages"}],"about":[{"href":"https:\/\/obera.fr\/cs\/wp-json\/wp\/v2\/types\/page"}],"author":[{"embeddable":true,"href":"https:\/\/obera.fr\/cs\/wp-json\/wp\/v2\/users\/4"}],"replies":[{"embeddable":true,"href":"https:\/\/obera.fr\/cs\/wp-json\/wp\/v2\/comments?post=47098"}],"version-history":[{"count":8,"href":"https:\/\/obera.fr\/cs\/wp-json\/wp\/v2\/pages\/47098\/revisions"}],"predecessor-version":[{"id":117433,"href":"https:\/\/obera.fr\/cs\/wp-json\/wp\/v2\/pages\/47098\/revisions\/117433"}],"up":[{"embeddable":true,"href":"https:\/\/obera.fr\/cs\/wp-json\/wp\/v2\/pages\/48255"}],"wp:featuredmedia":[{"embeddable":true,"href":"https:\/\/obera.fr\/cs\/wp-json\/wp\/v2\/media\/37343"}],"wp:attachment":[{"href":"https:\/\/obera.fr\/cs\/wp-json\/wp\/v2\/media?parent=47098"}],"curies":[{"name":"wp","href":"https:\/\/api.w.org\/{rel}","templated":true}]}}