{"id":48255,"date":"2020-08-26T12:35:06","date_gmt":"2020-08-26T10:35:06","guid":{"rendered":"https:\/\/obera.fr\/nase-produkty\/prumyslove-odlucovace-prachu\/male-prumyslove-odlucovace-prachu\/"},"modified":"2025-08-29T09:24:59","modified_gmt":"2025-08-29T07:24:59","slug":"petits","status":"publish","type":"page","link":"https:\/\/obera.fr\/cs\/produits\/depoussiereurs-industriels\/petits\/","title":{"rendered":"Mal\u00e9 pr\u016fmyslov\u00e9 odlu\u010dova\u010de prachu"},"content":{"rendered":"\n\n<h2 class=\"wp-block-heading\">Co je to mal\u00fd pr\u016fmyslov\u00fd odlu\u010dova\u010d prachu?<\/h2>\n\n<p>Mal\u00fd odlu\u010dova\u010d prachu je obvykle <strong>mal\u00e1 jednotka na \u00fapravu vzduchu s kapacitou ods\u00e1v\u00e1n\u00ed 80 m3\/h a\u017e 500 m3\/h<\/strong>. Tyto odlu\u010dova\u010de prachu jsou zpravidla tich\u00e9, mobiln\u00ed a snadno p\u0159em\u00edstiteln\u00e9 a zpravidla je m\u016f\u017ee ods\u00e1vat jeden v\u00fdrobn\u00ed stroj. Tyto kompaktn\u00ed odlu\u010dova\u010de prachu jsou vybaveny nasycovac\u00ed filtra\u010dn\u00ed n\u00e1pln\u00ed (u modelu ePUR ex 1000\/3000) nebo ru\u010dn\u011b vyj\u00edmateln\u00fdm filtrem.  <\/p>\n\n<p>Mal\u00e9 odlu\u010dova\u010de prachu se pou\u017e\u00edvaj\u00ed k zachycen\u00ed vzduchu s n\u00edzkou a\u017e st\u0159edn\u00ed pra\u0161nost\u00ed. Tyto odlu\u010dova\u010de prachu <strong>zachycuj\u00ed prach a v\u00fdpary<\/strong> z laserov\u00fdch grav\u00edrek, sva\u0159ovac\u00edch stanic a mal\u00fdch v\u00e1hov\u00fdch stanic. Odlu\u010dova\u010de prachu vybaven\u00e9 regenera\u010dn\u00edmi filtry jsou vhodn\u00e9 pro jemn\u00fd, such\u00fd prach a maj\u00ed z\u00e1sobn\u00edk na prach, kter\u00fd lze osadit s\u00e1\u010dkem. Tento vak umo\u017e\u0148uje zachycen\u00fd prach snadno a \u010dist\u011b vypr\u00e1zdnit.     <\/p>\n\n<p><a href=\"https:\/\/obera.fr\/cs\/produits\/depoussiereurs-industriels\/\" data-type=\"page\" data-id=\"31\">Odlu\u010dova\u010de prachu<\/a> vybaven\u00e9 nasycovac\u00edmi filtry (model <a href=\"https:\/\/obera.fr\/cs\/produits\/depoussiereurs-industriels\/petits\/aspiration-fumees-soudage-laser-epur-b-ex\/\" data-type=\"page\" data-id=\"480\">ePUR ex)<\/a> jsou vhodn\u00e9 pro v\u0161echny druhy prachu a mal\u00e1 mno\u017estv\u00ed kou\u0159e. Samotn\u00fd filtr prach zadr\u017euje a ukl\u00e1d\u00e1. Kdy\u017e je filtr pln\u00fd, je odv\u00e1d\u011bn do speci\u00e1ln\u00edho vaku. Filtra\u010dn\u00ed m\u00e9dia v\u0161ech na\u0161ich mal\u00fdch vysava\u010d\u016f jsou snadno p\u0159\u00edstupn\u00e1 a vym\u011bniteln\u00e1. Tyto odlu\u010dova\u010de prachu zachycuj\u00ed <strong>prach z brou\u0161en\u00ed<\/strong>, <strong>brou\u0161en\u00ed<\/strong> a prach z <strong>d\u00e1vkovac\u00edch<\/strong> a <strong>v\u00e1\u017eic\u00edch<\/strong> stanic.    <\/p>\n\n<h2 class=\"wp-block-heading\">Objevte v\u0161echny na\u0161e mal\u00e9 kompaktn\u00ed vysava\u010de:<\/h2>\n\n<p><\/p>\n\n<p><\/p>\n\n<div class=\"wp-block-columns is-layout-flex wp-container-core-columns-is-layout-28f84493 wp-block-columns-is-layout-flex\">\n<div class=\"wp-block-column is-layout-flow wp-block-column-is-layout-flow\">\n<h3 class=\"wp-block-heading has-text-align-center\">TK SERIES<\/h3>\n\n\n\n<figure class=\"wp-block-image aligncenter size-full is-resized\"><a href=\"https:\/\/obera.fr\/produits\/depoussiereurs-industriels\/petits\/tk-serie\/\"><img decoding=\"async\" width=\"600\" height=\"600\" src=\"https:\/\/obera.fr\/wp-content\/uploads\/2020\/11\/tk-series.jpg\" alt=\"Laborato&#x159; - laboratorn&#xED; vybaven&#xED;\" class=\"wp-image-1607\" style=\"width:300px;height:300px\" srcset=\"https:\/\/obera.fr\/wp-content\/uploads\/2020\/11\/tk-series.jpg 600w, https:\/\/obera.fr\/wp-content\/uploads\/2020\/11\/tk-series-300x300.jpg 300w, https:\/\/obera.fr\/wp-content\/uploads\/2020\/11\/tk-series-150x150.jpg 150w\" sizes=\"(max-width: 600px) 100vw, 600px\" \/><\/a><figcaption class=\"wp-element-caption\">TK Serie<\/figcaption><\/figure>\n\n\n\n<p>Odlu\u010dova\u010de prachu <a href=\"https:\/\/obera.fr\/cs\/produits\/depoussiereurs-industriels\/petits\/tk-serie\/\" data-type=\"page\" data-id=\"1589\">\u0159ady TK<\/a><strong> <\/strong>jsou kompaktn\u00ed odlu\u010dova\u010de prachu ur\u010den\u00e9 k ods\u00e1v\u00e1n\u00ed mal\u00fdch mno\u017estv\u00ed prachu pro mal\u00e9 nebo pr\u016fmyslov\u00e9 aplikace, kter\u00e9 lze p\u0159ipojit p\u0159\u00edmo k v\u00fdrobn\u00edm stroj\u016fm a zachyt\u00e1vat prach p\u0159\u00edmo u zdroje. Jednotka je ide\u00e1ln\u00ed pro p\u0159eru\u0161ovan\u00e9 pou\u017eit\u00ed. Tyto jednotky jsou \u00fa\u010dinn\u00e9 pro zpracov\u00e1n\u00ed hrub\u00e9ho kovov\u00e9ho prachu, zejm\u00e9na z brou\u0161en\u00ed kov\u016f ve \u0161perka\u0159sk\u00e9m pr\u016fmyslu. D\u00edky sv\u00fdm rozm\u011br\u016fm a n\u00edzk\u00e9 hmotnosti se velmi jednodu\u0161e pou\u017e\u00edv\u00e1 a snadno p\u0159emis\u0165uje.     <\/p>\n\n\n\n<p>Mal\u00fd odlu\u010dova\u010d prachu <strong>TK 4<\/strong> m\u00e1 maxim\u00e1ln\u00ed pr\u016ftok 300 m3\/h a mal\u00fd odlu\u010dova\u010d prachu TK 6 m\u00e1 pr\u016ftok 450 m3\/h. Vy\u010di\u0161t\u011bn\u00fd vzduch je odv\u00e1d\u011bn p\u0159\u00edmo do pracovn\u00edho prostoru. <\/p>\n<\/div>\n\n\n\n<div class=\"wp-block-column is-layout-flow wp-block-column-is-layout-flow\">\n<h3 class=\"wp-block-heading has-text-align-center\">EPUR Ex 1000-3000-5000<\/h3>\n\n\n\n<figure class=\"wp-block-image aligncenter size-medium is-resized\"><a href=\"https:\/\/obera.fr\/produits\/depoussiereurs-industriels\/petits\/aspiration-fumees-soudage-laser-epur-b-ex\/\"><img decoding=\"async\" width=\"300\" height=\"300\" src=\"https:\/\/obera.fr\/wp-content\/uploads\/2023\/10\/epurb-ex-1000-3000-5000-300x300.png\" alt=\"oberA epur b ex 1000 3000 5000\" class=\"wp-image-25016\" style=\"width:298px;height:auto\" srcset=\"https:\/\/obera.fr\/wp-content\/uploads\/2023\/10\/epurb-ex-1000-3000-5000-300x300.png 300w, https:\/\/obera.fr\/wp-content\/uploads\/2023\/10\/epurb-ex-1000-3000-5000-150x150.png 150w, https:\/\/obera.fr\/wp-content\/uploads\/2023\/10\/epurb-ex-1000-3000-5000.png 600w\" sizes=\"(max-width: 300px) 100vw, 300px\" \/><\/a><figcaption class=\"wp-element-caption\">EPUR EX 1000-3000-5000<\/figcaption><\/figure>\n\n\n\n<p>\u0158ada <a href=\"https:\/\/obera.fr\/cs\/produits\/depoussiereurs-industriels\/petits\/aspiration-fumees-soudage-laser-epur-b-ex\/\" data-type=\"page\" data-id=\"480\">odlu\u010dova\u010d\u016f prachu EPUR Ex 1000-3000-5000<\/a><strong> <\/strong>jsou mobiln\u00ed ods\u00e1vac\u00ed jednotky vybaven\u00e9 nasycovac\u00edmi filtra\u010dn\u00edmi m\u00e9dii. Jsou vhodn\u00e9 zejm\u00e9na pro ods\u00e1v\u00e1n\u00ed sv\u00e1\u0159e\u010dsk\u00fdch a p\u00e1jec\u00edch d\u00fdm\u016f, prachu, par, rozpou\u0161t\u011bdel a plyn\u016f. Tyto vysoce univerz\u00e1ln\u00ed odlu\u010dova\u010de prachu lze d\u00edky t\u0159em filtra\u010dn\u00edm stup\u0148\u016fm p\u0159izp\u016fsobit prakticky jak\u00e9mukoli pr\u016fmyslov\u00e9mu odv\u011btv\u00ed. Lze je ovl\u00e1dat pomoc\u00ed dotykov\u00e9ho displeje nebo d\u00e1lkov\u011b, co\u017e zaji\u0161\u0165uje vynikaj\u00edc\u00ed snadnost pou\u017eit\u00ed. Tich\u00e9 a v\u00fdkonn\u00e9, m\u016f\u017eete vys\u00e1vat a\u017e t\u0159i mal\u00e1 pracovi\u0161t\u011b nebo v\u00fdrobn\u00ed stroje.    <\/p>\n\n\n\n<p>Tyto odlu\u010dova\u010de prachu jsou vhodn\u00e9 pro pou\u017eit\u00ed v z\u00f3n\u00e1ch ATEX.  <\/p>\n\n\n\n<p>V\u00fdhodou t\u011bchto jednotek je, \u017ee nab\u00edzej\u00ed vysok\u00fd sac\u00ed v\u00fdkon (podtlak a\u017e 10 000 Pa) a jsou pln\u011b konfigurovateln\u00e9. Maj\u00ed toti\u017e dva nebo t\u0159i filtra\u010dn\u00ed stupn\u011b, jejich\u017e filtra\u010dn\u00ed m\u00e9dia lze pln\u011b p\u0159izp\u016fsobit jemnosti a nebezpe\u010dnosti prachu (filtra\u010dn\u00ed stupn\u011b od G4 po HEPA 14). Je tak\u00e9 mo\u017en\u00e9 zvolit stupe\u0148 s aktivn\u00edm uhl\u00edm, kter\u00fd je speci\u00e1ln\u011b navr\u017een pro boj s plynn\u00fdmi zne\u010di\u0161\u0165uj\u00edc\u00edmi l\u00e1tkami. Lze tak\u00e9 pou\u017e\u00edt elektronicky komutovan\u00fd motor, kter\u00fd umo\u017e\u0148uje m\u011bnit pr\u016ftok od 0 do 100 %. Filtry lze vym\u011bnit \u010dist\u011b a bezpe\u010dn\u011b pomoc\u00ed dostupn\u00e9 sady pro v\u00fdm\u011bnu, kter\u00e1 obsahuje: kryt filtru, jednor\u00e1zov\u00fd vzduchot\u011bsn\u00fd s\u00e1\u010dek, osobn\u00ed ochrannou masku a jednor\u00e1zov\u00e9 rukavice.    <\/p>\n<\/div>\n<\/div>\n\n<p><\/p>\n\n<p><\/p>\n\n<div class=\"wp-block-columns is-layout-flex wp-container-core-columns-is-layout-28f84493 wp-block-columns-is-layout-flex\">\n<div class=\"wp-block-column is-layout-flow wp-block-column-is-layout-flow\">\n<h3 class=\"wp-block-heading has-text-align-center\"><strong>SRF-T<\/strong><\/h3>\n\n\n\n<div class=\"wp-block-columns is-layout-flex wp-container-core-columns-is-layout-28f84493 wp-block-columns-is-layout-flex\">\n<div class=\"wp-block-column is-layout-flow wp-block-column-is-layout-flow\">\n<figure class=\"wp-block-image aligncenter size-large is-resized\"><a href=\"https:\/\/obera.fr\/produits\/depoussiereurs-industriels\/petits\/srf-t\/\"><img decoding=\"async\" width=\"600\" height=\"600\" src=\"https:\/\/obera.fr\/wp-content\/uploads\/2020\/10\/SRF-T-SF.png\" alt=\"Kou&#x159; - Odlu&#x10D;ova&#x10D; prachu\" class=\"wp-image-1310\" style=\"width:259px;height:259px\" srcset=\"https:\/\/obera.fr\/wp-content\/uploads\/2020\/10\/SRF-T-SF.png 600w, https:\/\/obera.fr\/wp-content\/uploads\/2020\/10\/SRF-T-SF-300x300.png 300w, https:\/\/obera.fr\/wp-content\/uploads\/2020\/10\/SRF-T-SF-150x150.png 150w\" sizes=\"(max-width: 600px) 100vw, 600px\" \/><\/a><figcaption class=\"wp-element-caption\">SRF-T<\/figcaption><\/figure>\n<\/div>\n<\/div>\n\n\n\n<p><a href=\"https:\/\/obera.fr\/cs\/produits\/depoussiereurs-industriels\/petits\/srf-t\/\">SRF T je p\u0159enosn\u00e9 za\u0159\u00edzen\u00ed<\/a> ur\u010den\u00e9 k <strong>ods\u00e1v\u00e1n\u00ed sv\u00e1\u0159e\u010dsk\u00fdch d\u00fdm\u016f<\/strong>. M\u00e1 vysok\u00fd podtlak, tak\u017ee jej lze p\u0159ipojit p\u0159\u00edmo ke sva\u0159ovac\u00edm ho\u0159\u00e1k\u016fm pro p\u0159\u00edmou \u00fapravu u zdroje. <\/p>\n\n\n\n<p>K dispozici je n\u011bkolik model\u016f, v\u010detn\u011b <strong>SRF T-2<\/strong>, kter\u00fd p\u0159ipojuje jedno ods\u00e1vac\u00ed rameno, a <strong>SRF T-4<\/strong>, kter\u00fd p\u0159ipojuje a\u017e dv\u011b ramena.  <\/p>\n\n\n\n<p>Toto za\u0159\u00edzen\u00ed je vhodn\u00e9 zejm\u00e9na pro aplikace, jako jsou lod\u011bnice, sva\u0159ovny mal\u00fdch d\u00edl\u016f a automobilov\u00e9 v\u00fdrobn\u00ed z\u00e1vody. Filtra\u010dn\u00ed kazety lze \u010distit a opakovan\u011b pou\u017e\u00edvat. <\/p>\n<\/div>\n\n\n\n<div class=\"wp-block-column is-layout-flow wp-block-column-is-layout-flow\">\n<h3 class=\"wp-block-heading has-text-align-center\"><strong>JUMBO<\/strong><\/h3>\n\n\n\n<figure class=\"wp-block-image aligncenter size-large is-resized\"><a href=\"https:\/\/obera.fr\/produits\/depoussiereurs-industriels\/petits\/jumbo\/\"><img decoding=\"async\" width=\"500\" height=\"500\" src=\"https:\/\/obera.fr\/wp-content\/uploads\/2020\/12\/Jumbo2.png\" alt=\"Jumbo2\" class=\"wp-image-3839\" style=\"width:256px;height:auto\" srcset=\"https:\/\/obera.fr\/wp-content\/uploads\/2020\/12\/Jumbo2.png 500w, https:\/\/obera.fr\/wp-content\/uploads\/2020\/12\/Jumbo2-300x300.png 300w, https:\/\/obera.fr\/wp-content\/uploads\/2020\/12\/Jumbo2-150x150.png 150w\" sizes=\"(max-width: 500px) 100vw, 500px\" \/><\/a><figcaption class=\"wp-element-caption\"><a href=\"https:\/\/obera.fr\/cs\/produits\/depoussiereurs-industriels\/petits\/jumbo\/\">JUMBO<\/a><\/figcaption><\/figure>\n\n\n\n<p><a href=\"https:\/\/obera.fr\/cs\/produits\/depoussiereurs-industriels\/petits\/jumbo\/\">Jumbo <\/a>je mal\u00fd komplexn\u00ed odlu\u010dova\u010d prachu, kter\u00fd <strong>lze p\u0159izp\u016fsobit \u0161irok\u00e9 \u0161k\u00e1le aplikac\u00ed.<\/strong> Nav\u00edc d\u00edky pr\u016ftoku 170 m3\/h a podtlaku 2800 Pa dok\u00e1\u017ee vys\u00e1t 1 a\u017e 2 pracovn\u00ed m\u00edsta.<\/p>\n\n\n\n<p>Tento mal\u00fd odlu\u010dova\u010d prachu je vhodn\u00fd zejm\u00e9na pro ods\u00e1v\u00e1n\u00ed <strong>jemn\u00e9ho a hrub\u00e9ho prachu<\/strong>, ale i <strong>v\u00fdpar\u016f, par a pach\u016f<\/strong>.<\/p>\n\n\n\n<p>Zab\u00edr\u00e1 velmi<strong> m\u00e1lo<\/strong> m\u00edsta a spot\u0159ebov\u00e1v\u00e1 velmi m\u00e1lo energie. Je vybaven n\u011bkolika klouby, tak\u017ee m\u016f\u017ee vys\u00e1vat v r\u016fzn\u00fdch poloh\u00e1ch a<strong> p\u0159izp\u016fsobit se ka\u017ed\u00e9 situaci.<\/strong> <\/p>\n<\/div>\n<\/div>\n\n<div class=\"wp-block-buttons is-horizontal is-content-justification-center is-layout-flex wp-container-core-buttons-is-layout-03627597 wp-block-buttons-is-layout-flex\">\n<div class=\"wp-block-button has-custom-width wp-block-button__width-100\"><a class=\"wp-block-button__link wp-element-button\" href=\"https:\/\/obera.fr\/cs\/kontaktujte-nas\/\">Zjist\u011bte v\u00edce<\/a><\/div>\n<\/div>\n\n<hr class=\"wp-block-separator has-css-opacity\"\/>\n\n<div class=\"wp-block-group is-layout-flow wp-block-group-is-layout-flow\">\n<h2 class=\"wp-block-heading\">Dal\u0161\u00ed \u0159ady pr\u016fmyslov\u00fdch odlu\u010dova\u010d\u016f prachu oberA<\/h2>\n\n\n\n<div class=\"wp-block-buttons is-content-justification-center is-layout-flex wp-container-core-buttons-is-layout-a89b3969 wp-block-buttons-is-layout-flex\">\n<div class=\"wp-block-button\"><a class=\"wp-block-button__link wp-element-button\" href=\"https:\/\/obera.fr\/produits\/depoussiereurs-industriels\/mobiles\/\">mobiln\u00ed odlu\u010dova\u010de prachu  <\/a><\/div>\n\n\n\n<div class=\"wp-block-button\"><a class=\"wp-block-button__link wp-element-button\" href=\"https:\/\/obera.fr\/produits\/depoussiereurs-industriels\/fixes\/\"> Pevn\u00e9 <strong>odlu\u010dova\u010de prachu<\/strong><\/a><\/div>\n<\/div>\n<\/div>\n\n<p><\/p>\n","protected":false},"excerpt":{"rendered":"<p>Co je to mal\u00fd pr\u016fmyslov\u00fd odlu\u010dova\u010d prachu? Mal\u00fd odlu\u010dova\u010d prachu je obvykle mal\u00e1 jednotka na \u00fapravu vzduchu s kapacitou ods\u00e1v\u00e1n\u00ed 80 m3\/h a\u017e 500 m3\/h. Tyto odlu\u010dova\u010de prachu jsou zpravidla tich\u00e9, mobiln\u00ed a snadno p\u0159em\u00edstiteln\u00e9 a zpravidla je m\u016f\u017ee ods\u00e1vat jeden v\u00fdrobn\u00ed stroj. Tyto kompaktn\u00ed odlu\u010dova\u010de prachu jsou vybaveny nasycovac\u00ed filtra\u010dn\u00ed n\u00e1pln\u00ed (u modelu ePUR ex 1000\/3000) nebo ru\u010dn\u011b vyj\u00edmateln\u00fdm filtrem. Mal\u00e9 odlu\u010dova\u010de prachu se pou\u017e\u00edvaj\u00ed k zachycen\u00ed vzduchu s n\u00edzkou a\u017e st\u0159edn\u00ed pra\u0161nost\u00ed. Tyto odlu\u010dova\u010de prachu zachycuj\u00ed prach a v\u00fdpary z laserov\u00fdch grav\u00edrek, sva\u0159ovac\u00edch stanic a mal\u00fdch v\u00e1hov\u00fdch stanic. Odlu\u010dova\u010de prachu vybaven\u00e9 regenera\u010dn\u00edmi filtry jsou vhodn\u00e9 pro jemn\u00fd, such\u00fd &#8230; <\/p>\n<p class=\"read-more-container\"><a title=\"Mal\u00e9 pr\u016fmyslov\u00e9 odlu\u010dova\u010de prachu\" class=\"read-more button\" href=\"https:\/\/obera.fr\/cs\/produits\/depoussiereurs-industriels\/petits\/#more-48255\" aria-label=\"\u010c\u00edst v\u00edce o Mal\u00e9 pr\u016fmyslov\u00e9 odlu\u010dova\u010de prachu\">Lire la suite<\/a><\/p>\n","protected":false},"author":4,"featured_media":103613,"parent":45655,"menu_order":0,"comment_status":"closed","ping_status":"closed","template":"","meta":{"_acf_changed":false,"_seopress_robots_primary_cat":"","_seopress_titles_title":"Mal\u00e9 odlu\u010dova\u010de prachu EPUR B Ex, s\u00e1\u010dkov\u00e9 filtry SRF-T a ePURBOX","_seopress_titles_desc":"Mal\u00e9 odlu\u010dova\u010de prachu jsou mal\u00e9 jednotky na \u00fapravu vzduchu. Tyto pr\u016fmyslov\u00e9 odlu\u010dova\u010de prachu jsou tich\u00e9, mobiln\u00ed a snadno p\u0159enosn\u00e9. ","_seopress_robots_index":"","footnotes":""},"class_list":{"0":"post-48255","1":"page","2":"type-page","3":"status-publish","4":"has-post-thumbnail","6":"no-featured-image-padding","7":"resize-featured-image"},"acf":[],"_links":{"self":[{"href":"https:\/\/obera.fr\/cs\/wp-json\/wp\/v2\/pages\/48255","targetHints":{"allow":["GET"]}}],"collection":[{"href":"https:\/\/obera.fr\/cs\/wp-json\/wp\/v2\/pages"}],"about":[{"href":"https:\/\/obera.fr\/cs\/wp-json\/wp\/v2\/types\/page"}],"author":[{"embeddable":true,"href":"https:\/\/obera.fr\/cs\/wp-json\/wp\/v2\/users\/4"}],"replies":[{"embeddable":true,"href":"https:\/\/obera.fr\/cs\/wp-json\/wp\/v2\/comments?post=48255"}],"version-history":[{"count":7,"href":"https:\/\/obera.fr\/cs\/wp-json\/wp\/v2\/pages\/48255\/revisions"}],"predecessor-version":[{"id":127520,"href":"https:\/\/obera.fr\/cs\/wp-json\/wp\/v2\/pages\/48255\/revisions\/127520"}],"up":[{"embeddable":true,"href":"https:\/\/obera.fr\/cs\/wp-json\/wp\/v2\/pages\/45655"}],"wp:featuredmedia":[{"embeddable":true,"href":"https:\/\/obera.fr\/cs\/wp-json\/wp\/v2\/media\/103613"}],"wp:attachment":[{"href":"https:\/\/obera.fr\/cs\/wp-json\/wp\/v2\/media?parent=48255"}],"curies":[{"name":"wp","href":"https:\/\/api.w.org\/{rel}","templated":true}]}}