{"id":48314,"date":"2020-05-01T17:19:45","date_gmt":"2020-05-01T15:19:45","guid":{"rendered":"https:\/\/obera.fr\/nase-produkty\/analyzatory-vzduchu\/"},"modified":"2025-04-22T09:39:33","modified_gmt":"2025-04-22T07:39:33","slug":"analyseurs-air","status":"publish","type":"page","link":"https:\/\/obera.fr\/cs\/produits\/analyseurs-air\/","title":{"rendered":"Analyz\u00e1tory vzduchu"},"content":{"rendered":"\n<p>Spole\u010dnost OberA nab\u00edz\u00ed \u0159adu 5 analyz\u00e1tor\u016f vzduchu. \u00da\u010delem t\u011bchto p\u0159\u00edstroj\u016f je odhalit r\u016fzn\u00e9 parametry vzduchu p\u0159\u00edtomn\u00e9 na va\u0161em pracovi\u0161ti. <\/p>\n\n\n<h2 class=\"wp-block-heading\" id=\"les-produits-de-la-gamme-obera\">Produkty \u0159ady OberA<\/h2>\n\n<div class=\"wp-block-columns is-layout-flex wp-container-core-columns-is-layout-28f84493 wp-block-columns-is-layout-flex\">\n<div class=\"wp-block-column is-layout-flow wp-block-column-is-layout-flow\">\n<h3 class=\"wp-block-heading has-text-align-center\" id=\"obcare\"><a href=\"https:\/\/obera.fr\/cs\/produits\/analyseurs-air\/senzor-co2-obcare\/\">OBCARE<\/a><\/h3>\n\n\n\n<figure class=\"wp-block-image aligncenter size-medium is-resized\"><a href=\"https:\/\/obera.fr\/produits\/analyseurs-air\/capteur-co2-obcare\/\"><img decoding=\"async\" width=\"300\" height=\"212\" src=\"https:\/\/obera.fr\/wp-content\/uploads\/2021\/09\/Capteur_CO2_OBCARE-2-300x212.png\" alt=\"obcare co2 senzor\" class=\"wp-image-6918\" style=\"aspect-ratio:1.4180327868852458;width:216px;height:auto\" srcset=\"https:\/\/obera.fr\/wp-content\/uploads\/2021\/09\/Capteur_CO2_OBCARE-2-300x212.png 300w, https:\/\/obera.fr\/wp-content\/uploads\/2021\/09\/Capteur_CO2_OBCARE-2-768x542.png 768w, https:\/\/obera.fr\/wp-content\/uploads\/2021\/09\/Capteur_CO2_OBCARE-2.png 921w\" sizes=\"(max-width: 300px) 100vw, 300px\" \/><\/a><\/figure>\n\n\n\n<p><\/p>\n\n\n\n<p><a href=\"https:\/\/obera.fr\/cs\/produits\/analyseurs-air\/senzor-co2-obcare\/\" data-type=\"page\" data-id=\"6812\"><strong>OBCARE <\/strong>je \u010dist\u00fd senzor C02<\/a>. Vyu\u017e\u00edv\u00e1 technologii NDIR (nedisperzn\u00ed infra\u010derven\u00e9 senzory) s automatickou kalibrac\u00ed a jeho c\u00edlem je p\u0159esn\u011b indikovat koncentraci v ppm v re\u00e1ln\u00e9m \u010dase (p\u0159esnost \u00b1 60 ppm). <\/p>\n<\/div>\n\n\n\n<div class=\"wp-block-column is-layout-flow wp-block-column-is-layout-flow\">\n<h3 class=\"wp-block-heading has-text-align-center\" id=\"compteur-de-particules\"><a href=\"https:\/\/obera.fr\/cs\/produits\/analyseurs-air\/citac-castic\/\">\u010c\u00edta\u010d \u010d\u00e1stic<\/a><\/h3>\n\n\n\n<figure class=\"wp-block-image aligncenter size-thumbnail\"><a href=\"https:\/\/obera.fr\/produits\/analyseurs-air\/compteur-particules\/\"><img decoding=\"async\" width=\"150\" height=\"150\" src=\"https:\/\/obera.fr\/wp-content\/uploads\/2020\/08\/compteur-de-particules-150x150.png\" alt=\"M&#x11B;&#x159;i&#x10D; pevn&#xFD;ch &#x10D;&#xE1;stic\" class=\"wp-image-714\" srcset=\"https:\/\/obera.fr\/wp-content\/uploads\/2020\/08\/compteur-de-particules-150x150.png 150w, https:\/\/obera.fr\/wp-content\/uploads\/2020\/08\/compteur-de-particules-300x300.png 300w, https:\/\/obera.fr\/wp-content\/uploads\/2020\/08\/compteur-de-particules.png 433w\" sizes=\"(max-width: 150px) 100vw, 150px\" \/><\/a><\/figure>\n\n\n\n<p><a href=\"https:\/\/obera.fr\/cs\/produits\/analyseurs-air\/citac-castic\/\" data-type=\"page\" data-id=\"539\">Po\u010d\u00edta\u010d \u010d\u00e1stic OberA<\/a> je schopen m\u011b\u0159it prachov\u00e9 \u010d\u00e1stice PM0,3 a\u017e PM10 (\u010d\u00e1stice od 0,3um do 10um). Monitoruje teplotu od 0 \u00b0C do 50 \u00b0C a relativn\u00ed vlhkost. <\/p>\n<\/div>\n<\/div>\n\n<div style=\"height:30px\" aria-hidden=\"true\" class=\"wp-block-spacer\"><\/div>\n\n<div class=\"wp-block-buttons is-horizontal is-content-justification-center is-layout-flex wp-container-core-buttons-is-layout-03627597 wp-block-buttons-is-layout-flex\">\n<div class=\"wp-block-button has-custom-width wp-block-button__width-100\"><a class=\"wp-block-button__link wp-element-button\" href=\"https:\/\/obera.fr\/cs\/kontaktujte-nas\/\">Zjist\u011bte v\u00edce<\/a><\/div>\n<\/div>\n\n<p><\/p>\n\n<h2 class=\"wp-block-heading\" id=\"pourquoi-mesurer-la-qualite-de-mon-air\">Pro\u010d m\u011b\u0159it kvalitu vzduchu?<\/h2>\n\n<p>Vzduch je pro \u010dlov\u011bka z\u00e1kladn\u00edm prvkem a d\u00fdch\u00e1n\u00ed zdrav\u00e9ho vzduchu je nezbytn\u00e9 pro zdrav\u00ed a pohodu zam\u011bstnanc\u016f. To zahrnuje anal\u00fdzu vzduchu, kter\u00fd d\u00fdchaj\u00ed va\u0161i zam\u011bstnanci, a rozhodnut\u00ed, zda se vyplat\u00ed vybavit pracovi\u0161t\u011b syst\u00e9mem \u00fapravy vzduchu. <\/p>\n\n<p>Tato anal\u00fdza vzduchu tak\u00e9 odhal\u00ed typ zne\u010di\u0161\u0165uj\u00edc\u00edch l\u00e1tek p\u0159\u00edtomn\u00fdch na va\u0161em pracovi\u0161ti a \u00farove\u0148 jejich koncentrace, co\u017e bude u\u017eite\u010dn\u00e9 p\u0159i v\u00fdb\u011bru filtrace pro v\u00e1\u0161 vzduchotechnick\u00fd syst\u00e9m.<\/p>\n","protected":false},"excerpt":{"rendered":"<p>Spole\u010dnost OberA nab\u00edz\u00ed \u0159adu 5 analyz\u00e1tor\u016f vzduchu. \u00da\u010delem t\u011bchto p\u0159\u00edstroj\u016f je odhalit r\u016fzn\u00e9 parametry vzduchu p\u0159\u00edtomn\u00e9 na va\u0161em pracovi\u0161ti. Produkty \u0159ady OberA OBCARE OBCARE je \u010dist\u00fd senzor C02. Vyu\u017e\u00edv\u00e1 technologii NDIR (nedisperzn\u00ed infra\u010derven\u00e9 senzory) s automatickou kalibrac\u00ed a jeho c\u00edlem je p\u0159esn\u011b indikovat koncentraci v ppm v re\u00e1ln\u00e9m \u010dase (p\u0159esnost \u00b1 60 ppm). \u010c\u00edta\u010d \u010d\u00e1stic Po\u010d\u00edta\u010d \u010d\u00e1stic OberA je schopen m\u011b\u0159it prachov\u00e9 \u010d\u00e1stice PM0,3 a\u017e PM10 (\u010d\u00e1stice od 0,3um do 10um). Monitoruje teplotu od 0 \u00b0C do 50 \u00b0C a relativn\u00ed vlhkost. Pro\u010d m\u011b\u0159it kvalitu vzduchu? Vzduch je pro \u010dlov\u011bka z\u00e1kladn\u00edm prvkem a d\u00fdch\u00e1n\u00ed zdrav\u00e9ho vzduchu je nezbytn\u00e9 pro zdrav\u00ed &#8230; <\/p>\n<p class=\"read-more-container\"><a title=\"Analyz\u00e1tory vzduchu\" class=\"read-more button\" href=\"https:\/\/obera.fr\/cs\/produits\/analyseurs-air\/#more-48314\" aria-label=\"\u010c\u00edst v\u00edce o Analyz\u00e1tory vzduchu\">Lire la suite<\/a><\/p>\n","protected":false},"author":4,"featured_media":83734,"parent":38112,"menu_order":7,"comment_status":"closed","ping_status":"closed","template":"","meta":{"_acf_changed":false,"_seopress_robots_primary_cat":"","_seopress_titles_title":"Retrouvez tous nos analyseurs d\u2019air de la gamme oberA","_seopress_titles_desc":"OberA dispose d\u2019une gamme de 5 analyseurs d\u2019air. Ces appareils ont pour but de r\u00e9v\u00e9ler les diff\u00e9rents param\u00e8tres de l\u2019air pr\u00e9sent sur votre lieu de travail.","_seopress_robots_index":"","footnotes":""},"class_list":{"0":"post-48314","1":"page","2":"type-page","3":"status-publish","4":"has-post-thumbnail","6":"no-featured-image-padding","7":"resize-featured-image"},"acf":[],"_links":{"self":[{"href":"https:\/\/obera.fr\/cs\/wp-json\/wp\/v2\/pages\/48314","targetHints":{"allow":["GET"]}}],"collection":[{"href":"https:\/\/obera.fr\/cs\/wp-json\/wp\/v2\/pages"}],"about":[{"href":"https:\/\/obera.fr\/cs\/wp-json\/wp\/v2\/types\/page"}],"author":[{"embeddable":true,"href":"https:\/\/obera.fr\/cs\/wp-json\/wp\/v2\/users\/4"}],"replies":[{"embeddable":true,"href":"https:\/\/obera.fr\/cs\/wp-json\/wp\/v2\/comments?post=48314"}],"version-history":[{"count":4,"href":"https:\/\/obera.fr\/cs\/wp-json\/wp\/v2\/pages\/48314\/revisions"}],"predecessor-version":[{"id":63199,"href":"https:\/\/obera.fr\/cs\/wp-json\/wp\/v2\/pages\/48314\/revisions\/63199"}],"up":[{"embeddable":true,"href":"https:\/\/obera.fr\/cs\/wp-json\/wp\/v2\/pages\/38112"}],"wp:featuredmedia":[{"embeddable":true,"href":"https:\/\/obera.fr\/cs\/wp-json\/wp\/v2\/media\/83734"}],"wp:attachment":[{"href":"https:\/\/obera.fr\/cs\/wp-json\/wp\/v2\/media?parent=48314"}],"curies":[{"name":"wp","href":"https:\/\/api.w.org\/{rel}","templated":true}]}}