{"id":48617,"date":"2020-08-26T12:33:11","date_gmt":"2020-08-26T10:33:11","guid":{"rendered":"https:\/\/obera.fr\/nase-produkty\/filtry-olejove-mlhy\/"},"modified":"2025-04-22T09:38:06","modified_gmt":"2025-04-22T07:38:06","slug":"filtres-brouillard-huile","status":"publish","type":"page","link":"https:\/\/obera.fr\/cs\/produits\/filtres-brouillard-huile\/","title":{"rendered":"Filtry olejov\u00e9 mlhy"},"content":{"rendered":"\n<p>Vysoce v\u00fdkonn\u00fd filtr <strong>olejov\u00e9 mlhy<\/strong>, kter\u00fd se p\u0159ipojuje p\u0159\u00edmo k v\u00fdrobn\u00edmu stroji.<\/p>\n\n<h2 class=\"wp-block-heading\" id=\"notre-gamme-de-filtres-a-brouillard-d-huile\">N\u00e1\u0161 sortiment filtr\u016f olejov\u00e9 mlhy<\/h2>\n\n<div class=\"wp-block-columns is-layout-flex wp-container-core-columns-is-layout-28f84493 wp-block-columns-is-layout-flex\">\n<div class=\"wp-block-column is-vertically-aligned-top is-layout-flow wp-block-column-is-layout-flow\">\n<h3 class=\"wp-block-heading has-text-align-center\" id=\"oilmac\"><a href=\"https:\/\/obera.fr\/cs\/produits\/filtres-brouillard-huile\/oilmac\/\">Oilmac<\/a><\/h3>\n\n\n\n<figure class=\"wp-block-image aligncenter size-medium\"><a href=\"https:\/\/obera.fr\/produits\/filtres-brouillard-huile\/oilmac\/\"><img decoding=\"async\" width=\"300\" height=\"300\" src=\"https:\/\/obera.fr\/wp-content\/uploads\/2020\/08\/filtre-compact-OILMAC-300x300.png\" alt=\"Kompaktn&#xED; filtr Oilmac\" class=\"wp-image-641\" srcset=\"https:\/\/obera.fr\/wp-content\/uploads\/2020\/08\/filtre-compact-OILMAC-300x300.png 300w, https:\/\/obera.fr\/wp-content\/uploads\/2020\/08\/filtre-compact-OILMAC-150x150.png 150w, https:\/\/obera.fr\/wp-content\/uploads\/2020\/08\/filtre-compact-OILMAC.png 600w\" sizes=\"(max-width: 300px) 100vw, 300px\" \/><\/a><\/figure>\n\n\n\n<p><strong>OILMAC <\/strong>je <a href=\"https:\/\/obera.fr\/cs\/produits\/filtres-brouillard-huile\/oilmac\/\" data-type=\"page\" data-id=\"585\">kompaktn\u00ed a v\u00fdkonn\u00fd filtr,<\/a> kter\u00fd dok\u00e1\u017ee zpracovat olejov\u00e9 a emulzn\u00ed mlhy, v\u00fdpary a aerosoly. Jednotka se obvykle instaluje p\u0159\u00edmo na v\u00fdrobn\u00ed stroj a p\u0159ipojuje se flexibiln\u00edm potrub\u00edm.   <\/p>\n\n\n\n<p>D\u00edky \u010dty\u0159stup\u0148ov\u00e9mu vysoce v\u00fdkonn\u00e9mu filtra\u010dn\u00edmu syst\u00e9mu, v\u010detn\u011b koncov\u00e9ho filtru HEPA 13, jsou \u010d\u00e1stice odfiltrov\u00e1ny na 99,95 % a vzduch m\u016f\u017ee b\u00fdt p\u0159\u00edmo znovu p\u0159iv\u00e1d\u011bn do pracovn\u00edho prostoru. \u00dadr\u017eba je omezena, proto\u017ee filtry lze vym\u011bnit bez pou\u017eit\u00ed n\u00e1\u0159ad\u00ed. <\/p>\n<\/div>\n\n\n\n<div class=\"wp-block-column is-vertically-aligned-top is-layout-flow wp-block-column-is-layout-flow\">\n<h3 class=\"wp-block-heading has-text-align-center\" id=\"afs\"><a href=\"https:\/\/obera.fr\/cs\/produits\/filtres-brouillard-huile\/afs\/\">AFS<\/a><\/h3>\n\n\n\n<figure class=\"wp-block-image aligncenter size-medium\"><a href=\"https:\/\/obera.fr\/produits\/filtres-brouillard-huile\/afs\/\"><img decoding=\"async\" width=\"300\" height=\"300\" src=\"https:\/\/obera.fr\/wp-content\/uploads\/2020\/08\/AFS-installation-centralisee-brouillards-huiles-300x300.png\" alt=\"Afs Installation Centralisee Brouillards Huiles\" class=\"wp-image-643\" srcset=\"https:\/\/obera.fr\/wp-content\/uploads\/2020\/08\/AFS-installation-centralisee-brouillards-huiles-300x300.png 300w, https:\/\/obera.fr\/wp-content\/uploads\/2020\/08\/AFS-installation-centralisee-brouillards-huiles-150x150.png 150w, https:\/\/obera.fr\/wp-content\/uploads\/2020\/08\/AFS-installation-centralisee-brouillards-huiles.png 433w\" sizes=\"(max-width: 300px) 100vw, 300px\" \/><\/a><\/figure>\n\n\n\n<p><strong>AFS<\/strong> je <a href=\"https:\/\/obera.fr\/cs\/produits\/filtres-brouillard-huile\/afs\/\" data-type=\"page\" data-id=\"590\">centralizovan\u00e9 za\u0159\u00edzen\u00ed pro olejov\u00e9 a emulzn\u00ed mlhy, v\u00fdpary a aerosoly<\/a>. Je to \u0159e\u0161en\u00ed \u0161it\u00e9 na m\u00edru pro p\u0159\u00edmou instalaci na va\u0161e obr\u00e1b\u011bc\u00ed centra. Toto za\u0159\u00edzen\u00ed m\u00e1 5 filtra\u010dn\u00edch stup\u0148\u016f, v\u010detn\u011b absolutn\u00edho koncov\u00e9ho filtru typu HEPA 13, kter\u00fd zaru\u010duje 99,95% \u00fa\u010dinnost filtrace \u010d\u00e1stic.    <\/p>\n\n\n\n<p>Mo\u017en\u00e9 jsou r\u016fzn\u00e9 konfigurace: recyklace a op\u011btovn\u00fd p\u0159\u00edvod filtrovan\u00e9ho vzduchu do budovy nebo odv\u00e1d\u011bn\u00ed filtrovan\u00e9ho vzduchu a p\u0159\u00edvod \u010derstv\u00e9ho vzduchu s rekuperac\u00ed tepla p\u0159es v\u00fdm\u011bn\u00edk tepla. Ob\u011b konfigurace maxim\u00e1ln\u011b vyu\u017e\u00edvaj\u00ed teplo obsa\u017een\u00e9 v proudech odv\u00e1d\u011bn\u00e9ho vzduchu. <\/p>\n\n\n\n<p><\/p>\n<\/div>\n<\/div>\n\n<div class=\"wp-block-buttons is-horizontal is-content-justification-center is-layout-flex wp-container-core-buttons-is-layout-03627597 wp-block-buttons-is-layout-flex\">\n<div class=\"wp-block-button has-custom-width wp-block-button__width-100\"><a class=\"wp-block-button__link wp-element-button\" href=\"https:\/\/obera.fr\/cs\/kontaktujte-nas\/\">Zjist\u011bte v\u00edce<\/a><\/div>\n<\/div>\n","protected":false},"excerpt":{"rendered":"<p>Vysoce v\u00fdkonn\u00fd filtr olejov\u00e9 mlhy, kter\u00fd se p\u0159ipojuje p\u0159\u00edmo k v\u00fdrobn\u00edmu stroji. N\u00e1\u0161 sortiment filtr\u016f olejov\u00e9 mlhy Oilmac OILMAC je kompaktn\u00ed a v\u00fdkonn\u00fd filtr, kter\u00fd dok\u00e1\u017ee zpracovat olejov\u00e9 a emulzn\u00ed mlhy, v\u00fdpary a aerosoly. Jednotka se obvykle instaluje p\u0159\u00edmo na v\u00fdrobn\u00ed stroj a p\u0159ipojuje se flexibiln\u00edm potrub\u00edm. D\u00edky \u010dty\u0159stup\u0148ov\u00e9mu vysoce v\u00fdkonn\u00e9mu filtra\u010dn\u00edmu syst\u00e9mu, v\u010detn\u011b koncov\u00e9ho filtru HEPA 13, jsou \u010d\u00e1stice odfiltrov\u00e1ny na 99,95 % a vzduch m\u016f\u017ee b\u00fdt p\u0159\u00edmo znovu p\u0159iv\u00e1d\u011bn do pracovn\u00edho prostoru. \u00dadr\u017eba je omezena, proto\u017ee filtry lze vym\u011bnit bez pou\u017eit\u00ed n\u00e1\u0159ad\u00ed. AFS AFS je centralizovan\u00e9 za\u0159\u00edzen\u00ed pro olejov\u00e9 a emulzn\u00ed mlhy, v\u00fdpary a aerosoly. Je to \u0159e\u0161en\u00ed &#8230; <\/p>\n<p class=\"read-more-container\"><a title=\"Filtry olejov\u00e9 mlhy\" class=\"read-more button\" href=\"https:\/\/obera.fr\/cs\/produits\/filtres-brouillard-huile\/#more-48617\" aria-label=\"\u010c\u00edst v\u00edce o Filtry olejov\u00e9 mlhy\">Lire la suite<\/a><\/p>\n","protected":false},"author":4,"featured_media":83734,"parent":38112,"menu_order":10,"comment_status":"closed","ping_status":"closed","template":"","meta":{"_acf_changed":false,"_seopress_robots_primary_cat":"","_seopress_titles_title":"Filtres \u00e0 brouillard d\u2019huile industriels - oberA","_seopress_titles_desc":"Retrouvez notre gamme de filtres \u00e0 brouillard d'huile haute performance \u00e0 connecter directement sur la machine de production, OILMAC et AFS.","_seopress_robots_index":"","footnotes":""},"class_list":{"0":"post-48617","1":"page","2":"type-page","3":"status-publish","4":"has-post-thumbnail","6":"no-featured-image-padding","7":"resize-featured-image"},"acf":[],"_links":{"self":[{"href":"https:\/\/obera.fr\/cs\/wp-json\/wp\/v2\/pages\/48617","targetHints":{"allow":["GET"]}}],"collection":[{"href":"https:\/\/obera.fr\/cs\/wp-json\/wp\/v2\/pages"}],"about":[{"href":"https:\/\/obera.fr\/cs\/wp-json\/wp\/v2\/types\/page"}],"author":[{"embeddable":true,"href":"https:\/\/obera.fr\/cs\/wp-json\/wp\/v2\/users\/4"}],"replies":[{"embeddable":true,"href":"https:\/\/obera.fr\/cs\/wp-json\/wp\/v2\/comments?post=48617"}],"version-history":[{"count":5,"href":"https:\/\/obera.fr\/cs\/wp-json\/wp\/v2\/pages\/48617\/revisions"}],"predecessor-version":[{"id":65850,"href":"https:\/\/obera.fr\/cs\/wp-json\/wp\/v2\/pages\/48617\/revisions\/65850"}],"up":[{"embeddable":true,"href":"https:\/\/obera.fr\/cs\/wp-json\/wp\/v2\/pages\/38112"}],"wp:featuredmedia":[{"embeddable":true,"href":"https:\/\/obera.fr\/cs\/wp-json\/wp\/v2\/media\/83734"}],"wp:attachment":[{"href":"https:\/\/obera.fr\/cs\/wp-json\/wp\/v2\/media?parent=48617"}],"curies":[{"name":"wp","href":"https:\/\/api.w.org\/{rel}","templated":true}]}}