{"id":48644,"date":"2020-08-26T13:06:25","date_gmt":"2020-08-26T11:06:25","guid":{"rendered":"https:\/\/obera.fr\/nase-produkty\/filtry-olejove-mlhy\/filtr-olejove-mlhy-afs\/"},"modified":"2025-06-03T13:10:34","modified_gmt":"2025-06-03T11:10:34","slug":"afs","status":"publish","type":"page","link":"https:\/\/obera.fr\/cs\/produits\/filtres-brouillard-huile\/afs\/","title":{"rendered":"Filtr olejov\u00e9 mlhy AFS"},"content":{"rendered":"\n<p><a href=\"https:\/\/obera.fr\/cs\/produits\/filtres-brouillard-huile\/\" data-type=\"page\" data-id=\"376\">Filtry olejov\u00e9 mlhy<\/a> AFS jsou \u0159e\u0161en\u00edm na m\u00edru pro p\u0159\u00edm\u00e9 vybaven\u00ed obr\u00e1b\u011bc\u00edch stroj\u016f nebo jejich centr\u00e1ln\u00ed vys\u00e1v\u00e1n\u00ed.<\/p>\n\n\n\n<p>\u0158ada AFS pokr\u00fdv\u00e1 <strong>sac\u00ed pr\u016ftoky od 400 do 16 000 m\u00b3\/h<\/strong>.<\/p>\n\n\n\n<h2 class=\"wp-block-heading\">Centralizovan\u00e1 za\u0159\u00edzen\u00ed pro olejov\u00e9 a emulzn\u00ed mlhy, v\u00fdpary a aerosoly<\/h2>\n\n\n\n<div class=\"wp-block-columns is-layout-flex wp-container-core-columns-is-layout-28f84493 wp-block-columns-is-layout-flex\">\n<div class=\"wp-block-column is-layout-flow wp-block-column-is-layout-flow\" style=\"flex-basis:33.33%\">\n<figure class=\"wp-block-image aligncenter size-medium\"><img decoding=\"async\" width=\"300\" height=\"300\" src=\"https:\/\/obera.fr\/wp-content\/uploads\/2020\/08\/AFS-installation-centralisee-brouillards-huiles-300x300.png\" alt=\"Afs Installation Centralisee Brouillards Huiles\" class=\"wp-image-643\" srcset=\"https:\/\/obera.fr\/wp-content\/uploads\/2020\/08\/AFS-installation-centralisee-brouillards-huiles-300x300.png 300w, https:\/\/obera.fr\/wp-content\/uploads\/2020\/08\/AFS-installation-centralisee-brouillards-huiles-150x150.png 150w, https:\/\/obera.fr\/wp-content\/uploads\/2020\/08\/AFS-installation-centralisee-brouillards-huiles.png 433w\" sizes=\"(max-width: 300px) 100vw, 300px\" \/><\/figure>\n<\/div>\n\n\n\n<div class=\"wp-block-column is-layout-flow wp-block-column-is-layout-flow\" style=\"flex-basis:66.66%\">\n<p><strong>Technologie AFS<\/strong> se skl\u00e1d\u00e1 z 5 stup\u0148\u016f \u00fapravy: kovov\u00fdch s\u00ed\u0165ov\u00fdch filtr\u016f, polyesterov\u00fdch plst\u00ed a odlu\u010dova\u010de AFS-Longlife, kter\u00fd tvo\u0159\u00ed j\u00e1dro \u00fapravy.<\/p>\n\n\n\n<p>&gt;Jednotky jsou vybaveny <strong>absolutn\u00ed koncovou filtrac\u00ed HEPA typu H13<\/strong> (standardizovan\u00e1 \u00fa\u010dinnost zaru\u010dena na 99,95 % pro \u010d\u00e1stice 0,3 \u00b5m). Vzhledem k velmi vysok\u00e9 \u00fa\u010dinnosti hlavn\u00ed filtrace maj\u00ed absolutn\u00ed filtry velmi dlouhou \u017eivotnost, a to i p\u0159i nep\u0159etr\u017eit\u00e9m provozu na 3 stanic\u00edch. <\/p>\n\n\n\n<p>Mo\u017en\u00e9 jsou r\u016fzn\u00e9 konfigurace: recyklace a op\u011btovn\u00e9 zaveden\u00ed filtrovan\u00e9ho vzduchu do budovy nebo odv\u00e1d\u011bn\u00ed filtrovan\u00e9ho vzduchu a zav\u00e1d\u011bn\u00ed \u010derstv\u00e9ho vzduchu s rekuperac\u00ed kalori\u00ed p\u0159es v\u00fdm\u011bn\u00edk tepla. <strong>\u0158e\u0161en\u00ed ods\u00e1v\u00e1n\u00ed AFS<\/strong> (recyklace nebo v\u00fdm\u011bn\u00edky tepla) umo\u017e\u0148uj\u00ed maxim\u00e1ln\u00ed op\u011btovn\u00e9 vyu\u017eit\u00ed tepla obsa\u017een\u00e9ho v proudech ods\u00e1van\u00e9ho vzduchu. <\/p>\n\n\n\n<hr class=\"wp-block-separator has-text-color has-black-color has-css-opacity has-black-background-color has-background is-style-dots\"\/>\n\n\n\n<div class=\"wp-block-columns is-layout-flex wp-container-core-columns-is-layout-28f84493 wp-block-columns-is-layout-flex\">\n<div class=\"wp-block-column is-layout-flow wp-block-column-is-layout-flow\" style=\"flex-basis:33.33%\">\n<div class=\"wp-block-buttons is-layout-flex wp-block-buttons-is-layout-flex\">\n<div class=\"wp-block-button\"><a class=\"wp-block-button__link wp-element-button\" href=\"https:\/\/obera.fr\/wp-content\/uploads\/2025\/06\/brochure-afs-en.pdf\">ST\u00c1HNOUT BRO\u017dURU<\/a><\/div>\n<\/div>\n<\/div>\n\n\n\n<div class=\"wp-block-column is-layout-flow wp-block-column-is-layout-flow\" style=\"flex-basis:33.34%\">\n<div class=\"wp-block-buttons is-horizontal is-content-justification-center is-layout-flex wp-container-core-buttons-is-layout-03627597 wp-block-buttons-is-layout-flex\">\n<div class=\"wp-block-button has-custom-width wp-block-button__width-100\"><a class=\"wp-block-button__link wp-element-button\" href=\"https:\/\/obera.fr\/cs\/kontaktujte-nas\/\">Zjist\u011bte v\u00edce<\/a><\/div>\n<\/div>\n<\/div>\n\n\n\n<div class=\"wp-block-column is-layout-flow wp-block-column-is-layout-flow\" style=\"flex-basis:33.34%\">\n<div class=\"wp-block-buttons is-content-justification-center is-layout-flex wp-container-core-buttons-is-layout-a89b3969 wp-block-buttons-is-layout-flex\">\n<div class=\"wp-block-button btn-devis-source\"><a class=\"wp-block-button__link wp-element-button\" href=\"https:\/\/obera.fr\/cs\/devis\/\">Po\u017e\u00e1dat o cenovou nab\u00eddku<\/a><\/div>\n<\/div>\n\n\n<script>\r\ndocument.addEventListener('DOMContentLoaded', function() {\r\n    \/\/ 1. On cherche le titre H1 de la page\r\n    var h1 = document.querySelector('h1');\r\n    var productTitle = h1 ? h1.innerText.trim() : \"\";\r\n\r\n    \/\/ 2. On cherche les boutons via la classe CSS .btn-devis-source\r\n    var buttons = document.querySelectorAll('.btn-devis-source a');\r\n\r\n    \/\/ 3. Si on a le titre et les boutons, on ajoute le param\u00e8tre\r\n    if (buttons.length > 0 && productTitle !== \"\") {\r\n        var encodedTitle = encodeURIComponent(productTitle);\r\n\r\n        buttons.forEach(function(btn) {\r\n            var currentHref = btn.getAttribute('href');\r\n            \r\n            \/\/ S\u00e9curit\u00e9 pour ne pas ajouter le param\u00e8tre 2 fois\r\n            if (currentHref.indexOf('sujet=') === -1) {\r\n                var separator = currentHref.indexOf('?') !== -1 ? '&' : '?';\r\n                var newLink = currentHref + separator + 'sujet=' + encodedTitle;\r\n                \r\n                btn.setAttribute('href', newLink);\r\n            }\r\n        });\r\n    }\r\n});\r\n<\/script><\/div>\n<\/div>\n\n\n\n<p><\/p>\n<\/div>\n<\/div>\n\n\n\n<h2 class=\"wp-block-heading\">V\u00fdhody syst\u00e9mu AFS<\/h2>\n\n\n\n<div class=\"wp-block-columns is-layout-flex wp-container-core-columns-is-layout-28f84493 wp-block-columns-is-layout-flex\">\n<div class=\"wp-block-column is-layout-flow wp-block-column-is-layout-flow\">\n<h3 class=\"wp-block-heading has-text-align-center\"><strong>V\u00fdhody<\/strong><\/h3>\n\n\n\n<ul class=\"wp-block-list\">\n<li>Snadn\u00e9 p\u0159ipojen\u00ed k v\u00fdrobn\u00edmu stroji<\/li>\n\n\n\n<li>Na stroji nebo centr\u00e1ln\u011b<\/li>\n\n\n\n<li>Kompaktn\u00ed syst\u00e9m<\/li>\n\n\n\n<li>5 stup\u0148\u016f filtrace pro \u00fa\u010dinnou \u00fapravu vzduchu<\/li>\n\n\n\n<li>V\u00fdm\u011bna a \u00fadr\u017eba filtru bez pou\u017eit\u00ed n\u00e1\u0159ad\u00ed<\/li>\n<\/ul>\n<\/div>\n\n\n\n<div class=\"wp-block-column is-layout-flow wp-block-column-is-layout-flow\">\n<h3 class=\"wp-block-heading has-text-align-center\"><strong>Speci\u00e1ln\u00ed funkce<\/strong><\/h3>\n\n\n\n<ul class=\"wp-block-list\">\n<li>Patentovan\u00fd syst\u00e9m v\u00fdm\u011bny filtru bez pou\u017eit\u00ed n\u00e1\u0159ad\u00ed<\/li>\n\n\n\n<li>Ru\u010dn\u00ed \u010di\u0161t\u011bn\u00ed spot\u0159ebi\u010de<\/li>\n\n\n\n<li>Mechanick\u00e1 filtrace<\/li>\n<\/ul>\n<\/div>\n\n\n\n<div class=\"wp-block-column is-layout-flow wp-block-column-is-layout-flow\">\n<h3 class=\"wp-block-heading has-text-align-center\"><strong>Funkce<\/strong><\/h3>\n\n\n\n<ul class=\"wp-block-list\">\n<li>Ods\u00e1v\u00e1n\u00ed olejov\u00fdch mlh a emulz\u00ed, v\u00fdpar\u016f a aerosol\u016f<\/li>\n\n\n\n<li>Lze instalovat p\u0159\u00edmo na NC obr\u00e1b\u011bc\u00ed centrum nebo centr\u00e1ln\u011b.<\/li>\n<\/ul>\n<\/div>\n<\/div>\n\n\n\n<h2 class=\"wp-block-heading\">Aplikace<\/h2>\n\n\n\n<div class=\"wp-block-columns is-layout-flex wp-container-core-columns-is-layout-28f84493 wp-block-columns-is-layout-flex\">\n<div class=\"wp-block-column is-layout-flow wp-block-column-is-layout-flow\">\n<h3 class=\"wp-block-heading has-text-align-center\">Zne\u010di\u0161\u0165uj\u00edc\u00ed l\u00e1tky<\/h3>\n\n\n\n<hr class=\"wp-block-separator has-css-opacity is-style-wide\"\/>\n\n\n\n<div class=\"wp-block-columns is-layout-flex wp-container-core-columns-is-layout-28f84493 wp-block-columns-is-layout-flex\">\n<div class=\"wp-block-column is-layout-flow wp-block-column-is-layout-flow\">\n<figure class=\"wp-block-image aligncenter size-large\"><img decoding=\"async\" width=\"70\" height=\"70\" src=\"https:\/\/obera.fr\/wp-content\/uploads\/2020\/08\/industrie-brouillard-huile.jpg\" alt=\"Pr\u016fmyslov\u00e1 mlha Oil\" class=\"wp-image-721\"\/><figcaption class=\"wp-element-caption\">Olejov\u00e1 mlha<\/figcaption><\/figure>\n<\/div>\n\n\n\n<div class=\"wp-block-column is-layout-flow wp-block-column-is-layout-flow\">\n<figure class=\"wp-block-image aligncenter size-large\"><img decoding=\"async\" width=\"70\" height=\"70\" src=\"https:\/\/obera.fr\/wp-content\/uploads\/2020\/08\/industrie-fumees.jpg\" alt=\"Pr\u016fmyslov\u00fd kou\u0159\" class=\"wp-image-722\"\/><figcaption class=\"wp-element-caption\">V\u00fdpary<\/figcaption><\/figure>\n\n\n\n<figure class=\"wp-block-image aligncenter size-large\"><img decoding=\"async\" width=\"70\" height=\"70\" src=\"https:\/\/obera.fr\/wp-content\/uploads\/2020\/09\/cov.png\" alt=\"Cov\" class=\"wp-image-959\"\/><figcaption class=\"wp-element-caption\">VOCS<\/figcaption><\/figure>\n<\/div>\n<\/div>\n<\/div>\n\n\n\n<div class=\"wp-block-column is-layout-flow wp-block-column-is-layout-flow\">\n<h3 class=\"wp-block-heading has-text-align-center\">Odv\u011btv\u00ed<\/h3>\n\n\n\n<hr class=\"wp-block-separator has-css-opacity is-style-wide\"\/>\n\n\n\n<div class=\"wp-block-columns is-layout-flex wp-container-core-columns-is-layout-28f84493 wp-block-columns-is-layout-flex\">\n<div class=\"wp-block-column is-layout-flow wp-block-column-is-layout-flow\">\n<figure class=\"wp-block-image aligncenter size-large\"><img decoding=\"async\" width=\"70\" height=\"70\" src=\"https:\/\/obera.fr\/wp-content\/uploads\/2020\/08\/industrie-metallurgie.jpg\" alt=\"Hutnick\u00fd pr\u016fmysl\" class=\"wp-image-673\"\/><figcaption class=\"wp-element-caption\">Hutnictv\u00ed<\/figcaption><\/figure>\n<\/div>\n\n\n\n<div class=\"wp-block-column is-layout-flow wp-block-column-is-layout-flow\"><\/div>\n<\/div>\n<\/div>\n<\/div>\n\n\n\n<div class=\"wp-block-buttons is-content-justification-center is-layout-flex wp-container-core-buttons-is-layout-a89b3969 wp-block-buttons-is-layout-flex\">\n<div class=\"wp-block-button is-style-outline is-style-outline--1\"><a class=\"wp-block-button__link wp-element-button\" href=\"https:\/\/obera.fr\/wp-content\/uploads\/2024\/02\/brochure-afs.pdf\">St\u00e1hn\u011bte si produktov\u00fd list<\/a><\/div>\n<\/div>\n\n\n\n<hr class=\"wp-block-separator has-css-opacity is-style-dots\"\/>\n\n\n\n<h2 class=\"wp-block-heading\">Dal\u0161\u00ed filtry olejov\u00e9 mlhy od zna\u010dky OberA<\/h2>\n\n\n\n<div class=\"wp-block-columns is-layout-flex wp-container-core-columns-is-layout-28f84493 wp-block-columns-is-layout-flex\">\n<div class=\"wp-block-column is-layout-flow wp-block-column-is-layout-flow\">\n<figure class=\"wp-block-image aligncenter size-medium\"><a href=\"https:\/\/obera.fr\/produits\/filtres-brouillard-huile\/oilmac\/\"><img decoding=\"async\" width=\"300\" height=\"300\" src=\"https:\/\/obera.fr\/wp-content\/uploads\/2020\/08\/filtre-compact-OILMAC-300x300.png\" alt=\"Kompaktn\u00ed filtr OILMAC\" class=\"wp-image-641\" srcset=\"https:\/\/obera.fr\/wp-content\/uploads\/2020\/08\/filtre-compact-OILMAC-300x300.png 300w, https:\/\/obera.fr\/wp-content\/uploads\/2020\/08\/filtre-compact-OILMAC-150x150.png 150w, https:\/\/obera.fr\/wp-content\/uploads\/2020\/08\/filtre-compact-OILMAC.png 600w\" sizes=\"(max-width: 300px) 100vw, 300px\" \/><\/a><figcaption class=\"wp-element-caption\">OILMAC<\/figcaption><\/figure>\n<\/div>\n\n\n\n<div class=\"wp-block-column is-layout-flow wp-block-column-is-layout-flow\"><\/div>\n<\/div>\n\n\n\n<p><\/p>\n","protected":false},"excerpt":{"rendered":"<p>Filtry olejov\u00e9 mlhy AFS jsou \u0159e\u0161en\u00edm na m\u00edru pro p\u0159\u00edm\u00e9 vybaven\u00ed obr\u00e1b\u011bc\u00edch stroj\u016f nebo jejich centr\u00e1ln\u00ed vys\u00e1v\u00e1n\u00ed. \u0158ada AFS pokr\u00fdv\u00e1 sac\u00ed pr\u016ftoky od 400 do 16 000 m\u00b3\/h. Centralizovan\u00e1 za\u0159\u00edzen\u00ed pro olejov\u00e9 a emulzn\u00ed mlhy, v\u00fdpary a aerosoly Technologie AFS se skl\u00e1d\u00e1 z 5 stup\u0148\u016f \u00fapravy: kovov\u00fdch s\u00ed\u0165ov\u00fdch filtr\u016f, polyesterov\u00fdch plst\u00ed a odlu\u010dova\u010de AFS-Longlife, kter\u00fd tvo\u0159\u00ed j\u00e1dro \u00fapravy. &gt;Jednotky jsou vybaveny absolutn\u00ed koncovou filtrac\u00ed HEPA typu H13 (standardizovan\u00e1 \u00fa\u010dinnost zaru\u010dena na 99,95 % pro \u010d\u00e1stice 0,3 \u00b5m). Vzhledem k velmi vysok\u00e9 \u00fa\u010dinnosti hlavn\u00ed filtrace maj\u00ed absolutn\u00ed filtry velmi dlouhou \u017eivotnost, a to i p\u0159i nep\u0159etr\u017eit\u00e9m provozu na 3 stanic\u00edch. Mo\u017en\u00e9 &#8230; <\/p>\n<p class=\"read-more-container\"><a title=\"Filtr olejov\u00e9 mlhy AFS\" class=\"read-more button\" href=\"https:\/\/obera.fr\/cs\/produits\/filtres-brouillard-huile\/afs\/#more-48644\" aria-label=\"\u010c\u00edst v\u00edce o Filtr olejov\u00e9 mlhy AFS\">Lire la suite<\/a><\/p>\n","protected":false},"author":4,"featured_media":83734,"parent":48617,"menu_order":0,"comment_status":"closed","ping_status":"closed","template":"","meta":{"_acf_changed":false,"_seopress_robots_primary_cat":"","_seopress_titles_title":"Centralizovan\u00e9 syst\u00e9my olejov\u00e9 mlhy AFS","_seopress_titles_desc":"Filtry olejov\u00e9 mlhy AFS jsou \u0159e\u0161en\u00edm na m\u00edru pro p\u0159\u00edm\u00e9 vybaven\u00ed obr\u00e1b\u011bc\u00edch stroj\u016f nebo jejich centr\u00e1ln\u00ed vys\u00e1v\u00e1n\u00ed.","_seopress_robots_index":"","footnotes":""},"class_list":{"0":"post-48644","1":"page","2":"type-page","3":"status-publish","4":"has-post-thumbnail","6":"no-featured-image-padding","7":"resize-featured-image"},"acf":[],"_links":{"self":[{"href":"https:\/\/obera.fr\/cs\/wp-json\/wp\/v2\/pages\/48644","targetHints":{"allow":["GET"]}}],"collection":[{"href":"https:\/\/obera.fr\/cs\/wp-json\/wp\/v2\/pages"}],"about":[{"href":"https:\/\/obera.fr\/cs\/wp-json\/wp\/v2\/types\/page"}],"author":[{"embeddable":true,"href":"https:\/\/obera.fr\/cs\/wp-json\/wp\/v2\/users\/4"}],"replies":[{"embeddable":true,"href":"https:\/\/obera.fr\/cs\/wp-json\/wp\/v2\/comments?post=48644"}],"version-history":[{"count":9,"href":"https:\/\/obera.fr\/cs\/wp-json\/wp\/v2\/pages\/48644\/revisions"}],"predecessor-version":[{"id":107894,"href":"https:\/\/obera.fr\/cs\/wp-json\/wp\/v2\/pages\/48644\/revisions\/107894"}],"up":[{"embeddable":true,"href":"https:\/\/obera.fr\/cs\/wp-json\/wp\/v2\/pages\/48617"}],"wp:featuredmedia":[{"embeddable":true,"href":"https:\/\/obera.fr\/cs\/wp-json\/wp\/v2\/media\/83734"}],"wp:attachment":[{"href":"https:\/\/obera.fr\/cs\/wp-json\/wp\/v2\/media?parent=48644"}],"curies":[{"name":"wp","href":"https:\/\/api.w.org\/{rel}","templated":true}]}}