{"id":48709,"date":"2020-08-26T12:33:34","date_gmt":"2020-08-26T10:33:34","guid":{"rendered":"https:\/\/obera.fr\/nase-produkty\/prumyslove-saci-potrubi\/"},"modified":"2025-04-22T09:38:33","modified_gmt":"2025-04-22T07:38:33","slug":"tuyauteries-industrielles","status":"publish","type":"page","link":"https:\/\/obera.fr\/cs\/produits\/tuyauteries-industrielles\/","title":{"rendered":"Pr\u016fmyslov\u00e9 sac\u00ed potrub\u00ed"},"content":{"rendered":"\n<p>Pr\u016fmyslov\u00e9 sac\u00ed potrub\u00ed je kl\u00ed\u010dov\u00fdm prvkem v oblasti pr\u016fmyslov\u00e9ho \u010di\u0161t\u011bn\u00ed vzduchu, proto\u017ee umo\u017e\u0148uje p\u0159en\u00e1\u0161et r\u016fzn\u00e9 zne\u010di\u0161\u0165uj\u00edc\u00ed l\u00e1tky, jako jsou v\u00fdpary, prach, v\u00fdfukov\u00e9 plyny atd. V\u00fdb\u011br spr\u00e1vn\u00e9ho potrub\u00ed je v\u0161ak nezbytn\u00fd pro zaji\u0161t\u011bn\u00ed optim\u00e1ln\u00edho v\u00fdkonu ods\u00e1vac\u00edho syst\u00e9mu. <\/p>\n\n<p>\u0160irok\u00e1 \u0161k\u00e1la potrub\u00ed pro p\u0159enos prachu a zne\u010di\u0161\u0165uj\u00edc\u00edch l\u00e1tek.<\/p>\n\n<h2 class=\"wp-block-heading\">N\u00e1\u0161 sortiment sac\u00edch trubek<\/h2>\n\n<div class=\"wp-block-columns is-layout-flex wp-container-core-columns-is-layout-28f84493 wp-block-columns-is-layout-flex\">\n<div class=\"wp-block-column is-layout-flow wp-block-column-is-layout-flow\">\n<h3 class=\"wp-block-heading has-text-align-center\"><a href=\"https:\/\/obera.fr\/cs\/produits\/tuyauteries-industrielles\/gaines-lisses-acier\/\"><br\/>Hladk\u00e9 ocelov\u00e9 potrub\u00ed Vysokotlak\u00e1 s\u00ed\u0165<\/a><\/h3>\n\n\n\n<figure class=\"wp-block-image aligncenter size-medium is-resized\"><a href=\"https:\/\/obera.fr\/produits\/tuyauteries-industrielles\/gaines-lisses-acier\/\"><img decoding=\"async\" width=\"300\" height=\"300\" src=\"https:\/\/obera.fr\/wp-content\/uploads\/2020\/11\/Gaines-lisses-300x300.jpg\" alt=\"Hladk&#xE9; pl&#xE1;&#x161;t&#x11B;\" class=\"wp-image-1735\" style=\"width:225px;height:225px\" srcset=\"https:\/\/obera.fr\/wp-content\/uploads\/2020\/11\/Gaines-lisses-300x300.jpg 300w, https:\/\/obera.fr\/wp-content\/uploads\/2020\/11\/Gaines-lisses-150x150.jpg 150w, https:\/\/obera.fr\/wp-content\/uploads\/2020\/11\/Gaines-lisses.jpg 433w\" sizes=\"(max-width: 300px) 100vw, 300px\" \/><\/a><\/figure>\n<\/div>\n\n\n\n<div class=\"wp-block-column is-layout-flow wp-block-column-is-layout-flow\">\n<h3 class=\"wp-block-heading has-text-align-center\"><a href=\"https:\/\/obera.fr\/produits\/tuyauteries-industrielles\/gaines-spiralees\/\">Spir\u00e1lov\u00e9 potrub\u00ed pro v\u00fdpary a p\u00e1ry<\/a><\/h3>\n\n\n\n<figure class=\"wp-block-image aligncenter size-large is-resized\"><a href=\"https:\/\/obera.fr\/produits\/tuyauteries-industrielles\/gaines-spiralees\/\"><img decoding=\"async\" src=\"https:\/\/obera.fr\/wp-content\/uploads\/2024\/02\/sr.webp\" alt=\"Spir&#xE1;lov&#xE9; pl&#xE1;&#x161;t&#x11B;\" style=\"aspect-ratio:1;width:223px;height:auto\"\/><\/a><\/figure>\n<\/div>\n\n\n\n<div class=\"wp-block-column is-layout-flow wp-block-column-is-layout-flow\">\n<h3 class=\"wp-block-heading has-text-align-center\"><a href=\"https:\/\/obera.fr\/cs\/produits\/tuyauteries-industrielles\/basse-moyenne-haute-pression\/\">N\u00edzkotlak\u00e9, st\u0159edotlak\u00e9 a vysokotlak\u00e9 potrub\u00ed pro zachyt\u00e1v\u00e1n\u00ed prachu<\/a><\/h3>\n\n\n\n<figure class=\"wp-block-image aligncenter size-medium is-resized\"><a href=\"https:\/\/obera.fr\/produits\/tuyauteries-industrielles\/basse-moyenne-haute-pression\/\"><img decoding=\"async\" width=\"220\" height=\"300\" src=\"https:\/\/obera.fr\/wp-content\/uploads\/2020\/11\/Tuyauterie-basse-moyenne-haute-pression-220x300.jpg\" alt=\"N&#xED;zk&#xFD; St&#x159;edn&#xED; Vysokotlak&#xE9; potrub&#xED;\" class=\"wp-image-1734\" style=\"width:165px;height:225px\" srcset=\"https:\/\/obera.fr\/wp-content\/uploads\/2020\/11\/Tuyauterie-basse-moyenne-haute-pression-220x300.jpg 220w, https:\/\/obera.fr\/wp-content\/uploads\/2020\/11\/Tuyauterie-basse-moyenne-haute-pression.jpg 428w\" sizes=\"(max-width: 220px) 100vw, 220px\" \/><\/a><\/figure>\n<\/div>\n<\/div>\n\n<p>Existuje n\u011bkolik typ\u016f pr\u016fmyslov\u00e9ho potrub\u00ed, v\u010detn\u011b spir\u00e1lov\u00e9ho potrub\u00ed, hladk\u00e9ho potrub\u00ed a n\u00edzkotlak\u00e9ho, st\u0159edotlak\u00e9ho a vysokotlak\u00e9ho potrub\u00ed. Ka\u017ed\u00fd z t\u011bchto typ\u016f potrub\u00ed nab\u00edz\u00ed specifick\u00e9 v\u00fdhody a nev\u00fdhody v z\u00e1vislosti na pot\u0159eb\u00e1ch dan\u00e9 aplikace. <\/p>\n\n<h3 class=\"wp-block-heading\">Hladk\u00e9 pl\u00e1\u0161t\u011b<\/h3>\n\n<p>Hladk\u00e9 kan\u00e1ly maj\u00ed n\u00edzk\u00fd odpor proud\u011bn\u00ed pro maxim\u00e1ln\u00ed sac\u00ed v\u00fdkon. Nav\u00edc se snadno \u010dist\u00ed, tak\u017ee jsou ide\u00e1ln\u00ed pro aplikace, kde je hygiena na prvn\u00edm m\u00edst\u011b. Jsou v\u0161ak m\u00e9n\u011b flexibiln\u00ed ne\u017e spir\u00e1lov\u00e9 kan\u00e1ly, co\u017e m\u016f\u017ee zt\u011b\u017eovat instalaci.  <\/p>\n\n<h3 class=\"wp-block-heading\">Spir\u00e1lov\u00e9 pl\u00e1\u0161t\u011b<\/h3>\n\n<p>Spir\u00e1lov\u00e9 potrub\u00ed je ide\u00e1ln\u00ed pro aplikace vy\u017eaduj\u00edc\u00ed vysokou flexibilitu, proto\u017ee je lze oh\u00fdbat a kroutit, ani\u017e by do\u0161lo k prasknut\u00ed nebo deformaci. Jsou tak\u00e9 odoln\u00e9 v\u016f\u010di vibrac\u00edm a n\u00e1raz\u016fm, tak\u017ee jsou vhodn\u00e9 pro pou\u017eit\u00ed v hektick\u00e9m prost\u0159ed\u00ed. Spir\u00e1lov\u00e1 potrub\u00ed v\u0161ak maj\u00ed vy\u0161\u0161\u00ed odpor proud\u011bn\u00ed ne\u017e hladk\u00e1 potrub\u00ed, co\u017e m\u016f\u017ee v\u00e9st ke ztr\u00e1t\u011b tlaku a sn\u00ed\u017een\u00ed sac\u00edho v\u00fdkonu.  <\/p>\n\n<h3 class=\"wp-block-heading\">N\u00edzkotlak\u00e9, st\u0159edotlak\u00e9 a vysokotlak\u00e9 potrub\u00ed<\/h3>\n\n<p>N\u00edzkotlak\u00e9, st\u0159edotlak\u00e9 a vysokotlak\u00e9 potrub\u00ed nab\u00edz\u00ed specifick\u00e9 v\u00fdhody v z\u00e1vislosti na pot\u0159eb\u00e1ch dan\u00e9 aplikace. N\u00edzkotlak\u00e9 potrub\u00ed je vhodn\u00e9 pro aplikace, kde je sac\u00ed tlak n\u00edzk\u00fd, zat\u00edmco st\u0159edotlak\u00e9 a vysokotlak\u00e9 potrub\u00ed je nutn\u00e9 pro aplikace, kde je sac\u00ed tlak vy\u0161\u0161\u00ed. V\u00fdb\u011br spr\u00e1vn\u00e9ho potrub\u00ed je proto z\u00e1sadn\u00ed pro zaji\u0161t\u011bn\u00ed optim\u00e1ln\u00edho v\u00fdkonu sac\u00edho syst\u00e9mu.  <\/p>\n\n<h2 class=\"wp-block-heading\">Z\u00e1v\u011br<\/h2>\n\n<p>Z\u00e1v\u011brem lze \u0159\u00edci, \u017ee volba spr\u00e1vn\u00e9ho pr\u016fmyslov\u00e9ho potrub\u00ed je z\u00e1sadn\u00ed pro zaji\u0161t\u011bn\u00ed optim\u00e1ln\u00edho v\u00fdkonu sac\u00edho syst\u00e9mu v pr\u016fmyslov\u00e9 vzduchotechnice. Spir\u00e1lov\u00e9 potrub\u00ed, hladk\u00e9 potrub\u00ed a n\u00edzkotlak\u00e9, st\u0159edotlak\u00e9 a vysokotlak\u00e9 potrub\u00ed nab\u00edzej\u00ed specifick\u00e9 v\u00fdhody v z\u00e1vislosti na pot\u0159eb\u00e1ch aplikace a p\u0159ed kone\u010dn\u00fdm v\u00fdb\u011brem je d\u016fle\u017eit\u00e9 ka\u017edou mo\u017enost pe\u010dliv\u011b zv\u00e1\u017eit. <\/p>\n\n<div class=\"wp-block-buttons is-horizontal is-content-justification-center is-layout-flex wp-container-core-buttons-is-layout-03627597 wp-block-buttons-is-layout-flex\">\n<div class=\"wp-block-button has-custom-width wp-block-button__width-100\"><a class=\"wp-block-button__link wp-element-button\" href=\"https:\/\/obera.fr\/cs\/kontaktujte-nas\/\">Zjist\u011bte v\u00edce<\/a><\/div>\n<\/div>\n","protected":false},"excerpt":{"rendered":"<p>Pr\u016fmyslov\u00e9 sac\u00ed potrub\u00ed je kl\u00ed\u010dov\u00fdm prvkem v oblasti pr\u016fmyslov\u00e9ho \u010di\u0161t\u011bn\u00ed vzduchu, proto\u017ee umo\u017e\u0148uje p\u0159en\u00e1\u0161et r\u016fzn\u00e9 zne\u010di\u0161\u0165uj\u00edc\u00ed l\u00e1tky, jako jsou v\u00fdpary, prach, v\u00fdfukov\u00e9 plyny atd. V\u00fdb\u011br spr\u00e1vn\u00e9ho potrub\u00ed je v\u0161ak nezbytn\u00fd pro zaji\u0161t\u011bn\u00ed optim\u00e1ln\u00edho v\u00fdkonu ods\u00e1vac\u00edho syst\u00e9mu. \u0160irok\u00e1 \u0161k\u00e1la potrub\u00ed pro p\u0159enos prachu a zne\u010di\u0161\u0165uj\u00edc\u00edch l\u00e1tek. N\u00e1\u0161 sortiment sac\u00edch trubek Hladk\u00e9 ocelov\u00e9 potrub\u00ed Vysokotlak\u00e1 s\u00ed\u0165 Spir\u00e1lov\u00e9 potrub\u00ed pro v\u00fdpary a p\u00e1ry N\u00edzkotlak\u00e9, st\u0159edotlak\u00e9 a vysokotlak\u00e9 potrub\u00ed pro zachyt\u00e1v\u00e1n\u00ed prachu Existuje n\u011bkolik typ\u016f pr\u016fmyslov\u00e9ho potrub\u00ed, v\u010detn\u011b spir\u00e1lov\u00e9ho potrub\u00ed, hladk\u00e9ho potrub\u00ed a n\u00edzkotlak\u00e9ho, st\u0159edotlak\u00e9ho a vysokotlak\u00e9ho potrub\u00ed. Ka\u017ed\u00fd z t\u011bchto typ\u016f potrub\u00ed nab\u00edz\u00ed specifick\u00e9 v\u00fdhody a nev\u00fdhody v z\u00e1vislosti na pot\u0159eb\u00e1ch dan\u00e9 aplikace. &#8230; <\/p>\n<p class=\"read-more-container\"><a title=\"Pr\u016fmyslov\u00e9 sac\u00ed potrub\u00ed\" class=\"read-more button\" href=\"https:\/\/obera.fr\/cs\/produits\/tuyauteries-industrielles\/#more-48709\" aria-label=\"\u010c\u00edst v\u00edce o Pr\u016fmyslov\u00e9 sac\u00ed potrub\u00ed\">Lire la suite<\/a><\/p>\n","protected":false},"author":4,"featured_media":83734,"parent":38112,"menu_order":11,"comment_status":"closed","ping_status":"closed","template":"","meta":{"_acf_changed":false,"_seopress_robots_primary_cat":"","_seopress_titles_title":"Tuyauteries industrielles: acheminer poussi\u00e8res \/ polluants","_seopress_titles_desc":"Une large gamme de tuyauterie afin d\u2019acheminer les poussi\u00e8res et polluants : Gaines lisses en acier, spiral\u00e9es et tuyauterie basse, moyenne et haute pression.","_seopress_robots_index":"","footnotes":""},"class_list":{"0":"post-48709","1":"page","2":"type-page","3":"status-publish","4":"has-post-thumbnail","6":"no-featured-image-padding","7":"resize-featured-image"},"acf":[],"_links":{"self":[{"href":"https:\/\/obera.fr\/cs\/wp-json\/wp\/v2\/pages\/48709","targetHints":{"allow":["GET"]}}],"collection":[{"href":"https:\/\/obera.fr\/cs\/wp-json\/wp\/v2\/pages"}],"about":[{"href":"https:\/\/obera.fr\/cs\/wp-json\/wp\/v2\/types\/page"}],"author":[{"embeddable":true,"href":"https:\/\/obera.fr\/cs\/wp-json\/wp\/v2\/users\/4"}],"replies":[{"embeddable":true,"href":"https:\/\/obera.fr\/cs\/wp-json\/wp\/v2\/comments?post=48709"}],"version-history":[{"count":5,"href":"https:\/\/obera.fr\/cs\/wp-json\/wp\/v2\/pages\/48709\/revisions"}],"predecessor-version":[{"id":65821,"href":"https:\/\/obera.fr\/cs\/wp-json\/wp\/v2\/pages\/48709\/revisions\/65821"}],"up":[{"embeddable":true,"href":"https:\/\/obera.fr\/cs\/wp-json\/wp\/v2\/pages\/38112"}],"wp:featuredmedia":[{"embeddable":true,"href":"https:\/\/obera.fr\/cs\/wp-json\/wp\/v2\/media\/83734"}],"wp:attachment":[{"href":"https:\/\/obera.fr\/cs\/wp-json\/wp\/v2\/media?parent=48709"}],"curies":[{"name":"wp","href":"https:\/\/api.w.org\/{rel}","templated":true}]}}