{"id":62088,"date":"2021-07-23T14:22:11","date_gmt":"2021-07-23T12:22:11","guid":{"rendered":"https:\/\/obera.fr\/achat-merci\/"},"modified":"2025-02-17T11:39:01","modified_gmt":"2025-02-17T09:39:01","slug":"achat-merci","status":"publish","type":"page","link":"https:\/\/obera.fr\/cs\/achat-merci\/","title":{"rendered":"D\u011bkujeme, \u017ee jste si objednali z obera.fr"},"content":{"rendered":"\n<p>Zat\u00edmco \u010dek\u00e1te na svou objedn\u00e1vku, m\u016f\u017eete si p\u0159e\u010d\u00edst nejnov\u011bj\u0161\u00ed p\u0159\u00edsp\u011bvky na blogu.<\/p>\n<ul class=\"wp-block-latest-posts__list is-grid columns-2 wp-block-latest-posts\"><li><a class=\"wp-block-latest-posts__post-title\" href=\"https:\/\/obera.fr\/cs\/tisk-2\/dychaji-francouzi-v-zime-na-pracovisti-zdravy-vzduch\/\">D\u00fdchaj\u00ed Francouzi v zim\u011b na pracovi\u0161ti zdrav\u00fd vzduch?<\/a><div class=\"wp-block-latest-posts__post-excerpt\">OberA odhaluje v\u00fdsledky nov\u00e9ho pr\u016fzkumu* proveden\u00e9ho mezi 4\u00a0102 osobami, kter\u00fd upozor\u0148uje na p\u0159etrv\u00e1vaj\u00edc\u00ed nesoulad mezi tepeln\u00fdm komfortem a kvalitou vzduchu na pracovi\u0161ti: o ide\u00e1ln\u00ed teploty se vede ostr\u00e1 debata, zimn\u00ed v\u011btr\u00e1n\u00ed je vz\u00e1cn\u00e9, chyb\u00ed za\u0159\u00edzen\u00ed na \u010di\u0161t\u011bn\u00ed vzduchu, vlhkost je m\u00e1lo kontrolov\u00e1na a panuje nejistota ohledn\u011b spr\u00e1vn\u00fdch postup\u016f proti vir\u016fm. Studie &#8230; <p class=\"read-more-container\"><a title=\"D\u00fdchaj\u00ed Francouzi v zim\u011b na pracovi\u0161ti zdrav\u00fd vzduch?\" class=\"read-more button\" href=\"https:\/\/obera.fr\/cs\/tisk-2\/dychaji-francouzi-v-zime-na-pracovisti-zdravy-vzduch\/#more-145828\" aria-label=\"\u010c\u00edst v\u00edce o D\u00fdchaj\u00ed Francouzi v zim\u011b na pracovi\u0161ti zdrav\u00fd vzduch?\">Lire la suite<\/a><\/p><\/div><\/li>\n<li><a class=\"wp-block-latest-posts__post-title\" href=\"https:\/\/obera.fr\/cs\/presse\/89-francouzu-podcenuje-znecisteni-ovzdusi-na-svem-pracovisti\/\">89 % Francouz\u016f podce\u0148uje zne\u010di\u0161t\u011bn\u00ed ovzdu\u0161\u00ed na sv\u00e9m pracovi\u0161ti<\/a><div class=\"wp-block-latest-posts__post-excerpt\">Zne\u010di\u0161t\u011bn\u00ed, kter\u00e9 m\u016f\u017ee b\u00fdt 5 a\u017e 10kr\u00e1t vy\u0161\u0161\u00ed ne\u017e venku Pouze 22 % zam\u011bstnanc\u016f v\u00ed, \u017ee udr\u017eov\u00e1n\u00ed zdrav\u00e9ho vnit\u0159n\u00edho ovzdu\u0161\u00ed je z\u00e1konnou povinnost\u00ed zam\u011bstnavatele Co si mysl\u00edte o kvalit\u011b ovzdu\u0161\u00ed na va\u0161em pracovi\u0161ti? Tuto ot\u00e1zku polo\u017eila spole\u010dnost OberA 5 601 lidem v \u0161esti hlavn\u00edch odv\u011btv\u00edch*. Pr\u016fzkum ukazuje, \u017ee v\u011bt\u0161ina zam\u011bstnanc\u016f podce\u0148uje &#8230; <p class=\"read-more-container\"><a title=\"89 % Francouz\u016f podce\u0148uje zne\u010di\u0161t\u011bn\u00ed ovzdu\u0161\u00ed na sv\u00e9m pracovi\u0161ti\" class=\"read-more button\" href=\"https:\/\/obera.fr\/cs\/presse\/89-francouzu-podcenuje-znecisteni-ovzdusi-na-svem-pracovisti\/#more-145491\" aria-label=\"\u010c\u00edst v\u00edce o 89 % Francouz\u016f podce\u0148uje zne\u010di\u0161t\u011bn\u00ed ovzdu\u0161\u00ed na sv\u00e9m pracovi\u0161ti\">Lire la suite<\/a><\/p><\/div><\/li>\n<li><div class=\"wp-block-latest-posts__featured-image aligncenter\"><a href=\"https:\/\/obera.fr\/cs\/nase-rady\/mereni-kvality-vnitrniho-vzduchu-vyznam-a-princip\/\" aria-label=\"M\u011b\u0159en\u00ed kvality vnit\u0159n\u00edho vzduchu: v\u00fdznam a princip\"><img decoding=\"async\" width=\"1024\" height=\"181\" src=\"https:\/\/obera.fr\/wp-content\/uploads\/2022\/10\/banniere-obera-1024x181.png\" class=\"attachment-large size-large wp-post-image\" alt=\"banni\u00e8re obera protection pr\u00e9-s\u00e9parateur\" style=\"max-width:500px;\" srcset=\"https:\/\/obera.fr\/wp-content\/uploads\/2022\/10\/banniere-obera-1024x181.png 1024w, https:\/\/obera.fr\/wp-content\/uploads\/2022\/10\/banniere-obera-300x53.png 300w, https:\/\/obera.fr\/wp-content\/uploads\/2022\/10\/banniere-obera-768x136.png 768w, https:\/\/obera.fr\/wp-content\/uploads\/2022\/10\/banniere-obera-1536x272.png 1536w, https:\/\/obera.fr\/wp-content\/uploads\/2022\/10\/banniere-obera.png 1980w\" sizes=\"(max-width: 1024px) 100vw, 1024px\" \/><\/a><\/div><a class=\"wp-block-latest-posts__post-title\" href=\"https:\/\/obera.fr\/cs\/nase-rady\/mereni-kvality-vnitrniho-vzduchu-vyznam-a-princip\/\">M\u011b\u0159en\u00ed kvality vnit\u0159n\u00edho vzduchu: v\u00fdznam a princip<\/a><div class=\"wp-block-latest-posts__post-excerpt\">Podle \u00fadaj\u016f WHO Francie zaznamen\u00e1v\u00e1 t\u00e9m\u011b\u0159 50 000 \u00famrt\u00ed ro\u010dn\u011b souvisej\u00edc\u00edch se zne\u010di\u0161t\u011bn\u00edm ovzdu\u0161\u00ed, co\u017e je 10kr\u00e1t v\u00edce ne\u017e dopravn\u00ed nehody! Krom\u011b toho se odhaduje, \u017ee vnit\u0159n\u00ed vzduch v obytn\u00fdch nebo pracovn\u00edch prostor\u00e1ch je 5 a\u017e 10kr\u00e1t v\u00edce zne\u010di\u0161t\u011bn\u00fd ne\u017e venkovn\u00ed prost\u0159ed\u00ed.<\/div><\/li>\n<li><div class=\"wp-block-latest-posts__featured-image aligncenter\"><a href=\"https:\/\/obera.fr\/cs\/farmaceuticky-prumysl\/farmaceuticky-prumysl-zvladnuti-prasnosti-a-expozice-pri-vazeni-a-prenosu-hpapi\/\" aria-label=\"Farmaceutick\u00fd pr\u016fmysl: Zvl\u00e1dnut\u00ed pra\u0161nosti a expozice p\u0159i v\u00e1\u017een\u00ed a p\u0159enosu HPAPI\"><img decoding=\"async\" width=\"1024\" height=\"181\" src=\"https:\/\/obera.fr\/wp-content\/uploads\/2025\/04\/banniere-obera-6-1-1024x181.png\" class=\"attachment-large size-large wp-post-image\" alt=\"banner obera (6)\" style=\"max-width:500px;\" srcset=\"https:\/\/obera.fr\/wp-content\/uploads\/2025\/04\/banniere-obera-6-1-1024x181.png 1024w, https:\/\/obera.fr\/wp-content\/uploads\/2025\/04\/banniere-obera-6-1-300x53.png 300w, https:\/\/obera.fr\/wp-content\/uploads\/2025\/04\/banniere-obera-6-1-768x136.png 768w, https:\/\/obera.fr\/wp-content\/uploads\/2025\/04\/banniere-obera-6-1-1536x272.png 1536w, https:\/\/obera.fr\/wp-content\/uploads\/2025\/04\/banniere-obera-6-1.png 1980w\" sizes=\"(max-width: 1024px) 100vw, 1024px\" \/><\/a><\/div><a class=\"wp-block-latest-posts__post-title\" href=\"https:\/\/obera.fr\/cs\/farmaceuticky-prumysl\/farmaceuticky-prumysl-zvladnuti-prasnosti-a-expozice-pri-vazeni-a-prenosu-hpapi\/\">Farmaceutick\u00fd pr\u016fmysl: Zvl\u00e1dnut\u00ed pra\u0161nosti a expozice p\u0159i v\u00e1\u017een\u00ed a p\u0159enosu HPAPI<\/a><div class=\"wp-block-latest-posts__post-excerpt\">N\u00e1r\u016fst v\u00fdznamu HPAPI (vysoce \u00fa\u010dinn\u00e9 farmaceutick\u00e9 substance) z\u00e1sadn\u011b m\u011bn\u00ed postupy farmaceutick\u00e9 v\u00fdroby.<\/div><\/li>\n<li><div class=\"wp-block-latest-posts__featured-image aligncenter\"><a href=\"https:\/\/obera.fr\/cs\/sport\/mobilni-chlazeni-pro-sportovni-akce-vykonne-a-okamzite-reseni-ic-od-obera\/\" aria-label=\"Mobiln\u00ed chlazen\u00ed pro sportovn\u00ed akce: v\u00fdkonn\u00e9 a okam\u017eit\u00e9 \u0159e\u0161en\u00ed IC od OberA\"><img decoding=\"async\" width=\"1024\" height=\"181\" src=\"https:\/\/obera.fr\/wp-content\/uploads\/2025\/04\/banniere-obera-6-1-1024x181.png\" class=\"attachment-large size-large wp-post-image\" alt=\"banner obera (6)\" style=\"max-width:500px;\" srcset=\"https:\/\/obera.fr\/wp-content\/uploads\/2025\/04\/banniere-obera-6-1-1024x181.png 1024w, https:\/\/obera.fr\/wp-content\/uploads\/2025\/04\/banniere-obera-6-1-300x53.png 300w, https:\/\/obera.fr\/wp-content\/uploads\/2025\/04\/banniere-obera-6-1-768x136.png 768w, https:\/\/obera.fr\/wp-content\/uploads\/2025\/04\/banniere-obera-6-1-1536x272.png 1536w, https:\/\/obera.fr\/wp-content\/uploads\/2025\/04\/banniere-obera-6-1.png 1980w\" sizes=\"(max-width: 1024px) 100vw, 1024px\" \/><\/a><\/div><a class=\"wp-block-latest-posts__post-title\" href=\"https:\/\/obera.fr\/cs\/sport\/mobilni-chlazeni-pro-sportovni-akce-vykonne-a-okamzite-reseni-ic-od-obera\/\">Mobiln\u00ed chlazen\u00ed pro sportovn\u00ed akce: v\u00fdkonn\u00e9 a okam\u017eit\u00e9 \u0159e\u0161en\u00ed IC od OberA<\/a><div class=\"wp-block-latest-posts__post-excerpt\">A\u0165 u\u017e se jedn\u00e1 o sout\u011b\u017ee pod \u0161ir\u00fdm nebem, halov\u00e9 turnaje, do\u010dasn\u00e9 konstrukce nebo rozs\u00e1hl\u00e9 akce, sportovn\u00ed ud\u00e1losti jsou siln\u011b vystaveny klimatick\u00fdm zm\u011bn\u00e1m.<\/div><\/li>\n<li><div class=\"wp-block-latest-posts__featured-image aligncenter\"><a href=\"https:\/\/obera.fr\/cs\/skoly-a-vyssi-vzdelavani\/prirozene-a-bezpecne-ochlazovani-pro-skoly-a-mimoskolni-prostory-reseni-ic-od-spolecnosti-obera\/\" aria-label=\"P\u0159irozen\u00e9 a bezpe\u010dn\u00e9 ochlazov\u00e1n\u00ed pro \u0161koly a mimo\u0161koln\u00ed prostory: \u0159e\u0161en\u00ed IC od spole\u010dnosti OberA\"><img decoding=\"async\" width=\"1024\" height=\"181\" src=\"https:\/\/obera.fr\/wp-content\/uploads\/2025\/04\/banniere-obera-6-1-1024x181.png\" class=\"attachment-large size-large wp-post-image\" alt=\"banner obera (6)\" style=\"max-width:500px;\" srcset=\"https:\/\/obera.fr\/wp-content\/uploads\/2025\/04\/banniere-obera-6-1-1024x181.png 1024w, https:\/\/obera.fr\/wp-content\/uploads\/2025\/04\/banniere-obera-6-1-300x53.png 300w, https:\/\/obera.fr\/wp-content\/uploads\/2025\/04\/banniere-obera-6-1-768x136.png 768w, https:\/\/obera.fr\/wp-content\/uploads\/2025\/04\/banniere-obera-6-1-1536x272.png 1536w, https:\/\/obera.fr\/wp-content\/uploads\/2025\/04\/banniere-obera-6-1.png 1980w\" sizes=\"(max-width: 1024px) 100vw, 1024px\" \/><\/a><\/div><a class=\"wp-block-latest-posts__post-title\" href=\"https:\/\/obera.fr\/cs\/skoly-a-vyssi-vzdelavani\/prirozene-a-bezpecne-ochlazovani-pro-skoly-a-mimoskolni-prostory-reseni-ic-od-spolecnosti-obera\/\">P\u0159irozen\u00e9 a bezpe\u010dn\u00e9 ochlazov\u00e1n\u00ed pro \u0161koly a mimo\u0161koln\u00ed prostory: \u0159e\u0161en\u00ed IC od spole\u010dnosti OberA<\/a><div class=\"wp-block-latest-posts__post-excerpt\">Za\u0159\u00edzen\u00ed p\u0159ij\u00edmaj\u00edc\u00ed d\u011bti a mladistv\u00e9 \u0161koly, jesle, mimo\u0161koln\u00ed centra, aktivity nebo \u0161koln\u00ed t\u011blocvi\u010dny jsou obzvl\u00e1\u0161t\u011b zraniteln\u00e9 v\u016f\u010di vln\u00e1m veder.<\/div><\/li>\n<li><div class=\"wp-block-latest-posts__featured-image aligncenter\"><a href=\"https:\/\/obera.fr\/cs\/restaurace-a-ubytovani\/tepelna-pohoda-v-restauracnich-zarizenich-ochlazovace-ic-od-spolecnosti-obera-mobilni-a-ekonomicke-reseni\/\" aria-label=\"Tepeln\u00e1 pohoda v restaura\u010dn\u00edch za\u0159\u00edzen\u00edch: ochlazova\u010de IC od spole\u010dnosti OberA, mobiln\u00ed a ekonomick\u00e9 \u0159e\u0161en\u00ed\"><img decoding=\"async\" width=\"1024\" height=\"181\" src=\"https:\/\/obera.fr\/wp-content\/uploads\/2025\/04\/banniere-obera-6-1-1024x181.png\" class=\"attachment-large size-large wp-post-image\" alt=\"banner obera (6)\" style=\"max-width:500px;\" srcset=\"https:\/\/obera.fr\/wp-content\/uploads\/2025\/04\/banniere-obera-6-1-1024x181.png 1024w, https:\/\/obera.fr\/wp-content\/uploads\/2025\/04\/banniere-obera-6-1-300x53.png 300w, https:\/\/obera.fr\/wp-content\/uploads\/2025\/04\/banniere-obera-6-1-768x136.png 768w, https:\/\/obera.fr\/wp-content\/uploads\/2025\/04\/banniere-obera-6-1-1536x272.png 1536w, https:\/\/obera.fr\/wp-content\/uploads\/2025\/04\/banniere-obera-6-1.png 1980w\" sizes=\"(max-width: 1024px) 100vw, 1024px\" \/><\/a><\/div><a class=\"wp-block-latest-posts__post-title\" href=\"https:\/\/obera.fr\/cs\/restaurace-a-ubytovani\/tepelna-pohoda-v-restauracnich-zarizenich-ochlazovace-ic-od-spolecnosti-obera-mobilni-a-ekonomicke-reseni\/\">Tepeln\u00e1 pohoda v restaura\u010dn\u00edch za\u0159\u00edzen\u00edch: ochlazova\u010de IC od spole\u010dnosti OberA, mobiln\u00ed a ekonomick\u00e9 \u0159e\u0161en\u00ed<\/a><div class=\"wp-block-latest-posts__post-excerpt\">V kav\u00e1rn\u00e1ch, hotelech, restaurac\u00edch nebo za\u0159\u00edzen\u00edch spole\u010dn\u00e9ho stravov\u00e1n\u00ed je teplo faktorem, kter\u00fd ovliv\u0148uje jak z\u00e1kaznickou zku\u0161enost, tak pracovn\u00ed podm\u00ednky person\u00e1lu.<\/div><\/li>\n<li><div class=\"wp-block-latest-posts__featured-image aligncenter\"><a href=\"https:\/\/obera.fr\/cs\/it-telekomunikace\/adiabaticke-doplnkove-chlazeni-flexibilni-reseni-pro-datova-centra\/\" aria-label=\"Adiabatick\u00e9 dopl\u0148kov\u00e9 chlazen\u00ed: flexibiln\u00ed \u0159e\u0161en\u00ed pro datov\u00e1 centra\"><img decoding=\"async\" width=\"1024\" height=\"181\" src=\"https:\/\/obera.fr\/wp-content\/uploads\/2025\/05\/banniere-obera-1024x181.png\" class=\"attachment-large size-large wp-post-image\" alt=\"banner Obera\" style=\"max-width:500px;\" srcset=\"https:\/\/obera.fr\/wp-content\/uploads\/2025\/05\/banniere-obera-1024x181.png 1024w, https:\/\/obera.fr\/wp-content\/uploads\/2025\/05\/banniere-obera-300x53.png 300w, https:\/\/obera.fr\/wp-content\/uploads\/2025\/05\/banniere-obera-768x136.png 768w, https:\/\/obera.fr\/wp-content\/uploads\/2025\/05\/banniere-obera-1536x272.png 1536w, https:\/\/obera.fr\/wp-content\/uploads\/2025\/05\/banniere-obera.png 1980w\" sizes=\"(max-width: 1024px) 100vw, 1024px\" \/><\/a><\/div><a class=\"wp-block-latest-posts__post-title\" href=\"https:\/\/obera.fr\/cs\/it-telekomunikace\/adiabaticke-doplnkove-chlazeni-flexibilni-reseni-pro-datova-centra\/\">Adiabatick\u00e9 dopl\u0148kov\u00e9 chlazen\u00ed: flexibiln\u00ed \u0159e\u0161en\u00ed pro datov\u00e1 centra<\/a><div class=\"wp-block-latest-posts__post-excerpt\">Datov\u00e1 centra soust\u0159e\u010fuj\u00ed st\u00e1le v\u00fdkonn\u011bj\u0161\u00ed a hust\u0161\u00ed v\u00fdpo\u010detn\u00ed z\u00e1t\u011b\u017e, kter\u00e1 generuje zna\u010dn\u00e9 teplo. Tepeln\u00e1 regulace je zde strategickou v\u00fdzvou pro v\u00fdkon, bezpe\u010dnost a kontinuitu provozu. <\/div><\/li>\n<\/ul>","protected":false},"excerpt":{"rendered":"<p>Zat\u00edmco \u010dek\u00e1te na svou objedn\u00e1vku, m\u016f\u017eete si p\u0159e\u010d\u00edst nejnov\u011bj\u0161\u00ed p\u0159\u00edsp\u011bvky na blogu.<\/p>\n","protected":false},"author":4,"featured_media":0,"parent":0,"menu_order":0,"comment_status":"closed","ping_status":"closed","template":"","meta":{"_acf_changed":false,"_seopress_robots_primary_cat":"","_seopress_titles_title":"","_seopress_titles_desc":"","_seopress_robots_index":"ano","footnotes":""},"class_list":{"0":"post-62088","1":"page","2":"type-page","3":"status-publish","5":"no-featured-image-padding"},"acf":[],"_links":{"self":[{"href":"https:\/\/obera.fr\/cs\/wp-json\/wp\/v2\/pages\/62088","targetHints":{"allow":["GET"]}}],"collection":[{"href":"https:\/\/obera.fr\/cs\/wp-json\/wp\/v2\/pages"}],"about":[{"href":"https:\/\/obera.fr\/cs\/wp-json\/wp\/v2\/types\/page"}],"author":[{"embeddable":true,"href":"https:\/\/obera.fr\/cs\/wp-json\/wp\/v2\/users\/4"}],"replies":[{"embeddable":true,"href":"https:\/\/obera.fr\/cs\/wp-json\/wp\/v2\/comments?post=62088"}],"version-history":[{"count":1,"href":"https:\/\/obera.fr\/cs\/wp-json\/wp\/v2\/pages\/62088\/revisions"}],"predecessor-version":[{"id":62092,"href":"https:\/\/obera.fr\/cs\/wp-json\/wp\/v2\/pages\/62088\/revisions\/62092"}],"wp:attachment":[{"href":"https:\/\/obera.fr\/cs\/wp-json\/wp\/v2\/media?parent=62088"}],"curies":[{"name":"wp","href":"https:\/\/api.w.org\/{rel}","templated":true}]}}