{"id":63156,"date":"2020-05-01T20:06:12","date_gmt":"2020-05-01T18:06:12","guid":{"rendered":"https:\/\/obera.fr\/kontaktujte-nas\/merci\/"},"modified":"2025-02-25T12:25:07","modified_gmt":"2025-02-25T10:25:07","slug":"merci","status":"publish","type":"page","link":"https:\/\/obera.fr\/cs\/contact\/merci\/","title":{"rendered":"D\u011bkuji"},"content":{"rendered":"\n<p>D\u011bkujeme, va\u0161e zpr\u00e1va byla odesl\u00e1na.<\/p>\n","protected":false},"excerpt":{"rendered":"<p>D\u011bkujeme, va\u0161e zpr\u00e1va byla odesl\u00e1na.<\/p>\n","protected":false},"author":4,"featured_media":0,"parent":48884,"menu_order":0,"comment_status":"closed","ping_status":"closed","template":"","meta":{"_acf_changed":false,"_seopress_robots_primary_cat":"","_seopress_titles_title":"","_seopress_titles_desc":"","_seopress_robots_index":"ano","footnotes":""},"class_list":{"0":"post-63156","1":"page","2":"type-page","3":"status-publish","5":"no-featured-image-padding"},"acf":[],"_links":{"self":[{"href":"https:\/\/obera.fr\/cs\/wp-json\/wp\/v2\/pages\/63156","targetHints":{"allow":["GET"]}}],"collection":[{"href":"https:\/\/obera.fr\/cs\/wp-json\/wp\/v2\/pages"}],"about":[{"href":"https:\/\/obera.fr\/cs\/wp-json\/wp\/v2\/types\/page"}],"author":[{"embeddable":true,"href":"https:\/\/obera.fr\/cs\/wp-json\/wp\/v2\/users\/4"}],"replies":[{"embeddable":true,"href":"https:\/\/obera.fr\/cs\/wp-json\/wp\/v2\/comments?post=63156"}],"version-history":[{"count":1,"href":"https:\/\/obera.fr\/cs\/wp-json\/wp\/v2\/pages\/63156\/revisions"}],"predecessor-version":[{"id":63158,"href":"https:\/\/obera.fr\/cs\/wp-json\/wp\/v2\/pages\/63156\/revisions\/63158"}],"up":[{"embeddable":true,"href":"https:\/\/obera.fr\/cs\/wp-json\/wp\/v2\/pages\/48884"}],"wp:attachment":[{"href":"https:\/\/obera.fr\/cs\/wp-json\/wp\/v2\/media?parent=63156"}],"curies":[{"name":"wp","href":"https:\/\/api.w.org\/{rel}","templated":true}]}}