{"id":64010,"date":"2020-05-01T17:29:47","date_gmt":"2020-05-01T15:29:47","guid":{"rendered":"https:\/\/obera.fr\/conditions-generales-de-vente\/"},"modified":"2025-02-25T15:13:12","modified_gmt":"2025-02-25T13:13:12","slug":"conditions-generales-de-vente","status":"publish","type":"page","link":"https:\/\/obera.fr\/cs\/conditions-generales-de-vente\/","title":{"rendered":"Podm\u00ednky prodeje"},"content":{"rendered":"\n<h3 class=\"wp-block-heading\">OBJEDNAC\u00cd FORMUL\u00c1\u0158<\/h3>\n\n<p>Prod\u00e1vaj\u00edc\u00ed odpov\u00edd\u00e1 kupuj\u00edc\u00edmu pouze za z\u00e1vazky, kter\u00e9 s kupuj\u00edc\u00edm uzav\u0159el v textu t\u011bchto obchodn\u00edch podm\u00ednek. Prod\u00e1vaj\u00edc\u00ed zejm\u00e9na neodpov\u00edd\u00e1 za z\u00e1vazky, kter\u00e9 v\u016f\u010di kupuj\u00edc\u00edmu u\u010dinili jeho z\u00e1stupci mimo uveden\u00e9 prodejn\u00ed podm\u00ednky. <\/p>\n\n<p>Jak\u00e1koli v\u00fdroba nebo n\u00e1kup budou zah\u00e1jeny a\u017e pot\u00e9, co z\u00e1kazn\u00edk form\u00e1ln\u011b p\u0159ijme nab\u00eddku.<\/p>\n\n<p><strong>1.1 Zm\u011bna a zru\u0161en\u00ed objedn\u00e1vky<\/strong><\/p>\n\n<p>Objedn\u00e1vky lze zru\u0161it nebo zm\u011bnit pouze do 24 hodin od jejich obdr\u017een\u00ed a s v\u00fdslovn\u00fdm souhlasem dodavatele.<\/p>\n\n<p>Jak\u00e1koli \u017e\u00e1dost o zru\u0161en\u00ed nebo zm\u011bnu objedn\u00e1vky (objedn\u00e1vek) mus\u00ed b\u00fdt pod\u00e1na p\u00edsemn\u011b z\u00e1kazn\u00edkem a form\u00e1ln\u011b p\u0159ijata dodavatelem.<\/p>\n\n<p>Pokud dodavatel p\u0159ijme zm\u011bnu objedn\u00e1vky (objedn\u00e1vek), budou z\u00e1kazn\u00edkovi sd\u011bleny nov\u00e9 dodac\u00ed lh\u016fty a ceny.<\/p>\n\n<p>V p\u0159\u00edpad\u011b zru\u0161en\u00ed objedn\u00e1vky kupuj\u00edc\u00edm z jak\u00e9hokoli d\u016fvodu n\u00e1le\u017e\u00ed spole\u010dnosti OberA n\u00e1hrada n\u00e1klad\u016f, kter\u00e9 j\u00ed vznikly.<\/p>\n\n<p>Tato kompenzace bude \u010dinit nejm\u00e9n\u011b:<br\/>&#8211; 20 % z celkov\u00e9 \u010d\u00e1stky objedn\u00e1vky v p\u0159\u00edpad\u011b zru\u0161en\u00ed objedn\u00e1vky v rozmez\u00ed 0 a\u017e 5 kalend\u00e1\u0159n\u00edch dn\u016f<br\/>&#8211; 30 % z celkov\u00e9 \u010d\u00e1stky objedn\u00e1vky v p\u0159\u00edpad\u011b zru\u0161en\u00ed objedn\u00e1vky v rozmez\u00ed 6 a\u017e 10 kalend\u00e1\u0159n\u00edch dn\u016f<br\/>&#8211; 80 % z celkov\u00e9 \u010d\u00e1stky objedn\u00e1vky v p\u0159\u00edpad\u011b zru\u0161en\u00ed objedn\u00e1vky v rozmez\u00ed v\u00edce ne\u017e 10 kalend\u00e1\u0159n\u00edch dn\u016f.<\/p>\n\n<p>-100% celkov\u00e9 \u010d\u00e1stky objedn\u00e1vky v p\u0159\u00edpad\u011b zru\u0161en\u00ed objedn\u00e1vky, pokud ji\u017e bylo zbo\u017e\u00ed dod\u00e1no.<\/p>\n\n<h3 class=\"wp-block-heading\">DORU\u010cEN\u00cd<\/h3>\n\n<p><strong>2.1 N\u00e1klady na dod\u00e1n\u00ed<\/strong><\/p>\n\n<p>N\u00e1klady na dod\u00e1n\u00ed jsou uvedeny v nab\u00eddce p\u0159edlo\u017een\u00e9 z\u00e1kazn\u00edkovi.<\/p>\n\n<p><strong>2.2 P\u0159\u00edjem zbo\u017e\u00ed<\/strong><\/p>\n\n<p>P\u0159i p\u0159eb\u00edr\u00e1n\u00ed z\u00e1silek je z\u00e1kazn\u00edk povinen je zkontrolovat za p\u0159\u00edtomnosti dopravce. I kdy\u017e se obal zd\u00e1 b\u00fdt neporu\u0161en\u00fd, v p\u0159\u00edpad\u011b po\u0161kozen\u00ed, nedostatku nebo z\u00e1m\u011bny mus\u00ed b\u00fdt tato skute\u010dnost zaznamen\u00e1na v dodac\u00edm listu dopravce a tyto v\u00fdhrady mus\u00ed z\u00e1kazn\u00edk do t\u0159\u00ed dn\u016f od p\u0159evzet\u00ed potvrdit doporu\u010den\u00fdm dopisem adresovan\u00fdm dopravci (\u010dl\u00e1nek L133-3 francouzsk\u00e9ho obchodn\u00edho z\u00e1kon\u00edku). Z\u00e1kazn\u00edk je povinen uplatnit v\u016f\u010di dopravci regresn\u00ed n\u00e1rok v p\u0159\u00edpad\u011b nedostatk\u016f, po\u0161kozen\u00ed nebo zpo\u017ed\u011bn\u00ed <strong>, p\u0159i\u010dem\u017e mus\u00ed spole\u010dnosti OBERA poskytnout informace o zji\u0161t\u011bn\u00fdch \u0161kod\u00e1ch a doklady od\u016fvod\u0148uj\u00edc\u00ed v\u00fdhrady\/regresn\u00ed n\u00e1rok.<\/strong>  <\/p>\n\n<p><strong>2.3 Dodac\u00ed lh\u016fty<\/strong><\/p>\n\n<p>Dodac\u00ed lh\u016fta uveden\u00e1 v potvrzen\u00ed o p\u0159ijet\u00ed objedn\u00e1vky je orienta\u010dn\u00ed. Nedodr\u017een\u00ed orienta\u010dn\u00ed dodac\u00ed lh\u016fty proto v \u017e\u00e1dn\u00e9m p\u0159\u00edpad\u011b nem\u016f\u017ee v\u00e9st k \u00fahrad\u011b sankc\u00ed za pozdn\u00ed dod\u00e1n\u00ed, n\u00e1hrad\u011b \u0161kody nebo zru\u0161en\u00ed objedn\u00e1vky. <\/p>\n\n<p>V p\u0159\u00edpad\u011b z\u00e1sahu vy\u0161\u0161\u00ed moci (st\u00e1vky, nepokoje, v\u00e1lka atd.) je dodavatel automaticky zpro\u0161t\u011bn sv\u00fdch z\u00e1vazk\u016f: jak\u00e9koli n\u00e1roky na n\u00e1hradu \u0161kody jsou proto nep\u0159\u00edpustn\u00e9.<\/p>\n\n<p><strong>2.4 Vracen\u00ed za\u0159\u00edzen\u00ed<\/strong><\/p>\n\n<p>V\u00fdrobky lze vr\u00e1tit pouze s na\u0161\u00edm p\u0159edchoz\u00edm p\u00edsemn\u00fdm souhlasem. Vr\u00e1cen\u00ed n\u00e1hradn\u00edch d\u00edl\u016f, p\u0159\u00edslu\u0161enstv\u00ed nebo v\u00fdrobk\u016f, kter\u00e9 byly pou\u017eity nebo ji\u017e nejsou v p\u016fvodn\u00edm obalu, bude v ka\u017ed\u00e9m p\u0159\u00edpad\u011b odm\u00edtnuto. N\u00e1klady na zp\u011btnou dopravu nese z\u00e1kazn\u00edk. U v\u0161ech vr\u00e1cen\u00fdch v\u00fdrobk\u016f nebo v\u00fdrobk\u016f vr\u00e1cen\u00fdch na \u017e\u00e1dost z\u00e1kazn\u00edka a po jejich p\u0159ijet\u00ed spole\u010dnost\u00ed OberA bude uplatn\u011bna sr\u00e1\u017eka 20 % na administrativn\u00ed n\u00e1klady.   <\/p>\n\n<p><strong>2.5 Vr\u00e1cen\u00ed za\u0159\u00edzen\u00ed po poskytnut\u00ed pron\u00e1jmu nebo testovac\u00edho za\u0159\u00edzen\u00ed<\/strong><\/p>\n\n<p>Po skon\u010den\u00ed zku\u0161ebn\u00ed doby nebo doby pron\u00e1jmu mus\u00ed b\u00fdt za\u0159\u00edzen\u00ed vr\u00e1ceno spole\u010dnosti OBERA. N\u00e1jemce je povinen udr\u017eovat za\u0159\u00edzen\u00ed v \u010distot\u011b a nepo\u0161kozen\u00e9. V tomto ohledu mus\u00ed n\u00e1jemce vr\u00e1tit za\u0159\u00edzen\u00ed \u010dist\u00e9 a v bezvadn\u00e9m stavu. Ve\u0161ker\u00e9 vybaven\u00ed poskytnut\u00e9 n\u00e1jemci mus\u00ed b\u00fdt vr\u00e1ceno v p\u016fvodn\u00edm nebo rovnocenn\u00e9m obalu: v\u017edy na palet\u011b, chr\u00e1n\u011bn\u00e9, nato\u010den\u00e9, p\u0159ipoutan\u00e9\/popruhy a zaji\u0161t\u011bn\u00e9.   <\/p>\n\n<h3 class=\"wp-block-heading\">PLATBY<\/h3>\n\n<p><strong>3.1. Platebn\u00ed podm\u00ednky <\/strong><\/p>\n\n<p>Faktury se vystavuj\u00ed podle sazebn\u00edku platn\u00e9ho v den dod\u00e1n\u00ed za\u0159\u00edzen\u00ed a jsou splatn\u00e9 v \u010dist\u00e9 v\u00fd\u0161i do 30 dn\u016f ode dne dod\u00e1n\u00ed, pokud nebyla mezi dodavatelem a z\u00e1kazn\u00edkem podeps\u00e1na zvl\u00e1\u0161tn\u00ed dohoda uveden\u00e1 na potvrzen\u00ed o p\u0159ijet\u00ed objedn\u00e1vky. Platba se pova\u017euje za uskute\u010dn\u011bnou v den, kdy jsou finan\u010dn\u00ed prost\u0159edky poskytnuty z\u00e1kazn\u00edkem p\u0159\u00edjemci nebo jeho substitutovi. <\/p>\n\n<p>Za p\u0159ed\u010dasnou platbu nebude poskytnuta \u017e\u00e1dn\u00e1 sleva.<\/p>\n\n<p>Platebn\u00ed podm\u00ednky dohodnut\u00e9 se z\u00e1kazn\u00edkem nesm\u00ed b\u00fdt za \u017e\u00e1dn\u00fdch okolnost\u00ed odlo\u017eeny. V p\u0159\u00edpad\u011b, \u017ee Z\u00e1kazn\u00edk nezaplat\u00ed v n\u011bkter\u00e9m z term\u00edn\u016f splatnosti za prodej, postoupen\u00ed, zastaven\u00ed nebo za\u010dlen\u011bn\u00ed sv\u00e9ho podniku nebo za\u0159\u00edzen\u00ed, st\u00e1vaj\u00ed se v\u0161echny \u010d\u00e1stky, kter\u00e9 Z\u00e1kazn\u00edk dlu\u017e\u00ed, okam\u017eit\u011b splatn\u00fdmi ze z\u00e1kona. Dodavatel si v takov\u00e9m p\u0159\u00edpad\u011b vyhrazuje pr\u00e1vo pozastavit realizaci zadan\u00fdch objedn\u00e1vek.  <\/p>\n\n<p><strong>3.2. Sankce za pozdn\u00ed platby a n\u00e1klady na vym\u00e1h\u00e1n\u00ed <\/strong><\/p>\n\n<p>Bez p\u0159edchoz\u00ed upom\u00ednky nebo form\u00e1ln\u00edho upozorn\u011bn\u00ed se \u010d\u00e1stka, kter\u00e1 nebude uhrazena v den splatnosti, automaticky zv\u00fd\u0161\u00ed o \u00farokovou sazbu, kterou Evropsk\u00e1 centr\u00e1ln\u00ed banka pou\u017eila pro svou posledn\u00ed refinan\u010dn\u00ed operaci, zv\u00fd\u0161enou o 20 procentn\u00edch bod\u016f (\u010dl\u00e1nek L.441-6 francouzsk\u00e9ho obchodn\u00edho z\u00e1kon\u00edku).<\/p>\n\n<p>Krom\u011b t\u011bchto sankc\u00ed je z\u00e1kazn\u00edk, kter\u00fd je v prodlen\u00ed s platbou, automaticky povinen uhradit dodavateli pau\u0161\u00e1ln\u00ed n\u00e1hradu n\u00e1klad\u016f na vym\u00e1h\u00e1n\u00ed ve v\u00fd\u0161i 40 EUR (vyhl\u00e1\u0161ka \u010d. 2012-1115 ze dne 2. \u0159\u00edjna 2012). Dodavatel m\u016f\u017ee na z\u00e1klad\u011b zd\u016fvodn\u011bn\u00ed po\u017eadovat dodate\u010dnou n\u00e1hradu v p\u0159\u00edpad\u011b n\u00e1klad\u016f na vym\u00e1h\u00e1n\u00ed p\u0159esahuj\u00edc\u00edch v\u00fd\u0161e uvedenou pevnou \u010d\u00e1stku. <\/p>\n\n<p><strong>3.3. \u010c\u00e1ste\u010dn\u00e1 platba a spor <\/strong><\/p>\n\n<p>V p\u0159\u00edpad\u011b sporu mezi dodavatelem a z\u00e1kazn\u00edkem ohledn\u011b n\u011bkter\u00e9 \u010d\u00e1sti faktury se z\u00e1kazn\u00edk zavazuje zaplatit dodavateli celou nespornou \u010d\u00e1st faktury.<\/p>\n\n<p><strong>3.4. Sankce stanoven\u00e9 z\u00e1kazn\u00edkem <\/strong><\/p>\n\n<p>\u00dahradu jednostrann\u011b stanoven\u00fdch sankc\u00ed nem\u016f\u017ee z\u00e1kazn\u00edk po\u017eadovat po dodavateli bez jeho v\u00fdslovn\u00e9ho p\u0159edchoz\u00edho souhlasu s podm\u00ednkami t\u011bchto sankc\u00ed.<\/p>\n\n<p><strong>3.5. Kompenzace <\/strong><\/p>\n\n<p>Z\u00e1kazn\u00edk se zdr\u017e\u00ed zapo\u010dten\u00ed pohled\u00e1vek.<\/p>\n\n<p><strong>3.6. \u017d\u00e1dn\u00e9 zadr\u017een\u00ed z\u00e1ruky. <\/strong><\/p>\n\n<p>Z\u00e1kazn\u00edk se zdr\u017e\u00ed uplatn\u011bn\u00ed zadr\u017een\u00ed z\u00e1ruky bez ohledu na jej\u00ed procento. Na ve\u0161ker\u00e1 za\u0159\u00edzen\u00ed prod\u00e1van\u00e1 dodavatelem se vztahuje z\u00e1konn\u00e1 nebo b\u011b\u017en\u00e1 z\u00e1ruka (viz \u010dl\u00e1nek 8). V d\u016fsledku toho se v p\u0159\u00edpad\u011b, \u017ee je odpov\u011bdnost Dodavatele jasn\u011b a rozporupln\u011b stanovena, uplatn\u00ed z\u00e1ruka ze z\u00e1kona.  <\/p>\n\n<h3 class=\"wp-block-heading\">Z\u00c1RUKA<\/h3>\n\n<p>Z\u00e1ruka se vztahuje pouze na d\u00edly (pokud nen\u00ed uvedeno jinak). Plat\u00ed od data dod\u00e1n\u00ed po dobu 6 m\u011bs\u00edc\u016f nebo 1 roku v z\u00e1vislosti na v\u00fdrobku. (Viz zvl\u00e1\u0161tn\u00ed podm\u00ednky) a zahrnuje v\u00fdm\u011bnu jak\u00e9hokoli d\u00edlu, kter\u00fd prod\u00e1vaj\u00edc\u00ed uzn\u00e1 za vadn\u00fd. N\u00e1klady na po\u0161tovn\u00e9, pr\u00e1ci a cestovn\u00e9 (pokud jsou uvedeny ve zvl\u00e1\u0161tn\u00edch podm\u00ednk\u00e1ch) spojen\u00e9 s v\u00fdm\u011bnou jak\u00e9hokoli d\u00edlu, kter\u00fd byl shled\u00e1n vadn\u00fdm, mohou b\u00fdt v r\u00e1mci z\u00e1ruky uhrazeny a\u017e pot\u00e9, co byly vadn\u00e9 d\u00edly zasl\u00e1ny prod\u00e1vaj\u00edc\u00edmu ke kontrole, a pouze po spln\u011bn\u00ed n\u00e1sleduj\u00edc\u00edch podm\u00ednek   <\/p>\n\n<p>Tato z\u00e1ruka se nevztahuje na \u0161kody zp\u016fsoben\u00e9 zanedb\u00e1n\u00edm \u00fadr\u017eby za\u0159\u00edzen\u00ed (maz\u00e1n\u00ed, \u010di\u0161t\u011bn\u00ed atd.). Z\u00e1ruka se nevztahuje na provozn\u00ed z\u00e1vady nebo zhor\u0161en\u00ed stavu za\u0159\u00edzen\u00ed z p\u0159\u00ed\u010din, kter\u00e9 nesouvisej\u00ed s v\u00fdrobou samotn\u00e9ho za\u0159\u00edzen\u00ed. (P\u0159\u00edklad: energie, kapaliny, podm\u00ednky obecn\u00fdch instalac\u00ed budovy nebo m\u00edsta pou\u017eit\u00ed, bez ohledu na to, zda p\u0159ipojen\u00ed bylo provedeno prod\u00e1vaj\u00edc\u00edm).  <\/p>\n\n<p>Z\u00e1sahy do stroje proveden\u00e9 jinou osobou ne\u017e technick\u00fdm servisem prod\u00e1vaj\u00edc\u00edho b\u011bhem z\u00e1ru\u010dn\u00ed doby maj\u00ed za n\u00e1sledek okam\u017eit\u00e9 ukon\u010den\u00ed z\u00e1ruky.<\/p>\n\n<h3 class=\"wp-block-heading\">V\u00ddHRADA VLASTNICTV\u00cd<\/h3>\n\n<p>Na z\u00e1klad\u011b v\u00fdslovn\u00e9 dohody z\u016fst\u00e1v\u00e1 dodan\u00e9 zbo\u017e\u00ed ve v\u00fdlu\u010dn\u00e9m vlastnictv\u00ed dodavatele a\u017e do \u00fapln\u00e9ho zaplacen\u00ed ceny z\u00e1kazn\u00edkem. P\u0159edlo\u017een\u00ed sm\u011bnek nebo jin\u00fdch listin zakl\u00e1daj\u00edc\u00edch z\u00e1vazek zaplatit nep\u0159edstavuje platbu. Z\u00e1kazn\u00edk je opr\u00e1vn\u011bn dodan\u00e9 zbo\u017e\u00ed pou\u017e\u00edvat nebo d\u00e1le prod\u00e1vat. Toto opr\u00e1vn\u011bn\u00ed, kter\u00e9 je v podstat\u011b nejist\u00e9, bude automaticky a bez formalit zru\u0161eno v p\u0159\u00edpad\u011b nezaplacen\u00ed jak\u00e9hokoli term\u00ednu splatnosti.   <\/p>\n\n<p>Pokud nen\u00ed zbo\u017e\u00ed pln\u011b uhrazeno, m\u016f\u017ee dodavatel z\u00e1kazn\u00edka formou doporu\u010den\u00e9ho dopisu form\u00e1ln\u011b vyzvat, aby zbo\u017e\u00ed vr\u00e1til na sv\u00e9 n\u00e1klady a nebezpe\u010d\u00ed ve lh\u016ft\u011b \u010dty\u0159iceti osmi hodin. V p\u0159\u00edpad\u011b, \u017ee tato form\u00e1ln\u00ed v\u00fdzva z\u016fstane bezv\u00fdsledn\u00e1, je dodavatel opr\u00e1vn\u011bn prodan\u00e9 zbo\u017e\u00ed fyzicky p\u0159evz\u00edt na n\u00e1klady z\u00e1kazn\u00edka. Krom\u011b toho je z\u00e1kazn\u00edk povinen uhradit pen\u00e1le z prodlen\u00ed v souladu s podm\u00ednkami stanoven\u00fdmi z\u00e1konem, jako\u017e i p\u0159\u00edpadnou n\u00e1hradu \u0161kody a \u00faroky.  <\/p>\n\n<p>V p\u0159\u00edpad\u011b nucen\u00e9 spr\u00e1vy nebo likvidace z\u00e1kazn\u00edka m\u016f\u017ee dodavatel po\u017eadovat zp\u011bt dodan\u00e9 zbo\u017e\u00ed ve lh\u016ft\u011b a za podm\u00ednek stanoven\u00fdch z\u00e1konem.<\/p>\n\n<h3 class=\"wp-block-heading\">ROZHODN\u00c9 PR\u00c1VO A SOUDN\u00cd P\u0158\u00cdSLU\u0160NOST<\/h3>\n\n<p>Na smluvn\u00ed vztah mezi dodavatelem a z\u00e1kazn\u00edkem se vztahuje francouzsk\u00e9 pr\u00e1vo.<\/p>\n\n<p>V p\u0159\u00edpad\u011b jak\u00e9hokoli sporu t\u00fdkaj\u00edc\u00edho se slu\u017eby, objedn\u00e1vky, dod\u00e1vky nebo platby, a to i v p\u0159\u00edpad\u011b, \u017ee byly p\u0159edm\u011btem vystaven\u00ed sm\u011bnek, jako\u017e i v\u00fdkladu nebo pln\u011bn\u00ed v\u00fd\u0161e uveden\u00fdch dolo\u017eek a podm\u00ednek, m\u00e1 v\u00fdlu\u010dnou p\u0159\u00edslu\u0161nost Obchodn\u00ed soud ve \u0160trasburku, a to bez ohledu na m\u00edsto doru\u010den\u00ed, zp\u016fsob p\u0159ijat\u00e9 platby, a to i v p\u0159\u00edpad\u011b n\u00e1roku t\u0159et\u00ed strany nebo v\u00edce \u017ealovan\u00fdch. T\u00edmto ustanoven\u00edm se dodavatel a z\u00e1kazn\u00edk vzd\u00e1vaj\u00ed jak\u00e9hokoli jin\u00e9ho ustanoven\u00ed o p\u0159\u00edslu\u0161nosti, kter\u00e9 m\u016f\u017ee existovat v jak\u00e9mkoli jin\u00e9m jejich obchodn\u00edm dokumentu. <\/p>\n\n<p>Ka\u017ed\u00e1 objedn\u00e1vka automaticky znamen\u00e1 bezv\u00fdhradn\u00fd souhlas z\u00e1kazn\u00edka s t\u011bmito v\u0161eobecn\u00fdmi podm\u00ednkami.<\/p>\n","protected":false},"excerpt":{"rendered":"<p>OBJEDNAC\u00cd FORMUL\u00c1\u0158 Prod\u00e1vaj\u00edc\u00ed odpov\u00edd\u00e1 kupuj\u00edc\u00edmu pouze za z\u00e1vazky, kter\u00e9 s kupuj\u00edc\u00edm uzav\u0159el v textu t\u011bchto obchodn\u00edch podm\u00ednek. Prod\u00e1vaj\u00edc\u00ed zejm\u00e9na neodpov\u00edd\u00e1 za z\u00e1vazky, kter\u00e9 v\u016f\u010di kupuj\u00edc\u00edmu u\u010dinili jeho z\u00e1stupci mimo uveden\u00e9 prodejn\u00ed podm\u00ednky. Jak\u00e1koli v\u00fdroba nebo n\u00e1kup budou zah\u00e1jeny a\u017e pot\u00e9, co z\u00e1kazn\u00edk form\u00e1ln\u011b p\u0159ijme nab\u00eddku. 1.1 Zm\u011bna a zru\u0161en\u00ed objedn\u00e1vky Objedn\u00e1vky lze zru\u0161it nebo zm\u011bnit pouze do 24 hodin od jejich obdr\u017een\u00ed a s v\u00fdslovn\u00fdm souhlasem dodavatele. Jak\u00e1koli \u017e\u00e1dost o zru\u0161en\u00ed nebo zm\u011bnu objedn\u00e1vky (objedn\u00e1vek) mus\u00ed b\u00fdt pod\u00e1na p\u00edsemn\u011b z\u00e1kazn\u00edkem a form\u00e1ln\u011b p\u0159ijata dodavatelem. Pokud dodavatel p\u0159ijme zm\u011bnu objedn\u00e1vky (objedn\u00e1vek), budou z\u00e1kazn\u00edkovi sd\u011bleny nov\u00e9 dodac\u00ed lh\u016fty a ceny. V p\u0159\u00edpad\u011b &#8230; <\/p>\n<p class=\"read-more-container\"><a title=\"Podm\u00ednky prodeje\" class=\"read-more button\" href=\"https:\/\/obera.fr\/cs\/conditions-generales-de-vente\/#more-64010\" aria-label=\"\u010c\u00edst v\u00edce o Podm\u00ednky prodeje\">Lire la suite<\/a><\/p>\n","protected":false},"author":4,"featured_media":103613,"parent":0,"menu_order":0,"comment_status":"closed","ping_status":"closed","template":"","meta":{"_acf_changed":false,"_seopress_robots_primary_cat":"","_seopress_titles_title":"obera.fr Podm\u00ednky prodeje","_seopress_titles_desc":"oberA V\u0161eobecn\u00e9 obchodn\u00ed podm\u00ednky","_seopress_robots_index":"ano","footnotes":""},"class_list":{"0":"post-64010","1":"page","2":"type-page","3":"status-publish","4":"has-post-thumbnail","6":"no-featured-image-padding","7":"resize-featured-image"},"acf":[],"_links":{"self":[{"href":"https:\/\/obera.fr\/cs\/wp-json\/wp\/v2\/pages\/64010","targetHints":{"allow":["GET"]}}],"collection":[{"href":"https:\/\/obera.fr\/cs\/wp-json\/wp\/v2\/pages"}],"about":[{"href":"https:\/\/obera.fr\/cs\/wp-json\/wp\/v2\/types\/page"}],"author":[{"embeddable":true,"href":"https:\/\/obera.fr\/cs\/wp-json\/wp\/v2\/users\/4"}],"replies":[{"embeddable":true,"href":"https:\/\/obera.fr\/cs\/wp-json\/wp\/v2\/comments?post=64010"}],"version-history":[{"count":1,"href":"https:\/\/obera.fr\/cs\/wp-json\/wp\/v2\/pages\/64010\/revisions"}],"predecessor-version":[{"id":64012,"href":"https:\/\/obera.fr\/cs\/wp-json\/wp\/v2\/pages\/64010\/revisions\/64012"}],"wp:featuredmedia":[{"embeddable":true,"href":"https:\/\/obera.fr\/cs\/wp-json\/wp\/v2\/media\/103613"}],"wp:attachment":[{"href":"https:\/\/obera.fr\/cs\/wp-json\/wp\/v2\/media?parent=64010"}],"curies":[{"name":"wp","href":"https:\/\/api.w.org\/{rel}","templated":true}]}}