{"id":64859,"date":"2020-08-26T12:54:02","date_gmt":"2020-08-26T10:54:02","guid":{"rendered":"https:\/\/obera.fr\/produits\/depoussiereurs-industriels\/male-prumyslove-odlucovace-prachu\/aspiration-fumees-soudage-laser-epur-b-ex\/"},"modified":"2025-08-28T10:53:22","modified_gmt":"2025-08-28T08:53:22","slug":"aspiration-fumees-soudage-laser-epur-b-ex","status":"publish","type":"page","link":"https:\/\/obera.fr\/cs\/produits\/depoussiereurs-industriels\/petits\/aspiration-fumees-soudage-laser-epur-b-ex\/","title":{"rendered":"Ods\u00e1v\u00e1n\u00ed sv\u00e1\u0159e\u010dsk\u00fdch d\u00fdm\u016f a laser\u016f ePUR Ex"},"content":{"rendered":"\n<p><strong>EPUR Ex<\/strong> je \u0159ada 3<a href=\"https:\/\/obera.fr\/cs\/produits\/depoussiereurs-industriels\/petits\/\" data-type=\"page\" data-id=\"393\">mobiln\u00edch syst\u00e9m\u016f proods\u00e1v\u00e1n\u00ed vzduchu<\/a> s certifikac\u00ed ATEX.<\/p>\n\n\n<h2 class=\"wp-block-heading\">Jak funguje ods\u00e1v\u00e1n\u00ed sva\u0159ovac\u00edch\/laserov\u00fdch d\u00fdm\u016f?<\/h2>\n\n<div class=\"wp-block-columns is-layout-flex wp-container-core-columns-is-layout-28f84493 wp-block-columns-is-layout-flex\">\n<div class=\"wp-block-column is-layout-flow wp-block-column-is-layout-flow\" style=\"flex-basis:33.33%\">\n<figure class=\"wp-block-image aligncenter size-full\"><img decoding=\"async\" width=\"600\" height=\"600\" src=\"https:\/\/obera.fr\/wp-content\/uploads\/2023\/10\/epurb-ex-1000-3000-5000.png\" alt=\"epurb ex 1000 3000 5000\" class=\"wp-image-25016\" srcset=\"https:\/\/obera.fr\/wp-content\/uploads\/2023\/10\/epurb-ex-1000-3000-5000.png 600w, https:\/\/obera.fr\/wp-content\/uploads\/2023\/10\/epurb-ex-1000-3000-5000-300x300.png 300w, https:\/\/obera.fr\/wp-content\/uploads\/2023\/10\/epurb-ex-1000-3000-5000-150x150.png 150w\" sizes=\"(max-width: 600px) 100vw, 600px\" \/><\/figure>\n<\/div>\n\n\n\n<div class=\"wp-block-column is-layout-flow wp-block-column-is-layout-flow\" style=\"flex-basis:66.66%\">\n<p>Obsluha je jednoduch\u00e1: <strong>zne\u010di\u0161t\u011bn\u00fd vzduch je nas\u00e1v\u00e1n p\u0159\u00edmo flexibiln\u00ed sac\u00ed hadic\u00ed p\u0159ipojenou ke stroji<\/strong>, sac\u00edmu rameni, ods\u00e1vac\u00edmu odsava\u010di nebo p\u0159\u00edmo na v\u00fdrobn\u00ed stroj prost\u0159ednictv\u00edm s\u00edt\u011b potrub\u00ed.<\/p>\n\n\n\n<p><strong>Zne\u010di\u0161t\u011bn\u00fd vzduch<\/strong> se zachycuje a zpracov\u00e1v\u00e1 v r\u016fzn\u00fdch stupn\u00edch filtrace.<\/p>\n\n\n\n<p><strong>Vy\u010di\u0161t\u011bn\u00fd vzduch<\/strong> je pak odv\u00e1d\u011bn ze spodn\u00ed \u010d\u00e1sti jednotky p\u0159\u00edmo do pracovn\u00edho prostoru nebo ven pomoc\u00ed s\u00edt\u011b v\u00fdfukov\u00fdch potrub\u00ed.<\/p>\n\n\n\n<div style=\"height:15px\" aria-hidden=\"true\" class=\"wp-block-spacer\"><\/div>\n\n\n\n<div class=\"wp-block-columns is-layout-flex wp-container-core-columns-is-layout-28f84493 wp-block-columns-is-layout-flex\">\n<div class=\"wp-block-column is-layout-flow wp-block-column-is-layout-flow\" style=\"flex-basis:33.34%\">\n<div class=\"wp-block-buttons is-content-justification-center is-layout-flex wp-container-core-buttons-is-layout-a89b3969 wp-block-buttons-is-layout-flex\">\n<div class=\"wp-block-button\"><a class=\"wp-block-button__link wp-element-button\" href=\"https:\/\/obera.fr\/wp-content\/uploads\/2025\/04\/brochure-epur-ex-fr.pdf\">St\u00e1hn\u011bte si bro\u017euru<\/a><\/div>\n<\/div>\n<\/div>\n\n\n\n<div class=\"wp-block-column is-layout-flow wp-block-column-is-layout-flow\" style=\"flex-basis:33.34%\">\n<div class=\"wp-block-buttons is-horizontal is-content-justification-center is-layout-flex wp-container-core-buttons-is-layout-03627597 wp-block-buttons-is-layout-flex\">\n<div class=\"wp-block-button has-custom-width wp-block-button__width-100\"><a class=\"wp-block-button__link wp-element-button\" href=\"https:\/\/obera.fr\/cs\/kontaktujte-nas\/\">Zjist\u011bte v\u00edce<\/a><\/div>\n<\/div>\n<\/div>\n\n\n\n<div class=\"wp-block-column is-layout-flow wp-block-column-is-layout-flow\" style=\"flex-basis:33.33%\">\n<div class=\"wp-block-buttons is-content-justification-center is-layout-flex wp-container-core-buttons-is-layout-a89b3969 wp-block-buttons-is-layout-flex\">\n<div class=\"wp-block-button btn-devis-source\"><a class=\"wp-block-button__link wp-element-button\" href=\"https:\/\/obera.fr\/cs\/devis\/\">Po\u017e\u00e1dat o cenovou nab\u00eddku<\/a><\/div>\n<\/div>\n\n\n<script>\r\ndocument.addEventListener('DOMContentLoaded', function() {\r\n    \/\/ 1. On cherche le titre H1 de la page\r\n    var h1 = document.querySelector('h1');\r\n    var productTitle = h1 ? h1.innerText.trim() : \"\";\r\n\r\n    \/\/ 2. On cherche les boutons via la classe CSS .btn-devis-source\r\n    var buttons = document.querySelectorAll('.btn-devis-source a');\r\n\r\n    \/\/ 3. Si on a le titre et les boutons, on ajoute le param\u00e8tre\r\n    if (buttons.length > 0 && productTitle !== \"\") {\r\n        var encodedTitle = encodeURIComponent(productTitle);\r\n\r\n        buttons.forEach(function(btn) {\r\n            var currentHref = btn.getAttribute('href');\r\n            \r\n            \/\/ S\u00e9curit\u00e9 pour ne pas ajouter le param\u00e8tre 2 fois\r\n            if (currentHref.indexOf('sujet=') === -1) {\r\n                var separator = currentHref.indexOf('?') !== -1 ? '&' : '?';\r\n                var newLink = currentHref + separator + 'sujet=' + encodedTitle;\r\n                \r\n                btn.setAttribute('href', newLink);\r\n            }\r\n        });\r\n    }\r\n});\r\n<\/script><\/div>\n<\/div>\n<\/div>\n<\/div>\n\n<h2 class=\"wp-block-heading\">Pro jak\u00e9 \u00fa\u010dely?<\/h2>\n\n<p>Tyto ods\u00e1vac\u00ed jednotky byly navr\u017eeny pro <strong>ods\u00e1v\u00e1n\u00ed sv\u00e1\u0159e\u010dsk\u00fdch<\/strong> a <strong>p\u00e1jec\u00edch<\/strong> <strong>d\u00fdm\u016f<\/strong>, <strong>prachu<\/strong>, <strong>par<\/strong>, <strong>rozpou\u0161t\u011bdel<\/strong>, <strong>plyn\u016f<\/strong>, <strong>z\u00e1pachu<\/strong> a v\u0161ech typ\u016f <strong>plynn\u00fdch zne\u010di\u0161\u0165uj\u00edc\u00edch l\u00e1tek<\/strong>. Jednotky jsou namontov\u00e1ny na kole\u010dk\u00e1ch a lze je pou\u017e\u00edt k ods\u00e1v\u00e1n\u00ed <a href=\"https:\/\/obera.fr\/cs\/produits\/depoussiereurs-industriels\/fixes\/\">pevn\u00fdch nebo mobiln\u00edch pracovi\u0161\u0165<\/a> (a\u017e 3 pracovi\u0161\u0165 nebo v\u00fdrobn\u00edch stroj\u016f). Jsou kompaktn\u00ed a prostorov\u011b nen\u00e1ro\u010dn\u00e9 a jsou vhodn\u00e9 pro v\u0161echny typy pr\u016fmyslu. Jsou <a href=\"https:\/\/obera.fr\/cs\/produits\/atex\/\" data-type=\"page\" data-id=\"372\">certifikov\u00e1ny podle ATEX<\/a> a jsou ur\u010deny pro pou\u017eit\u00ed v z\u00f3n\u00e1ch ATEX22.  <\/p>\n\n<p><strong>\u0158ada EPUR Ex<\/strong> je vybavena nasycovac\u00edmi filtry (po nasycen\u00ed se vym\u011b\u0148uj\u00ed), co\u017e znamen\u00e1, \u017ee zat\u00ed\u017een\u00ed prachem nebo kou\u0159em je relativn\u011b n\u00edzk\u00e9. Pro vy\u0161\u0161\u00ed zat\u00ed\u017een\u00ed zne\u010di\u0161t\u011bn\u00edm a velk\u00e9 mno\u017estv\u00ed prachu je t\u0159eba zvolit regenerovateln\u00e9 (neucpateln\u00e9) filtra\u010dn\u00ed m\u00e9dium, jako je \u0159ada <a href=\"https:\/\/obera.fr\/cs\/produits\/depoussiereurs-industriels\/mobiles\/extracteur-poussiere-dustomat-4\/\" data-type=\"page\" data-id=\"440\">DUSTOMAT<\/a> nebo <a href=\"https:\/\/obera.fr\/cs\/produits\/depoussiereurs-industriels\/fixes\/aspiration-centralisee-industrielle-dustmac\/\" data-type=\"page\" data-id=\"467\">DUSTMAC<\/a>&#8230;.. <\/p>\n\n<div class=\"wp-block-columns is-layout-flex wp-container-core-columns-is-layout-28f84493 wp-block-columns-is-layout-flex\">\n<div class=\"wp-block-column is-layout-flow wp-block-column-is-layout-flow\">\n<h3 class=\"wp-block-heading has-text-align-center\">Zne\u010di\u0161\u0165uj\u00edc\u00ed l\u00e1tky<\/h3>\n\n\n\n<hr class=\"wp-block-separator has-css-opacity is-style-wide\"\/>\n\n\n\n<div class=\"wp-block-columns is-layout-flex wp-container-core-columns-is-layout-28f84493 wp-block-columns-is-layout-flex\">\n<div class=\"wp-block-column is-layout-flow wp-block-column-is-layout-flow\">\n<figure class=\"wp-block-image aligncenter size-large\"><img decoding=\"async\" width=\"70\" height=\"70\" src=\"https:\/\/obera.fr\/wp-content\/uploads\/2020\/08\/industrie-chimie.jpg\" alt=\"Chemick&#xFD; pr&#x16F;mysl\" class=\"wp-image-725\"\/><figcaption class=\"wp-element-caption\">Chemick\u00fd prach<\/figcaption><\/figure>\n\n\n\n<figure class=\"wp-block-image aligncenter size-large\"><img decoding=\"async\" width=\"70\" height=\"70\" src=\"https:\/\/obera.fr\/wp-content\/uploads\/2020\/08\/industrie-odeur.jpg\" alt=\"Z&#xE1;pach z pr&#x16F;myslu\" class=\"wp-image-723\"\/><figcaption class=\"wp-element-caption\">Z\u00e1pachy<\/figcaption><\/figure>\n<\/div>\n\n\n\n<div class=\"wp-block-column is-layout-flow wp-block-column-is-layout-flow\">\n<figure class=\"wp-block-image aligncenter size-large\"><img decoding=\"async\" width=\"70\" height=\"70\" src=\"https:\/\/obera.fr\/wp-content\/uploads\/2020\/08\/industrie-fumees.jpg\" alt=\"Pr&#x16F;myslov&#xFD; kou&#x159;\" class=\"wp-image-722\"\/><figcaption class=\"wp-element-caption\">V\u00fdpary<\/figcaption><\/figure>\n\n\n\n<figure class=\"wp-block-image aligncenter size-large\"><img decoding=\"async\" width=\"70\" height=\"70\" src=\"https:\/\/obera.fr\/wp-content\/uploads\/2020\/09\/cov.png\" alt=\"Cov\" class=\"wp-image-959\"\/><figcaption class=\"wp-element-caption\">VOCS<\/figcaption><\/figure>\n<\/div>\n<\/div>\n<\/div>\n\n\n\n<div class=\"wp-block-column is-layout-flow wp-block-column-is-layout-flow\">\n<h3 class=\"wp-block-heading has-text-align-center\">Odv\u011btv\u00ed<\/h3>\n\n\n\n<hr class=\"wp-block-separator has-css-opacity is-style-wide\"\/>\n\n\n\n<p class=\"has-text-align-center\">Vhodn\u00e9 pro v\u0161echny typy pr\u016fmyslu<\/p>\n<\/div>\n<\/div>\n\n<h2 class=\"wp-block-heading\">Jak\u00e9 jsou vlastnosti ePUR Ex?<\/h2>\n\n<p><strong>Modely ePUR Ex 1000, 3000 a 5000<\/strong> mohou <strong>obsahovat a\u017e 3 stupn\u011b vysoce v\u00fdkonn\u00e9 filtrace<\/strong>. Je mo\u017en\u00e9 n\u011bkolik konfigurac\u00ed, bu\u010f 2 stupn\u011b s filtrem HEPA 13\/14 a 6 kg aktivn\u00edho uhl\u00ed. Nebo ve 3 stupn\u00edch s prvn\u00edm filtrem konfigurovateln\u00fdm podle va\u0161ich pot\u0159eb, po kter\u00e9m n\u00e1sleduje dal\u0161\u00ed filtr z poloviny HEPA 13\/14 a z poloviny aktivn\u00ed uhl\u00ed (3 kg).  <\/p>\n\n<p>U<strong>ePUR Ex 3000<\/strong>, st\u0159edn\u00ed jednotky z t\u00e9to \u0159ady, najdete prvn\u00ed filtr, kter\u00fd lze pln\u011b konfigurovat podle va\u0161ich pot\u0159eb. Druh\u00fd filtr je HEPA 13\/14 s filtra\u010dn\u00ed plochou 5,6 m\u00b2. A kone\u010dn\u011b t\u0159et\u00ed filtra\u010dn\u00ed box je kazeta s aktivn\u00edm uhl\u00edm o hmotnosti 6 kg. Jej\u00ed maxim\u00e1ln\u00ed pr\u016ftok je <strong>260 m3\/h <\/strong>(p\u0159i zat\u00ed\u017een\u00ed). V\u00e1\u017e\u00ed 65 kg a je vysok\u00e1 99 cm (hmotnost bez filtru).    <\/p>\n\n<p>Model<strong>ePUR Ex 5000<\/strong> vynik\u00e1 sv\u00fdm sac\u00edm v\u00fdkonem s <strong>vysok\u00fdm pr\u016ftokem 2800 m3\/h<\/strong>. Jeho filtry jsou stejn\u011b p\u0159izp\u016fsobiteln\u00e9 jako filtry p\u0159edchoz\u00edch 2 model\u016f. Standardn\u011b je spot\u0159ebi\u010d dod\u00e1v\u00e1n s p\u0159edfiltrem E10 s filtra\u010dn\u00ed plochou 19 m\u00b2 a HEPA filtrem H14 s filtra\u010dn\u00ed plochou 20 m\u00b2.  <\/p>\n\n<p>Model ePUR Ex 1000 v\u00e1\u017e\u00ed 58 kg p\u0159i v\u00fd\u0161ce 63 cm a model ePUR Ex 5000 v\u00e1\u017e\u00ed 240 kg p\u0159i v\u00fd\u0161ce 159 cm (hmotnost s filtrem).<\/p>\n\n<p>Jejich provozn\u00ed hlu\u010dnost je pom\u011brn\u011b n\u00edzk\u00e1 (62 dB). D\u00edky materi\u00e1l\u016fm z nerezov\u00e9 oceli jsou robustn\u00ed a spolehliv\u00e9. Jsou tak\u00e9 vybaveny ovl\u00e1dac\u00edm displejem pro snadnou konfiguraci.<\/p>\n\n<figure class=\"wp-block-table\"><table class=\"has-fixed-layout\"><thead><tr><th>Za\u0159\u00edzen\u00ed<\/th><th><\/th><th>ePUR Ex 1000<\/th><th>ePUR Ex 3000<\/th><th>ePUR Ex 5000<\/th><\/tr><\/thead><tbody><tr><td>Pr\u016ftok<\/td><td>m3\/h<\/td><td>350<\/td><td>460<\/td><td>2.800<\/td><\/tr><tr><td>Pr\u016fm\u011br vstupn\u00edho otvoru<\/td><td>mm<\/td><td>50<\/td><td>50<\/td><td>150<\/td><\/tr><tr><td>maxim\u00e1ln\u00ed podtlak<\/td><td>Pa<\/td><td>10 000<\/td><td>10 000<\/td><td>6000<\/td><\/tr><tr><td>Nap\u00e1jec\u00ed nap\u011bt\u00ed<\/td><td>V<\/td><td>230 (nebo 110)<\/td><td>230 (nebo 110)<\/td><td>400<\/td><\/tr><tr><td>Power<\/td><td>kW<\/td><td>1.1<\/td><td>1.1<\/td><td>2.4<\/td><\/tr><tr><td>Filtra\u010dn\u00ed plocha 1. patro<\/td><td>m\u00b2<\/td><td>2.2<\/td><td>2.5<\/td><td>19<\/td><\/tr><tr><td>Filtra\u010dn\u00ed plocha 2. patro<\/td><td>m\u00b2<\/td><td>2.8<\/td><td>5.6<\/td><td>20<\/td><\/tr><tr><td>Mno\u017estv\u00ed aktivn\u00edho uhl\u00ed 3. stupe\u0148<\/td><td>kg<\/td><td>3<\/td><td>5.8<\/td><td>X<\/td><\/tr><tr><td>Rozm\u011bry<\/td><td>l\/L\/h (mm)<\/td><td>436 x 527 x 638<\/td><td>430 x 400 x 996 mm<\/td><td>780 x 970 x 1590<\/td><\/tr><tr><td>Hmotnost (bez filtr\u016f)<\/td><td>kg<\/td><td>58<\/td><td>65<\/td><td>240<\/td><\/tr><tr><td>Hladina hluku<\/td><td>dB(A)<\/td><td>62<\/td><td>62<\/td><td>75<\/td><\/tr><\/tbody><\/table><\/figure>\n\n<h2 class=\"wp-block-heading\">Jak\u00e9 jsou v\u00fdhody na\u0161eho elektronick\u00e9ho za\u0159\u00edzen\u00ed pro ods\u00e1v\u00e1n\u00ed sv\u00e1\u0159e\u010dsk\u00fdch d\u00fdm\u016f?<\/h2>\n\n<p><\/p>\n\n<div class=\"wp-block-columns is-layout-flex wp-container-core-columns-is-layout-28f84493 wp-block-columns-is-layout-flex\">\n<div class=\"wp-block-column is-layout-flow wp-block-column-is-layout-flow\" style=\"flex-basis:25%\"><\/div>\n\n\n\n<div class=\"wp-block-column is-layout-flow wp-block-column-is-layout-flow\" style=\"flex-basis:50%\">\n<figure class=\"wp-block-embed is-type-video is-provider-youtube wp-block-embed-youtube wp-embed-aspect-16-9 wp-has-aspect-ratio\"><div class=\"wp-block-embed__wrapper\">\n<iframe title=\"TRAITEMENT COV, ODEURS, POUSSI\u00c8RES ET POLLUANTS GAZEUX - ePUR EX1000 - Obera\" width=\"1200\" height=\"675\" src=\"https:\/\/www.youtube.com\/embed\/05A45bNzFEY?feature=oembed\" frameborder=\"0\" allow=\"accelerometer; autoplay; clipboard-write; encrypted-media; gyroscope; picture-in-picture; web-share\" referrerpolicy=\"strict-origin-when-cross-origin\" allowfullscreen><\/iframe>\n<\/div><\/figure>\n\n\n\n<p><\/p>\n<\/div>\n\n\n\n<div class=\"wp-block-column is-layout-flow wp-block-column-is-layout-flow\" style=\"flex-basis:25%\"><\/div>\n<\/div>\n\n<p>V\u00fdhod je cel\u00e1 \u0159ada, ale v prvn\u00ed \u0159ad\u011b je to <strong>ochrana zam\u011bstnanc\u016f<\/strong> p\u0159ed mnoha respira\u010dn\u00edmi a ko\u017en\u00edmi chorobami, kter\u00fdmi mohou trp\u011bt. Dal\u0161\u00ed v\u00fdhodou je ochrana v\u00fdrobn\u00edch n\u00e1stroj\u016f, co\u017e znamen\u00e1 m\u00e9n\u011b poruch a del\u0161\u00ed \u017eivotnost n\u00e1stroj\u016f. D\u00edky r\u016fzn\u00fdm dostupn\u00fdm konfigurac\u00edm filtr\u016f je lze pln\u011b p\u0159izp\u016fsobit dan\u00e9mu probl\u00e9mu.    <\/p>\n\n<blockquote class=\"wp-block-quote is-layout-flow wp-block-quote-is-layout-flow\">\n<p>D\u00edky n\u00edzk\u00e9 provozn\u00ed hlu\u010dnosti jej lze instalovat p\u0159\u00edmo v pracovn\u00edm prostoru.  <\/p>\n<\/blockquote>\n\n<p>Spot\u0159ebi\u010de byly navr\u017eeny z robustn\u00edch materi\u00e1l\u016f, jako je nerezov\u00e1 ocel, aby byly odoln\u011bj\u0161\u00ed. Filtry lze snadno a rychle vym\u011bnit. Pro optim\u00e1ln\u00ed \u00fa\u010dinnost a plynulou regulaci jsou pou\u017eity <strong>elektronicky komutovan\u00e9 EC ventil\u00e1tory<\/strong>. Ovl\u00e1dac\u00ed panel nab\u00edz\u00ed tak\u00e9 \u0161irokou \u0161k\u00e1lu nastaven\u00ed, v\u010detn\u011b d\u00e1lkov\u00e9ho ovl\u00e1d\u00e1n\u00ed a zobrazen\u00ed stavu p\u0159\u00edstroje (ucpan\u00fd, prora\u017een\u00fd filtr atd.) pro optim\u00e1ln\u00ed usnadn\u011bn\u00ed pou\u017e\u00edv\u00e1n\u00ed. Na\u0161e p\u0159\u00edstroje umo\u017e\u0148uj\u00ed ze z\u00e1kona dodr\u017eovat limitn\u00ed hodnoty expozice na pracovi\u0161ti (OEL).    <\/p>\n\n<div class=\"wp-block-columns is-layout-flex wp-container-core-columns-is-layout-28f84493 wp-block-columns-is-layout-flex\">\n<div class=\"wp-block-column is-layout-flow wp-block-column-is-layout-flow\">\n<h3 class=\"wp-block-heading has-text-align-center\">V\u00fdhody<\/h3>\n\n\n\n<ul class=\"wp-block-list\">\n<li>3 stupn\u011b vysoce v\u00fdkonn\u00e9 filtrace<\/li>\n\n\n\n<li>Tlumi\u010d hluku<\/li>\n\n\n\n<li>Rychl\u00e1 a snadn\u00e1 v\u00fdm\u011bna filtra\u010dn\u00edch stup\u0148\u016f<\/li>\n\n\n\n<li>Mobiln\u00ed a prostorov\u011b \u00fasporn\u00e9<\/li>\n\n\n\n<li>Lze pou\u017e\u00edt k vys\u00e1v\u00e1n\u00ed a\u017e 3 pracovn\u00edch stanic nebo v\u00fdrobn\u00edch stroj\u016f.<\/li>\n<\/ul>\n<\/div>\n\n\n\n<div class=\"wp-block-column is-layout-flow wp-block-column-is-layout-flow\">\n<h3 class=\"wp-block-heading has-text-align-center\">Speci\u00e1ln\u00ed funkce<\/h3>\n\n\n\n<ul class=\"wp-block-list\">\n<li>Certifikace ATEX<\/li>\n\n\n\n<li>Elektronicky komutovan\u00fd ventil\u00e1tor EC pro optim\u00e1ln\u00ed \u00fa\u010dinnost a plynulou regulaci<\/li>\n\n\n\n<li>Mo\u017enost konfigurace s \u0161irokou \u0161k\u00e1lou p\u0159\u00edslu\u0161enstv\u00ed<\/li>\n<\/ul>\n<\/div>\n\n\n\n<div class=\"wp-block-column is-layout-flow wp-block-column-is-layout-flow\">\n<h3 class=\"wp-block-heading has-text-align-center\">Funkce<\/h3>\n\n\n\n<ul class=\"wp-block-list\">\n<li>V\u00fdrazn\u011b zlep\u0161uje kvalitu ovzdu\u0161\u00ed eliminac\u00ed z\u00e1pachu, t\u011bkav\u00fdch organick\u00fdch l\u00e1tek a dal\u0161\u00edch plynn\u00fdch zne\u010di\u0161\u0165uj\u00edc\u00edch l\u00e1tek.<\/li>\n<\/ul>\n<\/div>\n<\/div>\n\n<h2 class=\"wp-block-heading\">Jak vybrat spr\u00e1vn\u00fd syst\u00e9m pro zachyt\u00e1v\u00e1n\u00ed prachu?<\/h2>\n\n<p>Je d\u016fle\u017eit\u00e9 vybrat spr\u00e1vn\u00fd odlu\u010dova\u010d prachu, aby nedo\u0161lo k jeho p\u0159ed\u010dasn\u00e9mu opot\u0159eben\u00ed, kter\u00e9 by mohlo v\u00e9st k poru\u0161e.<\/p>\n\n<p>\u0158ada ePUR Ex je <strong>v\u00fdkonn\u00e1<\/strong>, <strong>jednoduch\u00e1<\/strong>, <strong>kompaktn\u00ed<\/strong> a vybaven\u00e1 satura\u010dn\u00edmi filtry. M\u016f\u017eete si libovoln\u011b a uv\u00e1\u017eliv\u011b zvolit kombinaci filtra\u010dn\u00edch stup\u0148\u016f a optimalizovat tak \u017eivotnost m\u00e9dia. Dbejte v\u0161ak na to, aby byly satura\u010dn\u00ed filtry pevn\u00fdch \u010d\u00e1stic dob\u0159e p\u0159izp\u016fsobeny mno\u017estv\u00ed prachu a v\u00fdpar\u016f, kter\u00e9 chcete ods\u00e1vat. Dal\u0161\u00ed za\u0159\u00edzen\u00ed jsou k dispozici s regenera\u010dn\u00edmi filtra\u010dn\u00edmi m\u00e9dii.   <\/p>\n\n<p>Pokud si d\u011bl\u00e1te pr\u016fzkum sami, nezapome\u0148te se informovat o filtra\u010dn\u00ed kapacit\u011b za\u0159\u00edzen\u00ed. Ta bude z\u00e1viset na zne\u010di\u0161\u0165uj\u00edc\u00ed l\u00e1tce, velikosti \u010d\u00e1stic, stavu (pevn\u00e9 nebo plynn\u00e9) a koncentraci. Tento pr\u016fzkum v\u00e1m umo\u017en\u00ed vybrat ide\u00e1ln\u00ed typ filtru, kter\u00fdm by m\u011bl b\u00fdt vysava\u010d vybaven. Za druh\u00e9 zjist\u011bte, jak v\u00fdkonn\u00fd je p\u0159\u00edstroj, jin\u00fdmi slovy, jak\u00fd je jeho pr\u016ftok. Pr\u016ftok jednotky bude op\u011bt z\u00e1viset na mno\u017estv\u00ed va\u0161\u00ed zne\u010di\u0161\u0165uj\u00edc\u00ed l\u00e1tky a tak\u00e9 na plo\u0161e m\u00edstnosti, kter\u00e1 m\u00e1 b\u00fdt o\u0161et\u0159ena.    \u010c\u00edm v\u011bt\u0161\u00ed prostor, t\u00edm v\u011bt\u0161\u00ed pr\u016ftok budete pot\u0159ebovat.<\/p>\n\n<p>Dal\u0161\u00edm krokem je rozhodnut\u00ed, jak\u00fdm p\u0159\u00edslu\u0161enstv\u00edm stroj vybavit: kan\u00e1lem p\u0159ipojen\u00fdm k v\u00fdrobn\u00edmu stroji nebo<a href=\"https:\/\/obera.fr\/cs\/produits\/bras-dispositifs-captation\/capot-industriel\/\"> ods\u00e1vac\u00edm ramenem<\/a> pro pracovn\u00ed stanici.<\/p>\n\n<hr class=\"wp-block-separator has-css-opacity is-style-dots\"\/>\n\n<div class=\"wp-block-buttons is-horizontal is-content-justification-center is-layout-flex wp-container-core-buttons-is-layout-03627597 wp-block-buttons-is-layout-flex\">\n<div class=\"wp-block-button has-custom-width wp-block-button__width-100\"><a class=\"wp-block-button__link wp-element-button\" href=\"https:\/\/obera.fr\/cs\/kontaktujte-nas\/\">Zjist\u011bte v\u00edce<\/a><\/div>\n<\/div>\n\n<h2 class=\"wp-block-heading\">Dal\u0161\u00ed mal\u00e9 vysava\u010de od zna\u010dky OberA<\/h2>\n\n<div class=\"wp-block-columns is-layout-flex wp-container-core-columns-is-layout-28f84493 wp-block-columns-is-layout-flex\">\n<div class=\"wp-block-column is-layout-flow wp-block-column-is-layout-flow\">\n<figure class=\"wp-block-image aligncenter size-medium\"><a href=\"https:\/\/obera.fr\/produits\/depoussiereurs-industriels\/petits\/jumbo\/\"><img decoding=\"async\" width=\"300\" height=\"300\" src=\"https:\/\/obera.fr\/wp-content\/uploads\/2020\/10\/jumbo-300x300.png\" alt=\"Jumbo\" class=\"wp-image-1171\" srcset=\"https:\/\/obera.fr\/wp-content\/uploads\/2020\/10\/jumbo-300x300.png 300w, https:\/\/obera.fr\/wp-content\/uploads\/2020\/10\/jumbo-150x150.png 150w, https:\/\/obera.fr\/wp-content\/uploads\/2020\/10\/jumbo.png 500w\" sizes=\"(max-width: 300px) 100vw, 300px\" \/><\/a><figcaption class=\"wp-element-caption\">Jumbo<\/figcaption><\/figure>\n<\/div>\n\n\n\n<div class=\"wp-block-column is-layout-flow wp-block-column-is-layout-flow\">\n<figure class=\"wp-block-image aligncenter size-medium\"><a href=\"https:\/\/obera.fr\/produits\/depoussiereurs-industriels\/petits\/tk-serie\/\"><img decoding=\"async\" width=\"300\" height=\"300\" src=\"https:\/\/obera.fr\/wp-content\/uploads\/2020\/11\/tk-series-300x300.jpg\" alt=\"&#x158;ada TK\" class=\"wp-image-1607\" srcset=\"https:\/\/obera.fr\/wp-content\/uploads\/2020\/11\/tk-series-300x300.jpg 300w, https:\/\/obera.fr\/wp-content\/uploads\/2020\/11\/tk-series-150x150.jpg 150w, https:\/\/obera.fr\/wp-content\/uploads\/2020\/11\/tk-series.jpg 600w\" sizes=\"(max-width: 300px) 100vw, 300px\" \/><\/a><figcaption class=\"wp-element-caption\">TK Serie<\/figcaption><\/figure>\n<\/div>\n\n\n\n<div class=\"wp-block-column is-layout-flow wp-block-column-is-layout-flow\">\n<figure class=\"wp-block-image aligncenter size-medium\"><a href=\"https:\/\/obera.fr\/produits\/depoussiereurs-industriels\/petits\/srf-t\/\"><img decoding=\"async\" width=\"300\" height=\"300\" src=\"https:\/\/obera.fr\/wp-content\/uploads\/2020\/10\/SRF-T-SF-300x300.png\" alt=\"Srf T Sf\" class=\"wp-image-1310\" srcset=\"https:\/\/obera.fr\/wp-content\/uploads\/2020\/10\/SRF-T-SF-300x300.png 300w, https:\/\/obera.fr\/wp-content\/uploads\/2020\/10\/SRF-T-SF-150x150.png 150w, https:\/\/obera.fr\/wp-content\/uploads\/2020\/10\/SRF-T-SF.png 600w\" sizes=\"(max-width: 300px) 100vw, 300px\" \/><\/a><figcaption class=\"wp-element-caption\">SRF-T<\/figcaption><\/figure>\n<\/div>\n<\/div>\n","protected":false},"excerpt":{"rendered":"<p>EPUR Ex je \u0159ada 3mobiln\u00edch syst\u00e9m\u016f proods\u00e1v\u00e1n\u00ed vzduchu s certifikac\u00ed ATEX. Jak funguje ods\u00e1v\u00e1n\u00ed sva\u0159ovac\u00edch\/laserov\u00fdch d\u00fdm\u016f? Obsluha je jednoduch\u00e1: zne\u010di\u0161t\u011bn\u00fd vzduch je nas\u00e1v\u00e1n p\u0159\u00edmo flexibiln\u00ed sac\u00ed hadic\u00ed p\u0159ipojenou ke stroji, sac\u00edmu rameni, ods\u00e1vac\u00edmu odsava\u010di nebo p\u0159\u00edmo na v\u00fdrobn\u00ed stroj prost\u0159ednictv\u00edm s\u00edt\u011b potrub\u00ed. Zne\u010di\u0161t\u011bn\u00fd vzduch se zachycuje a zpracov\u00e1v\u00e1 v r\u016fzn\u00fdch stupn\u00edch filtrace. Vy\u010di\u0161t\u011bn\u00fd vzduch je pak odv\u00e1d\u011bn ze spodn\u00ed \u010d\u00e1sti jednotky p\u0159\u00edmo do pracovn\u00edho prostoru nebo ven pomoc\u00ed s\u00edt\u011b v\u00fdfukov\u00fdch potrub\u00ed. Pro jak\u00e9 \u00fa\u010dely? Tyto ods\u00e1vac\u00ed jednotky byly navr\u017eeny pro ods\u00e1v\u00e1n\u00ed sv\u00e1\u0159e\u010dsk\u00fdch a p\u00e1jec\u00edch d\u00fdm\u016f, prachu, par, rozpou\u0161t\u011bdel, plyn\u016f, z\u00e1pachu a v\u0161ech typ\u016f plynn\u00fdch zne\u010di\u0161\u0165uj\u00edc\u00edch l\u00e1tek. Jednotky jsou namontov\u00e1ny na &#8230; <\/p>\n<p class=\"read-more-container\"><a title=\"Ods\u00e1v\u00e1n\u00ed sv\u00e1\u0159e\u010dsk\u00fdch d\u00fdm\u016f a laser\u016f ePUR Ex\" class=\"read-more button\" href=\"https:\/\/obera.fr\/cs\/produits\/depoussiereurs-industriels\/petits\/aspiration-fumees-soudage-laser-epur-b-ex\/#more-64859\" aria-label=\"\u010c\u00edst v\u00edce o Ods\u00e1v\u00e1n\u00ed sv\u00e1\u0159e\u010dsk\u00fdch d\u00fdm\u016f a laser\u016f ePUR Ex\">Lire la suite<\/a><\/p>\n","protected":false},"author":4,"featured_media":83734,"parent":48255,"menu_order":0,"comment_status":"closed","ping_status":"closed","template":"","meta":{"_acf_changed":false,"_seopress_robots_primary_cat":"","_seopress_titles_title":"Ods\u00e1v\u00e1n\u00ed sv\u00e1\u0159e\u010dsk\u00fdch d\u00fdm\u016f a laser\u016f ePUR Ex oberA","_seopress_titles_desc":"ePUR Ex 1000 \/ 3000 \/ 5000 je \u0159ada 3 mobiln\u00edch syst\u00e9m\u016f pro ods\u00e1v\u00e1n\u00ed vzduchu s certifikac\u00ed ATEX. oberMal\u00fd odlu\u010dova\u010d prachu","_seopress_robots_index":"","footnotes":""},"class_list":{"0":"post-64859","1":"page","2":"type-page","3":"status-publish","4":"has-post-thumbnail","6":"no-featured-image-padding","7":"resize-featured-image"},"acf":[],"_links":{"self":[{"href":"https:\/\/obera.fr\/cs\/wp-json\/wp\/v2\/pages\/64859","targetHints":{"allow":["GET"]}}],"collection":[{"href":"https:\/\/obera.fr\/cs\/wp-json\/wp\/v2\/pages"}],"about":[{"href":"https:\/\/obera.fr\/cs\/wp-json\/wp\/v2\/types\/page"}],"author":[{"embeddable":true,"href":"https:\/\/obera.fr\/cs\/wp-json\/wp\/v2\/users\/4"}],"replies":[{"embeddable":true,"href":"https:\/\/obera.fr\/cs\/wp-json\/wp\/v2\/comments?post=64859"}],"version-history":[{"count":9,"href":"https:\/\/obera.fr\/cs\/wp-json\/wp\/v2\/pages\/64859\/revisions"}],"predecessor-version":[{"id":127286,"href":"https:\/\/obera.fr\/cs\/wp-json\/wp\/v2\/pages\/64859\/revisions\/127286"}],"up":[{"embeddable":true,"href":"https:\/\/obera.fr\/cs\/wp-json\/wp\/v2\/pages\/48255"}],"wp:featuredmedia":[{"embeddable":true,"href":"https:\/\/obera.fr\/cs\/wp-json\/wp\/v2\/media\/83734"}],"wp:attachment":[{"href":"https:\/\/obera.fr\/cs\/wp-json\/wp\/v2\/media?parent=64859"}],"curies":[{"name":"wp","href":"https:\/\/api.w.org\/{rel}","templated":true}]}}