{"id":65221,"date":"2024-04-05T22:42:52","date_gmt":"2024-04-05T20:42:52","guid":{"rendered":"https:\/\/obera.fr\/produits\/aspirateurs-industriels\/w2-haute-filtration-polyvalence\/"},"modified":"2025-11-15T17:25:11","modified_gmt":"2025-11-15T15:25:11","slug":"w2-haute-filtration-polyvalence","status":"publish","type":"page","link":"https:\/\/obera.fr\/cs\/produits\/aspirateurs-industriels\/w2-haute-filtration-polyvalence\/","title":{"rendered":"Pr\u016fmyslov\u00fd vysava\u010d W2"},"content":{"rendered":"\n<p>Kompaktn\u00ed a mobiln\u00ed<a href=\"https:\/\/obera.fr\/cs\/produits\/aspirateurs-industriels\/\" data-type=\"page\" data-id=\"41\">pr\u016fmyslov\u00fd vysava\u010d<\/a> W2 je jedn\u00edm z nejefektivn\u011bj\u0161\u00edch za\u0159\u00edzen\u00ed na trhu, kter\u00e9 je zn\u00e1m\u00e9 svou robustnost\u00ed, vysokou filtra\u010dn\u00ed kapacitou a v\u00fdkonem.<\/p>\n\n<h2 class=\"wp-block-heading\">Mokr\u00e9 a such\u00e9 pr\u016fmyslov\u00e9 vysava\u010de W2: jak funguj\u00ed a kde se pou\u017e\u00edvaj\u00ed?<\/h2>\n\n<div class=\"wp-block-columns is-layout-flex wp-container-core-columns-is-layout-28f84493 wp-block-columns-is-layout-flex\">\n<div class=\"wp-block-column is-layout-flow wp-block-column-is-layout-flow\" style=\"flex-basis:33.33%\">\n<figure class=\"wp-block-image size-full is-resized\"><img decoding=\"async\" width=\"711\" height=\"622\" src=\"https:\/\/obera.fr\/wp-content\/uploads\/2024\/10\/w2.png\" alt=\"Pr&#x16F;myslov&#xE9; vysava&#x10D;e\" class=\"wp-image-35424\" style=\"object-fit:cover;width:300px;height:300px\" srcset=\"https:\/\/obera.fr\/wp-content\/uploads\/2024\/10\/w2.png 711w, https:\/\/obera.fr\/wp-content\/uploads\/2024\/10\/w2-300x262.png 300w\" sizes=\"(max-width: 711px) 100vw, 711px\" \/><\/figure>\n<\/div>\n\n\n\n<div class=\"wp-block-column is-layout-flow wp-block-column-is-layout-flow\" style=\"flex-basis:66.66%\">\n<p>Hlavn\u00ed v\u00fdhodou <strong>pr\u016fmyslov\u00e9ho vysava\u010de W2 pro mokr\u00e9 a such\u00e9 s\u00e1n\u00ed<\/strong> je jeho v\u0161estrannost. Jeho sac\u00ed v\u00fdkon umo\u017e\u0148uje sou\u010dasn\u011b zvedat a vys\u00e1vat pevn\u00e9 i kapaln\u00e9 l\u00e1tky. Obsahuje dva jednof\u00e1zov\u00e9 by-pass motory, chr\u00e1n\u011bn\u00e9 robustn\u00ed ocelovou hlavou motoru a opat\u0159en\u00e9 vnit\u0159n\u00ed zvukov\u011b izola\u010dn\u00ed vrstvou. Vysava\u010d je vybaven syst\u00e9mem odd\u011blov\u00e1n\u00ed vody\/prachu pro filtraci kapalin od such\u00fdch \u010d\u00e1stic. Ods\u00e1t\u00e9 prachov\u00e9 \u010d\u00e1stice jsou ukl\u00e1d\u00e1ny do ocelov\u00e9 n\u00e1doby, zat\u00edmco kapaliny jsou shroma\u017e\u010fov\u00e1ny v n\u00e1dr\u017ei.<\/p>\n\n\n\n<p>Co se t\u00fd\u010de oblasti pou\u017eit\u00ed, model pr\u016fmyslov\u00e9ho vysava\u010de W2 je ide\u00e1ln\u00ed pro <strong>\u010di\u0161t\u011bn\u00ed<\/strong> a <strong>manipulaci<\/strong> s <strong>mal\u00fdm a st\u0159edn\u00edm mno\u017estv\u00edm prachu<\/strong>. Je tak\u00e9 \u00fa\u010dinn\u00fd pro ods\u00e1v\u00e1n\u00ed pevn\u00fdch a kapaln\u00fdch l\u00e1tek. V\u0161estrannost, kter\u00e1 z n\u011bj d\u011bl\u00e1 perfektn\u00ed vybaven\u00ed pro v\u0161echny typy pr\u016fmyslu. Je obzvl\u00e1\u0161t\u011b \u00fa\u010dinn\u00fd v chemick\u00e9m a farmaceutick\u00e9m pr\u016fmyslu, potravin\u00e1\u0159stv\u00ed, mlyn\u00e1\u0159stv\u00ed, stejn\u011b jako v pek\u00e1rn\u00e1ch a pro \u010di\u0161t\u011bn\u00ed pec\u00ed.<\/p>\n\n\n\n<div class=\"wp-block-columns is-layout-flex wp-container-core-columns-is-layout-28f84493 wp-block-columns-is-layout-flex\">\n<div class=\"wp-block-column is-layout-flow wp-block-column-is-layout-flow\">\n<div class=\"wp-block-buttons is-layout-flex wp-block-buttons-is-layout-flex\">\n<div class=\"wp-block-button\"><a class=\"wp-block-button__link wp-element-button\" href=\"https:\/\/obera.fr\/wp-content\/uploads\/2025\/06\/brochure-w2-fr.pdf\">ST\u00c1HNOUT BRO\u017dURU<\/a><\/div>\n<\/div>\n<\/div>\n\n\n\n<div class=\"wp-block-column is-layout-flow wp-block-column-is-layout-flow\">\n<div class=\"wp-block-buttons is-horizontal is-content-justification-center is-layout-flex wp-container-core-buttons-is-layout-03627597 wp-block-buttons-is-layout-flex\">\n<div class=\"wp-block-button has-custom-width wp-block-button__width-100\"><a class=\"wp-block-button__link wp-element-button\" href=\"https:\/\/obera.fr\/cs\/kontaktujte-nas\/\">Zjist\u011bte v\u00edce<\/a><\/div>\n<\/div>\n<\/div>\n\n\n\n<div class=\"wp-block-column is-layout-flow wp-block-column-is-layout-flow\">\n<div class=\"wp-block-buttons is-content-justification-center is-layout-flex wp-container-core-buttons-is-layout-a89b3969 wp-block-buttons-is-layout-flex\">\n<div class=\"wp-block-button btn-devis-source\"><a class=\"wp-block-button__link wp-element-button\" href=\"https:\/\/obera.fr\/cs\/devis\/\">Po\u017e\u00e1dat o cenovou nab\u00eddku<\/a><\/div>\n<\/div>\n\n\n<script>\r\ndocument.addEventListener('DOMContentLoaded', function() {\r\n    \/\/ 1. On cherche le titre H1 de la page\r\n    var h1 = document.querySelector('h1');\r\n    var productTitle = h1 ? h1.innerText.trim() : \"\";\r\n\r\n    \/\/ 2. On cherche les boutons via la classe CSS .btn-devis-source\r\n    var buttons = document.querySelectorAll('.btn-devis-source a');\r\n\r\n    \/\/ 3. Si on a le titre et les boutons, on ajoute le param\u00e8tre\r\n    if (buttons.length > 0 && productTitle !== \"\") {\r\n        var encodedTitle = encodeURIComponent(productTitle);\r\n\r\n        buttons.forEach(function(btn) {\r\n            var currentHref = btn.getAttribute('href');\r\n            \r\n            \/\/ S\u00e9curit\u00e9 pour ne pas ajouter le param\u00e8tre 2 fois\r\n            if (currentHref.indexOf('sujet=') === -1) {\r\n                var separator = currentHref.indexOf('?') !== -1 ? '&' : '?';\r\n                var newLink = currentHref + separator + 'sujet=' + encodedTitle;\r\n                \r\n                btn.setAttribute('href', newLink);\r\n            }\r\n        });\r\n    }\r\n});\r\n<\/script><\/div>\n<\/div>\n<\/div>\n<\/div>\n\n<h2 class=\"wp-block-heading\">Pr\u016fmyslov\u00fd vysava\u010d W2: vysok\u00e1 filtrace, vysok\u00e1 mobilita&#8230; v\u0161echny jeho technick\u00e9 vlastnosti<\/h2>\n\n<p>Pr\u016fmyslov\u00fd vysava\u010d W2 se nemus\u00ed styd\u011bt p\u0159ed v\u011bt\u0161\u00edmi modely: <strong>jeho sac\u00ed v\u00fdkon s filtra\u010dn\u00ed plochou 20 000 cm\u00b2<\/strong> prop\u016fj\u010duje tomuto za\u0159\u00edzen\u00ed vysokou filtraci a nav\u00edc vysokou mobilitu. S pr\u016ftokem vzduchu 360 m\u00b3\/h vysava\u010d zaru\u010duje zv\u00fd\u0161enou filtraci pro zlep\u0161en\u00ed kvality okoln\u00edho vzduchu a rychlej\u0161\u00ed ods\u00e1v\u00e1n\u00ed ne\u010distot. <\/p>\n\n<p>D\u00edky polyesterov\u00e9mu s\u00e1\u010dkov\u00e9mu filtru o pr\u016fm\u011bru 420 mm a pr\u016fmyslov\u00e9 ocelov\u00e9 konstrukci (motor, filtra\u010dn\u00ed komora, n\u00e1doba a r\u00e1m) nab\u00edz\u00ed za\u0159\u00edzen\u00ed maxim\u00e1ln\u00ed odolnost. Jeho dva jednof\u00e1zov\u00e9 motory jsou dimenzov\u00e1ny na nep\u0159etr\u017eit\u00fd provoz 24 hodin denn\u011b, 7 dn\u00ed v t\u00fddnu. Dal\u0161\u00ed v\u00fdhodou je, \u017ee vysava\u010d je vybaven syst\u00e9mem pro odstra\u0148ov\u00e1n\u00ed usazen\u00fdch materi\u00e1l\u016f, kter\u00fd zabra\u0148uje ucp\u00e1v\u00e1n\u00ed spot\u0159ebi\u010de.<\/p>\n\n<p>Dal\u0161\u00ed z\u00e1sadn\u00ed technick\u00e1 vlastnost: \u00fa\u010dinnost filtrace a\u017e do 3 mikron\u016f a kapesn\u00ed filtr, kter\u00fd zaji\u0161\u0165uje vysok\u00e9 zadr\u017een\u00ed prachu, zaru\u010duj\u00ed \u010distotu vzduchu, kter\u00fd vysava\u010d W2 vyfukuje.<\/p>\n\n<p>Vysava\u010d W2 pro mokr\u00e9 a such\u00e9 vys\u00e1v\u00e1n\u00ed se dod\u00e1v\u00e1 s <strong>p\u0159\u00edslu\u0161enstv\u00edm ur\u010den\u00fdm pro profesion\u00e1ly<\/strong> (flexibiln\u00ed sac\u00ed hadice, kart\u00e1\u010de, hubice, adapt\u00e9ry).<\/p>\n\n<blockquote class=\"wp-block-quote is-layout-flow wp-block-quote-is-layout-flow\">\n<p>Mo\u017enosti: Pr\u016fmyslov\u00fd vysava\u010d W2 existuje ve verzi pro <strong>z\u00f3nu ATEX 22<\/strong> pro bezpe\u010dn\u00e9 \u010di\u0161t\u011bn\u00ed prost\u0159ed\u00ed, kter\u00e1 generuj\u00ed v\u00fdbu\u0161n\u00fd prach. M\u016f\u017ee tak\u00e9 integrovat filtry Nomex (tepeln\u00e1 odolnost a\u017e do 250 \u00b0C), Hepa H14, t\u0159\u00eddy M PTFE, t\u0159\u00eddy L, M nebo M Teflon hydro-oleofobn\u00ed. V z\u00e1vislosti na va\u0161em odv\u011btv\u00ed v\u00e1m na\u0161e t\u00fdmy porad\u00ed s nejvhodn\u011bj\u0161\u00edm filtrem pro va\u0161e v\u00fdrobn\u00ed jednotky.<\/p>\n<\/blockquote>\n\n<h3 class=\"wp-block-heading has-text-align-center\">PR\u016eMYSLOV\u00c1 ODV\u011aTV\u00cd<\/h3>\n\n<div class=\"wp-block-columns is-layout-flex wp-container-core-columns-is-layout-28f84493 wp-block-columns-is-layout-flex\">\n<div class=\"wp-block-column is-layout-flow wp-block-column-is-layout-flow\">\n<hr class=\"wp-block-separator has-alpha-channel-opacity\"\/>\n\n\n\n<div class=\"wp-block-columns is-layout-flex wp-container-core-columns-is-layout-28f84493 wp-block-columns-is-layout-flex\">\n<div class=\"wp-block-column is-layout-flow wp-block-column-is-layout-flow\">\n<figure class=\"wp-block-image aligncenter size-thumbnail is-resized\"><img decoding=\"async\" width=\"150\" height=\"150\" src=\"https:\/\/obera.fr\/wp-content\/uploads\/2022\/02\/Textile-150x150.png\" alt=\"textil\" class=\"wp-image-8855\"\/><figcaption class=\"wp-element-caption\">Textil<\/figcaption><\/figure>\n\n\n\n<figure class=\"wp-block-image aligncenter size-thumbnail is-resized\"><img decoding=\"async\" width=\"150\" height=\"150\" src=\"https:\/\/obera.fr\/wp-content\/uploads\/2022\/02\/Plastique-150x150.png\" alt=\"plast\" class=\"wp-image-8854\"\/><figcaption class=\"wp-element-caption\">Plastov\u00e9<\/figcaption><\/figure>\n<\/div>\n\n\n\n<div class=\"wp-block-column is-layout-flow wp-block-column-is-layout-flow\">\n<figure class=\"wp-block-image aligncenter size-thumbnail is-resized\"><img decoding=\"async\" width=\"150\" height=\"150\" src=\"https:\/\/obera.fr\/wp-content\/uploads\/2022\/02\/MINERAIS-150x150.png\" alt=\"rudy\" class=\"wp-image-8847\"\/><figcaption class=\"wp-element-caption\">Miner\u00e1ly<\/figcaption><\/figure>\n\n\n\n<figure class=\"wp-block-image aligncenter size-thumbnail is-resized\"><img decoding=\"async\" width=\"150\" height=\"150\" src=\"https:\/\/obera.fr\/wp-content\/uploads\/2022\/02\/Metalurgie-150x150.png\" alt=\"metalurgie\" class=\"wp-image-8857\"\/><figcaption class=\"wp-element-caption\">Hutnictv\u00ed<\/figcaption><\/figure>\n\n\n\n<figure class=\"wp-block-image aligncenter size-thumbnail is-resized\"><img decoding=\"async\" width=\"150\" height=\"150\" src=\"https:\/\/obera.fr\/wp-content\/uploads\/2023\/02\/sans-titre-2023-02-14t102211.641-150x150.png\" alt=\"Zem&#x11B;d&#x11B;lstv&#xED;\" class=\"wp-image-18828\"\/><figcaption class=\"wp-element-caption\">Zem\u011bd\u011blstv\u00ed<\/figcaption><\/figure>\n<\/div>\n<\/div>\n<\/div>\n\n\n\n<div class=\"wp-block-column is-layout-flow wp-block-column-is-layout-flow\">\n<hr class=\"wp-block-separator has-alpha-channel-opacity\"\/>\n\n\n\n<div class=\"wp-block-columns is-layout-flex wp-container-core-columns-is-layout-28f84493 wp-block-columns-is-layout-flex\">\n<div class=\"wp-block-column is-layout-flow wp-block-column-is-layout-flow\">\n<figure class=\"wp-block-image aligncenter size-thumbnail is-resized\"><img decoding=\"async\" width=\"150\" height=\"150\" src=\"https:\/\/obera.fr\/wp-content\/uploads\/2022\/02\/Chimie-150x150.png\" alt=\"chemie\" class=\"wp-image-8846\"\/><figcaption class=\"wp-element-caption\">Chemie<\/figcaption><\/figure>\n\n\n\n<figure class=\"wp-block-image aligncenter size-thumbnail is-resized\"><img decoding=\"async\" width=\"150\" height=\"150\" src=\"https:\/\/obera.fr\/wp-content\/uploads\/2022\/02\/Travail-du-bois-150x150.png\" alt=\"obr&#xE1;b&#x11B;n&#xED; d&#x159;eva\" class=\"wp-image-8856\"\/><figcaption class=\"wp-element-caption\">Obr\u00e1b\u011bn\u00ed d\u0159eva<\/figcaption><\/figure>\n\n\n\n<figure class=\"wp-block-image aligncenter size-thumbnail is-resized\"><img decoding=\"async\" width=\"150\" height=\"150\" src=\"https:\/\/obera.fr\/wp-content\/uploads\/2023\/02\/sans-titre-2023-02-14t101920.185-150x150.png\" alt=\"Letectv&#xED;\" class=\"wp-image-18831\"\/><figcaption class=\"wp-element-caption\">Letectv\u00ed<\/figcaption><\/figure>\n<\/div>\n\n\n\n<div class=\"wp-block-column is-layout-flow wp-block-column-is-layout-flow\">\n<figure class=\"wp-block-image aligncenter size-thumbnail is-resized\"><img decoding=\"async\" width=\"150\" height=\"150\" src=\"https:\/\/obera.fr\/wp-content\/uploads\/2022\/02\/AGROALIMENTAIRE-150x150.png\" alt=\"zem&#x11B;d&#x11B;lsko-potravin&#xE1;&#x159;sk&#xFD;\" class=\"wp-image-8844\"\/><figcaption class=\"wp-element-caption\">Potravin\u00e1\u0159sk\u00fd pr\u016fmysl<\/figcaption><\/figure>\n\n\n\n<figure class=\"wp-block-image aligncenter size-thumbnail is-resized\"><img decoding=\"async\" width=\"150\" height=\"150\" src=\"https:\/\/obera.fr\/wp-content\/uploads\/2022\/02\/Papier-carton-150x150.png\" alt=\"pap&#xED;r a lepenka\" class=\"wp-image-8853\"\/><figcaption class=\"wp-element-caption\">Pap\u00edr\/karton<\/figcaption><\/figure>\n\n\n\n<figure class=\"wp-block-image aligncenter size-thumbnail is-resized\"><img decoding=\"async\" width=\"150\" height=\"150\" src=\"https:\/\/obera.fr\/wp-content\/uploads\/2023\/02\/sans-titre-2023-02-14t101712.416-150x150.png\" alt=\"Automobilov&#xFD; pr&#x16F;mysl\" class=\"wp-image-18834\"\/><figcaption class=\"wp-element-caption\">Automobilov\u00fd pr\u016fmysl<\/figcaption><\/figure>\n<\/div>\n<\/div>\n<\/div>\n<\/div>\n\n<figure class=\"wp-block-table\"><table class=\"has-fixed-layout\"><tbody><tr><td>Nap\u011bt\u00ed<\/td><td>V-HZ<\/td><td>230-50<\/td><\/tr><tr><td>Power<\/td><td>kW<\/td><td>2&#215;1.1<\/td><\/tr><tr><td>Maxim\u00e1ln\u00ed deprese<\/td><td>Pa<\/td><td>2 400 Pa<\/td><\/tr><tr><td>Maxim\u00e1ln\u00ed pr\u016ftok vzduchu<\/td><td>m3\/h<\/td><td>360<\/td><\/tr><tr><td>Pr\u016fm\u011br n\u00e1ustku<\/td><td>mm<\/td><td>50<\/td><\/tr><tr><td>Typ filtru<\/td><td><\/td><td>S kapsami s hv\u011bzdi\u010dkami<\/td><\/tr><tr><td>Povrch<\/td><td>cm2<\/td><td>20.000<\/td><\/tr><tr><td>Syst\u00e9m \u010di\u0161t\u011bn\u00ed<\/td><td><\/td><td>Manuel<\/td><\/tr><tr><td>Skliz\u0148ov\u00fd ko\u0161<\/td><td><\/td><td>Ocel<\/td><\/tr><tr><td>Odvod\u0148ovac\u00ed syst\u00e9m<\/td><td><\/td><td>Vyj\u00edmateln\u00fd ko\u0161<\/td><\/tr><tr><td>Kapacita<\/td><td>litr<\/td><td>40<\/td><\/tr><tr><td>Rozm\u011bry<\/td><td>cm<\/td><td>55x63x115<\/td><\/tr><\/tbody><\/table><\/figure>\n\n<div class=\"wp-block-buttons is-content-justification-center is-layout-flex wp-container-core-buttons-is-layout-a89b3969 wp-block-buttons-is-layout-flex\">\n<div class=\"wp-block-button\"><a class=\"wp-block-button__link wp-element-button\" href=\"https:\/\/obera.fr\/wp-content\/uploads\/2024\/04\/obera_brochure-w2-fr.pdf\">ST\u00c1HNOUT PRODUKTOV\u00dd LIST<\/a><\/div>\n<\/div>\n\n<h2 class=\"wp-block-heading\">V\u00fdkonn\u00fd a v\u0161estrann\u00fd: v\u0161echny v\u00fdhody vysava\u010de W2<\/h2>\n\n<p>Model W2 kombinuje snadn\u00e9 pou\u017eit\u00ed kompaktn\u00edho stroje s v\u00fdkonem pr\u016fmyslov\u00e9ho vysava\u010de. Krom\u011b vysok\u00e9 mobility a sac\u00edho v\u00fdkonu minimalizuje jeho protihlukov\u00fd povlak hluk p\u0159i pou\u017e\u00edv\u00e1n\u00ed, aby neru\u0161il obsluhu ani ostatn\u00ed zam\u011bstnance v d\u00edln\u011b. Snadn\u00e9 pou\u017e\u00edv\u00e1n\u00ed usnad\u0148uje tak\u00e9 v\u00fdvod sm\u011b\u0159uj\u00edc\u00ed dol\u016f, kter\u00fd zabra\u0148uje rozv\u00ed\u0159en\u00ed prachu na povrchu a p\u0159ek\u00e1\u017een\u00ed obsluze.<\/p>\n\n<p>Vysava\u010d nevy\u017eaduje \u017e\u00e1dnou \u00fadr\u017ebu a je vybaven vertik\u00e1ln\u00edm oklepem filtru, kter\u00fd zabra\u0148uje nasycen\u00ed a p\u0159edev\u0161\u00edm usnad\u0148uje ru\u010dn\u00ed \u010di\u0161t\u011bn\u00ed.<\/p>\n\n<p>V neposledn\u00ed \u0159ad\u011b je jeho hlavn\u00ed v\u00fdhodou v\u0161estrannost, proto\u017ee d\u00edky s\u00e1n\u00ed pevn\u00fdch i tekut\u00fdch materi\u00e1l\u016f jej lze pou\u017e\u00edt k mnoha \u00fa\u010del\u016fm: k \u010di\u0161t\u011bn\u00ed podlah, st\u011bn, staveni\u0161\u0165, d\u00edlen, stroj\u016f, gastronomick\u00fdch za\u0159\u00edzen\u00ed atd.<\/p>\n\n<div class=\"wp-block-columns is-layout-flex wp-container-core-columns-is-layout-28f84493 wp-block-columns-is-layout-flex\">\n<div class=\"wp-block-column is-layout-flow wp-block-column-is-layout-flow\" style=\"flex-basis:33.34%\">\n<h3 class=\"wp-block-heading\">V\u00fdhody :<\/h3>\n\n\n\n<ul class=\"wp-block-list\">\n<li>Vysok\u00fd filtra\u010dn\u00ed syst\u00e9m pro sou\u010dasn\u00e9 ods\u00e1v\u00e1n\u00ed pevn\u00e9ho a kapaln\u00e9ho prachu;<\/li>\n\n\n\n<li>Velmi kompaktn\u00ed a mobiln\u00ed;<\/li>\n\n\n\n<li>Velmi tich\u00e9 pou\u017e\u00edv\u00e1n\u00ed.  <\/li>\n<\/ul>\n<\/div>\n\n\n\n<div class=\"wp-block-column is-layout-flow wp-block-column-is-layout-flow\" style=\"flex-basis:33.34%\">\n<h3 class=\"wp-block-heading\">Speci\u00e1ln\u00ed funkce:<\/h3>\n\n\n\n<ul class=\"wp-block-list\">\n<li>Dva jednof\u00e1zov\u00e9 motory s nez\u00e1visl\u00fdmi sp\u00edna\u010di;<\/li>\n\n\n\n<li>Voliteln\u011b: Hepa filtr H14, t\u0159\u00edda M, L, M vod\u011bodoln\u00fd teflon, M PTFE, nomexov\u00fd filtr;<\/li>\n\n\n\n<li>K dispozici je verze ATEX z\u00f3na 22.<\/li>\n<\/ul>\n<\/div>\n\n\n\n<div class=\"wp-block-column is-layout-flow wp-block-column-is-layout-flow\" style=\"flex-basis:33.33%\">\n<h3 class=\"wp-block-heading\">Vlastnosti :<\/h3>\n\n\n\n<ul class=\"wp-block-list\">\n<li>Kontrolka ucpan\u00e9ho filtru ;<\/li>\n\n\n\n<li>Ochrana sac\u00ed jednotky s hv\u011bzdicov\u00fdm filtrem (polyester).<\/li>\n<\/ul>\n<\/div>\n<\/div>\n\n<h2 class=\"wp-block-heading\">Chcete vyzkou\u0161et pr\u016fmyslov\u00fd vysava\u010d W2 na sv\u00e9m pracovi\u0161ti?<\/h2>\n\n<p>Vyzkou\u0161ejte \u0159e\u0161en\u00ed ve sv\u00fdch d\u00edln\u00e1ch! U v\u0161ech na\u0161ich \u0159e\u0161en\u00ed nab\u00edz\u00edme testovac\u00ed f\u00e1zi s mo\u017enost\u00ed n\u00e1kupu na pr\u016fm\u011brnou dobu 1 m\u011bs\u00edce. Na konci testu jej bu\u010f p\u0159ijmete, nebo v\u00e1m navrhneme \u0159e\u0161en\u00ed, kter\u00e9 bude l\u00e9pe vyhovovat va\u0161im pot\u0159eb\u00e1m.<\/p>\n\n<div class=\"wp-block-buttons is-content-justification-center is-layout-flex wp-container-core-buttons-is-layout-a89b3969 wp-block-buttons-is-layout-flex\">\n<div class=\"wp-block-button\"><a class=\"wp-block-button__link wp-element-button\" href=\"https:\/\/obera.fr\/cs\/contact\/\">TEST VYSAVA\u010cE W2<\/a><\/div>\n<\/div>\n\n<h2 class=\"wp-block-heading\">Dal\u0161\u00ed pr\u016fmyslov\u00e9 vysava\u010de z t\u00e9to \u0159ady<\/h2>\n\n<div class=\"wp-block-columns is-layout-flex wp-container-core-columns-is-layout-28f84493 wp-block-columns-is-layout-flex\">\n<div class=\"wp-block-column is-layout-flow wp-block-column-is-layout-flow\">\n<figure class=\"wp-block-image aligncenter size-full is-resized\"><a href=\"https:\/\/obera.fr\/cs\/produits\/aspirateurs-industriels\/w2-xr-atex-22\/\"><img decoding=\"async\" width=\"566\" height=\"671\" src=\"https:\/\/obera.fr\/wp-content\/uploads\/2024\/10\/w2-xr-2.png\" alt=\"Pr&#x16F;myslov&#xE9; vysava&#x10D;e\" class=\"wp-image-35431\" style=\"object-fit:cover;width:300px;height:300px\" srcset=\"https:\/\/obera.fr\/wp-content\/uploads\/2024\/10\/w2-xr-2.png 566w, https:\/\/obera.fr\/wp-content\/uploads\/2024\/10\/w2-xr-2-253x300.png 253w\" sizes=\"(max-width: 566px) 100vw, 566px\" \/><\/a><figcaption class=\"wp-element-caption\">W2 XR<\/figcaption><\/figure>\n<\/div>\n\n\n\n<div class=\"wp-block-column is-layout-flow wp-block-column-is-layout-flow\">\n<figure class=\"wp-block-image aligncenter size-full\"><a href=\"https:\/\/obera.fr\/cs\/produits\/aspirateurs-industriels\/ventilateurs-aspiration-gamme-eurosog-rg-100-800\/\"><img decoding=\"async\" width=\"600\" height=\"600\" src=\"https:\/\/obera.fr\/wp-content\/uploads\/2024\/04\/obera-ventilateur-aspiration-rg-300-400.jpg\" alt=\"obera sac&#xED; ventil&#xE1;tor rg 300 400\" class=\"wp-image-29437\" srcset=\"https:\/\/obera.fr\/wp-content\/uploads\/2024\/04\/obera-ventilateur-aspiration-rg-300-400.jpg 600w, https:\/\/obera.fr\/wp-content\/uploads\/2024\/04\/obera-ventilateur-aspiration-rg-300-400-300x300.jpg 300w, https:\/\/obera.fr\/wp-content\/uploads\/2024\/04\/obera-ventilateur-aspiration-rg-300-400-150x150.jpg 150w\" sizes=\"(max-width: 600px) 100vw, 600px\" \/><\/a><figcaption class=\"wp-element-caption\">RG 300\/400<\/figcaption><\/figure>\n<\/div>\n\n\n\n<div class=\"wp-block-column is-layout-flow wp-block-column-is-layout-flow\">\n<figure class=\"wp-block-image aligncenter size-full is-resized\"><a href=\"https:\/\/obera.fr\/cs\/produits\/aspirateurs-industriels\/w3-pour-nettoyage-general\/\"><img decoding=\"async\" width=\"658\" height=\"652\" src=\"https:\/\/obera.fr\/wp-content\/uploads\/2024\/10\/w3.png\" alt=\"w3\" class=\"wp-image-35427\" style=\"object-fit:cover;width:300px;height:300px\" srcset=\"https:\/\/obera.fr\/wp-content\/uploads\/2024\/10\/w3.png 658w, https:\/\/obera.fr\/wp-content\/uploads\/2024\/10\/w3-300x297.png 300w, https:\/\/obera.fr\/wp-content\/uploads\/2024\/10\/w3-150x150.png 150w, https:\/\/obera.fr\/wp-content\/uploads\/2024\/10\/w3-24x24.png 24w, https:\/\/obera.fr\/wp-content\/uploads\/2024\/10\/w3-48x48.png 48w, https:\/\/obera.fr\/wp-content\/uploads\/2024\/10\/w3-96x96.png 96w\" sizes=\"(max-width: 658px) 100vw, 658px\" \/><\/a><figcaption class=\"wp-element-caption\">W3<\/figcaption><\/figure>\n<\/div>\n<\/div>\n","protected":false},"excerpt":{"rendered":"<p>Kompaktn\u00ed a mobiln\u00edpr\u016fmyslov\u00fd vysava\u010d W2 je jedn\u00edm z nejefektivn\u011bj\u0161\u00edch za\u0159\u00edzen\u00ed na trhu, kter\u00e9 je zn\u00e1m\u00e9 svou robustnost\u00ed, vysokou filtra\u010dn\u00ed kapacitou a v\u00fdkonem. Mokr\u00e9 a such\u00e9 pr\u016fmyslov\u00e9 vysava\u010de W2: jak funguj\u00ed a kde se pou\u017e\u00edvaj\u00ed? Hlavn\u00ed v\u00fdhodou pr\u016fmyslov\u00e9ho vysava\u010de W2 pro mokr\u00e9 a such\u00e9 s\u00e1n\u00ed je jeho v\u0161estrannost. Jeho sac\u00ed v\u00fdkon umo\u017e\u0148uje sou\u010dasn\u011b zvedat a vys\u00e1vat pevn\u00e9 i kapaln\u00e9 l\u00e1tky. Obsahuje dva jednof\u00e1zov\u00e9 by-pass motory, chr\u00e1n\u011bn\u00e9 robustn\u00ed ocelovou hlavou motoru a opat\u0159en\u00e9 vnit\u0159n\u00ed zvukov\u011b izola\u010dn\u00ed vrstvou. Vysava\u010d je vybaven syst\u00e9mem odd\u011blov\u00e1n\u00ed vody\/prachu pro filtraci kapalin od such\u00fdch \u010d\u00e1stic. Ods\u00e1t\u00e9 prachov\u00e9 \u010d\u00e1stice jsou ukl\u00e1d\u00e1ny do ocelov\u00e9 n\u00e1doby, zat\u00edmco kapaliny jsou shroma\u017e\u010fov\u00e1ny v &#8230; <\/p>\n<p class=\"read-more-container\"><a title=\"Pr\u016fmyslov\u00fd vysava\u010d W2\" class=\"read-more button\" href=\"https:\/\/obera.fr\/cs\/produits\/aspirateurs-industriels\/w2-haute-filtration-polyvalence\/#more-65221\" aria-label=\"\u010c\u00edst v\u00edce o Pr\u016fmyslov\u00fd vysava\u010d W2\">Lire la suite<\/a><\/p>\n","protected":false},"author":4,"featured_media":83734,"parent":48505,"menu_order":0,"comment_status":"closed","ping_status":"closed","template":"","meta":{"_acf_changed":false,"_seopress_robots_primary_cat":"","_seopress_titles_title":"Pr\u016fmyslov\u00fd vysava\u010d W2: vysok\u00e1 filtrace a v\u0161estrannost","_seopress_titles_desc":"Vyberte si \u0159adu W2 s vysoce filtra\u010dn\u00edm syst\u00e9mem pro sou\u010dasn\u00e9 ods\u00e1v\u00e1n\u00ed pevn\u00e9ho a kapaln\u00e9ho prachu.","_seopress_robots_index":"","footnotes":""},"class_list":{"0":"post-65221","1":"page","2":"type-page","3":"status-publish","4":"has-post-thumbnail","6":"no-featured-image-padding","7":"resize-featured-image"},"acf":[],"_links":{"self":[{"href":"https:\/\/obera.fr\/cs\/wp-json\/wp\/v2\/pages\/65221","targetHints":{"allow":["GET"]}}],"collection":[{"href":"https:\/\/obera.fr\/cs\/wp-json\/wp\/v2\/pages"}],"about":[{"href":"https:\/\/obera.fr\/cs\/wp-json\/wp\/v2\/types\/page"}],"author":[{"embeddable":true,"href":"https:\/\/obera.fr\/cs\/wp-json\/wp\/v2\/users\/4"}],"replies":[{"embeddable":true,"href":"https:\/\/obera.fr\/cs\/wp-json\/wp\/v2\/comments?post=65221"}],"version-history":[{"count":9,"href":"https:\/\/obera.fr\/cs\/wp-json\/wp\/v2\/pages\/65221\/revisions"}],"predecessor-version":[{"id":132928,"href":"https:\/\/obera.fr\/cs\/wp-json\/wp\/v2\/pages\/65221\/revisions\/132928"}],"up":[{"embeddable":true,"href":"https:\/\/obera.fr\/cs\/wp-json\/wp\/v2\/pages\/48505"}],"wp:featuredmedia":[{"embeddable":true,"href":"https:\/\/obera.fr\/cs\/wp-json\/wp\/v2\/media\/83734"}],"wp:attachment":[{"href":"https:\/\/obera.fr\/cs\/wp-json\/wp\/v2\/media?parent=65221"}],"curies":[{"name":"wp","href":"https:\/\/api.w.org\/{rel}","templated":true}]}}