{"id":65322,"date":"2020-08-26T13:05:50","date_gmt":"2020-08-26T11:05:50","guid":{"rendered":"https:\/\/obera.fr\/produits\/filtry-olejove-mlhy\/oilmac\/"},"modified":"2025-06-03T12:50:46","modified_gmt":"2025-06-03T10:50:46","slug":"oilmac","status":"publish","type":"page","link":"https:\/\/obera.fr\/cs\/produits\/filtres-brouillard-huile\/oilmac\/","title":{"rendered":"Filtr olejov\u00e9 mlhy OILMAC"},"content":{"rendered":"\n<div class=\"wp-block-columns is-layout-flex wp-container-core-columns-is-layout-28f84493 wp-block-columns-is-layout-flex\">\n<div class=\"wp-block-column is-layout-flow wp-block-column-is-layout-flow\" style=\"flex-basis:33.33%\">\n<figure class=\"wp-block-image aligncenter size-large\"><img decoding=\"async\" width=\"1024\" height=\"768\" src=\"https:\/\/obera.fr\/wp-content\/uploads\/2020\/11\/OILMAC-series-1024x768.jpg\" alt=\"\u0158ada Oilmac\" class=\"wp-image-2031\" srcset=\"https:\/\/obera.fr\/wp-content\/uploads\/2020\/11\/OILMAC-series-1024x768.jpg 1024w, https:\/\/obera.fr\/wp-content\/uploads\/2020\/11\/OILMAC-series-300x225.jpg 300w, https:\/\/obera.fr\/wp-content\/uploads\/2020\/11\/OILMAC-series-768x576.jpg 768w, https:\/\/obera.fr\/wp-content\/uploads\/2020\/11\/OILMAC-series.jpg 1280w\" sizes=\"(max-width: 1024px) 100vw, 1024px\" \/><figcaption class=\"wp-element-caption\">\u0158ada OILMAC<\/figcaption><\/figure>\n<\/div>\n\n\n\n<div class=\"wp-block-column is-layout-flow wp-block-column-is-layout-flow\" style=\"flex-basis:66.66%\">\n<p><strong>OILMAC<\/strong> se obvykle instaluje p\u0159\u00edmo na v\u00fdrobn\u00ed stroj a p\u0159ipojuje se pomoc\u00ed pru\u017en\u00e9ho pl\u00e1\u0161t\u011b.<\/p>\n\n\n\n<p>Toto za\u0159\u00edzen\u00ed m\u00e1 <strong>4 filtra\u010dn\u00ed stupn\u011b, kter\u00e9<\/strong> \u010dist\u00ed vzduch napln\u011bn\u00fd olejovou mlhou a v\u00fdpary vznikaj\u00edc\u00edmi p\u0159i obr\u00e1b\u011bn\u00ed. Odfiltrovan\u00e9 \u010d\u00e1stice mohou b\u00fdt znovu zavedeny p\u0159\u00edmo do v\u00fdrobn\u00edho stroje. <\/p>\n\n\n\n<p>D\u00edky mimo\u0159\u00e1dn\u011b \u00fa\u010dinn\u00e9 filtraci s v\u00edce ne\u017e 99,95 % s koncov\u00fdm filtrem HEPA 13 lze vy\u010di\u0161t\u011bn\u00fd vzduch znovu p\u0159\u00edmo p\u0159iv\u00e1d\u011bt do pracovn\u00edho prostoru.<\/p>\n\n\n\n<hr class=\"wp-block-separator has-text-color has-black-color has-css-opacity has-black-background-color has-background is-style-dots\"\/>\n\n\n\n<div class=\"wp-block-columns is-layout-flex wp-container-core-columns-is-layout-28f84493 wp-block-columns-is-layout-flex\">\n<div class=\"wp-block-column is-layout-flow wp-block-column-is-layout-flow\" style=\"flex-basis:33.33%\">\n<div class=\"wp-block-buttons is-layout-flex wp-block-buttons-is-layout-flex\">\n<div class=\"wp-block-button\"><a class=\"wp-block-button__link wp-element-button\" href=\"https:\/\/obera.fr\/wp-content\/uploads\/2025\/06\/brochure-oilmac-en.pdf\">ST\u00c1HNOUT BRO\u017dURU<\/a><\/div>\n<\/div>\n<\/div>\n\n\n\n<div class=\"wp-block-column is-layout-flow wp-block-column-is-layout-flow\" style=\"flex-basis:33.34%\">\n<div class=\"wp-block-buttons is-horizontal is-content-justification-center is-layout-flex wp-container-core-buttons-is-layout-03627597 wp-block-buttons-is-layout-flex\">\n<div class=\"wp-block-button has-custom-width wp-block-button__width-100\"><a class=\"wp-block-button__link wp-element-button\" href=\"https:\/\/obera.fr\/cs\/kontaktujte-nas\/\">Zjist\u011bte v\u00edce<\/a><\/div>\n<\/div>\n<\/div>\n\n\n\n<div class=\"wp-block-column is-layout-flow wp-block-column-is-layout-flow\" style=\"flex-basis:33.34%\">\n<div class=\"wp-block-buttons is-content-justification-center is-layout-flex wp-container-core-buttons-is-layout-a89b3969 wp-block-buttons-is-layout-flex\">\n<div class=\"wp-block-button btn-devis-source\"><a class=\"wp-block-button__link wp-element-button\" href=\"https:\/\/obera.fr\/cs\/devis\/\">Po\u017e\u00e1dat o cenovou nab\u00eddku<\/a><\/div>\n<\/div>\n\n\n<script>\r\ndocument.addEventListener('DOMContentLoaded', function() {\r\n    \/\/ 1. On cherche le titre H1 de la page\r\n    var h1 = document.querySelector('h1');\r\n    var productTitle = h1 ? h1.innerText.trim() : \"\";\r\n\r\n    \/\/ 2. On cherche les boutons via la classe CSS .btn-devis-source\r\n    var buttons = document.querySelectorAll('.btn-devis-source a');\r\n\r\n    \/\/ 3. Si on a le titre et les boutons, on ajoute le param\u00e8tre\r\n    if (buttons.length > 0 && productTitle !== \"\") {\r\n        var encodedTitle = encodeURIComponent(productTitle);\r\n\r\n        buttons.forEach(function(btn) {\r\n            var currentHref = btn.getAttribute('href');\r\n            \r\n            \/\/ S\u00e9curit\u00e9 pour ne pas ajouter le param\u00e8tre 2 fois\r\n            if (currentHref.indexOf('sujet=') === -1) {\r\n                var separator = currentHref.indexOf('?') !== -1 ? '&' : '?';\r\n                var newLink = currentHref + separator + 'sujet=' + encodedTitle;\r\n                \r\n                btn.setAttribute('href', newLink);\r\n            }\r\n        });\r\n    }\r\n});\r\n<\/script><\/div>\n<\/div>\n\n\n\n<p><\/p>\n<\/div>\n<\/div>\n\n\n\n<figure class=\"wp-block-gallery has-nested-images columns-default is-cropped wp-block-gallery-1 is-layout-flex wp-block-gallery-is-layout-flex\">\n<figure class=\"wp-block-image size-large\"><img decoding=\"async\" width=\"1024\" height=\"768\" data-id=\"2030\" src=\"https:\/\/obera.fr\/wp-content\/uploads\/2020\/11\/OILMAC-ouvert-4-1024x768.jpg\" alt=\"Oilmac Open 4\" class=\"wp-image-2030\" srcset=\"https:\/\/obera.fr\/wp-content\/uploads\/2020\/11\/OILMAC-ouvert-4-1024x768.jpg 1024w, https:\/\/obera.fr\/wp-content\/uploads\/2020\/11\/OILMAC-ouvert-4-300x225.jpg 300w, https:\/\/obera.fr\/wp-content\/uploads\/2020\/11\/OILMAC-ouvert-4-768x576.jpg 768w, https:\/\/obera.fr\/wp-content\/uploads\/2020\/11\/OILMAC-ouvert-4.jpg 1280w\" sizes=\"(max-width: 1024px) 100vw, 1024px\" \/><figcaption class=\"wp-element-caption\">OILMAC open<\/figcaption><\/figure>\n\n\n\n<figure class=\"wp-block-image size-large\"><img decoding=\"async\" width=\"1024\" height=\"768\" data-id=\"2029\" src=\"https:\/\/obera.fr\/wp-content\/uploads\/2020\/11\/OILMAC-ouvert-3-1024x768.jpg\" alt=\"Oilmac Open 3\" class=\"wp-image-2029\" srcset=\"https:\/\/obera.fr\/wp-content\/uploads\/2020\/11\/OILMAC-ouvert-3-1024x768.jpg 1024w, https:\/\/obera.fr\/wp-content\/uploads\/2020\/11\/OILMAC-ouvert-3-300x225.jpg 300w, https:\/\/obera.fr\/wp-content\/uploads\/2020\/11\/OILMAC-ouvert-3-768x576.jpg 768w, https:\/\/obera.fr\/wp-content\/uploads\/2020\/11\/OILMAC-ouvert-3.jpg 1280w\" sizes=\"(max-width: 1024px) 100vw, 1024px\" \/><figcaption class=\"wp-element-caption\">OILMAC open<\/figcaption><\/figure>\n\n\n\n<figure class=\"wp-block-image size-large\"><img decoding=\"async\" width=\"1024\" height=\"768\" data-id=\"2028\" src=\"https:\/\/obera.fr\/wp-content\/uploads\/2020\/11\/OILMAC-ouvert-2-1024x768.jpg\" alt=\"Oilmac Ouvert 2\" class=\"wp-image-2028\" srcset=\"https:\/\/obera.fr\/wp-content\/uploads\/2020\/11\/OILMAC-ouvert-2-1024x768.jpg 1024w, https:\/\/obera.fr\/wp-content\/uploads\/2020\/11\/OILMAC-ouvert-2-300x225.jpg 300w, https:\/\/obera.fr\/wp-content\/uploads\/2020\/11\/OILMAC-ouvert-2-768x576.jpg 768w, https:\/\/obera.fr\/wp-content\/uploads\/2020\/11\/OILMAC-ouvert-2.jpg 1280w\" sizes=\"(max-width: 1024px) 100vw, 1024px\" \/><figcaption class=\"wp-element-caption\">OILMAC open<\/figcaption><\/figure>\n<\/figure>\n\n\n\n<h2 class=\"wp-block-heading\">V\u00fdhody filtru pro olejov\u00e9 mlhy, emulze, v\u00fdpary a aerosoly<\/h2>\n\n\n\n<div class=\"wp-block-columns is-layout-flex wp-container-core-columns-is-layout-28f84493 wp-block-columns-is-layout-flex\">\n<div class=\"wp-block-column is-layout-flow wp-block-column-is-layout-flow\">\n<h3 class=\"wp-block-heading has-text-align-center\"><strong>V\u00fdhody<\/strong><\/h3>\n\n\n\n<ul class=\"wp-block-list\">\n<li>Snadn\u00e9 p\u0159ipojen\u00ed k v\u00fdrobn\u00edmu stroji<\/li>\n\n\n\n<li>K dispozici ve 4 \u00farovn\u00edch v\u00fdkonu od 420 do 3300 m3\/h<\/li>\n\n\n\n<li>Kompaktn\u00ed syst\u00e9m<\/li>\n\n\n\n<li>4 stupn\u011b filtrace pro \u00fa\u010dinnou \u00fapravu vzduchu<\/li>\n\n\n\n<li>V\u00fdm\u011bna a \u00fadr\u017eba filtru bez pou\u017eit\u00ed n\u00e1\u0159ad\u00ed<\/li>\n<\/ul>\n<\/div>\n\n\n\n<div class=\"wp-block-column is-layout-flow wp-block-column-is-layout-flow\">\n<h3 class=\"wp-block-heading has-text-align-center\"><strong>Speci\u00e1ln\u00ed funkce<\/strong><\/h3>\n\n\n\n<ul class=\"wp-block-list\">\n<li>Patentovan\u00fd syst\u00e9m v\u00fdm\u011bny filtru bez pou\u017eit\u00ed n\u00e1\u0159ad\u00ed<\/li>\n\n\n\n<li>Ru\u010dn\u00ed \u010di\u0161t\u011bn\u00ed spot\u0159ebi\u010de<\/li>\n\n\n\n<li>Mechanick\u00e1 filtrace<\/li>\n\n\n\n<li>Lze pou\u017e\u00edt i jako stacion\u00e1rn\u00ed filtra\u010dn\u00ed jednotku.<\/li>\n<\/ul>\n<\/div>\n\n\n\n<div class=\"wp-block-column is-layout-flow wp-block-column-is-layout-flow\">\n<h3 class=\"wp-block-heading has-text-align-center\"><strong>Funkce<\/strong><\/h3>\n\n\n\n<ul class=\"wp-block-list\">\n<li>Ods\u00e1v\u00e1n\u00ed olejov\u00fdch mlh a emulz\u00ed, v\u00fdpar\u016f a aerosol\u016f<\/li>\n\n\n\n<li>Instalace p\u0159\u00edmo na NC obr\u00e1b\u011bc\u00ed centrum<\/li>\n<\/ul>\n<\/div>\n<\/div>\n\n\n\n<h2 class=\"wp-block-heading\">Aplikace<\/h2>\n\n\n\n<div class=\"wp-block-columns is-layout-flex wp-container-core-columns-is-layout-28f84493 wp-block-columns-is-layout-flex\">\n<div class=\"wp-block-column is-layout-flow wp-block-column-is-layout-flow\">\n<h3 class=\"wp-block-heading has-text-align-center\">Zne\u010di\u0161\u0165uj\u00edc\u00ed l\u00e1tky<\/h3>\n\n\n\n<hr class=\"wp-block-separator has-css-opacity is-style-wide\"\/>\n\n\n\n<div class=\"wp-block-columns is-layout-flex wp-container-core-columns-is-layout-28f84493 wp-block-columns-is-layout-flex\">\n<div class=\"wp-block-column is-layout-flow wp-block-column-is-layout-flow\">\n<figure class=\"wp-block-image aligncenter size-large\"><img decoding=\"async\" width=\"70\" height=\"70\" src=\"https:\/\/obera.fr\/wp-content\/uploads\/2020\/08\/industrie-brouillard-huile.jpg\" alt=\"Pr\u016fmyslov\u00e1 mlha Oil\" class=\"wp-image-721\"\/><figcaption class=\"wp-element-caption\">Olejov\u00e1 mlha<\/figcaption><\/figure>\n<\/div>\n\n\n\n<div class=\"wp-block-column is-layout-flow wp-block-column-is-layout-flow\">\n<figure class=\"wp-block-image aligncenter size-large\"><img decoding=\"async\" width=\"70\" height=\"70\" src=\"https:\/\/obera.fr\/wp-content\/uploads\/2020\/08\/industrie-fumees.jpg\" alt=\"Pr\u016fmyslov\u00fd kou\u0159\" class=\"wp-image-722\"\/><figcaption class=\"wp-element-caption\">V\u00fdpary<\/figcaption><\/figure>\n\n\n\n<figure class=\"wp-block-image aligncenter size-large\"><img decoding=\"async\" width=\"70\" height=\"70\" src=\"https:\/\/obera.fr\/wp-content\/uploads\/2020\/09\/cov.png\" alt=\"Cov\" class=\"wp-image-959\"\/><figcaption class=\"wp-element-caption\">VOCS<\/figcaption><\/figure>\n<\/div>\n<\/div>\n<\/div>\n\n\n\n<div class=\"wp-block-column is-layout-flow wp-block-column-is-layout-flow\">\n<h3 class=\"wp-block-heading has-text-align-center\">Odv\u011btv\u00ed<\/h3>\n\n\n\n<hr class=\"wp-block-separator has-css-opacity is-style-wide\"\/>\n\n\n\n<div class=\"wp-block-columns is-layout-flex wp-container-core-columns-is-layout-28f84493 wp-block-columns-is-layout-flex\">\n<div class=\"wp-block-column is-layout-flow wp-block-column-is-layout-flow\">\n<figure class=\"wp-block-image aligncenter size-large\"><img decoding=\"async\" width=\"70\" height=\"70\" src=\"https:\/\/obera.fr\/wp-content\/uploads\/2020\/08\/industrie-metallurgie.jpg\" alt=\"Hutnick\u00fd pr\u016fmysl\" class=\"wp-image-673\"\/><figcaption class=\"wp-element-caption\">Hutnictv\u00ed<\/figcaption><\/figure>\n<\/div>\n\n\n\n<div class=\"wp-block-column is-layout-flow wp-block-column-is-layout-flow\"><\/div>\n<\/div>\n<\/div>\n<\/div>\n\n\n\n<div class=\"wp-block-buttons is-horizontal is-content-justification-center is-layout-flex wp-container-core-buttons-is-layout-03627597 wp-block-buttons-is-layout-flex\">\n<div class=\"wp-block-button has-custom-width wp-block-button__width-100\"><a class=\"wp-block-button__link wp-element-button\" href=\"https:\/\/obera.fr\/cs\/kontaktujte-nas\/\">Zjist\u011bte v\u00edce<\/a><\/div>\n<\/div>\n\n\n\n<h2 class=\"wp-block-heading\">Technick\u00e9 specifikace<\/h2>\n\n\n\n<figure class=\"wp-block-table\"><table class=\"has-fixed-layout\"><thead><tr><th>Za\u0159\u00edzen\u00ed<\/th><th><\/th><th>OILMAC 400<\/th><th>OILMAC 800<\/th><th>OILMAC 1600<\/th><th>OILMAC 3000<\/th><\/tr><\/thead><tbody><tr><td>Pr\u016ftok<\/td><td>m3\/h<\/td><td>420<\/td><td>840<\/td><td>1 800<\/td><td>3 300<\/td><\/tr><tr><td>Pr\u016fm\u011br vstupn\u00edho otvoru<\/td><td>mm<\/td><td>150<\/td><td>200<\/td><td>250<\/td><td>300<\/td><\/tr><tr><td>Nap\u00e1jec\u00ed nap\u011bt\u00ed<\/td><td>V<\/td><td>230<\/td><td>400<\/td><td>400<\/td><td>400<\/td><\/tr><tr><td>Power<\/td><td>kW<\/td><td>0.24<\/td><td>0.55<\/td><td>1.1<\/td><td>2.2<\/td><\/tr><tr><td>Rozm\u011bry<\/td><td>l\/L\/h (mm)<\/td><td>640x650x510<\/td><td>1140x685x475<\/td><td>1270x685x805<\/td><td>1790x650x1265<\/td><\/tr><tr><td>Hmotnost<\/td><td>kg<\/td><td>50<\/td><td>80<\/td><td>130<\/td><td>220<\/td><\/tr><tr><td>Hladina hluku<\/td><td>dB(A)<\/td><td>66<\/td><td>69<\/td><td>71<\/td><td>74<\/td><\/tr><\/tbody><\/table><\/figure>\n\n\n\n<div class=\"wp-block-buttons is-content-justification-center is-layout-flex wp-container-core-buttons-is-layout-a89b3969 wp-block-buttons-is-layout-flex\">\n<div class=\"wp-block-button is-style-outline is-style-outline--2\"><a class=\"wp-block-button__link wp-element-button\" href=\"https:\/\/obera.fr\/wp-content\/uploads\/2024\/02\/brochure-oilmac.pdf\">St\u00e1hn\u011bte si produktov\u00fd list<\/a><\/div>\n<\/div>\n\n\n\n<hr class=\"wp-block-separator has-css-opacity is-style-dots\"\/>\n\n\n\n<h2 class=\"wp-block-heading\">Dal\u0161\u00ed filtry olejov\u00e9 mlhy od zna\u010dky OberA<\/h2>\n\n\n\n<div class=\"wp-block-columns is-layout-flex wp-container-core-columns-is-layout-28f84493 wp-block-columns-is-layout-flex\">\n<div class=\"wp-block-column is-layout-flow wp-block-column-is-layout-flow\">\n<figure class=\"wp-block-image aligncenter size-medium\"><a href=\"https:\/\/obera.fr\/produits\/filtres-brouillard-huile\/afs\/\"><img decoding=\"async\" width=\"300\" height=\"300\" src=\"https:\/\/obera.fr\/wp-content\/uploads\/2020\/08\/AFS-installation-centralisee-brouillards-huiles-300x300.png\" alt=\"Afs Installation Centralisee Brouillards Huiles\" class=\"wp-image-643\" srcset=\"https:\/\/obera.fr\/wp-content\/uploads\/2020\/08\/AFS-installation-centralisee-brouillards-huiles-300x300.png 300w, https:\/\/obera.fr\/wp-content\/uploads\/2020\/08\/AFS-installation-centralisee-brouillards-huiles-150x150.png 150w, https:\/\/obera.fr\/wp-content\/uploads\/2020\/08\/AFS-installation-centralisee-brouillards-huiles.png 433w\" sizes=\"(max-width: 300px) 100vw, 300px\" \/><\/a><figcaption class=\"wp-element-caption\">AFS<\/figcaption><\/figure>\n<\/div>\n\n\n\n<div class=\"wp-block-column is-layout-flow wp-block-column-is-layout-flow\"><\/div>\n<\/div>\n\n\n\n<p><\/p>\n","protected":false},"excerpt":{"rendered":"<p>OILMAC se obvykle instaluje p\u0159\u00edmo na v\u00fdrobn\u00ed stroj a p\u0159ipojuje se pomoc\u00ed pru\u017en\u00e9ho pl\u00e1\u0161t\u011b. Toto za\u0159\u00edzen\u00ed m\u00e1 4 filtra\u010dn\u00ed stupn\u011b, kter\u00e9 \u010dist\u00ed vzduch napln\u011bn\u00fd olejovou mlhou a v\u00fdpary vznikaj\u00edc\u00edmi p\u0159i obr\u00e1b\u011bn\u00ed. Odfiltrovan\u00e9 \u010d\u00e1stice mohou b\u00fdt znovu zavedeny p\u0159\u00edmo do v\u00fdrobn\u00edho stroje. D\u00edky mimo\u0159\u00e1dn\u011b \u00fa\u010dinn\u00e9 filtraci s v\u00edce ne\u017e 99,95 % s koncov\u00fdm filtrem HEPA 13 lze vy\u010di\u0161t\u011bn\u00fd vzduch znovu p\u0159\u00edmo p\u0159iv\u00e1d\u011bt do pracovn\u00edho prostoru. V\u00fdhody filtru pro olejov\u00e9 mlhy, emulze, v\u00fdpary a aerosoly V\u00fdhody Speci\u00e1ln\u00ed funkce Funkce Aplikace Zne\u010di\u0161\u0165uj\u00edc\u00ed l\u00e1tky Odv\u011btv\u00ed Technick\u00e9 specifikace Za\u0159\u00edzen\u00ed OILMAC 400 OILMAC 800 OILMAC 1600 OILMAC 3000 Pr\u016ftok m3\/h 420 840 1 800 3 300 &#8230; <\/p>\n<p class=\"read-more-container\"><a title=\"Filtr olejov\u00e9 mlhy OILMAC\" class=\"read-more button\" href=\"https:\/\/obera.fr\/cs\/produits\/filtres-brouillard-huile\/oilmac\/#more-65322\" aria-label=\"\u010c\u00edst v\u00edce o Filtr olejov\u00e9 mlhy OILMAC\">Lire la suite<\/a><\/p>\n","protected":false},"author":4,"featured_media":83734,"parent":48617,"menu_order":0,"comment_status":"closed","ping_status":"closed","template":"","meta":{"_acf_changed":false,"_seopress_robots_primary_cat":"","_seopress_titles_title":"Filtr olejov\u00e9 mlhy OILMAC pro kou\u0159 a aerosoly","_seopress_titles_desc":"OILMAC m\u00e1 4 stupn\u011b filtrace, kter\u00e9 \u010dist\u00ed vzduch napln\u011bn\u00fd olejovou mlhou a v\u00fdpary vznikaj\u00edc\u00edmi p\u0159i obr\u00e1b\u011bn\u00ed.","_seopress_robots_index":"","footnotes":""},"class_list":{"0":"post-65322","1":"page","2":"type-page","3":"status-publish","4":"has-post-thumbnail","6":"no-featured-image-padding","7":"resize-featured-image"},"acf":[],"_links":{"self":[{"href":"https:\/\/obera.fr\/cs\/wp-json\/wp\/v2\/pages\/65322","targetHints":{"allow":["GET"]}}],"collection":[{"href":"https:\/\/obera.fr\/cs\/wp-json\/wp\/v2\/pages"}],"about":[{"href":"https:\/\/obera.fr\/cs\/wp-json\/wp\/v2\/types\/page"}],"author":[{"embeddable":true,"href":"https:\/\/obera.fr\/cs\/wp-json\/wp\/v2\/users\/4"}],"replies":[{"embeddable":true,"href":"https:\/\/obera.fr\/cs\/wp-json\/wp\/v2\/comments?post=65322"}],"version-history":[{"count":4,"href":"https:\/\/obera.fr\/cs\/wp-json\/wp\/v2\/pages\/65322\/revisions"}],"predecessor-version":[{"id":107770,"href":"https:\/\/obera.fr\/cs\/wp-json\/wp\/v2\/pages\/65322\/revisions\/107770"}],"up":[{"embeddable":true,"href":"https:\/\/obera.fr\/cs\/wp-json\/wp\/v2\/pages\/48617"}],"wp:featuredmedia":[{"embeddable":true,"href":"https:\/\/obera.fr\/cs\/wp-json\/wp\/v2\/media\/83734"}],"wp:attachment":[{"href":"https:\/\/obera.fr\/cs\/wp-json\/wp\/v2\/media?parent=65322"}],"curies":[{"name":"wp","href":"https:\/\/api.w.org\/{rel}","templated":true}]}}