{"id":67319,"date":"2025-01-17T11:13:01","date_gmt":"2025-01-17T09:13:01","guid":{"rendered":"https:\/\/obera.fr\/produits\/depoussiereurs-industriels\/prachove-svetlo\/"},"modified":"2025-07-11T11:18:54","modified_gmt":"2025-07-11T09:18:54","slug":"prachove-svetlo","status":"publish","type":"page","link":"https:\/\/obera.fr\/cs\/produits\/depoussiereurs-industriels\/prachove-svetlo\/","title":{"rendered":"P\u0159evezm\u011bte kontrolu nad sv\u00fdm pracovn\u00edm prost\u0159ed\u00edm pomoc\u00ed syst\u00e9mu Dustlight"},"content":{"rendered":"\n<div class=\"wp-block-columns is-layout-flex wp-container-core-columns-is-layout-28f84493 wp-block-columns-is-layout-flex\">\n<div class=\"wp-block-column is-layout-flow wp-block-column-is-layout-flow\">\n<div class=\"wp-block-media-text has-media-on-the-right is-stacked-on-mobile\" style=\"grid-template-columns:auto 33%\"><div class=\"wp-block-media-text__content\">\n<p>Spole\u010dnost OberA s hrdost\u00ed p\u0159edstavuje <strong>Dustlight<\/strong>, inovativn\u00ed ru\u010dn\u00ed analyz\u00e1tor ur\u010den\u00fd k p\u0159esn\u00e9 detekci a anal\u00fdze jemn\u00e9ho prachu.  <\/p>\n\n\n\n<p>Tento kompaktn\u00ed, spolehliv\u00fd a snadno pou\u017eiteln\u00fd p\u0159\u00edstroj je ide\u00e1ln\u00edm n\u00e1strojem pro profesion\u00e1ly a pr\u016fmysln\u00edky, kte\u0159\u00ed cht\u011bj\u00ed sledovat kvalitu ovzdu\u0161\u00ed a identifikovat suspendovan\u00e9 \u010d\u00e1stice.<\/p>\n<\/div><figure class=\"wp-block-media-text__media\"><img decoding=\"async\" src=\"https:\/\/lh7-rt.googleusercontent.com\/docsz\/AD_4nXePsRD5Y4gAIBhHibguQOn0U6fgzh-p6iUVppCy2PUUWG4S_QIvoTfNJeagK6httptlC4XtT9kmxghV9258tIgq2J0QFwvU7BowEB_Xe_4_rgzVdEW0mM97dpA7WZj9dGkQUsTtMadi1obMqCXsxII?key=QO8r7RmlolM9MhCfcv5-73XE\" alt=\"Prevence rizik spojen\u00fdch s prachem | Travail-emploi.gouv.fr | Minist\u00e8re du Travail, de la Sant\u00e9, des Solidarit\u00e9s et des Familles\"\/><\/figure><\/div>\n\n\n\n<div style=\"height:41px\" aria-hidden=\"true\" class=\"wp-block-spacer\"><\/div>\n\n\n\n<div class=\"wp-block-buttons is-content-justification-center is-layout-flex wp-container-core-buttons-is-layout-a89b3969 wp-block-buttons-is-layout-flex\">\n<div class=\"wp-block-button\"><a class=\"wp-block-button__link has-text-align-center wp-element-button\" href=\"https:\/\/obera.fr\/formulaire-dustlight\/\">20DENN\u00cd TEST ZDARMA<\/a><\/div>\n<\/div>\n<\/div>\n<\/div>\n\n<p><\/p>\n\n<p><\/p>\n\n<h2 class=\"wp-block-heading\">Chra\u0148te se p\u0159ed neviditeln\u00fdm nebezpe\u010d\u00edm respirabiln\u00edho prachu na pracovi\u0161ti<\/h2>\n\n<figure class=\"wp-block-image aligncenter is-resized\"><img decoding=\"async\" src=\"https:\/\/lh7-rt.googleusercontent.com\/docsz\/AD_4nXcOS0Hfg67TC29tD0YKTlwhEbY82uCB9DoKqHN4byLMiiWnWb6_cUR2kTh4CxjF9WQI7qzrJx1chS1E8L9qU3zGeBgcCaStWF9a7mYnCr73_ylzp9tDc1LItbkRpO8_Eg6aBoXNFQRLSfcDQnw1RmM?key=QO8r7RmlolM9MhCfcv5-73XE\" alt=\"Obr&#xE1;zek obsahuj&#xED;c&#xED; text, Elektronick&#xE1; za&#x159;&#xED;zen&#xED;, Elektronick&#xE1; za&#x159;&#xED;zen&#xED;, Sn&#xED;mek obrazovky&#10;&#10;Automaticky generovan&#xFD; popis\" style=\"width:617px;height:auto\"\/><figcaption class=\"wp-element-caption\"><strong>P\u0159enosn\u00fd analyz\u00e1tor jemn\u00e9ho prachu<\/strong><\/figcaption><\/figure>\n\n<p>K p\u0159esn\u00e9mu m\u011b\u0159en\u00ed koncentrace prachu pou\u017eijte m\u011b\u0159ic\u00ed p\u0159\u00edstroj Dustlight.  <\/p>\n\n<p>v pr\u016fmyslov\u00e9m prost\u0159ed\u00ed a chr\u00e1nit zdrav\u00ed sv\u00e9 i sv\u00fdch zam\u011bstnanc\u016f.<\/p>\n\n<p><\/p>\n\n<p>Vdechovateln\u00fd jemn\u00fd prach m\u016f\u017ee zp\u016fsobit v\u00e1\u017en\u00e9 zdravotn\u00ed probl\u00e9my, jako jsou onemocn\u011bn\u00ed d\u00fdchac\u00edch cest, kardiovaskul\u00e1rn\u00ed probl\u00e9my a rakovina.<\/p>\n\n<p><\/p>\n\n<p>Pomoc\u00ed syst\u00e9mu <strong>Dustlight<\/strong> m\u016f\u017eete tato rizika \u00fa\u010dinn\u011b minimalizovat m\u011b\u0159en\u00edm expozice prachu a p\u0159ijet\u00edm vhodn\u00fdch ochrann\u00fdch opat\u0159en\u00ed.<\/p>\n\n<p><\/p>\n\n<p><strong>Dustlight<\/strong> m\u011b\u0159\u00ed expozici prachu ka\u017edou sekundu.  <\/p>\n\n<p>Hodnoty lze zobrazit v na\u0161\u00ed aplikaci pro chytr\u00e9 telefony a webov\u00e9 aplikaci a st\u00e1hnout si je jako zpr\u00e1vu.  <\/p>\n\n<p><\/p>\n\n<h2 class=\"wp-block-heading\">Vytvo\u0159te bezpe\u010dn\u00e9 pracovn\u00ed prost\u0159ed\u00ed a investujte do zdrav\u00ed sv\u00fdch zam\u011bstnanc\u016f pomoc\u00ed monitoru prachu Dustlight.<\/h2>\n\n<p><\/p>\n\n<p><strong>Sta\u010d\u00ed ji zapnout a pracovat v naprost\u00e9m bezpe\u010d\u00ed!<\/strong><\/p>\n\n<p><\/p>\n\n<ul class=\"wp-block-list\">\n<li><strong>Mapov\u00e1n\u00ed a sledov\u00e1n\u00ed koncentrac\u00ed prachu v re\u00e1ln\u00e9m \u010dase<\/strong>: <strong>PM10, PM2,5 a PM1 <\/strong>.  <\/li>\n\n\n\n<li><strong>Rychle upozornit na nutnost nosit ochranu d\u00fdchac\u00edch cest.<\/strong><\/li>\n\n\n\n<li><strong>Zviditeln\u011bn\u00ed rizika expozice nebezpe\u010dn\u00fdm prach\u016fm (CMR)<\/strong><\/li>\n\n\n\n<li><strong>Identifikace zdroj\u016f zne\u010di\u0161t\u011bn\u00ed a jejich zviditeln\u011bn\u00ed, aby bylo mo\u017en\u00e9 je \u00fa\u010dinn\u011bji \u0159e\u0161it.<\/strong><\/li>\n\n\n\n<li><strong>Ochrana pracovn\u00edk\u016f v tov\u00e1rn\u00e1ch a na staveni\u0161t\u00edch<\/strong><\/li>\n\n\n\n<li><strong>Identifikace respirabiln\u00edho prachu<\/strong><\/li>\n\n\n\n<li><strong>P\u0159edv\u00edd\u00e1n\u00ed regula\u010dn\u00edch opat\u0159en\u00ed<\/strong><\/li>\n\n\n\n<li><strong>Ov\u011b\u0159en\u00ed implementovan\u00e9ho \u0159e\u0161en\u00ed<\/strong><\/li>\n<\/ul>\n\n<div class=\"wp-block-media-text has-media-on-the-right is-stacked-on-mobile\" style=\"grid-template-columns:auto 20%\"><div class=\"wp-block-media-text__content\">\n<p class=\"has-text-align-center\"><strong>Inovativn\u00ed \u0159e\u0161en\u00ed  <\/strong><\/p>\n\n\n\n<p class=\"has-text-align-center\"><strong>Pom\u00e1h\u00e1 identifikovat kritick\u00e9 situace v re\u00e1ln\u00e9m \u010dase,<\/strong> <strong>pom\u00e1h\u00e1 chr\u00e1nit<\/strong> <strong>zdrav\u00ed pracovn\u00edk\u016f: PREVENCE <\/strong> <\/p>\n<\/div><figure class=\"wp-block-media-text__media\"><img decoding=\"async\" src=\"https:\/\/lh7-rt.googleusercontent.com\/docsz\/AD_4nXeMFP13jbj-PgQg3zsXKleNzM21nevJo4ZMdadvv0-GNt5HN84xZQB6mAnWebn-wFPR-rT_1JpVNez2htbLY9d4Ve75JkuKUHIqs0fLQs9OeMiTljWOFxzfyO-fptezwx-JAYi4g5NCkfxQYE6Rrw?key=QO8r7RmlolM9MhCfcv5-73XE\" alt=\"Click Fast - hrudn\u00ed p\u00e1s\"\/><\/figure><\/div>\n\n<h3 class=\"wp-block-heading\">Jednoduch\u00e9, spolehliv\u00e9 a robustn\u00ed<\/h3>\n\n<p>Okam\u017eit\u00e1 detekce: vysoce \u00fa\u010dinn\u00e9 a p\u0159esn\u00e9 m\u011b\u0159en\u00ed.<\/p>\n\n<p>Rychl\u00e9 vyhodnocen\u00ed pra\u0161nosti s barevn\u00fdm displejem a zvukovou v\u00fdstrahou.<\/p>\n\n<p>Syst\u00e9m semafor\u016f, kter\u00fd v\u00e1m rychle a jasn\u011b uk\u00e1\u017ee p\u0159ekro\u010den\u00ed limitn\u00edch hodnot, abyste mohli okam\u017eit\u011b jednat.<\/p>\n\n<h3 class=\"wp-block-heading\">Oblasti pou\u017eit\u00ed<\/h3>\n\n<ul class=\"wp-block-list\">\n<li>D\u0159evozpracuj\u00edc\u00ed pr\u016fmysl: speci\u00e1ln\u00ed algoritmus pro m\u011b\u0159en\u00ed prachu z tvrd\u00e9ho a m\u011bkk\u00e9ho d\u0159eva<\/li>\n\n\n\n<li>Sva\u0159ov\u00e1n\u00ed: monitorov\u00e1n\u00ed sv\u00e1\u0159e\u010dsk\u00fdch d\u00fdm\u016f a kovov\u00e9ho prachu.<\/li>\n\n\n\n<li>M\u011b\u0159en\u00ed vhodn\u00e9 pro l\u00e1tky, jako je oxid k\u0159emi\u010dit\u00fd a pr\u00e1\u0161ky.<\/li>\n\n\n\n<li>Potravin\u00e1\u0159sk\u00fd pr\u016fmysl<\/li>\n\n\n\n<li>Konfigurovateln\u00e9 pro konkr\u00e9tn\u00ed aplikace<\/li>\n<\/ul>\n\n<h3 class=\"wp-block-heading\">Technologie a inovace<\/h3>\n\n<ul class=\"wp-block-list\">\n<li>Laserov\u00fd fotometrick\u00fd senzor<\/li>\n\n\n\n<li>Rychl\u00e1 a p\u0159esn\u00e1 detekce \u010d\u00e1stic<\/li>\n\n\n\n<li>Ochrana sn\u00edma\u010de<\/li>\n\n\n\n<li>Filtrovan\u00e9 proud\u011bn\u00ed vzduchu a automatick\u00fd \u010distic\u00ed syst\u00e9m pro prodlou\u017een\u00ed \u017eivotnosti.<\/li>\n<\/ul>\n\n<h3 class=\"wp-block-heading\">Testov\u00e1no a schv\u00e1leno<\/h3>\n\n<p>Schv\u00e1leno \u00dastavem pro v\u00fdzkum nebezpe\u010dn\u00fdch l\u00e1tek (IGF)  <\/p>\n\n<p><\/p>\n\n<figure class=\"wp-block-image aligncenter is-resized\"><img decoding=\"async\" src=\"https:\/\/lh7-rt.googleusercontent.com\/docsz\/AD_4nXdpqfRaq3oGk9dAXgZ7x3rjs5SzASfAHYKydUkBgvmnTjZ5JgpSdlKbZKnVxPfWPOjTUifc5SLMAcyDv4ciV6yYT5AQcLkpX61KeDgoaoVP7TC-bwCWL_w0JA6woMYYZDAlgg7ewWyzWQmlIVx4LA?key=QO8r7RmlolM9MhCfcv5-73XE\" alt=\"Dustlight M&#x11B;&#x159;&#xED;c&#xED; p&#x159;&#xED;stroj respirabiln&#xED;ho prachu pro monitorov&#xE1;n&#xED; kvality ovzdu&#x161;&#xED; na pracovi&#x161;ti, robustn&#xED; a p&#x159;enosn&#xFD; pro pr&#x16F;myslov&#xE9; pou&#x17E;it&#xED;. Zelen&#xE1; LED indikuje expozici prachu pod prahovou hodnotou.\" style=\"width:458px;height:auto\"\/><\/figure>\n\n<h2 class=\"wp-block-heading\">Kl\u00ed\u010dov\u00e9 vlastnosti<\/h2>\n\n<h3 class=\"wp-block-heading\">P\u0159esn\u00e1 m\u011b\u0159en\u00ed<\/h3>\n\n<p>Monitorov\u00e1n\u00ed prachu PM10, PM2,5 a PM1 s rozli\u0161en\u00edm 1 \u00b5g\/m\u00b3.<\/p>\n\n<h3 class=\"wp-block-heading\">Vizu\u00e1ln\u00ed v\u00fdstra\u017en\u00fd syst\u00e9m  <\/h3>\n\n<ul class=\"wp-block-list\">\n<li>LED displej a sv\u011bteln\u00e1 signalizace (zelen\u00e1, \u017elut\u00e1, \u010derven\u00e1) na z\u00e1klad\u011b mezn\u00edch hodnot<\/li>\n\n\n\n<li>TRGS 900 (obdoba VLEP v N\u011bmecku)<\/li>\n\n\n\n<li>Zobrazen\u00ed aktu\u00e1ln\u00edho zat\u00ed\u017een\u00ed respirabiln\u00edm prachem<\/li>\n\n\n\n<li>V\u00fddr\u017e baterie a\u017e 40 hodin (\u00fasporn\u00fd re\u017eim) + stav nabit\u00ed<\/li>\n<\/ul>\n\n<h3 class=\"wp-block-heading\">Robustnost<\/h3>\n\n<ul class=\"wp-block-list\">\n<li>Pokro\u010dil\u00e9 za\u0159\u00edzen\u00ed na ochranu proti prachu  <\/li>\n\n\n\n<li>pro maxim\u00e1ln\u00ed \u017eivotnost (p\u0159edfiltry, filtrovan\u00fd vzduch, samo\u010di\u0161t\u011bn\u00ed).<\/li>\n\n\n\n<li>Patentovan\u00fd ochrann\u00fd syst\u00e9m pro trvale \u010dist\u00e9 senzory<\/li>\n\n\n\n<li>Prachot\u011bsn\u00e1 nab\u00edjec\u00ed z\u00e1suvka<\/li>\n<\/ul>\n\n<h3 class=\"wp-block-heading\">Modul\u00e1rn\u00ed mont\u00e1\u017e<\/h3>\n\n<ul class=\"wp-block-list\">\n<li>Patentovan\u00fd p\u0159izp\u016fsobiteln\u00fd syst\u00e9m Klick-Fast (klip, p\u00e1sek such\u00e9ho zipu, n\u00e1plast)<\/li>\n<\/ul>\n\n<h3 class=\"wp-block-heading\">Technick\u00e9 \u00fadaje<\/h3>\n\n<ul class=\"wp-block-list\">\n<li>Rozm\u011bry: 69 x 69 x 32,5 mm (bez klipu)<\/li>\n\n\n\n<li>Hmotnost: 149 g<\/li>\n\n\n\n<li>Baterie: Lithium-iontov\u00e1, a<\/li>\n\n\n\n<li>Stupe\u0148 kryt\u00ed: IP4X<\/li>\n\n\n\n<li>Provozn\u00ed teplota : -10 a\u017e +50 \u00b0C<\/li>\n\n\n\n<li>Rozsah m\u011b\u0159en\u00ed: 0 &#8211; 10 000 \u00b5g\/m\u00b3.<\/li>\n\n\n\n<li>P\u0159idru\u017een\u00e9 slu\u017eby<\/li>\n\n\n\n<li>Specifick\u00e9 konfigurace: P\u0159izp\u016fsoben\u00ed pro konkr\u00e9tn\u00ed prost\u0159ed\u00ed  <\/li>\n\n\n\n<li>(nap\u0159. d\u0159evo, sva\u0159ov\u00e1n\u00ed).<\/li>\n\n\n\n<li>\u00dadr\u017eba: Ro\u010dn\u00ed servis v\u010detn\u011b \u010di\u0161t\u011bn\u00ed, rekalibrace a aktualizace softwaru.<\/li>\n<\/ul>\n\n<h2 class=\"wp-block-heading\">Aplikace Dustlight je nyn\u00ed k dispozici prost\u0159ednictv\u00edm nov\u00e9 webov\u00e9 aplikace a aplikace pro chytr\u00e9 telefony.  <\/h2>\n\n<ul class=\"wp-block-list\">\n<li>Nejmodern\u011bj\u0161\u00ed m\u011b\u0159ic\u00ed technologie, kter\u00e1 zaznamen\u00e1v\u00e1 \u00farove\u0148 pra\u0161nosti s p\u0159esnost\u00ed na sekundy.  <\/li>\n\n\n\n<li>Integrovan\u00fd v\u00fdstra\u017en\u00fd syst\u00e9m, kter\u00fd pom\u00e1h\u00e1 dodr\u017eovat normy kvality ovzdu\u0161\u00ed<\/li>\n\n\n\n<li>Individu\u00e1ln\u00ed nastaven\u00ed limitn\u00edch hodnot v aplikaci a webov\u00e9 aplikaci<\/li>\n\n\n\n<li>Zvukov\u00e1 a barevn\u00e1 varov\u00e1n\u00ed, jakmile dojde k p\u0159ekro\u010den\u00ed v\u00e1mi nastaven\u00fdch mezn\u00edch hodnot, aby bylo mo\u017en\u00e9 v\u010das p\u0159ijmout rozhodnut\u00ed.<\/li>\n\n\n\n<li>Pokro\u010dil\u00e9 vykazov\u00e1n\u00ed a anal\u00fdza dat &#8211; p\u0159\u00edm\u00e9 stahov\u00e1n\u00ed zpr\u00e1v o hodnocen\u00ed rizik &#8211; d\u016fle\u017eit\u00e1 podpora pro vykazov\u00e1n\u00ed ESG.\n<ul class=\"wp-block-list\">\n<li>Form\u00e1t CSV nebo PDF<\/li>\n<\/ul>\n<\/li>\n<\/ul>\n\n<figure class=\"wp-block-image aligncenter is-resized\"><img decoding=\"async\" src=\"https:\/\/lh7-rt.googleusercontent.com\/docsz\/AD_4nXfpUeAu-RQ97rEMo0ogKOvI3id8fXZbwSMJwAgs-GtmaJ_Q5nyjpb40R12sTCs5kSWbL5tB4dLEl37jMKzpdX0-E-_fW3yQnN7Lb1c_7lYFSPlGmw0UjR5Ubi1ZHw8JTmPjIJIIkzYCGP9bS9qSE6Y?key=QO8r7RmlolM9MhCfcv5-73XE\" alt=\"Obr&#xE1;zek obsahuj&#xED;c&#xED; text, multim&#xE9;dia, elektronick&#xE1; za&#x159;&#xED;zen&#xED;, software&#10;&#10;Popis generovan&#xFD; automaticky.\" style=\"width:800px;height:auto\"\/><\/figure>\n\n<p class=\"has-text-align-center\"><strong>Objednejte si Dustlight je\u0161t\u011b dnes  <\/strong><\/p>\n\n<p class=\"has-text-align-center\"><strong>a zaru\u010dit bezpe\u010dn\u011bj\u0161\u00ed pracovn\u00ed prost\u0159ed\u00ed!<\/strong><\/p>\n\n<div class=\"wp-block-buttons is-content-justification-center is-layout-flex wp-container-core-buttons-is-layout-a89b3969 wp-block-buttons-is-layout-flex\">\n<div class=\"wp-block-button\"><a class=\"wp-block-button__link has-text-align-center wp-element-button\" href=\"https:\/\/obera.fr\/formulaire-dustlight\/\">20DENN\u00cd TEST ZDARMA<\/a><\/div>\n<\/div>\n","protected":false},"excerpt":{"rendered":"<p>Spole\u010dnost OberA s hrdost\u00ed p\u0159edstavuje Dustlight, inovativn\u00ed ru\u010dn\u00ed analyz\u00e1tor ur\u010den\u00fd k p\u0159esn\u00e9 detekci a anal\u00fdze jemn\u00e9ho prachu. Tento kompaktn\u00ed, spolehliv\u00fd a snadno pou\u017eiteln\u00fd p\u0159\u00edstroj je ide\u00e1ln\u00edm n\u00e1strojem pro profesion\u00e1ly a pr\u016fmysln\u00edky, kte\u0159\u00ed cht\u011bj\u00ed sledovat kvalitu ovzdu\u0161\u00ed a identifikovat suspendovan\u00e9 \u010d\u00e1stice. Chra\u0148te se p\u0159ed neviditeln\u00fdm nebezpe\u010d\u00edm respirabiln\u00edho prachu na pracovi\u0161ti K p\u0159esn\u00e9mu m\u011b\u0159en\u00ed koncentrace prachu pou\u017eijte m\u011b\u0159ic\u00ed p\u0159\u00edstroj Dustlight. v pr\u016fmyslov\u00e9m prost\u0159ed\u00ed a chr\u00e1nit zdrav\u00ed sv\u00e9 i sv\u00fdch zam\u011bstnanc\u016f. Vdechovateln\u00fd jemn\u00fd prach m\u016f\u017ee zp\u016fsobit v\u00e1\u017en\u00e9 zdravotn\u00ed probl\u00e9my, jako jsou onemocn\u011bn\u00ed d\u00fdchac\u00edch cest, kardiovaskul\u00e1rn\u00ed probl\u00e9my a rakovina. Pomoc\u00ed syst\u00e9mu Dustlight m\u016f\u017eete tato rizika \u00fa\u010dinn\u011b minimalizovat m\u011b\u0159en\u00edm expozice prachu a p\u0159ijet\u00edm vhodn\u00fdch ochrann\u00fdch &#8230; <\/p>\n<p class=\"read-more-container\"><a title=\"P\u0159evezm\u011bte kontrolu nad sv\u00fdm pracovn\u00edm prost\u0159ed\u00edm pomoc\u00ed syst\u00e9mu Dustlight\" class=\"read-more button\" href=\"https:\/\/obera.fr\/cs\/produits\/depoussiereurs-industriels\/prachove-svetlo\/#more-67319\" aria-label=\"\u010c\u00edst v\u00edce o P\u0159evezm\u011bte kontrolu nad sv\u00fdm pracovn\u00edm prost\u0159ed\u00edm pomoc\u00ed syst\u00e9mu Dustlight\">Lire la suite<\/a><\/p>\n","protected":false},"author":4,"featured_media":103613,"parent":45655,"menu_order":0,"comment_status":"closed","ping_status":"closed","template":"","meta":{"_acf_changed":false,"_seopress_robots_primary_cat":"","_seopress_titles_title":"P\u0159evezm\u011bte kontrolu nad sv\u00fdm pracovn\u00edm prost\u0159ed\u00edm pomoc\u00ed syst\u00e9mu Dustlight","_seopress_titles_desc":"Objevte Dustlight od spole\u010dnosti OberA, p\u0159esn\u00fd a kompaktn\u00ed ru\u010dn\u00ed analyz\u00e1tor pro detekci jemn\u00e9ho prachu. Ide\u00e1ln\u00ed pro sledov\u00e1n\u00ed kvality ovzdu\u0161\u00ed.","_seopress_robots_index":"","footnotes":""},"class_list":{"0":"post-67319","1":"page","2":"type-page","3":"status-publish","4":"has-post-thumbnail","6":"no-featured-image-padding","7":"resize-featured-image"},"acf":[],"_links":{"self":[{"href":"https:\/\/obera.fr\/cs\/wp-json\/wp\/v2\/pages\/67319","targetHints":{"allow":["GET"]}}],"collection":[{"href":"https:\/\/obera.fr\/cs\/wp-json\/wp\/v2\/pages"}],"about":[{"href":"https:\/\/obera.fr\/cs\/wp-json\/wp\/v2\/types\/page"}],"author":[{"embeddable":true,"href":"https:\/\/obera.fr\/cs\/wp-json\/wp\/v2\/users\/4"}],"replies":[{"embeddable":true,"href":"https:\/\/obera.fr\/cs\/wp-json\/wp\/v2\/comments?post=67319"}],"version-history":[{"count":2,"href":"https:\/\/obera.fr\/cs\/wp-json\/wp\/v2\/pages\/67319\/revisions"}],"predecessor-version":[{"id":121611,"href":"https:\/\/obera.fr\/cs\/wp-json\/wp\/v2\/pages\/67319\/revisions\/121611"}],"up":[{"embeddable":true,"href":"https:\/\/obera.fr\/cs\/wp-json\/wp\/v2\/pages\/45655"}],"wp:featuredmedia":[{"embeddable":true,"href":"https:\/\/obera.fr\/cs\/wp-json\/wp\/v2\/media\/103613"}],"wp:attachment":[{"href":"https:\/\/obera.fr\/cs\/wp-json\/wp\/v2\/media?parent=67319"}],"curies":[{"name":"wp","href":"https:\/\/api.w.org\/{rel}","templated":true}]}}