{"id":84333,"date":"2020-08-26T13:07:03","date_gmt":"2020-08-26T11:07:03","guid":{"rendered":"https:\/\/obera.fr\/produits\/tuyauteries-industrielles\/gaines-spiralees\/"},"modified":"2025-06-03T13:54:00","modified_gmt":"2025-06-03T11:54:00","slug":"gaines-spiralees","status":"publish","type":"page","link":"https:\/\/obera.fr\/cs\/produits\/tuyauteries-industrielles\/gaines-spiralees\/","title":{"rendered":"Spir\u00e1lov\u00e9 pl\u00e1\u0161t\u011b"},"content":{"rendered":"\n<div class=\"wp-block-columns is-layout-flex wp-container-core-columns-is-layout-28f84493 wp-block-columns-is-layout-flex\">\n<div class=\"wp-block-column is-layout-flow wp-block-column-is-layout-flow\" style=\"flex-basis:33.33%\">\n<figure class=\"wp-block-image aligncenter size-large\"><a href=\"https:\/\/obera.fr\/wp-content\/uploads\/2024\/02\/sr.webp\"><img decoding=\"async\" src=\"https:\/\/obera.fr\/wp-content\/uploads\/2024\/02\/sr.webp\" alt=\"Spir\u00e1lov\u00e9 pl\u00e1\u0161t\u011b\"\/><\/a><figcaption class=\"wp-element-caption\">Spir\u00e1lov\u00e9 potrub\u00ed<\/figcaption><\/figure>\n<\/div>\n\n\n\n<div class=\"wp-block-column is-layout-flow wp-block-column-is-layout-flow\" style=\"flex-basis:66.66%\">\n<p><a href=\"https:\/\/obera.fr\/cs\/produits\/tuyauteries-industrielles\/\" data-type=\"page\" data-id=\"380\">Potrubn\u00ed<\/a> syst\u00e9my zachycuj\u00ed emise prachu a d\u00fdmu u zdroje a odv\u00e1d\u011bj\u00ed je do odpra\u0161ovac\u00edch a filtra\u010dn\u00edch syst\u00e9m\u016f v souladu se z\u00e1kladn\u00edmi principy aerovize.<\/p>\n\n\n\n<p>Spole\u010dnost OberA nab\u00edz\u00ed \u0161irokou \u0161k\u00e1lu robustn\u00edch, vysoce kvalitn\u00edch <strong>spir\u00e1lov\u00fdch potrub\u00ed<\/strong>, kter\u00e1 se p\u0159esn\u011b a flexibiln\u011b p\u0159izp\u016fsob\u00ed va\u0161im specifick\u00fdm po\u017eadavk\u016fm na ods\u00e1v\u00e1n\u00ed.<\/p>\n\n\n\n<p>Pro dosa\u017een\u00ed maxim\u00e1ln\u00edho sac\u00edho v\u00fdkonu a optimalizaci n\u00e1klad\u016f na energii je nezbytn\u00e9 p\u0159esn\u011b dimenzovat potrubn\u00ed s\u00ed\u0165.<\/p>\n\n\n\n<div style=\"height:30px\" aria-hidden=\"true\" class=\"wp-block-spacer\"><\/div>\n\n\n\n<div class=\"wp-block-columns is-layout-flex wp-container-core-columns-is-layout-28f84493 wp-block-columns-is-layout-flex\">\n<div class=\"wp-block-column is-layout-flow wp-block-column-is-layout-flow\" style=\"flex-basis:33.34%\">\n<div class=\"wp-block-buttons is-horizontal is-content-justification-right is-layout-flex wp-container-core-buttons-is-layout-30af2ff6 wp-block-buttons-is-layout-flex\">\n<div class=\"wp-block-button\"><a class=\"wp-block-button__link wp-element-button\" href=\"https:\/\/obera.fr\/wp-content\/uploads\/2025\/06\/brochure-gaine-spiralee-en.pdf\">st\u00e1hnout produktov\u00fd list<\/a><\/div>\n<\/div>\n<\/div>\n\n\n\n<div class=\"wp-block-column is-layout-flow wp-block-column-is-layout-flow\" style=\"flex-basis:33.34%\">\n<div class=\"wp-block-buttons is-horizontal is-content-justification-center is-layout-flex wp-container-core-buttons-is-layout-03627597 wp-block-buttons-is-layout-flex\">\n<div class=\"wp-block-button has-custom-width wp-block-button__width-100\"><a class=\"wp-block-button__link wp-element-button\" href=\"https:\/\/obera.fr\/cs\/kontaktujte-nas\/\">Zjist\u011bte v\u00edce<\/a><\/div>\n<\/div>\n<\/div>\n\n\n\n<div class=\"wp-block-column is-layout-flow wp-block-column-is-layout-flow\" style=\"flex-basis:33.33%\">\n<div class=\"wp-block-buttons is-content-justification-center is-layout-flex wp-container-core-buttons-is-layout-a89b3969 wp-block-buttons-is-layout-flex\">\n<div class=\"wp-block-button btn-devis-source\"><a class=\"wp-block-button__link wp-element-button\" href=\"https:\/\/obera.fr\/cs\/devis\/\">Po\u017e\u00e1dat o cenovou nab\u00eddku<\/a><\/div>\n<\/div>\n\n\n<script>\r\ndocument.addEventListener('DOMContentLoaded', function() {\r\n    \/\/ 1. On cherche le titre H1 de la page\r\n    var h1 = document.querySelector('h1');\r\n    var productTitle = h1 ? h1.innerText.trim() : \"\";\r\n\r\n    \/\/ 2. On cherche les boutons via la classe CSS .btn-devis-source\r\n    var buttons = document.querySelectorAll('.btn-devis-source a');\r\n\r\n    \/\/ 3. Si on a le titre et les boutons, on ajoute le param\u00e8tre\r\n    if (buttons.length > 0 && productTitle !== \"\") {\r\n        var encodedTitle = encodeURIComponent(productTitle);\r\n\r\n        buttons.forEach(function(btn) {\r\n            var currentHref = btn.getAttribute('href');\r\n            \r\n            \/\/ S\u00e9curit\u00e9 pour ne pas ajouter le param\u00e8tre 2 fois\r\n            if (currentHref.indexOf('sujet=') === -1) {\r\n                var separator = currentHref.indexOf('?') !== -1 ? '&' : '?';\r\n                var newLink = currentHref + separator + 'sujet=' + encodedTitle;\r\n                \r\n                btn.setAttribute('href', newLink);\r\n            }\r\n        });\r\n    }\r\n});\r\n<\/script><\/div>\n<\/div>\n\n\n\n<p><\/p>\n<\/div>\n<\/div>\n\n\n\n<h2 class=\"wp-block-heading\">V\u00fdhody spir\u00e1lov\u00e9ho opl\u00e1\u0161t\u011bn\u00ed<\/h2>\n\n\n\n<div class=\"wp-block-columns is-layout-flex wp-container-core-columns-is-layout-28f84493 wp-block-columns-is-layout-flex\">\n<div class=\"wp-block-column is-layout-flow wp-block-column-is-layout-flow\">\n<h3 class=\"wp-block-heading has-text-align-center\"><strong>V\u00fdhody<\/strong><\/h3>\n\n\n\n<ul class=\"wp-block-list\">\n<li>\u0160irok\u00e1 \u0161k\u00e1la<\/li>\n\n\n\n<li>Optim\u00e1ln\u00ed pr\u016ftok<\/li>\n\n\n\n<li>Robustn\u00ed<\/li>\n\n\n\n<li>Snadn\u00e1 mont\u00e1\u017e<\/li>\n<\/ul>\n<\/div>\n\n\n\n<div class=\"wp-block-column is-layout-flow wp-block-column-is-layout-flow\">\n<h3 class=\"wp-block-heading has-text-align-center\"><strong>Speci\u00e1ln\u00ed funkce<\/strong><\/h3>\n\n\n\n<ul class=\"wp-block-list\">\n<li>Galvanicky pozinkovan\u00e1 ocel podle EN 12237<\/li>\n\n\n\n<li>Standardn\u00ed d\u00e9lky do 3,0 m<\/li>\n\n\n\n<li>Od d71 mm do d450 mm ze skladu<\/li>\n\n\n\n<li>Tlou\u0161\u0165ka od 4\/10 mm do 12\/10 mm v z\u00e1vislosti na pr\u016fm\u011bru<\/li>\n<\/ul>\n\n\n\n<div style=\"height:38px\" aria-hidden=\"true\" class=\"wp-block-spacer\"><\/div>\n<\/div>\n\n\n\n<div class=\"wp-block-column is-layout-flow wp-block-column-is-layout-flow\">\n<h3 class=\"wp-block-heading has-text-align-center\"><strong>Funkce<\/strong><\/h3>\n\n\n\n<ul class=\"wp-block-list\">\n<li>Potrubn\u00ed syst\u00e9m v oblasti st\u0159edn\u00edho tlaku<\/li>\n\n\n\n<li>Tlak nebo vakuum<\/li>\n<\/ul>\n<\/div>\n<\/div>\n\n\n\n<div class=\"wp-block-columns is-layout-flex wp-container-core-columns-is-layout-28f84493 wp-block-columns-is-layout-flex\">\n<div class=\"wp-block-column is-layout-flow wp-block-column-is-layout-flow\"><\/div>\n\n\n\n<div class=\"wp-block-column is-layout-flow wp-block-column-is-layout-flow\">\n<div class=\"wp-block-buttons is-content-justification-center is-layout-flex wp-container-core-buttons-is-layout-a89b3969 wp-block-buttons-is-layout-flex\">\n<div class=\"wp-block-button\"><a class=\"wp-block-button__link wp-element-button\" href=\"https:\/\/obera.fr\/contact\/\">VY\u017d\u00c1DAT SI CEN\u00cdK<\/a><\/div>\n<\/div>\n<\/div>\n\n\n\n<div class=\"wp-block-column is-layout-flow wp-block-column-is-layout-flow\"><\/div>\n<\/div>\n\n\n\n<h2 class=\"wp-block-heading\">Aplikace<\/h2>\n\n\n\n<div class=\"wp-block-columns is-layout-flex wp-container-core-columns-is-layout-28f84493 wp-block-columns-is-layout-flex\">\n<div class=\"wp-block-column is-layout-flow wp-block-column-is-layout-flow\">\n<h3 class=\"wp-block-heading has-text-align-center\">Zne\u010di\u0161\u0165uj\u00edc\u00ed l\u00e1tky<\/h3>\n\n\n\n<hr class=\"wp-block-separator has-css-opacity is-style-wide\"\/>\n\n\n\n<div class=\"wp-block-columns is-layout-flex wp-container-core-columns-is-layout-28f84493 wp-block-columns-is-layout-flex\">\n<div class=\"wp-block-column is-layout-flow wp-block-column-is-layout-flow\">\n<figure class=\"wp-block-image aligncenter size-large\"><img decoding=\"async\" width=\"70\" height=\"70\" src=\"https:\/\/obera.fr\/wp-content\/uploads\/2020\/08\/polluants-poussieres.jpg\" alt=\"Zne\u010di\u0161\u0165uj\u00edc\u00ed l\u00e1tky Prach\" class=\"wp-image-675\"\/><figcaption class=\"wp-element-caption\">V\u00fdpary<\/figcaption><\/figure>\n\n\n\n<figure class=\"wp-block-image aligncenter size-large\"><img decoding=\"async\" width=\"70\" height=\"70\" src=\"https:\/\/obera.fr\/wp-content\/uploads\/2020\/08\/industrie-odeur.jpg\" alt=\"Z\u00e1pach z pr\u016fmyslu\" class=\"wp-image-723\"\/><figcaption class=\"wp-element-caption\">Z\u00e1pachy<\/figcaption><\/figure>\n\n\n\n<figure class=\"wp-block-image aligncenter size-large\"><img decoding=\"async\" width=\"70\" height=\"70\" src=\"https:\/\/obera.fr\/wp-content\/uploads\/2020\/08\/industrie-brouillard-huile.jpg\" alt=\"Pr\u016fmyslov\u00e1 mlha Oil\" class=\"wp-image-721\"\/><figcaption class=\"wp-element-caption\">Olejov\u00e1 mlha<\/figcaption><\/figure>\n<\/div>\n\n\n\n<div class=\"wp-block-column is-layout-flow wp-block-column-is-layout-flow\">\n<figure class=\"wp-block-image aligncenter size-large\"><img decoding=\"async\" width=\"70\" height=\"70\" src=\"https:\/\/obera.fr\/wp-content\/uploads\/2020\/08\/industrie-fumees.jpg\" alt=\"Pr\u016fmyslov\u00fd kou\u0159\" class=\"wp-image-722\"\/><figcaption class=\"wp-element-caption\">V\u00fdpary<\/figcaption><\/figure>\n\n\n\n<figure class=\"wp-block-image aligncenter size-large\"><img decoding=\"async\" width=\"70\" height=\"70\" src=\"https:\/\/obera.fr\/wp-content\/uploads\/2020\/09\/cov.png\" alt=\"Cov\" class=\"wp-image-959\"\/><figcaption class=\"wp-element-caption\">VOCS<\/figcaption><\/figure>\n\n\n\n<figure class=\"wp-block-image aligncenter size-large\"><img decoding=\"async\" width=\"70\" height=\"70\" src=\"https:\/\/obera.fr\/wp-content\/uploads\/2020\/08\/polluants-copeaux-bois.jpg\" alt=\"Zne\u010di\u0161\u0165uj\u00edc\u00ed l\u00e1tky D\u0159evn\u00ed \u0161t\u011bpka\" class=\"wp-image-674\"\/><figcaption class=\"wp-element-caption\">Chipsy<\/figcaption><\/figure>\n<\/div>\n<\/div>\n<\/div>\n\n\n\n<div class=\"wp-block-column is-layout-flow wp-block-column-is-layout-flow\">\n<h3 class=\"wp-block-heading has-text-align-center\">Odv\u011btv\u00ed<\/h3>\n\n\n\n<hr class=\"wp-block-separator has-css-opacity is-style-wide\"\/>\n\n\n\n<div class=\"wp-block-columns is-layout-flex wp-container-core-columns-is-layout-28f84493 wp-block-columns-is-layout-flex\">\n<div class=\"wp-block-column is-layout-flow wp-block-column-is-layout-flow\">\n<figure class=\"wp-block-image aligncenter size-large\"><img decoding=\"async\" width=\"70\" height=\"70\" src=\"https:\/\/obera.fr\/wp-content\/uploads\/2020\/08\/industrie-metallurgie.jpg\" alt=\"Hutnick\u00fd pr\u016fmysl\" class=\"wp-image-673\"\/><figcaption class=\"wp-element-caption\">Hutnictv\u00ed<\/figcaption><\/figure>\n\n\n\n<figure class=\"wp-block-image aligncenter size-large\"><img decoding=\"async\" width=\"70\" height=\"70\" src=\"https:\/\/obera.fr\/wp-content\/uploads\/2020\/08\/industrie-chimie.jpg\" alt=\"Chemick\u00fd pr\u016fmysl\" class=\"wp-image-725\"\/><figcaption class=\"wp-element-caption\">Chemik\u00e1lie\/Petrochemik\u00e1lie<\/figcaption><\/figure>\n\n\n\n<figure class=\"wp-block-image aligncenter size-large\"><img decoding=\"async\" width=\"70\" height=\"70\" src=\"https:\/\/obera.fr\/wp-content\/uploads\/2020\/08\/industrie-minerai.jpg\" alt=\"Rudn\u00fd pr\u016fmysl\" class=\"wp-image-724\"\/><figcaption class=\"wp-element-caption\">Miner\u00e1ly<\/figcaption><\/figure>\n\n\n\n<figure class=\"wp-block-image aligncenter size-large\"><img decoding=\"async\" width=\"70\" height=\"70\" src=\"https:\/\/obera.fr\/wp-content\/uploads\/2020\/08\/industrie-papier-carton.jpg\" alt=\"Pap\u00edrensk\u00fd a karton\u00e1\u017en\u00ed pr\u016fmysl\" class=\"wp-image-670\"\/><figcaption class=\"wp-element-caption\">Pap\u00edr\/karton<\/figcaption><\/figure>\n<\/div>\n\n\n\n<div class=\"wp-block-column is-layout-flow wp-block-column-is-layout-flow\">\n<figure class=\"wp-block-image aligncenter size-large\"><img decoding=\"async\" width=\"70\" height=\"70\" src=\"https:\/\/obera.fr\/wp-content\/uploads\/2020\/08\/industrie-plastique.jpg\" alt=\"Plastik\u00e1\u0159sk\u00fd pr\u016fmysl\" class=\"wp-image-669\"\/><figcaption class=\"wp-element-caption\">Plasty<\/figcaption><\/figure>\n\n\n\n<figure class=\"wp-block-image aligncenter size-large\"><img decoding=\"async\" width=\"70\" height=\"70\" src=\"https:\/\/obera.fr\/wp-content\/uploads\/2020\/08\/industrie-bois.jpg\" alt=\"D\u0159evozpracuj\u00edc\u00ed pr\u016fmysl\" class=\"wp-image-672\"\/><figcaption class=\"wp-element-caption\">Obr\u00e1b\u011bn\u00ed d\u0159eva<\/figcaption><\/figure>\n\n\n\n<figure class=\"wp-block-image aligncenter size-large\"><img decoding=\"async\" width=\"70\" height=\"70\" src=\"https:\/\/obera.fr\/wp-content\/uploads\/2020\/08\/industrie-textile.jpg\" alt=\"Textiln\u00ed pr\u016fmysl\" class=\"wp-image-671\"\/><figcaption class=\"wp-element-caption\">Textil<\/figcaption><\/figure>\n\n\n\n<figure class=\"wp-block-image aligncenter size-large\"><img decoding=\"async\" width=\"70\" height=\"70\" src=\"https:\/\/obera.fr\/wp-content\/uploads\/2020\/08\/industrie-dechets.jpg\" alt=\"Odpady z pr\u016fmyslu\" class=\"wp-image-726\"\/><figcaption class=\"wp-element-caption\">Sb\u011br a t\u0159\u00edd\u011bn\u00ed odpadu<\/figcaption><\/figure>\n<\/div>\n<\/div>\n<\/div>\n<\/div>\n\n\n\n<h2 class=\"wp-block-heading\">Voliteln\u011b<\/h2>\n\n\n\n<div class=\"wp-block-columns is-layout-flex wp-container-core-columns-is-layout-28f84493 wp-block-columns-is-layout-flex\">\n<div class=\"wp-block-column is-layout-flow wp-block-column-is-layout-flow\">\n<figure class=\"wp-block-image aligncenter size-large\"><img decoding=\"async\" width=\"100\" height=\"100\" src=\"https:\/\/obera.fr\/wp-content\/uploads\/2020\/08\/logo-atex.jpg\" alt=\"Logo Atex\" class=\"wp-image-668\"\/><figcaption class=\"wp-element-caption\">ATEX<\/figcaption><\/figure>\n<\/div>\n\n\n\n<div class=\"wp-block-column is-layout-flow wp-block-column-is-layout-flow\">\n<figure class=\"wp-block-image aligncenter size-large\"><img decoding=\"async\" width=\"100\" height=\"100\" src=\"https:\/\/obera.fr\/wp-content\/uploads\/2020\/09\/lumiere-integree.jpg\" alt=\"Integrovan\u00e9 sv\u011btlo\" class=\"wp-image-973\"\/><figcaption class=\"wp-element-caption\">Integrovan\u00e9 sv\u011btlo<\/figcaption><\/figure>\n<\/div>\n\n\n\n<div class=\"wp-block-column is-layout-flow wp-block-column-is-layout-flow\"><\/div>\n\n\n\n<div class=\"wp-block-column is-layout-flow wp-block-column-is-layout-flow\"><\/div>\n<\/div>\n\n\n\n<div class=\"wp-block-buttons is-horizontal is-content-justification-center is-layout-flex wp-container-core-buttons-is-layout-03627597 wp-block-buttons-is-layout-flex\">\n<div class=\"wp-block-button has-custom-width wp-block-button__width-100\"><a class=\"wp-block-button__link wp-element-button\" href=\"https:\/\/obera.fr\/cs\/kontaktujte-nas\/\">Zjist\u011bte v\u00edce<\/a><\/div>\n<\/div>\n\n\n\n<hr class=\"wp-block-separator has-css-opacity is-style-dots\"\/>\n\n\n\n<h2 class=\"wp-block-heading\">Dal\u0161\u00ed produkty z \u0159ady pr\u016fmyslov\u00fdch potrub\u00ed<\/h2>\n\n\n\n<div class=\"wp-block-columns is-layout-flex wp-container-core-columns-is-layout-28f84493 wp-block-columns-is-layout-flex\">\n<div class=\"wp-block-column is-layout-flow wp-block-column-is-layout-flow\">\n<figure class=\"wp-block-image aligncenter size-thumbnail\"><a href=\"https:\/\/obera.fr\/produits\/tuyauteries-industrielles\/gaines-lisses-acier\/\"><img decoding=\"async\" width=\"150\" height=\"150\" src=\"https:\/\/obera.fr\/wp-content\/uploads\/2020\/11\/Gaines-lisses-150x150.jpg\" alt=\"Hladk\u00e9 pl\u00e1\u0161t\u011b\" class=\"wp-image-1735\" srcset=\"https:\/\/obera.fr\/wp-content\/uploads\/2020\/11\/Gaines-lisses-150x150.jpg 150w, https:\/\/obera.fr\/wp-content\/uploads\/2020\/11\/Gaines-lisses-300x300.jpg 300w, https:\/\/obera.fr\/wp-content\/uploads\/2020\/11\/Gaines-lisses.jpg 433w\" sizes=\"(max-width: 150px) 100vw, 150px\" \/><\/a><figcaption class=\"wp-element-caption\">Hladk\u00e9 pl\u00e1\u0161t\u011b<\/figcaption><\/figure>\n<\/div>\n\n\n\n<div class=\"wp-block-column is-layout-flow wp-block-column-is-layout-flow\">\n<figure class=\"wp-block-image aligncenter size-thumbnail\"><a href=\"https:\/\/obera.fr\/produits\/tuyauteries-industrielles\/basse-moyenne-haute-pression\/\"><img decoding=\"async\" width=\"150\" height=\"150\" src=\"https:\/\/obera.fr\/wp-content\/uploads\/2020\/11\/Tuyauterie-basse-moyenne-haute-pression-150x150.jpg\" alt=\"N\u00edzk\u00fd St\u0159edn\u00ed Vysokotlak\u00e9 potrub\u00ed\" class=\"wp-image-1734\"\/><\/a><figcaption class=\"wp-element-caption\">N\u00edzk\u00fd St\u0159edn\u00ed Vysokotlak\u00e9 potrub\u00ed<\/figcaption><\/figure>\n<\/div>\n<\/div>\n\n\n\n<p><\/p>\n","protected":false},"excerpt":{"rendered":"<p>Potrubn\u00ed syst\u00e9my zachycuj\u00ed emise prachu a d\u00fdmu u zdroje a odv\u00e1d\u011bj\u00ed je do odpra\u0161ovac\u00edch a filtra\u010dn\u00edch syst\u00e9m\u016f v souladu se z\u00e1kladn\u00edmi principy aerovize. Spole\u010dnost OberA nab\u00edz\u00ed \u0161irokou \u0161k\u00e1lu robustn\u00edch, vysoce kvalitn\u00edch spir\u00e1lov\u00fdch potrub\u00ed, kter\u00e1 se p\u0159esn\u011b a flexibiln\u011b p\u0159izp\u016fsob\u00ed va\u0161im specifick\u00fdm po\u017eadavk\u016fm na ods\u00e1v\u00e1n\u00ed. Pro dosa\u017een\u00ed maxim\u00e1ln\u00edho sac\u00edho v\u00fdkonu a optimalizaci n\u00e1klad\u016f na energii je nezbytn\u00e9 p\u0159esn\u011b dimenzovat potrubn\u00ed s\u00ed\u0165. V\u00fdhody spir\u00e1lov\u00e9ho opl\u00e1\u0161t\u011bn\u00ed V\u00fdhody Speci\u00e1ln\u00ed funkce Funkce Aplikace Zne\u010di\u0161\u0165uj\u00edc\u00ed l\u00e1tky Odv\u011btv\u00ed Voliteln\u011b Dal\u0161\u00ed produkty z \u0159ady pr\u016fmyslov\u00fdch potrub\u00ed<\/p>\n","protected":false},"author":4,"featured_media":83734,"parent":48709,"menu_order":0,"comment_status":"closed","ping_status":"closed","template":"","meta":{"_acf_changed":false,"_seopress_robots_primary_cat":"","_seopress_titles_title":"Potrubn\u00ed syst\u00e9my: spir\u00e1lov\u00e9 potrub\u00ed oberA","_seopress_titles_desc":"Spole\u010dnost OBERA nab\u00edz\u00ed \u0161irokou \u0161k\u00e1lu robustn\u00edch, vysoce kvalitn\u00edch spir\u00e1lov\u00fdch potrub\u00ed, kter\u00e1 vyhov\u00ed va\u0161im specifick\u00fdm po\u017eadavk\u016fm na ods\u00e1v\u00e1n\u00ed.","_seopress_robots_index":"","footnotes":""},"class_list":{"0":"post-84333","1":"page","2":"type-page","3":"status-publish","4":"has-post-thumbnail","6":"no-featured-image-padding","7":"resize-featured-image"},"acf":[],"_links":{"self":[{"href":"https:\/\/obera.fr\/cs\/wp-json\/wp\/v2\/pages\/84333","targetHints":{"allow":["GET"]}}],"collection":[{"href":"https:\/\/obera.fr\/cs\/wp-json\/wp\/v2\/pages"}],"about":[{"href":"https:\/\/obera.fr\/cs\/wp-json\/wp\/v2\/types\/page"}],"author":[{"embeddable":true,"href":"https:\/\/obera.fr\/cs\/wp-json\/wp\/v2\/users\/4"}],"replies":[{"embeddable":true,"href":"https:\/\/obera.fr\/cs\/wp-json\/wp\/v2\/comments?post=84333"}],"version-history":[{"count":4,"href":"https:\/\/obera.fr\/cs\/wp-json\/wp\/v2\/pages\/84333\/revisions"}],"predecessor-version":[{"id":108157,"href":"https:\/\/obera.fr\/cs\/wp-json\/wp\/v2\/pages\/84333\/revisions\/108157"}],"up":[{"embeddable":true,"href":"https:\/\/obera.fr\/cs\/wp-json\/wp\/v2\/pages\/48709"}],"wp:featuredmedia":[{"embeddable":true,"href":"https:\/\/obera.fr\/cs\/wp-json\/wp\/v2\/media\/83734"}],"wp:attachment":[{"href":"https:\/\/obera.fr\/cs\/wp-json\/wp\/v2\/media?parent=84333"}],"curies":[{"name":"wp","href":"https:\/\/api.w.org\/{rel}","templated":true}]}}