{"id":115330,"date":"2025-06-26T12:05:10","date_gmt":"2025-06-26T10:05:10","guid":{"rendered":"https:\/\/obera.fr\/clearbox\/"},"modified":"2025-06-26T12:07:57","modified_gmt":"2025-06-26T10:07:57","slug":"clearbox","status":"publish","type":"page","link":"https:\/\/obera.fr\/da\/clearbox\/","title":{"rendered":"Clearbox"},"content":{"rendered":"\n<div class=\"wp-block-columns is-layout-flex wp-container-core-columns-is-layout-28f84493 wp-block-columns-is-layout-flex\">\n<div class=\"wp-block-column is-layout-flow wp-block-column-is-layout-flow\" style=\"flex-basis:33.33%\">\n<figure class=\"wp-block-image aligncenter size-medium\"><img decoding=\"async\" width=\"300\" height=\"267\" src=\"https:\/\/obera.fr\/wp-content\/uploads\/2025\/06\/clearbox-300x267.png\" alt=\"clearbox\" class=\"wp-image-109012\" srcset=\"https:\/\/obera.fr\/wp-content\/uploads\/2025\/06\/clearbox-300x267.png 300w, https:\/\/obera.fr\/wp-content\/uploads\/2025\/06\/clearbox.png 534w\" sizes=\"(max-width: 300px) 100vw, 300px\" \/><figcaption class=\"wp-element-caption\">Clearbox<\/figcaption><\/figure>\n<\/div>\n\n\n\n<div class=\"wp-block-column is-layout-flow wp-block-column-is-layout-flow\" style=\"flex-basis:66.66%\">\n<p class=\"has-drop-cap\"><\/p>\n\n\n\n<hr class=\"wp-block-separator has-text-color has-black-color has-css-opacity has-black-background-color has-background is-style-dots\"\/>\n\n\n\n<div class=\"wp-block-columns is-layout-flex wp-container-core-columns-is-layout-28f84493 wp-block-columns-is-layout-flex\">\n<div class=\"wp-block-column is-layout-flow wp-block-column-is-layout-flow\" style=\"flex-basis:33.33%\">\n<div class=\"wp-block-buttons is-layout-flex wp-block-buttons-is-layout-flex\">\n<div class=\"wp-block-button\"><a class=\"wp-block-button__link wp-element-button\" href=\"https:\/\/obera.fr\/wp-content\/uploads\/2025\/06\/fr-caisson-mobile-daspiration-clearbox-1.pdf\">DOWNLOAD BROCHUREN<\/a><\/div>\n<\/div>\n<\/div>\n\n\n\n<div class=\"wp-block-column is-layout-flow wp-block-column-is-layout-flow\" style=\"flex-basis:33.34%\">\n<div class=\"wp-block-buttons is-horizontal is-content-justification-center is-layout-flex wp-container-core-buttons-is-layout-03627597 wp-block-buttons-is-layout-flex\">\n<div class=\"wp-block-button has-custom-width wp-block-button__width-100\"><a class=\"wp-block-button__link wp-element-button\" href=\"https:\/\/obera.fr\/da\/kontakt-os\/\">F\u00e5 flere oplysninger<\/a><\/div>\n<\/div>\n<\/div>\n\n\n\n<div class=\"wp-block-column is-layout-flow wp-block-column-is-layout-flow\" style=\"flex-basis:33.34%\">\n<div class=\"wp-block-buttons is-content-justification-center is-layout-flex wp-container-core-buttons-is-layout-a89b3969 wp-block-buttons-is-layout-flex\">\n<div class=\"wp-block-button btn-devis-source\"><a class=\"wp-block-button__link wp-element-button\" href=\"https:\/\/obera.fr\/da\/devis\/\">Anmod om et tilbud<\/a><\/div>\n<\/div>\n\n\n<script>\r\ndocument.addEventListener('DOMContentLoaded', function() {\r\n    \/\/ 1. On cherche le titre H1 de la page\r\n    var h1 = document.querySelector('h1');\r\n    var productTitle = h1 ? h1.innerText.trim() : \"\";\r\n\r\n    \/\/ 2. On cherche les boutons via la classe CSS .btn-devis-source\r\n    var buttons = document.querySelectorAll('.btn-devis-source a');\r\n\r\n    \/\/ 3. Si on a le titre et les boutons, on ajoute le param\u00e8tre\r\n    if (buttons.length > 0 && productTitle !== \"\") {\r\n        var encodedTitle = encodeURIComponent(productTitle);\r\n\r\n        buttons.forEach(function(btn) {\r\n            var currentHref = btn.getAttribute('href');\r\n            \r\n            \/\/ S\u00e9curit\u00e9 pour ne pas ajouter le param\u00e8tre 2 fois\r\n            if (currentHref.indexOf('sujet=') === -1) {\r\n                var separator = currentHref.indexOf('?') !== -1 ? '&' : '?';\r\n                var newLink = currentHref + separator + 'sujet=' + encodedTitle;\r\n                \r\n                btn.setAttribute('href', newLink);\r\n            }\r\n        });\r\n    }\r\n});\r\n<\/script><\/div>\n<\/div>\n\n\n\n<p><\/p>\n<\/div>\n<\/div>\n\n<p>Clearbox er en <strong>mobil udsugningsenhed<\/strong> fremstillet i Frankrig med 5 \u00e5rs garanti og en h\u00f8jtydende str\u00f8mningshastighed. Den er specielt designet til at behandle flygtige organiske forbindelser (VOC&#8217;er), gasser, lugte, opl\u00f8sningsmidler, st\u00f8v og dampe.   <\/p>\n\n<p><\/p>\n\n<p>Denne enhed tilbyder forskellige filtreringsniveauer, fra 2 til 3 trin, og kan konfigureres i henhold til dine specifikke behov, hvilket garanterer optimal effektivitet i<strong>elimineringen af forurenende stoffer<\/strong>. Den er udstyret med et G4-forfilter, F9- til H14-m\u00e6tningsfiltre til st\u00f8v og r\u00f8g og kan indeholde aktivt kul til <strong>behandling af gasser og VOC<\/strong>&#8216;er.   <\/p>\n\n<p><\/p>\n\n<p>Desuden f\u00e5s den i tre versioner: med en sugearm, med et r\u00f8rformet indl\u00f8b eller i <strong>form af et sugebord<\/strong>. En ATEX-st\u00f8vversion er ogs\u00e5 tilg\u00e6ngelig. <\/p>\n\n<div class=\"wp-block-columns is-layout-flex wp-container-core-columns-is-layout-28f84493 wp-block-columns-is-layout-flex\">\n<div class=\"wp-block-column is-layout-flow wp-block-column-is-layout-flow\">\n<h2 class=\"wp-block-heading has-text-align-center\"><strong>Fordele<\/strong><\/h2>\n\n\n\n<ul class=\"wp-block-list\">\n<li>Meget h\u00f8j ventilator<\/li>\n\n\n\n<li>pr\u00e6station<\/li>\n\n\n\n<li>Lydd\u00e6mper<\/li>\n\n\n\n<li>Mobil, let og nem at h\u00e5ndtere<br\/><\/li>\n\n\n\n<li>Lille fodaftryk<br\/><\/li>\n\n\n\n<li>Nem vedligeholdelse<br\/>af filtre<\/li>\n\n\n\n<li>Flowhastigheden kan justeres fra 0 til<br\/>100%.<\/li>\n\n\n\n<li>Str\u00f8mforsyning med<br\/>standard 230V-stik<\/li>\n<\/ul>\n<\/div>\n\n\n\n<div class=\"wp-block-column is-layout-flow wp-block-column-is-layout-flow\">\n<h2 class=\"wp-block-heading has-text-align-center\"><strong>S\u00e6rlige funktioner<\/strong><\/h2>\n\n\n\n<ul class=\"wp-block-list\">\n<li>Udskiftning af<\/li>\n\n\n\n<li>H\u00f8jtydende filtermedier<\/li>\n\n\n\n<li>let<\/li>\n\n\n\n<li>Kan opgraderes og konfigureres<br\/><\/li>\n\n\n\n<li>H\u00f8j adsorptionskapacitet<br\/><\/li>\n\n\n\n<li>Timet\u00e6ller<\/li>\n\n\n\n<li>M\u00e5ling<br\/>af snavs p\u00e5<br\/>filtre<\/li>\n\n\n\n<li>Indstilling af flowhastighed fra<br\/>0 til 100%.<\/li>\n\n\n\n<li>Plug &amp; Play-system<\/li>\n\n\n\n<li>ATEX-mulighed<br\/>st\u00f8v<\/li>\n<\/ul>\n<\/div>\n\n\n\n<div class=\"wp-block-column is-layout-flow wp-block-column-is-layout-flow\">\n<h2 class=\"wp-block-heading has-text-align-center\"><strong>Funktioner<\/strong><\/h2>\n\n\n\n<ul class=\"wp-block-list\">\n<li>Maks. flow :<\/li>\n\n\n\n<li>2000m3\/h<\/li>\n\n\n\n<li>Installeret effekt:<br\/>750W<\/li>\n\n\n\n<li>Str\u00f8mforsyning: 230V<\/li>\n\n\n\n<li>M\u00e5l: 710 x<br\/>710 x 2050<\/li>\n\n\n\n<li>V\u00e6gt: 70 kg<\/li>\n\n\n\n<li>St\u00f8jniveau:<br\/>72Db<\/li>\n<\/ul>\n<\/div>\n<\/div>\n\n<h2 class=\"wp-block-heading\">Til hvilke form\u00e5l?<\/h2>\n\n<p><strong>Clearbox er en praktisk <\/strong>, kompakt <strong>enhed <\/strong>, der er designet til effektivt at opfange og behandle forurenende luftarter, lugte, st\u00f8v og dampe. Den er udstyret med hjul, s\u00e5 den er <strong>nem at f\u00e5 plads til i ethvert arbejdsomr\u00e5de<\/strong>, og den kan behandle b\u00e5de faste og mobile arbejdsstationer. <\/p>\n\n<p><br\/>Clearbox er udstyret med et <strong>G4-forfilter, F9- til H14-m\u00e6tningsfiltre <\/strong>og, hvis det er n\u00f8dvendigt, aktivt kul. Den f\u00e5s ogs\u00e5 i en ATEX-st\u00f8vversion. Regelm\u00e6ssig filtervedligeholdelse er afg\u00f8rende for, at enheden fungerer korrekt.  <\/p>\n\n<div class=\"wp-block-columns is-layout-flex wp-container-core-columns-is-layout-28f84493 wp-block-columns-is-layout-flex\">\n<div class=\"wp-block-column is-layout-flow wp-block-column-is-layout-flow\">\n<h3 class=\"wp-block-heading has-text-align-center\">Forurenende stoffer<\/h3>\n\n\n\n<hr class=\"wp-block-separator has-css-opacity is-style-wide\"\/>\n\n\n\n<div class=\"wp-block-columns is-layout-flex wp-container-core-columns-is-layout-28f84493 wp-block-columns-is-layout-flex\">\n<div class=\"wp-block-column is-layout-flow wp-block-column-is-layout-flow\">\n<figure class=\"wp-block-image aligncenter size-large\"><img decoding=\"async\" width=\"70\" height=\"70\" src=\"https:\/\/obera.fr\/wp-content\/uploads\/2020\/08\/industrie-fumees.jpg\" alt=\"R&#xF8;g i industrien\" class=\"wp-image-722\"\/><figcaption class=\"wp-element-caption\">Damp<\/figcaption><\/figure>\n<\/div>\n\n\n\n<div class=\"wp-block-column is-layout-flow wp-block-column-is-layout-flow\">\n<figure class=\"wp-block-image aligncenter size-large\"><img decoding=\"async\" width=\"70\" height=\"70\" src=\"https:\/\/obera.fr\/wp-content\/uploads\/2020\/08\/polluants-poussieres.jpg\" alt=\"Forurenende stoffer St&#xF8;v\" class=\"wp-image-675\"\/><figcaption class=\"wp-element-caption\">St\u00f8v<\/figcaption><\/figure>\n<\/div>\n<\/div>\n\n\n\n<div class=\"wp-block-columns is-layout-flex wp-container-core-columns-is-layout-28f84493 wp-block-columns-is-layout-flex\">\n<div class=\"wp-block-column is-layout-flow wp-block-column-is-layout-flow\">\n<figure class=\"wp-block-image aligncenter size-large\"><img decoding=\"async\" width=\"70\" height=\"70\" src=\"https:\/\/obera.fr\/wp-content\/uploads\/2020\/08\/industrie-odeur.jpg\" alt=\"Industriens lugt\" class=\"wp-image-723\"\/><figcaption class=\"wp-element-caption\">Lugte<\/figcaption><\/figure>\n<\/div>\n\n\n\n<div class=\"wp-block-column is-layout-flow wp-block-column-is-layout-flow\">\n<figure class=\"wp-block-image aligncenter size-large is-resized\"><img decoding=\"async\" width=\"70\" height=\"70\" src=\"https:\/\/obera.fr\/wp-content\/uploads\/2020\/10\/industrie-aerosols.jpg\" alt=\"Aerosoler til industrien\" class=\"wp-image-1201\" style=\"width:70px;height:auto\"\/><figcaption class=\"wp-element-caption\">VOCS<\/figcaption><\/figure>\n<\/div>\n<\/div>\n<\/div>\n\n\n\n<div class=\"wp-block-column is-layout-flow wp-block-column-is-layout-flow\">\n<h3 class=\"wp-block-heading has-text-align-center\">Industrier<\/h3>\n\n\n\n<hr class=\"wp-block-separator has-css-opacity is-style-wide\"\/>\n\n\n\n<div class=\"wp-block-columns is-layout-flex wp-container-core-columns-is-layout-28f84493 wp-block-columns-is-layout-flex\">\n<div class=\"wp-block-column is-layout-flow wp-block-column-is-layout-flow\" style=\"flex-basis:100%\">\n<div style=\"height:47px\" aria-hidden=\"true\" class=\"wp-block-spacer\"><\/div>\n\n\n\n<p class=\"has-text-align-center\">Velegnet til alle typer industrier<\/p>\n<\/div>\n\n\n\n<div class=\"wp-block-column is-layout-flow wp-block-column-is-layout-flow\"><\/div>\n<\/div>\n<\/div>\n<\/div>\n\n<div class=\"wp-block-buttons is-horizontal is-content-justification-center is-layout-flex wp-container-core-buttons-is-layout-03627597 wp-block-buttons-is-layout-flex\">\n<div class=\"wp-block-button has-custom-width wp-block-button__width-100\"><a class=\"wp-block-button__link wp-element-button\" href=\"https:\/\/obera.fr\/da\/kontakt-os\/\">F\u00e5 flere oplysninger<\/a><\/div>\n<\/div>\n\n<h2 class=\"wp-block-heading\">Hvad er Clearbox&#8217; funktioner?<\/h2>\n\n<p>Clearbox er en <strong>mobil sugeenhed<\/strong> fremstillet i Frankrig med 5 \u00e5rs garanti og en h\u00f8jtydende flowhastighed p\u00e5 2000 m\u00b3\/t. Den har 3 niveauer af h\u00f8jtydende filtrering, som kan konfigureres, s\u00e5 de passer til dine behov. Den f\u00e5s i 2 filtreringsniveauer <strong>med et G4-forfilter <\/strong>og et F9- til H14-m\u00e6tningsfilter eller i 3 niveauer med aktivt kul.    <\/p>\n\n<p><\/p>\n\n<p>Desuden f\u00e5s den i tre versioner: med sugearm, med r\u00f8rformet indl\u00f8b eller i <strong>form af et sugebord<\/strong>, og den kan ogs\u00e5 tilpasses til en ATEX-st\u00f8vversion. Takket v\u00e6re den h\u00f8je adsorptionskapacitet eliminerer den et maksimalt antal forurenende stoffer.   <\/p>\n\n<p><\/p>\n\n<p>Regelm\u00e6ssig filterudskiftning er afg\u00f8rende for at holde apparatet k\u00f8rende. Et indbygget <strong>m\u00e5lesystem for tilstopning<\/strong> af filteret viser, hvorn\u00e5r det er tid til at skifte filter, og det er nemt at udskifte filtermediet. <\/p>\n\n<p><\/p>\n\n<p>Den er Plug and Play, s\u00e5 den er nem at installere. Udstyret med hjul og et <strong>s\u00e6rligt kompakt design<\/strong> er den nem at man\u00f8vrere og tilpasser sig ethvert arbejdsmilj\u00f8. <\/p>\n\n<p><\/p>\n\n<figure class=\"wp-block-table\"><table class=\"has-fixed-layout\"><tbody><tr><td><strong>Enhed  <\/strong><\/td><td><\/td><td><strong>Med arm  <\/strong><\/td><td><strong>R\u00f8rformet indgang  <\/strong><\/td><td><strong>Bord<\/strong><\/td><\/tr><tr><td>Maksimalt flow  <\/td><td>m3\/h  <\/td><td>2000  <\/td><td>2500  <\/td><td>5000<\/td><\/tr><tr><td>Regulering af flow<\/td><td>%\u00a0<\/td><td>0-100  <\/td><td>0-100  <\/td><td>0-100<\/td><\/tr><tr><td>Installeret kapacitet<\/td><td>W  <\/td><td>750  <\/td><td>750  <\/td><td>750<\/td><\/tr><tr><td>Str\u00f8mforsyning  <\/td><td>V  <\/td><td>230  <\/td><td>230  <\/td><td>230<\/td><\/tr><tr><td>Overordnede dimensioner (BxLxH)<\/td><td>mm  <\/td><td>710x710x2050  <\/td><td>710x710x2050  <\/td><td>710x710x2050<\/td><\/tr><tr><td>V\u00e6gt  <\/td><td>kg  <\/td><td>70  <\/td><td>75  <\/td><td>75<\/td><\/tr><tr><td>St\u00f8jniveau  <\/td><td>dB  <\/td><td>72  <\/td><td>72  <\/td><td>72<\/td><\/tr><\/tbody><\/table><\/figure>\n","protected":false},"excerpt":{"rendered":"<p>Clearbox er en mobil udsugningsenhed fremstillet i Frankrig med 5 \u00e5rs garanti og en h\u00f8jtydende str\u00f8mningshastighed. Den er specielt designet til at behandle flygtige organiske forbindelser (VOC&#8217;er), gasser, lugte, opl\u00f8sningsmidler, st\u00f8v og dampe. Denne enhed tilbyder forskellige filtreringsniveauer, fra 2 til 3 trin, og kan konfigureres i henhold til dine specifikke behov, hvilket garanterer optimal effektivitet ielimineringen af forurenende stoffer. Den er udstyret med et G4-forfilter, F9- til H14-m\u00e6tningsfiltre til st\u00f8v og r\u00f8g og kan indeholde aktivt kul til behandling af gasser og VOC&#8216;er. Desuden f\u00e5s den i tre versioner: med en sugearm, med et r\u00f8rformet indl\u00f8b eller i form &#8230; <\/p>\n<p class=\"read-more-container\"><a title=\"Clearbox\" class=\"read-more button\" href=\"https:\/\/obera.fr\/da\/clearbox\/#more-115330\" aria-label=\"Read more about Clearbox\">Lire la suite<\/a><\/p>\n","protected":false},"author":4,"featured_media":0,"parent":0,"menu_order":0,"comment_status":"closed","ping_status":"closed","template":"","meta":{"_acf_changed":false,"_seopress_robots_primary_cat":"","_seopress_titles_title":"Clearbox: H\u00f8jtydende mobil sugeenhed","_seopress_titles_desc":"Oplev Clearbox, den h\u00f8jtydende mobile udsugningsenhed til VOC'er, gasser, r\u00f8g og st\u00f8v. Fremstillet i Frankrig, med 5 \u00e5rs garanti, konfigurerbar og kompakt. ","_seopress_robots_index":"","footnotes":""},"class_list":{"0":"post-115330","1":"page","2":"type-page","3":"status-publish","5":"no-featured-image-padding"},"acf":[],"_links":{"self":[{"href":"https:\/\/obera.fr\/da\/wp-json\/wp\/v2\/pages\/115330","targetHints":{"allow":["GET"]}}],"collection":[{"href":"https:\/\/obera.fr\/da\/wp-json\/wp\/v2\/pages"}],"about":[{"href":"https:\/\/obera.fr\/da\/wp-json\/wp\/v2\/types\/page"}],"author":[{"embeddable":true,"href":"https:\/\/obera.fr\/da\/wp-json\/wp\/v2\/users\/4"}],"replies":[{"embeddable":true,"href":"https:\/\/obera.fr\/da\/wp-json\/wp\/v2\/comments?post=115330"}],"version-history":[{"count":1,"href":"https:\/\/obera.fr\/da\/wp-json\/wp\/v2\/pages\/115330\/revisions"}],"predecessor-version":[{"id":115331,"href":"https:\/\/obera.fr\/da\/wp-json\/wp\/v2\/pages\/115330\/revisions\/115331"}],"wp:attachment":[{"href":"https:\/\/obera.fr\/da\/wp-json\/wp\/v2\/media?parent=115330"}],"curies":[{"name":"wp","href":"https:\/\/api.w.org\/{rel}","templated":true}]}}