{"id":115421,"date":"2025-06-26T12:11:21","date_gmt":"2025-06-26T10:11:21","guid":{"rendered":"https:\/\/obera.fr\/produits\/caissons-mobiles-aspiration\/clearbox\/"},"modified":"2025-07-08T12:03:34","modified_gmt":"2025-07-08T10:03:34","slug":"clearbox","status":"publish","type":"page","link":"https:\/\/obera.fr\/da\/produits\/caissons-mobiles-aspiration\/clearbox\/","title":{"rendered":"Clearbox"},"content":{"rendered":"\n<p>Clearbox er en <strong>mobil sugeenhed fremstillet i Frankrig<\/strong> med 5 \u00e5rs garanti og en h\u00f8jtydende str\u00f8mningshastighed. Den er specielt designet til at behandle flygtige organiske forbindelser (VOC&#8217;er), gasser, lugte, opl\u00f8sningsmidler, st\u00f8v og dampe. <\/p>\n\n\n<div class=\"wp-block-columns is-layout-flex wp-container-core-columns-is-layout-28f84493 wp-block-columns-is-layout-flex\">\n<div class=\"wp-block-column is-layout-flow wp-block-column-is-layout-flow\">\n<p>Denne enhed <strong>tilbyder forskellige filtreringsniveauer<\/strong>, fra 2 til 3 trin, og kan konfigureres i henhold til dine specifikke behov, hvilket garanterer optimal effektivitet i elimineringen af forurenende stoffer. Den er udstyret med et G4-forfilter, F9- til H14-m\u00e6tningsfiltre til st\u00f8v og r\u00f8g og kan indeholde aktivt kul til <strong>behandling af gasser og VOC<\/strong>&#8216;er. <\/p>\n\n\n\n<p><br\/>Desuden f\u00e5s den i tre versioner: med en sugearm, med et r\u00f8rformet indl\u00f8b eller i form af et sugebord. En <strong>ATEX-st\u00f8vversion<\/strong> er ogs\u00e5 tilg\u00e6ngelig. <\/p>\n\n\n\n<div class=\"wp-block-columns is-layout-flex wp-container-core-columns-is-layout-28f84493 wp-block-columns-is-layout-flex\">\n<div class=\"wp-block-column is-layout-flow wp-block-column-is-layout-flow\">\n<figure class=\"wp-block-image aligncenter size-large\"><img decoding=\"async\" width=\"1024\" height=\"1024\" src=\"https:\/\/obera.fr\/wp-content\/uploads\/2025\/07\/clearbox-bras-1024x1024.png\" alt=\"clearbox-arm\" class=\"wp-image-120328\" srcset=\"https:\/\/obera.fr\/wp-content\/uploads\/2025\/07\/clearbox-bras-1024x1024.png 1024w, https:\/\/obera.fr\/wp-content\/uploads\/2025\/07\/clearbox-bras-300x300.png 300w, https:\/\/obera.fr\/wp-content\/uploads\/2025\/07\/clearbox-bras-150x150.png 150w, https:\/\/obera.fr\/wp-content\/uploads\/2025\/07\/clearbox-bras-768x768.png 768w, https:\/\/obera.fr\/wp-content\/uploads\/2025\/07\/clearbox-bras.png 1200w\" sizes=\"(max-width: 1024px) 100vw, 1024px\" \/><figcaption class=\"wp-element-caption\">CLEARBOX BRS<\/figcaption><\/figure>\n<\/div>\n\n\n\n<div class=\"wp-block-column is-layout-flow wp-block-column-is-layout-flow\">\n<figure class=\"wp-block-image aligncenter size-large\"><img decoding=\"async\" width=\"1024\" height=\"1024\" src=\"https:\/\/obera.fr\/wp-content\/uploads\/2025\/07\/clearbox-entree-tubee-82-1-1024x1024.png\" alt=\"clearbox r&#xF8;r indgang 82\" class=\"wp-image-120351\" srcset=\"https:\/\/obera.fr\/wp-content\/uploads\/2025\/07\/clearbox-entree-tubee-82-1-1024x1024.png 1024w, https:\/\/obera.fr\/wp-content\/uploads\/2025\/07\/clearbox-entree-tubee-82-1-300x300.png 300w, https:\/\/obera.fr\/wp-content\/uploads\/2025\/07\/clearbox-entree-tubee-82-1-150x150.png 150w, https:\/\/obera.fr\/wp-content\/uploads\/2025\/07\/clearbox-entree-tubee-82-1-768x768.png 768w, https:\/\/obera.fr\/wp-content\/uploads\/2025\/07\/clearbox-entree-tubee-82-1.png 1200w\" sizes=\"(max-width: 1024px) 100vw, 1024px\" \/><figcaption class=\"wp-element-caption\">CLEARBOX TB<\/figcaption><\/figure>\n<\/div>\n\n\n\n<div class=\"wp-block-column is-layout-flow wp-block-column-is-layout-flow\">\n<figure class=\"wp-block-image aligncenter size-large\"><img decoding=\"async\" width=\"1024\" height=\"1024\" src=\"https:\/\/obera.fr\/wp-content\/uploads\/2025\/07\/clearbox-table-1024x1024.png\" alt=\"clearbox-bord\" class=\"wp-image-120374\" srcset=\"https:\/\/obera.fr\/wp-content\/uploads\/2025\/07\/clearbox-table-1024x1024.png 1024w, https:\/\/obera.fr\/wp-content\/uploads\/2025\/07\/clearbox-table-300x300.png 300w, https:\/\/obera.fr\/wp-content\/uploads\/2025\/07\/clearbox-table-150x150.png 150w, https:\/\/obera.fr\/wp-content\/uploads\/2025\/07\/clearbox-table-768x768.png 768w, https:\/\/obera.fr\/wp-content\/uploads\/2025\/07\/clearbox-table.png 1200w\" sizes=\"(max-width: 1024px) 100vw, 1024px\" \/><figcaption class=\"wp-element-caption\">CLEARBOX TSP<\/figcaption><\/figure>\n<\/div>\n<\/div>\n\n\n\n<p><\/p>\n\n\n\n<hr class=\"wp-block-separator has-css-opacity is-style-dots\"\/>\n\n\n\n<div class=\"wp-block-columns is-layout-flex wp-container-core-columns-is-layout-28f84493 wp-block-columns-is-layout-flex\">\n<div class=\"wp-block-column is-layout-flow wp-block-column-is-layout-flow\" style=\"flex-basis:33.33%\">\n<div class=\"wp-block-buttons is-layout-flex wp-block-buttons-is-layout-flex\">\n<div class=\"wp-block-button\"><a class=\"wp-block-button__link wp-element-button\" href=\"https:\/\/obera.fr\/wp-content\/uploads\/2025\/06\/fr-caisson-mobile-daspiration-clearbox.pdf\">DOWNLOAD BROCHUREN<\/a><\/div>\n<\/div>\n<\/div>\n\n\n\n<div class=\"wp-block-column is-layout-flow wp-block-column-is-layout-flow\" style=\"flex-basis:33.34%\">\n<div class=\"wp-block-buttons is-horizontal is-content-justification-center is-layout-flex wp-container-core-buttons-is-layout-03627597 wp-block-buttons-is-layout-flex\">\n<div class=\"wp-block-button has-custom-width wp-block-button__width-100\"><a class=\"wp-block-button__link wp-element-button\" href=\"https:\/\/obera.fr\/da\/kontakt-os\/\">F\u00e5 flere oplysninger<\/a><\/div>\n<\/div>\n<\/div>\n\n\n\n<div class=\"wp-block-column is-layout-flow wp-block-column-is-layout-flow\" style=\"flex-basis:33.34%\">\n<div class=\"wp-block-buttons is-content-justification-center is-layout-flex wp-container-core-buttons-is-layout-a89b3969 wp-block-buttons-is-layout-flex\">\n<div class=\"wp-block-button btn-devis-source\"><a class=\"wp-block-button__link wp-element-button\" href=\"https:\/\/obera.fr\/da\/devis\/\">Anmod om et tilbud<\/a><\/div>\n<\/div>\n\n\n<script>\r\ndocument.addEventListener('DOMContentLoaded', function() {\r\n    \/\/ 1. On cherche le titre H1 de la page\r\n    var h1 = document.querySelector('h1');\r\n    var productTitle = h1 ? h1.innerText.trim() : \"\";\r\n\r\n    \/\/ 2. On cherche les boutons via la classe CSS .btn-devis-source\r\n    var buttons = document.querySelectorAll('.btn-devis-source a');\r\n\r\n    \/\/ 3. Si on a le titre et les boutons, on ajoute le param\u00e8tre\r\n    if (buttons.length > 0 && productTitle !== \"\") {\r\n        var encodedTitle = encodeURIComponent(productTitle);\r\n\r\n        buttons.forEach(function(btn) {\r\n            var currentHref = btn.getAttribute('href');\r\n            \r\n            \/\/ S\u00e9curit\u00e9 pour ne pas ajouter le param\u00e8tre 2 fois\r\n            if (currentHref.indexOf('sujet=') === -1) {\r\n                var separator = currentHref.indexOf('?') !== -1 ? '&' : '?';\r\n                var newLink = currentHref + separator + 'sujet=' + encodedTitle;\r\n                \r\n                btn.setAttribute('href', newLink);\r\n            }\r\n        });\r\n    }\r\n});\r\n<\/script><\/div>\n<\/div>\n<\/div>\n<\/div>\n\n<div class=\"wp-block-columns is-layout-flex wp-container-core-columns-is-layout-28f84493 wp-block-columns-is-layout-flex\">\n<div class=\"wp-block-column is-layout-flow wp-block-column-is-layout-flow\" style=\"flex-basis:33.34%\">\n<p><\/p>\n\n\n\n<h3 class=\"wp-block-heading\">Fordele<\/h3>\n\n\n\n<ul class=\"wp-block-list\">\n<li>Meget h\u00f8jeffektiv ventilator<\/li>\n\n\n\n<li>Lydd\u00e6mper<\/li>\n\n\n\n<li>Mobil, let og nem at h\u00e5ndtere<\/li>\n\n\n\n<li>Lille fodaftryk<\/li>\n\n\n\n<li>Nem vedligeholdelse af filter<\/li>\n\n\n\n<li>Flowhastigheden kan justeres fra 0 til 100 %.<\/li>\n\n\n\n<li>Str\u00f8mforsyning med standard 230V-stik<\/li>\n<\/ul>\n<\/div>\n\n\n\n<div class=\"wp-block-column is-layout-flow wp-block-column-is-layout-flow\" style=\"flex-basis:33.34%\">\n<p><\/p>\n\n\n\n<h3 class=\"wp-block-heading\">S\u00e6rlige funktioner<\/h3>\n\n\n\n<ul class=\"wp-block-list\">\n<li>Nem udskiftning af filtermedier<\/li>\n\n\n\n<li>Kan opgraderes og konfigureres<\/li>\n\n\n\n<li>H\u00f8j adsorptionskapacitet<\/li>\n\n\n\n<li>Timet\u00e6ller<\/li>\n\n\n\n<li>M\u00e5ling af filtertilstopning<\/li>\n\n\n\n<li>Justering af flowhastighed fra 0 til 100 %.<\/li>\n\n\n\n<li>Plug &amp; Play-system<\/li>\n\n\n\n<li>Mulighed for ATEX-st\u00f8v<\/li>\n<\/ul>\n<\/div>\n\n\n\n<div class=\"wp-block-column is-layout-flow wp-block-column-is-layout-flow\" style=\"flex-basis:33.33%\">\n<p><\/p>\n\n\n\n<h3 class=\"wp-block-heading\">Funktioner<\/h3>\n\n\n\n<ul class=\"wp-block-list\">\n<li>Maks. flowhastighed : 2000m3\/h<\/li>\n\n\n\n<li>Installeret effekt: 750W<\/li>\n\n\n\n<li>Str\u00f8mforsyning: 230V<\/li>\n\n\n\n<li>M\u00e5l: 710 x710 x 2050<\/li>\n\n\n\n<li>V\u00e6gt: 70 kg<\/li>\n\n\n\n<li>St\u00f8jniveau: 72 dB<\/li>\n<\/ul>\n<\/div>\n<\/div>\n\n<h2 class=\"wp-block-heading\">Til hvilke form\u00e5l?<\/h2>\n\n<p><strong>Clearbox er en praktisk, kompakt enhed<\/strong>, der er designet til effektivt at opfange og behandle forurenende luftarter, lugte, st\u00f8v og dampe. Den er udstyret med hjul, s\u00e5 den er nem at f\u00e5 plads til i ethvert arbejdsomr\u00e5de, og den kan <strong>behandle b\u00e5de faste og mobile arbejdsstationer<\/strong>. <\/p>\n\n<p><br\/><strong>Clearbox er udstyret med et G4-forfilter<\/strong>, F9- til H14-m\u00e6tningsfiltre og, hvis det er n\u00f8dvendigt, aktivt kul. Den f\u00e5s ogs\u00e5 i en ATEX-st\u00f8vversion. Regelm\u00e6ssig filtervedligeholdelse er afg\u00f8rende for, at enheden fungerer korrekt.  <\/p>\n\n<div class=\"wp-block-columns is-layout-flex wp-container-core-columns-is-layout-28f84493 wp-block-columns-is-layout-flex\">\n<div class=\"wp-block-column is-layout-flow wp-block-column-is-layout-flow\">\n<h3 class=\"wp-block-heading has-text-align-center\">Forurenende stoffer<\/h3>\n\n\n\n<div class=\"wp-block-columns is-layout-flex wp-container-core-columns-is-layout-28f84493 wp-block-columns-is-layout-flex\">\n<div class=\"wp-block-column is-layout-flow wp-block-column-is-layout-flow\">\n<figure class=\"wp-block-image aligncenter size-large\"><img decoding=\"async\" width=\"70\" height=\"70\" src=\"https:\/\/obera.fr\/wp-content\/uploads\/2021\/03\/industrie-fumees.jpg\" alt=\"Industriens dampe\" class=\"wp-image-4971\"\/><figcaption class=\"wp-element-caption\">Damp<\/figcaption><\/figure>\n\n\n\n<figure class=\"wp-block-image aligncenter size-large\"><img decoding=\"async\" width=\"70\" height=\"70\" src=\"https:\/\/obera.fr\/wp-content\/uploads\/2020\/09\/cov.png\" alt=\"Cov\" class=\"wp-image-959\"\/><figcaption class=\"wp-element-caption\">VOCS<\/figcaption><\/figure>\n<\/div>\n\n\n\n<div class=\"wp-block-column is-layout-flow wp-block-column-is-layout-flow\">\n<figure class=\"wp-block-image aligncenter size-large\"><img decoding=\"async\" width=\"70\" height=\"70\" src=\"https:\/\/obera.fr\/wp-content\/uploads\/2021\/03\/polluants-poussieres-1.jpg\" alt=\"st&#xF8;vforurenende stoffer 1\" class=\"wp-image-4969\"\/><figcaption class=\"wp-element-caption\">St\u00f8v<\/figcaption><\/figure>\n\n\n\n<figure class=\"wp-block-image aligncenter size-full is-resized\"><img decoding=\"async\" width=\"512\" height=\"512\" src=\"https:\/\/obera.fr\/wp-content\/uploads\/2025\/06\/gaz-naturel.png\" alt=\"Naturgas\" class=\"wp-image-108886\" style=\"width:75px;height:auto\" srcset=\"https:\/\/obera.fr\/wp-content\/uploads\/2025\/06\/gaz-naturel.png 512w, https:\/\/obera.fr\/wp-content\/uploads\/2025\/06\/gaz-naturel-300x300.png 300w, https:\/\/obera.fr\/wp-content\/uploads\/2025\/06\/gaz-naturel-150x150.png 150w\" sizes=\"(max-width: 512px) 100vw, 512px\" \/><figcaption class=\"wp-element-caption\">Gas<\/figcaption><\/figure>\n<\/div>\n<\/div>\n<\/div>\n\n\n\n<div class=\"wp-block-column is-layout-flow wp-block-column-is-layout-flow\">\n<h3 class=\"wp-block-heading has-text-align-center\">Industrier<\/h3>\n\n\n\n<div class=\"wp-block-columns is-layout-flex wp-container-core-columns-is-layout-28f84493 wp-block-columns-is-layout-flex\">\n<div class=\"wp-block-column is-layout-flow wp-block-column-is-layout-flow\">\n<figure class=\"wp-block-image aligncenter size-large\"><img decoding=\"async\" width=\"70\" height=\"70\" src=\"https:\/\/obera.fr\/wp-content\/uploads\/2020\/08\/industrie-metallurgie.jpg\" alt=\"Metallurgisk industri\" class=\"wp-image-673\"\/><figcaption class=\"wp-element-caption\">Metallurgi<\/figcaption><\/figure>\n\n\n\n<figure class=\"wp-block-image aligncenter size-large\"><img decoding=\"async\" width=\"70\" height=\"70\" src=\"https:\/\/obera.fr\/wp-content\/uploads\/2020\/08\/industrie-plastique.jpg\" alt=\"Plastindustrien\" class=\"wp-image-669\"\/><figcaption class=\"wp-element-caption\">Plast<\/figcaption><\/figure>\n\n\n\n<figure class=\"wp-block-image aligncenter size-large\"><img decoding=\"async\" width=\"70\" height=\"70\" src=\"https:\/\/obera.fr\/wp-content\/uploads\/2020\/08\/industrie-minerai.jpg\" alt=\"Malmindustrien\" class=\"wp-image-724\"\/><figcaption class=\"wp-element-caption\">Mineraler<\/figcaption><\/figure>\n\n\n\n<figure class=\"wp-block-image aligncenter size-large\"><img decoding=\"async\" width=\"70\" height=\"70\" src=\"https:\/\/obera.fr\/wp-content\/uploads\/2020\/08\/industrie-papier-carton.jpg\" alt=\"Papir- og papindustrien\" class=\"wp-image-670\"\/><figcaption class=\"wp-element-caption\">Papir\/karton<\/figcaption><\/figure>\n<\/div>\n\n\n\n<div class=\"wp-block-column is-layout-flow wp-block-column-is-layout-flow\">\n<figure class=\"wp-block-image aligncenter size-large\"><img decoding=\"async\" width=\"70\" height=\"70\" src=\"https:\/\/obera.fr\/wp-content\/uploads\/2020\/08\/industrie-bois.jpg\" alt=\"Tr&#xE6;industrien\" class=\"wp-image-672\"\/><figcaption class=\"wp-element-caption\">Tr\u00e6bearbejdning<\/figcaption><\/figure>\n\n\n\n<figure class=\"wp-block-image aligncenter size-large\"><img decoding=\"async\" width=\"70\" height=\"70\" src=\"https:\/\/obera.fr\/wp-content\/uploads\/2020\/08\/industrie-textile.jpg\" alt=\"Tekstilindustrien\" class=\"wp-image-671\"\/><figcaption class=\"wp-element-caption\">Tekstiler<\/figcaption><\/figure>\n\n\n\n<figure class=\"wp-block-image aligncenter size-large\"><img decoding=\"async\" width=\"70\" height=\"70\" src=\"https:\/\/obera.fr\/wp-content\/uploads\/2020\/08\/industrie-chimie.jpg\" alt=\"Kemisk industri\" class=\"wp-image-725\"\/><figcaption class=\"wp-element-caption\">Kemikalier\/petrokemikalier<\/figcaption><\/figure>\n\n\n\n<figure class=\"wp-block-image aligncenter size-large\"><img decoding=\"async\" width=\"70\" height=\"70\" src=\"https:\/\/obera.fr\/wp-content\/uploads\/2020\/08\/industrie-dechets.jpg\" alt=\"Affald fra industrien\" class=\"wp-image-726\"\/><figcaption class=\"wp-element-caption\">Indsamling og sortering af affald<\/figcaption><\/figure>\n<\/div>\n<\/div>\n<\/div>\n<\/div>\n\n<h2 class=\"wp-block-heading\">Hvad er Clearbox&#8217; funktioner?<\/h2>\n\n<p><br\/><strong>Clearbox er en mobil sugeenhed<\/strong> fremstillet i Frankrig med 5 \u00e5rs garanti og en h\u00f8jtydende flowhastighed p\u00e5 2000 m3\/t. Den har 3 niveauer af h\u00f8jtydende filtrering, som kan konfigureres, s\u00e5 de passer til dine behov. Den f\u00e5s i <strong>2 filtreringsniveauer med et G4-forfilter<\/strong> og et F9- til H14-m\u00e6tningsfilter eller i 3 niveauer med aktivt kul.  <\/p>\n\n<p><br\/>Desuden f\u00e5s den i tre versioner: med<strong> sugearm<\/strong>, med r\u00f8rformet indl\u00f8b eller i form af et <strong>sugebord<\/strong>, og den kan ogs\u00e5 tilpasses til en ATEX-st\u00f8vversion. Takket v\u00e6re den h\u00f8je adsorptionskapacitet eliminerer den et maksimalt antal forurenende stoffer. <\/p>\n\n<p><br\/>For at holde apparatet k\u00f8rende er det vigtigt at<strong> udskifte filtrene regelm\u00e6ssigt.<\/strong> Et indbygget m\u00e5lesystem for tilstopning af filtre angiver, hvorn\u00e5r det er tid til at skifte filtre, og det er nemt at udskifte filtermediet. <\/p>\n\n<p><\/p>\n\n<p>Den er <strong>Plug and Play,<\/strong> s\u00e5 den er nem at installere. Udstyret med hjul og et s\u00e6rligt kompakt design er den nem at man\u00f8vrere og tilpasser sig ethvert arbejdsmilj\u00f8. <\/p>\n\n<figure class=\"wp-block-table\"><table class=\"has-fixed-layout\"><thead><tr><th class=\"has-text-align-center\" data-align=\"center\">Enhed<\/th><th class=\"has-text-align-center\" data-align=\"center\"><\/th><th class=\"has-text-align-center\" data-align=\"center\">Med arm<\/th><th class=\"has-text-align-center\" data-align=\"center\">R\u00f8rformet indgang<\/th><th class=\"has-text-align-center\" data-align=\"center\">Bord<\/th><\/tr><\/thead><tbody><tr><td class=\"has-text-align-center\" data-align=\"center\">Maksimalt flow<\/td><td class=\"has-text-align-center\" data-align=\"center\">m3\/h<\/td><td class=\"has-text-align-center\" data-align=\"center\">2000<\/td><td class=\"has-text-align-center\" data-align=\"center\">2500<\/td><td class=\"has-text-align-center\" data-align=\"center\">5000<\/td><\/tr><tr><td class=\"has-text-align-center\" data-align=\"center\">Regulering af flow<\/td><td class=\"has-text-align-center\" data-align=\"center\">%<\/td><td class=\"has-text-align-center\" data-align=\"center\">0-100<\/td><td class=\"has-text-align-center\" data-align=\"center\">0-100<\/td><td class=\"has-text-align-center\" data-align=\"center\">0-100<\/td><\/tr><tr><td class=\"has-text-align-center\" data-align=\"center\">Installeret kapacitet<\/td><td class=\"has-text-align-center\" data-align=\"center\">W<\/td><td class=\"has-text-align-center\" data-align=\"center\">750<\/td><td class=\"has-text-align-center\" data-align=\"center\">750<\/td><td class=\"has-text-align-center\" data-align=\"center\">750<\/td><\/tr><tr><td class=\"has-text-align-center\" data-align=\"center\">Str\u00f8mforsyning<\/td><td class=\"has-text-align-center\" data-align=\"center\">V<\/td><td class=\"has-text-align-center\" data-align=\"center\">230<\/td><td class=\"has-text-align-center\" data-align=\"center\">230<\/td><td class=\"has-text-align-center\" data-align=\"center\">230<\/td><\/tr><tr><td class=\"has-text-align-center\" data-align=\"center\">Overordnede dimensioner (BxLxH)<\/td><td class=\"has-text-align-center\" data-align=\"center\">Mm<\/td><td class=\"has-text-align-center\" data-align=\"center\">710x710x2050<\/td><td class=\"has-text-align-center\" data-align=\"center\">710x710x2050<\/td><td class=\"has-text-align-center\" data-align=\"center\">710x710x2050<\/td><\/tr><tr><td class=\"has-text-align-center\" data-align=\"center\">V\u00e6gt<\/td><td class=\"has-text-align-center\" data-align=\"center\">kg<\/td><td class=\"has-text-align-center\" data-align=\"center\">70<\/td><td class=\"has-text-align-center\" data-align=\"center\">75<\/td><td class=\"has-text-align-center\" data-align=\"center\">75<\/td><\/tr><tr><td class=\"has-text-align-center\" data-align=\"center\">St\u00f8jniveau<\/td><td class=\"has-text-align-center\" data-align=\"center\">dB<\/td><td class=\"has-text-align-center\" data-align=\"center\">72<\/td><td class=\"has-text-align-center\" data-align=\"center\">72<\/td><td class=\"has-text-align-center\" data-align=\"center\">72<\/td><\/tr><\/tbody><\/table><\/figure>\n\n<p><\/p>\n","protected":false},"excerpt":{"rendered":"<p>Clearbox er en mobil sugeenhed fremstillet i Frankrig med 5 \u00e5rs garanti og en h\u00f8jtydende str\u00f8mningshastighed. Den er specielt designet til at behandle flygtige organiske forbindelser (VOC&#8217;er), gasser, lugte, opl\u00f8sningsmidler, st\u00f8v og dampe. Denne enhed tilbyder forskellige filtreringsniveauer, fra 2 til 3 trin, og kan konfigureres i henhold til dine specifikke behov, hvilket garanterer optimal effektivitet i elimineringen af forurenende stoffer. Den er udstyret med et G4-forfilter, F9- til H14-m\u00e6tningsfiltre til st\u00f8v og r\u00f8g og kan indeholde aktivt kul til behandling af gasser og VOC&#8216;er. Desuden f\u00e5s den i tre versioner: med en sugearm, med et r\u00f8rformet indl\u00f8b eller i &#8230; <\/p>\n<p class=\"read-more-container\"><a title=\"Clearbox\" class=\"read-more button\" href=\"https:\/\/obera.fr\/da\/produits\/caissons-mobiles-aspiration\/clearbox\/#more-115421\" aria-label=\"Read more about Clearbox\">Lire la suite<\/a><\/p>\n","protected":false},"author":4,"featured_media":103614,"parent":50556,"menu_order":0,"comment_status":"closed","ping_status":"closed","template":"","meta":{"_acf_changed":false,"_seopress_robots_primary_cat":"","_seopress_titles_title":"Clearbox: mobil VOC-udsugningsenhed","_seopress_titles_desc":"Clearbox mobil sugeenhed: h\u00f8jeffektiv filtrering af VOC'er, dampe og lugte. Kompakt, lydl\u00f8s, konfigurerbar og med 5 \u00e5rs garanti. ","_seopress_robots_index":"","footnotes":""},"class_list":{"0":"post-115421","1":"page","2":"type-page","3":"status-publish","4":"has-post-thumbnail","6":"no-featured-image-padding","7":"resize-featured-image"},"acf":[],"_links":{"self":[{"href":"https:\/\/obera.fr\/da\/wp-json\/wp\/v2\/pages\/115421","targetHints":{"allow":["GET"]}}],"collection":[{"href":"https:\/\/obera.fr\/da\/wp-json\/wp\/v2\/pages"}],"about":[{"href":"https:\/\/obera.fr\/da\/wp-json\/wp\/v2\/types\/page"}],"author":[{"embeddable":true,"href":"https:\/\/obera.fr\/da\/wp-json\/wp\/v2\/users\/4"}],"replies":[{"embeddable":true,"href":"https:\/\/obera.fr\/da\/wp-json\/wp\/v2\/comments?post=115421"}],"version-history":[{"count":2,"href":"https:\/\/obera.fr\/da\/wp-json\/wp\/v2\/pages\/115421\/revisions"}],"predecessor-version":[{"id":120430,"href":"https:\/\/obera.fr\/da\/wp-json\/wp\/v2\/pages\/115421\/revisions\/120430"}],"up":[{"embeddable":true,"href":"https:\/\/obera.fr\/da\/wp-json\/wp\/v2\/pages\/50556"}],"wp:featuredmedia":[{"embeddable":true,"href":"https:\/\/obera.fr\/da\/wp-json\/wp\/v2\/media\/103614"}],"wp:attachment":[{"href":"https:\/\/obera.fr\/da\/wp-json\/wp\/v2\/media?parent=115421"}],"curies":[{"name":"wp","href":"https:\/\/api.w.org\/{rel}","templated":true}]}}