{"id":31342,"date":"2022-09-13T10:52:39","date_gmt":"2022-09-13T08:52:39","guid":{"rendered":"https:\/\/obera.fr\/produkte\/arme-und-aufnahmegeraete\/ringe-von-pouyes\/"},"modified":"2024-11-18T14:57:16","modified_gmt":"2024-11-18T12:57:16","slug":"ringe-von-pouyes","status":"publish","type":"page","link":"https:\/\/obera.fr\/da\/produits\/bras-dispositifs-captation\/ringe-von-pouyes\/","title":{"rendered":"Ringe von Pouy\u00e8s"},"content":{"rendered":"\n<h2 class=\"wp-block-heading\">Saug- und Ringkollektoren<\/h2>\n\n<p>Um die Arbeitsumgebung sauber und gesund zu halten und so die Gesundheit der Mitarbeiter zu sch\u00fctzen, m\u00fcssen Schadstoffe bereits bei ihrer Entstehung erfasst werden, so nah wie m\u00f6glich an der Emissionsquelle und so effizient wie m\u00f6glich. Dies geschieht unter Ber\u00fccksichtigung der Art, der Merkmale und der Konzentration des Schadstoffs selbst. Je nach den Anforderungen des Kunden entwirft OberA verschiedene Pouy\u00e8s-Ringe und Saugkollektoren nach Zeichnung.<\/p>\n\n<div class=\"wp-block-columns are-vertically-aligned-center is-layout-flex wp-container-core-columns-is-layout-28f84493 wp-block-columns-is-layout-flex\">\n<div class=\"wp-block-column is-vertically-aligned-center is-layout-flow wp-block-column-is-layout-flow\" style=\"flex-basis:33.33%\">\n<figure class=\"wp-block-image aligncenter size-full is-resized\"><img decoding=\"async\" width=\"500\" height=\"500\" src=\"https:\/\/obera.fr\/wp-content\/uploads\/2022\/09\/Anneau-de-pouyes-1.jpg\" alt=\"Pouyes Ring 1\" class=\"wp-image-14479\" style=\"object-fit:cover\" srcset=\"https:\/\/obera.fr\/wp-content\/uploads\/2022\/09\/Anneau-de-pouyes-1.jpg 500w, https:\/\/obera.fr\/wp-content\/uploads\/2022\/09\/Anneau-de-pouyes-1-300x300.jpg 300w, https:\/\/obera.fr\/wp-content\/uploads\/2022\/09\/Anneau-de-pouyes-1-150x150.jpg 150w\" sizes=\"(max-width: 500px) 100vw, 500px\" \/><\/figure>\n\n\n<figure class=\"wp-block-image aligncenter size-full is-resized\"><img decoding=\"async\" width=\"500\" height=\"500\" src=\"https:\/\/obera.fr\/wp-content\/uploads\/2022\/09\/Anneau-de-pouyes-2.jpg\" alt=\"Pouyes Ring 2\" class=\"wp-image-14482\" style=\"object-fit:cover\" srcset=\"https:\/\/obera.fr\/wp-content\/uploads\/2022\/09\/Anneau-de-pouyes-2.jpg 500w, https:\/\/obera.fr\/wp-content\/uploads\/2022\/09\/Anneau-de-pouyes-2-300x300.jpg 300w, https:\/\/obera.fr\/wp-content\/uploads\/2022\/09\/Anneau-de-pouyes-2-150x150.jpg 150w\" sizes=\"(max-width: 500px) 100vw, 500px\" \/><\/figure><\/div>\n\n\n\n<div class=\"wp-block-column is-vertically-aligned-center is-layout-flow wp-block-column-is-layout-flow\" style=\"flex-basis:66.66%\">\n<h3 class=\"wp-block-heading\">RINGSENSOREN<\/h3>\n\n\n\n<p>Pouy\u00e8s-Ringe oder Ringkollektoren sind sehr effektive Quellenerfassungsmethoden. Sie sind so konzipiert, dass sie eine optimale Sauggeschwindigkeit und einen gleichm\u00e4\u00dfigen Luftstrom gew\u00e4hrleisten und gleichzeitig den Raum \u00fcber dem Arbeitsbereich freihalten.<\/p>\n\n\n\n<h3 class=\"wp-block-heading\">Funktionsweise eines Pouy\u00e8s-Rings<\/h3>\n\n\n\n<p>Durch den vom Ventilator erzeugten Unterdruck werden die fl\u00fcchtigen Schadstoffe so nah wie m\u00f6glich an der Emissionsquelle erfasst, von wo aus sie durch die Saugschlitze bis zum Kollektor geleitet werden, der mit dem Filtersystem verbunden ist.<\/p>\n\n\n\n<h3 class=\"wp-block-heading\">VORTEILE<\/h3>\n\n\n\n<p class=\"has-contrast-color has-text-color\">Die Pouy\u00e8s-Ringe sch\u00fctzen nicht nur die Gesundheit der Arbeiter und ihre Arbeitsumgebung, sondern erm\u00f6glichen auch eine<span class=\"JsGRdQ\" style=\"color: rgb(33, 45, 87); font-weight: 400; font-style: normal; text-decoration: none;\"> Optimierung der Absaugleistung und eine echte Energieeinsparung<\/span>. Aus ergonomischer Sicht verhindern die Pouy\u00e8s-Ringe eine Beeintr\u00e4chtigung des Bedieners. In seiner Konfiguration mit Sackauflage kann der Pouy\u00e8s-Ring den Benutzer bei seinen t\u00e4glichen Aufgaben erleichtern und entlasten. Durch ihr Design profitieren Sie auch von einer einfachen und schnellen Wartung.<\/p>\n\n\n\n<div class=\"wp-block-columns is-layout-flex wp-container-core-columns-is-layout-28f84493 wp-block-columns-is-layout-flex\">\n<div class=\"wp-block-column is-vertically-aligned-top is-layout-flow wp-block-column-is-layout-flow\">\n<div class=\"wp-block-buttons is-content-justification-center is-layout-flex wp-container-core-buttons-is-layout-a89b3969 wp-block-buttons-is-layout-flex\">\n<div class=\"wp-block-button is-style-fill\"><a class=\"wp-block-button__link wp-element-button\" href=\"https:\/\/obera.fr\/wp-content\/uploads\/2024\/02\/brochure-anneaux-de-pouyes-1.pdf\">Brosch\u00fcre herunterladen<\/a><\/div>\n<\/div>\n<\/div>\n\n\n\n<div class=\"wp-block-column is-vertically-aligned-top is-layout-flow wp-block-column-is-layout-flow\">\n<div class=\"wp-block-buttons is-horizontal is-content-justification-center is-layout-flex wp-container-core-buttons-is-layout-03627597 wp-block-buttons-is-layout-flex\">\n<div class=\"wp-block-button has-custom-width wp-block-button__width-100\"><a class=\"wp-block-button__link wp-element-button\" href=\"https:\/\/obera.fr\/da\/kontakt-os\/\">F\u00e5 flere oplysninger<\/a><\/div>\n<\/div>\n<\/div>\n\n\n\n<div class=\"wp-block-column is-layout-flow wp-block-column-is-layout-flow\">\n<div class=\"wp-block-buttons is-content-justification-center is-layout-flex wp-container-core-buttons-is-layout-a89b3969 wp-block-buttons-is-layout-flex\">\n<div class=\"wp-block-button btn-devis-source\"><a class=\"wp-block-button__link wp-element-button\" href=\"https:\/\/obera.fr\/da\/devis\/\">Anmod om et tilbud<\/a><\/div>\n<\/div>\n\n\n<script>\r\ndocument.addEventListener('DOMContentLoaded', function() {\r\n    \/\/ 1. On cherche le titre H1 de la page\r\n    var h1 = document.querySelector('h1');\r\n    var productTitle = h1 ? h1.innerText.trim() : \"\";\r\n\r\n    \/\/ 2. On cherche les boutons via la classe CSS .btn-devis-source\r\n    var buttons = document.querySelectorAll('.btn-devis-source a');\r\n\r\n    \/\/ 3. Si on a le titre et les boutons, on ajoute le param\u00e8tre\r\n    if (buttons.length > 0 && productTitle !== \"\") {\r\n        var encodedTitle = encodeURIComponent(productTitle);\r\n\r\n        buttons.forEach(function(btn) {\r\n            var currentHref = btn.getAttribute('href');\r\n            \r\n            \/\/ S\u00e9curit\u00e9 pour ne pas ajouter le param\u00e8tre 2 fois\r\n            if (currentHref.indexOf('sujet=') === -1) {\r\n                var separator = currentHref.indexOf('?') !== -1 ? '&' : '?';\r\n                var newLink = currentHref + separator + 'sujet=' + encodedTitle;\r\n                \r\n                btn.setAttribute('href', newLink);\r\n            }\r\n        });\r\n    }\r\n});\r\n<\/script><\/div>\n<\/div>\n<\/div>\n<\/div>\n\n<h2 class=\"wp-block-heading\">Welche Schadstoffe kann ich mit den Pouy\u00e8s-Ringen behandeln?<\/h2>\n\n<p>Ringsensoren k\u00f6nnen in verschiedenen Industriezweigen eingesetzt werden, z.B. beim Mischen und Entnehmen, Absacken, Abf\u00fcllen, Verpacken, Entleeren, Mahlen und Sieben, Beschicken von Reaktoren oder auch beim Wiegen.<\/p>\n\n<h3 class=\"wp-block-heading\">Wirtschaftssektoren<\/h3>\n\n<div class=\"wp-block-columns is-layout-flex wp-container-core-columns-is-layout-28f84493 wp-block-columns-is-layout-flex\">\n<div class=\"wp-block-column is-layout-flow wp-block-column-is-layout-flow\">\n<figure class=\"wp-block-image aligncenter size-full\"><img decoding=\"async\" width=\"150\" height=\"150\" src=\"https:\/\/obera.fr\/wp-content\/uploads\/2022\/02\/Chimie.png\" alt=\"Chemie\" class=\"wp-image-8846\"\/><figcaption class=\"wp-element-caption\">Chemie<\/figcaption><\/figure><\/div>\n\n\n\n<div class=\"wp-block-column is-layout-flow wp-block-column-is-layout-flow\">\n<figure class=\"wp-block-image aligncenter size-full\"><img decoding=\"async\" width=\"150\" height=\"150\" src=\"https:\/\/obera.fr\/wp-content\/uploads\/2022\/09\/Sans-titre-2022-09-13T095047.797.jpg\" alt=\"Kosmetik\" class=\"wp-image-14491\"\/><figcaption class=\"wp-element-caption\">Kosmetik<\/figcaption><\/figure><\/div>\n\n\n\n<div class=\"wp-block-column is-layout-flow wp-block-column-is-layout-flow\">\n<figure class=\"wp-block-image aligncenter size-full\"><img decoding=\"async\" width=\"150\" height=\"150\" src=\"https:\/\/obera.fr\/wp-content\/uploads\/2022\/02\/AGROALIMENTAIRE.png\" alt=\"Lebensmittelindustrie\" class=\"wp-image-8844\"\/><figcaption class=\"wp-element-caption\">Lebensmittelindustrie<\/figcaption><\/figure><\/div>\n\n\n\n<div class=\"wp-block-column is-layout-flow wp-block-column-is-layout-flow\">\n<figure class=\"wp-block-image aligncenter size-full\"><img decoding=\"async\" width=\"150\" height=\"150\" src=\"https:\/\/obera.fr\/wp-content\/uploads\/2022\/09\/Sans-titre-2022-09-13T095545.356.jpg\" alt=\"Pharmazeutisch\" class=\"wp-image-14497\"\/><figcaption class=\"wp-element-caption\">Pharmazeutisch<\/figcaption><\/figure><\/div>\n\n\n\n<div class=\"wp-block-column is-layout-flow wp-block-column-is-layout-flow\">\n<figure class=\"wp-block-image aligncenter size-full\"><img decoding=\"async\" width=\"150\" height=\"150\" src=\"https:\/\/obera.fr\/wp-content\/uploads\/2022\/09\/Sans-titre-2022-09-13T095819.046.jpg\" alt=\"Mechanik\" class=\"wp-image-14500\"\/><figcaption class=\"wp-element-caption\">Mechanik<\/figcaption><\/figure><\/div>\n<\/div>\n\n<h2 class=\"wp-block-heading\">Was sind die Merkmale?<\/h2>\n\n<p>Die Ringsensoren k\u00f6nnen aus verzinktem Stahl, lackiertem Stahl, INOX 304L und INOX 316L nach Ma\u00df gefertigt werden. Je nach Anwendung und spezifischen Anforderungen sind sie in industrieller oder pharmazeutischer Ausf\u00fchrung, in einteiliger oder zerlegbarer Ausf\u00fchrung erh\u00e4ltlich.<\/p>\n\n<figure class=\"wp-block-image aligncenter size-large is-resized\"><img decoding=\"async\" width=\"1024\" height=\"342\" src=\"https:\/\/obera.fr\/wp-content\/uploads\/2022\/09\/Sans-titre-2022-09-13T102420.496-1024x342.jpg\" alt=\"Merkmale Pouy&#xE8;s-Ringe OberA\" class=\"wp-image-14505\" style=\"width:768px;height:257px\" srcset=\"https:\/\/obera.fr\/wp-content\/uploads\/2022\/09\/Sans-titre-2022-09-13T102420.496-1024x342.jpg 1024w, https:\/\/obera.fr\/wp-content\/uploads\/2022\/09\/Sans-titre-2022-09-13T102420.496-300x100.jpg 300w, https:\/\/obera.fr\/wp-content\/uploads\/2022\/09\/Sans-titre-2022-09-13T102420.496-768x256.jpg 768w, https:\/\/obera.fr\/wp-content\/uploads\/2022\/09\/Sans-titre-2022-09-13T102420.496-1536x512.jpg 1536w, https:\/\/obera.fr\/wp-content\/uploads\/2022\/09\/Sans-titre-2022-09-13T102420.496.jpg 2000w\" sizes=\"(max-width: 1024px) 100vw, 1024px\" \/><\/figure>\n<h2 class=\"wp-block-heading\">Weitere Saug- und Aufnahmeger\u00e4te von OberA<\/h2>\n\n<div class=\"wp-block-columns is-layout-flex wp-container-core-columns-is-layout-28f84493 wp-block-columns-is-layout-flex\">\n<div class=\"wp-block-column is-layout-flow wp-block-column-is-layout-flow\">\n<figure class=\"wp-block-image aligncenter size-full is-resized\"><a href=\"https:\/\/obera.fr\/?page_id=489\"><img decoding=\"async\" width=\"433\" height=\"433\" src=\"https:\/\/obera.fr\/wp-content\/uploads\/2020\/10\/table-SF.png\" alt=\"Schwei&#xDF;en - Rauch\" class=\"wp-image-1179\" style=\"object-fit:cover;width:120px;height:120px\" srcset=\"https:\/\/obera.fr\/wp-content\/uploads\/2020\/10\/table-SF.png 433w, https:\/\/obera.fr\/wp-content\/uploads\/2020\/10\/table-SF-300x300.png 300w, https:\/\/obera.fr\/wp-content\/uploads\/2020\/10\/table-SF-150x150.png 150w\" sizes=\"(max-width: 433px) 100vw, 433px\" \/><\/a><figcaption class=\"wp-element-caption\">Downdraft-Tisch<\/figcaption><\/figure><\/div>\n\n\n\n<div class=\"wp-block-column is-layout-flow wp-block-column-is-layout-flow\">\n<figure class=\"wp-block-image aligncenter size-large is-resized\"><a href=\"https:\/\/obera.fr\/produits\/bras-dispositifs-captation\/bras-de-laboratoire\/\"><img decoding=\"async\" width=\"1024\" height=\"1024\" src=\"https:\/\/obera.fr\/wp-content\/uploads\/2020\/11\/22-bras-de-labo-1024x1024.jpg\" alt=\"Fumex - Labor\" class=\"wp-image-1662\" style=\"object-fit:cover;width:120px;height:120px\" srcset=\"https:\/\/obera.fr\/wp-content\/uploads\/2020\/11\/22-bras-de-labo-1024x1024.jpg 1024w, https:\/\/obera.fr\/wp-content\/uploads\/2020\/11\/22-bras-de-labo-300x300.jpg 300w, https:\/\/obera.fr\/wp-content\/uploads\/2020\/11\/22-bras-de-labo-150x150.jpg 150w, https:\/\/obera.fr\/wp-content\/uploads\/2020\/11\/22-bras-de-labo-768x768.jpg 768w, https:\/\/obera.fr\/wp-content\/uploads\/2020\/11\/22-bras-de-labo.jpg 1500w\" sizes=\"(max-width: 1024px) 100vw, 1024px\" \/><\/a><figcaption class=\"wp-element-caption\">Laborarm<\/figcaption><\/figure><\/div>\n\n\n\n<div class=\"wp-block-column is-layout-flow wp-block-column-is-layout-flow\">\n<figure class=\"wp-block-image aligncenter size-thumbnail is-resized\"><a href=\"https:\/\/obera.fr\/produits\/bras-dispositifs-captation\/dosserets-aspirants\/\"><img decoding=\"async\" width=\"150\" height=\"150\" src=\"https:\/\/obera.fr\/wp-content\/uploads\/2020\/10\/Dosserets-oberA-150x150.png\" alt=\"Produkt - Produktdesign\" class=\"wp-image-1174\" style=\"object-fit:cover;width:120px;height:120px\"\/><\/a><figcaption class=\"wp-element-caption\">Spritzer absaugen<\/figcaption><\/figure><\/div>\n<\/div>\n\n<div class=\"wp-block-columns is-layout-flex wp-container-core-columns-is-layout-28f84493 wp-block-columns-is-layout-flex\">\n<div class=\"wp-block-column is-layout-flow wp-block-column-is-layout-flow\">\n<figure class=\"wp-block-image aligncenter size-thumbnail is-resized\"><a href=\"https:\/\/obera.fr\/produits\/bras-dispositifs-captation\/hotte-rectangulaire\/\"><img decoding=\"async\" width=\"150\" height=\"150\" src=\"https:\/\/obera.fr\/wp-content\/uploads\/2020\/10\/hotte-rectangulaire-150x150.png\" alt=\"Meter - Dunstabzugshaube\" class=\"wp-image-1178\" style=\"object-fit:cover;width:120px;height:120px\" srcset=\"https:\/\/obera.fr\/wp-content\/uploads\/2020\/10\/hotte-rectangulaire-150x150.png 150w, https:\/\/obera.fr\/wp-content\/uploads\/2020\/10\/hotte-rectangulaire.png 158w\" sizes=\"(max-width: 150px) 100vw, 150px\" \/><\/a><figcaption class=\"wp-element-caption\">Rechteckige industrielle Kapselhaube<\/figcaption><\/figure><\/div>\n\n\n\n<div class=\"wp-block-column is-layout-flow wp-block-column-is-layout-flow\">\n<figure class=\"wp-block-image aligncenter size-thumbnail is-resized\"><a href=\"https:\/\/obera.fr\/produits\/bras-dispositifs-captation\/hotte-modulaire\/\"><img decoding=\"async\" width=\"150\" height=\"150\" src=\"https:\/\/obera.fr\/wp-content\/uploads\/2020\/10\/hotte-modulaire-A-logo-SF-150x150.png\" alt=\"Rauch - Staub\" class=\"wp-image-1177\" style=\"object-fit:cover;width:120px;height:120px\"\/><\/a><figcaption class=\"wp-element-caption\">Modulare Hauben<\/figcaption><\/figure><\/div>\n\n\n\n<div class=\"wp-block-column is-layout-flow wp-block-column-is-layout-flow\">\n<figure class=\"wp-block-image aligncenter size-full is-resized\"><a href=\"https:\/\/obera.fr\/produits\/bras-dispositifs-captation\/capot-industriel\/\"><img decoding=\"async\" width=\"150\" height=\"150\" src=\"https:\/\/obera.fr\/wp-content\/uploads\/2020\/10\/capots.png\" alt=\"RAL-Farbnorm - Lack\" class=\"wp-image-1173\" style=\"object-fit:cover;width:120px;height:120px\"\/><\/a><figcaption class=\"wp-element-caption\">Saug- und Fanghaube<\/figcaption><\/figure><\/div>\n<\/div>\n","protected":false},"excerpt":{"rendered":"<p>Saug- und Ringkollektoren Um die Arbeitsumgebung sauber und gesund zu halten und so die Gesundheit der Mitarbeiter zu sch\u00fctzen, m\u00fcssen Schadstoffe bereits bei ihrer Entstehung erfasst werden, so nah wie m\u00f6glich an der Emissionsquelle und so effizient wie m\u00f6glich. Dies geschieht unter Ber\u00fccksichtigung der Art, der Merkmale und der Konzentration des Schadstoffs selbst. Je nach den Anforderungen des Kunden entwirft OberA verschiedene Pouy\u00e8s-Ringe und Saugkollektoren nach Zeichnung. RINGSENSOREN Pouy\u00e8s-Ringe oder Ringkollektoren sind sehr effektive Quellenerfassungsmethoden. Sie sind so konzipiert, dass sie eine optimale Sauggeschwindigkeit und einen gleichm\u00e4\u00dfigen Luftstrom gew\u00e4hrleisten und gleichzeitig den Raum \u00fcber dem Arbeitsbereich freihalten. Funktionsweise eines Pouy\u00e8s-Rings &#8230; <\/p>\n<p class=\"read-more-container\"><a title=\"Ringe von Pouy\u00e8s\" class=\"read-more button\" href=\"https:\/\/obera.fr\/da\/produits\/bras-dispositifs-captation\/ringe-von-pouyes\/#more-31342\" aria-label=\"Read more about Ringe von Pouy\u00e8s\">Lire la suite<\/a><\/p>\n","protected":false},"author":4,"featured_media":29924,"parent":31340,"menu_order":0,"comment_status":"closed","ping_status":"closed","template":"","meta":{"_acf_changed":false,"_seopress_robots_primary_cat":"","_seopress_titles_title":"Entdecken Sie die au\u00dfergew\u00f6hnlichen Vorteile von Pouy\u00e8s' Ringen","_seopress_titles_desc":"Entdecken Sie, warum die Pouy\u00e8s-Ringe der Schl\u00fcssel zu den besten Luftreinigern f\u00fcr eine bessere Luftqualit\u00e4t in Innenr\u00e4umen sind.","_seopress_robots_index":"","footnotes":""},"class_list":{"0":"post-31342","1":"page","2":"type-page","3":"status-publish","4":"has-post-thumbnail","6":"no-featured-image-padding","7":"resize-featured-image"},"acf":[],"_links":{"self":[{"href":"https:\/\/obera.fr\/da\/wp-json\/wp\/v2\/pages\/31342","targetHints":{"allow":["GET"]}}],"collection":[{"href":"https:\/\/obera.fr\/da\/wp-json\/wp\/v2\/pages"}],"about":[{"href":"https:\/\/obera.fr\/da\/wp-json\/wp\/v2\/types\/page"}],"author":[{"embeddable":true,"href":"https:\/\/obera.fr\/da\/wp-json\/wp\/v2\/users\/4"}],"replies":[{"embeddable":true,"href":"https:\/\/obera.fr\/da\/wp-json\/wp\/v2\/comments?post=31342"}],"version-history":[{"count":2,"href":"https:\/\/obera.fr\/da\/wp-json\/wp\/v2\/pages\/31342\/revisions"}],"predecessor-version":[{"id":54281,"href":"https:\/\/obera.fr\/da\/wp-json\/wp\/v2\/pages\/31342\/revisions\/54281"}],"up":[{"embeddable":true,"href":"https:\/\/obera.fr\/da\/wp-json\/wp\/v2\/pages\/31340"}],"wp:featuredmedia":[{"embeddable":true,"href":"https:\/\/obera.fr\/da\/wp-json\/wp\/v2\/media\/29924"}],"wp:attachment":[{"href":"https:\/\/obera.fr\/da\/wp-json\/wp\/v2\/media?parent=31342"}],"curies":[{"name":"wp","href":"https:\/\/api.w.org\/{rel}","templated":true}]}}