{"id":50313,"date":"2024-10-01T16:55:25","date_gmt":"2024-10-01T14:55:25","guid":{"rendered":"https:\/\/obera.fr\/selvstaendige-sugeborde\/"},"modified":"2025-06-30T10:17:21","modified_gmt":"2025-06-30T08:17:21","slug":"table-autonome","status":"publish","type":"page","link":"https:\/\/obera.fr\/da\/produits\/tables-aspirantes\/table-autonome\/","title":{"rendered":"Selvst\u00e6ndige sugeborde"},"content":{"rendered":"\n<h2 class=\"wp-block-heading\">Hvorfor v\u00e6lge et selvst\u00e6ndigt vakuumbord?<\/h2>\n\n<div class=\"wp-block-columns are-vertically-aligned-center is-layout-flex wp-container-core-columns-is-layout-28f84493 wp-block-columns-is-layout-flex\">\n<div class=\"wp-block-column is-vertically-aligned-center is-layout-flow wp-block-column-is-layout-flow\" style=\"flex-basis:33.33%\">\n<figure class=\"wp-block-image aligncenter size-full is-resized\"><img decoding=\"async\" width=\"800\" height=\"800\" src=\"https:\/\/obera.fr\/wp-content\/uploads\/2022\/05\/Sans-titre-61.jpg\" alt=\"Selvst&#xE6;ndige sugeborde\" class=\"wp-image-12901\" srcset=\"https:\/\/obera.fr\/wp-content\/uploads\/2022\/05\/Sans-titre-61.jpg 800w, https:\/\/obera.fr\/wp-content\/uploads\/2022\/05\/Sans-titre-61-300x300.jpg 300w, https:\/\/obera.fr\/wp-content\/uploads\/2022\/05\/Sans-titre-61-150x150.jpg 150w, https:\/\/obera.fr\/wp-content\/uploads\/2022\/05\/Sans-titre-61-768x768.jpg 768w\" sizes=\"(max-width: 800px) 100vw, 800px\" \/><\/figure>\n\n\n\n<div class=\"wp-block-columns is-layout-flex wp-container-core-columns-is-layout-28f84493 wp-block-columns-is-layout-flex\">\n<div class=\"wp-block-column is-layout-flow wp-block-column-is-layout-flow\">\n<figure class=\"wp-block-image size-full is-resized\"><img decoding=\"async\" width=\"800\" height=\"800\" src=\"https:\/\/obera.fr\/wp-content\/uploads\/2022\/05\/Sans-titre-59.jpg\" alt=\"Selvst&#xE6;ndige vakuumborde 1\" class=\"wp-image-12904\" srcset=\"https:\/\/obera.fr\/wp-content\/uploads\/2022\/05\/Sans-titre-59.jpg 800w, https:\/\/obera.fr\/wp-content\/uploads\/2022\/05\/Sans-titre-59-300x300.jpg 300w, https:\/\/obera.fr\/wp-content\/uploads\/2022\/05\/Sans-titre-59-150x150.jpg 150w, https:\/\/obera.fr\/wp-content\/uploads\/2022\/05\/Sans-titre-59-768x768.jpg 768w\" sizes=\"(max-width: 800px) 100vw, 800px\" \/><\/figure>\n<\/div>\n\n\n\n<div class=\"wp-block-column is-layout-flow wp-block-column-is-layout-flow\">\n<figure class=\"wp-block-image size-medium is-resized\"><img decoding=\"async\" width=\"300\" height=\"300\" src=\"https:\/\/obera.fr\/wp-content\/uploads\/2022\/05\/Sans-titre-63-300x300.jpg\" alt=\"Selvst&#xE6;ndige vakuumborde 2\" class=\"wp-image-12895\" srcset=\"https:\/\/obera.fr\/wp-content\/uploads\/2022\/05\/Sans-titre-63-300x300.jpg 300w, https:\/\/obera.fr\/wp-content\/uploads\/2022\/05\/Sans-titre-63-150x150.jpg 150w, https:\/\/obera.fr\/wp-content\/uploads\/2022\/05\/Sans-titre-63-768x768.jpg 768w, https:\/\/obera.fr\/wp-content\/uploads\/2022\/05\/Sans-titre-63.jpg 800w\" sizes=\"(max-width: 300px) 100vw, 300px\" \/><\/figure>\n<\/div>\n\n\n\n<div class=\"wp-block-column is-layout-flow wp-block-column-is-layout-flow\">\n<figure class=\"wp-block-image size-full is-resized\"><img decoding=\"async\" width=\"800\" height=\"800\" src=\"https:\/\/obera.fr\/wp-content\/uploads\/2022\/05\/Sans-titre-64.jpg\" alt=\"Selvst&#xE6;ndige vakuumborde 3\" class=\"wp-image-12892\" srcset=\"https:\/\/obera.fr\/wp-content\/uploads\/2022\/05\/Sans-titre-64.jpg 800w, https:\/\/obera.fr\/wp-content\/uploads\/2022\/05\/Sans-titre-64-300x300.jpg 300w, https:\/\/obera.fr\/wp-content\/uploads\/2022\/05\/Sans-titre-64-150x150.jpg 150w, https:\/\/obera.fr\/wp-content\/uploads\/2022\/05\/Sans-titre-64-768x768.jpg 768w\" sizes=\"(max-width: 800px) 100vw, 800px\" \/><\/figure>\n<\/div>\n<\/div>\n<\/div>\n\n\n\n<div class=\"wp-block-column is-vertically-aligned-center is-layout-flow wp-block-column-is-layout-flow\" style=\"flex-basis:66.66%\">\n<h3 class=\"wp-block-heading\">HVORDAN virker det?  <\/h3>\n\n\n\n<p>For at opretholde et forureningsfrit milj\u00f8 skal forurenende partikler opfanges effektivt af udsugningsenheden. Takket v\u00e6re den ensartede filtrering fra bunden og forsiden ind\u00e5nder operat\u00f8ren ingen giftige stoffer. B\u00e6nken kan tilpasses med forskellige typer platforme og gitre, afh\u00e6ngigt af det arbejde, der skal udf\u00f8res, for at sikre en effektiv behandling af forurenende stoffer. I mods\u00e6tning til <a href=\"https:\/\/obera.fr\/da\/produits\/tables-aspirantes\/\" data-type=\"page\" data-id=\"489\">konventionelle sugeborde<\/a> har disse et indbygget sugesystem og beh\u00f8ver ikke at blive tilsluttet en luftbehandlingsenhed.   <\/p>\n\n\n\n<p><\/p>\n\n\n\n<h3 class=\"wp-block-heading\">Automatisk filterrensning<\/h3>\n\n\n\n<p>Det selvst\u00e6ndige vakuumbord er udstyret med et automatisk filterrensningssystem. Ved hj\u00e6lp af en tryklufttank renser det filterpatronen, hvilket g\u00f8r arbejdsprocessen lettere for operat\u00f8ren og sparer tid. HEPA-filtrering er valgfri.  <\/p>\n\n\n\n<div class=\"wp-block-columns is-layout-flex wp-container-core-columns-is-layout-28f84493 wp-block-columns-is-layout-flex\">\n<div class=\"wp-block-column is-layout-flow wp-block-column-is-layout-flow\">\n<div class=\"wp-block-buttons is-content-justification-center is-layout-flex wp-container-core-buttons-is-layout-a89b3969 wp-block-buttons-is-layout-flex\">\n<div class=\"wp-block-button is-style-fill\"><a class=\"wp-block-button__link wp-element-button\" href=\"https:\/\/obera.fr\/wp-content\/uploads\/2025\/08\/brochure-table-aspirante-autonome-en.pdf\">Download produktarket<\/a><\/div>\n<\/div>\n<\/div>\n\n\n\n<div class=\"wp-block-column is-layout-flow wp-block-column-is-layout-flow\">\n<div class=\"wp-block-buttons is-horizontal is-content-justification-center is-layout-flex wp-container-core-buttons-is-layout-03627597 wp-block-buttons-is-layout-flex\">\n<div class=\"wp-block-button has-custom-width wp-block-button__width-100\"><a class=\"wp-block-button__link wp-element-button\" href=\"https:\/\/obera.fr\/da\/kontakt-os\/\">F\u00e5 flere oplysninger<\/a><\/div>\n<\/div>\n<\/div>\n\n\n\n<div class=\"wp-block-column is-layout-flow wp-block-column-is-layout-flow\">\n<div class=\"wp-block-buttons is-content-justification-center is-layout-flex wp-container-core-buttons-is-layout-a89b3969 wp-block-buttons-is-layout-flex\">\n<div class=\"wp-block-button btn-devis-source\"><a class=\"wp-block-button__link wp-element-button\" href=\"https:\/\/obera.fr\/da\/devis\/\">Anmod om et tilbud<\/a><\/div>\n<\/div>\n\n\n<script>\r\ndocument.addEventListener('DOMContentLoaded', function() {\r\n    \/\/ 1. On cherche le titre H1 de la page\r\n    var h1 = document.querySelector('h1');\r\n    var productTitle = h1 ? h1.innerText.trim() : \"\";\r\n\r\n    \/\/ 2. On cherche les boutons via la classe CSS .btn-devis-source\r\n    var buttons = document.querySelectorAll('.btn-devis-source a');\r\n\r\n    \/\/ 3. Si on a le titre et les boutons, on ajoute le param\u00e8tre\r\n    if (buttons.length > 0 && productTitle !== \"\") {\r\n        var encodedTitle = encodeURIComponent(productTitle);\r\n\r\n        buttons.forEach(function(btn) {\r\n            var currentHref = btn.getAttribute('href');\r\n            \r\n            \/\/ S\u00e9curit\u00e9 pour ne pas ajouter le param\u00e8tre 2 fois\r\n            if (currentHref.indexOf('sujet=') === -1) {\r\n                var separator = currentHref.indexOf('?') !== -1 ? '&' : '?';\r\n                var newLink = currentHref + separator + 'sujet=' + encodedTitle;\r\n                \r\n                btn.setAttribute('href', newLink);\r\n            }\r\n        });\r\n    }\r\n});\r\n<\/script><\/div>\n<\/div>\n<\/div>\n<\/div>\n\n<div class=\"wp-block-columns is-layout-flex wp-container-core-columns-is-layout-28f84493 wp-block-columns-is-layout-flex\">\n<div class=\"wp-block-column is-layout-flow wp-block-column-is-layout-flow\" style=\"flex-basis:25%\"><\/div>\n\n\n\n<div class=\"wp-block-column is-layout-flow wp-block-column-is-layout-flow\" style=\"flex-basis:50%\">\n<figure class=\"wp-block-embed is-type-video is-provider-youtube wp-block-embed-youtube wp-embed-aspect-16-9 wp-has-aspect-ratio\"><div class=\"wp-block-embed__wrapper\">\n<iframe title=\"Table Aspirante Autonome - Obera\" width=\"1200\" height=\"675\" src=\"https:\/\/www.youtube.com\/embed\/CvznCWlnJBA?feature=oembed\" frameborder=\"0\" allow=\"accelerometer; autoplay; clipboard-write; encrypted-media; gyroscope; picture-in-picture; web-share\" referrerpolicy=\"strict-origin-when-cross-origin\" allowfullscreen><\/iframe>\n<\/div><\/figure>\n<\/div>\n\n\n\n<div class=\"wp-block-column is-layout-flow wp-block-column-is-layout-flow\" style=\"flex-basis:25%\"><\/div>\n<\/div>\n\n<p><\/p>\n\n<h2 class=\"wp-block-heading\">Til hvilke form\u00e5l?<\/h2>\n\n<p>Selvst\u00e6ndige vakuumborde er den ideelle l\u00f8sning til slibning, svejsning, maling, p\u00e5f\u00f8ring af lim og alle processer, der producerer r\u00f8g og st\u00f8v, som kan v\u00e6re sundhedsskadeligt for operat\u00f8ren, hvis det ind\u00e5ndes.<\/p>\n\n<div class=\"wp-block-columns is-layout-flex wp-container-core-columns-is-layout-28f84493 wp-block-columns-is-layout-flex\">\n<div class=\"wp-block-column is-layout-flow wp-block-column-is-layout-flow\">\n<figure class=\"wp-block-image aligncenter size-full is-resized\"><img decoding=\"async\" width=\"800\" height=\"500\" src=\"https:\/\/obera.fr\/wp-content\/uploads\/2022\/05\/Sffans-titre.png\" alt=\"sffans titel\" class=\"wp-image-12913\" srcset=\"https:\/\/obera.fr\/wp-content\/uploads\/2022\/05\/Sffans-titre.png 800w, https:\/\/obera.fr\/wp-content\/uploads\/2022\/05\/Sffans-titre-300x188.png 300w, https:\/\/obera.fr\/wp-content\/uploads\/2022\/05\/Sffans-titre-768x480.png 768w\" sizes=\"(max-width: 800px) 100vw, 800px\" \/><\/figure>\n<\/div>\n\n\n\n<div class=\"wp-block-column is-layout-flow wp-block-column-is-layout-flow\">\n<figure class=\"wp-block-image aligncenter size-full is-resized\"><img decoding=\"async\" width=\"800\" height=\"500\" src=\"https:\/\/obera.fr\/wp-content\/uploads\/2022\/05\/dfSans-titre.png\" alt=\"dfs uden titel\" class=\"wp-image-12919\" srcset=\"https:\/\/obera.fr\/wp-content\/uploads\/2022\/05\/dfSans-titre.png 800w, https:\/\/obera.fr\/wp-content\/uploads\/2022\/05\/dfSans-titre-300x188.png 300w, https:\/\/obera.fr\/wp-content\/uploads\/2022\/05\/dfSans-titre-768x480.png 768w\" sizes=\"(max-width: 800px) 100vw, 800px\" \/><\/figure>\n<\/div>\n\n\n\n<div class=\"wp-block-column is-layout-flow wp-block-column-is-layout-flow\">\n<figure class=\"wp-block-image aligncenter size-full is-resized\"><img decoding=\"async\" width=\"800\" height=\"500\" src=\"https:\/\/obera.fr\/wp-content\/uploads\/2022\/05\/Sans-titre.png\" alt=\"uden titel\" class=\"wp-image-12916\" srcset=\"https:\/\/obera.fr\/wp-content\/uploads\/2022\/05\/Sans-titre.png 800w, https:\/\/obera.fr\/wp-content\/uploads\/2022\/05\/Sans-titre-300x188.png 300w, https:\/\/obera.fr\/wp-content\/uploads\/2022\/05\/Sans-titre-768x480.png 768w\" sizes=\"(max-width: 800px) 100vw, 800px\" \/><\/figure>\n<\/div>\n<\/div>\n\n<div class=\"wp-block-columns is-layout-flex wp-container-core-columns-is-layout-28f84493 wp-block-columns-is-layout-flex\">\n<div class=\"wp-block-column is-layout-flow wp-block-column-is-layout-flow\">\n<div style=\"height:42px\" aria-hidden=\"true\" class=\"wp-block-spacer\"><\/div>\n\n\n\n<h3 class=\"wp-block-heading has-text-align-center\" id=\"polluants\">Forurenende stoffer<\/h3>\n\n\n\n<hr class=\"wp-block-separator has-css-opacity is-style-wide\"\/>\n\n\n\n<div class=\"wp-block-columns is-layout-flex wp-container-core-columns-is-layout-28f84493 wp-block-columns-is-layout-flex\">\n<div class=\"wp-block-column is-layout-flow wp-block-column-is-layout-flow\">\n<figure class=\"wp-block-image aligncenter size-large\"><img decoding=\"async\" width=\"70\" height=\"70\" src=\"https:\/\/obera.fr\/wp-content\/uploads\/2020\/08\/polluants-poussieres.jpg\" alt=\"Forurenende stoffer St&#xF8;v\" class=\"wp-image-675\"\/><figcaption class=\"wp-element-caption\">St\u00f8v<\/figcaption><\/figure>\n\n\n\n<figure class=\"wp-block-image aligncenter size-large\"><img decoding=\"async\" width=\"70\" height=\"70\" src=\"https:\/\/obera.fr\/wp-content\/uploads\/2020\/08\/industrie-fumees.jpg\" alt=\"R&#xF8;g i industrien\" class=\"wp-image-722\"\/><figcaption class=\"wp-element-caption\">Damp<\/figcaption><\/figure>\n\n\n\n<figure class=\"wp-block-image aligncenter size-large\"><img decoding=\"async\" width=\"70\" height=\"70\" src=\"https:\/\/obera.fr\/wp-content\/uploads\/2020\/08\/industrie-brouillard-huile.jpg\" alt=\"Industriens t&#xE5;geolie\" class=\"wp-image-721\"\/><figcaption class=\"wp-element-caption\">Oliet\u00e5ge<\/figcaption><\/figure>\n<\/div>\n\n\n\n<div class=\"wp-block-column is-layout-flow wp-block-column-is-layout-flow\">\n<figure class=\"wp-block-image aligncenter size-large\"><img decoding=\"async\" width=\"70\" height=\"70\" src=\"https:\/\/obera.fr\/wp-content\/uploads\/2020\/08\/polluants-copeaux-bois.jpg\" alt=\"Forurenende stoffer Tr&#xE6;flis\" class=\"wp-image-674\"\/><figcaption class=\"wp-element-caption\">Chips<\/figcaption><\/figure>\n\n\n\n<figure class=\"wp-block-image aligncenter size-large\"><img decoding=\"async\" width=\"70\" height=\"70\" src=\"https:\/\/obera.fr\/wp-content\/uploads\/2020\/08\/industrie-odeur.jpg\" alt=\"Industriens lugt\" class=\"wp-image-723\"\/><figcaption class=\"wp-element-caption\">Lugte<\/figcaption><\/figure>\n\n\n\n<figure class=\"wp-block-image aligncenter size-large\"><img decoding=\"async\" width=\"70\" height=\"70\" src=\"https:\/\/obera.fr\/wp-content\/uploads\/2020\/09\/cov.png\" alt=\"Cov\" class=\"wp-image-959\"\/><figcaption class=\"wp-element-caption\">VOCS<\/figcaption><\/figure>\n<\/div>\n<\/div>\n<\/div>\n\n\n\n<div class=\"wp-block-column is-layout-flow wp-block-column-is-layout-flow\">\n<div style=\"height:42px\" aria-hidden=\"true\" class=\"wp-block-spacer\"><\/div>\n\n\n\n<h3 class=\"wp-block-heading has-text-align-center\" id=\"industries\">Industrier<\/h3>\n\n\n\n<hr class=\"wp-block-separator has-css-opacity is-style-wide\"\/>\n\n\n\n<div class=\"wp-block-columns is-layout-flex wp-container-core-columns-is-layout-28f84493 wp-block-columns-is-layout-flex\">\n<div class=\"wp-block-column is-layout-flow wp-block-column-is-layout-flow\">\n<figure class=\"wp-block-image aligncenter size-large\"><img decoding=\"async\" width=\"70\" height=\"70\" src=\"https:\/\/obera.fr\/wp-content\/uploads\/2020\/08\/industrie-metallurgie.jpg\" alt=\"Metallurgisk industri\" class=\"wp-image-673\"\/><figcaption class=\"wp-element-caption\">Metallurgi<\/figcaption><\/figure>\n\n\n\n<figure class=\"wp-block-image aligncenter size-large\"><img decoding=\"async\" width=\"70\" height=\"70\" src=\"https:\/\/obera.fr\/wp-content\/uploads\/2020\/08\/industrie-plastique.jpg\" alt=\"Plastindustrien\" class=\"wp-image-669\"\/><figcaption class=\"wp-element-caption\">Plast<\/figcaption><\/figure>\n\n\n\n<figure class=\"wp-block-image aligncenter size-large\"><img decoding=\"async\" width=\"70\" height=\"70\" src=\"https:\/\/obera.fr\/wp-content\/uploads\/2020\/08\/industrie-minerai.jpg\" alt=\"Malmindustrien\" class=\"wp-image-724\"\/><figcaption class=\"wp-element-caption\">Mineraler<\/figcaption><\/figure>\n\n\n\n<figure class=\"wp-block-image aligncenter size-large\"><img decoding=\"async\" width=\"70\" height=\"70\" src=\"https:\/\/obera.fr\/wp-content\/uploads\/2020\/08\/industrie-papier-carton.jpg\" alt=\"Papir- og papindustrien\" class=\"wp-image-670\"\/><figcaption class=\"wp-element-caption\">Papir\/karton<\/figcaption><\/figure>\n<\/div>\n\n\n\n<div class=\"wp-block-column is-layout-flow wp-block-column-is-layout-flow\">\n<figure class=\"wp-block-image aligncenter size-large\"><img decoding=\"async\" width=\"70\" height=\"70\" src=\"https:\/\/obera.fr\/wp-content\/uploads\/2020\/08\/industrie-bois.jpg\" alt=\"Tr&#xE6;industrien\" class=\"wp-image-672\"\/><figcaption class=\"wp-element-caption\">Tr\u00e6bearbejdning<\/figcaption><\/figure>\n\n\n\n<figure class=\"wp-block-image aligncenter size-large\"><img decoding=\"async\" width=\"70\" height=\"70\" src=\"https:\/\/obera.fr\/wp-content\/uploads\/2020\/08\/industrie-textile.jpg\" alt=\"Tekstilindustrien\" class=\"wp-image-671\"\/><figcaption class=\"wp-element-caption\">Tekstiler<\/figcaption><\/figure>\n\n\n\n<figure class=\"wp-block-image aligncenter size-large\"><img decoding=\"async\" width=\"70\" height=\"70\" src=\"https:\/\/obera.fr\/wp-content\/uploads\/2020\/08\/industrie-chimie.jpg\" alt=\"Kemisk industri\" class=\"wp-image-725\"\/><figcaption class=\"wp-element-caption\">Kemikalier\/petrokemikalier<\/figcaption><\/figure>\n\n\n\n<figure class=\"wp-block-image aligncenter size-large\"><img decoding=\"async\" width=\"70\" height=\"70\" src=\"https:\/\/obera.fr\/wp-content\/uploads\/2020\/08\/industrie-dechets.jpg\" alt=\"Affald fra industrien\" class=\"wp-image-726\"\/><figcaption class=\"wp-element-caption\">Indsamling og sortering af affald<\/figcaption><\/figure>\n<\/div>\n<\/div>\n<\/div>\n<\/div>\n\n<h2 class=\"wp-block-heading\">Egenskaber ved vores fritst\u00e5ende sugeborde<\/h2>\n\n<p>Vores selvst\u00e6ndige sugeborde er fremstillet af fremragende materialer og er ekstremt robuste. De varierer i st\u00f8rrelse afh\u00e6ngigt af modellen. De har en arbejdsflade (L x B) fra 1000 x 1500 mm til 1000 x 2500 mm. Den nederste del af bordet har skuffer til opsamling af groft affald. Bordet kan tilpasses med forskellige typer platforme og riste, afh\u00e6ngigt af det arbejde, der skal udf\u00f8res.    <\/p>\n\n<h3 class=\"wp-block-heading\">Automatisk filterrensning<\/h3>\n\n<p>De selvst\u00e6ndige vakuumborde er udstyret med et patronfilter med en passende filtreringsoverflade. Reng\u00f8ringssystemet er automatisk: en tryklufttank renser patronen, hvilket g\u00f8r arbejdsprocessen lettere for operat\u00f8ren og sparer tid. Slutfiltrering med HEPA-filter er valgfrit. <\/p>\n\n<h3 class=\"wp-block-heading\">Gnistudskilleren<\/h3>\n\n<p>Gnistudskilleren, der er monteret som standard og har samme l\u00e6ngde som bordpladen, spiller en vigtig rolle. Den beskytter patronen mod gnister og stumpe genstande. Den forhindrer ogs\u00e5 udsugede partikler i at tilstoppe filteret. BAS-V&#8217;s integrerede ventilator g\u00f8r den til en komplet og alsidig maskine.   <\/p>\n\n<h3 class=\"wp-block-heading\">VALGFRIT<\/h3>\n\n<ul class=\"wp-block-list\">\n<li>Overensstemmelse med ATEX 20-22<\/li>\n\n\n\n<li>HEPA-filtrering<\/li>\n\n\n\n<li>304\/316 rustfrit st\u00e5l<\/li>\n\n\n\n<li>Maling, der er modstandsdygtig over for barske milj\u00f8er<\/li>\n\n\n\n<li>Udf\u00f8relse med specialst\u00e5l (Corten)<\/li>\n\n\n\n<li>Brandsikringssystem<\/li>\n\n\n\n<li>Stille og roligt.<\/li>\n<\/ul>\n\n<div class=\"wp-block-buttons is-content-justification-center is-layout-flex wp-container-core-buttons-is-layout-a89b3969 wp-block-buttons-is-layout-flex\">\n<div class=\"wp-block-button is-style-fill\"><a class=\"wp-block-button__link wp-element-button\" href=\"https:\/\/obera.fr\/wp-content\/uploads\/2025\/08\/brochure-table-aspirante-autonome-en.pdf\">Download produktarket<\/a><\/div>\n<\/div>\n\n<h2 class=\"wp-block-heading\">Hvad er fordelene ved vores selvst\u00e6ndige sugeborde?<\/h2>\n\n<p>Selvst\u00e6ndige sugeborde beskytter operat\u00f8rerne mod risikoen for luftvejs- og hudsygdomme. De f\u00e5s i en r\u00e6kke forskellige st\u00f8rrelser for at give en sund arbejdsstation, der er tilpasset operat\u00f8rens behov.   <\/p>\n\n<p>Overhold <a href=\"https:\/\/obera.fr\/da\/vores-raad\/reglementation-vlep-evaluation-risque-chimique-lieu-de-travail\/\" data-type=\"post\" data-id=\"6575\">gr\u00e6nsev\u00e6rdierne for erhvervsm\u00e6ssig eksponering<\/a> (OELV&#8217;er), og beskyt dine operat\u00f8rer i deres arbejdsomr\u00e5de.  <\/p>\n\n<div class=\"wp-block-columns is-layout-flex wp-container-core-columns-is-layout-28f84493 wp-block-columns-is-layout-flex\">\n<div class=\"wp-block-column is-layout-flow wp-block-column-is-layout-flow\">\n<h3 class=\"wp-block-heading has-text-align-center\" id=\"avantages\">Fordele<\/h3>\n\n\n\n<ul class=\"wp-block-list\">\n<li>Intet behov for at tilslutte en ventilator eller st\u00f8vopsamler<\/li>\n\n\n\n<li>Ideel til afgratning, slibning eller svejsning af arbejdsemner<\/li>\n\n\n\n<li>Velegnet til limning, lakering osv.<\/li>\n<\/ul>\n<\/div>\n\n\n\n<div class=\"wp-block-column is-layout-flow wp-block-column-is-layout-flow\">\n<h3 class=\"wp-block-heading has-text-align-center\" id=\"particularites\">S\u00e6rlige funktioner<\/h3>\n\n\n\n<ul class=\"wp-block-list\">\n<li>Automatisk filterrensning<\/li>\n\n\n\n<li>Gnistudskilleren<\/li>\n\n\n\n<li>Skuffe til opsamling af groft affald<\/li>\n<\/ul>\n<\/div>\n\n\n\n<div class=\"wp-block-column is-layout-flow wp-block-column-is-layout-flow\">\n<h3 class=\"wp-block-heading has-text-align-center\" id=\"caracteristiques\">Funktioner<\/h3>\n\n\n\n<ul class=\"wp-block-list\">\n<li>Sikker arbejdsstation<\/li>\n\n\n\n<li>Kompakt l\u00f8sning<\/li>\n\n\n\n<li>Rummelig arbejdsflade<\/li>\n\n\n\n<li>Robuste materialer<\/li>\n\n\n\n<li>Groft affald er let at bortskaffe<\/li>\n<\/ul>\n<\/div>\n<\/div>\n\n<div class=\"wp-block-buttons is-horizontal is-content-justification-center is-layout-flex wp-container-core-buttons-is-layout-03627597 wp-block-buttons-is-layout-flex\">\n<div class=\"wp-block-button has-custom-width wp-block-button__width-100\"><a class=\"wp-block-button__link wp-element-button\" href=\"https:\/\/obera.fr\/da\/kontakt-os\/\">F\u00e5 flere oplysninger<\/a><\/div>\n<\/div>\n\n<h2 class=\"wp-block-heading\">Andre oberA-sugeborde<\/h2>\n\n<div class=\"wp-block-columns is-layout-flex wp-container-core-columns-is-layout-28f84493 wp-block-columns-is-layout-flex\">\n<div class=\"wp-block-column is-layout-flow wp-block-column-is-layout-flow\">\n<figure class=\"wp-block-image aligncenter size-thumbnail is-resized\"><a href=\"https:\/\/obera.fr\/produits\/tables-aspirantes\/table-rotative-360\/\"><img decoding=\"async\" width=\"150\" height=\"150\" src=\"https:\/\/obera.fr\/wp-content\/uploads\/2021\/03\/Table_aspirante_360-150x150.png\" alt=\"360&#xB0; sugebord\" class=\"wp-image-4952\"\/><\/a><figcaption class=\"wp-element-caption\">360\u00b0 sugebord<\/figcaption><\/figure>\n<\/div>\n\n\n\n<div class=\"wp-block-column is-layout-flow wp-block-column-is-layout-flow\">\n<figure class=\"wp-block-image aligncenter size-thumbnail is-resized\"><a href=\"https:\/\/obera.fr\/produits\/tables-aspirantes\/table-aspirante-a-at\/\"><img decoding=\"async\" width=\"150\" height=\"150\" src=\"https:\/\/obera.fr\/wp-content\/uploads\/2020\/10\/table-SF-150x150.png\" alt=\"Sugeborde\" class=\"wp-image-1179\" srcset=\"https:\/\/obera.fr\/wp-content\/uploads\/2020\/10\/table-SF-150x150.png 150w, https:\/\/obera.fr\/wp-content\/uploads\/2020\/10\/table-SF-300x300.png 300w, https:\/\/obera.fr\/wp-content\/uploads\/2020\/10\/table-SF.png 433w\" sizes=\"(max-width: 150px) 100vw, 150px\" \/><\/a><figcaption class=\"wp-element-caption\">A &amp; AT-sugebord<\/figcaption><\/figure>\n<\/div>\n\n\n\n<div class=\"wp-block-column is-layout-flow wp-block-column-is-layout-flow\">\n<figure class=\"wp-block-image aligncenter size-thumbnail\"><img decoding=\"async\" width=\"150\" height=\"150\" src=\"https:\/\/obera.fr\/wp-content\/uploads\/2024\/05\/epurbox-tsp-150x150.png\" alt=\"epurbox tsp\" class=\"wp-image-30348\" srcset=\"https:\/\/obera.fr\/wp-content\/uploads\/2024\/05\/epurbox-tsp-150x150.png 150w, https:\/\/obera.fr\/wp-content\/uploads\/2024\/05\/epurbox-tsp-300x300.png 300w, https:\/\/obera.fr\/wp-content\/uploads\/2024\/05\/epurbox-tsp-1024x1024.png 1024w, https:\/\/obera.fr\/wp-content\/uploads\/2024\/05\/epurbox-tsp-768x768.png 768w, https:\/\/obera.fr\/wp-content\/uploads\/2024\/05\/epurbox-tsp.png 1200w\" sizes=\"(max-width: 150px) 100vw, 150px\" \/><figcaption class=\"wp-element-caption\">ePURBOX Atex<\/figcaption><\/figure>\n<\/div>\n<\/div>\n","protected":false},"excerpt":{"rendered":"<p>Hvorfor v\u00e6lge et selvst\u00e6ndigt vakuumbord? HVORDAN virker det? For at opretholde et forureningsfrit milj\u00f8 skal forurenende partikler opfanges effektivt af udsugningsenheden. Takket v\u00e6re den ensartede filtrering fra bunden og forsiden ind\u00e5nder operat\u00f8ren ingen giftige stoffer. B\u00e6nken kan tilpasses med forskellige typer platforme og gitre, afh\u00e6ngigt af det arbejde, der skal udf\u00f8res, for at sikre en effektiv behandling af forurenende stoffer. I mods\u00e6tning til konventionelle sugeborde har disse et indbygget sugesystem og beh\u00f8ver ikke at blive tilsluttet en luftbehandlingsenhed. Automatisk filterrensning Det selvst\u00e6ndige vakuumbord er udstyret med et automatisk filterrensningssystem. Ved hj\u00e6lp af en tryklufttank renser det filterpatronen, hvilket g\u00f8r arbejdsprocessen &#8230; <\/p>\n<p class=\"read-more-container\"><a title=\"Selvst\u00e6ndige sugeborde\" class=\"read-more button\" href=\"https:\/\/obera.fr\/da\/produits\/tables-aspirantes\/table-autonome\/#more-50313\" aria-label=\"Read more about Selvst\u00e6ndige sugeborde\">Lire la suite<\/a><\/p>\n","protected":false},"author":4,"featured_media":83735,"parent":51800,"menu_order":0,"comment_status":"closed","ping_status":"closed","template":"","meta":{"_acf_changed":false,"_seopress_robots_primary_cat":"","_seopress_titles_title":"Selvst\u00e6ndige sugeborde beskytter operat\u00f8rerne","_seopress_titles_desc":"Oplev OberA's selvst\u00e6ndige vakuumborde. Disse vakuumborde kr\u00e6ver ingen st\u00f8vopsamler og beskytter operat\u00f8rerne ved deres arbejdsstation. ","_seopress_robots_index":"","footnotes":""},"class_list":{"0":"post-50313","1":"page","2":"type-page","3":"status-publish","4":"has-post-thumbnail","6":"no-featured-image-padding","7":"resize-featured-image"},"acf":[],"_links":{"self":[{"href":"https:\/\/obera.fr\/da\/wp-json\/wp\/v2\/pages\/50313","targetHints":{"allow":["GET"]}}],"collection":[{"href":"https:\/\/obera.fr\/da\/wp-json\/wp\/v2\/pages"}],"about":[{"href":"https:\/\/obera.fr\/da\/wp-json\/wp\/v2\/types\/page"}],"author":[{"embeddable":true,"href":"https:\/\/obera.fr\/da\/wp-json\/wp\/v2\/users\/4"}],"replies":[{"embeddable":true,"href":"https:\/\/obera.fr\/da\/wp-json\/wp\/v2\/comments?post=50313"}],"version-history":[{"count":6,"href":"https:\/\/obera.fr\/da\/wp-json\/wp\/v2\/pages\/50313\/revisions"}],"predecessor-version":[{"id":117841,"href":"https:\/\/obera.fr\/da\/wp-json\/wp\/v2\/pages\/50313\/revisions\/117841"}],"up":[{"embeddable":true,"href":"https:\/\/obera.fr\/da\/wp-json\/wp\/v2\/pages\/51800"}],"wp:featuredmedia":[{"embeddable":true,"href":"https:\/\/obera.fr\/da\/wp-json\/wp\/v2\/media\/83735"}],"wp:attachment":[{"href":"https:\/\/obera.fr\/da\/wp-json\/wp\/v2\/media?parent=50313"}],"curies":[{"name":"wp","href":"https:\/\/api.w.org\/{rel}","templated":true}]}}