{"id":50589,"date":"2024-05-07T09:40:58","date_gmt":"2024-05-07T07:40:58","guid":{"rendered":"https:\/\/obera.fr\/mobile-sugeenheder\/epurbox-tsp-mobilt-bord\/"},"modified":"2025-06-30T14:00:32","modified_gmt":"2025-06-30T12:00:32","slug":"epurbox-tsp","status":"publish","type":"page","link":"https:\/\/obera.fr\/da\/produits\/caissons-mobiles-aspiration\/epurbox-tsp\/","title":{"rendered":"EpurBox TSP"},"content":{"rendered":"\n<div class=\"wp-block-columns is-layout-flex wp-container-core-columns-is-layout-28f84493 wp-block-columns-is-layout-flex\">\n<div class=\"wp-block-column is-vertically-aligned-top is-layout-flow wp-block-column-is-layout-flow\" style=\"flex-basis:33.33%\">\n<figure class=\"wp-block-image aligncenter size-full is-resized\"><img decoding=\"async\" width=\"1200\" height=\"1200\" src=\"https:\/\/obera.fr\/wp-content\/uploads\/2024\/05\/epurbox-tsp.png\" alt=\"epurbox tsp sugebord\" class=\"wp-image-30348\" style=\"width:296px;height:346px\" srcset=\"https:\/\/obera.fr\/wp-content\/uploads\/2024\/05\/epurbox-tsp.png 1200w, https:\/\/obera.fr\/wp-content\/uploads\/2024\/05\/epurbox-tsp-300x300.png 300w, https:\/\/obera.fr\/wp-content\/uploads\/2024\/05\/epurbox-tsp-1024x1024.png 1024w, https:\/\/obera.fr\/wp-content\/uploads\/2024\/05\/epurbox-tsp-150x150.png 150w, https:\/\/obera.fr\/wp-content\/uploads\/2024\/05\/epurbox-tsp-768x768.png 768w\" sizes=\"(max-width: 1200px) 100vw, 1200px\" \/><figcaption class=\"wp-element-caption\">ePURbox TSP<\/figcaption><\/figure>\n<\/div>\n\n\n\n<div class=\"wp-block-column is-layout-flow wp-block-column-is-layout-flow\" style=\"flex-basis:66.66%\">\n<p><strong>ePURBOX-sugebordet<\/strong> er direkte integreret i ePURBOX-apparatet. Det har sit eget filtreringssystem og sin egen ventilator til behandling af lugt og VOC&#8217;er. Bagv\u00e6gsbekl\u00e6dningen sikrer en meget effektiv opsugning og indfangning af forurenende stoffer over hele sugebordets overflade.  <\/p>\n\n\n\n<p>Grove partikler filtreres opstr\u00f8ms af et integreret forfilter (G4) for at forl\u00e6nge de aktive kulpatroners levetid.<\/p>\n\n\n\n<p>Bekl\u00e6dningen p\u00e5 sidev\u00e6ggene sikrer en meget h\u00f8j grad af lugtindfangning p\u00e5 bordets overflade. Endelig filtreres procesluften med aktivt kul (type A) og kan genindf\u00f8res i arbejdsomr\u00e5det. <\/p>\n\n\n\n<hr class=\"wp-block-separator has-css-opacity is-style-dots\"\/>\n\n\n\n<div class=\"wp-block-columns is-layout-flex wp-container-core-columns-is-layout-28f84493 wp-block-columns-is-layout-flex\">\n<div class=\"wp-block-column is-layout-flow wp-block-column-is-layout-flow\" style=\"flex-basis:33.33%\">\n<div class=\"wp-block-buttons is-layout-flex wp-block-buttons-is-layout-flex\">\n<div class=\"wp-block-button\"><a class=\"wp-block-button__link wp-element-button\" href=\"https:\/\/obera.fr\/wp-content\/uploads\/2025\/04\/brochure-epurbox-tsp-atex-fr.pdf\">DOWNLOAD BROCHUREN<\/a><\/div>\n<\/div>\n<\/div>\n\n\n\n<div class=\"wp-block-column is-layout-flow wp-block-column-is-layout-flow\" style=\"flex-basis:33.34%\">\n<div class=\"wp-block-buttons is-horizontal is-content-justification-center is-layout-flex wp-container-core-buttons-is-layout-03627597 wp-block-buttons-is-layout-flex\">\n<div class=\"wp-block-button has-custom-width wp-block-button__width-100\"><a class=\"wp-block-button__link wp-element-button\" href=\"https:\/\/obera.fr\/da\/kontakt-os\/\">F\u00e5 flere oplysninger<\/a><\/div>\n<\/div>\n<\/div>\n\n\n\n<div class=\"wp-block-column is-layout-flow wp-block-column-is-layout-flow\" style=\"flex-basis:33.34%\">\n<div class=\"wp-block-buttons is-content-justification-center is-layout-flex wp-container-core-buttons-is-layout-a89b3969 wp-block-buttons-is-layout-flex\">\n<div class=\"wp-block-button btn-devis-source\"><a class=\"wp-block-button__link wp-element-button\" href=\"https:\/\/obera.fr\/da\/devis\/\">Anmod om et tilbud<\/a><\/div>\n<\/div>\n\n\n<script>\r\ndocument.addEventListener('DOMContentLoaded', function() {\r\n    \/\/ 1. On cherche le titre H1 de la page\r\n    var h1 = document.querySelector('h1');\r\n    var productTitle = h1 ? h1.innerText.trim() : \"\";\r\n\r\n    \/\/ 2. On cherche les boutons via la classe CSS .btn-devis-source\r\n    var buttons = document.querySelectorAll('.btn-devis-source a');\r\n\r\n    \/\/ 3. Si on a le titre et les boutons, on ajoute le param\u00e8tre\r\n    if (buttons.length > 0 && productTitle !== \"\") {\r\n        var encodedTitle = encodeURIComponent(productTitle);\r\n\r\n        buttons.forEach(function(btn) {\r\n            var currentHref = btn.getAttribute('href');\r\n            \r\n            \/\/ S\u00e9curit\u00e9 pour ne pas ajouter le param\u00e8tre 2 fois\r\n            if (currentHref.indexOf('sujet=') === -1) {\r\n                var separator = currentHref.indexOf('?') !== -1 ? '&' : '?';\r\n                var newLink = currentHref + separator + 'sujet=' + encodedTitle;\r\n                \r\n                btn.setAttribute('href', newLink);\r\n            }\r\n        });\r\n    }\r\n});\r\n<\/script><\/div>\n<\/div>\n\n\n\n<div style=\"height:45px\" aria-hidden=\"true\" class=\"wp-block-spacer\"><\/div>\n<\/div>\n<\/div>\n\n<div class=\"wp-block-columns is-layout-flex wp-container-core-columns-is-layout-28f84493 wp-block-columns-is-layout-flex\">\n<div class=\"wp-block-column is-layout-flow wp-block-column-is-layout-flow\" style=\"flex-basis:33.34%\">\n<h3 class=\"wp-block-heading\">Fordele<\/h3>\n\n\n\n<ul class=\"wp-block-list\">\n<li>Meget h\u00f8jeffektiv ventilator<\/li>\n\n\n\n<li>Lydd\u00e6mper<\/li>\n\n\n\n<li>Mobil, let, nem at h\u00e5ndtere<\/li>\n\n\n\n<li>Lille fodaftryk<\/li>\n\n\n\n<li>Nem vedligeholdelse af filter<\/li>\n\n\n\n<li>Flowhastigheden kan justeres fra 0 til 100 %.<\/li>\n\n\n\n<li>Plug &amp; Play-system<\/li>\n<\/ul>\n<\/div>\n\n\n\n<div class=\"wp-block-column is-layout-flow wp-block-column-is-layout-flow\" style=\"flex-basis:33.34%\">\n<h3 class=\"wp-block-heading\">S\u00e6rlige funktioner<\/h3>\n\n\n\n<ul class=\"wp-block-list\">\n<li>Nem udskiftning af filtermedier<\/li>\n\n\n\n<li>Kan opgraderes og konfigureres<\/li>\n\n\n\n<li>Atex 2 gas \/ Atex 22 st\u00f8v<\/li>\n\n\n\n<li>H\u00f8j adsorptionskapacitet<\/li>\n\n\n\n<li>Timet\u00e6ller<\/li>\n\n\n\n<li>Indikator for snavset filter<\/li>\n\n\n\n<li>220V<\/li>\n<\/ul>\n<\/div>\n\n\n\n<div class=\"wp-block-column is-layout-flow wp-block-column-is-layout-flow\" style=\"flex-basis:33.33%\">\n<h3 class=\"wp-block-heading\">Funktioner<\/h3>\n\n\n\n<ul class=\"wp-block-list\">\n<li>Maks. flow 1200 m3\/t<\/li>\n\n\n\n<li>Indl\u00f8bsdiameter 140 mm<\/li>\n\n\n\n<li>Maksimalt vakuum 1350 Pa<\/li>\n\n\n\n<li>Nominel effekt 0,75 kW<\/li>\n\n\n\n<li>15 kg aktivt kulfilter<\/li>\n\n\n\n<li>M\u00e5l: 700 x 710 x 1060 mm<\/li>\n\n\n\n<li>V\u00e6gt 90 kg<\/li>\n\n\n\n<li>St\u00f8jniveau 68 db<\/li>\n<\/ul>\n<\/div>\n<\/div>\n\n<h3 class=\"wp-block-heading\">Fordele<\/h3>\n\n<p>ePURBOX-udsugningsbordet er designet til <strong>mobil brug og er velegnet til kontinuerlig drift<\/strong>. Den robuste konstruktion giver et kompakt udsugningsbord, der er let at h\u00e5ndtere. Der er en skuffe under risten til enkel og ren bortskaffelse af det affald, der opsamles under processen. EC-teknologien sikrer en<strong> st\u00f8jsvag <\/strong>og \u00f8konomisk<strong> drift <\/strong>.   <\/p>\n\n<h3 class=\"wp-block-heading\">S\u00e6rlige funktioner<\/h3>\n\n<p>ePURBOX-sugebordet har en knap til justering af den kontinuerlige luftstr\u00f8m. <strong>Du kan justere luftstr\u00f8mmen manuelt <\/strong>efter behov ved hj\u00e6lp af en <strong>drejeknap <\/strong>. Der er ogs\u00e5 en driftstimet\u00e6ller, s\u00e5 du ved, hvor l\u00e6nge filtrene har v\u00e6ret inde, s\u00e5 du f.eks. ved, hvorn\u00e5r du skal skifte dem.  <\/p>\n\n<h3 class=\"wp-block-heading\">Funktioner<\/h3>\n\n<p>De materialer, der er brugt i designet af<strong> ePURBOX-sugebordet<\/strong>, g\u00f8r det robust og let at h\u00e5ndtere. Bordets mobilitet og dimensioner g\u00f8r det til en effektiv arbejdsplads. <\/p>\n\n<h3 class=\"wp-block-heading\">Hvilke forurenende stoffer kan behandles med ePURBOX-bordet?<\/h3>\n\n<p>ePURBOX TSP-sugebordet er effektivt mod .<\/p>\n\n<ul class=\"wp-block-list\">\n<li>Partikler genereret ved slibning.<\/li>\n\n\n\n<li>Fint og ultrafint st\u00f8v ;<\/li>\n\n\n\n<li>Metaldampe ;<\/li>\n\n\n\n<li>Skadelige gasser og dampe ;<\/li>\n<\/ul>\n\n<p><\/p>\n\n<div class=\"wp-block-columns is-layout-flex wp-container-core-columns-is-layout-28f84493 wp-block-columns-is-layout-flex\">\n<div class=\"wp-block-column is-layout-flow wp-block-column-is-layout-flow\" style=\"flex-basis:25%\"><\/div>\n\n\n\n<div class=\"wp-block-column is-layout-flow wp-block-column-is-layout-flow\" style=\"flex-basis:50%\">\n<figure class=\"wp-block-embed is-type-video is-provider-youtube wp-block-embed-youtube wp-embed-aspect-16-9 wp-has-aspect-ratio\"><div class=\"wp-block-embed__wrapper\">\n<iframe title=\"Caisson mobile d&#039;aspiration - ePURbox Atex - OberA\" width=\"1200\" height=\"675\" src=\"https:\/\/www.youtube.com\/embed\/vpDttbOwJGQ?start=1&#038;feature=oembed\" frameborder=\"0\" allow=\"accelerometer; autoplay; clipboard-write; encrypted-media; gyroscope; picture-in-picture; web-share\" referrerpolicy=\"strict-origin-when-cross-origin\" allowfullscreen><\/iframe>\n<\/div><\/figure>\n\n\n\n<p><\/p>\n<\/div>\n\n\n\n<div class=\"wp-block-column is-layout-flow wp-block-column-is-layout-flow\" style=\"flex-basis:25%\"><\/div>\n<\/div>\n\n<h2 class=\"wp-block-heading\">Industrielle anvendelser af ATEX-sugeborde<\/h2>\n\n<div class=\"wp-block-columns is-layout-flex wp-container-core-columns-is-layout-28f84493 wp-block-columns-is-layout-flex\">\n<div class=\"wp-block-column is-layout-flow wp-block-column-is-layout-flow\">\n<h3 class=\"wp-block-heading has-text-align-center\">Forurenende stoffer<\/h3>\n\n\n\n<div class=\"wp-block-columns is-layout-flex wp-container-core-columns-is-layout-28f84493 wp-block-columns-is-layout-flex\">\n<div class=\"wp-block-column is-layout-flow wp-block-column-is-layout-flow\">\n<figure class=\"wp-block-image aligncenter size-large\"><img decoding=\"async\" width=\"70\" height=\"70\" src=\"https:\/\/obera.fr\/wp-content\/uploads\/2021\/03\/industrie-fumees.jpg\" alt=\"Industriens dampe\" class=\"wp-image-4971\"\/><figcaption class=\"wp-element-caption\">Damp<\/figcaption><\/figure>\n\n\n\n<figure class=\"wp-block-image aligncenter size-large\"><img decoding=\"async\" width=\"70\" height=\"70\" src=\"https:\/\/obera.fr\/wp-content\/uploads\/2021\/03\/industrie-odeur-2.jpg\" alt=\"lugtindustri 2\" class=\"wp-image-4972\"\/><figcaption class=\"wp-element-caption\">Lugte<\/figcaption><\/figure>\n<\/div>\n\n\n\n<div class=\"wp-block-column is-layout-flow wp-block-column-is-layout-flow\">\n<figure class=\"wp-block-image aligncenter size-large\"><img decoding=\"async\" width=\"70\" height=\"70\" src=\"https:\/\/obera.fr\/wp-content\/uploads\/2021\/03\/polluants-poussieres-1.jpg\" alt=\"st&#xF8;vforurenende stoffer 1\" class=\"wp-image-4969\"\/><figcaption class=\"wp-element-caption\">St\u00f8v<\/figcaption><\/figure>\n<\/div>\n<\/div>\n\n\n\n<p><\/p>\n<\/div>\n\n\n\n<div class=\"wp-block-column is-layout-flow wp-block-column-is-layout-flow\">\n<h3 class=\"wp-block-heading has-text-align-center\">Industrier<\/h3>\n\n\n\n<div class=\"wp-block-columns is-layout-flex wp-container-core-columns-is-layout-28f84493 wp-block-columns-is-layout-flex\">\n<div class=\"wp-block-column is-layout-flow wp-block-column-is-layout-flow\">\n<figure class=\"wp-block-image aligncenter size-large\"><img decoding=\"async\" width=\"70\" height=\"70\" src=\"https:\/\/obera.fr\/wp-content\/uploads\/2021\/03\/industrie-metallurgie-1.jpg\" alt=\"metallurgisk industri 1\" class=\"wp-image-4975\"\/><figcaption class=\"wp-element-caption\">Metallurgi<\/figcaption><\/figure>\n\n\n\n<figure class=\"wp-block-image aligncenter size-large\"><img decoding=\"async\" width=\"70\" height=\"70\" src=\"https:\/\/obera.fr\/wp-content\/uploads\/2021\/03\/industrie-textile.jpg\" alt=\"tekstilindustrien\" class=\"wp-image-4980\"\/><figcaption class=\"wp-element-caption\">Tekstiler<\/figcaption><\/figure>\n\n\n\n<figure class=\"wp-block-image aligncenter size-large\"><img decoding=\"async\" width=\"70\" height=\"70\" src=\"https:\/\/obera.fr\/wp-content\/uploads\/2021\/03\/industrie-chimie-1.jpg\" alt=\"kemisk industri 1\" class=\"wp-image-4981\"\/><figcaption class=\"wp-element-caption\">Kemi<\/figcaption><\/figure>\n\n\n\n<figure class=\"wp-block-image aligncenter size-large\"><img decoding=\"async\" width=\"70\" height=\"70\" src=\"https:\/\/obera.fr\/wp-content\/uploads\/2021\/03\/industrie-minerai.jpg\" alt=\"Mineralindustrien\" class=\"wp-image-4977\"\/><figcaption class=\"wp-element-caption\">Mineraler<\/figcaption><\/figure>\n<\/div>\n\n\n\n<div class=\"wp-block-column is-layout-flow wp-block-column-is-layout-flow\">\n<figure class=\"wp-block-image aligncenter size-large\"><img decoding=\"async\" width=\"70\" height=\"70\" src=\"https:\/\/obera.fr\/wp-content\/uploads\/2020\/08\/industrie-bois.jpg\" alt=\"INSTITUTE OF PARAMEDICAL SCIENCE AND MANAGEMENT - Ledelse\" class=\"wp-image-672\"\/><figcaption class=\"wp-element-caption\">Tr\u00e6bearbejdning<\/figcaption><\/figure>\n\n\n\n<figure class=\"wp-block-image aligncenter size-large\"><img decoding=\"async\" width=\"70\" height=\"70\" src=\"https:\/\/obera.fr\/wp-content\/uploads\/2021\/03\/industrie-plastique.jpg\" alt=\"Plastindustrien\" class=\"wp-image-4976\"\/><figcaption class=\"wp-element-caption\">Plast<\/figcaption><\/figure>\n\n\n\n<figure class=\"wp-block-image aligncenter size-large\"><img decoding=\"async\" width=\"70\" height=\"70\" src=\"https:\/\/obera.fr\/wp-content\/uploads\/2021\/03\/industrie-papier-carton.jpg\" alt=\"Papir- og papindustrien\" class=\"wp-image-4982\"\/><figcaption class=\"wp-element-caption\">Papir\/karton<\/figcaption><\/figure>\n\n\n\n<figure class=\"wp-block-image aligncenter size-large\"><img decoding=\"async\" width=\"70\" height=\"70\" src=\"https:\/\/obera.fr\/wp-content\/uploads\/2020\/08\/industrie-dechets.jpg\" alt=\"Produkt - M&#xE6;rke\" class=\"wp-image-726\"\/><figcaption class=\"wp-element-caption\">Indsamling og sortering af affald<\/figcaption><\/figure>\n<\/div>\n<\/div>\n<\/div>\n<\/div>\n\n<p>I rumfartsindustrien bruges den <strong>mobile st\u00f8vudsugning ePURbox TSP<\/strong> til slibning af aluminiumsdele, som genererer fint st\u00f8v. Disse aluminiumspulvere udg\u00f8r b\u00e5de en sundhedsrisiko for operat\u00f8rerne og en <strong>ATEX-risiko<\/strong>. Ved at v\u00e6lge ePURbox ATEX TSP-modellen har producenten reduceret de risici, der er forbundet med br\u00e6ndbart st\u00f8v, betydeligt og opfyldt sit behov for fleksibilitet ved at v\u00e6lge mobilt udstyr.  <\/p>\n\n<div class=\"wp-block-buttons is-horizontal is-content-justification-center is-layout-flex wp-container-core-buttons-is-layout-03627597 wp-block-buttons-is-layout-flex\">\n<div class=\"wp-block-button has-custom-width wp-block-button__width-100\"><a class=\"wp-block-button__link wp-element-button\" href=\"https:\/\/obera.fr\/da\/kontakt-os\/\">F\u00e5 flere oplysninger<\/a><\/div>\n<\/div>\n\n<figure class=\"wp-block-table\"><table class=\"has-fixed-layout\"><thead><tr><th>Produkt<\/th><th><\/th><th>ePURbox<\/th><\/tr><\/thead><tbody><tr><td>Maks. luftgennemstr\u00f8mning<\/td><td>m3\/h<\/td><td>1200<\/td><\/tr><tr><td>Forsyningssp\u00e6nding<\/td><td>V<\/td><td>220<\/td><\/tr><tr><td>Kraft<\/td><td>kW<\/td><td>0.75<\/td><\/tr><tr><td>Sugeoverflade<\/td><td>mm<\/td><td>570 x 460<\/td><\/tr><tr><td>Aktivt kulfilter<\/td><td>kg<\/td><td>15<\/td><\/tr><tr><td>Dimensioner<\/td><td>mm (L x B x H)<\/td><td>700 x 710 x 1060 mm<\/td><\/tr><tr><td>V\u00e6gt<\/td><td>kg<\/td><td>90<\/td><\/tr><tr><td>St\u00f8jniveau<\/td><td>dB(A)<\/td><td>68<\/td><\/tr><\/tbody><\/table><\/figure>\n","protected":false},"excerpt":{"rendered":"<p>ePURBOX-sugebordet er direkte integreret i ePURBOX-apparatet. Det har sit eget filtreringssystem og sin egen ventilator til behandling af lugt og VOC&#8217;er. Bagv\u00e6gsbekl\u00e6dningen sikrer en meget effektiv opsugning og indfangning af forurenende stoffer over hele sugebordets overflade. Grove partikler filtreres opstr\u00f8ms af et integreret forfilter (G4) for at forl\u00e6nge de aktive kulpatroners levetid. Bekl\u00e6dningen p\u00e5 sidev\u00e6ggene sikrer en meget h\u00f8j grad af lugtindfangning p\u00e5 bordets overflade. Endelig filtreres procesluften med aktivt kul (type A) og kan genindf\u00f8res i arbejdsomr\u00e5det. Fordele S\u00e6rlige funktioner Funktioner Fordele ePURBOX-udsugningsbordet er designet til mobil brug og er velegnet til kontinuerlig drift. Den robuste konstruktion giver et &#8230; <\/p>\n<p class=\"read-more-container\"><a title=\"EpurBox TSP\" class=\"read-more button\" href=\"https:\/\/obera.fr\/da\/produits\/caissons-mobiles-aspiration\/epurbox-tsp\/#more-50589\" aria-label=\"Read more about EpurBox TSP\">Lire la suite<\/a><\/p>\n","protected":false},"author":4,"featured_media":83735,"parent":50556,"menu_order":0,"comment_status":"closed","ping_status":"closed","template":"","meta":{"_acf_changed":false,"_seopress_robots_primary_cat":"","_seopress_titles_title":"Table mobile ePURBOX TSP - oberA","_seopress_titles_desc":"","_seopress_robots_index":"","footnotes":""},"class_list":{"0":"post-50589","1":"page","2":"type-page","3":"status-publish","4":"has-post-thumbnail","6":"no-featured-image-padding","7":"resize-featured-image"},"acf":[],"_links":{"self":[{"href":"https:\/\/obera.fr\/da\/wp-json\/wp\/v2\/pages\/50589","targetHints":{"allow":["GET"]}}],"collection":[{"href":"https:\/\/obera.fr\/da\/wp-json\/wp\/v2\/pages"}],"about":[{"href":"https:\/\/obera.fr\/da\/wp-json\/wp\/v2\/types\/page"}],"author":[{"embeddable":true,"href":"https:\/\/obera.fr\/da\/wp-json\/wp\/v2\/users\/4"}],"replies":[{"embeddable":true,"href":"https:\/\/obera.fr\/da\/wp-json\/wp\/v2\/comments?post=50589"}],"version-history":[{"count":22,"href":"https:\/\/obera.fr\/da\/wp-json\/wp\/v2\/pages\/50589\/revisions"}],"predecessor-version":[{"id":116264,"href":"https:\/\/obera.fr\/da\/wp-json\/wp\/v2\/pages\/50589\/revisions\/116264"}],"up":[{"embeddable":true,"href":"https:\/\/obera.fr\/da\/wp-json\/wp\/v2\/pages\/50556"}],"wp:featuredmedia":[{"embeddable":true,"href":"https:\/\/obera.fr\/da\/wp-json\/wp\/v2\/media\/83735"}],"wp:attachment":[{"href":"https:\/\/obera.fr\/da\/wp-json\/wp\/v2\/media?parent=50589"}],"curies":[{"name":"wp","href":"https:\/\/api.w.org\/{rel}","templated":true}]}}