{"id":50645,"date":"2024-04-05T23:11:29","date_gmt":"2024-04-05T21:11:29","guid":{"rendered":"https:\/\/obera.fr\/udsugningsventilatorer-eurosog-rg-100-800-serien\/"},"modified":"2025-06-03T11:41:13","modified_gmt":"2025-06-03T09:41:13","slug":"ventilateurs-aspiration-gamme-eurosog-rg-100-800","status":"publish","type":"page","link":"https:\/\/obera.fr\/da\/produits\/aspirateurs-industriels\/ventilateurs-aspiration-gamme-eurosog-rg-100-800\/","title":{"rendered":"Udsugningsventilatorer: EUROSOG RG 100-800-serien"},"content":{"rendered":"\n<p>Vores udvalg af kompakte ventilatorer fra RG 100 til RG 800 sikrer et sundere milj\u00f8 ved at udsuge og drive den forurenede luft, der findes i dine arbejdsomr\u00e5der.<\/p>\n\n\n\n<h2 class=\"wp-block-heading\">RG-serien: drift og brug af udsugningsventilatorer<\/h2>\n\n\n\n<div class=\"wp-block-columns is-layout-flex wp-container-core-columns-is-layout-28f84493 wp-block-columns-is-layout-flex\">\n<div class=\"wp-block-column is-layout-flow wp-block-column-is-layout-flow\" style=\"flex-basis:33.33%\">\n<figure class=\"wp-block-image size-full\"><img decoding=\"async\" width=\"600\" height=\"600\" src=\"https:\/\/obera.fr\/wp-content\/uploads\/2024\/04\/obera-ventilateur-aspiration-rg-300-400.jpg\" alt=\"obera sugeventilator rg 300 400\" class=\"wp-image-29437\" srcset=\"https:\/\/obera.fr\/wp-content\/uploads\/2024\/04\/obera-ventilateur-aspiration-rg-300-400.jpg 600w, https:\/\/obera.fr\/wp-content\/uploads\/2024\/04\/obera-ventilateur-aspiration-rg-300-400-300x300.jpg 300w, https:\/\/obera.fr\/wp-content\/uploads\/2024\/04\/obera-ventilateur-aspiration-rg-300-400-150x150.jpg 150w\" sizes=\"(max-width: 600px) 100vw, 600px\" \/><\/figure>\n<\/div>\n\n\n\n<div class=\"wp-block-column is-layout-flow wp-block-column-is-layout-flow\" style=\"flex-basis:66.66%\">\n<p>Ventilatorerne i RG-serien (100, 200, 300, 400, 500, 600, 700, 800) er l\u00f8sninger til udsugning af st\u00f8v, industrielle dampe og andre forurenende stoffer, der genereres af dine produktionsenheder. De tillader renset luft at cirkulere og s\u00e6nke trykket. Systemet er alsidigt og kompakt og suger luft ind ved at skabe et vakuum ved ventilatorindl\u00f8bet (rotation af pumpehjulet) ved hj\u00e6lp af en elektrisk motor inde i kabinettet. Boksen kanaliserer og driver den indsugede luft mod udl\u00f8bet (udenfor) for at evakuere den fra arbejdsomr\u00e5det. RG-serien kan st\u00f8vsuge en eller flere arbejdsstationer\/maskiner ad gangen.  <\/p>\n\n\n\n<p>Med hvilket form\u00e5l? Dette udstyr er ideelt til alle typer industrier og er i stand til at udsuge st\u00f8v, gasser, lugte og dampe. De kan udstyres med filtre til opsamling af fine partikler.<\/p>\n\n\n\n<div class=\"wp-block-columns is-layout-flex wp-container-core-columns-is-layout-28f84493 wp-block-columns-is-layout-flex\">\n<div class=\"wp-block-column is-layout-flow wp-block-column-is-layout-flow\" style=\"flex-basis:30%\">\n<div class=\"wp-block-buttons is-layout-flex wp-block-buttons-is-layout-flex\">\n<div class=\"wp-block-button\"><a class=\"wp-block-button__link wp-element-button\" href=\"https:\/\/obera.fr\/wp-content\/uploads\/2025\/06\/brochure-rg-100-800-en.pdf\">DOWNLOAD BROCHUREN<\/a><\/div>\n<\/div>\n<\/div>\n\n\n\n<div class=\"wp-block-column is-layout-flow wp-block-column-is-layout-flow\" style=\"flex-basis:30%\">\n<div class=\"wp-block-buttons is-layout-flex wp-block-buttons-is-layout-flex\">\n<div class=\"wp-block-button\"><a class=\"wp-block-button__link wp-element-button\" href=\"https:\/\/obera.fr\/contact\/\">BRUG FOR PERSONLIG R\u00c5DGIVNING?<\/a><\/div>\n<\/div>\n<\/div>\n\n\n\n<div class=\"wp-block-column is-layout-flow wp-block-column-is-layout-flow\" style=\"flex-basis:30%\">\n<div class=\"wp-block-buttons is-content-justification-center is-layout-flex wp-container-core-buttons-is-layout-a89b3969 wp-block-buttons-is-layout-flex\">\n<div class=\"wp-block-button btn-devis-source\"><a class=\"wp-block-button__link wp-element-button\" href=\"https:\/\/obera.fr\/da\/devis\/\">Anmod om et tilbud<\/a><\/div>\n<\/div>\n\n\n<script>\r\ndocument.addEventListener('DOMContentLoaded', function() {\r\n    \/\/ 1. On cherche le titre H1 de la page\r\n    var h1 = document.querySelector('h1');\r\n    var productTitle = h1 ? h1.innerText.trim() : \"\";\r\n\r\n    \/\/ 2. On cherche les boutons via la classe CSS .btn-devis-source\r\n    var buttons = document.querySelectorAll('.btn-devis-source a');\r\n\r\n    \/\/ 3. Si on a le titre et les boutons, on ajoute le param\u00e8tre\r\n    if (buttons.length > 0 && productTitle !== \"\") {\r\n        var encodedTitle = encodeURIComponent(productTitle);\r\n\r\n        buttons.forEach(function(btn) {\r\n            var currentHref = btn.getAttribute('href');\r\n            \r\n            \/\/ S\u00e9curit\u00e9 pour ne pas ajouter le param\u00e8tre 2 fois\r\n            if (currentHref.indexOf('sujet=') === -1) {\r\n                var separator = currentHref.indexOf('?') !== -1 ? '&' : '?';\r\n                var newLink = currentHref + separator + 'sujet=' + encodedTitle;\r\n                \r\n                btn.setAttribute('href', newLink);\r\n            }\r\n        });\r\n    }\r\n});\r\n<\/script><\/div>\n<\/div>\n<\/div>\n<\/div>\n\n\n\n<h2 class=\"wp-block-heading\">Hvad er de tekniske egenskaber ved OberA-sugeventilatorer?<\/h2>\n\n\n\n<p>RG-serien tilbyder et udvalg af motorydelser fra 0,55 kW til 7,5 kW. Det giver dig mulighed for at finde den udsugningsmodel, der passer bedst til dit overfladeareal.  <\/p>\n\n\n\n<p>For yderligere at modst\u00e5 risikoen for korrosion og enhver forringelse for\u00e5rsaget af st\u00f8v er ventilatorerne fremstillet af robuste materialer og f\u00e5s i en version af rustfrit st\u00e5l til f\u00f8devareindustrien (ekstraudstyr). En anden mulighed er en gnistsikker version til aktiviteter, der genererer brandfarligt st\u00f8v.<\/p>\n\n\n\n<blockquote class=\"wp-block-quote is-layout-flow wp-block-quote-is-layout-flow\">\n<p>Godt at vide: Vores udsugningsl\u00f8sninger kan kombineres med vores fangstevakueringssystemer. Afh\u00e6ngigt af dine behov (forureningstype, overfladeareal, aktivitetssektor) kan vi r\u00e5dgive dig om den bedst mulige kombination for at sikre den bedst mulige udsugning og fornyelse af luften.<\/p>\n<\/blockquote>\n\n\n\n<p>RG 100 til RG 800-ventilatorerne kr\u00e6ver meget lidt gulvplads: Fra L535 x B450 x H480 for den mest kompakte version til L820 x B1.000 x H1.198 for den st\u00f8rste model er de stadig udstyr, der kr\u00e6ver meget lidt plads. Af hensyn til medarbejdernes komfort har de ogs\u00e5 et lavt st\u00f8jniveau p\u00e5 83 dB(A) til 84 dB(A).<\/p>\n\n\n\n<h3 class=\"wp-block-heading has-text-align-center\">INDUSTRIER<\/h3>\n\n\n\n<div class=\"wp-block-columns is-layout-flex wp-container-core-columns-is-layout-28f84493 wp-block-columns-is-layout-flex\">\n<div class=\"wp-block-column is-layout-flow wp-block-column-is-layout-flow\">\n<hr class=\"wp-block-separator has-alpha-channel-opacity\"\/>\n\n\n\n<div class=\"wp-block-columns is-layout-flex wp-container-core-columns-is-layout-28f84493 wp-block-columns-is-layout-flex\">\n<div class=\"wp-block-column is-layout-flow wp-block-column-is-layout-flow\">\n<figure class=\"wp-block-image aligncenter size-thumbnail is-resized\"><img decoding=\"async\" width=\"150\" height=\"150\" src=\"https:\/\/obera.fr\/wp-content\/uploads\/2022\/02\/Textile-150x150.png\" alt=\"tekstil\" class=\"wp-image-8855\"\/><figcaption class=\"wp-element-caption\">Tekstiler<\/figcaption><\/figure>\n\n\n\n<figure class=\"wp-block-image aligncenter size-thumbnail is-resized\"><img decoding=\"async\" width=\"150\" height=\"150\" src=\"https:\/\/obera.fr\/wp-content\/uploads\/2022\/02\/Plastique-150x150.png\" alt=\"plastik\" class=\"wp-image-8854\"\/><figcaption class=\"wp-element-caption\">Plastik<\/figcaption><\/figure>\n<\/div>\n\n\n\n<div class=\"wp-block-column is-layout-flow wp-block-column-is-layout-flow\">\n<figure class=\"wp-block-image aligncenter size-thumbnail is-resized\"><img decoding=\"async\" width=\"150\" height=\"150\" src=\"https:\/\/obera.fr\/wp-content\/uploads\/2022\/02\/MINERAIS-150x150.png\" alt=\"malme\" class=\"wp-image-8847\"\/><figcaption class=\"wp-element-caption\">Mineraler<\/figcaption><\/figure>\n\n\n\n<figure class=\"wp-block-image aligncenter size-thumbnail is-resized\"><img decoding=\"async\" width=\"150\" height=\"150\" src=\"https:\/\/obera.fr\/wp-content\/uploads\/2022\/02\/Metalurgie-150x150.png\" alt=\"Metallurgi\" class=\"wp-image-8857\"\/><figcaption class=\"wp-element-caption\">Metallurgi<\/figcaption><\/figure>\n\n\n\n<figure class=\"wp-block-image aligncenter size-thumbnail is-resized\"><img decoding=\"async\" width=\"150\" height=\"150\" src=\"https:\/\/obera.fr\/wp-content\/uploads\/2023\/02\/sans-titre-2023-02-14t102211.641-150x150.png\" alt=\"Landbrug\" class=\"wp-image-18828\"\/><figcaption class=\"wp-element-caption\">Landbrug<\/figcaption><\/figure>\n<\/div>\n<\/div>\n<\/div>\n\n\n\n<div class=\"wp-block-column is-layout-flow wp-block-column-is-layout-flow\">\n<hr class=\"wp-block-separator has-alpha-channel-opacity\"\/>\n\n\n\n<div class=\"wp-block-columns is-layout-flex wp-container-core-columns-is-layout-28f84493 wp-block-columns-is-layout-flex\">\n<div class=\"wp-block-column is-layout-flow wp-block-column-is-layout-flow\">\n<figure class=\"wp-block-image aligncenter size-thumbnail is-resized\"><img decoding=\"async\" width=\"150\" height=\"150\" src=\"https:\/\/obera.fr\/wp-content\/uploads\/2022\/02\/Chimie-150x150.png\" alt=\"Kemi\" class=\"wp-image-8846\"\/><figcaption class=\"wp-element-caption\">Kemi<\/figcaption><\/figure>\n\n\n\n<figure class=\"wp-block-image aligncenter size-thumbnail is-resized\"><img decoding=\"async\" width=\"150\" height=\"150\" src=\"https:\/\/obera.fr\/wp-content\/uploads\/2022\/02\/Travail-du-bois-150x150.png\" alt=\"tr\u00e6bearbejdning\" class=\"wp-image-8856\"\/><figcaption class=\"wp-element-caption\">Tr\u00e6bearbejdning<\/figcaption><\/figure>\n\n\n\n<figure class=\"wp-block-image aligncenter size-thumbnail is-resized\"><img decoding=\"async\" width=\"150\" height=\"150\" src=\"https:\/\/obera.fr\/wp-content\/uploads\/2023\/02\/sans-titre-2023-02-14t101920.185-150x150.png\" alt=\"Luftfart\" class=\"wp-image-18831\"\/><figcaption class=\"wp-element-caption\">Luftfart<\/figcaption><\/figure>\n<\/div>\n\n\n\n<div class=\"wp-block-column is-layout-flow wp-block-column-is-layout-flow\">\n<figure class=\"wp-block-image aligncenter size-thumbnail is-resized\"><img decoding=\"async\" width=\"150\" height=\"150\" src=\"https:\/\/obera.fr\/wp-content\/uploads\/2022\/02\/AGROALIMENTAIRE-150x150.png\" alt=\"landbrugsf\u00f8devarer\" class=\"wp-image-8844\"\/><figcaption class=\"wp-element-caption\">F\u00f8devareindustrien<\/figcaption><\/figure>\n\n\n\n<figure class=\"wp-block-image aligncenter size-thumbnail is-resized\"><img decoding=\"async\" width=\"150\" height=\"150\" src=\"https:\/\/obera.fr\/wp-content\/uploads\/2022\/02\/Papier-carton-150x150.png\" alt=\"papir og pap\" class=\"wp-image-8853\"\/><figcaption class=\"wp-element-caption\">Papir\/karton<\/figcaption><\/figure>\n\n\n\n<figure class=\"wp-block-image aligncenter size-thumbnail is-resized\"><img decoding=\"async\" width=\"150\" height=\"150\" src=\"https:\/\/obera.fr\/wp-content\/uploads\/2023\/02\/sans-titre-2023-02-14t101712.416-150x150.png\" alt=\"Biler\" class=\"wp-image-18834\"\/><figcaption class=\"wp-element-caption\">Biler<\/figcaption><\/figure>\n<\/div>\n<\/div>\n<\/div>\n<\/div>\n\n\n\n<figure class=\"wp-block-table\"><table class=\"has-fixed-layout\"><thead><tr><th><br>100<\/th><th>200<\/th><th>300<\/th><th>400<\/th><th>500<\/th><th>600<\/th><th>700<\/th><th>800<\/th><\/tr><\/thead><tbody><tr><td>Maksimal str\u00f8mningshastighed m3\/h<\/td><td>1.000<\/td><td>2.000<\/td><td>3.000<\/td><td>3.200<\/td><td>4.000<\/td><td>5.5000<\/td><td>7.000<\/td><td>8.000<\/td><\/tr><tr><td>Tilslutning\/udl\u00f8bsdiameter mm<\/td><td>100<\/td><td>150<\/td><td>180<\/td><td>250\/315<\/td><td>250\/315<\/td><td>315\/355<\/td><td>315\/400<\/td><td>355\/400<\/td><\/tr><tr><td>Maksimalt vakuum Pa<\/td><td>1.400<\/td><td>1.600<\/td><td>2.300<\/td><td>3.150<\/td><td>3.400<\/td><td>3.400<\/td><td>3.400<\/td><td>3.950<\/td><\/tr><tr><td>Forsyningssp\u00e6nding V<\/td><td>400<\/td><td>400<\/td><td>400<\/td><td>400<\/td><td>400<\/td><td>400<\/td><td>400<\/td><td>400<\/td><\/tr><tr><td>Effekt kW<\/td><td>0.5<\/td><td>1.1<\/td><td>2.2<\/td><td>3.0<\/td><td>4.0<\/td><td>5.5<\/td><td>5.5<\/td><td>7.5<\/td><\/tr><tr><td>Dimensioner (L\/B\/H)<\/td><td>535x450x480<\/td><td>595x520x555<\/td><td>640x535x610<\/td><td>711x700x1.012<\/td><td>711x700x1.012<\/td><td>737x700x1.062<\/td><td>762x700x1.062<\/td><td>820&#215;1.000&#215;1.198<\/td><\/tr><tr><td>St\u00f8jniveau dB(A)<\/td><td>80<\/td><td>82<\/td><td>84<\/td><td>84<\/td><td>84<\/td><td>84<\/td><td>83<\/td><td>84<\/td><\/tr><\/tbody><\/table><\/figure>\n\n\n\n<div class=\"wp-block-buttons is-content-justification-center is-layout-flex wp-container-core-buttons-is-layout-a89b3969 wp-block-buttons-is-layout-flex\">\n<div class=\"wp-block-button\"><a class=\"wp-block-button__link wp-element-button\" href=\"https:\/\/obera.fr\/wp-content\/uploads\/2024\/04\/obera_brochure-rg-100-800-fr.pdf\">DOWNLOAD PRODUKTDATABLAD<\/a><\/div>\n<\/div>\n\n\n\n<h2 class=\"wp-block-heading\">Fokuser p\u00e5 fordelene ved RG 100 til RG 800 ventilatorer<\/h2>\n\n\n\n<p>Fordelene er f\u00f8rst og fremmest menneskelige, da det er en l\u00f8sning, der forbedrer luftkvaliteten og sikkerheden for dine teams betydeligt. Igen af hensyn til medarbejdernes komfort er st\u00f8jniveauet lavt for at sikre medarbejdernes produktivitet.  <\/p>\n\n\n\n<p>God st\u00f8v- og r\u00f8gudsugning reducerer ogs\u00e5 risikoen for brand og eksplosion, som kan opst\u00e5, n\u00e5r st\u00f8v kommer i kontakt med gnister eller tilstopper produktionsmaskiner.<\/p>\n\n\n\n<p>Endelig er udsugningsventilatorerne i RG-serien p\u00e5 trods af deres kompakte design alle h\u00f8jtydende og repr\u00e6senterer en lav investering, n\u00e5r det g\u00e6lder om at nyde ren luft i dine v\u00e6rksteder.<\/p>\n\n\n\n<div class=\"wp-block-columns is-layout-flex wp-container-core-columns-is-layout-28f84493 wp-block-columns-is-layout-flex\">\n<div class=\"wp-block-column is-layout-flow wp-block-column-is-layout-flow\" style=\"flex-basis:33.34%\">\n<h3 class=\"wp-block-heading\">Fordele :<\/h3>\n\n\n\n<ul class=\"wp-block-list\">\n<li>Lave driftsomkostninger ;<\/li>\n\n\n\n<li>Robust konstruktion.<\/li>\n<\/ul>\n<\/div>\n\n\n\n<div class=\"wp-block-column is-layout-flow wp-block-column-is-layout-flow\" style=\"flex-basis:33.34%\">\n<h3 class=\"wp-block-heading\">S\u00e6rlige funktioner:<\/h3>\n\n\n\n<ul class=\"wp-block-list\">\n<li>Kompakt design ;<\/li>\n\n\n\n<li>St\u00f8vsugning af en eller flere arbejdsstationer eller maskiner;<\/li>\n\n\n\n<li>Kan kombineres med en st\u00f8vopsamler eller et udsugningssystem.<\/li>\n<\/ul>\n<\/div>\n\n\n\n<div class=\"wp-block-column is-layout-flow wp-block-column-is-layout-flow\" style=\"flex-basis:33.33%\">\n<h3 class=\"wp-block-heading\">Funktioner :<\/h3>\n\n\n\n<ul class=\"wp-block-list\">\n<li>En bred vifte af motorydelser, der opfylder industrikundernes behov;<\/li>\n\n\n\n<li>Ekstraudstyr: f\u00f8devaregodkendt rustfrit st\u00e5l, vekselstr\u00f8m (RG 100 og RG 200), venstreh\u00e5nds motor, variabel udl\u00f8bsdiameter, lydisoleret og forseglet kabinet til udend\u00f8rs installation.<\/li>\n<\/ul>\n<\/div>\n<\/div>\n\n\n\n<div class=\"wp-block-buttons is-horizontal is-content-justification-center is-layout-flex wp-container-core-buttons-is-layout-03627597 wp-block-buttons-is-layout-flex\">\n<div class=\"wp-block-button has-custom-width wp-block-button__width-100\"><a class=\"wp-block-button__link wp-element-button\" href=\"https:\/\/obera.fr\/da\/kontakt-os\/\">F\u00e5 flere oplysninger<\/a><\/div>\n<\/div>\n\n\n\n<h2 class=\"wp-block-heading\">Andre industrielle st\u00f8vsugere i sortimentet<\/h2>\n\n\n\n<div class=\"wp-block-columns is-layout-flex wp-container-core-columns-is-layout-28f84493 wp-block-columns-is-layout-flex\">\n<div class=\"wp-block-column is-layout-flow wp-block-column-is-layout-flow\">\n<figure class=\"wp-block-image aligncenter size-full is-resized\"><img decoding=\"async\" width=\"566\" height=\"671\" src=\"https:\/\/obera.fr\/wp-content\/uploads\/2024\/10\/w2-xr-2.png\" alt=\"Industrielle st\u00f8vsugere\" class=\"wp-image-35431\" style=\"aspect-ratio:1;object-fit:cover;width:282px;height:auto\" srcset=\"https:\/\/obera.fr\/wp-content\/uploads\/2024\/10\/w2-xr-2.png 566w, https:\/\/obera.fr\/wp-content\/uploads\/2024\/10\/w2-xr-2-253x300.png 253w\" sizes=\"(max-width: 566px) 100vw, 566px\" \/><figcaption class=\"wp-element-caption\">W2 XR<\/figcaption><\/figure>\n<\/div>\n\n\n\n<div class=\"wp-block-column is-layout-flow wp-block-column-is-layout-flow\">\n<figure class=\"wp-block-image aligncenter size-full is-resized\"><img decoding=\"async\" width=\"711\" height=\"622\" src=\"https:\/\/obera.fr\/wp-content\/uploads\/2024\/10\/w2.png\" alt=\"Industrielle st\u00f8vsugere\" class=\"wp-image-35424\" style=\"object-fit:cover;width:300px;height:300px\" srcset=\"https:\/\/obera.fr\/wp-content\/uploads\/2024\/10\/w2.png 711w, https:\/\/obera.fr\/wp-content\/uploads\/2024\/10\/w2-300x262.png 300w\" sizes=\"(max-width: 711px) 100vw, 711px\" \/><figcaption class=\"wp-element-caption\">W2<\/figcaption><\/figure>\n<\/div>\n\n\n\n<div class=\"wp-block-column is-layout-flow wp-block-column-is-layout-flow\">\n<figure class=\"wp-block-image aligncenter size-full is-resized\"><img decoding=\"async\" width=\"658\" height=\"652\" src=\"https:\/\/obera.fr\/wp-content\/uploads\/2024\/10\/w3.png\" alt=\"w3\" class=\"wp-image-35427\" style=\"object-fit:cover;width:300px;height:300px\" srcset=\"https:\/\/obera.fr\/wp-content\/uploads\/2024\/10\/w3.png 658w, https:\/\/obera.fr\/wp-content\/uploads\/2024\/10\/w3-300x297.png 300w, https:\/\/obera.fr\/wp-content\/uploads\/2024\/10\/w3-150x150.png 150w, https:\/\/obera.fr\/wp-content\/uploads\/2024\/10\/w3-24x24.png 24w, https:\/\/obera.fr\/wp-content\/uploads\/2024\/10\/w3-48x48.png 48w, https:\/\/obera.fr\/wp-content\/uploads\/2024\/10\/w3-96x96.png 96w\" sizes=\"(max-width: 658px) 100vw, 658px\" \/><figcaption class=\"wp-element-caption\">W3<\/figcaption><\/figure>\n<\/div>\n<\/div>\n\n\n\n<p><\/p>\n","protected":false},"excerpt":{"rendered":"<p>Vores udvalg af kompakte ventilatorer fra RG 100 til RG 800 sikrer et sundere milj\u00f8 ved at udsuge og drive den forurenede luft, der findes i dine arbejdsomr\u00e5der. RG-serien: drift og brug af udsugningsventilatorer Ventilatorerne i RG-serien (100, 200, 300, 400, 500, 600, 700, 800) er l\u00f8sninger til udsugning af st\u00f8v, industrielle dampe og andre forurenende stoffer, der genereres af dine produktionsenheder. De tillader renset luft at cirkulere og s\u00e6nke trykket. Systemet er alsidigt og kompakt og suger luft ind ved at skabe et vakuum ved ventilatorindl\u00f8bet (rotation af pumpehjulet) ved hj\u00e6lp af en elektrisk motor inde i kabinettet. Boksen &#8230; <\/p>\n<p class=\"read-more-container\"><a title=\"Udsugningsventilatorer: EUROSOG RG 100-800-serien\" class=\"read-more button\" href=\"https:\/\/obera.fr\/da\/produits\/aspirateurs-industriels\/ventilateurs-aspiration-gamme-eurosog-rg-100-800\/#more-50645\" aria-label=\"Read more about Udsugningsventilatorer: EUROSOG RG 100-800-serien\">Lire la suite<\/a><\/p>\n","protected":false},"author":4,"featured_media":83735,"parent":52219,"menu_order":0,"comment_status":"closed","ping_status":"closed","template":"","meta":{"_acf_changed":false,"_seopress_robots_primary_cat":"","_seopress_titles_title":"EUROSOG RG sugeventilatorer - OberA","_seopress_titles_desc":"Oplev RG 100 til RG 800 sugeenhederne. De er designet til at forbedre luftkvaliteten betydeligt ved at tr\u00e6kke st\u00f8v, lugte, dampe og gasser ud.","_seopress_robots_index":"","footnotes":""},"class_list":{"0":"post-50645","1":"page","2":"type-page","3":"status-publish","4":"has-post-thumbnail","6":"no-featured-image-padding","7":"resize-featured-image"},"acf":[],"_links":{"self":[{"href":"https:\/\/obera.fr\/da\/wp-json\/wp\/v2\/pages\/50645","targetHints":{"allow":["GET"]}}],"collection":[{"href":"https:\/\/obera.fr\/da\/wp-json\/wp\/v2\/pages"}],"about":[{"href":"https:\/\/obera.fr\/da\/wp-json\/wp\/v2\/types\/page"}],"author":[{"embeddable":true,"href":"https:\/\/obera.fr\/da\/wp-json\/wp\/v2\/users\/4"}],"replies":[{"embeddable":true,"href":"https:\/\/obera.fr\/da\/wp-json\/wp\/v2\/comments?post=50645"}],"version-history":[{"count":7,"href":"https:\/\/obera.fr\/da\/wp-json\/wp\/v2\/pages\/50645\/revisions"}],"predecessor-version":[{"id":107664,"href":"https:\/\/obera.fr\/da\/wp-json\/wp\/v2\/pages\/50645\/revisions\/107664"}],"up":[{"embeddable":true,"href":"https:\/\/obera.fr\/da\/wp-json\/wp\/v2\/pages\/52219"}],"wp:featuredmedia":[{"embeddable":true,"href":"https:\/\/obera.fr\/da\/wp-json\/wp\/v2\/media\/83735"}],"wp:attachment":[{"href":"https:\/\/obera.fr\/da\/wp-json\/wp\/v2\/media?parent=50645"}],"curies":[{"name":"wp","href":"https:\/\/api.w.org\/{rel}","templated":true}]}}