{"id":50663,"date":"2024-04-06T01:24:32","date_gmt":"2024-04-05T23:24:32","guid":{"rendered":"https:\/\/obera.fr\/na-2-2-mobil-vaad-stoevopsamler\/"},"modified":"2025-06-27T15:43:33","modified_gmt":"2025-06-27T13:43:33","slug":"na-2-2-depoussiereur-a-voie-humide","status":"publish","type":"page","link":"https:\/\/obera.fr\/da\/produits\/depoussiereurs-industriels\/mobiles\/na-2-2-depoussiereur-a-voie-humide\/","title":{"rendered":"NA 2.2: Mobil v\u00e5d st\u00f8vopsamler"},"content":{"rendered":"\n<p>Oplev NA 2.2-v\u00e5dst\u00f8vopsamleren til opsugning af kl\u00e6brige stoffer og st\u00f8v med seglvirkning, der genereres i dine v\u00e6rksteder.<\/p>\n\n<h2 class=\"wp-block-heading\">NA 2.2 v\u00e5d st\u00f8vopsamler: drift og brug<\/h2>\n\n<div class=\"wp-block-columns is-layout-flex wp-container-core-columns-is-layout-28f84493 wp-block-columns-is-layout-flex\">\n<div class=\"wp-block-column is-layout-flow wp-block-column-is-layout-flow\" style=\"flex-basis:33.33%\">\n<figure class=\"wp-block-image aligncenter size-full\"><img decoding=\"async\" width=\"600\" height=\"600\" src=\"https:\/\/obera.fr\/wp-content\/uploads\/2024\/04\/obera-na-2-2-depoussiereur-a-voie-humide-mobile.jpg\" alt=\"NA 2.2: Mobil v&#xE5;d st&#xF8;vopsamler\" class=\"wp-image-29475\" srcset=\"https:\/\/obera.fr\/wp-content\/uploads\/2024\/04\/obera-na-2-2-depoussiereur-a-voie-humide-mobile.jpg 600w, https:\/\/obera.fr\/wp-content\/uploads\/2024\/04\/obera-na-2-2-depoussiereur-a-voie-humide-mobile-300x300.jpg 300w, https:\/\/obera.fr\/wp-content\/uploads\/2024\/04\/obera-na-2-2-depoussiereur-a-voie-humide-mobile-150x150.jpg 150w\" sizes=\"(max-width: 600px) 100vw, 600px\" \/><\/figure>\n<\/div>\n\n\n\n<div class=\"wp-block-column is-layout-flow wp-block-column-is-layout-flow\" style=\"flex-basis:66.66%\">\n<p>Filtreringssystemet i v\u00e5de st\u00f8vopsamlere er baseret p\u00e5 princippet om centrifugalkraft og bruger vand som filtreringsmedium. I praksis indfanges den luft, der er fyldt med fine partikler og st\u00f8v, i st\u00f8vopsamleren af den indbyggede ventilator. Luften m\u00e6ttes derefter med vand gennem spraydyser, som samler st\u00f8vet og g\u00f8r det lettere at indfange. For at adskille partiklerne roterer luften og vandet med h\u00f8j hastighed for at kaste dem mod st\u00f8vopsamlerens v\u00e6g (vortex-princippet). Den rene luft suges ud og sendes ud i atmosf\u00e6ren af en centrifugalventilator.<\/p>\n\n\n\n<p>Ideel til savning, sk\u00e6ring og opsk\u00e6ring, men ogs\u00e5 til slibning, polering, sp\u00e5ntagning, fr\u00e6sning, dekantering, p\u00e5fyldning og blanding. ATEX-version f\u00e5s som ekstraudstyr.<\/p>\n\n\n\n<p>Til hvilke form\u00e5l? NA 2.2-v\u00e5dst\u00f8vsugeren klarer sig s\u00e6rligt godt ved st\u00f8vsugning af kl\u00e6brige stoffer og ved arbejde, der genererer st\u00e6rke gnister. Den er ideel til udsugning af metalst\u00f8v, kl\u00e6brigt st\u00f8v og br\u00e6ndbart st\u00f8v. Det g\u00f8r den ideel til brug i f\u00f8devare- og metalindustrien.<\/p>\n\n\n\n<div class=\"wp-block-columns is-layout-flex wp-container-core-columns-is-layout-28f84493 wp-block-columns-is-layout-flex\">\n<div class=\"wp-block-column is-layout-flow wp-block-column-is-layout-flow\">\n<div class=\"wp-block-buttons is-layout-flex wp-block-buttons-is-layout-flex\">\n<div class=\"wp-block-button\"><a class=\"wp-block-button__link wp-element-button\" href=\"https:\/\/obera.fr\/wp-content\/uploads\/2025\/04\/brochure-na-2.2-fr.pdf\">Download brochuren<\/a><\/div>\n<\/div>\n<\/div>\n\n\n\n<div class=\"wp-block-column is-layout-flow wp-block-column-is-layout-flow\">\n<div class=\"wp-block-buttons is-layout-flex wp-block-buttons-is-layout-flex\">\n<div class=\"wp-block-button\"><a class=\"wp-block-button__link wp-element-button\" href=\"https:\/\/obera.fr\/contact\/\">Har du brug for personlig r\u00e5dgivning?<\/a><\/div>\n<\/div>\n<\/div>\n\n\n\n<div class=\"wp-block-column is-layout-flow wp-block-column-is-layout-flow\">\n<div class=\"wp-block-buttons is-content-justification-center is-layout-flex wp-container-core-buttons-is-layout-a89b3969 wp-block-buttons-is-layout-flex\">\n<div class=\"wp-block-button btn-devis-source\"><a class=\"wp-block-button__link wp-element-button\" href=\"https:\/\/obera.fr\/da\/devis\/\">Anmod om et tilbud<\/a><\/div>\n<\/div>\n\n\n<script>\r\ndocument.addEventListener('DOMContentLoaded', function() {\r\n    \/\/ 1. On cherche le titre H1 de la page\r\n    var h1 = document.querySelector('h1');\r\n    var productTitle = h1 ? h1.innerText.trim() : \"\";\r\n\r\n    \/\/ 2. On cherche les boutons via la classe CSS .btn-devis-source\r\n    var buttons = document.querySelectorAll('.btn-devis-source a');\r\n\r\n    \/\/ 3. Si on a le titre et les boutons, on ajoute le param\u00e8tre\r\n    if (buttons.length > 0 && productTitle !== \"\") {\r\n        var encodedTitle = encodeURIComponent(productTitle);\r\n\r\n        buttons.forEach(function(btn) {\r\n            var currentHref = btn.getAttribute('href');\r\n            \r\n            \/\/ S\u00e9curit\u00e9 pour ne pas ajouter le param\u00e8tre 2 fois\r\n            if (currentHref.indexOf('sujet=') === -1) {\r\n                var separator = currentHref.indexOf('?') !== -1 ? '&' : '?';\r\n                var newLink = currentHref + separator + 'sujet=' + encodedTitle;\r\n                \r\n                btn.setAttribute('href', newLink);\r\n            }\r\n        });\r\n    }\r\n});\r\n<\/script><\/div>\n<\/div>\n<\/div>\n<\/div>\n\n<h2 class=\"wp-block-heading\">Egenskaber ved NA 2.2 v\u00e5dst\u00f8vopsamler<\/h2>\n\n<p>Ud over at v\u00e6re meget mobil tilbyder dens design ogs\u00e5 noget, der aldrig er set f\u00f8r i NA-enheder: et kompakt, pladsbesparende design. Indtil nu har vandudskillere kun kunnet monteres fast med et st\u00f8rre fodaftryk (meget st\u00f8rre dimensioner) for at d\u00e6kke en bred vifte af anvendelsesomr\u00e5der. Det er nu lykkedes NA&#8217;s st\u00f8vopsamlere at kombinere ydeevne og brugervenlighed med fleksible, kompakte mobile enheder. Desuden er NA-udstyret altid udstyret med en vipbar topsektion, der giver nem adgang til apparatets indre.<\/p>\n\n<p>NA-serien udsender ogs\u00e5 meget lidt st\u00f8j: 68 dB(A). Det betyder, at den kan bruges direkte ved de forskellige arbejdsstationer uden at forstyrre operat\u00f8rerne.<\/p>\n\n<blockquote class=\"wp-block-quote is-layout-flow wp-block-quote-is-layout-flow\">\n<p>Ekstraudstyr: NA 2.2-v\u00e5dst\u00f8vopsamleren f\u00e5s ogs\u00e5 som reng\u00f8ringssuger med en slangediameter p\u00e5 50 mm. Den f\u00e5s i en version af rustfrit st\u00e5l for at opfylde kravene i f\u00f8devareindustrien, som genererer fint og organisk st\u00f8v og er underlagt strenge hygiejne- og f\u00f8devaresikkerhedsbestemmelser. En anden vigtig mulighed for industrier, der arbejder i potentielt eksplosive omr\u00e5der (zone 22): ATEX-versionen til sikker udsugning af t\u00f8rt, br\u00e6ndbart, ikke-ledende st\u00f8v.<\/p>\n<\/blockquote>\n\n<h3 class=\"wp-block-heading has-text-align-center\">INDUSTRIER<\/h3>\n\n<div class=\"wp-block-columns is-layout-flex wp-container-core-columns-is-layout-28f84493 wp-block-columns-is-layout-flex\">\n<div class=\"wp-block-column is-layout-flow wp-block-column-is-layout-flow\">\n<hr class=\"wp-block-separator has-alpha-channel-opacity\"\/>\n\n\n\n<div class=\"wp-block-columns is-layout-flex wp-container-core-columns-is-layout-28f84493 wp-block-columns-is-layout-flex\">\n<div class=\"wp-block-column is-layout-flow wp-block-column-is-layout-flow\">\n<figure class=\"wp-block-image aligncenter size-thumbnail is-resized\"><img decoding=\"async\" width=\"150\" height=\"150\" src=\"https:\/\/obera.fr\/wp-content\/uploads\/2022\/02\/Metalurgie-150x150.png\" alt=\"Metallurgi\" class=\"wp-image-8857\"\/><figcaption class=\"wp-element-caption\">Metallurgi<\/figcaption><\/figure>\n<\/div>\n\n\n\n<div class=\"wp-block-column is-layout-flow wp-block-column-is-layout-flow\">\n<figure class=\"wp-block-image aligncenter size-thumbnail is-resized\"><img decoding=\"async\" width=\"150\" height=\"150\" src=\"https:\/\/obera.fr\/wp-content\/uploads\/2022\/02\/AGROALIMENTAIRE-150x150.png\" alt=\"landbrugsf&#xF8;devarer\" class=\"wp-image-8844\"\/><figcaption class=\"wp-element-caption\">F\u00f8devareindustrien<\/figcaption><\/figure>\n<\/div>\n<\/div>\n<\/div>\n\n\n\n<div class=\"wp-block-column is-layout-flow wp-block-column-is-layout-flow\">\n<hr class=\"wp-block-separator has-alpha-channel-opacity\"\/>\n\n\n\n<div class=\"wp-block-columns is-layout-flex wp-container-core-columns-is-layout-28f84493 wp-block-columns-is-layout-flex\">\n<div class=\"wp-block-column is-layout-flow wp-block-column-is-layout-flow\"><\/div>\n\n\n\n<div class=\"wp-block-column is-layout-flow wp-block-column-is-layout-flow\"><\/div>\n<\/div>\n<\/div>\n<\/div>\n\n<table id=\"tablepress-201\" class=\"tablepress tablepress-id-201\">\n<tbody class=\"row-striping row-hover\">\n<tr class=\"row-1\">\n\t<td class=\"column-1\">Volume d\u2019air max. D\u00e9bit d\u2019air<\/td><td class=\"column-2\">M3\/h<\/td><td class=\"column-3\">300<\/td>\n<\/tr>\n<tr class=\"row-2\">\n\t<td class=\"column-1\">Diam\u00e8tre d\u2019entr\u00e9e\/de sortie<\/td><td class=\"column-2\">mm<\/td><td class=\"column-3\">50\/-<\/td>\n<\/tr>\n<tr class=\"row-3\">\n\t<td class=\"column-1\">Pression d\u2019air max. D\u00e9pression<\/td><td class=\"column-2\">Pa<\/td><td class=\"column-3\">21.000<\/td>\n<\/tr>\n<tr class=\"row-4\">\n\t<td class=\"column-1\">Puissance d\u2019entra\u00eenement<\/td><td class=\"column-2\">kW<\/td><td class=\"column-3\">2.2<\/td>\n<\/tr>\n<tr class=\"row-5\">\n\t<td class=\"column-1\">Contenu en eau<\/td><td class=\"column-2\">L<\/td><td class=\"column-3\">40<\/td>\n<\/tr>\n<tr class=\"row-6\">\n\t<td class=\"column-1\">R\u00e9servoir de collecte de volume<\/td><td class=\"column-2\">L<\/td><td class=\"column-3\">100<\/td>\n<\/tr>\n<tr class=\"row-7\">\n\t<td class=\"column-1\">Dimensions (L\/l\/h)<\/td><td class=\"column-2\">mm<\/td><td class=\"column-3\">1.260x630x1.560<\/td>\n<\/tr>\n<tr class=\"row-8\">\n\t<td class=\"column-1\">Poids (sans eau)<\/td><td class=\"column-2\">kg<\/td><td class=\"column-3\">130<\/td>\n<\/tr>\n<tr class=\"row-9\">\n\t<td class=\"column-1\">\u00c9missions sonores<\/td><td class=\"column-2\">dB(A)<\/td><td class=\"column-3\">68<\/td>\n<\/tr>\n<\/tbody>\n<\/table>\n\n\n<div class=\"wp-block-buttons is-content-justification-center is-layout-flex wp-container-core-buttons-is-layout-a89b3969 wp-block-buttons-is-layout-flex\">\n<div class=\"wp-block-button\"><a class=\"wp-block-button__link wp-element-button\" href=\"https:\/\/obera.fr\/wp-content\/uploads\/2025\/04\/brochure-na-2.2-de.pdf\">DOWNLOAD PRODUKTDATABLAD<\/a><\/div>\n<\/div>\n\n<figure class=\"wp-block-table\"><table class=\"has-fixed-layout\"><tbody><tr><td>Maks. luftm\u00e6ngde Luftstr\u00f8mningshastighed<\/td><td>M3\/h<\/td><td>300<\/td><\/tr><tr><td>Indl\u00f8bs-\/udl\u00f8bsdiameter<\/td><td>mm<\/td><td>50\/-<\/td><\/tr><tr><td>Maks. lufttryk Vakuum <\/td><td>Pa<\/td><td>21.000<\/td><\/tr><tr><td>Drivkraft<\/td><td>kW<\/td><td>2.2<\/td><\/tr><tr><td>Vandindhold<\/td><td>L<\/td><td>40<\/td><\/tr><tr><td>Opsamlingstank med volumen<\/td><td>L<\/td><td>100<\/td><\/tr><tr><td>Dimensioner (L\/B\/H)<\/td><td>mm<\/td><td>1.260x630x1.560 cm<\/td><\/tr><tr><td>V\u00e6gt (uden vand)<\/td><td>kg<\/td><td>130<\/td><\/tr><tr><td>St\u00f8jemissioner<\/td><td>dB(A)<\/td><td>68<\/td><\/tr><\/tbody><\/table><\/figure>\n\n<div style=\"height:34px\" aria-hidden=\"true\" class=\"wp-block-spacer\"><\/div>\n\n<h2 class=\"wp-block-heading\">Hvad er fordelene ved NA 2.2-v\u00e5dst\u00f8vopsamleren?<\/h2>\n\n<p>Den v\u00e5de st\u00f8vopsamler bruger filtreringsteknologi til at sikre optimal luftkvalitet i produktionsanl\u00e6g. Ud over at beskytte dine medarbejderes helbred reducerer du risikoen for nedbrud og skader p\u00e5 dine maskiner og dit udstyr.<\/p>\n\n<p>NA 2.2 v\u00e5dst\u00f8vopsamler er mobil og fleksibel og nem at man\u00f8vrere takket v\u00e6re de glatte hjul. Den er ideel til hyppige skift af placering for at sikre maksimal brugerkomfort. Den er ogs\u00e5 kompakt med et lille fodaftryk.<\/p>\n\n<p>NA 2.2-v\u00e5dst\u00f8vopsamleren kan kombineres med andet udstyr for maksimal brugerkomfort, f.eks. automatisk vandstandsregulering eller en magnetventil, der automatisk tilf\u00f8rer vand til enheden.<\/p>\n\n<div class=\"wp-block-columns is-layout-flex wp-container-core-columns-is-layout-28f84493 wp-block-columns-is-layout-flex\">\n<div class=\"wp-block-column is-layout-flow wp-block-column-is-layout-flow\" style=\"flex-basis:33.34%\">\n<h3 class=\"wp-block-heading\">Fordele :<\/h3>\n\n\n\n<ul class=\"wp-block-list\">\n<li>Stille og kompakt;<\/li>\n\n\n\n<li>Fleksible anvendelsesmuligheder.<\/li>\n<\/ul>\n<\/div>\n\n\n\n<div class=\"wp-block-column is-layout-flow wp-block-column-is-layout-flow\" style=\"flex-basis:33.34%\">\n<h3 class=\"wp-block-heading\">S\u00e6rlige funktioner:<\/h3>\n\n\n\n<ul class=\"wp-block-list\">\n<li>Udsugning af kl\u00e6brigt st\u00f8v, velegnet til arbejdsprocesser med gnistprojektion;<\/li>\n\n\n\n<li>F\u00e5s som reng\u00f8ringsst\u00f8vsuger.<\/li>\n<\/ul>\n\n\n\n<div style=\"height:26px\" aria-hidden=\"true\" class=\"wp-block-spacer\"><\/div>\n<\/div>\n\n\n\n<div class=\"wp-block-column is-layout-flow wp-block-column-is-layout-flow\" style=\"flex-basis:33.33%\">\n<h3 class=\"wp-block-heading\">Funktioner :<\/h3>\n\n\n\n<ul class=\"wp-block-list\">\n<li>Valgfri <a href=\"https:\/\/obera.fr\/da\/produits\/atex\/\" data-type=\"page\" data-id=\"372\">ATEX-version<\/a>;<\/li>\n\n\n\n<li>F\u00e5s i rustfrit st\u00e5l.<\/li>\n<\/ul>\n<\/div>\n<\/div>\n\n<div class=\"wp-block-buttons is-content-justification-center is-layout-flex wp-container-core-buttons-is-layout-a89b3969 wp-block-buttons-is-layout-flex\">\n<div class=\"wp-block-button\"><a class=\"wp-block-button__link wp-element-button\" href=\"https:\/\/obera.fr\/da\/contact\/\">TEST NA 2.2-ST\u00d8VOPSAMLEREN<\/a><\/div>\n<\/div>\n\n<div style=\"height:25px\" aria-hidden=\"true\" class=\"wp-block-spacer\"><\/div>\n\n<h2 class=\"wp-block-heading\">Andre mobile st\u00f8vopsamlere af m\u00e6rket OberA<\/h2>\n\n<div class=\"wp-block-columns is-layout-flex wp-container-core-columns-is-layout-28f84493 wp-block-columns-is-layout-flex\">\n<div class=\"wp-block-column is-layout-flow wp-block-column-is-layout-flow\">\n<figure class=\"wp-block-image aligncenter size-medium\"><a href=\"https:\/\/obera.fr\/produits\/depoussiereurs-industriels\/mobiles\/srf-k\/\"><img decoding=\"async\" width=\"300\" height=\"300\" src=\"https:\/\/obera.fr\/wp-content\/uploads\/2020\/10\/SRF-K-SF-300x300.png\" alt=\"Srf K Sf\" class=\"wp-image-1309\" srcset=\"https:\/\/obera.fr\/wp-content\/uploads\/2020\/10\/SRF-K-SF-300x300.png 300w, https:\/\/obera.fr\/wp-content\/uploads\/2020\/10\/SRF-K-SF-150x150.png 150w, https:\/\/obera.fr\/wp-content\/uploads\/2020\/10\/SRF-K-SF.png 600w\" sizes=\"(max-width: 300px) 100vw, 300px\" \/><\/a><figcaption class=\"wp-element-caption\">SRF-K<\/figcaption><\/figure>\n<\/div>\n\n\n\n<div class=\"wp-block-column is-layout-flow wp-block-column-is-layout-flow\">\n<figure class=\"wp-block-image aligncenter size-medium\"><a href=\"https:\/\/obera.fr\/produits\/depoussiereurs-industriels\/mobiles\/aspiration-poussiere-dustomat-10\/\"><img decoding=\"async\" width=\"300\" height=\"300\" src=\"https:\/\/obera.fr\/wp-content\/uploads\/2020\/10\/extracteur-poussiere-mobile-DUSTOMAT-10-300x300.png\" alt=\"Dustomat 10 Mobil st&#xF8;vsuger\" class=\"wp-image-1306\" srcset=\"https:\/\/obera.fr\/wp-content\/uploads\/2020\/10\/extracteur-poussiere-mobile-DUSTOMAT-10-300x300.png 300w, https:\/\/obera.fr\/wp-content\/uploads\/2020\/10\/extracteur-poussiere-mobile-DUSTOMAT-10-150x150.png 150w, https:\/\/obera.fr\/wp-content\/uploads\/2020\/10\/extracteur-poussiere-mobile-DUSTOMAT-10.png 600w\" sizes=\"(max-width: 300px) 100vw, 300px\" \/><\/a><figcaption class=\"wp-element-caption\">DUSTOMAT 10<\/figcaption><\/figure>\n<\/div>\n\n\n\n<div class=\"wp-block-column is-layout-flow wp-block-column-is-layout-flow\">\n<figure class=\"wp-block-image aligncenter size-medium\"><a href=\"https:\/\/obera.fr\/produits\/depoussiereurs-industriels\/mobiles\/extracteur-poussiere-pulverulente-dustomat-16m\/\"><img decoding=\"async\" width=\"300\" height=\"300\" src=\"https:\/\/obera.fr\/wp-content\/uploads\/2020\/10\/extracteur-poussiere-pulverulente-DUSTOMAT-16-300x300.png\" alt=\"Pulveriseret st&#xF8;vudsugning Dustomat 16\" class=\"wp-image-1307\" srcset=\"https:\/\/obera.fr\/wp-content\/uploads\/2020\/10\/extracteur-poussiere-pulverulente-DUSTOMAT-16-300x300.png 300w, https:\/\/obera.fr\/wp-content\/uploads\/2020\/10\/extracteur-poussiere-pulverulente-DUSTOMAT-16-150x150.png 150w, https:\/\/obera.fr\/wp-content\/uploads\/2020\/10\/extracteur-poussiere-pulverulente-DUSTOMAT-16.png 600w\" sizes=\"(max-width: 300px) 100vw, 300px\" \/><\/a><figcaption class=\"wp-element-caption\">DUSTOMAT 16<\/figcaption><\/figure>\n<\/div>\n\n\n\n<div class=\"wp-block-column is-layout-flow wp-block-column-is-layout-flow\">\n<figure class=\"wp-block-image aligncenter size-medium\"><a href=\"https:\/\/obera.fr\/produits\/depoussiereurs-industriels\/mobiles\/extracteur-poussiere-dustomat-4\/\"><img decoding=\"async\" width=\"300\" height=\"300\" src=\"https:\/\/obera.fr\/wp-content\/uploads\/2023\/02\/dustomat-4-300x300.png\" alt=\"Dustomat 4 St&#xF8;vsuger\" class=\"wp-image-19008\" srcset=\"https:\/\/obera.fr\/wp-content\/uploads\/2023\/02\/dustomat-4-300x300.png 300w, https:\/\/obera.fr\/wp-content\/uploads\/2023\/02\/dustomat-4-150x150.png 150w, https:\/\/obera.fr\/wp-content\/uploads\/2023\/02\/dustomat-4.png 500w\" sizes=\"(max-width: 300px) 100vw, 300px\" \/><\/a><figcaption class=\"wp-element-caption\">Dustomat 4<\/figcaption><\/figure>\n<\/div>\n<\/div>\n\n<div class=\"wp-block-columns is-layout-flex wp-container-core-columns-is-layout-28f84493 wp-block-columns-is-layout-flex\">\n<div class=\"wp-block-column is-layout-flow wp-block-column-is-layout-flow\">\n<figure class=\"wp-block-image aligncenter size-medium is-resized\"><a href=\"https:\/\/obera.fr\/produits\/depoussiereurs-industriels\/mobiles\/extracteur-de-poussiere-dustomat-dry\/#more-24274\"><img decoding=\"async\" width=\"300\" height=\"300\" src=\"https:\/\/obera.fr\/wp-content\/uploads\/2023\/09\/dustomat-dry-300x300.png\" alt=\"dustomat t&#xF8;r\" class=\"wp-image-24355\" style=\"width:auto;height:250px\" srcset=\"https:\/\/obera.fr\/wp-content\/uploads\/2023\/09\/dustomat-dry-300x300.png 300w, https:\/\/obera.fr\/wp-content\/uploads\/2023\/09\/dustomat-dry-150x150.png 150w, https:\/\/obera.fr\/wp-content\/uploads\/2023\/09\/dustomat-dry.png 320w\" sizes=\"(max-width: 300px) 100vw, 300px\" \/><\/a><figcaption class=\"wp-element-caption\">DUSTOMAT DRY<\/figcaption><\/figure>\n<\/div>\n\n\n\n<div class=\"wp-block-column is-layout-flow wp-block-column-is-layout-flow\"><\/div>\n<\/div>\n","protected":false},"excerpt":{"rendered":"<p>Oplev NA 2.2-v\u00e5dst\u00f8vopsamleren til opsugning af kl\u00e6brige stoffer og st\u00f8v med seglvirkning, der genereres i dine v\u00e6rksteder. NA 2.2 v\u00e5d st\u00f8vopsamler: drift og brug Filtreringssystemet i v\u00e5de st\u00f8vopsamlere er baseret p\u00e5 princippet om centrifugalkraft og bruger vand som filtreringsmedium. I praksis indfanges den luft, der er fyldt med fine partikler og st\u00f8v, i st\u00f8vopsamleren af den indbyggede ventilator. Luften m\u00e6ttes derefter med vand gennem spraydyser, som samler st\u00f8vet og g\u00f8r det lettere at indfange. For at adskille partiklerne roterer luften og vandet med h\u00f8j hastighed for at kaste dem mod st\u00f8vopsamlerens v\u00e6g (vortex-princippet). Den rene luft suges ud og sendes &#8230; <\/p>\n<p class=\"read-more-container\"><a title=\"NA 2.2: Mobil v\u00e5d st\u00f8vopsamler\" class=\"read-more button\" href=\"https:\/\/obera.fr\/da\/produits\/depoussiereurs-industriels\/mobiles\/na-2-2-depoussiereur-a-voie-humide\/#more-50663\" aria-label=\"Read more about NA 2.2: Mobil v\u00e5d st\u00f8vopsamler\">Lire la suite<\/a><\/p>\n","protected":false},"author":4,"featured_media":83735,"parent":52036,"menu_order":0,"comment_status":"closed","ping_status":"closed","template":"","meta":{"_acf_changed":false,"_seopress_robots_primary_cat":"","_seopress_titles_title":"","_seopress_titles_desc":"","_seopress_robots_index":"","footnotes":""},"class_list":{"0":"post-50663","1":"page","2":"type-page","3":"status-publish","4":"has-post-thumbnail","6":"no-featured-image-padding","7":"resize-featured-image"},"acf":[],"_links":{"self":[{"href":"https:\/\/obera.fr\/da\/wp-json\/wp\/v2\/pages\/50663","targetHints":{"allow":["GET"]}}],"collection":[{"href":"https:\/\/obera.fr\/da\/wp-json\/wp\/v2\/pages"}],"about":[{"href":"https:\/\/obera.fr\/da\/wp-json\/wp\/v2\/types\/page"}],"author":[{"embeddable":true,"href":"https:\/\/obera.fr\/da\/wp-json\/wp\/v2\/users\/4"}],"replies":[{"embeddable":true,"href":"https:\/\/obera.fr\/da\/wp-json\/wp\/v2\/comments?post=50663"}],"version-history":[{"count":11,"href":"https:\/\/obera.fr\/da\/wp-json\/wp\/v2\/pages\/50663\/revisions"}],"predecessor-version":[{"id":117305,"href":"https:\/\/obera.fr\/da\/wp-json\/wp\/v2\/pages\/50663\/revisions\/117305"}],"up":[{"embeddable":true,"href":"https:\/\/obera.fr\/da\/wp-json\/wp\/v2\/pages\/52036"}],"wp:featuredmedia":[{"embeddable":true,"href":"https:\/\/obera.fr\/da\/wp-json\/wp\/v2\/media\/83735"}],"wp:attachment":[{"href":"https:\/\/obera.fr\/da\/wp-json\/wp\/v2\/media?parent=50663"}],"curies":[{"name":"wp","href":"https:\/\/api.w.org\/{rel}","templated":true}]}}