{"id":50683,"date":"2024-04-05T23:01:46","date_gmt":"2024-04-05T21:01:46","guid":{"rendered":"https:\/\/obera.fr\/w3-industriel-stoevsuger\/"},"modified":"2025-06-03T11:15:57","modified_gmt":"2025-06-03T09:15:57","slug":"w3-pour-nettoyage-general","status":"publish","type":"page","link":"https:\/\/obera.fr\/da\/produits\/aspirateurs-industriels\/w3-pour-nettoyage-general\/","title":{"rendered":"W3 industriel st\u00f8vsuger"},"content":{"rendered":"\n<p>W3 <a href=\"https:\/\/obera.fr\/da\/produits\/aspirateurs-industriels\/\" data-type=\"page\" data-id=\"41\">industrisuger er en h\u00f8jtydende og brugervenlig st\u00f8vsugerl\u00f8sning<\/a>, som er uundv\u00e6rlig til almindelig reng\u00f8ring, og som kan tilpasses ethvert behov.<\/p>\n\n\n\n<h2 class=\"wp-block-heading\">Princip og anvendelse af W3-industrist\u00f8vsugeren<\/h2>\n\n\n\n<div class=\"wp-block-columns is-layout-flex wp-container-core-columns-is-layout-28f84493 wp-block-columns-is-layout-flex\">\n<div class=\"wp-block-column is-layout-flow wp-block-column-is-layout-flow\" style=\"flex-basis:33.33%\">\n<figure class=\"wp-block-image aligncenter size-full is-resized\"><img decoding=\"async\" width=\"658\" height=\"652\" src=\"https:\/\/obera.fr\/wp-content\/uploads\/2024\/10\/w3.png\" alt=\"Industrielle st\u00f8vsugere\" class=\"wp-image-35427\" style=\"object-fit:cover;width:300px;height:300px\" srcset=\"https:\/\/obera.fr\/wp-content\/uploads\/2024\/10\/w3.png 658w, https:\/\/obera.fr\/wp-content\/uploads\/2024\/10\/w3-300x297.png 300w, https:\/\/obera.fr\/wp-content\/uploads\/2024\/10\/w3-150x150.png 150w, https:\/\/obera.fr\/wp-content\/uploads\/2024\/10\/w3-24x24.png 24w, https:\/\/obera.fr\/wp-content\/uploads\/2024\/10\/w3-48x48.png 48w, https:\/\/obera.fr\/wp-content\/uploads\/2024\/10\/w3-96x96.png 96w\" sizes=\"(max-width: 658px) 100vw, 658px\" \/><\/figure>\n<\/div>\n\n\n\n<div class=\"wp-block-column is-layout-flow wp-block-column-is-layout-flow\" style=\"flex-basis:66.66%\">\n<p><strong>W3-industrist\u00f8vsugeren<\/strong> er kendt for sin alsidighed og st\u00f8jsvage drift. Den har tre kraftige bypass-motorer, der suger luft ind og deler den i to str\u00f8mme: Den ene str\u00f8m bruges til at k\u00f8le motoren, den anden til at suge st\u00f8v og faste stoffer ud. Dette sugesystem forhindrer ikke kun motoren i at stoppe til, men tilbageholder ogs\u00e5 fine partikler ved at f\u00f8re luftstr\u00f8mmen gennem st\u00f8vfilteret. W3-seriens bypass-motorer giver h\u00f8j sugeeffekt, mindre vedligeholdelse og l\u00e6ngere levetid for udstyret (mindre risiko for overophedning og tilstopning).   <\/p>\n\n\n\n<p>Hvad kan den bruges til? Den alsidige, smidige og praktiske W3 enfasede st\u00f8vsuger er ideel til generel reng\u00f8ring: reng\u00f8ring af gulve, v\u00e6gge, byggepladser, v\u00e6rksteder, produktionsmaskiner osv. Den er ogs\u00e5 et fremragende valg til opsugning af fint st\u00f8v og allergifremkaldende partikler. Dens konstruktion og brede vifte af tilpasningsmuligheder g\u00f8r den nem at tilpasse til alle industrisektorer. Den er s\u00e6rlig effektiv til opsugning af st\u00f8v og faste stoffer i mekaniske v\u00e6rksteder, f\u00f8devarevirksomheder, snedkerier, h\u00e5ndv\u00e6rksvirksomheder, sandbl\u00e6sning, cementfabrikker og overfladebehandling.   <\/p>\n\n\n\n<div class=\"wp-block-columns is-layout-flex wp-container-core-columns-is-layout-28f84493 wp-block-columns-is-layout-flex\">\n<div class=\"wp-block-column is-layout-flow wp-block-column-is-layout-flow\">\n<div class=\"wp-block-buttons is-layout-flex wp-block-buttons-is-layout-flex\">\n<div class=\"wp-block-button\"><a class=\"wp-block-button__link wp-element-button\" href=\"https:\/\/obera.fr\/wp-content\/uploads\/2025\/06\/brochure-w3-en.pdf\">DOWNLOAD BROCHUREN<\/a><\/div>\n<\/div>\n<\/div>\n\n\n\n<div class=\"wp-block-column is-layout-flow wp-block-column-is-layout-flow\">\n<div class=\"wp-block-buttons is-layout-flex wp-block-buttons-is-layout-flex\">\n<div class=\"wp-block-button\"><a class=\"wp-block-button__link wp-element-button\" href=\"https:\/\/obera.fr\/contact\/\">BRUG FOR PERSONLIG R\u00c5DGIVNING?<\/a><\/div>\n<\/div>\n<\/div>\n\n\n\n<div class=\"wp-block-column is-layout-flow wp-block-column-is-layout-flow\">\n<div class=\"wp-block-buttons is-content-justification-center is-layout-flex wp-container-core-buttons-is-layout-a89b3969 wp-block-buttons-is-layout-flex\">\n<div class=\"wp-block-button btn-devis-source\"><a class=\"wp-block-button__link wp-element-button\" href=\"https:\/\/obera.fr\/da\/devis\/\">Anmod om et tilbud<\/a><\/div>\n<\/div>\n\n\n<script>\r\ndocument.addEventListener('DOMContentLoaded', function() {\r\n    \/\/ 1. On cherche le titre H1 de la page\r\n    var h1 = document.querySelector('h1');\r\n    var productTitle = h1 ? h1.innerText.trim() : \"\";\r\n\r\n    \/\/ 2. On cherche les boutons via la classe CSS .btn-devis-source\r\n    var buttons = document.querySelectorAll('.btn-devis-source a');\r\n\r\n    \/\/ 3. Si on a le titre et les boutons, on ajoute le param\u00e8tre\r\n    if (buttons.length > 0 && productTitle !== \"\") {\r\n        var encodedTitle = encodeURIComponent(productTitle);\r\n\r\n        buttons.forEach(function(btn) {\r\n            var currentHref = btn.getAttribute('href');\r\n            \r\n            \/\/ S\u00e9curit\u00e9 pour ne pas ajouter le param\u00e8tre 2 fois\r\n            if (currentHref.indexOf('sujet=') === -1) {\r\n                var separator = currentHref.indexOf('?') !== -1 ? '&' : '?';\r\n                var newLink = currentHref + separator + 'sujet=' + encodedTitle;\r\n                \r\n                btn.setAttribute('href', newLink);\r\n            }\r\n        });\r\n    }\r\n});\r\n<\/script><\/div>\n<\/div>\n<\/div>\n<\/div>\n\n\n\n<h2 class=\"wp-block-heading\">Generel reng\u00f8ring: funktionerne i W3-st\u00f8vsugeren<\/h2>\n\n\n\n<p>W3-industrist\u00f8vsugeren f\u00e5s i to versioner. Den er udstyret med 3 enfasede motorer p\u00e5 1,1 kW i 65-liters versionen og 1,3 kW i 100-liters versionen. Denne specifikke tekniske funktion g\u00f8r maskinen s\u00e6rligt effektiv til at st\u00f8vsuge materialer med en h\u00f8j specifik v\u00e6gt (grus, sand, s\u00f8m, skruer, glassk\u00e5r). St\u00f8vsugeren har et maksimalt vakuum p\u00e5 mellem 2.400 og 3.600 Pa og en maksimal str\u00f8mningshastighed p\u00e5 mellem 540 m3\/t og 450 m3\/t, afh\u00e6ngigt af den valgte version.<\/p>\n\n\n\n<p>P\u00e5 trods af sine 3 bypass-motorer er W3 industrist\u00f8vsugeren lydl\u00f8s. Sugeenheden er lydisoleret for at reducere st\u00f8jen til et minimum.<\/p>\n\n\n\n<p>Den robuste sugeanordning har et solidt st\u00e5lhoved. Filterenheden er ogs\u00e5 lavet af rustfrit st\u00e5l (filterkammer), ligesom dens hjulbakke og chassis.  <\/p>\n\n\n\n<p>Endelig er filterenheden udstyret med et polyesterposefilter for beskyttelse og h\u00f8j st\u00f8vtilbageholdelse. Det store overfladeareal p\u00e5 2 m2 og den h\u00f8je filtreringseffektivitet (3 mikrometer) garanterer ogs\u00e5 renheden af den udg\u00e5ende luft.<\/p>\n\n\n\n<p>W3-st\u00f8vsugeren indeholder tilbeh\u00f8r til professionelle reng\u00f8ringsfolk: fleksibel sugeslange, b\u00f8rster, spr\u00e6kkeredskab osv.<\/p>\n\n\n\n<blockquote class=\"wp-block-quote is-layout-flow wp-block-quote-is-layout-flow\">\n<p>Tilg\u00e6ngelige versioner: W3-industrisugeren f\u00e5s i to versioner! Den ene med en kapacitet p\u00e5 65 liter, den anden med en kapacitet p\u00e5 100 liter. Den f\u00e5s ogs\u00e5 med 3 enfasede, 3-trins motorer til at h\u00e5ndtere sugning af materialer med en h\u00f8j specifik v\u00e6gt.<\/p>\n<\/blockquote>\n\n\n\n<h3 class=\"wp-block-heading has-text-align-center\">Valgfrit<\/h3>\n\n\n\n<div class=\"wp-block-columns is-layout-flex wp-container-core-columns-is-layout-28f84493 wp-block-columns-is-layout-flex\">\n<div class=\"wp-block-column is-layout-flow wp-block-column-is-layout-flow\" style=\"flex-basis:50%\">\n<ul class=\"wp-block-list\">\n<li>Nomex-filter &#8211; varmebestandigt op til 250\u00b0;<\/li>\n\n\n\n<li>Hepa H14 absolut filter ;<\/li>\n\n\n\n<li>Klasse M PTFE-filter ;<\/li>\n\n\n\n<li>Klasse M vand-oleofobisk teflonfilter ;  <\/li>\n\n\n\n<li>Klasse M antistatisk filter ;<\/li>\n<\/ul>\n<\/div>\n\n\n\n<div class=\"wp-block-column is-layout-flow wp-block-column-is-layout-flow\" style=\"flex-basis:50%\">\n<ul class=\"wp-block-list\">\n<li>Beholder og filterkammer i rustfrit st\u00e5l;<\/li>\n\n\n\n<li>Jordforbindelse ;<\/li>\n\n\n\n<li>Grillet kurv med udl\u00f8bsventil og niveauindikator ;<\/li>\n\n\n\n<li>S\u00e6kkecontainer med lang m\u00e5tte 20mt ;<\/li>\n\n\n\n<li>Cyklon til beskyttelse af filter.<\/li>\n<\/ul>\n<\/div>\n<\/div>\n\n\n\n<h3 class=\"wp-block-heading has-text-align-center\">INDUSTRIER<\/h3>\n\n\n\n<div class=\"wp-block-columns is-layout-flex wp-container-core-columns-is-layout-28f84493 wp-block-columns-is-layout-flex\">\n<div class=\"wp-block-column is-layout-flow wp-block-column-is-layout-flow\">\n<hr class=\"wp-block-separator has-alpha-channel-opacity\"\/>\n\n\n\n<div class=\"wp-block-columns is-layout-flex wp-container-core-columns-is-layout-28f84493 wp-block-columns-is-layout-flex\">\n<div class=\"wp-block-column is-layout-flow wp-block-column-is-layout-flow\">\n<figure class=\"wp-block-image aligncenter size-thumbnail is-resized\"><img decoding=\"async\" width=\"150\" height=\"150\" src=\"https:\/\/obera.fr\/wp-content\/uploads\/2022\/02\/Textile-150x150.png\" alt=\"tekstil\" class=\"wp-image-8855\"\/><figcaption class=\"wp-element-caption\">Tekstiler<\/figcaption><\/figure>\n\n\n\n<figure class=\"wp-block-image aligncenter size-thumbnail is-resized\"><img decoding=\"async\" width=\"150\" height=\"150\" src=\"https:\/\/obera.fr\/wp-content\/uploads\/2022\/02\/Plastique-150x150.png\" alt=\"plastik\" class=\"wp-image-8854\"\/><figcaption class=\"wp-element-caption\">Plastik<\/figcaption><\/figure>\n<\/div>\n\n\n\n<div class=\"wp-block-column is-layout-flow wp-block-column-is-layout-flow\">\n<figure class=\"wp-block-image aligncenter size-thumbnail is-resized\"><img decoding=\"async\" width=\"150\" height=\"150\" src=\"https:\/\/obera.fr\/wp-content\/uploads\/2022\/02\/MINERAIS-150x150.png\" alt=\"malme\" class=\"wp-image-8847\"\/><figcaption class=\"wp-element-caption\">Mineraler<\/figcaption><\/figure>\n\n\n\n<figure class=\"wp-block-image aligncenter size-thumbnail is-resized\"><img decoding=\"async\" width=\"150\" height=\"150\" src=\"https:\/\/obera.fr\/wp-content\/uploads\/2022\/02\/Metalurgie-150x150.png\" alt=\"Metallurgi\" class=\"wp-image-8857\"\/><figcaption class=\"wp-element-caption\">Metallurgi<\/figcaption><\/figure>\n\n\n\n<figure class=\"wp-block-image aligncenter size-thumbnail is-resized\"><img decoding=\"async\" width=\"150\" height=\"150\" src=\"https:\/\/obera.fr\/wp-content\/uploads\/2023\/02\/sans-titre-2023-02-14t102211.641-150x150.png\" alt=\"Landbrug\" class=\"wp-image-18828\"\/><figcaption class=\"wp-element-caption\">Landbrug<\/figcaption><\/figure>\n<\/div>\n<\/div>\n<\/div>\n\n\n\n<div class=\"wp-block-column is-layout-flow wp-block-column-is-layout-flow\">\n<hr class=\"wp-block-separator has-alpha-channel-opacity\"\/>\n\n\n\n<div class=\"wp-block-columns is-layout-flex wp-container-core-columns-is-layout-28f84493 wp-block-columns-is-layout-flex\">\n<div class=\"wp-block-column is-layout-flow wp-block-column-is-layout-flow\">\n<figure class=\"wp-block-image aligncenter size-thumbnail is-resized\"><img decoding=\"async\" width=\"150\" height=\"150\" src=\"https:\/\/obera.fr\/wp-content\/uploads\/2022\/02\/Chimie-150x150.png\" alt=\"Kemi\" class=\"wp-image-8846\"\/><figcaption class=\"wp-element-caption\">Kemi<\/figcaption><\/figure>\n\n\n\n<figure class=\"wp-block-image aligncenter size-thumbnail is-resized\"><img decoding=\"async\" width=\"150\" height=\"150\" src=\"https:\/\/obera.fr\/wp-content\/uploads\/2022\/02\/Travail-du-bois-150x150.png\" alt=\"tr\u00e6bearbejdning\" class=\"wp-image-8856\"\/><figcaption class=\"wp-element-caption\">Tr\u00e6bearbejdning<\/figcaption><\/figure>\n\n\n\n<figure class=\"wp-block-image aligncenter size-thumbnail is-resized\"><img decoding=\"async\" width=\"150\" height=\"150\" src=\"https:\/\/obera.fr\/wp-content\/uploads\/2023\/02\/sans-titre-2023-02-14t101920.185-150x150.png\" alt=\"Luftfart\" class=\"wp-image-18831\"\/><figcaption class=\"wp-element-caption\">Luftfart<\/figcaption><\/figure>\n<\/div>\n\n\n\n<div class=\"wp-block-column is-layout-flow wp-block-column-is-layout-flow\">\n<figure class=\"wp-block-image aligncenter size-thumbnail is-resized\"><img decoding=\"async\" width=\"150\" height=\"150\" src=\"https:\/\/obera.fr\/wp-content\/uploads\/2022\/02\/AGROALIMENTAIRE-150x150.png\" alt=\"landbrugsf\u00f8devarer\" class=\"wp-image-8844\"\/><figcaption class=\"wp-element-caption\">F\u00f8devareindustrien<\/figcaption><\/figure>\n\n\n\n<figure class=\"wp-block-image aligncenter size-thumbnail is-resized\"><img decoding=\"async\" width=\"150\" height=\"150\" src=\"https:\/\/obera.fr\/wp-content\/uploads\/2022\/02\/Papier-carton-150x150.png\" alt=\"papir og pap\" class=\"wp-image-8853\"\/><figcaption class=\"wp-element-caption\">Papir\/karton<\/figcaption><\/figure>\n\n\n\n<figure class=\"wp-block-image aligncenter size-thumbnail is-resized\"><img decoding=\"async\" width=\"150\" height=\"150\" src=\"https:\/\/obera.fr\/wp-content\/uploads\/2023\/02\/sans-titre-2023-02-14t101712.416-150x150.png\" alt=\"Biler\" class=\"wp-image-18834\"\/><figcaption class=\"wp-element-caption\">Biler<\/figcaption><\/figure>\n<\/div>\n<\/div>\n<\/div>\n<\/div>\n\n\n\n<figure class=\"wp-block-table\"><table class=\"has-fixed-layout\"><tbody><tr><td>Sp\u00e6nding<\/td><td>V-HZ<\/td><td>230<\/td><td>230-50<\/td><\/tr><tr><td>Kraft<\/td><td>kW<\/td><td>3&#215;1.1<\/td><td>3&#215;1.3<\/td><\/tr><tr><td>Maksimal depression<\/td><td>Pa<\/td><td>2.400 Pa<\/td><td>3.600 Pa<\/td><\/tr><tr><td>Maks. luftgennemstr\u00f8mning<\/td><td>m3\/h<\/td><td>540<\/td><td>450<\/td><\/tr><tr><td>Mundstykkets diameter<\/td><td>mm<\/td><td>80<\/td><td>80<\/td><\/tr><tr><td>Type af filter<\/td><td><\/td><td>Med stjernelommer<\/td><td>Med stjernelommer<\/td><\/tr><tr><td>Overflade<\/td><td>cm2<\/td><td>20.000<\/td><td>20.000<\/td><\/tr><tr><td>Reng\u00f8ringssystem<\/td><td><\/td><td>Manuel<\/td><td>Manuel<\/td><\/tr><tr><td>H\u00f8stbeholder<\/td><td><\/td><td>St\u00e5l<\/td><td>St\u00e5l<\/td><\/tr><tr><td>Afl\u00f8bssystem<\/td><td><\/td><td>Aftagelig skraldespand<\/td><td>Aftagelig skraldespand<\/td><\/tr><tr><td>Kapacitet<\/td><td>liter<\/td><td>65\/100<\/td><td>65\/100<\/td><\/tr><tr><td>Dimensioner<\/td><td>cm<\/td><td>58x60x135cm<\/td><td>58x60x145cm<\/td><\/tr><tr><td>Filtreringsudstyr &#8211; klasse<\/td><td><\/td><td><\/td><td>Polyester-L<\/td><\/tr><\/tbody><\/table><\/figure>\n\n\n\n<div class=\"wp-block-buttons is-content-justification-center is-layout-flex wp-container-core-buttons-is-layout-a89b3969 wp-block-buttons-is-layout-flex\">\n<div class=\"wp-block-button\"><a class=\"wp-block-button__link wp-element-button\" href=\"https:\/\/obera.fr\/wp-content\/uploads\/2024\/04\/obera_brochure-w3-fr.pdf\">DOWNLOAD PRODUKTDATABLAD<\/a><\/div>\n<\/div>\n\n\n\n<h2 class=\"wp-block-heading\">Fordelene ved W3-st\u00f8vsugeren<\/h2>\n\n\n\n<p>W3-serien er is\u00e6r popul\u00e6r p\u00e5 grund af sin brugervenlighed. Alt er designet til at forenkle operat\u00f8rens generelle reng\u00f8ringsservice s\u00e5 meget som muligt. Den har en vakuumm\u00e5ler med indikatorlys til at registrere eventuel filterm\u00e6tning. Der er to h\u00e5ndtag p\u00e5 motorhovedet, s\u00e5 det er nemt at l\u00f8fte, n\u00e5r man skal skifte filter. Den enfasede st\u00f8vsuger har ogs\u00e5 et manuelt opsamlingssystem, der kan aktiveres med et tryk p\u00e5 en kontakt, s\u00e5 overfladeteknikere kan nyde godt af maksimal st\u00f8vsugningsydelse.<\/p>\n\n\n\n<div class=\"wp-block-columns is-layout-flex wp-container-core-columns-is-layout-28f84493 wp-block-columns-is-layout-flex\">\n<div class=\"wp-block-column is-layout-flow wp-block-column-is-layout-flow\" style=\"flex-basis:33.34%\">\n<h3 class=\"wp-block-heading\">Fordele :<\/h3>\n\n\n\n<ul class=\"wp-block-list\">\n<li>Vakuumm\u00e5ler med indikatorlys til at forudse filterm\u00e6tning;<\/li>\n\n\n\n<li>Udledning af luft nedad ;<\/li>\n\n\n\n<li>Kompakt, mobil og nem at h\u00e5ndtere;<\/li>\n\n\n\n<li>Alsidig og st\u00f8jsvag.<\/li>\n<\/ul>\n<\/div>\n\n\n\n<div class=\"wp-block-column is-layout-flow wp-block-column-is-layout-flow\" style=\"flex-basis:33.34%\">\n<h3 class=\"wp-block-heading\">S\u00e6rlige funktioner:<\/h3>\n\n\n\n<ul class=\"wp-block-list\">\n<li>Tre enfasede shuntmotorer med uafh\u00e6ngige kontakter;<\/li>\n\n\n\n<li>Stjernefilter af polyester ;<\/li>\n\n\n\n<li>Stort udvalg af filtre til r\u00e5dighed.<\/li>\n<\/ul>\n<\/div>\n\n\n\n<div class=\"wp-block-column is-layout-flow wp-block-column-is-layout-flow\" style=\"flex-basis:33.33%\">\n<h3 class=\"wp-block-heading\">Funktioner :<\/h3>\n\n\n\n<ul class=\"wp-block-list\">\n<li>F\u00e5s i 65-liters eller 100-liters versioner;<\/li>\n\n\n\n<li>3-trins version tilg\u00e6ngelig;<\/li>\n\n\n\n<li>Beskyttelse af sugeenheden med dens stjernefilter (polyester).<\/li>\n<\/ul>\n<\/div>\n<\/div>\n\n\n\n<h2 class=\"wp-block-heading\">Test den enfasede industrist\u00f8vsuger til almindelig reng\u00f8ring<\/h2>\n\n\n\n<p>Vi tilbyder en test i fuld skala p\u00e5 jeres v\u00e6rksteder med mulighed for at k\u00f8be over en gennemsnitlig periode p\u00e5 1 m\u00e5ned.<\/p>\n\n\n\n<div class=\"wp-block-buttons is-content-justification-center is-layout-flex wp-container-core-buttons-is-layout-a89b3969 wp-block-buttons-is-layout-flex\">\n<div class=\"wp-block-button\"><a class=\"wp-block-button__link wp-element-button\" href=\"https:\/\/obera.fr\/da\/contact\/\">TEST W2-ST\u00d8VSUGEREN<\/a><\/div>\n<\/div>\n\n\n\n<h2 class=\"wp-block-heading\">Andre industrielle st\u00f8vsugere i sortimentet<\/h2>\n\n\n\n<div class=\"wp-block-columns is-layout-flex wp-container-core-columns-is-layout-28f84493 wp-block-columns-is-layout-flex\">\n<div class=\"wp-block-column is-layout-flow wp-block-column-is-layout-flow\">\n<figure class=\"wp-block-image aligncenter size-full is-resized\"><a href=\"https:\/\/obera.fr\/produits\/aspirateurs-industriels\/w2-xr-atex-22\/\"><img decoding=\"async\" width=\"566\" height=\"671\" src=\"https:\/\/obera.fr\/wp-content\/uploads\/2024\/10\/w2-xr-2.png\" alt=\"Industrielle st\u00f8vsugere\" class=\"wp-image-35431\" style=\"object-fit:cover;width:300px;height:300px\" srcset=\"https:\/\/obera.fr\/wp-content\/uploads\/2024\/10\/w2-xr-2.png 566w, https:\/\/obera.fr\/wp-content\/uploads\/2024\/10\/w2-xr-2-253x300.png 253w\" sizes=\"(max-width: 566px) 100vw, 566px\" \/><\/a><figcaption class=\"wp-element-caption\">W2 XR<\/figcaption><\/figure>\n<\/div>\n\n\n\n<div class=\"wp-block-column is-layout-flow wp-block-column-is-layout-flow\">\n<figure class=\"wp-block-image aligncenter size-full is-resized\"><a href=\"https:\/\/obera.fr\/produits\/aspirateurs-industriels\/w2-haute-filtration-polyvalence\/\"><img decoding=\"async\" width=\"711\" height=\"622\" src=\"https:\/\/obera.fr\/wp-content\/uploads\/2024\/10\/w2.png\" alt=\"Industrielle st\u00f8vsugere\" class=\"wp-image-35424\" style=\"width:343px;height:auto\" srcset=\"https:\/\/obera.fr\/wp-content\/uploads\/2024\/10\/w2.png 711w, https:\/\/obera.fr\/wp-content\/uploads\/2024\/10\/w2-300x262.png 300w\" sizes=\"(max-width: 711px) 100vw, 711px\" \/><\/a><figcaption class=\"wp-element-caption\">W2<\/figcaption><\/figure>\n<\/div>\n\n\n\n<div class=\"wp-block-column is-layout-flow wp-block-column-is-layout-flow\">\n<figure class=\"wp-block-image aligncenter size-full is-resized\"><a href=\"https:\/\/obera.fr\/produits\/aspirateurs-industriels\/ventilateurs-aspiration-gamme-eurosog-rg-100-800\/\"><img decoding=\"async\" width=\"600\" height=\"600\" src=\"https:\/\/obera.fr\/wp-content\/uploads\/2024\/04\/obera-ventilateur-aspiration-rg-300-400.jpg\" alt=\"obera sugeventilator rg 300 400\" class=\"wp-image-29437\" style=\"object-fit:cover;width:300px;height:300px\" srcset=\"https:\/\/obera.fr\/wp-content\/uploads\/2024\/04\/obera-ventilateur-aspiration-rg-300-400.jpg 600w, https:\/\/obera.fr\/wp-content\/uploads\/2024\/04\/obera-ventilateur-aspiration-rg-300-400-300x300.jpg 300w, https:\/\/obera.fr\/wp-content\/uploads\/2024\/04\/obera-ventilateur-aspiration-rg-300-400-150x150.jpg 150w\" sizes=\"(max-width: 600px) 100vw, 600px\" \/><\/a><figcaption class=\"wp-element-caption\">RG 300\/400<\/figcaption><\/figure>\n<\/div>\n<\/div>\n","protected":false},"excerpt":{"rendered":"<p>W3 industrisuger er en h\u00f8jtydende og brugervenlig st\u00f8vsugerl\u00f8sning, som er uundv\u00e6rlig til almindelig reng\u00f8ring, og som kan tilpasses ethvert behov. Princip og anvendelse af W3-industrist\u00f8vsugeren W3-industrist\u00f8vsugeren er kendt for sin alsidighed og st\u00f8jsvage drift. Den har tre kraftige bypass-motorer, der suger luft ind og deler den i to str\u00f8mme: Den ene str\u00f8m bruges til at k\u00f8le motoren, den anden til at suge st\u00f8v og faste stoffer ud. Dette sugesystem forhindrer ikke kun motoren i at stoppe til, men tilbageholder ogs\u00e5 fine partikler ved at f\u00f8re luftstr\u00f8mmen gennem st\u00f8vfilteret. W3-seriens bypass-motorer giver h\u00f8j sugeeffekt, mindre vedligeholdelse og l\u00e6ngere levetid for udstyret &#8230; <\/p>\n<p class=\"read-more-container\"><a title=\"W3 industriel st\u00f8vsuger\" class=\"read-more button\" href=\"https:\/\/obera.fr\/da\/produits\/aspirateurs-industriels\/w3-pour-nettoyage-general\/#more-50683\" aria-label=\"Read more about W3 industriel st\u00f8vsuger\">Lire la suite<\/a><\/p>\n","protected":false},"author":4,"featured_media":83735,"parent":52219,"menu_order":0,"comment_status":"closed","ping_status":"closed","template":"","meta":{"_acf_changed":false,"_seopress_robots_primary_cat":"","_seopress_titles_title":"W3 industrist\u00f8vsuger til almindelig reng\u00f8ring OberA","_seopress_titles_desc":"W3-serien er uundv\u00e6rlig til almindelig reng\u00f8ring og har 3 enfasede motorer, der kombinerer ydeevne og brugervenlighed.","_seopress_robots_index":"","footnotes":""},"class_list":{"0":"post-50683","1":"page","2":"type-page","3":"status-publish","4":"has-post-thumbnail","6":"no-featured-image-padding","7":"resize-featured-image"},"acf":[],"_links":{"self":[{"href":"https:\/\/obera.fr\/da\/wp-json\/wp\/v2\/pages\/50683","targetHints":{"allow":["GET"]}}],"collection":[{"href":"https:\/\/obera.fr\/da\/wp-json\/wp\/v2\/pages"}],"about":[{"href":"https:\/\/obera.fr\/da\/wp-json\/wp\/v2\/types\/page"}],"author":[{"embeddable":true,"href":"https:\/\/obera.fr\/da\/wp-json\/wp\/v2\/users\/4"}],"replies":[{"embeddable":true,"href":"https:\/\/obera.fr\/da\/wp-json\/wp\/v2\/comments?post=50683"}],"version-history":[{"count":9,"href":"https:\/\/obera.fr\/da\/wp-json\/wp\/v2\/pages\/50683\/revisions"}],"predecessor-version":[{"id":107543,"href":"https:\/\/obera.fr\/da\/wp-json\/wp\/v2\/pages\/50683\/revisions\/107543"}],"up":[{"embeddable":true,"href":"https:\/\/obera.fr\/da\/wp-json\/wp\/v2\/pages\/52219"}],"wp:featuredmedia":[{"embeddable":true,"href":"https:\/\/obera.fr\/da\/wp-json\/wp\/v2\/media\/83735"}],"wp:attachment":[{"href":"https:\/\/obera.fr\/da\/wp-json\/wp\/v2\/media?parent=50683"}],"curies":[{"name":"wp","href":"https:\/\/api.w.org\/{rel}","templated":true}]}}