{"id":50708,"date":"2024-04-05T22:55:29","date_gmt":"2024-04-05T20:55:29","guid":{"rendered":"https:\/\/obera.fr\/w2-xr-industriel-stoevsuger\/"},"modified":"2025-06-03T10:18:44","modified_gmt":"2025-06-03T08:18:44","slug":"w2-xr-atex-22","status":"publish","type":"page","link":"https:\/\/obera.fr\/da\/produits\/aspirateurs-industriels\/w2-xr-atex-22\/","title":{"rendered":"W2 XR industriel st\u00f8vsuger"},"content":{"rendered":"\n<p>Oplev W2 XR industrisuger til eksplosionssikker opsugning af faste stoffer og v\u00e6sker. Kompakt, mobilt, h\u00f8jtydende udstyr til at reducere risikoen for ant\u00e6ndelse og eksplosion i dine produktionsenheder.<\/p>\n\n\n\n<h2 class=\"wp-block-heading\">W2 XR industrist\u00f8vsuger med ATEX Zone 22-certificering: princip og anvendelse<\/h2>\n\n\n\n<div class=\"wp-block-columns is-layout-flex wp-container-core-columns-is-layout-28f84493 wp-block-columns-is-layout-flex\">\n<div class=\"wp-block-column is-layout-flow wp-block-column-is-layout-flow\" style=\"flex-basis:33.33%\">\n<figure class=\"wp-block-image size-full is-resized\"><img decoding=\"async\" width=\"566\" height=\"671\" src=\"https:\/\/obera.fr\/wp-content\/uploads\/2024\/10\/w2-xr-2.png\" alt=\"Industrielle st\u00f8vsugere\" class=\"wp-image-35431\" style=\"object-fit:cover;width:300px;height:300px\" srcset=\"https:\/\/obera.fr\/wp-content\/uploads\/2024\/10\/w2-xr-2.png 566w, https:\/\/obera.fr\/wp-content\/uploads\/2024\/10\/w2-xr-2-253x300.png 253w\" sizes=\"(max-width: 566px) 100vw, 566px\" \/><\/figure>\n<\/div>\n\n\n\n<div class=\"wp-block-column is-layout-flow wp-block-column-is-layout-flow\" style=\"flex-basis:66.66%\">\n<p>Den<strong>v\u00e5de og t\u00f8rre industrisuger W2 XR<\/strong> er designet til at st\u00f8vsuge eksplosionssikre faste stoffer og v\u00e6sker. Dens konstruktion er designet til at forhindre opbygning af statisk elektricitet takket v\u00e6re dens antistatiske polyesterposefilter (beskyttelse af filterenheden). For at forhindre overophedning er enheden udstyret med en enfaset b\u00f8rstel\u00f8s motor, som genererer mindre varme og friktion end en b\u00f8rstemotor. Dette design er i fuld overensstemmelse med ATEX-reglerne for klasse 22-zoner.   <\/p>\n\n\n\n<p>Til hvilke anvendelser? W2 XR-serien er kalibreret til at minimere risici i eksplosive atmosf\u00e6rer: kemiske produktionsanl\u00e6g, f\u00f8devareforarbejdningsanl\u00e6g, tr\u00e6produktionsanl\u00e6g, metalproduktionsanl\u00e6g, energiproduktionsanl\u00e6g osv. W2 XR-industrisugeren opfylder kravene i alle typer industrier, der genererer br\u00e6ndbart st\u00f8v, som ogs\u00e5 er skadeligt for operat\u00f8rernes helbred. <\/p>\n\n\n\n<div class=\"wp-block-columns is-layout-flex wp-container-core-columns-is-layout-28f84493 wp-block-columns-is-layout-flex\">\n<div class=\"wp-block-column is-layout-flow wp-block-column-is-layout-flow\">\n<div class=\"wp-block-buttons is-layout-flex wp-block-buttons-is-layout-flex\">\n<div class=\"wp-block-button\"><a class=\"wp-block-button__link wp-element-button\" href=\"https:\/\/obera.fr\/wp-content\/uploads\/2025\/06\/brochure-w2-xr-en.pdf\">DOWNLOAD BROCHUREN<\/a><\/div>\n<\/div>\n<\/div>\n\n\n\n<div class=\"wp-block-column is-layout-flow wp-block-column-is-layout-flow\">\n<div class=\"wp-block-buttons is-layout-flex wp-block-buttons-is-layout-flex\">\n<div class=\"wp-block-button\"><a class=\"wp-block-button__link wp-element-button\" href=\"https:\/\/obera.fr\/contact\/\">BRUG FOR PERSONLIG R\u00c5DGIVNING?<\/a><\/div>\n<\/div>\n<\/div>\n\n\n\n<div class=\"wp-block-column is-layout-flow wp-block-column-is-layout-flow\">\n<div class=\"wp-block-buttons is-content-justification-center is-layout-flex wp-container-core-buttons-is-layout-a89b3969 wp-block-buttons-is-layout-flex\">\n<div class=\"wp-block-button btn-devis-source\"><a class=\"wp-block-button__link wp-element-button\" href=\"https:\/\/obera.fr\/da\/devis\/\">Anmod om et tilbud<\/a><\/div>\n<\/div>\n\n\n<script>\r\ndocument.addEventListener('DOMContentLoaded', function() {\r\n    \/\/ 1. On cherche le titre H1 de la page\r\n    var h1 = document.querySelector('h1');\r\n    var productTitle = h1 ? h1.innerText.trim() : \"\";\r\n\r\n    \/\/ 2. On cherche les boutons via la classe CSS .btn-devis-source\r\n    var buttons = document.querySelectorAll('.btn-devis-source a');\r\n\r\n    \/\/ 3. Si on a le titre et les boutons, on ajoute le param\u00e8tre\r\n    if (buttons.length > 0 && productTitle !== \"\") {\r\n        var encodedTitle = encodeURIComponent(productTitle);\r\n\r\n        buttons.forEach(function(btn) {\r\n            var currentHref = btn.getAttribute('href');\r\n            \r\n            \/\/ S\u00e9curit\u00e9 pour ne pas ajouter le param\u00e8tre 2 fois\r\n            if (currentHref.indexOf('sujet=') === -1) {\r\n                var separator = currentHref.indexOf('?') !== -1 ? '&' : '?';\r\n                var newLink = currentHref + separator + 'sujet=' + encodedTitle;\r\n                \r\n                btn.setAttribute('href', newLink);\r\n            }\r\n        });\r\n    }\r\n});\r\n<\/script><\/div>\n<\/div>\n<\/div>\n<\/div>\n\n\n\n<h2 class=\"wp-block-heading\">Hvad er de tekniske specifikationer for W2 XR industrist\u00f8vsugeren?<\/h2>\n\n\n\n<p>Industrisugeren W2 XR producerer en luftstr\u00f8m p\u00e5 op til 215 m3\/t og en effekt p\u00e5 1,1 kW, hvilket giver den en h\u00f8j sugeevne. Den er udstyret med et reng\u00f8ringssystem med lodret forskydning for at lette reng\u00f8ringen og sikre maksimal levetid. <a href=\"https:\/\/obera.fr\/da\/produits\/aspirateurs-industriels\/\" data-type=\"page\" data-id=\"41\">St\u00f8vsugeren<\/a> har en 40-liters tank og et aftageligt t\u00f8mningssystem til at flytte beholderen til affaldsstedet. For at opfylde kravene i alle brancher er suge-, filtrerings- og opsamlingsenhederne fremstillet af rustfrit st\u00e5l.  <\/p>\n\n\n\n<p>Indvendigt er sugeenheden lydisoleret, og filterenheden er beskyttet af et antistatisk polyesterposefilter. Sugesystemet har et indl\u00f8b med en diameter p\u00e5 50, der er placeret under filteret, s\u00e5 det kan suge st\u00f8v, faste stoffer og v\u00e6sker op p\u00e5 samme tid.<\/p>\n\n\n\n<p>Bonus til reng\u00f8ringsprofessionelle: St\u00f8vsugeren leveres med tilbeh\u00f8r som en fleksibel sugeslange, teleskopstang, b\u00f8rster og spr\u00e6kkeredskab.<\/p>\n\n\n\n<blockquote class=\"wp-block-quote is-layout-flow wp-block-quote-is-layout-flow\">\n<p>Hvad er mulighederne? ATEX-versionen af W2 XR-st\u00f8vsugeren har en r\u00e6kke muligheder, der passer til dine behov: nomex-filter (varmebestandigt op til 250\u00b0), Hepa H14-absolutfilter, tilbeh\u00f8rskurv, klasse M-filter, M PTFE, M vand-oleofobisk teflon, klasse L og M antistatisk, beholder og filterkammer i rustfrit st\u00e5l, jordforbindelse. Sp\u00f8rg vores teams til r\u00e5ds om de mest hensigtsm\u00e6ssige muligheder for din branche.<\/p>\n<\/blockquote>\n\n\n\n<h3 class=\"wp-block-heading has-text-align-center\">INDUSTRIER<\/h3>\n\n\n\n<div class=\"wp-block-columns is-layout-flex wp-container-core-columns-is-layout-28f84493 wp-block-columns-is-layout-flex\">\n<div class=\"wp-block-column is-layout-flow wp-block-column-is-layout-flow\">\n<hr class=\"wp-block-separator has-alpha-channel-opacity\"\/>\n\n\n\n<div class=\"wp-block-columns is-layout-flex wp-container-core-columns-is-layout-28f84493 wp-block-columns-is-layout-flex\">\n<div class=\"wp-block-column is-layout-flow wp-block-column-is-layout-flow\">\n<figure class=\"wp-block-image aligncenter size-thumbnail is-resized\"><img decoding=\"async\" width=\"150\" height=\"150\" src=\"https:\/\/obera.fr\/wp-content\/uploads\/2022\/02\/Textile-150x150.png\" alt=\"tekstil\" class=\"wp-image-8855\"\/><figcaption class=\"wp-element-caption\">Tekstiler<\/figcaption><\/figure>\n\n\n\n<figure class=\"wp-block-image aligncenter size-thumbnail is-resized\"><img decoding=\"async\" width=\"150\" height=\"150\" src=\"https:\/\/obera.fr\/wp-content\/uploads\/2022\/02\/Plastique-150x150.png\" alt=\"plastik\" class=\"wp-image-8854\"\/><figcaption class=\"wp-element-caption\">Plastik<\/figcaption><\/figure>\n<\/div>\n\n\n\n<div class=\"wp-block-column is-layout-flow wp-block-column-is-layout-flow\">\n<figure class=\"wp-block-image aligncenter size-thumbnail is-resized\"><img decoding=\"async\" width=\"150\" height=\"150\" src=\"https:\/\/obera.fr\/wp-content\/uploads\/2022\/02\/MINERAIS-150x150.png\" alt=\"malme\" class=\"wp-image-8847\"\/><figcaption class=\"wp-element-caption\">Mineraler<\/figcaption><\/figure>\n\n\n\n<figure class=\"wp-block-image aligncenter size-thumbnail is-resized\"><img decoding=\"async\" width=\"150\" height=\"150\" src=\"https:\/\/obera.fr\/wp-content\/uploads\/2022\/02\/Metalurgie-150x150.png\" alt=\"Metallurgi\" class=\"wp-image-8857\"\/><figcaption class=\"wp-element-caption\">Metallurgi<\/figcaption><\/figure>\n\n\n\n<figure class=\"wp-block-image aligncenter size-thumbnail is-resized\"><img decoding=\"async\" width=\"150\" height=\"150\" src=\"https:\/\/obera.fr\/wp-content\/uploads\/2023\/02\/sans-titre-2023-02-14t102211.641-150x150.png\" alt=\"Landbrug\" class=\"wp-image-18828\"\/><figcaption class=\"wp-element-caption\">Landbrug<\/figcaption><\/figure>\n<\/div>\n<\/div>\n<\/div>\n\n\n\n<div class=\"wp-block-column is-layout-flow wp-block-column-is-layout-flow\">\n<hr class=\"wp-block-separator has-alpha-channel-opacity\"\/>\n\n\n\n<div class=\"wp-block-columns is-layout-flex wp-container-core-columns-is-layout-28f84493 wp-block-columns-is-layout-flex\">\n<div class=\"wp-block-column is-layout-flow wp-block-column-is-layout-flow\">\n<figure class=\"wp-block-image aligncenter size-thumbnail is-resized\"><img decoding=\"async\" width=\"150\" height=\"150\" src=\"https:\/\/obera.fr\/wp-content\/uploads\/2022\/02\/Chimie-150x150.png\" alt=\"Kemi\" class=\"wp-image-8846\"\/><figcaption class=\"wp-element-caption\">Kemi<\/figcaption><\/figure>\n\n\n\n<figure class=\"wp-block-image aligncenter size-thumbnail is-resized\"><img decoding=\"async\" width=\"150\" height=\"150\" src=\"https:\/\/obera.fr\/wp-content\/uploads\/2022\/02\/Travail-du-bois-150x150.png\" alt=\"tr\u00e6bearbejdning\" class=\"wp-image-8856\"\/><figcaption class=\"wp-element-caption\">Tr\u00e6bearbejdning<\/figcaption><\/figure>\n\n\n\n<figure class=\"wp-block-image aligncenter size-thumbnail is-resized\"><img decoding=\"async\" width=\"150\" height=\"150\" src=\"https:\/\/obera.fr\/wp-content\/uploads\/2023\/02\/sans-titre-2023-02-14t101920.185-150x150.png\" alt=\"Luftfart\" class=\"wp-image-18831\"\/><figcaption class=\"wp-element-caption\">Luftfart<\/figcaption><\/figure>\n<\/div>\n\n\n\n<div class=\"wp-block-column is-layout-flow wp-block-column-is-layout-flow\">\n<figure class=\"wp-block-image aligncenter size-thumbnail is-resized\"><img decoding=\"async\" width=\"150\" height=\"150\" src=\"https:\/\/obera.fr\/wp-content\/uploads\/2022\/02\/AGROALIMENTAIRE-150x150.png\" alt=\"landbrugsf\u00f8devarer\" class=\"wp-image-8844\"\/><figcaption class=\"wp-element-caption\">F\u00f8devareindustrien<\/figcaption><\/figure>\n\n\n\n<figure class=\"wp-block-image aligncenter size-thumbnail is-resized\"><img decoding=\"async\" width=\"150\" height=\"150\" src=\"https:\/\/obera.fr\/wp-content\/uploads\/2022\/02\/Papier-carton-150x150.png\" alt=\"papir og pap\" class=\"wp-image-8853\"\/><figcaption class=\"wp-element-caption\">Papir\/karton<\/figcaption><\/figure>\n\n\n\n<figure class=\"wp-block-image aligncenter size-thumbnail is-resized\"><img decoding=\"async\" width=\"150\" height=\"150\" src=\"https:\/\/obera.fr\/wp-content\/uploads\/2023\/02\/sans-titre-2023-02-14t101712.416-150x150.png\" alt=\"Biler\" class=\"wp-image-18834\"\/><figcaption class=\"wp-element-caption\">Biler<\/figcaption><\/figure>\n<\/div>\n<\/div>\n<\/div>\n<\/div>\n\n\n\n<table id=\"tablepress-198\" class=\"tablepress tablepress-id-198\">\n<tbody class=\"row-striping row-hover\">\n<tr class=\"row-1\">\n\t<td class=\"column-1\">Zones ATEX<\/td><td class=\"column-2\"><\/td><td class=\"column-3\">22<\/td>\n<\/tr>\n<tr class=\"row-2\">\n\t<td class=\"column-1\">Marquage<\/td><td class=\"column-2\"><\/td><td class=\"column-3\">EX II 3D Ex tc IIIB T135\u00b0C X Dc<\/td>\n<\/tr>\n<tr class=\"row-3\">\n\t<td class=\"column-1\">Tension<\/td><td class=\"column-2\">V-HZ<\/td><td class=\"column-3\">230<\/td>\n<\/tr>\n<tr class=\"row-4\">\n\t<td class=\"column-1\">Puissance<\/td><td class=\"column-2\">kW<\/td><td class=\"column-3\">1.1<\/td>\n<\/tr>\n<tr class=\"row-5\">\n\t<td class=\"column-1\">Protection \u00e9lectrique<\/td><td class=\"column-2\">IP<\/td><td class=\"column-3\">55<\/td>\n<\/tr>\n<tr class=\"row-6\">\n\t<td class=\"column-1\">D\u00e9pression maximum<\/td><td class=\"column-2\">Pa<\/td><td class=\"column-3\">2.250 Pa<\/td>\n<\/tr>\n<tr class=\"row-7\">\n\t<td class=\"column-1\">D\u00e9bit d\u2019air max<\/td><td class=\"column-2\">m3\/h<\/td><td class=\"column-3\">215<\/td>\n<\/tr>\n<tr class=\"row-8\">\n\t<td class=\"column-1\">Diam\u00e8tre embouchure<\/td><td class=\"column-2\">mm<\/td><td class=\"column-3\">50<\/td>\n<\/tr>\n<tr class=\"row-9\">\n\t<td class=\"column-1\">Type de filtre<\/td><td class=\"column-2\"><\/td><td class=\"column-3\">\u00c0 poches en \u00e9toile<\/td>\n<\/tr>\n<tr class=\"row-10\">\n\t<td class=\"column-1\">Surface<\/td><td class=\"column-2\">cm2<\/td><td class=\"column-3\">20.000<\/td>\n<\/tr>\n<tr class=\"row-11\">\n\t<td class=\"column-1\">Syst\u00e8me de nettoyage<\/td><td class=\"column-2\"><\/td><td class=\"column-3\">Manuel<\/td>\n<\/tr>\n<tr class=\"row-12\">\n\t<td class=\"column-1\">Bac de r\u00e9colte<\/td><td class=\"column-2\"><\/td><td class=\"column-3\">Acier<\/td>\n<\/tr>\n<tr class=\"row-13\">\n\t<td class=\"column-1\">Syst\u00e8me de vidange<\/td><td class=\"column-2\"><\/td><td class=\"column-3\">Bac d\u00e9crochable<\/td>\n<\/tr>\n<tr class=\"row-14\">\n\t<td class=\"column-1\">Capacit\u00e9<\/td><td class=\"column-2\">litre<\/td><td class=\"column-3\">40<\/td>\n<\/tr>\n<tr class=\"row-15\">\n\t<td class=\"column-1\">Dimensions<\/td><td class=\"column-2\">cm<\/td><td class=\"column-3\">55x63x124<\/td>\n<\/tr>\n<\/tbody>\n<\/table>\n\n\n\n\n<div class=\"wp-block-buttons is-content-justification-center is-layout-flex wp-container-core-buttons-is-layout-a89b3969 wp-block-buttons-is-layout-flex\">\n<div class=\"wp-block-button\"><a class=\"wp-block-button__link wp-element-button\" href=\"https:\/\/obera.fr\/wp-content\/uploads\/2024\/04\/obera_brochure-w2-xr-fr.pdf\">DOWNLOAD PRODUKTDATABLAD<\/a><\/div>\n<\/div>\n\n\n\n<h2 class=\"wp-block-heading\">W2 XR-st\u00f8vsuger: fordelene ved en kompakt st\u00f8vsuger med h\u00f8j filtrering<\/h2>\n\n\n\n<p>Industrisugeren W2 XR har alle fordelene ved W2-serien, nemlig h\u00f8j mobilitet, der g\u00f8r det nemt og behageligt for operat\u00f8rerne at bruge den. En lydabsorberende bekl\u00e6dning omkring motoren for at reducere st\u00f8jen mest muligt og undg\u00e5 at forstyrre mandskabet.  <\/p>\n\n\n\n<p>Dens alsidighed er naturligvis et vigtigt kriterium for industrifolk, da dens v\u00e5d-t\u00f8r-teknologi kombineret med dens ATEX-overensstemmelse betyder, at den kan h\u00e5ndtere st\u00f8v, faste stoffer og eksplosionssikre v\u00e6sker. Den er ogs\u00e5 nem at vedligeholde takket v\u00e6re den indbyggede filterryster, der g\u00f8r reng\u00f8ringen til en leg. Alt, hvad operat\u00f8ren skal g\u00f8re, er at aktivere rysteh\u00e5ndtaget for \u00f8jeblikkelig manuel reng\u00f8ring.<\/p>\n\n\n\n<p>Endelig er den st\u00f8rste fordel ved W2 XR-serien dens ATEX Zone 22-certificering. Med denne industrielle st\u00f8vsuger opfylder du dine forpligtelser. Brugen af en ATEX-certificeret st\u00f8vsuger i zone 22 er afg\u00f8rende for at garantere sikkerheden for dine medarbejdere og din ejendom.<\/p>\n\n\n\n<div class=\"wp-block-columns is-layout-flex wp-container-core-columns-is-layout-28f84493 wp-block-columns-is-layout-flex\">\n<div class=\"wp-block-column is-layout-flow wp-block-column-is-layout-flow\" style=\"flex-basis:33.34%\">\n<h3 class=\"wp-block-heading\">Fordele :<\/h3>\n\n\n\n<ul class=\"wp-block-list\">\n<li>Kompakt og mobil st\u00f8vsuger;<\/li>\n\n\n\n<li>Nedsat risiko for allergi og luftvejssygdomme;<\/li>\n\n\n\n<li>Opfylder kravene i ATEX-reglerne.<\/li>\n<\/ul>\n<\/div>\n\n\n\n<div class=\"wp-block-column is-layout-flow wp-block-column-is-layout-flow\" style=\"flex-basis:33.34%\">\n<h3 class=\"wp-block-heading\">S\u00e6rlige funktioner:<\/h3>\n\n\n\n<ul class=\"wp-block-list\">\n<li>ATEX Zone 22-kompatibel, eksplosionssikker opsugning af partikler, faste stoffer og v\u00e6sker.<\/li>\n<\/ul>\n<\/div>\n\n\n\n<div class=\"wp-block-column is-layout-flow wp-block-column-is-layout-flow\" style=\"flex-basis:33.33%\">\n<h3 class=\"wp-block-heading\">Funktioner :<\/h3>\n\n\n\n<ul class=\"wp-block-list\">\n<li>Antistatisk polyesterposefilter;<\/li>\n\n\n\n<li>Enfaset b\u00f8rstel\u00f8s motor ;<\/li>\n\n\n\n<li>Tilstopningssystem med indikatorlys.<\/li>\n<\/ul>\n<\/div>\n<\/div>\n\n\n\n<h2 class=\"wp-block-heading\">Er du stadig i tvivl om, hvor effektiv W2 XR-st\u00f8vsugeren er i din branche?<\/h2>\n\n\n\n<p>Hos OberA ved vi, at eksplosionsrisikoen i zone 22 varierer afh\u00e6ngigt af en r\u00e6kke faktorer: st\u00f8vtype, m\u00e6ngde, ant\u00e6ndelseskilder osv. For at v\u00e6lge den rigtige udsugningsl\u00f8sning foretager vi en diagnose i jeres v\u00e6rksteder og tilbyder jer en test af udstyret med mulighed for k\u00f8b.<\/p>\n\n\n\n<div class=\"wp-block-buttons is-content-justification-center is-layout-flex wp-container-core-buttons-is-layout-a89b3969 wp-block-buttons-is-layout-flex\">\n<div class=\"wp-block-button\"><a class=\"wp-block-button__link wp-element-button\" href=\"https:\/\/obera.fr\/da\/contact\/\">TEST W2 XR-ST\u00d8VSUGEREN<\/a><\/div>\n<\/div>\n\n\n\n<h2 class=\"wp-block-heading\">Andre industrielle st\u00f8vsugere i sortimentet<\/h2>\n\n\n\n<div class=\"wp-block-columns is-layout-flex wp-container-core-columns-is-layout-28f84493 wp-block-columns-is-layout-flex\">\n<div class=\"wp-block-column is-layout-flow wp-block-column-is-layout-flow\">\n<figure class=\"wp-block-image aligncenter size-full is-resized\"><a href=\"https:\/\/obera.fr\/produits\/aspirateurs-industriels\/ventilateurs-aspiration-gamme-eurosog-rg-100-800\/\"><img decoding=\"async\" width=\"600\" height=\"600\" src=\"https:\/\/obera.fr\/wp-content\/uploads\/2024\/04\/obera-ventilateur-aspiration-rg-300-400.jpg\" alt=\"obera sugeventilator rg 300 400\" class=\"wp-image-29437\" style=\"width:349px;height:auto\" srcset=\"https:\/\/obera.fr\/wp-content\/uploads\/2024\/04\/obera-ventilateur-aspiration-rg-300-400.jpg 600w, https:\/\/obera.fr\/wp-content\/uploads\/2024\/04\/obera-ventilateur-aspiration-rg-300-400-300x300.jpg 300w, https:\/\/obera.fr\/wp-content\/uploads\/2024\/04\/obera-ventilateur-aspiration-rg-300-400-150x150.jpg 150w\" sizes=\"(max-width: 600px) 100vw, 600px\" \/><\/a><figcaption class=\"wp-element-caption\">RG 300\/400<\/figcaption><\/figure>\n<\/div>\n\n\n\n<div class=\"wp-block-column is-layout-flow wp-block-column-is-layout-flow\">\n<figure class=\"wp-block-image aligncenter size-full is-resized\"><a href=\"https:\/\/obera.fr\/produits\/aspirateurs-industriels\/w2-haute-filtration-polyvalence\/\"><img decoding=\"async\" width=\"711\" height=\"622\" src=\"https:\/\/obera.fr\/wp-content\/uploads\/2024\/10\/w2.png\" alt=\"Industrielle st\u00f8vsugere\" class=\"wp-image-35424\" style=\"object-fit:cover;width:300px;height:300px\" srcset=\"https:\/\/obera.fr\/wp-content\/uploads\/2024\/10\/w2.png 711w, https:\/\/obera.fr\/wp-content\/uploads\/2024\/10\/w2-300x262.png 300w\" sizes=\"(max-width: 711px) 100vw, 711px\" \/><\/a><figcaption class=\"wp-element-caption\">W2<\/figcaption><\/figure>\n<\/div>\n\n\n\n<div class=\"wp-block-column is-layout-flow wp-block-column-is-layout-flow\">\n<figure class=\"wp-block-image aligncenter size-full is-resized\"><a href=\"https:\/\/obera.fr\/produits\/aspirateurs-industriels\/w3-pour-nettoyage-general\/\"><img decoding=\"async\" width=\"658\" height=\"652\" src=\"https:\/\/obera.fr\/wp-content\/uploads\/2024\/10\/w3.png\" alt=\"w3\" class=\"wp-image-35427\" style=\"object-fit:cover;width:300px;height:300px\" srcset=\"https:\/\/obera.fr\/wp-content\/uploads\/2024\/10\/w3.png 658w, https:\/\/obera.fr\/wp-content\/uploads\/2024\/10\/w3-300x297.png 300w, https:\/\/obera.fr\/wp-content\/uploads\/2024\/10\/w3-150x150.png 150w, https:\/\/obera.fr\/wp-content\/uploads\/2024\/10\/w3-24x24.png 24w, https:\/\/obera.fr\/wp-content\/uploads\/2024\/10\/w3-48x48.png 48w, https:\/\/obera.fr\/wp-content\/uploads\/2024\/10\/w3-96x96.png 96w\" sizes=\"(max-width: 658px) 100vw, 658px\" \/><\/a><figcaption class=\"wp-element-caption\">W3<\/figcaption><\/figure>\n<\/div>\n<\/div>\n","protected":false},"excerpt":{"rendered":"<p>Oplev W2 XR industrisuger til eksplosionssikker opsugning af faste stoffer og v\u00e6sker. Kompakt, mobilt, h\u00f8jtydende udstyr til at reducere risikoen for ant\u00e6ndelse og eksplosion i dine produktionsenheder. W2 XR industrist\u00f8vsuger med ATEX Zone 22-certificering: princip og anvendelse Denv\u00e5de og t\u00f8rre industrisuger W2 XR er designet til at st\u00f8vsuge eksplosionssikre faste stoffer og v\u00e6sker. Dens konstruktion er designet til at forhindre opbygning af statisk elektricitet takket v\u00e6re dens antistatiske polyesterposefilter (beskyttelse af filterenheden). For at forhindre overophedning er enheden udstyret med en enfaset b\u00f8rstel\u00f8s motor, som genererer mindre varme og friktion end en b\u00f8rstemotor. Dette design er i fuld overensstemmelse med &#8230; <\/p>\n<p class=\"read-more-container\"><a title=\"W2 XR industriel st\u00f8vsuger\" class=\"read-more button\" href=\"https:\/\/obera.fr\/da\/produits\/aspirateurs-industriels\/w2-xr-atex-22\/#more-50708\" aria-label=\"Read more about W2 XR industriel st\u00f8vsuger\">Lire la suite<\/a><\/p>\n","protected":false},"author":4,"featured_media":83735,"parent":52219,"menu_order":0,"comment_status":"closed","ping_status":"closed","template":"","meta":{"_acf_changed":false,"_seopress_robots_primary_cat":"","_seopress_titles_title":"Industrist\u00f8vsuger W2 XR ATEX 22 oberA","_seopress_titles_desc":"Kompakt og h\u00f8jtydende, opdag W2 XR-serien til st\u00f8vsugning af faste stoffer og eksplosionssikre v\u00e6sker. Udstyr, som du kan teste med mulighed for at k\u00f8be takket v\u00e6re OberA.","_seopress_robots_index":"","footnotes":""},"class_list":{"0":"post-50708","1":"page","2":"type-page","3":"status-publish","4":"has-post-thumbnail","6":"no-featured-image-padding","7":"resize-featured-image"},"acf":[],"_links":{"self":[{"href":"https:\/\/obera.fr\/da\/wp-json\/wp\/v2\/pages\/50708","targetHints":{"allow":["GET"]}}],"collection":[{"href":"https:\/\/obera.fr\/da\/wp-json\/wp\/v2\/pages"}],"about":[{"href":"https:\/\/obera.fr\/da\/wp-json\/wp\/v2\/types\/page"}],"author":[{"embeddable":true,"href":"https:\/\/obera.fr\/da\/wp-json\/wp\/v2\/users\/4"}],"replies":[{"embeddable":true,"href":"https:\/\/obera.fr\/da\/wp-json\/wp\/v2\/comments?post=50708"}],"version-history":[{"count":11,"href":"https:\/\/obera.fr\/da\/wp-json\/wp\/v2\/pages\/50708\/revisions"}],"predecessor-version":[{"id":107247,"href":"https:\/\/obera.fr\/da\/wp-json\/wp\/v2\/pages\/50708\/revisions\/107247"}],"up":[{"embeddable":true,"href":"https:\/\/obera.fr\/da\/wp-json\/wp\/v2\/pages\/52219"}],"wp:featuredmedia":[{"embeddable":true,"href":"https:\/\/obera.fr\/da\/wp-json\/wp\/v2\/media\/83735"}],"wp:attachment":[{"href":"https:\/\/obera.fr\/da\/wp-json\/wp\/v2\/media?parent=50708"}],"curies":[{"name":"wp","href":"https:\/\/api.w.org\/{rel}","templated":true}]}}