{"id":50760,"date":"2024-04-05T22:42:52","date_gmt":"2024-04-05T20:42:52","guid":{"rendered":"https:\/\/obera.fr\/w2-industriel-stoevsuger\/"},"modified":"2025-06-03T10:38:46","modified_gmt":"2025-06-03T08:38:46","slug":"w2-haute-filtration-polyvalence","status":"publish","type":"page","link":"https:\/\/obera.fr\/da\/produits\/aspirateurs-industriels\/w2-haute-filtration-polyvalence\/","title":{"rendered":"W2 industriel st\u00f8vsuger"},"content":{"rendered":"\n<p>Den kompakte og mobile<a href=\"https:\/\/obera.fr\/da\/produits\/aspirateurs-industriels\/\" data-type=\"page\" data-id=\"41\">W2-industrist\u00f8vsuger<\/a> er et af de mest effektive stykker udstyr p\u00e5 markedet, kendt for sin robusthed, h\u00f8je filtreringskapacitet og ydeevne.<\/p>\n\n\n\n<h2 class=\"wp-block-heading\">W2 v\u00e5de og t\u00f8rre industrist\u00f8vsugere: Hvordan virker de, og hvor bruges de?<\/h2>\n\n\n\n<div class=\"wp-block-columns is-layout-flex wp-container-core-columns-is-layout-28f84493 wp-block-columns-is-layout-flex\">\n<div class=\"wp-block-column is-layout-flow wp-block-column-is-layout-flow\" style=\"flex-basis:33.33%\">\n<figure class=\"wp-block-image size-full is-resized\"><img decoding=\"async\" width=\"711\" height=\"622\" src=\"https:\/\/obera.fr\/wp-content\/uploads\/2024\/10\/w2.png\" alt=\"Industrielle st\u00f8vsugere\" class=\"wp-image-35424\" style=\"object-fit:cover;width:300px;height:300px\" srcset=\"https:\/\/obera.fr\/wp-content\/uploads\/2024\/10\/w2.png 711w, https:\/\/obera.fr\/wp-content\/uploads\/2024\/10\/w2-300x262.png 300w\" sizes=\"(max-width: 711px) 100vw, 711px\" \/><\/figure>\n<\/div>\n\n\n\n<div class=\"wp-block-column is-layout-flow wp-block-column-is-layout-flow\" style=\"flex-basis:66.66%\">\n<p>Den st\u00f8rste fordel ved<strong>W2 v\u00e5d- og t\u00f8rst\u00f8vsugeren<\/strong> er dens alsidighed. Dens sugeevne betyder, at den kan l\u00f8fte og st\u00f8vsuge faste og flydende materialer p\u00e5 samme tid. Den har to enfasede bypass-motorer, der er beskyttet af et robust motorhoved i st\u00e5l og lydisoleret indvendigt. St\u00f8vsugeren har et vand\/st\u00f8v-separationssystem, der filtrerer v\u00e6sker fra t\u00f8rre partikler. Opsugede st\u00f8vpartikler opbevares i en st\u00e5lbeholder, mens v\u00e6sker opsamles i en tank.    <\/p>\n\n\n\n<p>W2-industrist\u00f8vsugeren er ideel til <strong>reng\u00f8ring<\/strong> og <strong>h\u00e5ndtering<\/strong> af <strong>sm\u00e5 og mellemstore m\u00e6ngder st\u00f8v.<\/strong> Den er ogs\u00e5 effektiv til at suge faste stoffer og v\u00e6sker op. Dens alsidighed g\u00f8r den perfekt til alle typer industrier. Den er s\u00e6rlig effektiv i den kemiske, farmaceutiske, f\u00f8devare- og m\u00f8lleriindustrien samt i bagerier og til ovnreng\u00f8ring.   <\/p>\n\n\n\n<div class=\"wp-block-columns is-layout-flex wp-container-core-columns-is-layout-28f84493 wp-block-columns-is-layout-flex\">\n<div class=\"wp-block-column is-layout-flow wp-block-column-is-layout-flow\">\n<div class=\"wp-block-buttons is-layout-flex wp-block-buttons-is-layout-flex\">\n<div class=\"wp-block-button\"><a class=\"wp-block-button__link wp-element-button\" href=\"https:\/\/obera.fr\/wp-content\/uploads\/2025\/06\/brochure-w2-en.pdf\">DOWNLOAD BROCHUREN<\/a><\/div>\n<\/div>\n<\/div>\n\n\n\n<div class=\"wp-block-column is-layout-flow wp-block-column-is-layout-flow\">\n<div class=\"wp-block-buttons is-horizontal is-content-justification-center is-layout-flex wp-container-core-buttons-is-layout-03627597 wp-block-buttons-is-layout-flex\">\n<div class=\"wp-block-button has-custom-width wp-block-button__width-100\"><a class=\"wp-block-button__link wp-element-button\" href=\"https:\/\/obera.fr\/da\/kontakt-os\/\">F\u00e5 flere oplysninger<\/a><\/div>\n<\/div>\n<\/div>\n\n\n\n<div class=\"wp-block-column is-layout-flow wp-block-column-is-layout-flow\">\n<div class=\"wp-block-buttons is-content-justification-center is-layout-flex wp-container-core-buttons-is-layout-a89b3969 wp-block-buttons-is-layout-flex\">\n<div class=\"wp-block-button btn-devis-source\"><a class=\"wp-block-button__link wp-element-button\" href=\"https:\/\/obera.fr\/da\/devis\/\">Anmod om et tilbud<\/a><\/div>\n<\/div>\n\n\n<script>\r\ndocument.addEventListener('DOMContentLoaded', function() {\r\n    \/\/ 1. On cherche le titre H1 de la page\r\n    var h1 = document.querySelector('h1');\r\n    var productTitle = h1 ? h1.innerText.trim() : \"\";\r\n\r\n    \/\/ 2. On cherche les boutons via la classe CSS .btn-devis-source\r\n    var buttons = document.querySelectorAll('.btn-devis-source a');\r\n\r\n    \/\/ 3. Si on a le titre et les boutons, on ajoute le param\u00e8tre\r\n    if (buttons.length > 0 && productTitle !== \"\") {\r\n        var encodedTitle = encodeURIComponent(productTitle);\r\n\r\n        buttons.forEach(function(btn) {\r\n            var currentHref = btn.getAttribute('href');\r\n            \r\n            \/\/ S\u00e9curit\u00e9 pour ne pas ajouter le param\u00e8tre 2 fois\r\n            if (currentHref.indexOf('sujet=') === -1) {\r\n                var separator = currentHref.indexOf('?') !== -1 ? '&' : '?';\r\n                var newLink = currentHref + separator + 'sujet=' + encodedTitle;\r\n                \r\n                btn.setAttribute('href', newLink);\r\n            }\r\n        });\r\n    }\r\n});\r\n<\/script><\/div>\n<\/div>\n<\/div>\n<\/div>\n\n\n\n<h2 class=\"wp-block-heading\">W2 industrist\u00f8vsuger: h\u00f8j filtrering, h\u00f8j mobilitet &#8230; alle dens tekniske funktioner<\/h2>\n\n\n\n<p>W2-industrist\u00f8vsugeren har intet at misunde st\u00f8rre modeller:<strong> dens sugeevne og 20.000 cm2 filteroverflade<\/strong> giver dette udstyr h\u00f8j filtrering samt h\u00f8j mobilitet. Med en luftgennemstr\u00f8mning p\u00e5 360 m3\/t garanterer st\u00f8vsugeren forbedret filtrering for at forbedre kvaliteten af luften omkring dig og fjerne snavs hurtigere.   <\/p>\n\n\n\n<p>Med et 420 mm polyesterposefilter og et industrielt st\u00e5ldesign (motor, filterkammer, beholder og ramme) giver udstyret maksimal holdbarhed. Dens to enfasede motorer er beregnet til kontinuerlig drift 24\/7. En anden fordel er, at st\u00f8vsugeren har et tilstopningssystem, der fjerner aflejret materiale og forhindrer, at apparatet stopper til.<\/p>\n\n\n\n<p>En anden vigtig teknisk funktion: dens filtreringseffektivitet ned til 3 mikrometer og dens lommefilter, som sikrer h\u00f8j st\u00f8vtilbageholdelse, garanterer W2-st\u00f8vsugeren renhed i den luft, den udsender.<\/p>\n\n\n\n<p>W2 v\u00e5d- og t\u00f8rst\u00f8vsugeren leveres med <strong>tilbeh\u00f8r, der er designet til professionelle reng\u00f8ringsfolk<\/strong> (fleksibel sugeslange, b\u00f8rster, mundstykke, adaptere).<\/p>\n\n\n\n<blockquote class=\"wp-block-quote is-layout-flow wp-block-quote-is-layout-flow\">\n<p>Ekstraudstyr: W2-industrisugeren f\u00e5s i en <strong>ATEX 22-zoneversion<\/strong> til sikker reng\u00f8ring i milj\u00f8er, der genererer eksplosivt st\u00f8v. Den kan ogs\u00e5 udstyres med nomex-filtre (varmebestandige op til 250\u00b0), Hepa H14, klasse M PTFE, klasse L, M eller M vand-oleofobisk teflon. Afh\u00e6ngigt af din branche vil vores teams r\u00e5dgive dig om det filter, der er bedst egnet til dine produktionsenheder.  <\/p>\n<\/blockquote>\n\n\n\n<h3 class=\"wp-block-heading has-text-align-center\">INDUSTRIER<\/h3>\n\n\n\n<div class=\"wp-block-columns is-layout-flex wp-container-core-columns-is-layout-28f84493 wp-block-columns-is-layout-flex\">\n<div class=\"wp-block-column is-layout-flow wp-block-column-is-layout-flow\">\n<hr class=\"wp-block-separator has-alpha-channel-opacity\"\/>\n\n\n\n<div class=\"wp-block-columns is-layout-flex wp-container-core-columns-is-layout-28f84493 wp-block-columns-is-layout-flex\">\n<div class=\"wp-block-column is-layout-flow wp-block-column-is-layout-flow\">\n<figure class=\"wp-block-image aligncenter size-thumbnail is-resized\"><img decoding=\"async\" width=\"150\" height=\"150\" src=\"https:\/\/obera.fr\/wp-content\/uploads\/2022\/02\/Textile-150x150.png\" alt=\"tekstil\" class=\"wp-image-8855\"\/><figcaption class=\"wp-element-caption\">Tekstiler<\/figcaption><\/figure>\n\n\n\n<figure class=\"wp-block-image aligncenter size-thumbnail is-resized\"><img decoding=\"async\" width=\"150\" height=\"150\" src=\"https:\/\/obera.fr\/wp-content\/uploads\/2022\/02\/Plastique-150x150.png\" alt=\"plastik\" class=\"wp-image-8854\"\/><figcaption class=\"wp-element-caption\">Plastik<\/figcaption><\/figure>\n<\/div>\n\n\n\n<div class=\"wp-block-column is-layout-flow wp-block-column-is-layout-flow\">\n<figure class=\"wp-block-image aligncenter size-thumbnail is-resized\"><img decoding=\"async\" width=\"150\" height=\"150\" src=\"https:\/\/obera.fr\/wp-content\/uploads\/2022\/02\/MINERAIS-150x150.png\" alt=\"malme\" class=\"wp-image-8847\"\/><figcaption class=\"wp-element-caption\">Mineraler<\/figcaption><\/figure>\n\n\n\n<figure class=\"wp-block-image aligncenter size-thumbnail is-resized\"><img decoding=\"async\" width=\"150\" height=\"150\" src=\"https:\/\/obera.fr\/wp-content\/uploads\/2022\/02\/Metalurgie-150x150.png\" alt=\"Metallurgi\" class=\"wp-image-8857\"\/><figcaption class=\"wp-element-caption\">Metallurgi<\/figcaption><\/figure>\n\n\n\n<figure class=\"wp-block-image aligncenter size-thumbnail is-resized\"><img decoding=\"async\" width=\"150\" height=\"150\" src=\"https:\/\/obera.fr\/wp-content\/uploads\/2023\/02\/sans-titre-2023-02-14t102211.641-150x150.png\" alt=\"Landbrug\" class=\"wp-image-18828\"\/><figcaption class=\"wp-element-caption\">Landbrug<\/figcaption><\/figure>\n<\/div>\n<\/div>\n<\/div>\n\n\n\n<div class=\"wp-block-column is-layout-flow wp-block-column-is-layout-flow\">\n<hr class=\"wp-block-separator has-alpha-channel-opacity\"\/>\n\n\n\n<div class=\"wp-block-columns is-layout-flex wp-container-core-columns-is-layout-28f84493 wp-block-columns-is-layout-flex\">\n<div class=\"wp-block-column is-layout-flow wp-block-column-is-layout-flow\">\n<figure class=\"wp-block-image aligncenter size-thumbnail is-resized\"><img decoding=\"async\" width=\"150\" height=\"150\" src=\"https:\/\/obera.fr\/wp-content\/uploads\/2022\/02\/Chimie-150x150.png\" alt=\"Kemi\" class=\"wp-image-8846\"\/><figcaption class=\"wp-element-caption\">Kemi<\/figcaption><\/figure>\n\n\n\n<figure class=\"wp-block-image aligncenter size-thumbnail is-resized\"><img decoding=\"async\" width=\"150\" height=\"150\" src=\"https:\/\/obera.fr\/wp-content\/uploads\/2022\/02\/Travail-du-bois-150x150.png\" alt=\"tr\u00e6bearbejdning\" class=\"wp-image-8856\"\/><figcaption class=\"wp-element-caption\">Tr\u00e6bearbejdning<\/figcaption><\/figure>\n\n\n\n<figure class=\"wp-block-image aligncenter size-thumbnail is-resized\"><img decoding=\"async\" width=\"150\" height=\"150\" src=\"https:\/\/obera.fr\/wp-content\/uploads\/2023\/02\/sans-titre-2023-02-14t101920.185-150x150.png\" alt=\"Luftfart\" class=\"wp-image-18831\"\/><figcaption class=\"wp-element-caption\">Luftfart<\/figcaption><\/figure>\n<\/div>\n\n\n\n<div class=\"wp-block-column is-layout-flow wp-block-column-is-layout-flow\">\n<figure class=\"wp-block-image aligncenter size-thumbnail is-resized\"><img decoding=\"async\" width=\"150\" height=\"150\" src=\"https:\/\/obera.fr\/wp-content\/uploads\/2022\/02\/AGROALIMENTAIRE-150x150.png\" alt=\"landbrugsf\u00f8devarer\" class=\"wp-image-8844\"\/><figcaption class=\"wp-element-caption\">F\u00f8devareindustrien<\/figcaption><\/figure>\n\n\n\n<figure class=\"wp-block-image aligncenter size-thumbnail is-resized\"><img decoding=\"async\" width=\"150\" height=\"150\" src=\"https:\/\/obera.fr\/wp-content\/uploads\/2022\/02\/Papier-carton-150x150.png\" alt=\"papir og pap\" class=\"wp-image-8853\"\/><figcaption class=\"wp-element-caption\">Papir\/karton<\/figcaption><\/figure>\n\n\n\n<figure class=\"wp-block-image aligncenter size-thumbnail is-resized\"><img decoding=\"async\" width=\"150\" height=\"150\" src=\"https:\/\/obera.fr\/wp-content\/uploads\/2023\/02\/sans-titre-2023-02-14t101712.416-150x150.png\" alt=\"Biler\" class=\"wp-image-18834\"\/><figcaption class=\"wp-element-caption\">Biler<\/figcaption><\/figure>\n<\/div>\n<\/div>\n<\/div>\n<\/div>\n\n\n\n<figure class=\"wp-block-table\"><table class=\"has-fixed-layout\"><tbody><tr><td>Sp\u00e6nding<\/td><td>V-HZ<\/td><td>230-50<\/td><\/tr><tr><td>Kraft<\/td><td>kW<\/td><td>2&#215;1.1<\/td><\/tr><tr><td>Maksimal depression<\/td><td>Pa<\/td><td>2.400 Pa<\/td><\/tr><tr><td>Maks. luftgennemstr\u00f8mning<\/td><td>m3\/h<\/td><td>360<\/td><\/tr><tr><td>Mundstykkets diameter<\/td><td>mm<\/td><td>50<\/td><\/tr><tr><td>Type af filter<\/td><td><\/td><td>Med stjernelommer<\/td><\/tr><tr><td>Overflade<\/td><td>cm2<\/td><td>20.000<\/td><\/tr><tr><td>Reng\u00f8ringssystem<\/td><td><\/td><td>Manuel<\/td><\/tr><tr><td>H\u00f8stbeholder<\/td><td><\/td><td>St\u00e5l<\/td><\/tr><tr><td>Afl\u00f8bssystem<\/td><td><\/td><td>Aftagelig skraldespand<\/td><\/tr><tr><td>Kapacitet<\/td><td>liter<\/td><td>40<\/td><\/tr><tr><td>Dimensioner<\/td><td>cm<\/td><td>55x63x115<\/td><\/tr><\/tbody><\/table><\/figure>\n\n\n\n<div class=\"wp-block-buttons is-content-justification-center is-layout-flex wp-container-core-buttons-is-layout-a89b3969 wp-block-buttons-is-layout-flex\">\n<div class=\"wp-block-button\"><a class=\"wp-block-button__link wp-element-button\" href=\"https:\/\/obera.fr\/wp-content\/uploads\/2024\/04\/obera_brochure-w2-fr.pdf\">DOWNLOAD PRODUKTDATABLAD<\/a><\/div>\n<\/div>\n\n\n\n<h2 class=\"wp-block-heading\">Kraftfuld og alsidig: alle fordelene ved W2-st\u00f8vsugeren<\/h2>\n\n\n\n<p>W2 kombinerer brugervenligheden af en kompakt maskine med kraften af en industriel st\u00f8vsuger. Ud over den h\u00f8je mobilitet og sugeevne minimerer den lydd\u00e6mpende bel\u00e6gning st\u00f8jen under brug, s\u00e5 den ikke forstyrrer operat\u00f8ren eller andre medarbejdere p\u00e5 v\u00e6rkstedet. Det nedadvendte udl\u00f8b g\u00f8r det ogs\u00e5 nemmere at bruge og forhindrer, at st\u00f8v hvirvles op p\u00e5 overfladen og kommer i vejen for operat\u00f8ren.<\/p>\n\n\n\n<p>St\u00f8vsugeren kr\u00e6ver ingen vedligeholdelse og er udstyret med en lodret filterryster, der forhindrer m\u00e6tning og frem for alt g\u00f8r den nem at reng\u00f8re manuelt.<\/p>\n\n\n\n<p>Sidst, men ikke mindst, er dens alsidighed dens st\u00f8rste fordel, da sugningen af faste og flydende materialer betyder, at den kan bruges til en lang r\u00e6kke form\u00e5l: reng\u00f8ring af gulve, v\u00e6gge, byggepladser, v\u00e6rksteder, maskiner, cateringudstyr osv.<\/p>\n\n\n\n<div class=\"wp-block-columns is-layout-flex wp-container-core-columns-is-layout-28f84493 wp-block-columns-is-layout-flex\">\n<div class=\"wp-block-column is-layout-flow wp-block-column-is-layout-flow\" style=\"flex-basis:33.34%\">\n<h3 class=\"wp-block-heading\">Fordele :<\/h3>\n\n\n\n<ul class=\"wp-block-list\">\n<li>H\u00f8jt filtreringssystem til udsugning af fast og flydende st\u00f8v p\u00e5 samme tid;<\/li>\n\n\n\n<li>Ultrakompakt og mobil;<\/li>\n\n\n\n<li>Meget stille i brug.  <\/li>\n<\/ul>\n<\/div>\n\n\n\n<div class=\"wp-block-column is-layout-flow wp-block-column-is-layout-flow\" style=\"flex-basis:33.34%\">\n<h3 class=\"wp-block-heading\">S\u00e6rlige funktioner:<\/h3>\n\n\n\n<ul class=\"wp-block-list\">\n<li>To enfasede motorer med uafh\u00e6ngige kontakter;<\/li>\n\n\n\n<li>Valgfrit: Hepa H14-filter, klasse M, L, M vand-oleofobisk teflon, M PTFE, nomex-filter;<\/li>\n\n\n\n<li>ATEX Zone 22-version tilg\u00e6ngelig.<\/li>\n<\/ul>\n<\/div>\n\n\n\n<div class=\"wp-block-column is-layout-flow wp-block-column-is-layout-flow\" style=\"flex-basis:33.33%\">\n<h3 class=\"wp-block-heading\">Funktioner :<\/h3>\n\n\n\n<ul class=\"wp-block-list\">\n<li>Indikatorlampe for tilstoppet filter ;<\/li>\n\n\n\n<li>Beskyttelse af sugeenheden med dens stjernefilter (polyester).<\/li>\n<\/ul>\n<\/div>\n<\/div>\n\n\n\n<h2 class=\"wp-block-heading\">Vil du gerne teste W2-industrist\u00f8vsugeren p\u00e5 dit produktionssted?<\/h2>\n\n\n\n<p>Test l\u00f8sningen i dine v\u00e6rksteder! For alle vores l\u00f8sninger tilbyder vi en testfase med mulighed for at k\u00f8be i en gennemsnitlig periode p\u00e5 1 m\u00e5ned. N\u00e5r testen er slut, tager du den enten i brug, eller vi foresl\u00e5r en l\u00f8sning, der passer bedre til dine behov.<\/p>\n\n\n\n<div class=\"wp-block-buttons is-content-justification-center is-layout-flex wp-container-core-buttons-is-layout-a89b3969 wp-block-buttons-is-layout-flex\">\n<div class=\"wp-block-button\"><a class=\"wp-block-button__link wp-element-button\" href=\"https:\/\/obera.fr\/da\/contact\/\">TEST W2-ST\u00d8VSUGEREN<\/a><\/div>\n<\/div>\n\n\n\n<h2 class=\"wp-block-heading\">Andre industrielle st\u00f8vsugere i sortimentet<\/h2>\n\n\n\n<div class=\"wp-block-columns is-layout-flex wp-container-core-columns-is-layout-28f84493 wp-block-columns-is-layout-flex\">\n<div class=\"wp-block-column is-layout-flow wp-block-column-is-layout-flow\">\n<figure class=\"wp-block-image aligncenter size-full is-resized\"><a href=\"https:\/\/obera.fr\/produits\/aspirateurs-industriels\/w2-xr-atex-22\/\"><img decoding=\"async\" width=\"566\" height=\"671\" src=\"https:\/\/obera.fr\/wp-content\/uploads\/2024\/10\/w2-xr-2.png\" alt=\"Industrielle st\u00f8vsugere\" class=\"wp-image-35431\" style=\"object-fit:cover;width:300px;height:300px\" srcset=\"https:\/\/obera.fr\/wp-content\/uploads\/2024\/10\/w2-xr-2.png 566w, https:\/\/obera.fr\/wp-content\/uploads\/2024\/10\/w2-xr-2-253x300.png 253w\" sizes=\"(max-width: 566px) 100vw, 566px\" \/><\/a><figcaption class=\"wp-element-caption\">W2 XR<\/figcaption><\/figure>\n<\/div>\n\n\n\n<div class=\"wp-block-column is-layout-flow wp-block-column-is-layout-flow\">\n<figure class=\"wp-block-image aligncenter size-full\"><a href=\"https:\/\/obera.fr\/produits\/aspirateurs-industriels\/ventilateurs-aspiration-gamme-eurosog-rg-100-800\/\"><img decoding=\"async\" width=\"600\" height=\"600\" src=\"https:\/\/obera.fr\/wp-content\/uploads\/2024\/04\/obera-ventilateur-aspiration-rg-300-400.jpg\" alt=\"obera sugeventilator rg 300 400\" class=\"wp-image-29437\" srcset=\"https:\/\/obera.fr\/wp-content\/uploads\/2024\/04\/obera-ventilateur-aspiration-rg-300-400.jpg 600w, https:\/\/obera.fr\/wp-content\/uploads\/2024\/04\/obera-ventilateur-aspiration-rg-300-400-300x300.jpg 300w, https:\/\/obera.fr\/wp-content\/uploads\/2024\/04\/obera-ventilateur-aspiration-rg-300-400-150x150.jpg 150w\" sizes=\"(max-width: 600px) 100vw, 600px\" \/><\/a><figcaption class=\"wp-element-caption\">RG 300\/400<\/figcaption><\/figure>\n<\/div>\n\n\n\n<div class=\"wp-block-column is-layout-flow wp-block-column-is-layout-flow\">\n<figure class=\"wp-block-image aligncenter size-full is-resized\"><a href=\"https:\/\/obera.fr\/produits\/aspirateurs-industriels\/w3-pour-nettoyage-general\/\"><img decoding=\"async\" width=\"658\" height=\"652\" src=\"https:\/\/obera.fr\/wp-content\/uploads\/2024\/10\/w3.png\" alt=\"w3\" class=\"wp-image-35427\" style=\"object-fit:cover;width:300px;height:300px\" srcset=\"https:\/\/obera.fr\/wp-content\/uploads\/2024\/10\/w3.png 658w, https:\/\/obera.fr\/wp-content\/uploads\/2024\/10\/w3-300x297.png 300w, https:\/\/obera.fr\/wp-content\/uploads\/2024\/10\/w3-150x150.png 150w, https:\/\/obera.fr\/wp-content\/uploads\/2024\/10\/w3-24x24.png 24w, https:\/\/obera.fr\/wp-content\/uploads\/2024\/10\/w3-48x48.png 48w, https:\/\/obera.fr\/wp-content\/uploads\/2024\/10\/w3-96x96.png 96w\" sizes=\"(max-width: 658px) 100vw, 658px\" \/><\/a><figcaption class=\"wp-element-caption\">W3<\/figcaption><\/figure>\n<\/div>\n<\/div>\n","protected":false},"excerpt":{"rendered":"<p>Den kompakte og mobileW2-industrist\u00f8vsuger er et af de mest effektive stykker udstyr p\u00e5 markedet, kendt for sin robusthed, h\u00f8je filtreringskapacitet og ydeevne. W2 v\u00e5de og t\u00f8rre industrist\u00f8vsugere: Hvordan virker de, og hvor bruges de? Den st\u00f8rste fordel vedW2 v\u00e5d- og t\u00f8rst\u00f8vsugeren er dens alsidighed. Dens sugeevne betyder, at den kan l\u00f8fte og st\u00f8vsuge faste og flydende materialer p\u00e5 samme tid. Den har to enfasede bypass-motorer, der er beskyttet af et robust motorhoved i st\u00e5l og lydisoleret indvendigt. St\u00f8vsugeren har et vand\/st\u00f8v-separationssystem, der filtrerer v\u00e6sker fra t\u00f8rre partikler. Opsugede st\u00f8vpartikler opbevares i en st\u00e5lbeholder, mens v\u00e6sker opsamles i en tank. W2-industrist\u00f8vsugeren &#8230; <\/p>\n<p class=\"read-more-container\"><a title=\"W2 industriel st\u00f8vsuger\" class=\"read-more button\" href=\"https:\/\/obera.fr\/da\/produits\/aspirateurs-industriels\/w2-haute-filtration-polyvalence\/#more-50760\" aria-label=\"Read more about W2 industriel st\u00f8vsuger\">Lire la suite<\/a><\/p>\n","protected":false},"author":4,"featured_media":83735,"parent":52219,"menu_order":0,"comment_status":"closed","ping_status":"closed","template":"","meta":{"_acf_changed":false,"_seopress_robots_primary_cat":"","_seopress_titles_title":"W2 industrist\u00f8vsuger: h\u00f8j filtrering og alsidighed","_seopress_titles_desc":"V\u00e6lg W2-serien med dens h\u00f8jfiltreringssystem til samtidig udsugning af fast og flydende st\u00f8v.","_seopress_robots_index":"","footnotes":""},"class_list":{"0":"post-50760","1":"page","2":"type-page","3":"status-publish","4":"has-post-thumbnail","6":"no-featured-image-padding","7":"resize-featured-image"},"acf":[],"_links":{"self":[{"href":"https:\/\/obera.fr\/da\/wp-json\/wp\/v2\/pages\/50760","targetHints":{"allow":["GET"]}}],"collection":[{"href":"https:\/\/obera.fr\/da\/wp-json\/wp\/v2\/pages"}],"about":[{"href":"https:\/\/obera.fr\/da\/wp-json\/wp\/v2\/types\/page"}],"author":[{"embeddable":true,"href":"https:\/\/obera.fr\/da\/wp-json\/wp\/v2\/users\/4"}],"replies":[{"embeddable":true,"href":"https:\/\/obera.fr\/da\/wp-json\/wp\/v2\/comments?post=50760"}],"version-history":[{"count":9,"href":"https:\/\/obera.fr\/da\/wp-json\/wp\/v2\/pages\/50760\/revisions"}],"predecessor-version":[{"id":107404,"href":"https:\/\/obera.fr\/da\/wp-json\/wp\/v2\/pages\/50760\/revisions\/107404"}],"up":[{"embeddable":true,"href":"https:\/\/obera.fr\/da\/wp-json\/wp\/v2\/pages\/52219"}],"wp:featuredmedia":[{"embeddable":true,"href":"https:\/\/obera.fr\/da\/wp-json\/wp\/v2\/media\/83735"}],"wp:attachment":[{"href":"https:\/\/obera.fr\/da\/wp-json\/wp\/v2\/media?parent=50760"}],"curies":[{"name":"wp","href":"https:\/\/api.w.org\/{rel}","templated":true}]}}