{"id":50791,"date":"2024-04-01T13:32:19","date_gmt":"2024-04-01T11:32:19","guid":{"rendered":"https:\/\/obera.fr\/ic22-luftkoeler-med-fordampningsfilter\/"},"modified":"2025-04-24T12:26:55","modified_gmt":"2025-04-24T10:26:55","slug":"ic22-filtrant-par-evaporation","status":"publish","type":"page","link":"https:\/\/obera.fr\/da\/produits\/rafraichisseurs-air\/rafraichisseurs-par-evaporation-ic\/ic22-filtrant-par-evaporation\/","title":{"rendered":"IC22 luftk\u00f8ler med fordampningsfilter"},"content":{"rendered":"\n<p>Den \u00f8kologiske og \u00f8konomiske <strong>luftfrisker med fordampningsfilter<\/strong> er ideel til at skabe k\u00f8ligere luft p\u00e5 omkring 10 til 20 \u00b0C i dine arbejdsomr\u00e5der.<\/p>\n\n\n\n<h2 class=\"wp-block-heading\">OberA luftk\u00f8ler med fordampningsfilter: Hvordan fungerer den?<\/h2>\n\n\n\n<div class=\"wp-block-columns is-layout-flex wp-container-core-columns-is-layout-28f84493 wp-block-columns-is-layout-flex\">\n<div class=\"wp-block-column is-vertically-aligned-top is-layout-flow wp-block-column-is-layout-flow\" style=\"flex-basis:50%\">\n<figure class=\"wp-block-image aligncenter size-full is-resized\"><img decoding=\"async\" width=\"600\" height=\"600\" src=\"https:\/\/obera.fr\/wp-content\/uploads\/2024\/02\/ic22-carre.jpg\" alt=\"IC22 luftk\u00f8ler med fordampningsfilter\" class=\"wp-image-28148\" style=\"width:370px;height:auto\" srcset=\"https:\/\/obera.fr\/wp-content\/uploads\/2024\/02\/ic22-carre.jpg 600w, https:\/\/obera.fr\/wp-content\/uploads\/2024\/02\/ic22-carre-300x300.jpg 300w, https:\/\/obera.fr\/wp-content\/uploads\/2024\/02\/ic22-carre-150x150.jpg 150w\" sizes=\"(max-width: 600px) 100vw, 600px\" \/><figcaption class=\"wp-element-caption\">IC 22<\/figcaption><\/figure>\n<\/div>\n\n\n\n<div class=\"wp-block-column is-vertically-aligned-center is-layout-flow wp-block-column-is-layout-flow\" style=\"flex-basis:66.66%\">\n<p>IC22-serien af fordampningsluftk\u00f8lere har honeycomb-paneler, der konstant gennembl\u00f8des med vand. Den aksiale spiralformede ventilator p\u00e5 bagsiden af enheden suger den varme luft ind og sender den gennem k\u00f8lepanelerne. Den varme luft fordamper og afk\u00f8les ved kontakt med vandet. Dette f\u00e6nomen er kendt som <strong>&#8220;k\u00f8leeffekten<\/strong> &#8221; og reducerer temperaturen p\u00e5 den indsugede luft med op til 20 \u00b0C. Den k\u00f8ligere, filtrerede luft skubbes derefter gennem enheden og cirkuleres rundt i arbejdsomr\u00e5det. Det er stadig vigtigt, at rummet er ventileret, s\u00e5 luften kan cirkulere ordentligt, evakuere fugten og tilf\u00f8re ny varm luft, som filtreres af den <strong>mobile k\u00f8ler<\/strong>. Kort sagt, jo varmere luften er, desto bedre er k\u00f8lingen.      <\/p>\n\n\n\n<p>Den <a href=\"https:\/\/obera.fr\/da\/produits\/rafraichisseurs-air\/rafraichisseurs-par-evaporation-ic\/\" data-type=\"page\" data-id=\"18698\">adiabatiske IC-luftk\u00f8ler er designet til<\/a> brug i <strong>alle sektorer<\/strong> inden for industri, logistik og landbrug. Den kan bruges til at k\u00f8le medarbejdernes arbejdsstationer eller lokaler. Den er is\u00e6r popul\u00e6r i fabrikker, garager, lagerhaller, v\u00e6rksteder, drivhuse og pakhuse.  <\/p>\n\n\n\n<div class=\"wp-block-columns is-layout-flex wp-container-core-columns-is-layout-28f84493 wp-block-columns-is-layout-flex\">\n<div class=\"wp-block-column is-layout-flow wp-block-column-is-layout-flow\" style=\"flex-basis:33.33%\">\n<div class=\"wp-block-buttons is-layout-flex wp-block-buttons-is-layout-flex\">\n<div class=\"wp-block-button\"><a class=\"wp-block-button__link wp-element-button\" href=\"https:\/\/obera.fr\/wp-content\/uploads\/2025\/04\/brochure-ic-22-en.pdf\">DOWNLOAD BROCHUREN<\/a><\/div>\n<\/div>\n<\/div>\n\n\n\n<div class=\"wp-block-column is-layout-flow wp-block-column-is-layout-flow\" style=\"flex-basis:33.34%\">\n<div class=\"wp-block-buttons is-horizontal is-content-justification-center is-layout-flex wp-container-core-buttons-is-layout-03627597 wp-block-buttons-is-layout-flex\">\n<div class=\"wp-block-button has-custom-width wp-block-button__width-100\"><a class=\"wp-block-button__link wp-element-button\" href=\"https:\/\/obera.fr\/da\/kontakt-os\/\">F\u00e5 flere oplysninger<\/a><\/div>\n<\/div>\n\n\n\n<p><\/p>\n<\/div>\n\n\n\n<div class=\"wp-block-column is-layout-flow wp-block-column-is-layout-flow\" style=\"flex-basis:33.34%\">\n<div class=\"wp-block-buttons is-content-justification-center is-layout-flex wp-container-core-buttons-is-layout-a89b3969 wp-block-buttons-is-layout-flex\">\n<div class=\"wp-block-button btn-devis-source\"><a class=\"wp-block-button__link wp-element-button\" href=\"https:\/\/obera.fr\/da\/devis\/\">Anmod om et tilbud<\/a><\/div>\n<\/div>\n\n\n<script>\r\ndocument.addEventListener('DOMContentLoaded', function() {\r\n    \/\/ 1. On cherche le titre H1 de la page\r\n    var h1 = document.querySelector('h1');\r\n    var productTitle = h1 ? h1.innerText.trim() : \"\";\r\n\r\n    \/\/ 2. On cherche les boutons via la classe CSS .btn-devis-source\r\n    var buttons = document.querySelectorAll('.btn-devis-source a');\r\n\r\n    \/\/ 3. Si on a le titre et les boutons, on ajoute le param\u00e8tre\r\n    if (buttons.length > 0 && productTitle !== \"\") {\r\n        var encodedTitle = encodeURIComponent(productTitle);\r\n\r\n        buttons.forEach(function(btn) {\r\n            var currentHref = btn.getAttribute('href');\r\n            \r\n            \/\/ S\u00e9curit\u00e9 pour ne pas ajouter le param\u00e8tre 2 fois\r\n            if (currentHref.indexOf('sujet=') === -1) {\r\n                var separator = currentHref.indexOf('?') !== -1 ? '&' : '?';\r\n                var newLink = currentHref + separator + 'sujet=' + encodedTitle;\r\n                \r\n                btn.setAttribute('href', newLink);\r\n            }\r\n        });\r\n    }\r\n});\r\n<\/script><\/div>\n<\/div>\n<\/div>\n<\/div>\n\n\n\n<div class=\"wp-block-columns is-layout-flex wp-container-core-columns-is-layout-28f84493 wp-block-columns-is-layout-flex\">\n<div class=\"wp-block-column is-layout-flow wp-block-column-is-layout-flow\" style=\"flex-basis:25%\"><\/div>\n\n\n\n<div class=\"wp-block-column is-layout-flow wp-block-column-is-layout-flow\" style=\"flex-basis:50%\">\n<figure class=\"wp-block-embed is-type-video is-provider-youtube wp-block-embed-youtube wp-embed-aspect-16-9 wp-has-aspect-ratio\"><div class=\"wp-block-embed__wrapper\">\n<iframe title=\"Rafraichisseur d&#039;air - Gamme IC - OberA\" width=\"1200\" height=\"675\" src=\"https:\/\/www.youtube.com\/embed\/NG-Ssy2oM70?feature=oembed\" frameborder=\"0\" allow=\"accelerometer; autoplay; clipboard-write; encrypted-media; gyroscope; picture-in-picture; web-share\" referrerpolicy=\"strict-origin-when-cross-origin\" allowfullscreen><\/iframe>\n<\/div><\/figure>\n\n\n\n<p><\/p>\n<\/div>\n\n\n\n<div class=\"wp-block-column is-layout-flow wp-block-column-is-layout-flow\" style=\"flex-basis:25%\"><\/div>\n<\/div>\n\n\n\n<h2 class=\"wp-block-heading\">Hvad er funktionerne i IC22-luftk\u00f8leren?<\/h2>\n\n\n\n<p>Den mobile fordampningsluftfrisker IC22 har 3 hastigheder for at holde styr p\u00e5 str\u00f8mmen og tilpasse sig teamets behov. Kontrolpanelet kan bruges til at konfigurere retningen af enhedens luftstr\u00f8m, vandbehandling via en ionisator og aktivering af vandstr\u00f8mmen over filtermediet. <\/p>\n\n\n\n<p>Denne kraftfulde enhed har en gennemstr\u00f8mningshastighed p\u00e5 22.000 m3\/t, nok til at k\u00f8le et omr\u00e5de p\u00e5 op til 250 m2. Vandtanken kan rumme op til 130 liter vand, hvilket sikrer uafbrudt drift over et stort omr\u00e5de. <\/p>\n\n\n\n<p>En anden teknisk fordel, og ikke den mindste, er, at en <strong>luftk\u00f8ler kr\u00e6ver meget lidt vand og elektricitet.<\/strong> Vandforbruget er mellem 10 og 15 liter i timen. Det er langt mere effektivt end en luftbefugter eller et ventilationssystem til k\u00f8ling af store rum.  <\/p>\n\n\n\n<p>Endelig er IC22-luftk\u00f8leren mobil og stabil. Den vejer <strong>50 kg<\/strong> og har bl\u00f8de hjul, s\u00e5 du kan flytte den, som du vil. Der medf\u00f8lger en fjernbetjening, s\u00e5 den er nem at styre.  <\/p>\n\n\n\n<blockquote class=\"wp-block-quote is-layout-flow wp-block-quote-is-layout-flow\">\n<figure class=\"wp-block-image aligncenter size-full\"><img decoding=\"async\" width=\"290\" height=\"98\" src=\"https:\/\/obera.fr\/wp-content\/uploads\/2025\/02\/green-modern-marketing-logo.png\" alt=\"gr\u00f8nt moderne marketinglogo\" class=\"wp-image-61494\"\/><\/figure>\n\n\n\n<p>G4-filter: IC22-fordampningsluftk\u00f8leren er udstyret med et G4-luftfilter for at forbedre luftkvaliteten. Det er en klar fordel for medarbejdernes sundhed og for at garantere maskinens ydeevne. Det forl\u00e6nger ogs\u00e5 k\u00f8lerens levetid, da det er mindre tilstoppet af snavs og st\u00f8v.  <\/p>\n<\/blockquote>\n\n\n\n<div class=\"wp-block-columns is-layout-flex wp-container-core-columns-is-layout-28f84493 wp-block-columns-is-layout-flex\">\n<div class=\"wp-block-column is-layout-flow wp-block-column-is-layout-flow\"><\/div>\n\n\n\n<div class=\"wp-block-column is-layout-flow wp-block-column-is-layout-flow\"><\/div>\n\n\n\n<div class=\"wp-block-column is-layout-flow wp-block-column-is-layout-flow\"><\/div>\n<\/div>\n\n\n\n<h3 class=\"wp-block-heading has-text-align-center\">INDUSTRIER<\/h3>\n\n\n\n<div class=\"wp-block-columns is-layout-flex wp-container-core-columns-is-layout-28f84493 wp-block-columns-is-layout-flex\">\n<div class=\"wp-block-column is-layout-flow wp-block-column-is-layout-flow\">\n<hr class=\"wp-block-separator has-alpha-channel-opacity\"\/>\n\n\n\n<div class=\"wp-block-columns is-layout-flex wp-container-core-columns-is-layout-28f84493 wp-block-columns-is-layout-flex\">\n<div class=\"wp-block-column is-layout-flow wp-block-column-is-layout-flow\">\n<figure class=\"wp-block-image aligncenter size-thumbnail is-resized\"><img decoding=\"async\" width=\"150\" height=\"150\" src=\"https:\/\/obera.fr\/wp-content\/uploads\/2022\/02\/Textile-150x150.png\" alt=\"tekstil\" class=\"wp-image-8855\"\/><figcaption class=\"wp-element-caption\">Tekstiler<\/figcaption><\/figure>\n\n\n\n<figure class=\"wp-block-image aligncenter size-thumbnail is-resized\"><img decoding=\"async\" width=\"150\" height=\"150\" src=\"https:\/\/obera.fr\/wp-content\/uploads\/2022\/02\/Plastique-150x150.png\" alt=\"plastik\" class=\"wp-image-8854\"\/><figcaption class=\"wp-element-caption\">Plastik<\/figcaption><\/figure>\n\n\n\n<figure class=\"wp-block-image aligncenter size-thumbnail is-resized\"><img decoding=\"async\" width=\"150\" height=\"150\" src=\"https:\/\/obera.fr\/wp-content\/uploads\/2023\/02\/sans-titre-2023-02-14t104609.147-150x150.png\" alt=\"Logistik\" class=\"wp-image-18825\"\/><figcaption class=\"wp-element-caption\">Logistik<\/figcaption><\/figure>\n<\/div>\n\n\n\n<div class=\"wp-block-column is-layout-flow wp-block-column-is-layout-flow\">\n<figure class=\"wp-block-image aligncenter size-thumbnail is-resized\"><img decoding=\"async\" width=\"150\" height=\"150\" src=\"https:\/\/obera.fr\/wp-content\/uploads\/2022\/02\/MINERAIS-150x150.png\" alt=\"malme\" class=\"wp-image-8847\"\/><figcaption class=\"wp-element-caption\">Mineraler<\/figcaption><\/figure>\n\n\n\n<figure class=\"wp-block-image aligncenter size-thumbnail is-resized\"><img decoding=\"async\" width=\"150\" height=\"150\" src=\"https:\/\/obera.fr\/wp-content\/uploads\/2022\/02\/Metalurgie-150x150.png\" alt=\"Metallurgi\" class=\"wp-image-8857\"\/><figcaption class=\"wp-element-caption\">Metallurgi<\/figcaption><\/figure>\n\n\n\n<figure class=\"wp-block-image aligncenter size-thumbnail is-resized\"><img decoding=\"async\" width=\"150\" height=\"150\" src=\"https:\/\/obera.fr\/wp-content\/uploads\/2023\/02\/sans-titre-2023-02-14t102211.641-150x150.png\" alt=\"Landbrug\" class=\"wp-image-18828\"\/><figcaption class=\"wp-element-caption\">Landbrug<\/figcaption><\/figure>\n<\/div>\n<\/div>\n<\/div>\n\n\n\n<div class=\"wp-block-column is-layout-flow wp-block-column-is-layout-flow\">\n<hr class=\"wp-block-separator has-alpha-channel-opacity\"\/>\n\n\n\n<div class=\"wp-block-columns is-layout-flex wp-container-core-columns-is-layout-28f84493 wp-block-columns-is-layout-flex\">\n<div class=\"wp-block-column is-layout-flow wp-block-column-is-layout-flow\">\n<figure class=\"wp-block-image aligncenter size-thumbnail is-resized\"><img decoding=\"async\" width=\"150\" height=\"150\" src=\"https:\/\/obera.fr\/wp-content\/uploads\/2022\/02\/Chimie-150x150.png\" alt=\"Kemi\" class=\"wp-image-8846\"\/><figcaption class=\"wp-element-caption\">Kemi<\/figcaption><\/figure>\n\n\n\n<figure class=\"wp-block-image aligncenter size-thumbnail is-resized\"><img decoding=\"async\" width=\"150\" height=\"150\" src=\"https:\/\/obera.fr\/wp-content\/uploads\/2022\/02\/Travail-du-bois-150x150.png\" alt=\"tr\u00e6bearbejdning\" class=\"wp-image-8856\"\/><figcaption class=\"wp-element-caption\">Tr\u00e6bearbejdning<\/figcaption><\/figure>\n\n\n\n<figure class=\"wp-block-image aligncenter size-thumbnail is-resized\"><img decoding=\"async\" width=\"150\" height=\"150\" src=\"https:\/\/obera.fr\/wp-content\/uploads\/2023\/02\/sans-titre-2023-02-14t101920.185-150x150.png\" alt=\"Luftfart\" class=\"wp-image-18831\"\/><figcaption class=\"wp-element-caption\">Luftfart<\/figcaption><\/figure>\n<\/div>\n\n\n\n<div class=\"wp-block-column is-layout-flow wp-block-column-is-layout-flow\">\n<figure class=\"wp-block-image aligncenter size-thumbnail is-resized\"><img decoding=\"async\" width=\"150\" height=\"150\" src=\"https:\/\/obera.fr\/wp-content\/uploads\/2022\/02\/AGROALIMENTAIRE-150x150.png\" alt=\"landbrugsf\u00f8devarer\" class=\"wp-image-8844\"\/><figcaption class=\"wp-element-caption\">F\u00f8devareindustrien<\/figcaption><\/figure>\n\n\n\n<figure class=\"wp-block-image aligncenter size-thumbnail is-resized\"><img decoding=\"async\" width=\"150\" height=\"150\" src=\"https:\/\/obera.fr\/wp-content\/uploads\/2022\/02\/Papier-carton-150x150.png\" alt=\"papir og pap\" class=\"wp-image-8853\"\/><figcaption class=\"wp-element-caption\">Papir\/karton<\/figcaption><\/figure>\n\n\n\n<figure class=\"wp-block-image aligncenter size-thumbnail is-resized\"><img decoding=\"async\" width=\"150\" height=\"150\" src=\"https:\/\/obera.fr\/wp-content\/uploads\/2023\/02\/sans-titre-2023-02-14t101712.416-150x150.png\" alt=\"Biler\" class=\"wp-image-18834\"\/><figcaption class=\"wp-element-caption\">Biler<\/figcaption><\/figure>\n<\/div>\n<\/div>\n<\/div>\n<\/div>\n\n\n\n<figure class=\"wp-block-table\"><table class=\"has-fixed-layout\"><tbody><tr><td>Flow<\/td><td>m3\/h<\/td><td>22 000<\/td><\/tr><tr><td>Antal hastigheder<\/td><td><\/td><td>3<\/td><\/tr><tr><td>Sp\u00e6nding<\/td><td>V<\/td><td>230<\/td><\/tr><tr><td>Nominel str\u00f8m<\/td><td>A<\/td><td>2.8<\/td><\/tr><tr><td>Kraft<\/td><td>W<\/td><td>640<\/td><\/tr><tr><td>Dimensioner<\/td><td>l\/L\/h (mm)<\/td><td>1120 x 640 x 1600<\/td><\/tr><tr><td>V\u00e6gt<\/td><td>kg<\/td><td>50<\/td><\/tr><tr><td>St\u00f8jniveau<\/td><td>dB(A)<\/td><td>58\/64\/68<\/td><\/tr><tr><td>Overfladebehandlet<\/td><td>m\u00b2<\/td><td>150 \u00e0 250<\/td><\/tr><tr><td>Tankens kapacitet<\/td><td>L<\/td><td>130<\/td><\/tr><tr><td>Vandforbrug<\/td><td>L\/h<\/td><td>10 \u00e0 15<\/td><\/tr><\/tbody><\/table><\/figure>\n\n\n\n<div class=\"wp-block-columns is-layout-flex wp-container-core-columns-is-layout-28f84493 wp-block-columns-is-layout-flex\">\n<div class=\"wp-block-column is-layout-flow wp-block-column-is-layout-flow\">\n<div class=\"wp-block-buttons is-content-justification-center is-layout-flex wp-container-core-buttons-is-layout-a89b3969 wp-block-buttons-is-layout-flex\">\n<div class=\"wp-block-button\"><a class=\"wp-block-button__link wp-element-button\" href=\"https:\/\/obera.fr\/wp-content\/uploads\/2025\/04\/brochure-ic-22-en.pdf\">DOWNLOAD BROCHUREN<\/a><\/div>\n<\/div>\n<\/div>\n\n\n\n<div class=\"wp-block-column is-layout-flow wp-block-column-is-layout-flow\">\n<div class=\"wp-block-buttons is-horizontal is-content-justification-center is-layout-flex wp-container-core-buttons-is-layout-03627597 wp-block-buttons-is-layout-flex\">\n<div class=\"wp-block-button has-custom-width wp-block-button__width-100\"><a class=\"wp-block-button__link wp-element-button\" href=\"https:\/\/obera.fr\/da\/kontakt-os\/\">F\u00e5 flere oplysninger<\/a><\/div>\n<\/div>\n<\/div>\n<\/div>\n\n\n\n<blockquote class=\"wp-block-quote is-layout-flow wp-block-quote-is-layout-flow\">\n<p>Det er godt at vide: <strong>OberA tilbyder b\u00e5de nye og brugte apparater til salg<\/strong>. Brugte produkter er repareret, efterset og renoveret og leveres med et \u00e5rs garanti. Hvert brugt produkt har en klassificering: klasse A (n\u00e6sten nyt), klasse B (mellemtilstand med lette tegn p\u00e5 slitage) og klasse C (forringet tilstand, men kun kosmetisk). Vores onlinebutik garanterer sikker betaling og hurtig levering af produkter.   <\/p>\n<\/blockquote>\n\n\n\n<h2 class=\"wp-block-heading\">Fordampningsk\u00f8lere: fordelene ved IC22-modellen<\/h2>\n\n\n\n<p>IC22-luftfriskerens design g\u00f8r den s\u00e6rlig <strong>behagelig for dine medarbejdere.<\/strong> Den yder et stort bidrag til deres velbefindende ved at sprede frisk luft uden at k\u00f8le ned. Med et lydniveau p\u00e5 66 dB(A) er apparatet lydl\u00f8st uden at g\u00e5 p\u00e5 kompromis med ydeevnen. Og fordi den er s\u00e5 nem at h\u00e5ndtere, kan dine medarbejdere flytte den, hvor de vil, og nyde den behagelige indend\u00f8rsluft.   <\/p>\n\n\n\n<p>Luftfugtigheden (5-10 %) er ogs\u00e5 med til at beskytte dit udstyr. Denne funktion er s\u00e6rligt <strong>velegnet til drivhuse eller landbrug<\/strong> med udstyr og produkter, der er f\u00f8lsomme over for varme og t\u00f8r luft. <\/p>\n\n\n\n<p>Med hensyn til investering bruger denne <a href=\"https:\/\/obera.fr\/da\/produits\/rafraichisseurs-air\/\" data-type=\"page\" data-id=\"368\">adiabatiske luftk\u00f8ler<\/a> op til 80 % mindre energi end et konventionelt klimaanl\u00e6g. Ud over elforbruget <strong>bruger en chiller en kompressor og et k\u00f8lemiddel til at k\u00f8le den omgivende luft,<\/strong> hvilket ogs\u00e5 er en mindre milj\u00f8venlig komponent. <\/p>\n\n\n\n<div class=\"wp-block-columns is-layout-flex wp-container-core-columns-is-layout-28f84493 wp-block-columns-is-layout-flex\">\n<div class=\"wp-block-column is-layout-flow wp-block-column-is-layout-flow\">\n<h3 class=\"wp-block-heading\">Fordele :<\/h3>\n\n\n\n<ul class=\"wp-block-list\">\n<li>Milj\u00f8venlig;<\/li>\n\n\n\n<li>Mobilt udstyr, der er nemt at h\u00e5ndtere;<\/li>\n\n\n\n<li>Flowhastighed, der kan k\u00f8le rum p\u00e5 250 m2 ;<\/li>\n\n\n\n<li>Plug &amp; play.<\/li>\n<\/ul>\n<\/div>\n\n\n\n<div class=\"wp-block-column is-layout-flow wp-block-column-is-layout-flow\">\n<h3 class=\"wp-block-heading\">S\u00e6rlige funktioner:<\/h3>\n\n\n\n<ul class=\"wp-block-list\">\n<li>Energieffektiv (vand og elektricitet) ;<\/li>\n\n\n\n<li>St\u00f8vfiltrering (G4-filter) ;<\/li>\n\n\n\n<li>Timerfunktion til automatisk start og stop<\/li>\n\n\n\n<li>Ingen installation af r\u00f8r eller udsugningskanaler;<\/li>\n\n\n\n<li>Ingen installationsomkostninger.<\/li>\n<\/ul>\n<\/div>\n\n\n\n<div class=\"wp-block-column is-layout-flow wp-block-column-is-layout-flow\">\n<h3 class=\"wp-block-heading\">Funktioner :<\/h3>\n\n\n\n<ul class=\"wp-block-list\">\n<li>Ingen &#8220;cold snap&#8221;-effekt;<\/li>\n\n\n\n<li>Luftstr\u00f8msoscillationstilstand ;<\/li>\n\n\n\n<li>Opretholder et optimalt fugtighedsniveau.<\/li>\n<\/ul>\n<\/div>\n<\/div>\n\n\n\n<h2 class=\"wp-block-heading\">Test vores IC22 luftk\u00f8ler<\/h2>\n\n\n\n<p>Vi tilbyder muligheden for<strong> at leje\/teste dette udstyr i gennemsnitligt en m\u00e5ned<\/strong>, med hurtig levering til en n\u00e6sten \u00f8jeblikkelig afpr\u00f8vning i dit v\u00e6rksted. Hvis du beslutter dig for at validere l\u00f8sningen, betaler du ikke nogen forskel! Hvis ikke, vurderer vi udstyrets ydeevne og foresl\u00e5r en k\u00f8ler, der passer bedre til dine behov og specifikationer.  <\/p>\n\n\n\n<div class=\"wp-block-buttons is-content-justification-center is-layout-flex wp-container-core-buttons-is-layout-a89b3969 wp-block-buttons-is-layout-flex\">\n<div class=\"wp-block-button\"><a class=\"wp-block-button__link wp-element-button\" href=\"https:\/\/obera.fr\/da\/contact\/\">KONTAKT OS<\/a><\/div>\n<\/div>\n","protected":false},"excerpt":{"rendered":"<p>Den \u00f8kologiske og \u00f8konomiske luftfrisker med fordampningsfilter er ideel til at skabe k\u00f8ligere luft p\u00e5 omkring 10 til 20 \u00b0C i dine arbejdsomr\u00e5der. OberA luftk\u00f8ler med fordampningsfilter: Hvordan fungerer den? IC22-serien af fordampningsluftk\u00f8lere har honeycomb-paneler, der konstant gennembl\u00f8des med vand. Den aksiale spiralformede ventilator p\u00e5 bagsiden af enheden suger den varme luft ind og sender den gennem k\u00f8lepanelerne. Den varme luft fordamper og afk\u00f8les ved kontakt med vandet. Dette f\u00e6nomen er kendt som &#8220;k\u00f8leeffekten &#8221; og reducerer temperaturen p\u00e5 den indsugede luft med op til 20 \u00b0C. Den k\u00f8ligere, filtrerede luft skubbes derefter gennem enheden og cirkuleres rundt i arbejdsomr\u00e5det. &#8230; <\/p>\n<p class=\"read-more-container\"><a title=\"IC22 luftk\u00f8ler med fordampningsfilter\" class=\"read-more button\" href=\"https:\/\/obera.fr\/da\/produits\/rafraichisseurs-air\/rafraichisseurs-par-evaporation-ic\/ic22-filtrant-par-evaporation\/#more-50791\" aria-label=\"Read more about IC22 luftk\u00f8ler med fordampningsfilter\">Lire la suite<\/a><\/p>\n","protected":false},"author":4,"featured_media":83735,"parent":50940,"menu_order":0,"comment_status":"closed","ping_status":"closed","template":"","meta":{"_acf_changed":false,"_seopress_robots_primary_cat":"","_seopress_titles_title":"IC22, industriel luftk\u00f8ler med fordampningsfilter","_seopress_titles_desc":"Den \u00f8kologiske og \u00f8konomiske IC22-luftfrisker med fordampningsfilter er ideel til at skabe k\u00f8ligere luft p\u00e5 omkring 10 til 20 \u00b0C i dine arbejdsomr\u00e5der.","_seopress_robots_index":"","footnotes":""},"class_list":{"0":"post-50791","1":"page","2":"type-page","3":"status-publish","4":"has-post-thumbnail","6":"no-featured-image-padding","7":"resize-featured-image"},"acf":[],"_links":{"self":[{"href":"https:\/\/obera.fr\/da\/wp-json\/wp\/v2\/pages\/50791","targetHints":{"allow":["GET"]}}],"collection":[{"href":"https:\/\/obera.fr\/da\/wp-json\/wp\/v2\/pages"}],"about":[{"href":"https:\/\/obera.fr\/da\/wp-json\/wp\/v2\/types\/page"}],"author":[{"embeddable":true,"href":"https:\/\/obera.fr\/da\/wp-json\/wp\/v2\/users\/4"}],"replies":[{"embeddable":true,"href":"https:\/\/obera.fr\/da\/wp-json\/wp\/v2\/comments?post=50791"}],"version-history":[{"count":8,"href":"https:\/\/obera.fr\/da\/wp-json\/wp\/v2\/pages\/50791\/revisions"}],"predecessor-version":[{"id":88717,"href":"https:\/\/obera.fr\/da\/wp-json\/wp\/v2\/pages\/50791\/revisions\/88717"}],"up":[{"embeddable":true,"href":"https:\/\/obera.fr\/da\/wp-json\/wp\/v2\/pages\/50940"}],"wp:featuredmedia":[{"embeddable":true,"href":"https:\/\/obera.fr\/da\/wp-json\/wp\/v2\/media\/83735"}],"wp:attachment":[{"href":"https:\/\/obera.fr\/da\/wp-json\/wp\/v2\/media?parent=50791"}],"curies":[{"name":"wp","href":"https:\/\/api.w.org\/{rel}","templated":true}]}}