{"id":50941,"date":"2022-11-23T11:48:48","date_gmt":"2022-11-23T09:48:48","guid":{"rendered":"https:\/\/obera.fr\/dustomat-hydro-fastmonteret-vaad-stoevopsamler\/"},"modified":"2025-04-25T14:49:10","modified_gmt":"2025-04-25T12:49:10","slug":"depoussiereur-a-voie-humide-dustomat-hydro","status":"publish","type":"page","link":"https:\/\/obera.fr\/da\/produits\/depoussiereurs-industriels\/fixes\/depoussiereur-a-voie-humide-dustomat-hydro\/","title":{"rendered":"DUSTOMAT HYDRO: fastmonteret v\u00e5d st\u00f8vopsamler"},"content":{"rendered":"\n<p>Oplev vores udvalg af <strong>DUSTOMAT HYDRO-v\u00e5dvaskere<\/strong>, der kombinerer ydeevne og effektivitet til udsugning af letant\u00e6ndelige stoffer.<\/p>\n\n\n\n<h2 class=\"wp-block-heading\">DUSTOMAT HYDRO industriel st\u00f8vopsamler: hvordan fungerer den, og hvordan bruger man den?<\/h2>\n\n\n\n<div class=\"wp-block-columns is-layout-flex wp-container-core-columns-is-layout-28f84493 wp-block-columns-is-layout-flex\">\n<div class=\"wp-block-column is-layout-flow wp-block-column-is-layout-flow\" style=\"flex-basis:33.33%\">\n<figure class=\"wp-block-image aligncenter size-full is-resized\"><img decoding=\"async\" width=\"600\" height=\"600\" src=\"https:\/\/obera.fr\/wp-content\/uploads\/2022\/11\/dustomat-hydro-1.png\" alt=\"dustomat hydro 1\" class=\"wp-image-15989\" style=\"width:300px;height:300px\" srcset=\"https:\/\/obera.fr\/wp-content\/uploads\/2022\/11\/dustomat-hydro-1.png 600w, https:\/\/obera.fr\/wp-content\/uploads\/2022\/11\/dustomat-hydro-1-300x300.png 300w, https:\/\/obera.fr\/wp-content\/uploads\/2022\/11\/dustomat-hydro-1-150x150.png 150w\" sizes=\"(max-width: 600px) 100vw, 600px\" \/><\/figure>\n<\/div>\n\n\n\n<div class=\"wp-block-column is-vertically-aligned-center is-layout-flow wp-block-column-is-layout-flow\" style=\"flex-basis:66.66%\">\n<p>Den st\u00f8rste styrke ved DUSTOMAT HYDRO-serien er dens <strong>innovative flertrinsudskillelsesteknologi til opsamling af st\u00f8v og gnister<\/strong>. Forurenet luft suges ind af en ventilator, der er indbygget i st\u00f8vopsamleren. Lufthastigheden reduceres, s\u00e5 de tunge partikler falder ned i en opsamlingstank: Dette er det f\u00f8rste trin i forsepareringen af partiklerne. Luften passerer derefter gennem en <strong>hydrocyklon<\/strong>, som bruger centrifugalkraft til at adskille de fine partikler fra vandet. Disse partikler fanges i vandet, og gnisterne afk\u00f8les for at g\u00f8re dem uskadelige. Et sidste filtreringstrin indfanger de sidste fine partikler og efterlader luften ren. Denne filtreringsteknologi garanterer en h\u00f8j separationseffektivitet p\u00e5 op til 99,995 %.      <\/p>\n\n\n\n<p>Hvad bruges de til? <strong>V\u00e5dudskillere<\/strong> i DUSTOMAT HYDRO-serien er designet til udsugning af meget brandfarlige stoffer eller i arbejdsprocesser med gnister. De er velegnede til udsugningssystemer med en eller flere stationer til metalst\u00f8v, f.eks. under <strong>slibning<\/strong>, <strong>b\u00f8rstning<\/strong> og <strong>polering<\/strong>. DUSTOMAT HYDRO overholder ogs\u00e5 ATEX-standarden for sikker og effektiv brug i eksplosive milj\u00f8er. Faktisk er disse <a href=\"https:\/\/obera.fr\/da\/produits\/depoussiereurs-industriels\/fixes\/\" data-type=\"page\" data-id=\"389\">faste v\u00e5de st\u00f8vopsamlere<\/a> meget popul\u00e6re i<strong>metal-<\/strong>, <strong>kemi-<\/strong> og <strong>f\u00f8devareindustrien<\/strong> samt i <strong>tr\u00e6- og h\u00e5ndv\u00e6rksindustrien<\/strong>.    <\/p>\n\n\n\n<div class=\"wp-block-columns is-layout-flex wp-container-core-columns-is-layout-28f84493 wp-block-columns-is-layout-flex\">\n<div class=\"wp-block-column is-layout-flow wp-block-column-is-layout-flow\" style=\"flex-basis:33.33%\">\n<div class=\"wp-block-buttons is-layout-flex wp-block-buttons-is-layout-flex\">\n<div class=\"wp-block-button\"><a class=\"wp-block-button__link wp-element-button\" href=\"https:\/\/obera.fr\/wp-content\/uploads\/2025\/04\/brochure-dustomat-hydro-en.pdf\">DOWNLOAD BROCHUREN<\/a><\/div>\n<\/div>\n<\/div>\n\n\n\n<div class=\"wp-block-column is-layout-flow wp-block-column-is-layout-flow\" style=\"flex-basis:33.34%\">\n<div class=\"wp-block-buttons is-horizontal is-content-justification-center is-layout-flex wp-container-core-buttons-is-layout-03627597 wp-block-buttons-is-layout-flex\">\n<div class=\"wp-block-button has-custom-width wp-block-button__width-100\"><a class=\"wp-block-button__link wp-element-button\" href=\"https:\/\/obera.fr\/da\/kontakt-os\/\">F\u00e5 flere oplysninger<\/a><\/div>\n<\/div>\n<\/div>\n\n\n\n<div class=\"wp-block-column is-layout-flow wp-block-column-is-layout-flow\" style=\"flex-basis:33.34%\">\n<div class=\"wp-block-buttons is-content-justification-center is-layout-flex wp-container-core-buttons-is-layout-a89b3969 wp-block-buttons-is-layout-flex\">\n<div class=\"wp-block-button btn-devis-source\"><a class=\"wp-block-button__link wp-element-button\" href=\"https:\/\/obera.fr\/da\/devis\/\">Anmod om et tilbud<\/a><\/div>\n<\/div>\n\n\n<script>\r\ndocument.addEventListener('DOMContentLoaded', function() {\r\n    \/\/ 1. On cherche le titre H1 de la page\r\n    var h1 = document.querySelector('h1');\r\n    var productTitle = h1 ? h1.innerText.trim() : \"\";\r\n\r\n    \/\/ 2. On cherche les boutons via la classe CSS .btn-devis-source\r\n    var buttons = document.querySelectorAll('.btn-devis-source a');\r\n\r\n    \/\/ 3. Si on a le titre et les boutons, on ajoute le param\u00e8tre\r\n    if (buttons.length > 0 && productTitle !== \"\") {\r\n        var encodedTitle = encodeURIComponent(productTitle);\r\n\r\n        buttons.forEach(function(btn) {\r\n            var currentHref = btn.getAttribute('href');\r\n            \r\n            \/\/ S\u00e9curit\u00e9 pour ne pas ajouter le param\u00e8tre 2 fois\r\n            if (currentHref.indexOf('sujet=') === -1) {\r\n                var separator = currentHref.indexOf('?') !== -1 ? '&' : '?';\r\n                var newLink = currentHref + separator + 'sujet=' + encodedTitle;\r\n                \r\n                btn.setAttribute('href', newLink);\r\n            }\r\n        });\r\n    }\r\n});\r\n<\/script><\/div>\n<\/div>\n<\/div>\n<\/div>\n\n\n\n<div style=\"height:30px\" aria-hidden=\"true\" class=\"wp-block-spacer\"><\/div>\n\n\n\n<h2 class=\"wp-block-heading\">Egenskaber ved DUSTOMAT HYDRO-v\u00e5dst\u00f8vopsamlere<\/h2>\n\n\n\n<p>DUSTOMAT HYDRO-serien omfatter <strong>4 modeller af<\/strong> v\u00e5de <strong>st\u00f8vopsamlere<\/strong> med kapaciteter fra <strong>2.300 til 10.000 m3\/t<\/strong>. De har alle en bred vifte af anvendelsesmuligheder til udsugning af metalsp\u00e5ner, svejser\u00f8g, aluminium-, st\u00e5l- og titaniumst\u00f8v samt til udsugning af eksplosive materialer <a href=\"https:\/\/obera.fr\/conseils\/zone-atex-norme-atex-bases-protection-contre-risque-explosion\/\" data-type=\"post\" data-id=\"17925\">(ATEX-kompatibel<\/a>, som ekstraudstyr) og gnistdannende metalst\u00f8v. Alsidigheden i denne serie g\u00f8r den s\u00e6rlig effektiv til udsugning af partikler, der genereres ved slibning, polering, savning, fr\u00e6sning og svejseprocesser.  <\/p>\n\n\n\n<p>Derudover er DUSTOMAT HYDRO en st\u00f8vopsamler, der virkelig kan tilpasses industriens behov. Ud over at v\u00e6re ATEX-kompatibel kan den leveres med mulighed for speciallakering og variabel <strong>sugedyseposition<\/strong>. Du kan ogs\u00e5 v\u00e6lge mellem forskellige filtermedier (f.eks. HEPA H 14-filter til kr\u00e6ftfremkaldende partikler). Derudover er <strong><a href=\"https:\/\/obera.fr\/da\/produits\/depoussiereurs-industriels\/\" data-type=\"page\" data-id=\"31\">industrielle st\u00f8vopsamlere<\/a><\/strong> i denne serie to effektniveauer, et konfigurerbart filtreringssystem (op til 4 filtreringsniveauer) og sensorer, der automatisk regulerer vandp\u00e5fyldningen.   <\/p>\n\n\n\n<p>En anden egenskab ved DUSTOMAT HYDRO-serien er <strong>lave vedligeholdelsesomkostninger<\/strong>, da systemet til filtrering af fine partikler er placeret nedstr\u00f8ms.<\/p>\n\n\n\n<blockquote class=\"wp-block-quote is-layout-flow wp-block-quote-is-layout-flow\">\n<p>Innovativ DUSTOMAT HYDRO-teknologi: Udskillelsessystemet baseret p\u00e5 en hydrocyklon g\u00f8r gnister og br\u00e6ndbart st\u00f8v n\u00e6sten helt uskadeligt lige fra det f\u00f8rste filtreringsniveau (98,7 % udskillelsesgrad). Selv de mindste partikelfraktioner p\u00e5 \u2265 15 \u00b5m bindes sikkert i vandturbulensrummet, hvilket g\u00f8r det muligt for OberA at tage kvaliteten af forsepareringen til et nyt niveau. Brugerne nyder godt af en betydelig effekt: Filtermedierne i det efterf\u00f8lgende t\u00f8rre separationssystem sk\u00e5nes, hvilket resulterer i en l\u00e6ngere levetid og lavere efterf\u00f8lgende omkostninger.  <\/p>\n<\/blockquote>\n\n\n\n<div class=\"wp-block-columns is-layout-flex wp-container-core-columns-is-layout-28f84493 wp-block-columns-is-layout-flex\">\n<div class=\"wp-block-column is-layout-flow wp-block-column-is-layout-flow\">\n<h3 class=\"wp-block-heading has-text-align-center\" id=\"industries\">Industrier<\/h3>\n\n\n\n<hr class=\"wp-block-separator has-css-opacity is-style-wide\"\/>\n\n\n\n<div class=\"wp-block-columns is-layout-flex wp-container-core-columns-is-layout-28f84493 wp-block-columns-is-layout-flex\">\n<div class=\"wp-block-column is-layout-flow wp-block-column-is-layout-flow\">\n<figure class=\"wp-block-image aligncenter size-full\"><img decoding=\"async\" width=\"150\" height=\"150\" src=\"https:\/\/obera.fr\/wp-content\/uploads\/2022\/02\/Metalurgie.png\" alt=\"metalbearbejdning\" class=\"wp-image-8857\"\/><figcaption class=\"wp-element-caption\">Metalbearbejdning<\/figcaption><\/figure>\n\n\n\n<figure class=\"wp-block-image aligncenter size-full\"><img decoding=\"async\" width=\"150\" height=\"150\" src=\"https:\/\/obera.fr\/wp-content\/uploads\/2022\/02\/Textile.png\" alt=\"tekstil\" class=\"wp-image-8855\"\/><figcaption class=\"wp-element-caption\">Tekstiler<\/figcaption><\/figure>\n<\/div>\n\n\n\n<div class=\"wp-block-column is-layout-flow wp-block-column-is-layout-flow\">\n<figure class=\"wp-block-image aligncenter size-full\"><img decoding=\"async\" width=\"150\" height=\"150\" src=\"https:\/\/obera.fr\/wp-content\/uploads\/2022\/02\/Chimie.png\" alt=\"Kemi\" class=\"wp-image-8846\"\/><figcaption class=\"wp-element-caption\">Kemi<\/figcaption><\/figure>\n\n\n\n<figure class=\"wp-block-image aligncenter size-full\"><img decoding=\"async\" width=\"150\" height=\"150\" src=\"https:\/\/obera.fr\/wp-content\/uploads\/2022\/02\/Plastique.png\" alt=\"plastik\" class=\"wp-image-8854\"\/><figcaption class=\"wp-element-caption\">Plastik<\/figcaption><\/figure>\n<\/div>\n\n\n\n<div class=\"wp-block-column is-layout-flow wp-block-column-is-layout-flow\">\n<figure class=\"wp-block-image aligncenter size-full\"><img decoding=\"async\" width=\"150\" height=\"150\" src=\"https:\/\/obera.fr\/wp-content\/uploads\/2022\/02\/MINERAIS.png\" alt=\"malme\" class=\"wp-image-8847\"\/><figcaption class=\"wp-element-caption\">Mineraler<\/figcaption><\/figure>\n\n\n\n<figure class=\"wp-block-image aligncenter size-full\"><img decoding=\"async\" width=\"150\" height=\"150\" src=\"https:\/\/obera.fr\/wp-content\/uploads\/2022\/02\/Papier-carton.png\" alt=\"papir og pap\" class=\"wp-image-8853\"\/><figcaption class=\"wp-element-caption\">Papir\/karton<\/figcaption><\/figure>\n<\/div>\n\n\n\n<div class=\"wp-block-column is-layout-flow wp-block-column-is-layout-flow\">\n<figure class=\"wp-block-image aligncenter size-full\"><img decoding=\"async\" width=\"150\" height=\"150\" src=\"https:\/\/obera.fr\/wp-content\/uploads\/2022\/02\/AGROALIMENTAIRE.png\" alt=\"landbrugsf\u00f8devarer\" class=\"wp-image-8844\"\/><figcaption class=\"wp-element-caption\">F\u00f8devareindustrien<\/figcaption><\/figure>\n<\/div>\n<\/div>\n<\/div>\n<\/div>\n\n\n\n<figure class=\"wp-block-table\"><table class=\"has-fixed-layout\"><tbody><tr><td><\/td><td><\/td><td><strong>DUSTOMAT HYDRO 2300<\/strong><\/td><td><strong>DUSTOMAT HYDRO 3500<\/strong><\/td><td><strong>DUSTOMAT HYDRO 6000<\/strong><\/td><td><strong>DUSTOMAT HYDRO 10000<\/strong><\/td><\/tr><tr><td>Flow<\/td><td>m3\/h<\/td><td>2 300<\/td><td>3 500<\/td><td>6 000<\/td><td>10 000<\/td><\/tr><tr><td>Maks. vakuum<\/td><td>Pa<\/td><td>2 500<\/td><td>3 400<\/td><td>3 950<\/td><td>4 800<\/td><\/tr><tr><td>Kraft<\/td><td>kW<\/td><td>3<\/td><td>5,5<\/td><td>7.5<\/td><td>15<\/td><\/tr><tr><td>Indl\u00f8bsdiameter<\/td><td>mm<\/td><td>180<\/td><td>224<\/td><td>280<\/td><td>400<\/td><\/tr><tr><td>Vandtilslutning<\/td><td>Tommer<\/td><td>3\/4<\/td><td>3\/4<\/td><td>3\/4<\/td><td>3\/4<\/td><\/tr><tr><td>Dimensioner<\/td><td>l\/L\/h (mm)<\/td><td>850x850x2600<\/td><td>850x850x2600<\/td><td>1350 x 1550 x 3400<\/td><td>1350 x 1550 x 3400<\/td><\/tr><tr><td>St\u00f8jniveau<\/td><td>dB(A)<\/td><td>70*<\/td><td>72*<\/td><td>73.4<\/td><td>76.1<\/td><\/tr><tr><td>V\u00e6gt<\/td><td>kg<\/td><td>340<\/td><td>380<\/td><td>750<\/td><td>870<\/td><\/tr><\/tbody><\/table><\/figure>\n\n\n\n<p>* uden lydisoleringspakke: 75 db(A)<\/p>\n\n\n\n<div class=\"wp-block-columns is-layout-flex wp-container-core-columns-is-layout-28f84493 wp-block-columns-is-layout-flex\">\n<div class=\"wp-block-column is-layout-flow wp-block-column-is-layout-flow\"><\/div>\n\n\n\n<div class=\"wp-block-column is-layout-flow wp-block-column-is-layout-flow\">\n<div class=\"wp-block-buttons is-content-justification-center is-layout-flex wp-container-core-buttons-is-layout-a89b3969 wp-block-buttons-is-layout-flex\">\n<div class=\"wp-block-button btn-devis-source\"><a class=\"wp-block-button__link wp-element-button\" href=\"https:\/\/obera.fr\/da\/devis\/\">Anmod om et tilbud<\/a><\/div>\n<\/div>\n\n\n<script>\r\ndocument.addEventListener('DOMContentLoaded', function() {\r\n    \/\/ 1. On cherche le titre H1 de la page\r\n    var h1 = document.querySelector('h1');\r\n    var productTitle = h1 ? h1.innerText.trim() : \"\";\r\n\r\n    \/\/ 2. On cherche les boutons via la classe CSS .btn-devis-source\r\n    var buttons = document.querySelectorAll('.btn-devis-source a');\r\n\r\n    \/\/ 3. Si on a le titre et les boutons, on ajoute le param\u00e8tre\r\n    if (buttons.length > 0 && productTitle !== \"\") {\r\n        var encodedTitle = encodeURIComponent(productTitle);\r\n\r\n        buttons.forEach(function(btn) {\r\n            var currentHref = btn.getAttribute('href');\r\n            \r\n            \/\/ S\u00e9curit\u00e9 pour ne pas ajouter le param\u00e8tre 2 fois\r\n            if (currentHref.indexOf('sujet=') === -1) {\r\n                var separator = currentHref.indexOf('?') !== -1 ? '&' : '?';\r\n                var newLink = currentHref + separator + 'sujet=' + encodedTitle;\r\n                \r\n                btn.setAttribute('href', newLink);\r\n            }\r\n        });\r\n    }\r\n});\r\n<\/script><\/div>\n\n\n\n<div class=\"wp-block-column is-layout-flow wp-block-column-is-layout-flow\">\n<div class=\"wp-block-buttons is-content-justification-center is-layout-flex wp-container-core-buttons-is-layout-a89b3969 wp-block-buttons-is-layout-flex\">\n<div class=\"wp-block-button\"><a class=\"wp-block-button__link wp-element-button\" href=\"https:\/\/obera.fr\/wp-content\/uploads\/2025\/04\/brochure-dustomat-hydro-en.pdf\">Download brochuren<\/a><\/div>\n<\/div>\n<\/div>\n\n\n\n<div class=\"wp-block-column is-layout-flow wp-block-column-is-layout-flow\"><\/div>\n<\/div>\n\n\n\n<h2 class=\"wp-block-heading\">DUSTOMAT HYDRO: Hvad er dens fordele?  <\/h2>\n\n\n\n<p>DUSTOMAT HYDRO-serien af st\u00f8vopsamlere l\u00f8ser det <strong>prim\u00e6re problem med luftkvaliteten i industrien<\/strong> ved at forbedre produktionsholdenes sundhed og sikkerhed. <strong>Reduktion af eksponering for fint st\u00f8v<\/strong> og forurenende stoffer, forbedring af luftkvaliteten i v\u00e6rkstedet &#8230; At v\u00e6lge en v\u00e5d st\u00f8vopsamler betyder at skabe et sundere og mere behageligt arbejdsmilj\u00f8 samt at overholde g\u00e6ldende milj\u00f8standarder. For at \u00f8ge brugerkomforten er modellerne i denne serie kompakte og st\u00f8jsvage. Hvis pladsen er et problem, kan enheden installeres indend\u00f8rs eller udend\u00f8rs.  <\/p>\n\n\n\n<p>Med hensyn til sikkerhed <strong>g\u00f8r<\/strong> den innovative hydrocyklonteknologi <strong>arbejdsstationer s\u00e5 sikre som muligt p\u00e5<\/strong> to m\u00e5der: ved at reducere risikoen for brand for\u00e5rsaget af st\u00f8v og ved at forhindre st\u00f8v i at samle sig p\u00e5 udstyr og beskadige maskiner.<\/p>\n\n\n\n<p>Hvad ang\u00e5r den investering, der kr\u00e6ves af producenterne, <strong>er systemet designet til at forbruge lidt vandenergi<\/strong>, hvilket betyder besparelser p\u00e5 din energiregning.<\/p>\n\n\n\n<div class=\"wp-block-columns is-layout-flex wp-container-core-columns-is-layout-28f84493 wp-block-columns-is-layout-flex\">\n<div class=\"wp-block-column is-layout-flow wp-block-column-is-layout-flow\">\n<h3 class=\"wp-block-heading\">Fordele :<\/h3>\n\n\n\n<ul class=\"wp-block-list\">\n<li>\u00d8get sikkerhed, selv i eksplosive milj\u00f8er;<\/li>\n\n\n\n<li>Lavt energi- og vandforbrug takket v\u00e6re vandregulering;<\/li>\n\n\n\n<li>Nem at bruge med sin touch screen;<\/li>\n\n\n\n<li><strong> <\/strong>Nem at bruge og vedligeholde, lave driftsomkostninger.<\/li>\n<\/ul>\n<\/div>\n\n\n\n<div class=\"wp-block-column is-layout-flow wp-block-column-is-layout-flow\">\n<h3 class=\"wp-block-heading\">S\u00e6rlige funktioner:<\/h3>\n\n\n\n<ul class=\"wp-block-list\">\n<li>Et h\u00f8jtydende separationssystem p\u00e5 flere niveauer til fint st\u00f8v, br\u00e6ndbart st\u00f8v og gnister;<\/li>\n\n\n\n<li>Separationseffektivitet p\u00e5 op til 99,995% ;<\/li>\n\n\n\n<li>Udsugning med \u00e9n eller flere stationer.<\/li>\n<\/ul>\n<\/div>\n\n\n\n<div class=\"wp-block-column is-layout-flow wp-block-column-is-layout-flow\">\n<h3 class=\"wp-block-heading\">Funktioner :<\/h3>\n\n\n\n<ul class=\"wp-block-list\">\n<li>Opfylder ATEX-standarden ;<\/li>\n\n\n\n<li>St\u00f8jsvag drift ;<\/li>\n\n\n\n<li>Valgfrit: recirkulationsdrift (reducerer varmeomkostningerne).<\/li>\n<\/ul>\n<\/div>\n<\/div>\n\n\n\n<div class=\"wp-block-columns is-layout-flex wp-container-core-columns-is-layout-28f84493 wp-block-columns-is-layout-flex\">\n<div class=\"wp-block-column is-layout-flow wp-block-column-is-layout-flow\">\n<figure class=\"wp-block-image size-full is-resized\"><img decoding=\"async\" width=\"600\" height=\"600\" src=\"https:\/\/obera.fr\/wp-content\/uploads\/2022\/11\/norme-atex.jpg\" alt=\"atex standard\" class=\"wp-image-15992\" style=\"width:300px;height:300px\" srcset=\"https:\/\/obera.fr\/wp-content\/uploads\/2022\/11\/norme-atex.jpg 600w, https:\/\/obera.fr\/wp-content\/uploads\/2022\/11\/norme-atex-300x300.jpg 300w, https:\/\/obera.fr\/wp-content\/uploads\/2022\/11\/norme-atex-150x150.jpg 150w\" sizes=\"(max-width: 600px) 100vw, 600px\" \/><\/figure>\n<\/div>\n\n\n\n<div class=\"wp-block-column is-layout-flow wp-block-column-is-layout-flow\">\n<figure class=\"wp-block-image size-full is-resized\"><img decoding=\"async\" width=\"600\" height=\"600\" src=\"https:\/\/obera.fr\/wp-content\/uploads\/2022\/11\/dustomat-hydro-2.jpg\" alt=\"dustomat hydro 2\" class=\"wp-image-15995\" style=\"width:300px;height:300px\" srcset=\"https:\/\/obera.fr\/wp-content\/uploads\/2022\/11\/dustomat-hydro-2.jpg 600w, https:\/\/obera.fr\/wp-content\/uploads\/2022\/11\/dustomat-hydro-2-300x300.jpg 300w, https:\/\/obera.fr\/wp-content\/uploads\/2022\/11\/dustomat-hydro-2-150x150.jpg 150w\" sizes=\"(max-width: 600px) 100vw, 600px\" \/><\/figure>\n<\/div>\n\n\n\n<div class=\"wp-block-column is-layout-flow wp-block-column-is-layout-flow\">\n<figure class=\"wp-block-image size-full is-resized\"><img decoding=\"async\" width=\"600\" height=\"600\" src=\"https:\/\/obera.fr\/wp-content\/uploads\/2022\/11\/vanne-de-vidange.jpg\" alt=\"afl\u00f8bsventil\" class=\"wp-image-15998\" style=\"width:300px;height:300px\" srcset=\"https:\/\/obera.fr\/wp-content\/uploads\/2022\/11\/vanne-de-vidange.jpg 600w, https:\/\/obera.fr\/wp-content\/uploads\/2022\/11\/vanne-de-vidange-300x300.jpg 300w, https:\/\/obera.fr\/wp-content\/uploads\/2022\/11\/vanne-de-vidange-150x150.jpg 150w\" sizes=\"(max-width: 600px) 100vw, 600px\" \/><\/figure>\n<\/div>\n<\/div>\n\n\n\n<div class=\"wp-block-buttons is-content-justification-center is-layout-flex wp-container-core-buttons-is-layout-a89b3969 wp-block-buttons-is-layout-flex\">\n<div class=\"wp-block-button\"><a class=\"wp-block-button__link wp-element-button\" href=\"https:\/\/obera.fr\/da\/contact\/\">Test af DUSTOMAT HYDRO<\/a><\/div>\n<\/div>\n","protected":false},"excerpt":{"rendered":"<p>Oplev vores udvalg af DUSTOMAT HYDRO-v\u00e5dvaskere, der kombinerer ydeevne og effektivitet til udsugning af letant\u00e6ndelige stoffer. DUSTOMAT HYDRO industriel st\u00f8vopsamler: hvordan fungerer den, og hvordan bruger man den? Den st\u00f8rste styrke ved DUSTOMAT HYDRO-serien er dens innovative flertrinsudskillelsesteknologi til opsamling af st\u00f8v og gnister. Forurenet luft suges ind af en ventilator, der er indbygget i st\u00f8vopsamleren. Lufthastigheden reduceres, s\u00e5 de tunge partikler falder ned i en opsamlingstank: Dette er det f\u00f8rste trin i forsepareringen af partiklerne. Luften passerer derefter gennem en hydrocyklon, som bruger centrifugalkraft til at adskille de fine partikler fra vandet. Disse partikler fanges i vandet, og gnisterne &#8230; <\/p>\n<p class=\"read-more-container\"><a title=\"DUSTOMAT HYDRO: fastmonteret v\u00e5d st\u00f8vopsamler\" class=\"read-more button\" href=\"https:\/\/obera.fr\/da\/produits\/depoussiereurs-industriels\/fixes\/depoussiereur-a-voie-humide-dustomat-hydro\/#more-50941\" aria-label=\"Read more about DUSTOMAT HYDRO: fastmonteret v\u00e5d st\u00f8vopsamler\">Lire la suite<\/a><\/p>\n","protected":false},"author":4,"featured_media":83735,"parent":52134,"menu_order":0,"comment_status":"closed","ping_status":"closed","template":"","meta":{"_acf_changed":false,"_seopress_robots_primary_cat":"","_seopress_titles_title":"DUSTOMAT HYDRO v\u00e5dvasker fra oberA","_seopress_titles_desc":"Oplev vores udvalg af DUSTOMAT HYDRO-v\u00e5dvaskere, der kombinerer ydeevne og effektivitet til udsugning af letant\u00e6ndelige stoffer.","_seopress_robots_index":"","footnotes":""},"class_list":{"0":"post-50941","1":"page","2":"type-page","3":"status-publish","4":"has-post-thumbnail","6":"no-featured-image-padding","7":"resize-featured-image"},"acf":[],"_links":{"self":[{"href":"https:\/\/obera.fr\/da\/wp-json\/wp\/v2\/pages\/50941","targetHints":{"allow":["GET"]}}],"collection":[{"href":"https:\/\/obera.fr\/da\/wp-json\/wp\/v2\/pages"}],"about":[{"href":"https:\/\/obera.fr\/da\/wp-json\/wp\/v2\/types\/page"}],"author":[{"embeddable":true,"href":"https:\/\/obera.fr\/da\/wp-json\/wp\/v2\/users\/4"}],"replies":[{"embeddable":true,"href":"https:\/\/obera.fr\/da\/wp-json\/wp\/v2\/comments?post=50941"}],"version-history":[{"count":11,"href":"https:\/\/obera.fr\/da\/wp-json\/wp\/v2\/pages\/50941\/revisions"}],"predecessor-version":[{"id":91994,"href":"https:\/\/obera.fr\/da\/wp-json\/wp\/v2\/pages\/50941\/revisions\/91994"}],"up":[{"embeddable":true,"href":"https:\/\/obera.fr\/da\/wp-json\/wp\/v2\/pages\/52134"}],"wp:featuredmedia":[{"embeddable":true,"href":"https:\/\/obera.fr\/da\/wp-json\/wp\/v2\/media\/83735"}],"wp:attachment":[{"href":"https:\/\/obera.fr\/da\/wp-json\/wp\/v2\/media?parent=50941"}],"curies":[{"name":"wp","href":"https:\/\/api.w.org\/{rel}","templated":true}]}}