{"id":51427,"date":"2021-09-17T09:11:07","date_gmt":"2021-09-17T07:11:07","guid":{"rendered":"https:\/\/obera.fr\/obcare-co2-sensor\/"},"modified":"2025-06-03T15:04:54","modified_gmt":"2025-06-03T13:04:54","slug":"capteur-co2-obcare","status":"publish","type":"page","link":"https:\/\/obera.fr\/da\/produits\/analyseurs-air\/capteur-co2-obcare\/","title":{"rendered":"OBCARE CO2-sensor"},"content":{"rendered":"\n<h2 class=\"wp-block-heading\">M\u00e5ling af luftkvalitet med trafiklys<\/h2>\n\n\n\n<div class=\"wp-block-columns is-layout-flex wp-container-core-columns-is-layout-28f84493 wp-block-columns-is-layout-flex\">\n<div class=\"wp-block-column is-layout-flow wp-block-column-is-layout-flow\" style=\"flex-basis:33.33%\">\n<figure class=\"wp-block-image aligncenter size-full is-resized\"><img decoding=\"async\" width=\"300\" height=\"212\" src=\"https:\/\/obera.fr\/wp-content\/uploads\/2021\/11\/Capteur_CO2_OBCARE.png\" alt=\"obcare co2-sensor\" class=\"wp-image-7611\" style=\"width:300px;height:212px\"\/><figcaption class=\"wp-element-caption\">OBCARE<\/figcaption><\/figure>\n<\/div>\n\n\n\n<div class=\"wp-block-column is-vertically-aligned-center is-layout-flow wp-block-column-is-layout-flow\" style=\"flex-basis:66.66%\">\n<p><strong>OBCARE <\/strong>CO2-sensoren overv\u00e5ger luftkvaliteten i lukkede rum i realtid. Dens flerfarvede display med advarselslamper giver et \u00f8jeblikkeligt overblik over luftkvaliteten og viser <strong>koncentrationen af CO2 i ppm.<\/strong> Disse lys giver klare visuelle signaler og g\u00f8r brugerne opm\u00e6rksomme p\u00e5, hvad de skal g\u00f8re: <strong>rense luften <\/strong>ved at installere mobile luftrensningsenheder og\/eller <strong>ventilere naturligt<\/strong>.  <\/p>\n\n\n\n<div class=\"wp-block-columns is-layout-flex wp-container-core-columns-is-layout-28f84493 wp-block-columns-is-layout-flex\">\n<div class=\"wp-block-column is-layout-flow wp-block-column-is-layout-flow\" style=\"flex-basis:33.34%\">\n<div class=\"wp-block-buttons is-content-justification-center is-layout-flex wp-container-core-buttons-is-layout-a89b3969 wp-block-buttons-is-layout-flex\">\n<div class=\"wp-block-button\"><a class=\"wp-block-button__link wp-element-button\" href=\"https:\/\/obera.fr\/wp-content\/uploads\/2025\/06\/en-brochure-obcare.pdf\">Download brochuren<\/a><\/div>\n<\/div>\n<\/div>\n\n\n\n<div class=\"wp-block-column is-layout-flow wp-block-column-is-layout-flow\" style=\"flex-basis:33.34%\">\n<div class=\"wp-block-buttons is-horizontal is-content-justification-center is-layout-flex wp-container-core-buttons-is-layout-03627597 wp-block-buttons-is-layout-flex\">\n<div class=\"wp-block-button\"><a class=\"wp-block-button__link wp-element-button\" href=\"https:\/\/boutique.obera.fr\/52-acheter-capteur-co2-obcare.html\" target=\"_blank\" rel=\"noreferrer noopener\">K\u00f8b OBCARE CO2-sensor  <\/a><\/div>\n<\/div>\n<\/div>\n\n\n\n<div class=\"wp-block-column is-layout-flow wp-block-column-is-layout-flow\" style=\"flex-basis:33.33%\">\n<div class=\"wp-block-buttons is-content-justification-center is-layout-flex wp-container-core-buttons-is-layout-a89b3969 wp-block-buttons-is-layout-flex\">\n<div class=\"wp-block-button btn-devis-source\"><a class=\"wp-block-button__link wp-element-button\" href=\"https:\/\/obera.fr\/da\/devis\/\">Anmod om et tilbud<\/a><\/div>\n<\/div>\n\n\n<script>\r\ndocument.addEventListener('DOMContentLoaded', function() {\r\n    \/\/ 1. On cherche le titre H1 de la page\r\n    var h1 = document.querySelector('h1');\r\n    var productTitle = h1 ? h1.innerText.trim() : \"\";\r\n\r\n    \/\/ 2. On cherche les boutons via la classe CSS .btn-devis-source\r\n    var buttons = document.querySelectorAll('.btn-devis-source a');\r\n\r\n    \/\/ 3. Si on a le titre et les boutons, on ajoute le param\u00e8tre\r\n    if (buttons.length > 0 && productTitle !== \"\") {\r\n        var encodedTitle = encodeURIComponent(productTitle);\r\n\r\n        buttons.forEach(function(btn) {\r\n            var currentHref = btn.getAttribute('href');\r\n            \r\n            \/\/ S\u00e9curit\u00e9 pour ne pas ajouter le param\u00e8tre 2 fois\r\n            if (currentHref.indexOf('sujet=') === -1) {\r\n                var separator = currentHref.indexOf('?') !== -1 ? '&' : '?';\r\n                var newLink = currentHref + separator + 'sujet=' + encodedTitle;\r\n                \r\n                btn.setAttribute('href', newLink);\r\n            }\r\n        });\r\n    }\r\n});\r\n<\/script><\/div>\n<\/div>\n<\/div>\n<\/div>\n\n\n\n<h2 class=\"wp-block-heading\">Fordelene ved OBCARE<\/h2>\n\n\n\n<div class=\"wp-block-columns is-layout-flex wp-container-core-columns-is-layout-28f84493 wp-block-columns-is-layout-flex\">\n<div class=\"wp-block-column is-layout-flow wp-block-column-is-layout-flow\">\n<h3 class=\"wp-block-heading has-text-align-left\">CO2-kapsel<\/h3>\n\n\n\n<p><strong>OBCARE <\/strong>CO2-sensoren m\u00e5ler luftkvaliteten kontinuerligt. Oplysningerne vises i ppm i realtid. Enheden er nem at s\u00e6tte op og flytte rundt p\u00e5.    <\/p>\n<\/div>\n\n\n\n<div class=\"wp-block-column is-layout-flow wp-block-column-is-layout-flow\">\n<h3 class=\"wp-block-heading has-text-align-left\">EKSEMPLER P\u00c5 INDUSTRIER<\/h3>\n\n\n\n<ul class=\"wp-block-list\">\n<li>ERP<\/li>\n\n\n\n<li>Kontorer<\/li>\n\n\n\n<li>Sportshaller  <\/li>\n\n\n\n<li>Ventev\u00e6relser<\/li>\n\n\n\n<li>Skoler<\/li>\n\n\n\n<li>\u00c5bne pladser<\/li>\n\n\n\n<li>Aktier<\/li>\n<\/ul>\n<\/div>\n<\/div>\n\n\n\n<h2 class=\"wp-block-heading\">Typer af samlinger<\/h2>\n\n\n\n<p>Luftkvalitetsm\u00e5leren kan monteres p\u00e5 et bord eller en v\u00e6g. Dens stativ i rustfrit st\u00e5l<strong>(f\u00e5s som ekstraudstyr)<\/strong> g\u00f8r det muligt at placere den optimalt i rummet. En god placering er afg\u00f8rende og vil have indflydelse p\u00e5 m\u00e5lingernes repr\u00e6sentativitet. Undg\u00e5 is\u00e6r at placere sensorerne p\u00e5 vinduer eller i umiddelbar n\u00e6rhed.   <\/p>\n\n\n\n<blockquote class=\"wp-block-quote is-layout-flow wp-block-quote-is-layout-flow\">\n<p>Vi anbefaler <strong>at installere en CO2-sensor pr. 40 m\u00b2.<\/strong><\/p>\n<\/blockquote>\n\n\n\n<div class=\"wp-block-buttons is-horizontal is-content-justification-center is-layout-flex wp-container-core-buttons-is-layout-03627597 wp-block-buttons-is-layout-flex\">\n<div class=\"wp-block-button has-custom-width wp-block-button__width-100\"><a class=\"wp-block-button__link wp-element-button\" href=\"https:\/\/obera.fr\/da\/kontakt-os\/\">F\u00e5 flere oplysninger<\/a><\/div>\n<\/div>\n\n\n\n<h2 class=\"wp-block-heading\">Tekniske specifikationer<\/h2>\n\n\n\n<figure class=\"wp-block-table\"><table class=\"has-fixed-layout\"><tbody><tr><td>CO2-sensor<\/td><td>NDIR-teknologi (ikke-dispersiv infrar\u00f8d sensor) med automatisk kalibrering<br>M\u00e5leomr\u00e5de: 0 til 5000 ppm (+- 60ppm)<\/td><\/tr><tr><td>Fugt- og temperatursensor<\/td><td>Valgfrit<\/td><\/tr><tr><td>Gr\u00f8nt\/gult\/r\u00f8dt trafiklys-display<\/td><td>Gr\u00f8n: &lt; 800 ppm<br>Gul: 800 &#8211; 2000 ppm<br>R\u00f8d &gt; 2000 ppm<\/td><\/tr><tr><td>H\u00f8rbar alarm<\/td><td>Option<br>Alarmen lyder hvert minut, n\u00e5r t\u00e6rsklen overskrides.<\/td><\/tr><tr><td>Str\u00f8mkabel<\/td><td>12 V str\u00f8mforsyning med EU-stik medf\u00f8lger (l\u00e6ngde: 1,5 meter)<\/td><\/tr><tr><td>Str\u00f8mforsyning<\/td><td>12V &#8211; 34V AC\/DC<\/td><\/tr><tr><td>Str\u00f8mforbrug<\/td><td>40 &#8211; 80 mA<\/td><\/tr><tr><td>Fysiske st\u00f8rrelser m\u00e5lt<\/td><td>CO2 i ppm<\/td><\/tr><tr><td>Boks<\/td><td>ABS-skal, hvid RAL 9010<br>Huller til v\u00e6gmontering<br>M\u00e5l 87,5 x 87,5 x 30 mm<\/td><\/tr><tr><td>Stativ til bordmontering<\/td><td>Valgfrit displaystativ<br>Fod i rustfrit st\u00e5l<\/td><\/tr><tr><td>Beskyttelsesklasse<\/td><td>IP30<\/td><\/tr><\/tbody><\/table><\/figure>\n\n\n\n<div style=\"height:25px\" aria-hidden=\"true\" class=\"wp-block-spacer\"><\/div>\n\n\n\n<h2 class=\"wp-block-heading\">Andre OberA luftanalysatorer<\/h2>\n\n\n\n<div class=\"wp-block-columns is-layout-flex wp-container-core-columns-is-layout-28f84493 wp-block-columns-is-layout-flex\">\n<div class=\"wp-block-column is-layout-flow wp-block-column-is-layout-flow\">\n<figure class=\"wp-block-image aligncenter size-thumbnail is-resized\"><a href=\"https:\/\/obera.fr\/produits\/analyseurs-air\/compteur-particules\/\"><img decoding=\"async\" width=\"150\" height=\"150\" src=\"https:\/\/obera.fr\/wp-content\/uploads\/2020\/08\/compteur-de-particules-150x150.png\" alt=\"Partikelt\u00e6ller Trotec PC220 - Partikelt\u00e6ller\" class=\"wp-image-714\" style=\"width:150px;height:150px\" srcset=\"https:\/\/obera.fr\/wp-content\/uploads\/2020\/08\/compteur-de-particules-150x150.png 150w, https:\/\/obera.fr\/wp-content\/uploads\/2020\/08\/compteur-de-particules-300x300.png 300w, https:\/\/obera.fr\/wp-content\/uploads\/2020\/08\/compteur-de-particules.png 433w\" sizes=\"(max-width: 150px) 100vw, 150px\" \/><\/a><figcaption class=\"wp-element-caption\">Partikelm\u00e5ler<\/figcaption><\/figure>\n<\/div>\n<\/div>\n","protected":false},"excerpt":{"rendered":"<p>M\u00e5ling af luftkvalitet med trafiklys OBCARE CO2-sensoren overv\u00e5ger luftkvaliteten i lukkede rum i realtid. Dens flerfarvede display med advarselslamper giver et \u00f8jeblikkeligt overblik over luftkvaliteten og viser koncentrationen af CO2 i ppm. Disse lys giver klare visuelle signaler og g\u00f8r brugerne opm\u00e6rksomme p\u00e5, hvad de skal g\u00f8re: rense luften ved at installere mobile luftrensningsenheder og\/eller ventilere naturligt. Fordelene ved OBCARE CO2-kapsel OBCARE CO2-sensoren m\u00e5ler luftkvaliteten kontinuerligt. Oplysningerne vises i ppm i realtid. Enheden er nem at s\u00e6tte op og flytte rundt p\u00e5. EKSEMPLER P\u00c5 INDUSTRIER Typer af samlinger Luftkvalitetsm\u00e5leren kan monteres p\u00e5 et bord eller en v\u00e6g. Dens stativ i &#8230; <\/p>\n<p class=\"read-more-container\"><a title=\"OBCARE CO2-sensor\" class=\"read-more button\" href=\"https:\/\/obera.fr\/da\/produits\/analyseurs-air\/capteur-co2-obcare\/#more-51427\" aria-label=\"Read more about OBCARE CO2-sensor\">Lire la suite<\/a><\/p>\n","protected":false},"author":4,"featured_media":83735,"parent":52147,"menu_order":0,"comment_status":"closed","ping_status":"closed","template":"","meta":{"_acf_changed":false,"_seopress_robots_primary_cat":"","_seopress_titles_title":"OBCARE CO2-sensor til m\u00e5ling af luftkvalitet","_seopress_titles_desc":"Oplev vores CO2-sensor, der er ideel til at supplere en behandling mod covid-19. Viser CO2-niveauer i ppm og giver oplysninger om luftkvalitet i realtid.","_seopress_robots_index":"","footnotes":""},"class_list":{"0":"post-51427","1":"page","2":"type-page","3":"status-publish","4":"has-post-thumbnail","6":"no-featured-image-padding","7":"resize-featured-image"},"acf":[],"_links":{"self":[{"href":"https:\/\/obera.fr\/da\/wp-json\/wp\/v2\/pages\/51427","targetHints":{"allow":["GET"]}}],"collection":[{"href":"https:\/\/obera.fr\/da\/wp-json\/wp\/v2\/pages"}],"about":[{"href":"https:\/\/obera.fr\/da\/wp-json\/wp\/v2\/types\/page"}],"author":[{"embeddable":true,"href":"https:\/\/obera.fr\/da\/wp-json\/wp\/v2\/users\/4"}],"replies":[{"embeddable":true,"href":"https:\/\/obera.fr\/da\/wp-json\/wp\/v2\/comments?post=51427"}],"version-history":[{"count":4,"href":"https:\/\/obera.fr\/da\/wp-json\/wp\/v2\/pages\/51427\/revisions"}],"predecessor-version":[{"id":108430,"href":"https:\/\/obera.fr\/da\/wp-json\/wp\/v2\/pages\/51427\/revisions\/108430"}],"up":[{"embeddable":true,"href":"https:\/\/obera.fr\/da\/wp-json\/wp\/v2\/pages\/52147"}],"wp:featuredmedia":[{"embeddable":true,"href":"https:\/\/obera.fr\/da\/wp-json\/wp\/v2\/media\/83735"}],"wp:attachment":[{"href":"https:\/\/obera.fr\/da\/wp-json\/wp\/v2\/media?parent=51427"}],"curies":[{"name":"wp","href":"https:\/\/api.w.org\/{rel}","templated":true}]}}