{"id":51520,"date":"2021-02-02T16:59:47","date_gmt":"2021-02-02T14:59:47","guid":{"rendered":"https:\/\/obera.fr\/estmac-toer-stoevopsamler\/"},"modified":"2025-04-25T15:34:42","modified_gmt":"2025-04-25T13:34:42","slug":"depoussiereur-a-sec-estmac","status":"publish","type":"page","link":"https:\/\/obera.fr\/da\/produits\/depoussiereurs-industriels\/fixes\/depoussiereur-a-sec-estmac\/","title":{"rendered":"ESTMAC t\u00f8r st\u00f8vopsamler"},"content":{"rendered":"\n<p>ESTMAC er en serie af <a href=\"https:\/\/obera.fr\/da\/produits\/depoussiereurs-industriels\/\" data-type=\"page\" data-id=\"389\">faste, kompakte st\u00f8vopsamlere<\/a>, der tilbyder en billig l\u00f8sning til opsugning af sm\u00e5 og mellemstore m\u00e6ngder <strong>st\u00f8v og sp\u00e5ner<\/strong>.  <\/p>\n\n\n\n<h2 class=\"wp-block-heading\" id=\"qu-est-ce-que-le-depoussiereur-estmac\">Hvad er ESTMAC-st\u00f8vopsamleren?<\/h2>\n\n\n\n<div class=\"wp-block-columns is-layout-flex wp-container-core-columns-is-layout-28f84493 wp-block-columns-is-layout-flex\">\n<div class=\"wp-block-column is-layout-flow wp-block-column-is-layout-flow\" style=\"flex-basis:33.33%\">\n<figure class=\"wp-block-image aligncenter size-medium\"><img decoding=\"async\" width=\"300\" height=\"264\" src=\"https:\/\/obera.fr\/wp-content\/uploads\/2021\/02\/Depoussiereur-fixe-ESTMAC-300x264.png\" alt=\"Estmac fastmonteret st\u00f8vopsamler\" class=\"wp-image-4475\" srcset=\"https:\/\/obera.fr\/wp-content\/uploads\/2021\/02\/Depoussiereur-fixe-ESTMAC-300x264.png 300w, https:\/\/obera.fr\/wp-content\/uploads\/2021\/02\/Depoussiereur-fixe-ESTMAC.png 480w\" sizes=\"(max-width: 300px) 100vw, 300px\" \/><\/figure>\n<\/div>\n\n\n\n<div class=\"wp-block-column is-vertically-aligned-center is-layout-flow wp-block-column-is-layout-flow\" style=\"flex-basis:66.66%\">\n<p>St\u00f8vopsamlere opsuger <strong>t\u00f8rt og afstr\u00f8mmet<\/strong> st\u00f8v og har en lang r\u00e6kke anvendelsesmuligheder inden for mange sektorer.  <\/p>\n\n\n\n<p>Takket v\u00e6re deres <strong>kompakte dimensioner<\/strong> kan ESTMAC t\u00f8rre st\u00f8vopsamlere installeres fleksibelt p\u00e5 skiftende steder.<\/p>\n\n\n\n<p>De er udstyret med <strong>reng\u00f8ringsvenlige filterpatroner i st\u00f8vklasse &#8220;M&#8221;,<\/strong> hvilket svarer til en <strong>partikeludskillelseseffektivitet p\u00e5 99,9 %.<\/strong> Den integrerede forudskiller forl\u00e6nger filterpatronernes levetid ved at udskille grove partikler p\u00e5 forh\u00e5nd. Det reducerer eksponeringen af filtrene, som kun skal filtrere det fineste st\u00f8v.  <\/p>\n\n\n\n<p>Den bev\u00e6gelige st\u00f8vopsamlingsbakke kan bruges til at<strong> fjerne snavs nemt<\/strong> og sikkert. Den lydisolerede ventilatorenhed er designet til <strong>maksimal luftstr\u00f8m med minimal st\u00f8j.<\/strong> Det sikrer lav driftsst\u00f8j.  <\/p>\n<\/div>\n<\/div>\n\n\n\n<div class=\"wp-block-columns is-layout-flex wp-container-core-columns-is-layout-28f84493 wp-block-columns-is-layout-flex\">\n<div class=\"wp-block-column is-layout-flow wp-block-column-is-layout-flow\" style=\"flex-basis:33.33%\"><\/div>\n\n\n\n<div class=\"wp-block-column is-layout-flow wp-block-column-is-layout-flow\" style=\"flex-basis:33.34%\">\n<div class=\"wp-block-buttons is-horizontal is-content-justification-center is-layout-flex wp-container-core-buttons-is-layout-03627597 wp-block-buttons-is-layout-flex\">\n<div class=\"wp-block-button has-custom-width wp-block-button__width-100\"><a class=\"wp-block-button__link wp-element-button\" href=\"https:\/\/obera.fr\/da\/kontakt-os\/\">F\u00e5 flere oplysninger<\/a><\/div>\n<\/div>\n\n\n\n<p><\/p>\n\n\n\n<div class=\"wp-block-buttons is-content-justification-center is-layout-flex wp-container-core-buttons-is-layout-a89b3969 wp-block-buttons-is-layout-flex\">\n<div class=\"wp-block-button\"><a class=\"wp-block-button__link wp-element-button\" href=\"https:\/\/obera.fr\/wp-content\/uploads\/2025\/04\/brochure-estmac-en.pdf\">DOWNLOAD BROCHUREN<\/a><\/div>\n<\/div>\n<\/div>\n\n\n\n<div class=\"wp-block-column is-layout-flow wp-block-column-is-layout-flow\" style=\"flex-basis:33.34%\">\n<div class=\"wp-block-buttons is-content-justification-center is-layout-flex wp-container-core-buttons-is-layout-a89b3969 wp-block-buttons-is-layout-flex\">\n<div class=\"wp-block-button btn-devis-source\"><a class=\"wp-block-button__link wp-element-button\" href=\"https:\/\/obera.fr\/da\/devis\/\">Anmod om et tilbud<\/a><\/div>\n<\/div>\n\n\n<script>\r\ndocument.addEventListener('DOMContentLoaded', function() {\r\n    \/\/ 1. On cherche le titre H1 de la page\r\n    var h1 = document.querySelector('h1');\r\n    var productTitle = h1 ? h1.innerText.trim() : \"\";\r\n\r\n    \/\/ 2. On cherche les boutons via la classe CSS .btn-devis-source\r\n    var buttons = document.querySelectorAll('.btn-devis-source a');\r\n\r\n    \/\/ 3. Si on a le titre et les boutons, on ajoute le param\u00e8tre\r\n    if (buttons.length > 0 && productTitle !== \"\") {\r\n        var encodedTitle = encodeURIComponent(productTitle);\r\n\r\n        buttons.forEach(function(btn) {\r\n            var currentHref = btn.getAttribute('href');\r\n            \r\n            \/\/ S\u00e9curit\u00e9 pour ne pas ajouter le param\u00e8tre 2 fois\r\n            if (currentHref.indexOf('sujet=') === -1) {\r\n                var separator = currentHref.indexOf('?') !== -1 ? '&' : '?';\r\n                var newLink = currentHref + separator + 'sujet=' + encodedTitle;\r\n                \r\n                btn.setAttribute('href', newLink);\r\n            }\r\n        });\r\n    }\r\n});\r\n<\/script><\/div>\n<\/div>\n\n\n\n<h2 class=\"wp-block-heading\" id=\"pour-quelles-utilisations\">Til hvilke form\u00e5l?<\/h2>\n\n\n\n<p>De <a href=\"https:\/\/obera.fr\/da\/produits\/depoussiereurs-industriels\/petits\/\">sm\u00e5<\/a><strong> <\/strong>st\u00f8vopsamlere er designet til effektivt at opsuge sm\u00e5 til mellemstore m\u00e6ngder metalst\u00f8v og -sp\u00e5ner, plastst\u00f8v og -sp\u00e5ner, mineralst\u00f8v, luftb\u00e5ret st\u00f8v og st\u00f8v fra kompositmaterialer.<\/p>\n\n\n\n<blockquote class=\"wp-block-quote is-layout-flow wp-block-quote-is-layout-flow\">\n<p>Disse faste st\u00f8vsugere kan tilsluttes direkte til <strong>en eller flere arbejdsstationer<\/strong> eller til <strong>en eller flere produktionsmaskiner<\/strong>. De kan ogs\u00e5 udstyres med en <strong> <\/strong><a href=\"https:\/\/obera.fr\/da\/produits\/bras-dispositifs-captation\/capot-industriel\/\">sugearm<\/a> i tilf\u00e6lde af kildesug.<\/p>\n<\/blockquote>\n\n\n\n<p>Disse forurenende stoffer genereres generelt under savning, sk\u00e6ring, bearbejdning, fr\u00e6sning, slibning, polering eller under adskillelse eller dekantering af materialer.  <\/p>\n\n\n\n<div class=\"wp-block-columns is-layout-flex wp-container-core-columns-is-layout-28f84493 wp-block-columns-is-layout-flex\">\n<div class=\"wp-block-column is-layout-flow wp-block-column-is-layout-flow\">\n<h3 class=\"wp-block-heading has-text-align-center\" id=\"polluants\">FORURENENDE STOFFER<\/h3>\n\n\n\n<hr class=\"wp-block-separator has-css-opacity aligncenter is-style-wide\"\/>\n\n\n\n<div style=\"height:20px\" aria-hidden=\"true\" class=\"wp-block-spacer\"><\/div>\n\n\n\n<div class=\"wp-block-columns is-layout-flex wp-container-core-columns-is-layout-28f84493 wp-block-columns-is-layout-flex\">\n<div class=\"wp-block-column is-layout-flow wp-block-column-is-layout-flow\">\n<figure class=\"wp-block-image aligncenter size-large\"><img decoding=\"async\" width=\"70\" height=\"70\" src=\"https:\/\/obera.fr\/wp-content\/uploads\/2020\/08\/polluants-poussieres.jpg\" alt=\"Meter - Produkt\" class=\"wp-image-675\"\/><figcaption class=\"wp-element-caption\">St\u00f8v<\/figcaption><\/figure>\n<\/div>\n\n\n\n<div class=\"wp-block-column is-layout-flow wp-block-column-is-layout-flow\">\n<figure class=\"wp-block-image aligncenter size-large\"><img decoding=\"async\" width=\"70\" height=\"70\" src=\"https:\/\/obera.fr\/wp-content\/uploads\/2020\/08\/polluants-copeaux-bois.jpg\" alt=\"Illustration - Vektorgrafik\" class=\"wp-image-674\"\/><figcaption class=\"wp-element-caption\">Chips<\/figcaption><\/figure>\n<\/div>\n<\/div>\n<\/div>\n\n\n\n<div class=\"wp-block-column is-layout-flow wp-block-column-is-layout-flow\">\n<h3 class=\"wp-block-heading has-text-align-center\" id=\"industries\">INDUSTRIER<\/h3>\n\n\n\n<hr class=\"wp-block-separator has-css-opacity aligncenter is-style-wide\"\/>\n\n\n\n<div style=\"height:20px\" aria-hidden=\"true\" class=\"wp-block-spacer\"><\/div>\n\n\n\n<div class=\"wp-block-columns is-layout-flex wp-container-core-columns-is-layout-28f84493 wp-block-columns-is-layout-flex\">\n<div class=\"wp-block-column is-layout-flow wp-block-column-is-layout-flow\">\n<figure class=\"wp-block-image aligncenter size-large\"><img decoding=\"async\" width=\"70\" height=\"70\" src=\"https:\/\/obera.fr\/wp-content\/uploads\/2020\/08\/industrie-metallurgie.jpg\" alt=\"Metallurgi\" class=\"wp-image-673\"\/><figcaption class=\"wp-element-caption\">Metallurgi<\/figcaption><\/figure>\n\n\n\n<figure class=\"wp-block-image aligncenter size-large\"><img decoding=\"async\" width=\"70\" height=\"70\" src=\"https:\/\/obera.fr\/wp-content\/uploads\/2020\/08\/industrie-plastique.jpg\" alt=\"Plast\" class=\"wp-image-669\"\/><figcaption class=\"wp-element-caption\">Plast<\/figcaption><\/figure>\n\n\n\n<figure class=\"wp-block-image aligncenter size-large is-resized\"><img decoding=\"async\" width=\"100\" height=\"100\" src=\"https:\/\/obera.fr\/wp-content\/uploads\/2020\/11\/29-materiaux-composites.jpg\" alt=\"Sammensatte materialer\" class=\"wp-image-1671\"\/><figcaption class=\"wp-element-caption\">Sammensatte materialer<\/figcaption><\/figure>\n<\/div>\n\n\n\n<div class=\"wp-block-column is-layout-flow wp-block-column-is-layout-flow\">\n<figure class=\"wp-block-image aligncenter size-large\"><img decoding=\"async\" width=\"70\" height=\"70\" src=\"https:\/\/obera.fr\/wp-content\/uploads\/2020\/08\/industrie-bois.jpg\" alt=\"Tr\u00e6bearbejdning\" class=\"wp-image-672\"\/><figcaption class=\"wp-element-caption\">Tr\u00e6bearbejdning<\/figcaption><\/figure>\n\n\n\n<figure class=\"wp-block-image aligncenter size-large\"><img decoding=\"async\" width=\"70\" height=\"70\" src=\"https:\/\/obera.fr\/wp-content\/uploads\/2020\/08\/industrie-minerai.jpg\" alt=\"Mineraler\" class=\"wp-image-724\"\/><figcaption class=\"wp-element-caption\">Mineraler<\/figcaption><\/figure>\n\n\n\n<p><\/p>\n<\/div>\n<\/div>\n<\/div>\n<\/div>\n\n\n\n<h2 class=\"wp-block-heading\" id=\"quelles-sont-les-caracteristiques\">Hvad er kendetegnene?<\/h2>\n\n\n\n<p>Denne serie af industrielle st\u00f8vopsamlere er designet som station\u00e6re enheder, men<strong> kan nemt flyttes.<\/strong> Med en luftgennemstr\u00f8mning p\u00e5 op til <strong>1800 m3\/t <\/strong>kan den h\u00e5ndtere en mellemstor m\u00e6ngde st\u00f8v og sp\u00e5ner. ESTMAC-serien f\u00e5s i to modeller:  <\/p>\n\n\n\n<ul class=\"wp-block-list\">\n<li><strong>ESTMAC 1500<\/strong> st\u00f8vopsamler til en luftstr\u00f8m p\u00e5 1500 m3\/t.<\/li>\n\n\n\n<li><strong>ESTMAC 1800<\/strong> st\u00f8vopsamler til en luftstr\u00f8m p\u00e5 1800 m3\/t.  <\/li>\n<\/ul>\n\n\n\n<p>Disse st\u00f8vopsamlere har et attraktivt effekt\/st\u00f8j-forhold med et <strong>lydisoleret design<\/strong> af ventilationsenheden. ESTMAC-serien f\u00e5s ogs\u00e5 i klasse H, som g\u00f8r det muligt at behandle <strong>farligt st\u00f8v <\/strong>(CMR). I dette tilf\u00e6lde er enheden udstyret med et ekstra m\u00e6tningsfiltreringstrin i <strong>klasse H14<\/strong>.  <\/p>\n\n\n\n<p>Der kan ogs\u00e5 tilf\u00f8jes en ekstra gnistudskiller (valgfrit).<\/p>\n\n\n\n<div class=\"wp-block-columns is-layout-flex wp-container-core-columns-is-layout-28f84493 wp-block-columns-is-layout-flex\">\n<div class=\"wp-block-column is-layout-flow wp-block-column-is-layout-flow\" style=\"flex-basis:33.33%\">\n<figure class=\"wp-block-image alignleft size-medium\"><img decoding=\"async\" width=\"300\" height=\"169\" src=\"https:\/\/obera.fr\/wp-content\/uploads\/2021\/02\/Decolmatage-filtre-ESTMAC-300x169.png\" alt=\"Tilstopning af Estmac-filter\" class=\"wp-image-4478\" srcset=\"https:\/\/obera.fr\/wp-content\/uploads\/2021\/02\/Decolmatage-filtre-ESTMAC-300x169.png 300w, https:\/\/obera.fr\/wp-content\/uploads\/2021\/02\/Decolmatage-filtre-ESTMAC-1024x575.png 1024w, https:\/\/obera.fr\/wp-content\/uploads\/2021\/02\/Decolmatage-filtre-ESTMAC-768x432.png 768w, https:\/\/obera.fr\/wp-content\/uploads\/2021\/02\/Decolmatage-filtre-ESTMAC-1536x863.png 1536w, https:\/\/obera.fr\/wp-content\/uploads\/2021\/02\/Decolmatage-filtre-ESTMAC.png 1920w\" sizes=\"(max-width: 300px) 100vw, 300px\" \/><figcaption class=\"wp-element-caption\">Manuel roterende oprensning<\/figcaption><\/figure>\n<\/div>\n\n\n\n<div class=\"wp-block-column is-vertically-aligned-center is-layout-flow wp-block-column-is-layout-flow\" style=\"flex-basis:66.66%\">\n<p class=\"has-text-align-left\">ESTMAC-st\u00f8vopsamlere har et <strong>manuelt roterende filterrensningssystem<\/strong>. Filteret bl\u00e6ses j\u00e6vnt gennem en roterende dyse, der er forbundet med tryklufttanken. <\/p>\n<\/div>\n<\/div>\n\n\n\n<figure class=\"wp-block-table\"><table class=\"has-fixed-layout\"><thead><tr><th>Enhed<\/th><th><\/th><th>ESTMAC 1500<\/th><th>ESTMAC 1800<\/th><\/tr><\/thead><tbody><tr><td>Flow<\/td><td>m3\/h<\/td><td>1 500<\/td><td>1 800<\/td><\/tr><tr><td>Indl\u00f8bsdiameter<\/td><td>mm<\/td><td>160<\/td><td>160<\/td><\/tr><tr><td>maks. undertryk<\/td><td>Pa<\/td><td>2 040<\/td><td>2 650<\/td><\/tr><tr><td>Forsyningssp\u00e6nding<\/td><td>V<\/td><td>400<\/td><td>400<\/td><\/tr><tr><td>Kraft<\/td><td>kW<\/td><td>1.1<\/td><td>2.2<\/td><\/tr><tr><td>Filterets overflade<\/td><td>m\u00b2<\/td><td>7.5<\/td><td>15<\/td><\/tr><tr><td>Kapacitet til opbevaring af st\u00f8v<\/td><td>l<\/td><td>40<\/td><td>40<\/td><\/tr><tr><td>Dimensioner<\/td><td>l\/L\/h (mm)<\/td><td>650 x 707 x 1490<\/td><td>650 x 707 x 1490<\/td><\/tr><tr><td>V\u00e6gt<\/td><td>kg<\/td><td>170<\/td><td>180<\/td><\/tr><tr><td>St\u00f8jniveau<\/td><td>dB(A)<\/td><td>71,3<\/td><td>73.3<\/td><\/tr><\/tbody><\/table><\/figure>\n\n\n\n<div class=\"wp-block-buttons is-horizontal is-content-justification-center is-layout-flex wp-container-core-buttons-is-layout-03627597 wp-block-buttons-is-layout-flex\">\n<div class=\"wp-block-button\"><a class=\"wp-block-button__link wp-element-button\" href=\"https:\/\/obera.fr\/wp-content\/uploads\/2025\/04\/brochure-estmac-en.pdf\">download produktdatablad<\/a><\/div>\n<\/div>\n\n\n\n<h3 class=\"wp-block-heading\" id=\"quels-sont-les-avantages\">HVAD ER FORDELENE?<\/h3>\n\n\n\n<p>ESTMACs faste st\u00f8vopsamlere er ekstremt nemme at bruge og vedligeholde. Og p\u00e5 trods af deres status som &#8220;fast st\u00f8vopsamler&#8221; kan de stadig flyttes uden de store anstrengelser.   <\/p>\n\n\n\n<p>Dens st\u00e5lpladekonstruktion g\u00f8r den til en robust st\u00f8vopsamler og sikrer en lang levetid. Det lydisolerede design af ventilatorenhederne garanterer en lav driftsst\u00f8j p\u00e5 71 til 74 dB. <\/p>\n\n\n\n<p>Det manuelle roterende filterrensningssystem forl\u00e6nger filterpatronernes levetid og reducerer omkostningerne til vedligeholdelse og forbrugsstoffer.  <\/p>\n\n\n\n<blockquote class=\"wp-block-quote is-layout-flow wp-block-quote-is-layout-flow\">\n<p>Den aftagelige st\u00f8vopsamlingsbakke g\u00f8r det nemt og sikkert at komme af med st\u00f8vet.<\/p>\n<\/blockquote>\n\n\n\n<p>Faste st\u00f8vopsamlere kan udstyres med et absolut HEPA-filter i klasse H, som hj\u00e6lper med at forbedre luftkvaliteten og overholde gr\u00e6nsev\u00e6rdierne for erhvervsm\u00e6ssig eksponering (OEL<a href=\"https:\/\/obera.fr\/conseils\/reglementation-vlep-evaluation-risque-chimique-lieu-de-travail\/\" data-type=\"post\" data-id=\"6575\">)<\/a>.<\/p>\n\n\n\n<div class=\"wp-block-columns is-layout-flex wp-container-core-columns-is-layout-28f84493 wp-block-columns-is-layout-flex\">\n<div class=\"wp-block-column is-layout-flow wp-block-column-is-layout-flow\">\n<h4 class=\"wp-block-heading has-text-align-center\" id=\"avantages\"><strong>Fordele<\/strong><\/h4>\n\n\n\n<ul class=\"wp-block-list\">\n<li>Velegnet til brug p\u00e5 en r\u00e6kke forskellige skiftende steder<\/li>\n\n\n\n<li>Nem og sikker fjernelse af st\u00f8v<\/li>\n\n\n\n<li>Lave drifts- og overv\u00e5gningsomkostninger<\/li>\n\n\n\n<li>Robust st\u00e5lpladekonstruktion for lang levetid<\/li>\n\n\n\n<li>Lav driftsst\u00f8j<\/li>\n\n\n\n<li>Brug af filterpatroner, der er testet til st\u00f8vklasse &#8220;M&#8221;.<\/li>\n\n\n\n<li>Let at bruge og vedligeholde<\/li>\n<\/ul>\n<\/div>\n\n\n\n<div class=\"wp-block-column is-layout-flow wp-block-column-is-layout-flow\">\n<h4 class=\"wp-block-heading has-text-align-center\" id=\"particularites\"><strong>S\u00e6rlige funktioner<\/strong><\/h4>\n\n\n\n<ul class=\"wp-block-list\">\n<li>Integreret slagseparator til groft st\u00f8v<\/li>\n\n\n\n<li>S\u00e6rlige modeller<\/li>\n\n\n\n<li>Reng\u00f8ring af filtre med en manuel roterende dyse<\/li>\n\n\n\n<li>Lydisoleret ventilatorhus<\/li>\n\n\n\n<li>H\u00f8jtydende centrifugalventilator p\u00e5 renluftsiden<\/li>\n\n\n\n<li>Aftagelig, mobil st\u00f8vopsamlerskuffe med en kapacitet p\u00e5 ca. 40 l<\/li>\n<\/ul>\n<\/div>\n\n\n\n<div class=\"wp-block-column is-layout-flow wp-block-column-is-layout-flow\">\n<h4 class=\"wp-block-heading has-text-align-center\" id=\"caracteristiques\"><strong>Funktioner<\/strong><\/h4>\n\n\n\n<ul class=\"wp-block-list\">\n<li>Ideel til individuelle arbejdsstationer og\/eller produktionsmaskiner<\/li>\n\n\n\n<li>Opsamler st\u00f8v og sp\u00e5ner fra tr\u00e6, plast, metal og kompositmaterialer<\/li>\n\n\n\n<li>Klasse H-filtrering (ekstraudstyr) til h\u00e5ndtering af farligt st\u00f8v (CMR)<\/li>\n\n\n\n<li>Mulighed for at montere en sugearm<\/li>\n<\/ul>\n<\/div>\n<\/div>\n\n\n\n<h3 class=\"wp-block-heading\" id=\"en-option\">valgfri<\/h3>\n\n\n\n<div class=\"wp-block-columns is-layout-flex wp-container-core-columns-is-layout-28f84493 wp-block-columns-is-layout-flex\">\n<div class=\"wp-block-column is-layout-flow wp-block-column-is-layout-flow\">\n<figure class=\"wp-block-image aligncenter size-large\"><img decoding=\"async\" width=\"100\" height=\"100\" src=\"https:\/\/obera.fr\/wp-content\/uploads\/2020\/08\/certificat-poussieres-classe-H.jpg\" alt=\"St\u00f8vopsamler - hoover\" class=\"wp-image-666\"\/><figcaption class=\"wp-element-caption\">Klasse H-st\u00f8vcertifikat i henhold til EN 60-335-2-69<\/figcaption><\/figure>\n<\/div>\n\n\n\n<div class=\"wp-block-column is-layout-flow wp-block-column-is-layout-flow\">\n<figure class=\"wp-block-image aligncenter size-large\"><img decoding=\"async\" width=\"100\" height=\"100\" src=\"https:\/\/obera.fr\/wp-content\/uploads\/2020\/08\/pre-separateur.jpg\" alt=\"St\u00f8vopsamler - st\u00f8v\" class=\"wp-image-683\"\/><figcaption class=\"wp-element-caption\">Ekstra forudskiller til gnister og sp\u00e5ner<\/figcaption><\/figure>\n<\/div>\n\n\n\n<div class=\"wp-block-column is-layout-flow wp-block-column-is-layout-flow\">\n<figure class=\"wp-block-image aligncenter size-large\"><img decoding=\"async\" width=\"100\" height=\"100\" src=\"https:\/\/obera.fr\/wp-content\/uploads\/2020\/09\/Charbon-actif-100x100-1.jpg\" alt=\"Kul - Kulmine\" class=\"wp-image-963\"\/><figcaption class=\"wp-element-caption\">Aktivt kulfilter<\/figcaption><\/figure>\n<\/div>\n<\/div>\n\n\n\n<h3 class=\"wp-block-heading\" id=\"accessoires\">tilbeh\u00f8r<\/h3>\n\n\n\n<div class=\"wp-block-columns is-layout-flex wp-container-core-columns-is-layout-28f84493 wp-block-columns-is-layout-flex\">\n<div class=\"wp-block-column is-layout-flow wp-block-column-is-layout-flow\">\n<figure class=\"wp-block-image aligncenter size-full\"><img decoding=\"async\" width=\"100\" height=\"100\" src=\"https:\/\/obera.fr\/wp-content\/uploads\/2020\/08\/accessoires-adaptateur-de-gaines.jpg\" alt=\"R\u00f8r - R\u00f8r\" class=\"wp-image-664\"\/><figcaption class=\"wp-element-caption\">Kanaladapter<\/figcaption><\/figure>\n<\/div>\n\n\n\n<div class=\"wp-block-column is-layout-flow wp-block-column-is-layout-flow\">\n<figure class=\"wp-block-image aligncenter size-full\"><img decoding=\"async\" width=\"100\" height=\"100\" src=\"https:\/\/obera.fr\/wp-content\/uploads\/2020\/08\/accessoires-gaines.jpg\" alt=\"St\u00f8vopsamler - Filtrering\" class=\"wp-image-665\"\/><figcaption class=\"wp-element-caption\">Kanalf\u00f8ring<\/figcaption><\/figure>\n<\/div>\n\n\n\n<div class=\"wp-block-column is-layout-flow wp-block-column-is-layout-flow\">\n<figure class=\"wp-block-image aligncenter size-full\"><img decoding=\"async\" width=\"100\" height=\"100\" src=\"https:\/\/obera.fr\/wp-content\/uploads\/2020\/08\/accessoires-bras.jpg\" alt=\"St\u00f8vopsamler - Svejsning\" class=\"wp-image-662\"\/><figcaption class=\"wp-element-caption\">Arm<\/figcaption><\/figure>\n<\/div>\n\n\n\n<div class=\"wp-block-column is-layout-flow wp-block-column-is-layout-flow\">\n<figure class=\"wp-block-image aligncenter size-full\"><img decoding=\"async\" width=\"100\" height=\"100\" src=\"https:\/\/obera.fr\/wp-content\/uploads\/2020\/08\/accessoires-hotte.jpg\" alt=\"St\u00f8vopsamler - Filter\" class=\"wp-image-663\"\/><figcaption class=\"wp-element-caption\">H\u00e6tte<\/figcaption><\/figure>\n<\/div>\n<\/div>\n\n\n\n<div class=\"wp-block-buttons is-horizontal is-content-justification-center is-layout-flex wp-container-core-buttons-is-layout-03627597 wp-block-buttons-is-layout-flex\">\n<div class=\"wp-block-button has-custom-width wp-block-button__width-100\"><a class=\"wp-block-button__link wp-element-button\" href=\"https:\/\/obera.fr\/da\/kontakt-os\/\">F\u00e5 flere oplysninger<\/a><\/div>\n<\/div>\n\n\n\n<h2 class=\"wp-block-heading\" id=\"les-autres-depoussiereurs-fixes-de-la-marque-obera\">Andre station\u00e6re st\u00f8vopsamlere af m\u00e6rket oberA<\/h2>\n\n\n\n<div class=\"wp-block-columns is-layout-flex wp-container-core-columns-is-layout-28f84493 wp-block-columns-is-layout-flex\">\n<div class=\"wp-block-column is-layout-flow wp-block-column-is-layout-flow\">\n<figure class=\"wp-block-image aligncenter size-full is-resized\"><a href=\"https:\/\/obera.fr\/produits\/depoussiereurs-industriels\/fixes\/depoussiereur-a-voie-humide-dustomat-hydro\/\"><img decoding=\"async\" width=\"500\" height=\"500\" src=\"https:\/\/obera.fr\/wp-content\/uploads\/2023\/02\/dustomat-hydro.png\" alt=\"dustomat hydro\" class=\"wp-image-19014\" srcset=\"https:\/\/obera.fr\/wp-content\/uploads\/2023\/02\/dustomat-hydro.png 500w, https:\/\/obera.fr\/wp-content\/uploads\/2023\/02\/dustomat-hydro-300x300.png 300w, https:\/\/obera.fr\/wp-content\/uploads\/2023\/02\/dustomat-hydro-150x150.png 150w\" sizes=\"(max-width: 500px) 100vw, 500px\" \/><\/a><figcaption class=\"wp-element-caption\">Dustomat Hydro<\/figcaption><\/figure>\n<\/div>\n\n\n\n<div class=\"wp-block-column is-layout-flow wp-block-column-is-layout-flow\">\n<figure class=\"wp-block-image aligncenter size-large is-resized\"><a href=\"https:\/\/obera.fr\/produits\/depoussiereurs-industriels\/fixes\/aspiration-centralisee-industrielle-dustmac\/\"><img decoding=\"async\" width=\"600\" height=\"600\" src=\"https:\/\/obera.fr\/wp-content\/uploads\/2020\/08\/depoussiereur-centralise-filtres-a-manches-DUSTMAC-S.png\" alt=\"System - Produktdesign\" class=\"wp-image-637\" srcset=\"https:\/\/obera.fr\/wp-content\/uploads\/2020\/08\/depoussiereur-centralise-filtres-a-manches-DUSTMAC-S.png 600w, https:\/\/obera.fr\/wp-content\/uploads\/2020\/08\/depoussiereur-centralise-filtres-a-manches-DUSTMAC-S-300x300.png 300w, https:\/\/obera.fr\/wp-content\/uploads\/2020\/08\/depoussiereur-centralise-filtres-a-manches-DUSTMAC-S-150x150.png 150w\" sizes=\"(max-width: 600px) 100vw, 600px\" \/><\/a><figcaption class=\"wp-element-caption\">DUSTMAC<\/figcaption><\/figure>\n<\/div>\n\n\n\n<div class=\"wp-block-column is-layout-flow wp-block-column-is-layout-flow\"><\/div>\n<\/div>\n","protected":false},"excerpt":{"rendered":"<p>ESTMAC er en serie af faste, kompakte st\u00f8vopsamlere, der tilbyder en billig l\u00f8sning til opsugning af sm\u00e5 og mellemstore m\u00e6ngder st\u00f8v og sp\u00e5ner. Hvad er ESTMAC-st\u00f8vopsamleren? St\u00f8vopsamlere opsuger t\u00f8rt og afstr\u00f8mmet st\u00f8v og har en lang r\u00e6kke anvendelsesmuligheder inden for mange sektorer. Takket v\u00e6re deres kompakte dimensioner kan ESTMAC t\u00f8rre st\u00f8vopsamlere installeres fleksibelt p\u00e5 skiftende steder. De er udstyret med reng\u00f8ringsvenlige filterpatroner i st\u00f8vklasse &#8220;M&#8221;, hvilket svarer til en partikeludskillelseseffektivitet p\u00e5 99,9 %. Den integrerede forudskiller forl\u00e6nger filterpatronernes levetid ved at udskille grove partikler p\u00e5 forh\u00e5nd. Det reducerer eksponeringen af filtrene, som kun skal filtrere det fineste st\u00f8v. Den bev\u00e6gelige &#8230; <\/p>\n<p class=\"read-more-container\"><a title=\"ESTMAC t\u00f8r st\u00f8vopsamler\" class=\"read-more button\" href=\"https:\/\/obera.fr\/da\/produits\/depoussiereurs-industriels\/fixes\/depoussiereur-a-sec-estmac\/#more-51520\" aria-label=\"Read more about ESTMAC t\u00f8r st\u00f8vopsamler\">Lire la suite<\/a><\/p>\n","protected":false},"author":4,"featured_media":50558,"parent":52134,"menu_order":0,"comment_status":"closed","ping_status":"closed","template":"","meta":{"_acf_changed":false,"_seopress_robots_primary_cat":"","_seopress_titles_title":"Oplev den faste t\u00f8rre st\u00f8vopsamler ESTMAC fra OberA","_seopress_titles_desc":"ESTMAC er en serie af faste, kompakte st\u00f8vopsamlere, der er i stand til effektivt at opsuge t\u00f8rre og dryppende sp\u00e5ner og st\u00f8v.","_seopress_robots_index":"","footnotes":""},"class_list":{"0":"post-51520","1":"page","2":"type-page","3":"status-publish","4":"has-post-thumbnail","6":"no-featured-image-padding","7":"resize-featured-image"},"acf":[],"_links":{"self":[{"href":"https:\/\/obera.fr\/da\/wp-json\/wp\/v2\/pages\/51520","targetHints":{"allow":["GET"]}}],"collection":[{"href":"https:\/\/obera.fr\/da\/wp-json\/wp\/v2\/pages"}],"about":[{"href":"https:\/\/obera.fr\/da\/wp-json\/wp\/v2\/types\/page"}],"author":[{"embeddable":true,"href":"https:\/\/obera.fr\/da\/wp-json\/wp\/v2\/users\/4"}],"replies":[{"embeddable":true,"href":"https:\/\/obera.fr\/da\/wp-json\/wp\/v2\/comments?post=51520"}],"version-history":[{"count":9,"href":"https:\/\/obera.fr\/da\/wp-json\/wp\/v2\/pages\/51520\/revisions"}],"predecessor-version":[{"id":92172,"href":"https:\/\/obera.fr\/da\/wp-json\/wp\/v2\/pages\/51520\/revisions\/92172"}],"up":[{"embeddable":true,"href":"https:\/\/obera.fr\/da\/wp-json\/wp\/v2\/pages\/52134"}],"wp:featuredmedia":[{"embeddable":true,"href":"https:\/\/obera.fr\/da\/wp-json\/wp\/v2\/media\/50558"}],"wp:attachment":[{"href":"https:\/\/obera.fr\/da\/wp-json\/wp\/v2\/media?parent=51520"}],"curies":[{"name":"wp","href":"https:\/\/api.w.org\/{rel}","templated":true}]}}